{"id":332,"date":"2025-03-22T13:43:13","date_gmt":"2025-03-22T13:43:13","guid":{"rendered":"https:\/\/teflonx.com\/?post_type=product&#038;p=332"},"modified":"2026-01-01T13:09:28","modified_gmt":"2026-01-01T13:09:28","slug":"ptfe-wellschlauch-2","status":"publish","type":"product","link":"https:\/\/teflonx.com\/de\/product\/ptfe-wellschlauch-2\/","title":{"rendered":"PTFE-Wellschlauch | Chemikalien- und korrosionsbest\u00e4ndiger Schlauch"},"content":{"rendered":"<h1>PTFE-Wellschlauch | Chemikalien- und korrosionsbest\u00e4ndiger Schlauch<\/h1>\n<p>Willkommen bei <strong>Teflon X<\/strong>, Ihr vertrauensw\u00fcrdiger Partner f\u00fcr fortschrittliche Fluorpolymer-L\u00f6sungen zur Medienhandhabung. Wir sind stolz darauf, unser leistungsstarkes <strong>PTFE-Wellschlauch | Chemikalien- und korrosionsbest\u00e4ndiger Schlauch<\/strong>vorzustellen. Entwickelt f\u00fcr die anspruchsvollsten Industrieumgebungen, stellt dieses Produkt die Spitze der Materialtechnik dar und kombiniert die un\u00fcbertroffene chemische Inertheit von PTFE mit einem flexiblen strukturellen Design. Ganz gleich, ob Sie fl\u00fcchtige L\u00f6sungsmittel transportieren oder kryogene Fl\u00fcssigkeiten handhaben, unser <strong>PTFE-Rohr<\/strong> bietet die Zuverl\u00e4ssigkeit, die Ihr Betrieb erfordert.<\/p>\n<h2>Produkt\u00fcbersicht<\/h2>\n<p>In Branchen wie der chemischen Verarbeitung und der Halbleiterfertigung ist ein Ger\u00e4teausfall keine Option. Unser <strong>PTFE-Wellschlauch<\/strong> zeichnet sich durch hervorragende Korrosionsbest\u00e4ndigkeit aus und wurde speziell f\u00fcr die Handhabung aggressiver S\u00e4uren, Laugen und L\u00f6sungsmittel entwickelt, die herk\u00f6mmliche Gummi- oder Metallschl\u00e4uche angreifen w\u00fcrden. Das einzigartige gewellte (konvolutierte) Profil dieses <strong>Teflonrohr<\/strong> verleiht au\u00dfergew\u00f6hnliche Flexibilit\u00e4t, sodass er sich um enge Anlagenwinkel biegen l\u00e4sst, ohne zu knicken oder den Str\u00f6mungsweg zu verengen.<\/p>\n<p>Dar\u00fcber hinaus ist diese Schlauchleitung nicht auf Temperaturextreme beschr\u00e4nkt. Mit \u00fcberlegener Tieftemperaturflexibilit\u00e4t und Hochdrucktoleranz wird sie h\u00e4ufig in Laborger\u00e4ten, der pharmazeutischen Industrie und der Halbleiterfertigung eingesetzt. Sie ist die erste Wahl f\u00fcr Fachleute, die eine robuste <strong>Hochdruck-Teflonschlauch<\/strong> suchen, die keine Kompromisse bei Sicherheit oder Leistung eingeht.<\/p>\n<h2>Hauptmerkmale und technische Vorteile<\/h2>\n<p>Unser <strong>PTFE-Schlauchleitung<\/strong> wird unter Verwendung von 100% reinem Polytetrafluorethylen-Harz hergestellt, was sicherstellt, dass die Materialeigenschaften \u00fcber die gesamte L\u00e4nge des Schlauchs konsistent bleiben. Zu den wichtigsten Vorteilen geh\u00f6ren:<\/p>\n<ul>\n<li><strong>Unerreichte chemische Best\u00e4ndigkeit:<\/strong> Das <strong>Teflonrohr<\/strong> ist praktisch inert gegen\u00fcber allen Industriechemikalien, einschlie\u00dflich starker Oxidationsmittel, Salpeters\u00e4ure und Natronlauge. Dies verhindert Auswaschungen und gew\u00e4hrleistet die Reinheit der gef\u00f6rderten Medien.<\/li>\n<li><strong>Extremer Temperaturbereich:<\/strong> Der Schlauch beh\u00e4lt seine mechanische Integrit\u00e4t von kryogenen Temperaturen (-200 \u00b0C) bis hin zu gro\u00dfer Hitze (+260 \u00b0C) bei. Im Gegensatz zu anderen Kunststoffen, die in der K\u00e4lte spr\u00f6de werden, beh\u00e4lt unser <strong>PTFE-Rohr<\/strong> seine Flexibilit\u00e4t bei.<\/li>\n<li><strong>Hohe Drucktoleranz:<\/strong> Verst\u00e4rkte Konstruktionsoptionen erm\u00f6glichen es diesem Produkt, effektiv als <strong>Hochdruck-Teflonschlauch<\/strong>zu fungieren, hydraulische St\u00f6\u00dfe zu absorbieren und die Stabilit\u00e4t unter Belastung aufrechtzuerhalten.<\/li>\n<li><strong>Antihaft-Oberfl\u00e4che:<\/strong> Der niedrige Reibungskoeffizient verhindert Verstopfungen und Bakterienwachstum, wodurch das Produkt selbstreinigend und ideal f\u00fcr hochreine Anwendungen ist.<\/li>\n<li><strong>Vibrationsabsorption:<\/strong> Die gewellte Geometrie fungiert als D\u00e4mpfer und sch\u00fctzt empfindliche Ger\u00e4te vor Pumpenvibrationen und thermischer Ausdehnung.<\/li>\n<\/ul>\n<h2>Technische Spezifikationen<\/h2>\n<p>Bei <strong>Teflon X<\/strong>, stellen wir sicher, dass jeder Meter Schlauchleitung strengen Qualit\u00e4tsstandards entspricht. Nachfolgend finden Sie die technischen Parameter f\u00fcr unsere chemikalien- und korrosionsbest\u00e4ndigen <strong>PTFE-Schlauchleitung<\/strong>.<\/p>\n<table style=\"width: 100%; border-collapse: collapse; border: 1px solid #ddd; margin-bottom: 20px;\" border=\"1\" cellspacing=\"0\" cellpadding=\"10\">\n<thead style=\"background-color: #f8f9fa;\">\n<tr>\n<th style=\"text-align: left;\">Parameter<\/th>\n<th style=\"text-align: left;\">Details zur Spezifikation<\/th>\n<\/tr>\n<\/thead>\n<tbody>\n<tr>\n<td><strong>Produktname<\/strong><\/td>\n<td>PTFE-Wellschlauch (chemikalien- und korrosionsbest\u00e4ndig)<\/td>\n<\/tr>\n<tr>\n<td><strong>Material<\/strong><\/td>\n<td>Erstklassiges reines PTFE<\/td>\n<\/tr>\n<tr>\n<td><strong>Korrosionsbest\u00e4ndigkeit<\/strong><\/td>\n<td>Hervorragend gegen S\u00e4uren, Laugen, L\u00f6sungsmittel und Kohlenwasserstoffe<\/td>\n<\/tr>\n<tr>\n<td><strong>Temperaturbereich<\/strong><\/td>\n<td>-200 \u00b0C bis +260 \u00b0C (-328 \u00b0F bis +500 \u00b0F)<\/td>\n<\/tr>\n<tr>\n<td><strong>Flexibilit\u00e4t<\/strong><\/td>\n<td>Hoch (geringer Biegeradius durch spiralf\u00f6rmige Wellung)<\/td>\n<\/tr>\n<tr>\n<td><strong>Druckbewertung<\/strong><\/td>\n<td>Hohe Drucktoleranz (Berstdruck abh\u00e4ngig von Durchmesser und Geflecht)<\/td>\n<\/tr>\n<tr>\n<td><strong>FDA-Konformit\u00e4t<\/strong><\/td>\n<td>Geeignet f\u00fcr den Kontakt mit Lebensmitteln und Pharmazeutika<\/td>\n<\/tr>\n<\/tbody>\n<\/table>\n<h2>Anwendungen in kritischen Industrien<\/h2>\n<p>Die Vielseitigkeit unserer <strong>PTFE-Rohr<\/strong> macht es zu einer Kernkomponente in verschiedenen Hightech-Sektoren. Durch die Integration unserer <strong>Hochdruck-Teflonschlauch<\/strong> in Ihre Systeme gew\u00e4hrleisten Sie Betriebskontinuit\u00e4t und Sicherheit.<\/p>\n<h3>1. Pharmazeutische Herstellung<\/h3>\n<p>Bei der Herstellung lebensrettender Medikamente ist Reinheit von gr\u00f6\u00dfter Bedeutung. Unser <strong>Teflonrohr<\/strong> wird f\u00fcr den Transfer von sterilen Fl\u00fcssigkeiten und pharmazeutischen Wirkstoffen (APIs) verwendet. Die Antihaft-Oberfl\u00e4che sorgt daf\u00fcr, dass keine R\u00fcckst\u00e4nde zur\u00fcckbleiben, was die Reinigungsvalidierungsprozesse (CIP\/SIP) vereinfacht und Kreuzkontaminationen verhindert.<\/p>\n<h3>2. Halbleiter &amp; Mikroelektronik<\/h3>\n<p>Die Halbleiterindustrie verwendet hochkorrosive \u00c4tzmittel und L\u00f6sungsmittel. Unser <strong>PTFE-Schlauchleitung<\/strong> h\u00e4lt diesen rauen Umgebungen stand, ohne zu degradieren oder Ionen freizusetzen, die Mikrochips zerst\u00f6ren k\u00f6nnten. Es ist der Goldstandard f\u00fcr hochreine Chemikalienverteilungssysteme.<\/p>\n<h3>3. Labor- und Forschungsausr\u00fcstung<\/h3>\n<p>Labore ben\u00f6tigen vielseitige Schl\u00e4uche, die mit einer st\u00e4ndig wechselnden Palette von Chemikalien umgehen k\u00f6nnen. Von der Chromatographie bis hin zu kryogenen K\u00fchlsystemen mit fl\u00fcssigem Stickstoff bieten unsere Schl\u00e4uche die f\u00fcr empfindliche Analyseinstrumente erforderliche Tieftemperaturflexibilit\u00e4t.<\/p>\n<h3>4. Chemische Verarbeitungsanlagen<\/h3>\n<p>Beim Massentransport von Gefahrstoffen steht die Sicherheit an erster Stelle. Unsere Verschlauchung dient als zuverl\u00e4ssiges <strong>Hochdruck-Teflonschlauch<\/strong>, das eine sichere Leitung f\u00fcr aggressive Fl\u00fcssigkeiten bietet, die minderwertige Materialien schnell aufl\u00f6sen w\u00fcrden.<\/p>\n<h2>Warum Teflon X w\u00e4hlen?<\/h2>\n<p><strong>Teflon X<\/strong> widmet sich der exzellenten Fertigung. Wir verkaufen nicht nur Schl\u00e4uche, wir bieten L\u00f6sungen. Wenn Sie nach einem \u201e<strong>Teflonrohr<\/strong>\u201c oder \u201e<strong>PTFE-Schlauchleitung<\/strong>\u201c suchen, ben\u00f6tigen Sie einen Lieferanten, der die Nuancen der Polymerwissenschaft versteht.<\/p>\n<p>Unser Herstellungsverfahren stellt sicher, dass die Wellungen gleichm\u00e4\u00dfig sind, was f\u00fcr eine konsistente Flexibilit\u00e4t und Druckbest\u00e4ndigkeit \u00fcber die gesamte Baugruppe sorgt. Wir bieten ma\u00dfgeschneiderte L\u00e4ngen, verschiedene Durchmesser und k\u00f6nnen Ihren Schlauch mit spezifischen Anschl\u00fcssen ausstatten, die zu Ihrer bestehenden Infrastruktur passen. Durch die Wahl unseres <strong>Hochdruck-Teflonschlauch<\/strong>investieren Sie in Langlebigkeit und reduzierte Wartungskosten.<\/p>\n<h2>Kontaktieren Sie uns f\u00fcr ma\u00dfgeschneiderte L\u00f6sungen<\/h2>\n<p>Sind Sie bereit, die Sicherheit und Effizienz Ihrer Anlage mit dem besten <strong>PTFE-Wellschlauch<\/strong> auf dem Markt zu verbessern? Unser Team von Ingenieuren steht bereit, um Sie bei der Auswahl und Anpassung zu unterst\u00fctzen.<\/p>\n<p>F\u00fcr weitere Informationen, Preise oder technische Datenbl\u00e4tter zu unseren <strong>PTFE-Rohr<\/strong> Produkte wenden Sie sich bitte an uns:<\/p>\n<ul>\n<li><strong>Besuchen Sie unsere offizielle Website:<\/strong> <a href=\"https:\/\/teflonx.com\/de\/\" target=\"_blank\" rel=\"noopener\">https:\/\/teflonx.com\/<\/a><\/li>\n<li><strong>Angebot anfordern:<\/strong> <a href=\"https:\/\/teflonx.com\/de\/kontaktieren-sie-uns\/\" target=\"_blank\" rel=\"noopener\">Kontaktseite<\/a><\/li>\n<li><strong>E-Mail-Vertriebsunterst\u00fctzung:<\/strong> <a href=\"mailto:allison.ye@teflonx.com\">allison.ye@teflonx.com<\/a><\/li>\n<\/ul>\n<p>Vertrauen Sie <strong>Teflon X<\/strong> f\u00fcr \u00fcberlegene Qualit\u00e4t und Leistung in jeder Verbindung.<\/p>","protected":false},"excerpt":{"rendered":"<p>Unser <strong>PTFE-Wellschlauch<\/strong> zeichnet sich durch <strong>Korrosionsbest\u00e4ndigkeit<\/strong>, Umgang mit aggressiven S\u00e4uren, Laugen und L\u00f6sungsmitteln. Mit <strong>K\u00e4lteflexibilit\u00e4t<\/strong> Und <strong>Hochdrucktoleranz<\/strong>, es wird h\u00e4ufig in Laborger\u00e4ten, der Pharmaindustrie und der Halbleiterherstellung verwendet.<\/p>","protected":false},"featured_media":324,"comment_status":"open","ping_status":"closed","template":"","meta":{"site-sidebar-layout":"default","site-content-layout":"","ast-site-content-layout":"default","site-content-style":"default","site-sidebar-style":"default","ast-global-header-display":"","ast-banner-title-visibility":"","ast-main-header-display":"","ast-hfb-above-header-display":"","ast-hfb-below-header-display":"","ast-hfb-mobile-header-display":"","site-post-title":"","ast-breadcrumbs-content":"","ast-featured-img":"","footer-sml-layout":"","ast-disable-related-posts":"","theme-transparent-header-meta":"default","adv-header-id-meta":"","stick-header-meta":"","header-above-stick-meta":"","header-main-stick-meta":"","header-below-stick-meta":"","astra-migrate-meta-layouts":"set","ast-page-background-enabled":"default","ast-page-background-meta":{"desktop":{"background-color":"var(--ast-global-color-5)","background-image":"","background-repeat":"repeat","background-position":"center center","background-size":"auto","background-attachment":"scroll","background-type":"","background-media":"","overlay-type":"","overlay-color":"","overlay-opacity":"","overlay-gradient":""},"tablet":{"background-color":"","background-image":"","background-repeat":"repeat","background-position":"center center","background-size":"auto","background-attachment":"scroll","background-type":"","background-media":"","overlay-type":"","overlay-color":"","overlay-opacity":"","overlay-gradient":""},"mobile":{"background-color":"","background-image":"","background-repeat":"repeat","background-position":"center center","background-size":"auto","background-attachment":"scroll","background-type":"","background-media":"","overlay-type":"","overlay-color":"","overlay-opacity":"","overlay-gradient":""}},"ast-content-background-meta":{"desktop":{"background-color":"var(--ast-global-color-4)","background-image":"","background-repeat":"repeat","background-position":"center center","background-size":"auto","background-attachment":"scroll","background-type":"","background-media":"","overlay-type":"","overlay-color":"","overlay-opacity":"","overlay-gradient":""},"tablet":{"background-color":"var(--ast-global-color-4)","background-image":"","background-repeat":"repeat","background-position":"center center","background-size":"auto","background-attachment":"scroll","background-type":"","background-media":"","overlay-type":"","overlay-color":"","overlay-opacity":"","overlay-gradient":""},"mobile":{"background-color":"var(--ast-global-color-4)","background-image":"","background-repeat":"repeat","background-position":"center center","background-size":"auto","background-attachment":"scroll","background-type":"","background-media":"","overlay-type":"","overlay-color":"","overlay-opacity":"","overlay-gradient":""}}},"product_brand":[290],"product_cat":[42],"product_tag":[63,62,60,61],"class_list":{"0":"post-332","1":"product","2":"type-product","3":"status-publish","4":"has-post-thumbnail","6":"product_brand-teflon-x","7":"product_cat-ptfe-corrugated-hoses","8":"product_tag-high-pressure-teflon-hose","9":"product_tag-ptfe-hose-pipe","10":"product_tag-ptfe-pipe","11":"product_tag-teflon-pipe","12":"desktop-align-left","13":"tablet-align-left","14":"mobile-align-left","16":"first","17":"instock","18":"shipping-taxable","19":"product-type-simple"},"_links":{"self":[{"href":"https:\/\/teflonx.com\/de\/wp-json\/wp\/v2\/product\/332","targetHints":{"allow":["GET"]}}],"collection":[{"href":"https:\/\/teflonx.com\/de\/wp-json\/wp\/v2\/product"}],"about":[{"href":"https:\/\/teflonx.com\/de\/wp-json\/wp\/v2\/types\/product"}],"replies":[{"embeddable":true,"href":"https:\/\/teflonx.com\/de\/wp-json\/wp\/v2\/comments?post=332"}],"wp:featuredmedia":[{"embeddable":true,"href":"https:\/\/teflonx.com\/de\/wp-json\/wp\/v2\/media\/324"}],"wp:attachment":[{"href":"https:\/\/teflonx.com\/de\/wp-json\/wp\/v2\/media?parent=332"}],"wp:term":[{"taxonomy":"product_brand","embeddable":true,"href":"https:\/\/teflonx.com\/de\/wp-json\/wp\/v2\/product_brand?post=332"},{"taxonomy":"product_cat","embeddable":true,"href":"https:\/\/teflonx.com\/de\/wp-json\/wp\/v2\/product_cat?post=332"},{"taxonomy":"product_tag","embeddable":true,"href":"https:\/\/teflonx.com\/de\/wp-json\/wp\/v2\/product_tag?post=332"}],"curies":[{"name":"wp","href":"https:\/\/api.w.org\/{rel}","templated":true}]}}