{"id":371,"date":"2025-03-25T15:16:16","date_gmt":"2025-03-25T15:16:16","guid":{"rendered":"https:\/\/teflonx.com\/?post_type=product&#038;p=371"},"modified":"2025-12-04T13:18:29","modified_gmt":"2025-12-04T13:18:29","slug":"pfa-schrumpfschlauch","status":"publish","type":"product","link":"https:\/\/teflonx.com\/de\/product\/pfa-schrumpfschlauch\/","title":{"rendered":"Ultratransparenter PFA-Schrumpfschlauch \u2013 chemikalien- und hitzebest\u00e4ndig"},"content":{"rendered":"<h2 id=\"product-overview\">Produkt\u00fcbersicht<\/h2>\n<p>Un\u00fcbertroffener Schutz mit Teflon X's <strong>PFA-Schrumpfschlauch<\/strong>mit einer ultratransparenten PFA-Konstruktion f\u00fcr au\u00dfergew\u00f6hnliche Chemikalien- und Hitzebest\u00e4ndigkeit in den kritischsten Anwendungen. Unser <strong>PFA-Schrumpfschlauch<\/strong> bietet eine un\u00fcbertroffene Durchschlagfestigkeit zum Schutz empfindlicher Elektronik in Laboratorien und Kraftwerken, w\u00e4hrend seine inh\u00e4rente Flexibilit\u00e4t unregelm\u00e4\u00dfige Formen ausgleicht und eine nahtlose Passform erm\u00f6glicht. Die antihaftbeschichtete Oberfl\u00e4che dieses <strong>PFA-Schrumpfschlauch<\/strong> widersteht industriellen Verunreinigungen und gew\u00e4hrleistet Langlebigkeit und Wartungsfreundlichkeit in anspruchsvollen Umgebungen. Mit einem robusten Temperaturbereich von -200\u00b0C bis 260\u00b0C sind die Teflon X <strong>PFA-Schrumpfschlauch<\/strong> wird in der Luft- und Raumfahrt sowie in der Halbleiterfertigung eingesetzt, wo hohe Klarheit und Zuverl\u00e4ssigkeit nicht verhandelbar sind.<\/p>\n<p>Teflon X ist f\u00fchrend bei Fluorpolymerl\u00f6sungen und bietet <strong>PFA-Schrumpfschlauch<\/strong> die Transparenz, Langlebigkeit und Leistung miteinander verbindet. Erkunden Sie unser Angebot unter <a href=\"https:\/\/teflonx.com\/de\/\" target=\"_blank\" rel=\"noopener\">https:\/\/teflonx.com\/<\/a>, oder kontaktieren Sie uns \u00fcber die <a href=\"https:\/\/teflonx.com\/de\/kontaktieren-sie-uns\/\" target=\"_blank\" rel=\"noopener\">Kontaktseite<\/a> oder E-Mail <a href=\"mailto:Allison.Ye@teflonx.com\" target=\"_blank\" rel=\"noopener\"><strong>Allison.Ye@teflonx.com<\/strong><\/a> f\u00fcr fachkundige Unterst\u00fctzung bei <strong>PFA-Schrumpfschlauch<\/strong> Integration.<\/p>\n<h2 id=\"key-features\">Hauptmerkmale<\/h2>\n<ul>\n<li><strong>Ultra-transparente Klarheit<\/strong>: Hervorragende optische Transparenz in <strong>PFA-Schrumpfschlauch<\/strong> erm\u00f6glicht eine pr\u00e4zise visuelle Inspektion der eingeschlossenen Komponenten ohne Demontage.<\/li>\n<li><strong>Au\u00dfergew\u00f6hnliche chemische Best\u00e4ndigkeit<\/strong>: Praktisch unempfindlich gegen\u00fcber S\u00e4uren, Basen, L\u00f6sungsmitteln und aggressiven Chemikalien, wodurch <strong>PFA-Schrumpfschlauch<\/strong> ideal f\u00fcr korrosive industrielle Umgebungen.<\/li>\n<li><strong>Hohe Hitzebest\u00e4ndigkeit<\/strong>: Dauerbetrieb von -200\u00b0C bis +260\u00b0C, mit kurzzeitiger Belastung bis zu 300\u00b0C, f\u00fcr zuverl\u00e4ssige <strong>PFA-Schrumpfschlauch<\/strong> Leistung unter extremen thermischen Bedingungen.<\/li>\n<li><strong>Hohe Durchschlagsfestigkeit<\/strong>: Bietet eine hervorragende elektrische Isolierung zum Schutz empfindlicher Elektronik im Inneren <strong>PFA-Schrumpfschlauch<\/strong> Anwendungen.<\/li>\n<li><strong>Flexibles und anpassungsf\u00e4higes Design<\/strong>: Passt sich mit einem Schrumpfverh\u00e4ltnis von 2:1 leicht an unregelm\u00e4\u00dfige Formen an und gew\u00e4hrleistet eine dichte Versiegelung in vielseitigen <strong>PFA-Schrumpfschlauch<\/strong> verwendet.<\/li>\n<li><strong>Antihaftbeschichtete, reibungsarme Oberfl\u00e4che<\/strong>: Verhindert das Anhaften von Verunreinigungen und vereinfacht die Reinigung, ein wesentlicher Vorteil unserer <strong>PFA-Schrumpfschlauch<\/strong>.<\/li>\n<li><strong>UV-Best\u00e4ndigkeit und Abriebfestigkeit<\/strong>: Bewahrt die strukturelle Integrit\u00e4t und Klarheit im Au\u00dfenbereich oder in stark beanspruchten Umgebungen f\u00fcr dauerhafte <strong>PFA-Schrumpfschlauch<\/strong> Anlagen.<\/li>\n<li><strong>Flammhemmend und hochrein<\/strong>: Erf\u00fcllt die UL-Normen mit geringem Leach-out, geeignet f\u00fcr Reinr\u00e4ume und hochreine Umgebungen <strong>PFA-Schrumpfschlauch<\/strong> Anforderungen.<\/li>\n<li><strong>Mechanische Belastbarkeit<\/strong>: Hohe Zugfestigkeit und Dehnung gew\u00e4hrleisten <strong>PFA-Schrumpfschlauch<\/strong> widersteht mechanischen Beanspruchungen ohne Rissbildung.<\/li>\n<\/ul>\n<h2 id=\"technical-specifications\">Technische Spezifikationen<\/h2>\n<p>Teflon X <strong>PFA-Schrumpfschlauch<\/strong> ist nach den h\u00f6chsten Standards f\u00fcr Pr\u00e4zision und Zuverl\u00e4ssigkeit entwickelt worden. Nachstehend finden Sie eine detaillierte Tabelle mit den wichtigsten Parametern:<\/p>\n<table>\n<thead>\n<tr>\n<th>Parameter<\/th>\n<th>Spezifikation<\/th>\n<th>Hinweise<\/th>\n<\/tr>\n<\/thead>\n<tbody>\n<tr>\n<td><strong>Material<\/strong><\/td>\n<td>Perfluoralkoxy (PFA)<\/td>\n<td>Fluorpolymer f\u00fcr hervorragende Leistung<\/td>\n<\/tr>\n<tr>\n<td><strong>Farbe<\/strong><\/td>\n<td>Klar\/Transparent<\/td>\n<td>Hohe optische Klarheit f\u00fcr die Sichtpr\u00fcfung<\/td>\n<\/tr>\n<tr>\n<td><strong>Schrumpfungsverh\u00e4ltnis<\/strong><\/td>\n<td>2:1<\/td>\n<td>Erweitert sich, um \u00fcber Komponenten zu passen, schrumpft auf 50% des urspr\u00fcnglichen Durchmessers<\/td>\n<\/tr>\n<tr>\n<td><strong>Betriebstemperatur<\/strong><\/td>\n<td>-200\u00b0C bis +260\u00b0C (kontinuierlich)<\/td>\n<td>Kurzzeitig bis zu +300\u00b0C; geeignet f\u00fcr kryogene bis hochwarmfeste Anwendungen<\/td>\n<\/tr>\n<tr>\n<td><strong>Temperatur schrumpfen<\/strong><\/td>\n<td>150\u00b0C - 200\u00b0C<\/td>\n<td>Schnelle Erholung mit Standardw\u00e4rmequellen wie Hei\u00dfluftpistolen<\/td>\n<\/tr>\n<tr>\n<td><strong>Durchschlagsfestigkeit<\/strong><\/td>\n<td>&gt;15 kV\/mm<\/td>\n<td>Hervorragende Isolierung f\u00fcr Hochspannungsanwendungen<\/td>\n<\/tr>\n<tr>\n<td><strong>Zugfestigkeit<\/strong><\/td>\n<td>\u226525 MPa<\/td>\n<td>Hohe mechanische Belastbarkeit<\/td>\n<\/tr>\n<tr>\n<td><strong>Dehnung beim Bruch<\/strong><\/td>\n<td>\u2265300%<\/td>\n<td>Flexibel und rissbest\u00e4ndig<\/td>\n<\/tr>\n<tr>\n<td><strong>H\u00e4rte (Shore D)<\/strong><\/td>\n<td>55 &#8211; 65<\/td>\n<td>Gleichgewicht zwischen Flexibilit\u00e4t und Steifigkeit<\/td>\n<\/tr>\n<tr>\n<td><strong>Spezifische Schwerkraft<\/strong><\/td>\n<td>2,15 g\/cm\u00b3<\/td>\n<td>Leicht und doch robust<\/td>\n<\/tr>\n<tr>\n<td><strong>Entflammbarkeit<\/strong><\/td>\n<td>UL 224 VW-1<\/td>\n<td>Selbstverl\u00f6schend, geringe Rauchentwicklung<\/td>\n<\/tr>\n<tr>\n<td><strong>Standardgr\u00f6\u00dfen (ID)<\/strong><\/td>\n<td>1,0 mm - 50 mm<\/td>\n<td>Kundenspezifische Gr\u00f6\u00dfen auf Anfrage erh\u00e4ltlich<\/td>\n<\/tr>\n<tr>\n<td><strong>Wanddicke (wiederhergestellt)<\/strong><\/td>\n<td>0,2 mm - 2,0 mm<\/td>\n<td>D\u00fcnne W\u00e4nde f\u00fcr platzbeschr\u00e4nkte Konstruktionen<\/td>\n<\/tr>\n<\/tbody>\n<\/table>\n<p><em>Hinweis: Die Spezifikationen basieren auf Standardtestmethoden (z. B. ASTM D2671). F\u00fcr genaue Werte, die auf Ihre Anwendung zugeschnitten sind, wenden Sie sich bitte an Teflon X.<\/em><\/p>\n<h2 id=\"applications\">Anwendungen<\/h2>\n<p>Teflon X <strong>PFA-Schrumpfschlauch<\/strong> zeichnet sich in Hightech- und Industriesektoren aus, die Pr\u00e4zision und Widerstandsf\u00e4higkeit erfordern:<\/p>\n<ul>\n<li><strong>Luft- und Raumfahrt und Halbleiterherstellung<\/strong>: Isoliert Verdrahtung und Komponenten mit ultra-transparenter <strong>PFA-Schrumpfschlauch<\/strong> f\u00fcr kontaminationsfreien, hitzebest\u00e4ndigen Schutz.<\/li>\n<li><strong>Laboratorien und Kraftwerke<\/strong>: Sch\u00fctzt empfindliche Elektronik vor Chemikalien und extremen Temperaturen durch zuverl\u00e4ssige <strong>PFA-Schrumpfschlauch<\/strong>.<\/li>\n<li><strong>Chemische Verarbeitung<\/strong>: Rohrleitungen und Ventile mit chemisch inerten <strong>PFA-Schrumpfschlauch<\/strong> um aggressive Medien ohne Beeintr\u00e4chtigung zu verarbeiten.<\/li>\n<li><strong>Elektronik und medizinische Ger\u00e4te<\/strong>: Hochreine <strong>PFA-Schrumpfschlauch<\/strong> gew\u00e4hrleistet elektrische Sicherheit und einfache Inspektion in sterilen Umgebungen.<\/li>\n<li><strong>HVAC und Industriemaschinen<\/strong>: Flexibel <strong>PFA-Schrumpfschlauch<\/strong> passt sich unregelm\u00e4\u00dfigen Formen an und ist gleichzeitig resistent gegen Verunreinigungen in betrieblichen Systemen.<\/li>\n<\/ul>\n<p>Unser <strong>PFA-Schrumpfschlauch<\/strong> entspricht den UL-, RoHS- und SEMI F-57-Normen und erleichtert die Integration in regulierte Branchen.<\/p>\n<h2 id=\"why-choose-teflon-x-s-pfa-shrink-tube-\">Warum den PFA-Schrumpfschlauch von Teflon X w\u00e4hlen?<\/h2>\n<p>Teflon X <strong>PFA-Schrumpfschlauch<\/strong> setzt mit seinem ultratransparenten Design, seiner \u00fcberragenden Chemikalien- und Hitzebest\u00e4ndigkeit und seiner Vielseitigkeit im Bereich der Antihaftbeschichtung Ma\u00dfst\u00e4be, die auf jahrzehntelanger Innovation im Bereich der Fluorpolymere beruhen. Die ISO-zertifizierte Fertigung garantiert gleichbleibende Qualit\u00e4t f\u00fcr die Luft- und Raumfahrt, f\u00fcr Labore und dar\u00fcber hinaus. W\u00e4hlen Sie <strong>PFA-Schrumpfschlauch<\/strong> die den Kontakt \u00fcbertrifft <a href=\"mailto:Allison.Ye@teflonx.com\" target=\"_blank\" rel=\"noopener\"><strong>Allison.Ye@teflonx.com<\/strong><\/a> oder besuchen Sie <a href=\"https:\/\/teflonx.com\/de\/kontaktieren-sie-uns\/\" target=\"_blank\" rel=\"noopener\">https:\/\/teflonx.com\/contact-us\/<\/a> f\u00fcr Muster, Ma\u00dfanfertigungen oder technische Beratungen.<\/p>\n<hr \/>","protected":false},"excerpt":{"rendered":"<p>Ultratransparenter PFA-Schrumpfschlauch bietet un\u00fcbertroffene chemische Best\u00e4ndigkeit und Hitzebest\u00e4ndigkeit (-40 \u00b0C bis 260 \u00b0C). Seine hohe Durchschlagfestigkeit sch\u00fctzt empfindliche Elektronik in Laboren und Kraftwerken. Die Flexibilit\u00e4t des Materials passt sich unregelm\u00e4\u00dfigen Formen an, w\u00e4hrend die antihaftbeschichtete Oberfl\u00e4che industriellen Verunreinigungen widersteht. Bew\u00e4hrt in der Luft- und Raumfahrt sowie der Halbleiterfertigung<\/p>","protected":false},"featured_media":342,"comment_status":"open","ping_status":"closed","template":"","meta":{"site-sidebar-layout":"default","site-content-layout":"","ast-site-content-layout":"default","site-content-style":"default","site-sidebar-style":"default","ast-global-header-display":"","ast-banner-title-visibility":"","ast-main-header-display":"","ast-hfb-above-header-display":"","ast-hfb-below-header-display":"","ast-hfb-mobile-header-display":"","site-post-title":"","ast-breadcrumbs-content":"","ast-featured-img":"","footer-sml-layout":"","ast-disable-related-posts":"","theme-transparent-header-meta":"default","adv-header-id-meta":"","stick-header-meta":"","header-above-stick-meta":"","header-main-stick-meta":"","header-below-stick-meta":"","astra-migrate-meta-layouts":"set","ast-page-background-enabled":"default","ast-page-background-meta":{"desktop":{"background-color":"var(--ast-global-color-5)","background-image":"","background-repeat":"repeat","background-position":"center center","background-size":"auto","background-attachment":"scroll","background-type":"","background-media":"","overlay-type":"","overlay-color":"","overlay-opacity":"","overlay-gradient":""},"tablet":{"background-color":"","background-image":"","background-repeat":"repeat","background-position":"center center","background-size":"auto","background-attachment":"scroll","background-type":"","background-media":"","overlay-type":"","overlay-color":"","overlay-opacity":"","overlay-gradient":""},"mobile":{"background-color":"","background-image":"","background-repeat":"repeat","background-position":"center center","background-size":"auto","background-attachment":"scroll","background-type":"","background-media":"","overlay-type":"","overlay-color":"","overlay-opacity":"","overlay-gradient":""}},"ast-content-background-meta":{"desktop":{"background-color":"var(--ast-global-color-4)","background-image":"","background-repeat":"repeat","background-position":"center center","background-size":"auto","background-attachment":"scroll","background-type":"","background-media":"","overlay-type":"","overlay-color":"","overlay-opacity":"","overlay-gradient":""},"tablet":{"background-color":"var(--ast-global-color-4)","background-image":"","background-repeat":"repeat","background-position":"center center","background-size":"auto","background-attachment":"scroll","background-type":"","background-media":"","overlay-type":"","overlay-color":"","overlay-opacity":"","overlay-gradient":""},"mobile":{"background-color":"var(--ast-global-color-4)","background-image":"","background-repeat":"repeat","background-position":"center center","background-size":"auto","background-attachment":"scroll","background-type":"","background-media":"","overlay-type":"","overlay-color":"","overlay-opacity":"","overlay-gradient":""}}},"product_brand":[290],"product_cat":[488],"product_tag":[65,64,67,73],"class_list":{"0":"post-371","1":"product","2":"type-product","3":"status-publish","4":"has-post-thumbnail","6":"product_brand-teflon-x","7":"product_cat-pfa-heat-shrink-tubing","8":"product_tag-clear-heat-shrink","9":"product_tag-clear-heat-shrink-tubing","10":"product_tag-heat-shrink-connectors","11":"product_tag-transparent-shrink-tube-","12":"desktop-align-left","13":"tablet-align-left","14":"mobile-align-left","16":"first","17":"instock","18":"shipping-taxable","19":"product-type-simple"},"_links":{"self":[{"href":"https:\/\/teflonx.com\/de\/wp-json\/wp\/v2\/product\/371","targetHints":{"allow":["GET"]}}],"collection":[{"href":"https:\/\/teflonx.com\/de\/wp-json\/wp\/v2\/product"}],"about":[{"href":"https:\/\/teflonx.com\/de\/wp-json\/wp\/v2\/types\/product"}],"replies":[{"embeddable":true,"href":"https:\/\/teflonx.com\/de\/wp-json\/wp\/v2\/comments?post=371"}],"wp:featuredmedia":[{"embeddable":true,"href":"https:\/\/teflonx.com\/de\/wp-json\/wp\/v2\/media\/342"}],"wp:attachment":[{"href":"https:\/\/teflonx.com\/de\/wp-json\/wp\/v2\/media?parent=371"}],"wp:term":[{"taxonomy":"product_brand","embeddable":true,"href":"https:\/\/teflonx.com\/de\/wp-json\/wp\/v2\/product_brand?post=371"},{"taxonomy":"product_cat","embeddable":true,"href":"https:\/\/teflonx.com\/de\/wp-json\/wp\/v2\/product_cat?post=371"},{"taxonomy":"product_tag","embeddable":true,"href":"https:\/\/teflonx.com\/de\/wp-json\/wp\/v2\/product_tag?post=371"}],"curies":[{"name":"wp","href":"https:\/\/api.w.org\/{rel}","templated":true}]}}