{"id":384,"date":"2025-03-25T16:05:57","date_gmt":"2025-03-25T16:05:57","guid":{"rendered":"https:\/\/teflonx.com\/?post_type=product&#038;p=384"},"modified":"2026-01-01T13:29:18","modified_gmt":"2026-01-01T13:29:18","slug":"teflonstab-fur-maschinenteile","status":"publish","type":"product","link":"https:\/\/teflonx.com\/de\/product\/teflonstab-fur-maschinenteile\/","title":{"rendered":"Teflonst\u00e4be f\u00fcr Maschinenteile \u2013 Lieferanten von PTFE-Rundst\u00e4ben"},"content":{"rendered":"<div class=\"product-detail-container\">\n<h2>Teflonstab f\u00fcr Maschinenteile - Premium PTFE Rundstab Lieferanten<\/h2>\n<p>Willkommen bei <strong>Teflon X<\/strong>Ihr zuverl\u00e4ssiger Partner f\u00fcr leistungsstarke Fluorpolymerl\u00f6sungen. Wenn Sie langlebige Maschinenteile herstellen m\u00f6chten, die den h\u00e4rtesten industriellen Umgebungen standhalten, ist unser <strong>Teflon-Stab<\/strong> Inventar ist die ultimative L\u00f6sung. Als einer der erfahrensten <strong>PTFE-Stangenhersteller<\/strong> auf dem Markt, wir sind spezialisiert auf die Bereitstellung von hochdichten, hohlraumfreien <strong>PTFE-Rundstab<\/strong> Material, das speziell f\u00fcr die Pr\u00e4zisionsbearbeitung entwickelt wurde.<\/p>\n<h3>Das ideale Material f\u00fcr Industriemaschinen<\/h3>\n<p>In der Welt des Maschinenbaus ist die Auswahl des richtigen Materials entscheidend f\u00fcr die Langlebigkeit Ihrer Ger\u00e4te. A <strong>Teflonstab<\/strong> (Polytetrafluorethylen) bietet eine einzigartige Kombination von Eigenschaften, die Metalle und Standardkunststoffe nicht erreichen k\u00f6nnen. Unsere St\u00e4be werden h\u00e4ufig zur Herstellung von Komponenten wie Zahnr\u00e4dern, Gleitplatten, Buchsen und Kolbenringen verwendet.<\/p>\n<p>Warum bevorzugen Zerspaner unser Material? Es liegt an der Konsistenz. Anders als andere <strong>PTFE-Stangenlieferanten<\/strong> Teflon X gew\u00e4hrleistet eine solide, homogene Struktur, auch wenn das Material im Inneren por\u00f6s ist. Diese Konsistenz erm\u00f6glicht eine glattere Oberfl\u00e4che beim Drehen oder Fr\u00e4sen der <strong>PTFE-Rundstab<\/strong>Das Ergebnis sind Teile mit niedrigeren Reibungskoeffizienten und l\u00e4ngerer Lebensdauer.<\/p>\n<h3>Die wichtigsten Vorteile der Verwendung von PTFE-St\u00e4ben<\/h3>\n<p>Unser Produkt ist nicht nur eine Kunststoffstange, sondern ein Probleml\u00f6ser f\u00fcr komplexe technische Herausforderungen. Hier ist, warum unser <strong>Teflonstab<\/strong> ist die bevorzugte Wahl f\u00fcr Maschinenteile:<\/p>\n<ul>\n<li><strong>Au\u00dfergew\u00f6hnliche Selbstschmierung:<\/strong> PTFE hat einen der niedrigsten Reibungskoeffizienten unter den festen Werkstoffen. Teile, die aus unserem <strong>PTFE-Rundstab<\/strong> ben\u00f6tigen oft keine externen Schmiermittel und eignen sich daher perfekt f\u00fcr Trockenlaufanwendungen, bei denen \u00d6l und Fett nicht verwendet werden k\u00f6nnen.<\/li>\n<li><strong>Hervorragende Chemikalien- und S\u00e4urebest\u00e4ndigkeit:<\/strong> Ganz gleich, ob Ihre Maschinen in einer chemischen Verarbeitungsanlage oder in einer s\u00e4urehaltigen Umgebung arbeiten, unsere St\u00e4be bleiben chemisch inert. Sie widerstehen dem Angriff von praktisch allen Industriechemikalien und gew\u00e4hrleisten die strukturelle Integrit\u00e4t Ihrer Teile.<\/li>\n<li><strong>Gro\u00dfer Temperaturbereich:<\/strong> Vom Tiefk\u00fchlen bis zur extremen Hitze behalten unsere St\u00e4be ihre mechanischen Eigenschaften bei. Sie bleiben bei niedrigen Temperaturen flexibel und bei hohen Temperaturen stabil und verhindern so ein Versagen der Komponenten bei Temperaturschwankungen.<\/li>\n<li><strong>Elektrische Isolierung:<\/strong> Neben den mechanischen Teilen sind unsere Stangen auch hervorragende Isolatoren, so dass sie sich f\u00fcr elektrische Abstandshalter und Verbindungsst\u00fccke in Maschinensteuerungssystemen eignen.<\/li>\n<\/ul>\n<h3>Technische Daten und Parameter<\/h3>\n<p>Um sicherzustellen, dass Sie genau das Material erhalten, das Sie f\u00fcr Ihr Projekt ben\u00f6tigen, sehen Sie sich bitte die technischen Parameter unseres Standard-PTFE an. Als spezielle <strong>PTFE-Stangenhersteller<\/strong>Um diese Spezifikationen zu erf\u00fcllen, halten wir uns an strenge Qualit\u00e4tskontrollstandards.<\/p>\n<table style=\"width: 100%; border-collapse: collapse; margin-top: 20px; margin-bottom: 30px;\" border=\"1\">\n<thead>\n<tr style=\"background-color: #f0f0f0;\">\n<th style=\"padding: 12px; text-align: left;\">Parameter<\/th>\n<th style=\"padding: 12px; text-align: left;\">Spezifikation \/ Wert<\/th>\n<\/tr>\n<\/thead>\n<tbody>\n<tr>\n<td style=\"padding: 10px;\"><strong>Materialzusammensetzung<\/strong><\/td>\n<td style=\"padding: 10px;\">100% Reines PTFE (Polytetrafluorethylen)<\/td>\n<\/tr>\n<tr>\n<td style=\"padding: 10px;\"><strong>Scheinbare Dichte<\/strong><\/td>\n<td style=\"padding: 10px;\">2,10 ~ 2,30 g\/cm\u00b3<\/td>\n<\/tr>\n<tr>\n<td style=\"padding: 10px;\"><strong>Zugfestigkeit<\/strong><\/td>\n<td style=\"padding: 10px;\">\u2265 20 MPa<\/td>\n<\/tr>\n<tr>\n<td style=\"padding: 10px;\"><strong>Ultimative Dehnung<\/strong><\/td>\n<td style=\"padding: 10px;\">\u2265 200%<\/td>\n<\/tr>\n<tr>\n<td style=\"padding: 10px;\"><strong>Betriebstemperatur<\/strong><\/td>\n<td style=\"padding: 10px;\">-180\u00b0C bis +260\u00b0C<\/td>\n<\/tr>\n<tr>\n<td style=\"padding: 10px;\"><strong>Wasseraufnahme<\/strong><\/td>\n<td style=\"padding: 10px;\">&lt; 0,01% (Praktisch Null)<\/td>\n<\/tr>\n<tr>\n<td style=\"padding: 10px;\"><strong>Durchschlagsfestigkeit<\/strong><\/td>\n<td style=\"padding: 10px;\">&gt; 10 KV\/mm<\/td>\n<\/tr>\n<tr>\n<td style=\"padding: 10px;\"><strong>Verf\u00fcgbare Durchmesser<\/strong><\/td>\n<td style=\"padding: 10px;\">Stranggepresst: 4mm - 200mm \/ Geformt: Bis zu 600mm<\/td>\n<\/tr>\n<tr>\n<td style=\"padding: 10px;\"><strong>Standardl\u00e4ngen<\/strong><\/td>\n<td style=\"padding: 10px;\">1000mm, 2000mm, oder auf Ma\u00df geschnitten<\/td>\n<\/tr>\n<\/tbody>\n<\/table>\n<h3>Herstellung und Anpassung<\/h3>\n<p>Bei Teflon X wissen wir, dass eine Gr\u00f6\u00dfe nicht f\u00fcr alle passt. Wir f\u00fchren zwar Standardgr\u00f6\u00dfen, unterscheiden uns aber von allgemeinen <strong>PTFE-Stangenlieferanten<\/strong> indem wir umfangreiche Anpassungen anbieten. Je nach erforderlichem Durchmesser verwenden wir zwei verschiedene Herstellungsverfahren:<\/p>\n<ol>\n<li><strong>St\u00f6\u00dfel-Extrusion:<\/strong> Verwendet f\u00fcr kleinere Durchmesser <strong>Teflonstab<\/strong> Produktion (normalerweise unter 200 mm). Dieser kontinuierliche Prozess gew\u00e4hrleistet gro\u00dfe L\u00e4ngen und eine hohe Produktivit\u00e4t.<\/li>\n<li><strong>Formpressen:<\/strong> Verwendet f\u00fcr gro\u00dfe Durchmesser <strong>PTFE-Rundstab<\/strong>. So k\u00f6nnen wir massive Kn\u00fcppel f\u00fcr die Bearbeitung gro\u00dfer Dichtungen oder Strukturteile herstellen.<\/li>\n<\/ol>\n<p>Wenn Ihre Anwendung eine erh\u00f6hte Verschlei\u00dffestigkeit oder Belastbarkeit erfordert, k\u00f6nnen wir au\u00dferdem gef\u00fcllte PTFE-Verbindungen liefern, einschlie\u00dflich mit Glasfaser, Kohlenstoff, Bronze oder Graphit gef\u00fcllte St\u00e4be.<\/p>\n<h3>Warum eine Partnerschaft mit Teflon X?<\/h3>\n<p>Die Wahl des richtigen Partners ist ebenso wichtig wie die Wahl des richtigen Materials. Teflon X ist bestrebt, hervorragende Leistungen zu erbringen. Unser Logistiknetz sorgt daf\u00fcr, dass Ihre Bestellung p\u00fcnktlich bei Ihnen eintrifft, egal ob Sie lokal oder international t\u00e4tig sind. Wir bieten eine vollst\u00e4ndige Materialzertifizierung und R\u00fcckverfolgbarkeit, so dass Sie sicher sein k\u00f6nnen, dass Sie von einem seri\u00f6sen Unternehmen kaufen. <strong>PTFE-Stangenhersteller<\/strong>.<\/p>\n<p>Gehen Sie keine Kompromisse bei der Qualit\u00e4t Ihrer Maschinenteile ein. Aktualisieren Sie Ihre Lieferkette noch heute mit Teflon X.<\/p>\n<div style=\"background-color: #f9f9f9; padding: 20px; border: 1px solid #ddd; border-radius: 5px; text-align: center; margin-top: 30px;\">\n<h3 style=\"margin-top: 0;\">M\u00f6chten Sie bestellen oder ben\u00f6tigen Sie technische Beratung?<\/h3>\n<p>Unser Team von Ingenieuren ist bereit, Sie bei der Materialauswahl und der Erstellung von Angeboten zu unterst\u00fctzen.<\/p>\n<p style=\"margin: 20px 0;\"><a style=\"background-color: #d32f2f; color: #fff; padding: 15px 30px; text-decoration: none; font-weight: bold; border-radius: 4px; font-size: 16px;\" href=\"https:\/\/teflonx.com\/de\/kontaktieren-sie-uns\/\" target=\"_blank\" rel=\"noopener noreferrer\">Kontaktieren Sie uns jetzt<\/a><\/p>\n<p style=\"font-size: 14px; margin-top: 15px;\">F\u00fcr direkte Anfragen wenden Sie sich bitte per E-Mail an uns:<br \/>\n<a style=\"color: #0066cc; font-weight: bold;\" href=\"mailto:allison.ye@teflonx.com\" target=\"_blank\" rel=\"noopener noreferrer\">allison.ye@teflonx.com<\/a><\/p>\n<p style=\"font-size: 14px;\">Besuchen Sie unsere Website: <a style=\"color: #0066cc;\" href=\"https:\/\/teflonx.com\/de\/\" target=\"_blank\" rel=\"noopener noreferrer\">https:\/\/teflonx.com\/<\/a><\/p>\n<\/div>\n<\/div>","protected":false},"excerpt":{"rendered":"<p>Teflonst\u00e4be, auch bekannt als PTFE-Rundst\u00e4be, eignen sich aufgrund ihrer hohen Schmier- und S\u00e4urebest\u00e4ndigkeit ideal f\u00fcr Maschinenbauteile. Diese langlebigen St\u00e4be steigern die Leistung in anspruchsvollen Anwendungen. Kontaktieren Sie noch heute zuverl\u00e4ssige PTFE-Stangenlieferanten.<\/p>","protected":false},"featured_media":375,"comment_status":"open","ping_status":"closed","template":"","meta":{"site-sidebar-layout":"default","site-content-layout":"","ast-site-content-layout":"default","site-content-style":"default","site-sidebar-style":"default","ast-global-header-display":"","ast-banner-title-visibility":"","ast-main-header-display":"","ast-hfb-above-header-display":"","ast-hfb-below-header-display":"","ast-hfb-mobile-header-display":"","site-post-title":"","ast-breadcrumbs-content":"","ast-featured-img":"","footer-sml-layout":"","ast-disable-related-posts":"","theme-transparent-header-meta":"default","adv-header-id-meta":"","stick-header-meta":"","header-above-stick-meta":"","header-main-stick-meta":"","header-below-stick-meta":"","astra-migrate-meta-layouts":"set","ast-page-background-enabled":"default","ast-page-background-meta":{"desktop":{"background-color":"var(--ast-global-color-5)","background-image":"","background-repeat":"repeat","background-position":"center center","background-size":"auto","background-attachment":"scroll","background-type":"","background-media":"","overlay-type":"","overlay-color":"","overlay-opacity":"","overlay-gradient":""},"tablet":{"background-color":"","background-image":"","background-repeat":"repeat","background-position":"center center","background-size":"auto","background-attachment":"scroll","background-type":"","background-media":"","overlay-type":"","overlay-color":"","overlay-opacity":"","overlay-gradient":""},"mobile":{"background-color":"","background-image":"","background-repeat":"repeat","background-position":"center center","background-size":"auto","background-attachment":"scroll","background-type":"","background-media":"","overlay-type":"","overlay-color":"","overlay-opacity":"","overlay-gradient":""}},"ast-content-background-meta":{"desktop":{"background-color":"var(--ast-global-color-4)","background-image":"","background-repeat":"repeat","background-position":"center center","background-size":"auto","background-attachment":"scroll","background-type":"","background-media":"","overlay-type":"","overlay-color":"","overlay-opacity":"","overlay-gradient":""},"tablet":{"background-color":"var(--ast-global-color-4)","background-image":"","background-repeat":"repeat","background-position":"center center","background-size":"auto","background-attachment":"scroll","background-type":"","background-media":"","overlay-type":"","overlay-color":"","overlay-opacity":"","overlay-gradient":""},"mobile":{"background-color":"var(--ast-global-color-4)","background-image":"","background-repeat":"repeat","background-position":"center center","background-size":"auto","background-attachment":"scroll","background-type":"","background-media":"","overlay-type":"","overlay-color":"","overlay-opacity":"","overlay-gradient":""}}},"product_brand":[290],"product_cat":[41],"product_tag":[76,77,75,74],"class_list":{"0":"post-384","1":"product","2":"type-product","3":"status-publish","4":"has-post-thumbnail","6":"product_brand-teflon-x","7":"product_cat-ptfe-rods","8":"product_tag-ptfe-rod-manufacturers","9":"product_tag-ptfe-rod-suppliers","10":"product_tag-ptfe-round-bar","11":"product_tag-teflon-rod","12":"desktop-align-left","13":"tablet-align-left","14":"mobile-align-left","16":"first","17":"instock","18":"shipping-taxable","19":"product-type-simple"},"_links":{"self":[{"href":"https:\/\/teflonx.com\/de\/wp-json\/wp\/v2\/product\/384","targetHints":{"allow":["GET"]}}],"collection":[{"href":"https:\/\/teflonx.com\/de\/wp-json\/wp\/v2\/product"}],"about":[{"href":"https:\/\/teflonx.com\/de\/wp-json\/wp\/v2\/types\/product"}],"replies":[{"embeddable":true,"href":"https:\/\/teflonx.com\/de\/wp-json\/wp\/v2\/comments?post=384"}],"wp:featuredmedia":[{"embeddable":true,"href":"https:\/\/teflonx.com\/de\/wp-json\/wp\/v2\/media\/375"}],"wp:attachment":[{"href":"https:\/\/teflonx.com\/de\/wp-json\/wp\/v2\/media?parent=384"}],"wp:term":[{"taxonomy":"product_brand","embeddable":true,"href":"https:\/\/teflonx.com\/de\/wp-json\/wp\/v2\/product_brand?post=384"},{"taxonomy":"product_cat","embeddable":true,"href":"https:\/\/teflonx.com\/de\/wp-json\/wp\/v2\/product_cat?post=384"},{"taxonomy":"product_tag","embeddable":true,"href":"https:\/\/teflonx.com\/de\/wp-json\/wp\/v2\/product_tag?post=384"}],"curies":[{"name":"wp","href":"https:\/\/api.w.org\/{rel}","templated":true}]}}