{"id":404,"date":"2025-03-27T09:01:02","date_gmt":"2025-03-27T09:01:02","guid":{"rendered":"https:\/\/teflonx.com\/?post_type=product&#038;p=404"},"modified":"2026-01-01T13:47:36","modified_gmt":"2026-01-01T13:47:36","slug":"ptfe-gewelltes-rohr-2","status":"publish","type":"product","link":"https:\/\/teflonx.com\/de\/product\/ptfe-gewelltes-rohr-2\/","title":{"rendered":"PTFE-Wellrohr \u2013 Flexibler Teflonschlauch f\u00fcr hohen Druck"},"content":{"rendered":"<h2>Hochwertige PTFE-Wellrohre: Die ultimative L\u00f6sung f\u00fcr Hochleistungs-Fl\u00fcssigkeitstransfer<\/h2>\n<p>Willkommen bei <strong><a href=\"https:\/\/teflonx.com\/de\/\" target=\"_blank\" rel=\"noopener\">Teflon X<\/a><\/strong>Ihr zuverl\u00e4ssiger Partner f\u00fcr fortschrittliche Fluid-Handling-L\u00f6sungen. Wir sind stolz darauf, unser Flaggschiff vorzustellen <strong>PTFE-Wellrohre<\/strong>ein \u00e4u\u00dferst vielseitiges <strong>flexibler Teflonschlauch f\u00fcr hohen Druck<\/strong> Anwendungen. Entwickelt f\u00fcr die anspruchsvollsten Umgebungen, ist dieses <strong>gewellter flexibler Schlauch<\/strong> kombiniert die chemische Inertheit von PTFE mit der strukturellen Integrit\u00e4t von Spiralstahldrahtverst\u00e4rkungen.<\/p>\n<p>Ob Sie nun in der Automobilindustrie, der chemischen Verarbeitung oder der Medizintechnik t\u00e4tig sind, unsere <strong>schwarzes Kunststoffwellrohr<\/strong> setzt den Standard f\u00fcr Zuverl\u00e4ssigkeit, Flexibilit\u00e4t und Langlebigkeit.<\/p>\n<h3>Warum Teflon X PTFE-Wellschl\u00e4uche w\u00e4hlen?<\/h3>\n<p>Unser <strong>PTFE-Schl\u00e4uche<\/strong> sind nicht einfach nur Standardrohre, sondern pr\u00e4zisionsgefertigte Komponenten, die zur L\u00f6sung komplexer \u00dcbertragungsprobleme entwickelt wurden. Das einzigartige Wellendesign bietet eine au\u00dfergew\u00f6hnliche Flexibilit\u00e4t, ohne die Querschnittsform des Rohres zu beeintr\u00e4chtigen, und erm\u00f6glicht enge Biegeradien auf engem Raum.<\/p>\n<h4>1. Unerreichte Flexibilit\u00e4t und Knickresistenz<\/h4>\n<p>Eine der gr\u00f6\u00dften Herausforderungen bei industriellen Rohrleitungen sind Knickstellen, die den Durchfluss einschr\u00e4nken und den Schlauch besch\u00e4digen. Unser <strong>flexibles Wellrohr<\/strong> verf\u00fcgt \u00fcber eine spezialisierte <strong>Spiralf\u00f6rmig gewickelter Stahldraht<\/strong> Struktur. Diese Verst\u00e4rkung macht den Schlauch unglaublich knickresistent, selbst unter Vakuumbedingungen. Der spiralf\u00f6rmige Stahldraht sorgt daf\u00fcr, dass der Schlauch seine Form beibeh\u00e4lt und bietet gleichzeitig eine hervorragende Flexibilit\u00e4t f\u00fcr dynamische Anwendungen.<\/p>\n<h4>2. Hervorragende chemische und thermische Best\u00e4ndigkeit<\/h4>\n<p>Diese aus hochwertigem Polytetrafluorethylen (PTFE) hergestellten <strong>Teflon-Schl\u00e4uche<\/strong> bieten eine nahezu universelle chemische Best\u00e4ndigkeit. Sie sind undurchl\u00e4ssig f\u00fcr \u00e4tzende S\u00e4uren, Laugen und L\u00f6sungsmittel und damit ideal f\u00fcr die chemische Industrie. Dar\u00fcber hinaus zeichnet sich das Material durch eine hohe Druck- und Temperaturbest\u00e4ndigkeit bei extremen Temperaturen aus, die f\u00fcr anspruchsvolle industrielle Prozesse erforderlich sind.<\/p>\n<h4>3. Einfache Reinigung und Wartung (CIP &amp; SIP)<\/h4>\n<p>Hygiene und Reinheit sind im medizinischen und pharmazeutischen Bereich von entscheidender Bedeutung. Unser <strong>Wellschlauch<\/strong> ist f\u00fcr Clean-in-Place- (CIP) und Sterilize-in-Place- (SIP) Reinigungsprotokolle konzipiert. W\u00e4hrend die Au\u00dfenseite gewellt ist, um Flexibilit\u00e4t zu gew\u00e4hrleisten, ist die innere Struktur optimiert, um die Reibung zu reduzieren (Zero Friction) und die Partikelabscheidung zu minimieren, um einen sauberen und sterilen Flussweg zu gew\u00e4hrleisten.<\/p>\n<hr \/>\n<h3>Technische Spezifikationen<\/h3>\n<p>Nachstehend finden Sie die detaillierten Parameter unserer <strong>PTFE-Wellrohre<\/strong>:<\/p>\n<ul>\n<li><strong>Produktname:<\/strong> Gewelltes Rohr<\/li>\n<li><strong>Produktmarke:<\/strong> Teflon X<\/li>\n<li><strong>Material des Produkts:<\/strong> Hochwertiges PTFE (Polytetrafluorethylen)<\/li>\n<li><strong>Struktur:<\/strong> Spiralf\u00f6rmig gewickelter Stahldraht (verst\u00e4rkte Ausf\u00fchrung)<\/li>\n<li><strong>Anpassung der Verarbeitung:<\/strong> Unterst\u00fctzung (Wir passen uns Ihren spezifischen Bed\u00fcrfnissen an)<\/li>\n<li><strong>Produktgr\u00f6\u00dfe:<\/strong> Kann individuell angepasst werden (verschiedene Durchmesser und L\u00e4ngen verf\u00fcgbar)<\/li>\n<li><strong>Farbe des Produkts:<\/strong> Schwarz<\/li>\n<li><strong>Hauptmerkmale:<\/strong> Knickbest\u00e4ndig, vakuumfest, reibungsfrei, hochdruck- und temperaturbest\u00e4ndig<\/li>\n<li><strong>Reinigung Kompatibilit\u00e4t:<\/strong> CIP- und SIP-Reinigung<\/li>\n<\/ul>\n<hr \/>\n<h3>Vielseitige Industrieanwendungen<\/h3>\n<p>Die Anpassungsf\u00e4higkeit unserer <strong>schwarzes Kunststoffwellrohr<\/strong> macht es zu einem Grundnahrungsmittel in verschiedenen Bereichen. Seine robuste Konstruktion erm\u00f6glicht es, als zuverl\u00e4ssiger Kanal zu dienen:<\/p>\n<ul>\n<li><strong>Hardware und digitale Ausr\u00fcstung:<\/strong> Schutz von empfindlichen Kabeln und Fl\u00fcssigkeitsleitungen.<\/li>\n<li><strong>Automobilindustrie:<\/strong> Kraftstoffleitungen, Bremssysteme und K\u00fchlgetriebe, wo eine hohe Hitzebest\u00e4ndigkeit erforderlich ist.<\/li>\n<li><strong>Chemische Verarbeitung:<\/strong> Sicherer Transport von aggressiven Chemikalien und L\u00f6sungsmitteln.<\/li>\n<li><strong>Maschinenpark:<\/strong> Hydraulische Leitungen und flexible Verbindungen f\u00fcr bewegliche Teile.<\/li>\n<li><strong>Medizinische Ausr\u00fcstung:<\/strong> Biokompatibler Fl\u00fcssigkeitstransfer und pharmazeutische Herstellung.<\/li>\n<\/ul>\n<h3>Anpassung und Unterst\u00fctzung<\/h3>\n<p>Bei Teflon X wissen wir, dass eine Gr\u00f6\u00dfe nicht f\u00fcr alle passt. Deshalb ist unser <strong>Anpassung der Verarbeitung<\/strong> ist ein zentraler Bestandteil unserer Dienstleistung. Ob Sie einen bestimmten Durchmesser f\u00fcr ein <strong>gewellter flexibler Schlauch<\/strong> oder eine einzigartige L\u00e4nge f\u00fcr eine komplexe Baugruppe, unser Team ist bereit, eine L\u00f6sung zu fertigen, die Ihren genauen Spezifikationen entspricht.<\/p>\n<p>Gehen Sie keine Kompromisse bei der Qualit\u00e4t ein, wenn es um den kritischen Fl\u00fcssigkeitstransfer geht. W\u00e4hlen Sie die <strong>flexibles Wellrohr<\/strong> die null Reibung und maximale Haltbarkeit garantiert.<\/p>\n<h3>Kontaktieren Sie uns heute<\/h3>\n<p>Bereit zur Aufr\u00fcstung Ihrer Systeme mit dem Besten <strong>PTFE-Wellrohre<\/strong> auf dem Markt? Wenden Sie sich an unser technisches Team f\u00fcr ein Angebot oder eine technische Beratung.<\/p>\n<p><strong>E-Mail:<\/strong> <a href=\"mailto:allison.ye@teflonx.com\">allison.ye@teflonx.com<\/a><br \/>\n<strong>Besuchen Sie unsere Kontaktseite:<\/strong> <a href=\"https:\/\/teflonx.com\/de\/kontaktieren-sie-uns\/\" target=\"_blank\" rel=\"noopener\">https:\/\/teflonx.com\/contact-us\/<\/a><\/p>\n<p><em>Erleben Sie den Unterschied von Teflon X - wo Innovation auf Haltbarkeit trifft.<\/em><\/p>","protected":false},"excerpt":{"rendered":"<p>PTFE-Wellrohre aus hochwertigem Teflon X bieten h\u00f6chste Flexibilit\u00e4t und Langlebigkeit f\u00fcr Branchen wie die Automobil-, Chemie- und Medizintechnik. Diese flexiblen Wellschl\u00e4uche zeichnen sich durch eine glatte Innenwand und eine reduzierte Taltiefe aus, die die Reinigung erleichtert. Das mit spiralf\u00f6rmigem Stahldraht verst\u00e4rkte schwarze Kunststoff-Wellrohr ist knickfest und temperaturbest\u00e4ndig und somit ideal f\u00fcr individuelle Gr\u00f6\u00dfen und raue Umgebungen.<\/p>","protected":false},"featured_media":405,"comment_status":"open","ping_status":"closed","template":"","meta":{"site-sidebar-layout":"default","site-content-layout":"","ast-site-content-layout":"default","site-content-style":"default","site-sidebar-style":"default","ast-global-header-display":"","ast-banner-title-visibility":"","ast-main-header-display":"","ast-hfb-above-header-display":"","ast-hfb-below-header-display":"","ast-hfb-mobile-header-display":"","site-post-title":"","ast-breadcrumbs-content":"","ast-featured-img":"","footer-sml-layout":"","ast-disable-related-posts":"","theme-transparent-header-meta":"default","adv-header-id-meta":"","stick-header-meta":"","header-above-stick-meta":"","header-main-stick-meta":"","header-below-stick-meta":"","astra-migrate-meta-layouts":"set","ast-page-background-enabled":"default","ast-page-background-meta":{"desktop":{"background-color":"var(--ast-global-color-5)","background-image":"","background-repeat":"repeat","background-position":"center center","background-size":"auto","background-attachment":"scroll","background-type":"","background-media":"","overlay-type":"","overlay-color":"","overlay-opacity":"","overlay-gradient":""},"tablet":{"background-color":"","background-image":"","background-repeat":"repeat","background-position":"center center","background-size":"auto","background-attachment":"scroll","background-type":"","background-media":"","overlay-type":"","overlay-color":"","overlay-opacity":"","overlay-gradient":""},"mobile":{"background-color":"","background-image":"","background-repeat":"repeat","background-position":"center center","background-size":"auto","background-attachment":"scroll","background-type":"","background-media":"","overlay-type":"","overlay-color":"","overlay-opacity":"","overlay-gradient":""}},"ast-content-background-meta":{"desktop":{"background-color":"var(--ast-global-color-4)","background-image":"","background-repeat":"repeat","background-position":"center center","background-size":"auto","background-attachment":"scroll","background-type":"","background-media":"","overlay-type":"","overlay-color":"","overlay-opacity":"","overlay-gradient":""},"tablet":{"background-color":"var(--ast-global-color-4)","background-image":"","background-repeat":"repeat","background-position":"center center","background-size":"auto","background-attachment":"scroll","background-type":"","background-media":"","overlay-type":"","overlay-color":"","overlay-opacity":"","overlay-gradient":""},"mobile":{"background-color":"var(--ast-global-color-4)","background-image":"","background-repeat":"repeat","background-position":"center center","background-size":"auto","background-attachment":"scroll","background-type":"","background-media":"","overlay-type":"","overlay-color":"","overlay-opacity":"","overlay-gradient":""}}},"product_brand":[290],"product_cat":[42],"product_tag":[97,93,95,96,52,94],"class_list":{"0":"post-404","1":"product","2":"type-product","3":"status-publish","4":"has-post-thumbnail","6":"product_brand-teflon-x","7":"product_cat-ptfe-corrugated-hoses","8":"product_tag-black-plastic-corrugated-pipe","9":"product_tag-corrugated-flexible-hose","10":"product_tag-corrugated-hose","11":"product_tag-flexible-corrugated-pipe","12":"product_tag-ptfe-hoses","13":"product_tag-teflon-hoses","14":"desktop-align-left","15":"tablet-align-left","16":"mobile-align-left","18":"first","19":"instock","20":"shipping-taxable","21":"product-type-simple"},"_links":{"self":[{"href":"https:\/\/teflonx.com\/de\/wp-json\/wp\/v2\/product\/404","targetHints":{"allow":["GET"]}}],"collection":[{"href":"https:\/\/teflonx.com\/de\/wp-json\/wp\/v2\/product"}],"about":[{"href":"https:\/\/teflonx.com\/de\/wp-json\/wp\/v2\/types\/product"}],"replies":[{"embeddable":true,"href":"https:\/\/teflonx.com\/de\/wp-json\/wp\/v2\/comments?post=404"}],"wp:featuredmedia":[{"embeddable":true,"href":"https:\/\/teflonx.com\/de\/wp-json\/wp\/v2\/media\/405"}],"wp:attachment":[{"href":"https:\/\/teflonx.com\/de\/wp-json\/wp\/v2\/media?parent=404"}],"wp:term":[{"taxonomy":"product_brand","embeddable":true,"href":"https:\/\/teflonx.com\/de\/wp-json\/wp\/v2\/product_brand?post=404"},{"taxonomy":"product_cat","embeddable":true,"href":"https:\/\/teflonx.com\/de\/wp-json\/wp\/v2\/product_cat?post=404"},{"taxonomy":"product_tag","embeddable":true,"href":"https:\/\/teflonx.com\/de\/wp-json\/wp\/v2\/product_tag?post=404"}],"curies":[{"name":"wp","href":"https:\/\/api.w.org\/{rel}","templated":true}]}}