{"id":418,"date":"2025-03-27T09:07:17","date_gmt":"2025-03-27T09:07:17","guid":{"rendered":"https:\/\/teflonx.com\/?post_type=product&#038;p=418"},"modified":"2026-01-01T13:52:14","modified_gmt":"2026-01-01T13:52:14","slug":"schwarzes-ptfe-gewelltes-rohr","status":"publish","type":"product","link":"https:\/\/teflonx.com\/de\/product\/schwarzes-ptfe-gewelltes-rohr\/","title":{"rendered":"Schwarzes PTFE-Wellrohr \u2013 Flexibler Schlauch f\u00fcr die Automobilindustrie"},"content":{"rendered":"<h2>Schwarzes PTFE-Wellrohr \u2013 Flexibler Schlauch f\u00fcr die Automobilindustrie<\/h2>\n<p>Willkommen bei <strong><a href=\"https:\/\/teflonx.com\/de\/\" target=\"_blank\" rel=\"noopener\">Teflon X<\/a><\/strong>Ihre erste Adresse f\u00fcr fortschrittliche Fl\u00fcssigkeitstransferl\u00f6sungen. Wir freuen uns, Ihnen unsere Hochleistungs <strong>Schwarze PTFE-Wellrohre<\/strong>eine spezialisierte L\u00f6sung, die den anspruchsvollen Standards der Automobil- und Medizinbranche entspricht. Als Marktf\u00fchrer ist unser <strong>PTFE-Schl\u00e4uche<\/strong> sind so konzipiert, dass sie eine erstklassige Weichheit, au\u00dfergew\u00f6hnliche Haltbarkeit und eine hervorragende Fl\u00fcssigkeitsabgabe bieten.<\/p>\n<p>Ob Sie nun komplexe K\u00fchlsysteme f\u00fcr Kraftfahrzeuge oder medizinische Pr\u00e4zisionsger\u00e4te entwickeln, unsere <strong>schwarzes Kunststoffwellrohr<\/strong> bietet die perfekte Balance zwischen Flexibilit\u00e4t und struktureller Integrit\u00e4t. Er ist nicht nur ein Schlauch, sondern eine entscheidende Komponente f\u00fcr die Gew\u00e4hrleistung von Effizienz und Sicherheit in Ihrem Betrieb.<\/p>\n<h3>Unerreichte Flexibilit\u00e4t und strukturelle Verst\u00e4rkung<\/h3>\n<p>Das entscheidende Merkmal unserer <strong>flexibles Wellrohr<\/strong> ist seine einzigartige Konstruktion. Im Gegensatz zu Standardschl\u00e4uchen ist der Teflon X <strong>gewellter flexibler Schlauch<\/strong> ist mit einer <strong>Spiralf\u00f6rmig gewickelter Stahldraht<\/strong>. Diese fortschrittliche Fertigungstechnik bietet mehrere entscheidende Vorteile:<\/p>\n<ul>\n<li><strong>Knick-Widerstand:<\/strong> Der spiralf\u00f6rmige Stahldraht wirkt wie ein Skelett, das verhindert, dass der Schlauch zusammenf\u00e4llt oder abknickt, selbst wenn er in einem scharfen Winkel gebogen wird. Dies ist entscheidend f\u00fcr Anwendungen im Automobilbereich, wo der Platz knapp und die Verlegung komplex ist.<\/li>\n<li><strong>Vakuum-Widerstand:<\/strong> Die Verst\u00e4rkung sorgt daf\u00fcr, dass der Schlauch auch unter Hochvakuumbedingungen seine Form beh\u00e4lt und einen gleichm\u00e4\u00dfigen Durchfluss garantiert.<\/li>\n<li><strong>Erstklassige Weichheit:<\/strong> Trotz seiner St\u00e4rke beh\u00e4lt das gewellte Design eine ausgezeichnete Flexibilit\u00e4t (Weichheit\"), was eine einfache Installation und Vibrationsd\u00e4mpfung in Maschinen erm\u00f6glicht.<\/li>\n<\/ul>\n<h3>Optimiert f\u00fcr Fluiddynamik und Hygiene<\/h3>\n<p>Bei der effizienten Fl\u00fcssigkeits\u00fcbertragung geht es darum, den Widerstand zu minimieren. Unser <strong>Teflonschl\u00e4uche<\/strong> sind mit einer glatten Innenwand ausgestattet, die die Reibung erheblich reduziert (\"Zero Friction\"). Dieses Konstruktionsmerkmal ist entscheidend f\u00fcr die Aufrechterhaltung des Drucks und der Durchflussraten in Kraftstoff- und \u00d6lleitungen von Kraftfahrzeugen.<\/p>\n<p>Dar\u00fcber hinaus konzentriert sich das interne Design auf <strong>Verringerung der Taltiefe<\/strong> innerhalb der Riffelungen. Im medizinischen und pharmazeutischen Bereich k\u00f6nnen tiefe T\u00e4ler R\u00fcckst\u00e4nde und Bakterien ablagern. Indem wir diese Tiefe minimieren, k\u00f6nnen unsere <strong>Wellschlauch<\/strong> unterst\u00fctzt gr\u00fcndlich <strong>CIP- (Clean-in-Place) und SIP- (Sterilize-in-Place) Reinigung<\/strong> Protokolle, die eine sterile Umgebung gew\u00e4hrleisten und Kreuzkontaminationen verhindern.<\/p>\n<h3>Hohe Leistung in rauen Umgebungen<\/h3>\n<p>Langlebigkeit ist der Kern der Marke Teflon X. Diese <strong>schwarzes Kunststoffwellrohr<\/strong> wird aus hochwertigem PTFE hergestellt, das f\u00fcr seine F\u00e4higkeit bekannt ist, extremen Umgebungen zu widerstehen. Es bietet:<\/p>\n<ul>\n<li><strong>Hohe Temperaturbest\u00e4ndigkeit:<\/strong> Ideal f\u00fcr Motorr\u00e4ume und Industriemaschinen, in denen es zu Hitzespitzen kommen kann.<\/li>\n<li><strong>Hohe Druckbest\u00e4ndigkeit:<\/strong> Unterst\u00fctzt durch den Stahldraht, kann er sicher mit unter Druck stehenden Fl\u00fcssigkeiten umgehen.<\/li>\n<li><strong>Chemische Inertheit:<\/strong> PTFE ist gegen fast alle Chemikalien, S\u00e4uren und L\u00f6sungsmittel best\u00e4ndig und damit eine universelle L\u00f6sung f\u00fcr den Transport gef\u00e4hrlicher Fl\u00fcssigkeiten.<\/li>\n<\/ul>\n<hr \/>\n<h3>Technische Spezifikationen<\/h3>\n<p>Nachstehend finden Sie die detaillierten technischen Parameter f\u00fcr unsere <strong>Schwarze PTFE-Wellrohre<\/strong>So stellen Sie sicher, dass Sie \u00fcber alle Daten verf\u00fcgen, die Sie f\u00fcr Ihre technischen Anforderungen ben\u00f6tigen:<\/p>\n<ul>\n<li><strong>Produktname:<\/strong> Gewelltes Rohr<\/li>\n<li><strong>Produktmarke:<\/strong> Teflon X<\/li>\n<li><strong>Material des Produkts:<\/strong> Hochwertiges PTFE (Polytetrafluorethylen)<\/li>\n<li><strong>Verst\u00e4rkung:<\/strong> Spiralf\u00f6rmig gewickelter Stahldraht (knickbest\u00e4ndig)<\/li>\n<li><strong>Farbe des Produkts:<\/strong> Schwarz<\/li>\n<li><strong>Oberfl\u00e4cheneigenschaften:<\/strong> Null Reibung, reduzierte Taltiefe<\/li>\n<li><strong>Reinigung Kompatibilit\u00e4t:<\/strong> CIP- und SIP-Reinigung<\/li>\n<li><strong>Widerstands-Profil:<\/strong> Best\u00e4ndigkeit gegen Vakuum, hohen Druck und hohe Temperaturen<\/li>\n<li><strong>Anpassung der Verarbeitung:<\/strong> Unterst\u00fctzung (Wir passen uns Ihren Bed\u00fcrfnissen an)<\/li>\n<li><strong>Produktgr\u00f6\u00dfe:<\/strong> Kann individuell angepasst werden (erh\u00e4ltlich in verschiedenen Durchmessern und L\u00e4ngen)<\/li>\n<\/ul>\n<hr \/>\n<h3>Vielseitige Industrieanwendungen<\/h3>\n<p>Obwohl sie speziell f\u00fcr den Einsatz als <strong>Flexibler Schlauch f\u00fcr die Automobilindustrie<\/strong>die Vielseitigkeit unserer <strong>flexibles Wellrohr<\/strong> erstreckt sich auf zahlreiche Sektoren:<\/p>\n<p><strong>1. Automobilindustrie:<\/strong><br \/>\nWird h\u00e4ufig f\u00fcr Kraftstoffleitungen, \u00d6lablassleitungen f\u00fcr Turbolader und K\u00fchlmittelsysteme verwendet. Durch seine Vibrationsfestigkeit und thermische Stabilit\u00e4t ist er herk\u00f6mmlichen Gummischl\u00e4uchen \u00fcberlegen.<\/p>\n<p><strong>2. Medizinische Ausr\u00fcstung:<\/strong><br \/>\nDie Biokompatibilit\u00e4t von PTFE in Kombination mit dem leicht zu reinigenden Design macht es perfekt f\u00fcr den Fl\u00fcssigkeitstransfer in Diagnoseger\u00e4ten und chirurgischen Ger\u00e4ten.<\/p>\n<p><strong>3. Hardware &amp; Digitales:<\/strong><br \/>\nBietet einen robusten Schutz f\u00fcr empfindliche Kabel und Glasfasern in elektronischen Ger\u00e4ten.<\/p>\n<p><strong>4. Chemie und Maschinen:<\/strong><br \/>\nUnverzichtbar f\u00fcr den Transport von aggressiven Chemikalien und Hydraulikfl\u00fcssigkeiten in schweren Industriemaschinen.<\/p>\n<h3>Anpassung und Unterst\u00fctzung<\/h3>\n<p>Wir bei Teflon X wissen, dass L\u00f6sungen von der Stange nicht immer den spezifischen Projektanforderungen entsprechen. Deshalb bieten wir umfassende <strong>Anpassung der Verarbeitung<\/strong>. Ob Sie eine bestimmte Bohrungsgr\u00f6\u00dfe f\u00fcr Ihr <strong>gewellter flexibler Schlauch<\/strong> oder eine einzigartige Montagel\u00e4nge, unser Team arbeitet mit Ihnen zusammen, um die perfekte Passform zu liefern.<\/p>\n<p>W\u00e4hlen Sie die <strong>schwarzes Kunststoffwellrohr<\/strong> dem Profis vertrauen. W\u00e4hlen Sie Teflon X f\u00fcr Zuverl\u00e4ssigkeit, Sicherheit und Leistung.<\/p>\n<h3>Kontaktieren Sie uns heute<\/h3>\n<p>Bereit, Ihre Automobil- oder Industrieprojekte mit dem Besten zu verbessern <strong>PTFE-Schl\u00e4uche<\/strong> auf dem Markt? Wenden Sie sich an unser Vertriebsteam f\u00fcr ein Angebot oder eine technische Beratung.<\/p>\n<p><strong>E-Mail:<\/strong> <a href=\"mailto:allison.ye@teflonx.com\">allison.ye@teflonx.com<\/a><br \/>\n<strong>Besuchen Sie unsere Kontaktseite:<\/strong> <a href=\"https:\/\/teflonx.com\/de\/kontaktieren-sie-uns\/\" target=\"_blank\" rel=\"noopener\">https:\/\/teflonx.com\/contact-us\/<\/a><\/p>\n<p><em>Erleben Sie den Unterschied von Teflon X - wo Innovation auf Haltbarkeit trifft.<\/em><\/p>","protected":false},"excerpt":{"rendered":"<p>Schwarze PTFE-Wellrohre aus Teflon X bieten h\u00f6chste Weichheit und optimalen Fl\u00fcssigkeitsaussto\u00df f\u00fcr Anwendungen im Automobil- und Medizinbereich. Diese flexiblen Wellschl\u00e4uche reduzieren Reibung und Taltiefe f\u00fcr effiziente Reinigung und optimale Leistung. Die spiralf\u00f6rmige Stahlverst\u00e4rkung sorgt f\u00fcr Knickfestigkeit und macht diesen Teflonschlauch ideal f\u00fcr Hochtemperaturanwendungen.<\/p>","protected":false},"featured_media":407,"comment_status":"open","ping_status":"closed","template":"","meta":{"site-sidebar-layout":"default","site-content-layout":"","ast-site-content-layout":"default","site-content-style":"default","site-sidebar-style":"default","ast-global-header-display":"","ast-banner-title-visibility":"","ast-main-header-display":"","ast-hfb-above-header-display":"","ast-hfb-below-header-display":"","ast-hfb-mobile-header-display":"","site-post-title":"","ast-breadcrumbs-content":"","ast-featured-img":"","footer-sml-layout":"","ast-disable-related-posts":"","theme-transparent-header-meta":"default","adv-header-id-meta":"","stick-header-meta":"","header-above-stick-meta":"","header-main-stick-meta":"","header-below-stick-meta":"","astra-migrate-meta-layouts":"set","ast-page-background-enabled":"default","ast-page-background-meta":{"desktop":{"background-color":"var(--ast-global-color-5)","background-image":"","background-repeat":"repeat","background-position":"center center","background-size":"auto","background-attachment":"scroll","background-type":"","background-media":"","overlay-type":"","overlay-color":"","overlay-opacity":"","overlay-gradient":""},"tablet":{"background-color":"","background-image":"","background-repeat":"repeat","background-position":"center center","background-size":"auto","background-attachment":"scroll","background-type":"","background-media":"","overlay-type":"","overlay-color":"","overlay-opacity":"","overlay-gradient":""},"mobile":{"background-color":"","background-image":"","background-repeat":"repeat","background-position":"center center","background-size":"auto","background-attachment":"scroll","background-type":"","background-media":"","overlay-type":"","overlay-color":"","overlay-opacity":"","overlay-gradient":""}},"ast-content-background-meta":{"desktop":{"background-color":"var(--ast-global-color-4)","background-image":"","background-repeat":"repeat","background-position":"center center","background-size":"auto","background-attachment":"scroll","background-type":"","background-media":"","overlay-type":"","overlay-color":"","overlay-opacity":"","overlay-gradient":""},"tablet":{"background-color":"var(--ast-global-color-4)","background-image":"","background-repeat":"repeat","background-position":"center center","background-size":"auto","background-attachment":"scroll","background-type":"","background-media":"","overlay-type":"","overlay-color":"","overlay-opacity":"","overlay-gradient":""},"mobile":{"background-color":"var(--ast-global-color-4)","background-image":"","background-repeat":"repeat","background-position":"center center","background-size":"auto","background-attachment":"scroll","background-type":"","background-media":"","overlay-type":"","overlay-color":"","overlay-opacity":"","overlay-gradient":""}}},"product_brand":[290],"product_cat":[42],"product_tag":[97,93,95,96,52,94],"class_list":{"0":"post-418","1":"product","2":"type-product","3":"status-publish","4":"has-post-thumbnail","6":"product_brand-teflon-x","7":"product_cat-ptfe-corrugated-hoses","8":"product_tag-black-plastic-corrugated-pipe","9":"product_tag-corrugated-flexible-hose","10":"product_tag-corrugated-hose","11":"product_tag-flexible-corrugated-pipe","12":"product_tag-ptfe-hoses","13":"product_tag-teflon-hoses","14":"desktop-align-left","15":"tablet-align-left","16":"mobile-align-left","18":"first","19":"instock","20":"shipping-taxable","21":"product-type-simple"},"_links":{"self":[{"href":"https:\/\/teflonx.com\/de\/wp-json\/wp\/v2\/product\/418","targetHints":{"allow":["GET"]}}],"collection":[{"href":"https:\/\/teflonx.com\/de\/wp-json\/wp\/v2\/product"}],"about":[{"href":"https:\/\/teflonx.com\/de\/wp-json\/wp\/v2\/types\/product"}],"replies":[{"embeddable":true,"href":"https:\/\/teflonx.com\/de\/wp-json\/wp\/v2\/comments?post=418"}],"wp:featuredmedia":[{"embeddable":true,"href":"https:\/\/teflonx.com\/de\/wp-json\/wp\/v2\/media\/407"}],"wp:attachment":[{"href":"https:\/\/teflonx.com\/de\/wp-json\/wp\/v2\/media?parent=418"}],"wp:term":[{"taxonomy":"product_brand","embeddable":true,"href":"https:\/\/teflonx.com\/de\/wp-json\/wp\/v2\/product_brand?post=418"},{"taxonomy":"product_cat","embeddable":true,"href":"https:\/\/teflonx.com\/de\/wp-json\/wp\/v2\/product_cat?post=418"},{"taxonomy":"product_tag","embeddable":true,"href":"https:\/\/teflonx.com\/de\/wp-json\/wp\/v2\/product_tag?post=418"}],"curies":[{"name":"wp","href":"https:\/\/api.w.org\/{rel}","templated":true}]}}