{"id":438,"date":"2025-03-31T15:45:39","date_gmt":"2025-03-31T15:45:39","guid":{"rendered":"https:\/\/teflonx.com\/?post_type=product&#038;p=438"},"modified":"2026-04-02T21:25:26","modified_gmt":"2026-04-02T21:25:26","slug":"ptfe-teflondichtung","status":"publish","type":"product","link":"https:\/\/teflonx.com\/de\/product\/ptfe-teflondichtung\/","title":{"rendered":"Hochtemperatur-PTFE-Teflondichtung f\u00fcr Kugelh\u00e4hne und industrielle Dichtungen"},"content":{"rendered":"<p><!-- Product Introduction --><\/p>\n<h2>Hochtemperatur-PTFE-Teflon-Dichtung f\u00fcr Kugelh\u00e4hne und industrielle Dichtungen<\/h2>\n<p>Willkommen bei <strong>Teflon X<\/strong>Ihre erste Adresse f\u00fcr fortschrittliche industrielle Dichtungsl\u00f6sungen. Unser <strong>Hochtemperatur-PTFE-Teflon-Dichtung<\/strong> wurde sorgf\u00e4ltig entwickelt, um die strengen Anforderungen der modernen Technik zu erf\u00fcllen. Speziell entwickelt f\u00fcr kritische Anwendungen wie <strong>Kugelh\u00e4hne<\/strong> und den Umgang mit korrosiven Medien ist diese Dichtung die ultimative Barriere gegen Leckagen und Umweltbelastungen.<\/p>\n<p>Ganz gleich, ob Sie im \u00d6l- und Gassektor, in chemischen Verarbeitungsanlagen oder in der Schwerindustrie t\u00e4tig sind, die Zuverl\u00e4ssigkeit Ihrer Dichtungskomponenten ist nicht verhandelbar. Unser <strong>PTFE-Dichtung<\/strong> L\u00f6sungen bieten eine un\u00fcbertroffene Langlebigkeit und sorgen daf\u00fcr, dass Ihr Betrieb reibungslos und ohne kostspielige Ausfallzeiten l\u00e4uft.<\/p>\n<hr \/>\n<p><!-- Key Features Section --><\/p>\n<h3>Warum sollten Sie unsere PTFE-Teflon-Dichtungen w\u00e4hlen?<\/h3>\n<p>Das Geheimnis liegt im Material. Polytetrafluorethylen (PTFE), gemeinhin als Teflon bekannt, bietet eine au\u00dfergew\u00f6hnliche chemische Best\u00e4ndigkeit und thermische Stabilit\u00e4t. Im Gegensatz zu herk\u00f6mmlichen Gummi- oder Faserdichtungen ist eine <strong>Teflondichtung<\/strong> zersetzt sich nicht, wenn es aggressiven S\u00e4uren, Laugen oder L\u00f6sungsmitteln ausgesetzt wird. Dies macht es zur bevorzugten Wahl f\u00fcr <strong>Industrielle Abdichtung<\/strong> in rauen Umgebungen.<\/p>\n<ul>\n<li><strong>Best\u00e4ndigkeit gegen extreme Temperaturen:<\/strong> Funktioniert effizient \u00fcber einen weiten Temperaturbereich von -200\u00b0C bis +260\u00b0C und bewahrt die strukturelle Integrit\u00e4t sowohl in kryogenen als auch in Hochtemperaturanwendungen.<\/li>\n<li><strong>Hervorragende chemische Best\u00e4ndigkeit:<\/strong> Die nahezu universelle Best\u00e4ndigkeit gegen Chemikalien sorgt daf\u00fcr, dass unsere Dichtungen nicht mit den Prozessmedien reagieren und somit Reinheit und Sicherheit bewahren.<\/li>\n<li><strong>Niedriger Reibungskoeffizient:<\/strong> Die selbstschmierende Eigenschaft von PTFE verringert den Verschlei\u00df an den Kontaktfl\u00e4chen und verl\u00e4ngert die Lebensdauer Ihres <strong>Kugelh\u00e4hne<\/strong> und Flansche.<\/li>\n<li><strong>Vielseitiges Design:<\/strong> Erh\u00e4ltlich in anpassbaren Formen, einschlie\u00dflich Flach-, Liner- und Ringkonfigurationen zur Anpassung an komplexe mechanische Strukturen.<\/li>\n<\/ul>\n<hr \/>\n<p><!-- Application Areas --><\/p>\n<h3>Optimiert f\u00fcr Kugelh\u00e4hne und kritische Systeme<\/h3>\n<p>In der Welt der Fl\u00fcssigkeitskontrolle, <strong>Kugelh\u00e4hne<\/strong> sind in hohem Ma\u00dfe von der Qualit\u00e4t ihrer Sitze und Dichtungen abh\u00e4ngig. Eine minderwertige Dichtung kann zu fl\u00fcchtigen Emissionen und Systemausf\u00e4llen f\u00fchren. Unser <strong>PTFE-Dichtung<\/strong> Produkte sind pr\u00e4zisionsgefertigt, um auch bei schwankendem Druck eine dichte, leckagefreie Abdichtung zu gew\u00e4hrleisten.<\/p>\n<p>Durch die Integration von Teflon X-Dichtungsl\u00f6sungen aktualisieren Sie Ihre <strong>Industrielle Abdichtung<\/strong> Normen. Von pharmazeutischen Produktionslinien, die einen hohen Reinheitsgrad erfordern, bis hin zu petrochemischen Rohrleitungen, die mit fl\u00fcchtigen Substanzen umgehen, bieten unsere Dichtungen eine gleichbleibende Leistung.<\/p>\n<hr \/>\n<p><!-- Product Specifications Table --><\/p>\n<h3>Produktspezifikationen und Gr\u00f6\u00dfentabelle<\/h3>\n<p>Wir bieten eine breite Palette von Standardgr\u00f6\u00dfen f\u00fcr verschiedene Ventilabmessungen und Flanschnormen an. Nachstehend finden Sie unseren aktuellen Bestand an Gr\u00f6\u00dfen (Innendurchmesser * Au\u00dfendurchmesser). Kundenspezifische Gr\u00f6\u00dfen sind auf Anfrage ebenfalls erh\u00e4ltlich.<\/p>\n<table style=\"border-collapse: collapse; width: 100%; border: 1px solid #ddd;\" border=\"1\">\n<thead>\n<tr style=\"background-color: #f2f2f2;\">\n<th style=\"padding: 12px; text-align: center;\">Produktgr\u00f6\u00dfe (mm)<\/th>\n<th style=\"padding: 12px; text-align: center;\">Produktgr\u00f6\u00dfe (mm)<\/th>\n<\/tr>\n<\/thead>\n<tbody>\n<tr>\n<td style=\"padding: 8px; text-align: center;\">18 * 46 mm<\/td>\n<td style=\"padding: 8px; text-align: center;\">90 * 142 mm<\/td>\n<\/tr>\n<tr>\n<td style=\"padding: 8px; text-align: center;\">22 * 51 mm<\/td>\n<td style=\"padding: 8px; text-align: center;\">116 * 162 mm<\/td>\n<\/tr>\n<tr>\n<td style=\"padding: 8px; text-align: center;\">27 * 61 mm<\/td>\n<td style=\"padding: 8px; text-align: center;\">141 * 162 mm<\/td>\n<\/tr>\n<tr>\n<td style=\"padding: 8px; text-align: center;\">34 * 71 mm<\/td>\n<td style=\"padding: 8px; text-align: center;\">169 * 218 mm<\/td>\n<\/tr>\n<tr>\n<td style=\"padding: 8px; text-align: center;\">43 * 82 mm<\/td>\n<td style=\"padding: 8px; text-align: center;\">222 * 273,1 mm<\/td>\n<\/tr>\n<tr>\n<td style=\"padding: 8px; text-align: center;\">49 * 92 mm<\/td>\n<td style=\"padding: 8px; text-align: center;\">274,6 * 328 mm<\/td>\n<\/tr>\n<tr>\n<td style=\"padding: 8px; text-align: center;\">61 * 107 mm<\/td>\n<td style=\"padding: 8px; text-align: center;\">323 * 374,7 mm<\/td>\n<\/tr>\n<tr>\n<td style=\"padding: 8px; text-align: center;\">77 * 127 mm<\/td>\n<td style=\"padding: 8px; text-align: center;\">Kundenspezifische Gr\u00f6\u00dfen verf\u00fcgbar<\/td>\n<\/tr>\n<\/tbody>\n<\/table>\n<p><em>Hinweis: Die Toleranzen werden streng kontrolliert, um eine perfekte Passform f\u00fcr Ihr Produkt zu gew\u00e4hrleisten. <strong>Kugelh\u00e4hne<\/strong> Montage.<\/em><\/p>\n<hr \/>\n<p><!-- Call to Action \/ Contact Info --><\/p>\n<h3>Kontaktieren Sie Teflon X f\u00fcr individuelle L\u00f6sungen<\/h3>\n<p>Bei <strong>Teflon X<\/strong>verstehen wir, dass jeder <strong>Industrielle Abdichtung<\/strong> Herausforderung ist einzigartig. Wenn Sie die von Ihnen ben\u00f6tigte Gr\u00f6\u00dfe in der obigen Tabelle nicht finden oder wenn Sie eine spezielle Gr\u00f6\u00dfe ben\u00f6tigen <strong>Teflondichtung<\/strong> (z. B. glasgef\u00fclltes oder kohlenstoffgef\u00fclltes PTFE) f\u00fcr verbesserte mechanische Eigenschaften, steht Ihnen unser Ingenieurteam zur Verf\u00fcgung.<\/p>\n<p>Gehen Sie keine Kompromisse bei Sicherheit und Effizienz ein. W\u00e4hlen Sie die Dichtung, der Profis vertrauen.<\/p>\n<p><strong>M\u00f6chten Sie bestellen oder ben\u00f6tigen Sie ein Angebot?<\/strong><\/p>\n<p>Besuchen Sie unsere Website unter <a href=\"https:\/\/teflonx.com\/de\/\" target=\"_blank\" rel=\"noopener noreferrer\">https:\/\/teflonx.com\/<\/a> um unsere gesamte Produktpalette zu erkunden.<\/p>\n<p>F\u00fcr direkte Anfragen, technische Unterst\u00fctzung oder Gro\u00dfbestellungen wenden Sie sich bitte \u00fcber unsere Kontaktseite an uns:<\/p>\n<p style=\"text-align: center;\"><a style=\"background-color: #0073aa; color: white; padding: 10px 20px; text-decoration: none; border-radius: 5px; font-weight: bold;\" href=\"https:\/\/teflonx.com\/de\/kontaktieren-sie-uns\/\" target=\"_blank\" rel=\"noopener noreferrer\">Kontaktieren Sie uns heute<\/a><\/p>\n<p>Sie k\u00f6nnen auch direkt eine E-Mail an unseren Vertriebsmitarbeiter senden: <a href=\"mailto:allison.ye@teflonx.com\">allison.ye@teflonx.com<\/a>.<\/p>","protected":false},"excerpt":{"rendered":"<p>PTFE-Teflondichtungen sind auf extreme Temperaturbest\u00e4ndigkeit (-200 \u00b0C bis +260 \u00b0C) und chemische Best\u00e4ndigkeit ausgelegt und eignen sich ideal zum Abdichten von Hochdruck-Kugelh\u00e4hnen und korrosiven Mediensystemen. Diese Dichtungen gew\u00e4hrleisten Dichtheit in der \u00d6l- und Gasindustrie, der chemischen Verarbeitung und in Industriemaschinen. Anpassbare Formen (flach, Liner oder Ring) passen sich komplexen mechanischen Strukturen an.<\/p>","protected":false},"featured_media":439,"comment_status":"open","ping_status":"closed","template":"","meta":{"site-sidebar-layout":"default","site-content-layout":"","ast-site-content-layout":"default","site-content-style":"default","site-sidebar-style":"default","ast-global-header-display":"","ast-banner-title-visibility":"","ast-main-header-display":"","ast-hfb-above-header-display":"","ast-hfb-below-header-display":"","ast-hfb-mobile-header-display":"","site-post-title":"","ast-breadcrumbs-content":"","ast-featured-img":"","footer-sml-layout":"","theme-transparent-header-meta":"default","adv-header-id-meta":"","stick-header-meta":"","header-above-stick-meta":"","header-main-stick-meta":"","header-below-stick-meta":"","astra-migrate-meta-layouts":"set","ast-page-background-enabled":"default","ast-page-background-meta":{"desktop":{"background-color":"var(--ast-global-color-5)","background-image":"","background-repeat":"repeat","background-position":"center center","background-size":"auto","background-attachment":"scroll","background-type":"","background-media":"","overlay-type":"","overlay-color":"","overlay-opacity":"","overlay-gradient":""},"tablet":{"background-color":"","background-image":"","background-repeat":"repeat","background-position":"center center","background-size":"auto","background-attachment":"scroll","background-type":"","background-media":"","overlay-type":"","overlay-color":"","overlay-opacity":"","overlay-gradient":""},"mobile":{"background-color":"","background-image":"","background-repeat":"repeat","background-position":"center center","background-size":"auto","background-attachment":"scroll","background-type":"","background-media":"","overlay-type":"","overlay-color":"","overlay-opacity":"","overlay-gradient":""}},"ast-content-background-meta":{"desktop":{"background-color":"var(--ast-global-color-4)","background-image":"","background-repeat":"repeat","background-position":"center center","background-size":"auto","background-attachment":"scroll","background-type":"","background-media":"","overlay-type":"","overlay-color":"","overlay-opacity":"","overlay-gradient":""},"tablet":{"background-color":"var(--ast-global-color-4)","background-image":"","background-repeat":"repeat","background-position":"center center","background-size":"auto","background-attachment":"scroll","background-type":"","background-media":"","overlay-type":"","overlay-color":"","overlay-opacity":"","overlay-gradient":""},"mobile":{"background-color":"var(--ast-global-color-4)","background-image":"","background-repeat":"repeat","background-position":"center center","background-size":"auto","background-attachment":"scroll","background-type":"","background-media":"","overlay-type":"","overlay-color":"","overlay-opacity":"","overlay-gradient":""}}},"product_brand":[290],"product_cat":[43],"product_tag":[109,110,107,108],"class_list":{"0":"post-438","1":"product","2":"type-product","3":"status-publish","4":"has-post-thumbnail","6":"product_brand-teflon-x","7":"product_cat-ptfe-gaskets","8":"product_tag-ball-valves","9":"product_tag-industrial-sealing","10":"product_tag-ptfe-gasket","11":"product_tag-teflon-gasket","12":"desktop-align-left","13":"tablet-align-left","14":"mobile-align-left","16":"first","17":"instock","18":"shipping-taxable","19":"product-type-simple"},"_links":{"self":[{"href":"https:\/\/teflonx.com\/de\/wp-json\/wp\/v2\/product\/438","targetHints":{"allow":["GET"]}}],"collection":[{"href":"https:\/\/teflonx.com\/de\/wp-json\/wp\/v2\/product"}],"about":[{"href":"https:\/\/teflonx.com\/de\/wp-json\/wp\/v2\/types\/product"}],"replies":[{"embeddable":true,"href":"https:\/\/teflonx.com\/de\/wp-json\/wp\/v2\/comments?post=438"}],"wp:featuredmedia":[{"embeddable":true,"href":"https:\/\/teflonx.com\/de\/wp-json\/wp\/v2\/media\/439"}],"wp:attachment":[{"href":"https:\/\/teflonx.com\/de\/wp-json\/wp\/v2\/media?parent=438"}],"wp:term":[{"taxonomy":"product_brand","embeddable":true,"href":"https:\/\/teflonx.com\/de\/wp-json\/wp\/v2\/product_brand?post=438"},{"taxonomy":"product_cat","embeddable":true,"href":"https:\/\/teflonx.com\/de\/wp-json\/wp\/v2\/product_cat?post=438"},{"taxonomy":"product_tag","embeddable":true,"href":"https:\/\/teflonx.com\/de\/wp-json\/wp\/v2\/product_tag?post=438"}],"curies":[{"name":"wp","href":"https:\/\/api.w.org\/{rel}","templated":true}]}}