{"id":467,"date":"2025-04-01T05:18:13","date_gmt":"2025-04-01T05:18:13","guid":{"rendered":"https:\/\/teflonx.com\/?post_type=product&#038;p=467"},"modified":"2025-12-09T03:26:01","modified_gmt":"2025-12-09T03:26:01","slug":"uhmwpe-membran-2","status":"publish","type":"product","link":"https:\/\/teflonx.com\/de\/product\/uhmwpe-membran-2\/","title":{"rendered":"UHMWPE-Membranfolie \u2013 selbstschmierendes und schlagfestes Material"},"content":{"rendered":"<h2 id=\"product-overview\">Produkt\u00fcbersicht<\/h2>\n<p>Entdecken Sie die \u00fcberlegene Leistung von <strong>UHMWPE-Membranfolie<\/strong> von Teflon X, ein hochwertiges <strong>UHMW-Polyethylenfolie<\/strong> entwickelt f\u00fcr anspruchsvolle industrielle und gewerbliche Anwendungen. Auch bekannt als <strong>UHMWPE-Folie<\/strong>, <strong>UHMWPE-Membran<\/strong>, <strong>UPE-Folie<\/strong>, oder <strong>UPE-Membran<\/strong>, setzt dieses ultrahochmolekulare Polyethylen-Material (UHMWPE) Ma\u00dfst\u00e4be in Bezug auf Langlebigkeit und Vielseitigkeit. Mit einem Molekulargewicht von \u00fcber 3.000.000 g\/mol bietet unser <strong>UHMWPE<\/strong> Produkt eine au\u00dfergew\u00f6hnliche Verschlei\u00dffestigkeit \u2013 in Umgebungen mit hoher Reibung \u00fcbertrifft es Kohlenstoffstahl um das bis zu 15-fache \u2013 w\u00e4hrend es gleichzeitig selbstschmierende Eigenschaften beibeh\u00e4lt, die den Energieverlust und die Betriebskosten senken.<\/p>\n<p>Die inerte Molekularstruktur dieser <strong>UHMWPE-Membran<\/strong> gew\u00e4hrleistet eine beispiellose Stabilit\u00e4t unter sauren, alkalischen und salzhaltigen Bedingungen, was sie zur idealen Wahl f\u00fcr raue Betriebsumgebungen macht. FDA-konform und ungiftig, ist unsere <strong>UHMW-Polyethylenfolie<\/strong> weit verbreitet in medizinischen Verpackungen, Automobilkomponenten und Filtrationssystemen. Ihre Flexibilit\u00e4t bei niedrigen Temperaturen und hohe Schlagfestigkeit machen sie zur bevorzugten L\u00f6sung f\u00fcr Umgebungen, die kompromisslose Zuverl\u00e4ssigkeit erfordern.<\/p>\n<p>Bei Teflon X sind wir auf Hochleistungswerkstoffe spezialisiert, wie <strong>UHMWPE-Folie<\/strong> um Ihre Innovationen zu unterst\u00fctzen. Besuchen Sie <a href=\"https:\/\/teflonx.com\/de\/\" target=\"_blank\" rel=\"noopener\">teflonx.com<\/a> f\u00fcr weitere Details.<\/p>\n<h2 id=\"key-features-and-benefits\">Hauptfunktionen und Vorteile<\/h2>\n<p>Unser <strong>UHMWPE-Membranfolie<\/strong> zeichnet sich durch die folgenden fortschrittlichen Eigenschaften aus, die sich aus seiner einzigartigen langkettigen Polymerstruktur ableiten:<\/p>\n<ul>\n<li><strong>Au\u00dfergew\u00f6hnliche Verschlei\u00dffestigkeit<\/strong>: Bis zu 15-mal abriebfester als Kohlenstoffstahl, ideal f\u00fcr Anwendungen mit hoher Reibung in Industrieauskleidungen und Maschinenteilen.<\/li>\n<li><strong>Selbstschmierende Oberfl\u00e4che<\/strong>: Ultraniedriger Reibungskoeffizient (vergleichbar mit PTFE), der den Energieverlust minimiert und die Lebensdauer von Bauteilen in Getrieben, F\u00fchrungsschienen und F\u00f6rdersystemen verl\u00e4ngert.<\/li>\n<li><strong>\u00dcberlegene Schlagfestigkeit<\/strong>: H\u00f6chste unter den Thermoplasten, mit einer Streckgrenze von 19,3\u201323 MPa, was die Langlebigkeit in dynamischen Umgebungen wie der Automobil- und Luftfahrtindustrie gew\u00e4hrleistet.<\/li>\n<li><strong>Chemische Inertheit<\/strong>: Best\u00e4ndig gegen konzentrierte S\u00e4uren, Laugen und organische L\u00f6sungsmittel, mit minimaler Feuchtigkeitsaufnahme f\u00fcr eine stabile Leistung in korrosiven Umgebungen.<\/li>\n<li><strong>Tieftemperaturflexibilit\u00e4t<\/strong>: Funktioniert effektiv von -200 \u00b0C bis +80 \u00b0C und beh\u00e4lt seine Z\u00e4higkeit ohne Spr\u00f6digkeit bei.<\/li>\n<li><strong>Biokompatibilit\u00e4t und Sicherheit<\/strong>: FDA-zugelassen, geruchlos, geschmacksneutral und ungiftig, ideal f\u00fcr medizinische und Lebensmittelkontakt-Anwendungen.<\/li>\n<li><strong>Por\u00f6se Vielseitigkeit<\/strong>: Erh\u00e4ltlich in mikropor\u00f6sen Formaten f\u00fcr verbesserte Filtration, Atmungsaktivit\u00e4t und Trennung in Lithium-Ionen-Batterien, Superkondensatoren und Ger\u00fcsten f\u00fcr das Tissue Engineering.<\/li>\n<\/ul>\n<p>Das <strong>UPE-Membran<\/strong> kombiniert die besten Eigenschaften von Polyethylen hoher Dichte (HDPE) mit verst\u00e4rkter Z\u00e4higkeit und bietet eine kosteng\u00fcnstige Alternative zu Metallen und anderen Polymeren.<\/p>\n<h2 id=\"applications\">Anwendungen<\/h2>\n<p>Teflon X <strong>UHMWPE-Folie<\/strong> zeichnet sich in verschiedenen Sektoren durch seine robusten mechanischen und chemischen Eigenschaften aus:<\/p>\n<ul>\n<li><strong>Industrielle Filtration und Trennung<\/strong>: Wird aufgrund der hohen Fl\u00fcssigkeitspermeabilit\u00e4t und chemischen Stabilit\u00e4t in chemischen Filtern, Gastrennmembranen und der Abwasserreinigung eingesetzt.<\/li>\n<li><strong>Medizinisch und Biomedizinisch<\/strong>: Orthop\u00e4dische Implantate, Arzneimittelabgabesysteme und sterile Verpackungen profitieren von Biokompatibilit\u00e4t und geringer Reibung.<\/li>\n<li><strong>Automobilindustrie und Luft- und Raumfahrt<\/strong>: Schlagfeste Auskleidungen, Buchsen und leichte Strukturkomponenten zur Gewichtsreduzierung und Leistungssteigerung.<\/li>\n<li><strong>Chemische Verarbeitung<\/strong>: Pumpenk\u00f6rper, Ventile, Lagertanks und Sicherheitsausr\u00fcstung, bei denen Verschlei\u00dffestigkeit und Korrosionsschutz entscheidend sind.<\/li>\n<li><strong>Elektronik und Energie<\/strong>: Mikropor\u00f6se Separatoren in Batterien und Kondensatoren, die Sicherheit und Effizienz gew\u00e4hrleisten.<\/li>\n<li><strong>Allgemeine Fertigung<\/strong>: F\u00f6rderb\u00e4nder, Rutschenauskleidungen und Maschinenschutzvorrichtungen f\u00fcr eine verl\u00e4ngerte Lebensdauer unter abrasiven Bedingungen.<\/li>\n<\/ul>\n<p>Ob Sie nun <strong>UHMWPE-Membranen<\/strong> f\u00fcr die Pr\u00e4zisionsfiltration oder den harten industriellen Einsatz entwickeln \u2013 unser <strong>UPE-Folie<\/strong> liefert zuverl\u00e4ssige, langlebige Ergebnisse.<\/p>\n<h2 id=\"technical-specifications\">Technische Spezifikationen<\/h2>\n<p>Nachfolgend finden Sie eine umfassende Tabelle der Standardparameter f\u00fcr die <strong>UHMWPE-Membranfolie<\/strong>. Kundenspezifische Spezifikationen sind auf Anfrage erh\u00e4ltlich \u2013 kontaktieren Sie uns f\u00fcr ma\u00dfgeschneiderte <strong>UHMW-Polyethylenfolie<\/strong> L\u00f6sungen.<\/p>\n<table>\n<thead>\n<tr>\n<th>Eigentum<\/th>\n<th>Wert\/Bereich<\/th>\n<th>Pr\u00fcfstandard\/Hinweise<\/th>\n<\/tr>\n<\/thead>\n<tbody>\n<tr>\n<td>Materialtyp<\/td>\n<td>Ultrahochmolekulares Polyethylen (UHMWPE)<\/td>\n<td>ASTM D4020<\/td>\n<\/tr>\n<tr>\n<td>Molekulargewicht<\/td>\n<td>&gt;3.000.000 g\/mol<\/td>\n<td>Gel-Permeations-Chromatographie<\/td>\n<\/tr>\n<tr>\n<td>Dichte<\/td>\n<td>0,93 g\/cm\u00b3<\/td>\n<td>ASTM D792<\/td>\n<\/tr>\n<tr>\n<td>Streckgrenze<\/td>\n<td>19,3\u201323 MPa<\/td>\n<td>ASTM D638<\/td>\n<\/tr>\n<tr>\n<td>Dehnung beim Bruch<\/td>\n<td>&gt;300 %<\/td>\n<td>ASTM D638<\/td>\n<\/tr>\n<tr>\n<td>Shore-D-H\u00e4rte<\/td>\n<td>60\u201365<\/td>\n<td>ASTM D2240<\/td>\n<\/tr>\n<tr>\n<td>Schlagz\u00e4higkeit (Izod)<\/td>\n<td>Kein Bruch (ungekerbt)<\/td>\n<td>H\u00f6chster Wert unter Thermoplasten<\/td>\n<\/tr>\n<tr>\n<td>Reibungskoeffizient<\/td>\n<td>0,05\u20130,15 (dynamisch)<\/td>\n<td>Vergleichbar mit PTFE<\/td>\n<\/tr>\n<tr>\n<td>Verschlei\u00dffestigkeit<\/td>\n<td>15x Kohlenstoffstahl<\/td>\n<td>Taber-Abriebtest<\/td>\n<\/tr>\n<tr>\n<td>Betriebstemperatur<\/td>\n<td>-200 \u00b0C bis +80 \u00b0C<\/td>\n<td>Dauereinsatz<\/td>\n<\/tr>\n<tr>\n<td>Chemische Best\u00e4ndigkeit<\/td>\n<td>Ausgezeichnet (S\u00e4uren, Laugen, L\u00f6sungsmittel)<\/td>\n<td>Au\u00dfer oxidierende S\u00e4uren<\/td>\n<\/tr>\n<tr>\n<td>Wasseraufnahme<\/td>\n<td>&lt;0,01 % (24 Std.)<\/td>\n<td>ASTM D570<\/td>\n<\/tr>\n<tr>\n<td>Dicke<\/td>\n<td>0,1\u20135 mm<\/td>\n<td>Anpassbar<\/td>\n<\/tr>\n<tr>\n<td>Breite<\/td>\n<td>Bis zu 2 m<\/td>\n<td>Rollen- oder Bogenformat<\/td>\n<\/tr>\n<tr>\n<td>FDA-Konformit\u00e4t<\/td>\n<td>Ja (Ungiftig, lebensmittelecht)<\/td>\n<td>21 CFR 177.1520<\/td>\n<\/tr>\n<tr>\n<td>Porosit\u00e4t (mikropor\u00f6s)<\/td>\n<td>30\u201370% (Optional)<\/td>\n<td>F\u00fcr Filtrationsgrade<\/td>\n<\/tr>\n<\/tbody>\n<\/table>\n<p><em>Hinweis: Die Werte sind typisch und k\u00f6nnen je nach Verarbeitung und Sorte variieren. Detaillierte Datenbl\u00e4tter finden Sie unter <a href=\"https:\/\/teflonx.com\/de\/\" target=\"_blank\" rel=\"noopener\">teflonx.com<\/a>.<\/em><\/p>\n<h2 id=\"why-choose-teflon-x-\">Warum Teflon X w\u00e4hlen?<\/h2>\n<p>Als f\u00fchrender Anbieter von fortschrittlichen Polymerl\u00f6sungen liefert Teflon X erstklassige <strong>UHMWPE<\/strong> Produkte, die durch strenge Qualit\u00e4tskontrollen und Innovationen gest\u00fctzt werden. Unser <strong>UHMWPE-Membran<\/strong> wird so gefertigt, dass Industriestandards \u00fcbertroffen werden, was eine nahtlose Integration in Ihre Betriebsabl\u00e4ufe gew\u00e4hrleistet. Mit weltweitem Versand und fachkundiger Unterst\u00fctzung sind wir Ihr zuverl\u00e4ssiger Partner f\u00fcr <strong>UPE-Membran<\/strong> Exzellenz.<\/p>\n<p>Bereit, Ihre Projekte mit unseren selbstschmierenden <strong>UHMW-Polyethylenfolie<\/strong>? Erfahren Sie mehr unter <a href=\"https:\/\/teflonx.com\/de\/\" target=\"_blank\" rel=\"noopener\">teflonx.com<\/a> oder kontaktieren Sie uns \u00fcber unser <a href=\"https:\/\/teflonx.com\/de\/kontaktieren-sie-uns\/\" target=\"_blank\" rel=\"noopener\">Kontaktseite<\/a>. F\u00fcr Anfragen senden Sie eine E-Mail an <strong>Allison.Ye@teflonx.com<\/strong>.<\/p>\n<hr \/>","protected":false},"excerpt":{"rendered":"<p>UPE-Membranen (Ultrahochmolekulare Polyethylenfolien) bieten eine au\u00dfergew\u00f6hnliche Verschlei\u00dffestigkeit und \u00fcbertreffen Kohlenstoffstahl in Umgebungen mit hoher Reibung um das Achtfache. Ihre inerte Molekularstruktur gew\u00e4hrleistet Stabilit\u00e4t in sauren, alkalischen und salzhaltigen Umgebungen. Diese selbstschmierende Folie eignet sich ideal f\u00fcr industrielle Auskleidungen und Filtersysteme. Sie reduziert Energieverluste und beh\u00e4lt gleichzeitig ihre Flexibilit\u00e4t bei niedrigen Temperaturen. Sie ist FDA-konform und ungiftig und wird h\u00e4ufig in medizinischen Verpackungen und im Automobilbereich eingesetzt.<\/p>","protected":false},"featured_media":459,"comment_status":"open","ping_status":"closed","template":"","meta":{"site-sidebar-layout":"default","site-content-layout":"","ast-site-content-layout":"default","site-content-style":"default","site-sidebar-style":"default","ast-global-header-display":"","ast-banner-title-visibility":"","ast-main-header-display":"","ast-hfb-above-header-display":"","ast-hfb-below-header-display":"","ast-hfb-mobile-header-display":"","site-post-title":"","ast-breadcrumbs-content":"","ast-featured-img":"","footer-sml-layout":"","ast-disable-related-posts":"","theme-transparent-header-meta":"default","adv-header-id-meta":"","stick-header-meta":"","header-above-stick-meta":"","header-main-stick-meta":"","header-below-stick-meta":"","astra-migrate-meta-layouts":"set","ast-page-background-enabled":"default","ast-page-background-meta":{"desktop":{"background-color":"var(--ast-global-color-5)","background-image":"","background-repeat":"repeat","background-position":"center center","background-size":"auto","background-attachment":"scroll","background-type":"","background-media":"","overlay-type":"","overlay-color":"","overlay-opacity":"","overlay-gradient":""},"tablet":{"background-color":"","background-image":"","background-repeat":"repeat","background-position":"center center","background-size":"auto","background-attachment":"scroll","background-type":"","background-media":"","overlay-type":"","overlay-color":"","overlay-opacity":"","overlay-gradient":""},"mobile":{"background-color":"","background-image":"","background-repeat":"repeat","background-position":"center center","background-size":"auto","background-attachment":"scroll","background-type":"","background-media":"","overlay-type":"","overlay-color":"","overlay-opacity":"","overlay-gradient":""}},"ast-content-background-meta":{"desktop":{"background-color":"var(--ast-global-color-4)","background-image":"","background-repeat":"repeat","background-position":"center center","background-size":"auto","background-attachment":"scroll","background-type":"","background-media":"","overlay-type":"","overlay-color":"","overlay-opacity":"","overlay-gradient":""},"tablet":{"background-color":"var(--ast-global-color-4)","background-image":"","background-repeat":"repeat","background-position":"center center","background-size":"auto","background-attachment":"scroll","background-type":"","background-media":"","overlay-type":"","overlay-color":"","overlay-opacity":"","overlay-gradient":""},"mobile":{"background-color":"var(--ast-global-color-4)","background-image":"","background-repeat":"repeat","background-position":"center center","background-size":"auto","background-attachment":"scroll","background-type":"","background-media":"","overlay-type":"","overlay-color":"","overlay-opacity":"","overlay-gradient":""}}},"product_brand":[290],"product_cat":[502],"product_tag":[146,142,145,144,147,143],"class_list":{"0":"post-467","1":"product","2":"type-product","3":"status-publish","4":"has-post-thumbnail","6":"product_brand-teflon-x","7":"product_cat-uhmwpe-flim","8":"product_tag-uhmw-polyethylene-film","9":"product_tag-uhmwpe","10":"product_tag-uhmwpe-film","11":"product_tag-uhmwpe-menbrane","12":"product_tag-upe-film","13":"product_tag-upe-menbrane","14":"desktop-align-left","15":"tablet-align-left","16":"mobile-align-left","18":"first","19":"instock","20":"shipping-taxable","21":"product-type-simple"},"_links":{"self":[{"href":"https:\/\/teflonx.com\/de\/wp-json\/wp\/v2\/product\/467","targetHints":{"allow":["GET"]}}],"collection":[{"href":"https:\/\/teflonx.com\/de\/wp-json\/wp\/v2\/product"}],"about":[{"href":"https:\/\/teflonx.com\/de\/wp-json\/wp\/v2\/types\/product"}],"replies":[{"embeddable":true,"href":"https:\/\/teflonx.com\/de\/wp-json\/wp\/v2\/comments?post=467"}],"wp:featuredmedia":[{"embeddable":true,"href":"https:\/\/teflonx.com\/de\/wp-json\/wp\/v2\/media\/459"}],"wp:attachment":[{"href":"https:\/\/teflonx.com\/de\/wp-json\/wp\/v2\/media?parent=467"}],"wp:term":[{"taxonomy":"product_brand","embeddable":true,"href":"https:\/\/teflonx.com\/de\/wp-json\/wp\/v2\/product_brand?post=467"},{"taxonomy":"product_cat","embeddable":true,"href":"https:\/\/teflonx.com\/de\/wp-json\/wp\/v2\/product_cat?post=467"},{"taxonomy":"product_tag","embeddable":true,"href":"https:\/\/teflonx.com\/de\/wp-json\/wp\/v2\/product_tag?post=467"}],"curies":[{"name":"wp","href":"https:\/\/api.w.org\/{rel}","templated":true}]}}