{"id":489,"date":"2025-04-01T16:07:34","date_gmt":"2025-04-01T16:07:34","guid":{"rendered":"https:\/\/teflonx.com\/?post_type=product&#038;p=489"},"modified":"2026-01-01T14:24:03","modified_gmt":"2026-01-01T14:24:03","slug":"ptfe-schalfolie","status":"publish","type":"product","link":"https:\/\/teflonx.com\/de\/product\/ptfe-schalfolie\/","title":{"rendered":"Hochtemperaturbest\u00e4ndige PTFE-Sch\u00e4lfolie f\u00fcr industrielle Dichtungen"},"content":{"rendered":"<div class=\"product-description\">\n<h2>Hochtemperaturbest\u00e4ndige PTFE-Schaumfolie f\u00fcr industrielle Dichtungen und Dichtungsringe<\/h2>\n<p>Willkommen bei <strong>Teflon X<\/strong>Ihre erste Adresse f\u00fcr leistungsstarke Fluorpolymer-L\u00f6sungen. Unser <a href=\"https:\/\/teflonx.com\/de\/\" target=\"_blank\" rel=\"noopener\"><strong>PTFE-Sch\u00e4lfolie<\/strong><\/a> wurde entwickelt, um die strengsten Anforderungen der modernen Industrie zu erf\u00fcllen. Ganz gleich, ob Sie eine \u00fcberlegene chemische Best\u00e4ndigkeit, eine au\u00dfergew\u00f6hnliche thermische Stabilit\u00e4t oder einen niedrigen Reibungskoeffizienten ben\u00f6tigen, unsere gesch\u00e4lten PTFE-Materialien bieten un\u00fcbertroffene Zuverl\u00e4ssigkeit.<\/p>\n<h3>Was ist PTFE Skived Film?<\/h3>\n<p><strong>PTFE-Sch\u00e4lfolie<\/strong> wird durch ein spezielles Verfahren hergestellt, bei dem ein gro\u00dfer Kn\u00fcppel aus Polytetrafluorethylen (PTFE) gesponnen und zu einer kontinuierlichen d\u00fcnnen Platte geschabt wird. Diese einzigartige Herstellungsmethode gew\u00e4hrleistet eine gleichm\u00e4\u00dfige Dicke und gleichbleibende Materialeigenschaften \u00fcber die gesamte Rolle. Das Ergebnis ist, <strong>gesch\u00e4lte Folie<\/strong> bietet eine vielseitige L\u00f6sung f\u00fcr Anwendungen, die von der elektrischen Isolierung bis zu hochintegrierten industriellen Dichtungen reichen.<\/p>\n<p>Bei Teflon X, unserem <strong>gesch\u00e4ltes PTFE<\/strong> Produkte sind f\u00fcr ihre Anpassungsf\u00e4higkeit bekannt. Die Folie beh\u00e4lt ihre strukturelle Integrit\u00e4t auch bei extremen Temperaturschwankungen, was sie zu einem wichtigen Bestandteil in der Luft- und Raumfahrt, der chemischen Verarbeitung und der Medizin macht.<\/p>\n<h3>Hauptfunktionen und Vorteile<\/h3>\n<p>Unser <strong>gesch\u00e4ltes Teflon<\/strong> (PTFE)-Folien sind so konzipiert, dass sie die Leistung herk\u00f6mmlicher Dichtungsmaterialien \u00fcbertreffen. Die wichtigsten Vorteile sind:<\/p>\n<ul>\n<li><strong>Extreme W\u00e4rmebest\u00e4ndigkeit:<\/strong> Funktioniert effizient in einem Temperaturbereich von -200\u00b0C bis +260\u00b0C und gew\u00e4hrleistet Stabilit\u00e4t in kryogenen und hitzigen Umgebungen.<\/li>\n<li><strong>Hervorragende chemische Stabilit\u00e4t:<\/strong> Praktisch inert gegen\u00fcber fast allen Industriechemikalien und L\u00f6sungsmitteln, wodurch es sich ideal f\u00fcr korrosionsbest\u00e4ndige Dichtungen eignet.<\/li>\n<li><strong>Niedriger Reibungskoeffizient:<\/strong> Mit einem Reibungskoeffizienten von nur 0,04 ist diese <strong>PTFE-Sch\u00e4lfolie<\/strong> reduziert den Verschlei\u00df bei dynamischen Anwendungen wie Pumpen und Ventilen.<\/li>\n<li><strong>Mikropor\u00f6se Struktur:<\/strong> Mit einer Porosit\u00e4t von bis zu 85% in bestimmten Qualit\u00e4ten bietet es eine hervorragende Best\u00e4ndigkeit gegen Fl\u00fcssigkeiten und Partikel f\u00fcr Filtrationsanwendungen.<\/li>\n<li><strong>Elektrische Isolierung:<\/strong> Bietet eine hervorragende Durchschlagsfestigkeit, geeignet f\u00fcr Kondensatordielektrika und Drahtisolierungen.<\/li>\n<\/ul>\n<h3>Anwendungen von gesch\u00e4ltem PTFE<\/h3>\n<p>Die Vielseitigkeit von <strong>PTFE gesch\u00e4lt<\/strong> Materialien k\u00f6nnen sie in einem breiten Spektrum von Branchen eingesetzt werden:<\/p>\n<ul>\n<li><strong>Industrielle Versiegelung:<\/strong> Ideal f\u00fcr Dichtungen und Packungen in chemischen Verarbeitungsanlagen, Ventilen und Pumpen, die mit aggressiven Chemikalien in Kontakt kommen.<\/li>\n<li><strong>Luft- und Raumfahrt &amp; Automotive:<\/strong> Wird wegen seiner Hitzebest\u00e4ndigkeit und Antihafteigenschaften in Motorbeschichtungen und Kraftstoffschl\u00e4uchen verwendet.<\/li>\n<li><strong>Medizinische Industrie:<\/strong> in medizinischen Filtrationsmembranen und biokompatiblen Ger\u00e4tekomponenten verwendet werden.<\/li>\n<li><strong>Elektronik:<\/strong> Dient als Hochfrequenzisolierung f\u00fcr Kabel und Leiterplatten.<\/li>\n<\/ul>\n<h3>Technische Spezifikationen<\/h3>\n<p>Nachstehend sind die Standardparameter f\u00fcr unsere hochtemperaturbest\u00e4ndigen <strong>PTFE-Sch\u00e4lfolie<\/strong>. Kundenspezifische Abmessungen sind auf Anfrage erh\u00e4ltlich.<\/p>\n<table style=\"width: 100%; border-collapse: collapse; margin-bottom: 20px;\" border=\"1\">\n<thead>\n<tr style=\"background-color: #f2f2f2;\">\n<th style=\"padding: 10px; text-align: left;\">Eigentum<\/th>\n<th style=\"padding: 10px; text-align: left;\">Wert \/ Beschreibung<\/th>\n<\/tr>\n<\/thead>\n<tbody>\n<tr>\n<td style=\"padding: 10px;\">Materialzusammensetzung<\/td>\n<td style=\"padding: 10px;\">100% Reines PTFE \/ modifiziertes PTFE<\/td>\n<\/tr>\n<tr>\n<td style=\"padding: 10px;\">Temperaturbereich<\/td>\n<td style=\"padding: 10px;\">-200 \u00b0C bis +260 \u00b0C (-328 \u00b0F bis +500 \u00b0F)<\/td>\n<\/tr>\n<tr>\n<td style=\"padding: 10px;\">Dickenbereich<\/td>\n<td style=\"padding: 10px;\">0,025 mm - 5,0 mm (anpassbar)<\/td>\n<\/tr>\n<tr>\n<td style=\"padding: 10px;\">Standardbreite<\/td>\n<td style=\"padding: 10px;\">300mm, 600mm, 1000mm, 1200mm (bis zu 2700mm)<\/td>\n<\/tr>\n<tr>\n<td style=\"padding: 10px;\">Zugfestigkeit<\/td>\n<td style=\"padding: 10px;\">\u2265 20 MPa<\/td>\n<\/tr>\n<tr>\n<td style=\"padding: 10px;\">Dehnung beim Bruch<\/td>\n<td style=\"padding: 10px;\">\u2265 200%<\/td>\n<\/tr>\n<tr>\n<td style=\"padding: 10px;\">Durchschlagsfestigkeit<\/td>\n<td style=\"padding: 10px;\">\u2265 40 kV\/mm<\/td>\n<\/tr>\n<tr>\n<td style=\"padding: 10px;\">Reibungskoeffizient<\/td>\n<td style=\"padding: 10px;\">0,04 (dynamisch)<\/td>\n<\/tr>\n<tr>\n<td style=\"padding: 10px;\">Farbe<\/td>\n<td style=\"padding: 10px;\">Naturwei\u00df (Standard), pigmentiert erh\u00e4ltlich<\/td>\n<\/tr>\n<\/tbody>\n<\/table>\n<h3>Warum sollten Sie Teflon X f\u00fcr Ihren Bedarf an gesch\u00e4umter Folie w\u00e4hlen?<\/h3>\n<p>Bei <strong>Teflon X<\/strong>haben wir uns auf die Pr\u00e4zisionsfertigung spezialisiert. Unser <strong>gesch\u00e4lte Folie<\/strong> Produktionslinie nutzt fortschrittliche Technologie, um enge Toleranzen und makellose Oberfl\u00e4chen zu gew\u00e4hrleisten. Wir verstehen, dass, egal ob Sie es als <strong>gesch\u00e4ltes Teflon<\/strong> oder <strong>PTFE gesch\u00e4lt<\/strong> Bandes wirkt sich die Qualit\u00e4t des Materials direkt auf den Erfolg Ihres Projekts aus.<\/p>\n<p>Wir bieten kundenspezifische L\u00f6sungen, einschlie\u00dflich Oberfl\u00e4chen\u00e4tzung f\u00fcr die Verklebung, Schneiden auf bestimmte Breiten und verschiedene Dickenoptionen, um Ihren spezifischen technischen Anforderungen gerecht zu werden.<\/p>\n<h3>Kontaktieren Sie uns<\/h3>\n<p>Sind Sie bereit, Ihre industriellen Dichtungen oder Filtersysteme mit hochwertigen <strong>PTFE-Sch\u00e4lfolie<\/strong>? Wenden Sie sich noch heute an unser technisches Team, um ein Angebot oder eine Beratung zu erhalten.<\/p>\n<p><strong>E-Mail:<\/strong> <a href=\"mailto:allison.ye@teflonx.com\">allison.ye@teflonx.com<\/a><br \/>\n<strong>Kontaktseite:<\/strong> <a href=\"https:\/\/teflonx.com\/de\/kontaktieren-sie-uns\/\" target=\"_blank\" rel=\"noopener\">Kontakt Teflon X<\/a><br \/>\n<strong>Webseite:<\/strong> <a href=\"https:\/\/teflonx.com\/de\/\" target=\"_blank\" rel=\"noopener\">https:\/\/teflonx.com\/<\/a><\/p>\n<\/div>","protected":false},"excerpt":{"rendered":"<p>PTFE-Sch\u00e4lfolie bietet au\u00dfergew\u00f6hnliche chemische Stabilit\u00e4t und Temperaturbest\u00e4ndigkeit (-200 \u00b0C bis +260 \u00b0C) und eignet sich ideal f\u00fcr Industriedichtungen in Pumpen, Ventilen und chemischen Prozessanlagen[4]. Der niedrige Reibungskoeffizient (0,04) gew\u00e4hrleistet Langlebigkeit in dynamischen Anwendungen, w\u00e4hrend die mikropor\u00f6se Struktur (85% Porosit\u00e4t) Fl\u00fcssigkeits- und Partikelbest\u00e4ndigkeit gew\u00e4hrleistet.<br \/>\n<strong>Anwendungen<\/strong>: Korrosionsbest\u00e4ndige Dichtungen, Beschichtungen f\u00fcr Flugzeugtriebwerke und Filtermembranen in medizinischer Qualit\u00e4t.<\/p>","protected":false},"featured_media":494,"comment_status":"open","ping_status":"closed","template":"","meta":{"site-sidebar-layout":"default","site-content-layout":"","ast-site-content-layout":"default","site-content-style":"default","site-sidebar-style":"default","ast-global-header-display":"","ast-banner-title-visibility":"","ast-main-header-display":"","ast-hfb-above-header-display":"","ast-hfb-below-header-display":"","ast-hfb-mobile-header-display":"","site-post-title":"","ast-breadcrumbs-content":"","ast-featured-img":"","footer-sml-layout":"","ast-disable-related-posts":"","theme-transparent-header-meta":"default","adv-header-id-meta":"","stick-header-meta":"","header-above-stick-meta":"","header-main-stick-meta":"","header-below-stick-meta":"","astra-migrate-meta-layouts":"set","ast-page-background-enabled":"default","ast-page-background-meta":{"desktop":{"background-color":"var(--ast-global-color-5)","background-image":"","background-repeat":"repeat","background-position":"center center","background-size":"auto","background-attachment":"scroll","background-type":"","background-media":"","overlay-type":"","overlay-color":"","overlay-opacity":"","overlay-gradient":""},"tablet":{"background-color":"","background-image":"","background-repeat":"repeat","background-position":"center center","background-size":"auto","background-attachment":"scroll","background-type":"","background-media":"","overlay-type":"","overlay-color":"","overlay-opacity":"","overlay-gradient":""},"mobile":{"background-color":"","background-image":"","background-repeat":"repeat","background-position":"center center","background-size":"auto","background-attachment":"scroll","background-type":"","background-media":"","overlay-type":"","overlay-color":"","overlay-opacity":"","overlay-gradient":""}},"ast-content-background-meta":{"desktop":{"background-color":"var(--ast-global-color-4)","background-image":"","background-repeat":"repeat","background-position":"center center","background-size":"auto","background-attachment":"scroll","background-type":"","background-media":"","overlay-type":"","overlay-color":"","overlay-opacity":"","overlay-gradient":""},"tablet":{"background-color":"var(--ast-global-color-4)","background-image":"","background-repeat":"repeat","background-position":"center center","background-size":"auto","background-attachment":"scroll","background-type":"","background-media":"","overlay-type":"","overlay-color":"","overlay-opacity":"","overlay-gradient":""},"mobile":{"background-color":"var(--ast-global-color-4)","background-image":"","background-repeat":"repeat","background-position":"center center","background-size":"auto","background-attachment":"scroll","background-type":"","background-media":"","overlay-type":"","overlay-color":"","overlay-opacity":"","overlay-gradient":""}}},"product_brand":[290],"product_cat":[44],"product_tag":[152,148,151,149,150],"class_list":{"0":"post-489","1":"product","2":"type-product","3":"status-publish","4":"has-post-thumbnail","6":"product_brand-teflon-x","7":"product_cat-ptfe-film","8":"product_tag-ptfe-skived","9":"product_tag-ptfe-skived-film","10":"product_tag-skived-film","11":"product_tag-skived-ptfe","12":"product_tag-skived-teflon","13":"desktop-align-left","14":"tablet-align-left","15":"mobile-align-left","17":"first","18":"instock","19":"shipping-taxable","20":"product-type-simple"},"_links":{"self":[{"href":"https:\/\/teflonx.com\/de\/wp-json\/wp\/v2\/product\/489","targetHints":{"allow":["GET"]}}],"collection":[{"href":"https:\/\/teflonx.com\/de\/wp-json\/wp\/v2\/product"}],"about":[{"href":"https:\/\/teflonx.com\/de\/wp-json\/wp\/v2\/types\/product"}],"replies":[{"embeddable":true,"href":"https:\/\/teflonx.com\/de\/wp-json\/wp\/v2\/comments?post=489"}],"wp:featuredmedia":[{"embeddable":true,"href":"https:\/\/teflonx.com\/de\/wp-json\/wp\/v2\/media\/494"}],"wp:attachment":[{"href":"https:\/\/teflonx.com\/de\/wp-json\/wp\/v2\/media?parent=489"}],"wp:term":[{"taxonomy":"product_brand","embeddable":true,"href":"https:\/\/teflonx.com\/de\/wp-json\/wp\/v2\/product_brand?post=489"},{"taxonomy":"product_cat","embeddable":true,"href":"https:\/\/teflonx.com\/de\/wp-json\/wp\/v2\/product_cat?post=489"},{"taxonomy":"product_tag","embeddable":true,"href":"https:\/\/teflonx.com\/de\/wp-json\/wp\/v2\/product_tag?post=489"}],"curies":[{"name":"wp","href":"https:\/\/api.w.org\/{rel}","templated":true}]}}