{"id":501,"date":"2025-04-01T16:13:11","date_gmt":"2025-04-01T16:13:11","guid":{"rendered":"https:\/\/teflonx.com\/?post_type=product&#038;p=501"},"modified":"2026-01-01T14:28:38","modified_gmt":"2026-01-01T14:28:38","slug":"teflonfolie-mit-geringer-reibung","status":"publish","type":"product","link":"https:\/\/teflonx.com\/de\/product\/teflonfolie-mit-geringer-reibung\/","title":{"rendered":"Reibungsarme, gesch\u00e4lte Teflonfolie f\u00fcr Luft- und Raumfahrt- und Automobilkomponenten"},"content":{"rendered":"<div class=\"product-description\">\n<h2>Reibungsarme Teflonfolie f\u00fcr Luft- und Raumfahrt- sowie Automobilkomponenten<\/h2>\n<p>Willkommen bei <strong>Teflon X<\/strong>Ihr spezialisierter Partner f\u00fcr hochentwickelte technische Materialien. Wir sind stolz darauf, Ihnen unsere Hochleistungs <strong>Reibungsarme gesch\u00e4lte Teflonfolie<\/strong>ein Material, das sorgf\u00e4ltig entwickelt wurde, um die strengen Standards der Luft- und Raumfahrt- sowie der Automobilbranche zu erf\u00fcllen. Durch die Kombination von Leichtbau mit extremer thermischer Belastbarkeit ist unser <strong>PTFE-Sch\u00e4lfolie<\/strong> dient als entscheidende Komponente in Motoren der n\u00e4chsten Generation, Kraftstoffsystemen und Hochspannungselektronik.<\/p>\n<h3>Was ist reibungsarmes gesch\u00e4ltes PTFE?<\/h3>\n<p><strong>Abgeschnittener Film<\/strong> wird durch ein Pr\u00e4zisionsspanverfahren aus einem gesinterten Polytetrafluorethylen (PTFE)-Block hergestellt. Diese Fertigungstechnik erm\u00f6glicht die Herstellung unglaublich d\u00fcnner, kontinuierlicher Platten mit einer einheitlichen Molekularstruktur. Das Ergebnis ist ein <strong>gesch\u00e4ltes PTFE<\/strong> Material, das eine hohe Zugfestigkeit und Flexibilit\u00e4t beibeh\u00e4lt und gleichzeitig den niedrigsten Reibungskoeffizienten aller festen Materialien aufweist.<\/p>\n<p>Bei Teflon X, unserem <strong>gesch\u00e4ltes Teflon<\/strong> Folien wurden entwickelt, um den Widerstand und die Abnutzung in dynamischen mechanischen Systemen zu verringern, was sie f\u00fcr Branchen, in denen Effizienz und Langlebigkeit von gr\u00f6\u00dfter Bedeutung sind, unverzichtbar macht.<\/p>\n<h3>Entwickelt f\u00fcr Spitzenleistungen in der Luft- und Raumfahrt und im Automobilbau<\/h3>\n<p>Der moderne Transport ist auf Materialien angewiesen, die rauen Umgebungen standhalten k\u00f6nnen, ohne unn\u00f6tiges Gewicht zu verursachen. Unser <strong>PTFE gesch\u00e4lt<\/strong> L\u00f6sung bietet deutliche Vorteile:<\/p>\n<ul>\n<li><strong>Best\u00e4ndigkeit gegen extreme Temperaturen:<\/strong> Dieses Ger\u00e4t ist f\u00fcr den Dauerbetrieb bei bis zu +260\u00b0C (500\u00b0F) geeignet und <strong>gesch\u00e4lte Folie<\/strong> seine strukturelle Integrit\u00e4t in D\u00fcsentriebwerken und Hochleistungsantriebsstr\u00e4ngen von Kraftfahrzeugen bewahrt.<\/li>\n<li><strong>Gewichtsreduzierung:<\/strong> Das au\u00dfergew\u00f6hnliche Verh\u00e4ltnis von Festigkeit zu Gewicht unserer Folie tr\u00e4gt zur Gewichtsreduzierung von Flugzeugen und Fahrzeugen bei, was wiederum zu einer besseren Treibstoffeffizienz f\u00fchrt.<\/li>\n<li><strong>Hervorragende dielektrische Eigenschaften:<\/strong> Als hochwertiger Isolator ist er f\u00fcr den Schutz empfindlicher Avionik- und Elektrofahrzeug-Batteriesysteme vor Hochspannungslichtb\u00f6gen unerl\u00e4sslich.<\/li>\n<li><strong>Chemische Inertheit:<\/strong> Der Film ist undurchl\u00e4ssig f\u00fcr Flugkraftstoffe, Hydraulikfl\u00fcssigkeiten und Kfz-\u00d6le und verhindert Korrosion und Zersetzung in Kraftstoffleitungen und Tankauskleidungen.<\/li>\n<\/ul>\n<h3>Wichtige Anwendungen<\/h3>\n<p>Die Vielseitigkeit unserer <strong>PTFE-Sch\u00e4lfolie<\/strong> kann es in verschiedenen kritischen Anwendungen eingesetzt werden:<\/p>\n<h4>1. Automobil- und Luftfahrmechanik<\/h4>\n<p>Die reibungsarme Oberfl\u00e4che ist ideal f\u00fcr die Auskleidung von Steuerkabeln, Kraftstoffschl\u00e4uchen und Gleitlagern. Sie reduziert den Verschlei\u00df beweglicher Teile erheblich und verl\u00e4ngert die Wartungsintervalle f\u00fcr Flugzeuge und Fahrzeuge.<\/p>\n<h4>2. Elektrische Isolierung<\/h4>\n<p>Aufgrund seiner hohen Durchschlagsfestigkeit ist unser <strong>gesch\u00e4ltes PTFE<\/strong> wird h\u00e4ufig als Isolierfolie f\u00fcr Hochfrequenzkondensatoren, flexible Leiterplatten (PCBs) und als Drahtumwicklung in der Luft- und Raumfahrttechnik verwendet.<\/p>\n<h4>3. Industrielle Fertigung<\/h4>\n<p>Neben Fahrzeugen wird dieses Material auch in F\u00f6rderb\u00e4ndern verwendet, die hitzebest\u00e4ndig und antihaftbeschichtet sein m\u00fcssen, um einen reibungslosen Betrieb in Produktionsanlagen zu gew\u00e4hrleisten.<\/p>\n<h3>Technische Spezifikationen<\/h3>\n<p>Wir bieten <strong>gesch\u00e4ltes Teflon<\/strong> Folien in einer Vielzahl von Dicken und Breiten, die den jeweiligen technischen Entw\u00fcrfen entsprechen. Nachstehend finden Sie die technischen Standardparameter f\u00fcr unsere Folien in Luft- und Raumfahrtqualit\u00e4t.<\/p>\n<table style=\"width: 100%; border-collapse: collapse; margin-bottom: 20px;\" border=\"1\">\n<thead>\n<tr style=\"background-color: #f2f2f2;\">\n<th style=\"padding: 12px; text-align: left;\">Eigentum<\/th>\n<th style=\"padding: 12px; text-align: left;\">Typischer Wert<\/th>\n<\/tr>\n<\/thead>\n<tbody>\n<tr>\n<td style=\"padding: 10px;\">Materialzusammensetzung<\/td>\n<td style=\"padding: 10px;\">Unbehandeltes PTFE (Polytetrafluorethylen)<\/td>\n<\/tr>\n<tr>\n<td style=\"padding: 10px;\">Betriebstemperatur<\/td>\n<td style=\"padding: 10px;\">-200 \u00b0C bis +260 \u00b0C<\/td>\n<\/tr>\n<tr>\n<td style=\"padding: 10px;\">Schmelzpunkt<\/td>\n<td style=\"padding: 10px;\">327\u00b0C<\/td>\n<\/tr>\n<tr>\n<td style=\"padding: 10px;\">Dickenbereich<\/td>\n<td style=\"padding: 10px;\">0,025 mm - 3,0 mm (anpassbar)<\/td>\n<\/tr>\n<tr>\n<td style=\"padding: 10px;\">Dichte<\/td>\n<td style=\"padding: 10px;\">2,15 - 2,20 g\/cm\u00b3<\/td>\n<\/tr>\n<tr>\n<td style=\"padding: 10px;\">Zugfestigkeit<\/td>\n<td style=\"padding: 10px;\">\u2265 25 MPa<\/td>\n<\/tr>\n<tr>\n<td style=\"padding: 10px;\">Dehnung beim Bruch<\/td>\n<td style=\"padding: 10px;\">\u2265 250%<\/td>\n<\/tr>\n<tr>\n<td style=\"padding: 10px;\">Durchschlagsfestigkeit<\/td>\n<td style=\"padding: 10px;\">\u2265 45 kV\/mm (je nach Dicke)<\/td>\n<\/tr>\n<tr>\n<td style=\"padding: 10px;\">Reibungskoeffizient<\/td>\n<td style=\"padding: 10px;\">&lt; 0,05 (statisch und dynamisch)<\/td>\n<\/tr>\n<tr>\n<td style=\"padding: 10px;\">Entflammbarkeit<\/td>\n<td style=\"padding: 10px;\">UL94 V-0 (nicht entflammbar)<\/td>\n<\/tr>\n<\/tbody>\n<\/table>\n<h3>Qualit\u00e4tssicherung bei Teflon X<\/h3>\n<p>In der Luft- und Raumfahrt sowie in der Automobilindustrie ist Materialversagen keine Option. Unter <strong>Teflon X<\/strong>Unser Herstellungsprozess umfasst strenge Qualit\u00e4tspr\u00fcfungen. Wir stellen sicher, dass jede Rolle von <strong>PTFE gesch\u00e4lt<\/strong> Das Band ist frei von L\u00f6chern und Defekten, die die dielektrische Leistung oder die Integrit\u00e4t der Barriere beeintr\u00e4chtigen k\u00f6nnten.<\/p>\n<p>Wir bieten auch ge\u00e4tzte Versionen unserer <strong>gesch\u00e4lte Folie<\/strong> um die Verklebung mit anderen Oberfl\u00e4chen, wie Stahl oder Gummi, zu erm\u00f6glichen, was seinen Nutzen in Verbundstrukturen erweitert.<\/p>\n<h3>Kontakt zu unserem Ingenieurteam<\/h3>\n<p>Sie suchen einen zuverl\u00e4ssigen Lieferanten von hochleistungsf\u00e4higen <strong>gesch\u00e4ltes Teflon<\/strong>? Wenden Sie sich noch heute an Teflon X, um Ihre Spezifikationen zu besprechen oder ein Muster unserer f\u00fcr die Luft- und Raumfahrt geeigneten Materialien anzufordern.<\/p>\n<p><strong>E-Mail:<\/strong> <a href=\"mailto:allison.ye@teflonx.com\">allison.ye@teflonx.com<\/a><br \/>\n<strong>Kontaktseite:<\/strong> <a href=\"https:\/\/teflonx.com\/de\/kontaktieren-sie-uns\/\" target=\"_blank\" rel=\"noopener\">Angebot einholen<\/a><br \/>\n<strong>Webseite:<\/strong> <a href=\"https:\/\/teflonx.com\/de\/\" target=\"_blank\" rel=\"noopener\">https:\/\/teflonx.com\/<\/a><\/p>\n<\/div>","protected":false},"excerpt":{"rendered":"<p>Gesch\u00e4lte Teflonfolie \u00fcberzeugt in der Luft- und Raumfahrt sowie im Automobilbereich durch ihr geringes Gewicht und ihre Hitzebest\u00e4ndigkeit bis 260 \u00b0C[5]. Die reibungsarme Oberfl\u00e4che reduziert den Verschlei\u00df in Kraftstoffsystemen und Motorkomponenten, w\u00e4hrend die dielektrischen Eigenschaften die Leistung in Hochspannungsumgebungen verbessern.<br \/>\n<strong>Anwendungen<\/strong>: Isolierfolien f\u00fcr Kondensatoren, Leiterplatten und F\u00f6rderb\u00e4nder.<\/p>","protected":false},"featured_media":496,"comment_status":"open","ping_status":"closed","template":"","meta":{"site-sidebar-layout":"default","site-content-layout":"","ast-site-content-layout":"default","site-content-style":"default","site-sidebar-style":"default","ast-global-header-display":"","ast-banner-title-visibility":"","ast-main-header-display":"","ast-hfb-above-header-display":"","ast-hfb-below-header-display":"","ast-hfb-mobile-header-display":"","site-post-title":"","ast-breadcrumbs-content":"","ast-featured-img":"","footer-sml-layout":"","ast-disable-related-posts":"","theme-transparent-header-meta":"default","adv-header-id-meta":"","stick-header-meta":"","header-above-stick-meta":"","header-main-stick-meta":"","header-below-stick-meta":"","astra-migrate-meta-layouts":"set","ast-page-background-enabled":"default","ast-page-background-meta":{"desktop":{"background-color":"var(--ast-global-color-5)","background-image":"","background-repeat":"repeat","background-position":"center center","background-size":"auto","background-attachment":"scroll","background-type":"","background-media":"","overlay-type":"","overlay-color":"","overlay-opacity":"","overlay-gradient":""},"tablet":{"background-color":"","background-image":"","background-repeat":"repeat","background-position":"center center","background-size":"auto","background-attachment":"scroll","background-type":"","background-media":"","overlay-type":"","overlay-color":"","overlay-opacity":"","overlay-gradient":""},"mobile":{"background-color":"","background-image":"","background-repeat":"repeat","background-position":"center center","background-size":"auto","background-attachment":"scroll","background-type":"","background-media":"","overlay-type":"","overlay-color":"","overlay-opacity":"","overlay-gradient":""}},"ast-content-background-meta":{"desktop":{"background-color":"var(--ast-global-color-4)","background-image":"","background-repeat":"repeat","background-position":"center center","background-size":"auto","background-attachment":"scroll","background-type":"","background-media":"","overlay-type":"","overlay-color":"","overlay-opacity":"","overlay-gradient":""},"tablet":{"background-color":"var(--ast-global-color-4)","background-image":"","background-repeat":"repeat","background-position":"center center","background-size":"auto","background-attachment":"scroll","background-type":"","background-media":"","overlay-type":"","overlay-color":"","overlay-opacity":"","overlay-gradient":""},"mobile":{"background-color":"var(--ast-global-color-4)","background-image":"","background-repeat":"repeat","background-position":"center center","background-size":"auto","background-attachment":"scroll","background-type":"","background-media":"","overlay-type":"","overlay-color":"","overlay-opacity":"","overlay-gradient":""}}},"product_brand":[290],"product_cat":[44],"product_tag":[152,148,151,149,150],"class_list":{"0":"post-501","1":"product","2":"type-product","3":"status-publish","4":"has-post-thumbnail","6":"product_brand-teflon-x","7":"product_cat-ptfe-film","8":"product_tag-ptfe-skived","9":"product_tag-ptfe-skived-film","10":"product_tag-skived-film","11":"product_tag-skived-ptfe","12":"product_tag-skived-teflon","13":"desktop-align-left","14":"tablet-align-left","15":"mobile-align-left","17":"first","18":"instock","19":"shipping-taxable","20":"product-type-simple"},"_links":{"self":[{"href":"https:\/\/teflonx.com\/de\/wp-json\/wp\/v2\/product\/501","targetHints":{"allow":["GET"]}}],"collection":[{"href":"https:\/\/teflonx.com\/de\/wp-json\/wp\/v2\/product"}],"about":[{"href":"https:\/\/teflonx.com\/de\/wp-json\/wp\/v2\/types\/product"}],"replies":[{"embeddable":true,"href":"https:\/\/teflonx.com\/de\/wp-json\/wp\/v2\/comments?post=501"}],"wp:featuredmedia":[{"embeddable":true,"href":"https:\/\/teflonx.com\/de\/wp-json\/wp\/v2\/media\/496"}],"wp:attachment":[{"href":"https:\/\/teflonx.com\/de\/wp-json\/wp\/v2\/media?parent=501"}],"wp:term":[{"taxonomy":"product_brand","embeddable":true,"href":"https:\/\/teflonx.com\/de\/wp-json\/wp\/v2\/product_brand?post=501"},{"taxonomy":"product_cat","embeddable":true,"href":"https:\/\/teflonx.com\/de\/wp-json\/wp\/v2\/product_cat?post=501"},{"taxonomy":"product_tag","embeddable":true,"href":"https:\/\/teflonx.com\/de\/wp-json\/wp\/v2\/product_tag?post=501"}],"curies":[{"name":"wp","href":"https:\/\/api.w.org\/{rel}","templated":true}]}}