{"id":549,"date":"2025-04-06T09:07:01","date_gmt":"2025-04-06T09:07:01","guid":{"rendered":"https:\/\/teflonx.com\/?post_type=product&#038;p=549"},"modified":"2025-12-29T00:55:04","modified_gmt":"2025-12-29T00:55:04","slug":"flexibler-ptfe-schlauch","status":"publish","type":"product","link":"https:\/\/teflonx.com\/de\/product\/flexibler-ptfe-schlauch\/","title":{"rendered":"Flexible PTFE-Schl\u00e4uche | Antihaft-Teflonschlauch f\u00fcr die Lebensmittel- und Pharmaindustrie"},"content":{"rendered":"<h2>Flexible PTFE-Schl\u00e4uche | Antihaft-Teflonschl\u00e4uche f\u00fcr die Lebensmittel- und Pharmaindustrie<\/h2>\n<p>Willkommen bei <strong><a href=\"https:\/\/teflonx.com\/de\/\" target=\"_blank\" rel=\"noopener\">Teflon X<\/a><\/strong>Ihr vertrauensw\u00fcrdiger globaler <strong>PTFE-Rohrhersteller<\/strong>. In Branchen, in denen Reinheit, Hygiene und Pr\u00e4zision nicht verhandelbar sind, wie z. B. in der pharmazeutischen Produktion und der Lebensmittelverarbeitung, ist die Wahl der Transferlinien entscheidend. Unser Premium <strong>Flexible PTFE-Schl\u00e4uche<\/strong> wurde entwickelt, um diese anspruchsvollen Standards zu erf\u00fcllen, und kombiniert die legend\u00e4ren Antihafteigenschaften von Teflon mit verst\u00e4rkter mechanischer Festigkeit.<\/p>\n<p>Dieses Produkt, das oft als <strong>Teflon umflochtenes Rohr<\/strong>wurde entwickelt, um die h\u00e4ufigen Fehler zu beheben, die bei herk\u00f6mmlichen Gummi- oder Kunststoffschl\u00e4uchen auftreten. Ganz gleich, ob Sie lebensmitteltaugliche \u00d6le, sterile pharmazeutische Pr\u00e4parate oder aggressive Reinigungsmittel transportieren, unsere <strong>Polytetrafluorethylen-Schl\u00e4uche<\/strong> sorgt f\u00fcr Null-Kontamination und maximale betriebliche Effizienz.<\/p>\n<h3>Unverf\u00e4lschte Reinheit und Materialwissenschaft<\/h3>\n<p>Das Herzst\u00fcck unserer Schl\u00e4uche ist die Innenauskleidung aus 100% virgin <strong>PTFE-Teflonschl\u00e4uche<\/strong>. Polytetrafluorethylen (PTFE) ist chemisch inert, d. h. es reagiert nicht mit den Substanzen, die es durchstr\u00f6men. Dies ist eine wichtige Eigenschaft f\u00fcr medizinische und lebensmitteltechnische Anwendungen, bei denen die Aufrechterhaltung der Integrit\u00e4t des Mediums von gr\u00f6\u00dfter Bedeutung ist.<\/p>\n<p>Au\u00dferdem ist die Oberfl\u00e4che unserer <strong>PTFE-Schlauch<\/strong> ist unglaublich glatt und verf\u00fcgt \u00fcber einen der niedrigsten Reibungskoeffizienten aller festen Materialien. Diese \"Antihaft\"-Eigenschaft verhindert das Wachstum von Bakterien und die Ansammlung von Biofilmen, so dass sich die Schl\u00e4uche durch CIP- (Clean-In-Place) oder SIP- (Steam-In-Place) Verfahren leicht reinigen und sterilisieren lassen. Im Gegensatz zu por\u00f6sem Gummi sind unsere <strong>PTFE-ausgekleideter Schlauch<\/strong> beh\u00e4lt keine Geruchs- oder Geschmacksstoffe bei und gew\u00e4hrleistet so die Konsistenz von Charge zu Charge.<\/p>\n<h3>Thermische Stabilit\u00e4t und Umweltbest\u00e4ndigkeit<\/h3>\n<p>Eines der wichtigsten Merkmale der <strong>Teflon X<\/strong> Produktlinie ist die thermische Belastbarkeit. Standard-Sanit\u00e4rschl\u00e4uche zersetzen sich oft bei gro\u00dfer Hitze oder werden bei Frost spr\u00f6de. Doch unsere <strong>flexibler PTFE-Schlauch<\/strong> ist f\u00fcr extreme Bedingungen gebaut. Wie in unseren technischen Spezifikationen beschrieben, behalten diese Rohre ihre Flexibilit\u00e4t und strukturelle Integrit\u00e4t \u00fcber einen enormen Temperaturbereich bei.<\/p>\n<p>Von kryogenen Gefrierverfahren bis hin zur Hochtemperatur-Dampfsterilisation - die <strong>Teflonschl\u00e4uche<\/strong> bleibt stabil. Au\u00dferdem ist es vollkommen resistent gegen UV-Strahlung, Oxidation und Witterungseinfl\u00fcsse und eignet sich daher sowohl f\u00fcr Reinr\u00e4ume als auch f\u00fcr Verarbeitungsanlagen im Freien.<\/p>\n<h3>Produktspezifikationen<\/h3>\n<p>Nachstehend finden Sie die offiziellen Parameter f\u00fcr unser Teflon-Geflechtrohr. Bitte beachten Sie die spezifischen Abmessungen und Widerstandsmerkmale, die dieses Produkt zu einer vielseitigen L\u00f6sung f\u00fcr verschiedene Maschinen machen.<\/p>\n<table style=\"border-collapse: collapse; width: 100%; border: 1px solid #ddd; margin-bottom: 25px;\">\n<tbody>\n<tr style=\"background-color: #f9f9f9;\">\n<td style=\"padding: 12px; border: 1px solid #ddd;\"><strong>Marke<\/strong><\/td>\n<td style=\"padding: 12px; border: 1px solid #ddd;\">Teflon X<\/td>\n<\/tr>\n<tr>\n<td style=\"padding: 12px; border: 1px solid #ddd;\"><strong>Material<\/strong><\/td>\n<td style=\"padding: 12px; border: 1px solid #ddd;\">Ptfe \/ Polytetrafluorethylen<\/td>\n<\/tr>\n<tr style=\"background-color: #f9f9f9;\">\n<td style=\"padding: 12px; border: 1px solid #ddd;\"><strong>ID des Rohrs (Innendurchmesser)<\/strong><\/td>\n<td style=\"padding: 12px; border: 1px solid #ddd;\">6,3 ~ 25,4mm<\/td>\n<\/tr>\n<tr>\n<td style=\"padding: 12px; border: 1px solid #ddd;\"><strong>Temperaturbereich<\/strong><\/td>\n<td style=\"padding: 12px; border: 1px solid #ddd;\">-70 ~ +260\u00b0C<\/td>\n<\/tr>\n<tr style=\"background-color: #f9f9f9;\">\n<td style=\"padding: 12px; border: 1px solid #ddd;\"><strong>Eigenschaften<\/strong><\/td>\n<td style=\"padding: 12px; border: 1px solid #ddd;\">Korrosionsbest\u00e4ndigkeit, hohe und niedrige Temperaturbest\u00e4ndigkeit, hohe Druckbest\u00e4ndigkeit, weich<\/td>\n<\/tr>\n<\/tbody>\n<\/table>\n<h3>Mechanische Festigkeit: Weich und doch stark<\/h3>\n<p>W\u00e4hrend der innere Kern die Fl\u00fcssigkeit handhabt, sorgt die strukturelle Konstruktion f\u00fcr Haltbarkeit. Unser Produkt wird in der Merkmalsliste als \"weich\" beschrieben, was sich auf seine \u00fcberlegene Flexibilit\u00e4t im Vergleich zu starren Rohrleitungen bezieht. Dies erm\u00f6glicht eine einfache Installation in engen Maschinenr\u00e4umen oder dynamischen Anwendungen, bei denen sich der Schlauch mit der Anlage bewegen muss.<\/p>\n<p>Doch \"weich\" bedeutet nicht schwach. Dies ist eine <strong>geflochtener Teflonschlauch aus Edelstahl<\/strong> die hohen Dr\u00fccken standhalten k\u00f6nnen. Das \u00e4u\u00dfere Geflecht wirkt als Drucktr\u00e4ger und verhindert, dass das innere <strong>PTFE-Schlauch<\/strong> unter Last nicht ausdehnen oder platzen. Diese Kombination aus flexiblem Innenfutter und robustem Au\u00dfenschild macht es zum idealen <strong>PTFE-ausgekleideter Schlauch<\/strong> f\u00fcr Hydrauliksysteme, Impulsleitungen und Druckgas\u00fcbertragung.<\/p>\n<h3>Warum sollten Sie Teflon X als Ihren Partner w\u00e4hlen?<\/h3>\n<p><strong>1. Industriekonformit\u00e4t:<\/strong><br \/>\nWir kennen die strengen Anforderungen des Lebensmittel- und Pharmasektors. Unser <strong>Polytetrafluorethylen-Schl\u00e4uche<\/strong> wird unter Einhaltung strenger internationaler Hygienestandards hergestellt.<\/p>\n<p><strong>2. Anpassung:<\/strong><br \/>\nW\u00e4hrend unsere Standard-ID von 6,3 mm bis 25,4 mm reicht, k\u00f6nnen wir als spezielle <strong>PTFE-Rohrhersteller<\/strong>Wir k\u00f6nnen L\u00e4ngen, Anschl\u00fcsse und Flechtmaterialien an Ihre speziellen Projektanforderungen anpassen.<\/p>\n<p><strong>3. Langlebigkeit:<\/strong><br \/>\nInvestitionen in hochwertige <strong>Teflonschl\u00e4uche<\/strong> reduziert die Wartungskosten. Die Korrosionsbest\u00e4ndigkeit gew\u00e4hrleistet eine lange Lebensdauer, selbst beim Umgang mit s\u00e4urehaltigen oder alkalischen Stoffen, die andere Materialien zerst\u00f6ren w\u00fcrden.<\/p>\n<h3>Kontaktieren Sie uns f\u00fcr ein Angebot<\/h3>\n<p>R\u00fcsten Sie Ihre Verarbeitungslinien mit der Zuverl\u00e4ssigkeit von <strong>Teflon X<\/strong> Produkte. Ob Sie ein bestimmtes <strong>flexibler PTFE-Schlauch<\/strong> L\u00f6sung oder Gro\u00dfbestellungen unserer geflochtenen Rohre, unser Team ist bereit, Ihnen zu helfen.<\/p>\n<p><strong>E-Mail:<\/strong> <a href=\"mailto:allison.ye@teflonx.com\">allison.ye@teflonx.com<\/a><br \/>\n<strong>Webseite:<\/strong> <a href=\"https:\/\/teflonx.com\/de\/\" target=\"_blank\" rel=\"noopener\">https:\/\/teflonx.com\/<\/a><br \/>\n<strong>Kontaktseite:<\/strong> <a href=\"https:\/\/teflonx.com\/de\/kontaktieren-sie-uns\/\" target=\"_blank\" rel=\"noopener\">Klicken Sie hier um uns zu kontaktieren<\/a><\/p>","protected":false},"excerpt":{"rendered":"<p>Flexible PTFE-Schl\u00e4uche verf\u00fcgen \u00fcber eine antihaftbeschichtete Oberfl\u00e4che und erf\u00fcllen strenge Hygienestandards f\u00fcr den \u00d6ltransfer in Lebensmittelqualit\u00e4t und die Sterilfiltration pharmazeutischer Produkte. Ihre Biegefestigkeit und thermische Stabilit\u00e4t (-200 \u00b0C bis +260 \u00b0C) gew\u00e4hrleisten zuverl\u00e4ssige Leistung in dynamischen Umgebungen. Individuelle L\u00e4ngen und Flechtoptionen erh\u00e4ltlich.<\/p>","protected":false},"featured_media":539,"comment_status":"open","ping_status":"closed","template":"","meta":{"site-sidebar-layout":"default","site-content-layout":"","ast-site-content-layout":"default","site-content-style":"default","site-sidebar-style":"default","ast-global-header-display":"","ast-banner-title-visibility":"","ast-main-header-display":"","ast-hfb-above-header-display":"","ast-hfb-below-header-display":"","ast-hfb-mobile-header-display":"","site-post-title":"","ast-breadcrumbs-content":"","ast-featured-img":"","footer-sml-layout":"","theme-transparent-header-meta":"default","adv-header-id-meta":"","stick-header-meta":"","header-above-stick-meta":"","header-main-stick-meta":"","header-below-stick-meta":"","astra-migrate-meta-layouts":"set","ast-page-background-enabled":"default","ast-page-background-meta":{"desktop":{"background-color":"var(--ast-global-color-5)","background-image":"","background-repeat":"repeat","background-position":"center center","background-size":"auto","background-attachment":"scroll","background-type":"","background-media":"","overlay-type":"","overlay-color":"","overlay-opacity":"","overlay-gradient":""},"tablet":{"background-color":"","background-image":"","background-repeat":"repeat","background-position":"center center","background-size":"auto","background-attachment":"scroll","background-type":"","background-media":"","overlay-type":"","overlay-color":"","overlay-opacity":"","overlay-gradient":""},"mobile":{"background-color":"","background-image":"","background-repeat":"repeat","background-position":"center center","background-size":"auto","background-attachment":"scroll","background-type":"","background-media":"","overlay-type":"","overlay-color":"","overlay-opacity":"","overlay-gradient":""}},"ast-content-background-meta":{"desktop":{"background-color":"var(--ast-global-color-4)","background-image":"","background-repeat":"repeat","background-position":"center center","background-size":"auto","background-attachment":"scroll","background-type":"","background-media":"","overlay-type":"","overlay-color":"","overlay-opacity":"","overlay-gradient":""},"tablet":{"background-color":"var(--ast-global-color-4)","background-image":"","background-repeat":"repeat","background-position":"center center","background-size":"auto","background-attachment":"scroll","background-type":"","background-media":"","overlay-type":"","overlay-color":"","overlay-opacity":"","overlay-gradient":""},"mobile":{"background-color":"var(--ast-global-color-4)","background-image":"","background-repeat":"repeat","background-position":"center center","background-size":"auto","background-attachment":"scroll","background-type":"","background-media":"","overlay-type":"","overlay-color":"","overlay-opacity":"","overlay-gradient":""}}},"product_brand":[290],"product_cat":[40],"product_tag":[179,174,177,176,173,178,169,175],"class_list":{"0":"post-549","1":"product","2":"type-product","3":"status-publish","4":"has-post-thumbnail","6":"product_brand-teflon-x","7":"product_cat-ptfe-tubes","8":"product_tag-flexible-ptfe-tubing","9":"product_tag-polytetrafluoroethylene-tubing","10":"product_tag-ptfe-lined-hose","11":"product_tag-ptfe-teflon-tubing","12":"product_tag-ptfe-tube","13":"product_tag-ptfe-tube-manufacturer","14":"product_tag-stainless-steel-braided-teflon-hose","15":"product_tag-teflon-tubing","16":"desktop-align-left","17":"tablet-align-left","18":"mobile-align-left","20":"first","21":"instock","22":"shipping-taxable","23":"product-type-simple"},"_links":{"self":[{"href":"https:\/\/teflonx.com\/de\/wp-json\/wp\/v2\/product\/549","targetHints":{"allow":["GET"]}}],"collection":[{"href":"https:\/\/teflonx.com\/de\/wp-json\/wp\/v2\/product"}],"about":[{"href":"https:\/\/teflonx.com\/de\/wp-json\/wp\/v2\/types\/product"}],"replies":[{"embeddable":true,"href":"https:\/\/teflonx.com\/de\/wp-json\/wp\/v2\/comments?post=549"}],"wp:featuredmedia":[{"embeddable":true,"href":"https:\/\/teflonx.com\/de\/wp-json\/wp\/v2\/media\/539"}],"wp:attachment":[{"href":"https:\/\/teflonx.com\/de\/wp-json\/wp\/v2\/media?parent=549"}],"wp:term":[{"taxonomy":"product_brand","embeddable":true,"href":"https:\/\/teflonx.com\/de\/wp-json\/wp\/v2\/product_brand?post=549"},{"taxonomy":"product_cat","embeddable":true,"href":"https:\/\/teflonx.com\/de\/wp-json\/wp\/v2\/product_cat?post=549"},{"taxonomy":"product_tag","embeddable":true,"href":"https:\/\/teflonx.com\/de\/wp-json\/wp\/v2\/product_tag?post=549"}],"curies":[{"name":"wp","href":"https:\/\/api.w.org\/{rel}","templated":true}]}}