{"id":552,"date":"2025-04-06T16:04:37","date_gmt":"2025-04-06T16:04:37","guid":{"rendered":"https:\/\/teflonx.com\/?post_type=product&#038;p=552"},"modified":"2025-12-29T00:54:34","modified_gmt":"2025-12-29T00:54:34","slug":"chemikalienbestandiger-polytetrafluorethylen-schlauch","status":"publish","type":"product","link":"https:\/\/teflonx.com\/de\/product\/chemikalienbestandiger-polytetrafluorethylen-schlauch\/","title":{"rendered":"Chemikalienbest\u00e4ndige Polytetrafluorethylen-Schl\u00e4uche | Lieferant von PTFE-ausgekleideten Schl\u00e4uchen"},"content":{"rendered":"<h2>Chemikalienbest\u00e4ndige Polytetrafluorethylen-Schl\u00e4uche | Lieferant von PTFE-ausgekleideten Schl\u00e4uchen<\/h2>\n<p>Willkommen bei <strong><a href=\"https:\/\/teflonx.com\/de\/\" target=\"_blank\" rel=\"noopener\">Teflon X<\/a><\/strong>, Ihr erstklassiger Partner f\u00fcr fortschrittliche Fl\u00fcssigkeitstransferl\u00f6sungen. In der komplexen Welt der chemischen Verarbeitung und industriellen Fertigung kann die Integrit\u00e4t Ihrer Rohrleitungssysteme \u00fcber den Erfolg Ihres Betriebs entscheiden. Unser <strong>Chemikalienbest\u00e4ndiger Polytetrafluorethylen-Schlauch<\/strong> wurde speziell f\u00fcr den Umgang mit den aggressivsten Fl\u00fcssigkeiten der Welt entwickelt und bietet ein Ma\u00df an Sicherheit und Langlebigkeit, das herk\u00f6mmliche Schl\u00e4uche nicht erreichen k\u00f6nnen. Als engagierter <strong>PTFE-Rohrhersteller<\/strong>, verstehen wir, dass chemische Best\u00e4ndigkeit nicht nur ein Merkmal ist \u2013 sie ist eine Notwendigkeit.<\/p>\n<h3>Ultimative chemische Best\u00e4ndigkeit mit Polytetrafluorethylen-Schl\u00e4uchen<\/h3>\n<p>Das entscheidende Merkmal unseres <strong>PTFE-Teflonschl\u00e4uche<\/strong> ist seine nahezu universelle chemische Inertheit. Der Innenkern wird aus hochreinem PTFE\/Polytetrafluorethylen hergestellt. Dieses Material besitzt eine einzigartige Molekularstruktur, die es unempfindlich gegen\u00fcber praktisch allen korrosiven Chemikalien macht, einschlie\u00dflich konzentrierter Schwefels\u00e4ure, Salpeters\u00e4ure, organischer L\u00f6sungsmittel und \u00e4tzender Alkalien.<\/p>\n<p>Ob in chemischen Reaktoren, Laboranalyseger\u00e4ten oder Gefahrgutleitungen \u2013 unser <strong>PTFE-ausgekleideter Schlauch<\/strong> fungiert als undurchdringliche Barriere. Im Gegensatz zu Gummi oder PVC, die bei Kontakt mit aggressiven Medien aufquellen, rei\u00dfen oder sich aufl\u00f6sen k\u00f6nnen, beh\u00e4lt unser <strong>PTFE-Schlauch<\/strong> seine strukturelle Integrit\u00e4t bei und verhindert gef\u00e4hrliche Leckagen sowie kostspielige Umweltbelastungen.<\/p>\n<h3>Effizienz und Str\u00f6mungsdynamik<\/h3>\n<p>\u00dcber den Schutz hinaus bietet unser <strong>Teflonschl\u00e4uche<\/strong> erhebliche betriebliche Vorteile. Die Innenfl\u00e4che des <strong>Polytetrafluorethylen-Schl\u00e4uche<\/strong> ist au\u00dfergew\u00f6hnlich glatt und weist einen extrem niedrigen Reibungskoeffizienten auf. Diese \u201eAntihaft\u201c-Eigenschaft ist nicht nur f\u00fcr Kochgeschirr relevant; in industriellen Rohrleitungen reduziert sie den Str\u00f6mungswiderstand um bis zu 30% im Vergleich zu herk\u00f6mmlichen Metall- oder Gummiohren.<\/p>\n<p>Diese Verringerung der Reibung bedeutet, dass Ihre Pumpen weniger Kraft aufwenden m\u00fcssen, um Fl\u00fcssigkeiten zu bewegen, was zu einem geringeren Energieverbrauch und reduzierten Betriebskosten f\u00fchrt. Dar\u00fcber hinaus verhindert die selbstreinigende Eigenschaft des <strong>flexibler PTFE-Schlauch<\/strong> die Bildung von Ablagerungen und Kesselstein, was gleichbleibende Durchflussraten gew\u00e4hrleistet und die Reinigungsprotokolle vereinfacht.<\/p>\n<h3>Produktspezifikationen<\/h3>\n<p>Unser Teflon-Geflechtschlauch ist f\u00fcr den Einsatz unter harten Bedingungen konzipiert. Nachfolgend finden Sie die spezifischen technischen Parameter f\u00fcr diese Produktlinie:<\/p>\n<table style=\"border-collapse: collapse; width: 100%; border: 1px solid #ddd; margin-bottom: 25px;\">\n<tbody>\n<tr style=\"background-color: #f9f9f9;\">\n<td style=\"padding: 12px; border: 1px solid #ddd;\"><strong>Marke<\/strong><\/td>\n<td style=\"padding: 12px; border: 1px solid #ddd;\">Teflon X<\/td>\n<\/tr>\n<tr>\n<td style=\"padding: 12px; border: 1px solid #ddd;\"><strong>Material<\/strong><\/td>\n<td style=\"padding: 12px; border: 1px solid #ddd;\">Ptfe \/ Polytetrafluorethylen<\/td>\n<\/tr>\n<tr style=\"background-color: #f9f9f9;\">\n<td style=\"padding: 12px; border: 1px solid #ddd;\"><strong>ID des Rohrs (Innendurchmesser)<\/strong><\/td>\n<td style=\"padding: 12px; border: 1px solid #ddd;\">6,3 ~ 25,4mm<\/td>\n<\/tr>\n<tr>\n<td style=\"padding: 12px; border: 1px solid #ddd;\"><strong>Temperaturbereich<\/strong><\/td>\n<td style=\"padding: 12px; border: 1px solid #ddd;\">-70 ~ +260 \u00b0C<\/td>\n<\/tr>\n<tr style=\"background-color: #f9f9f9;\">\n<td style=\"padding: 12px; border: 1px solid #ddd;\"><strong>Eigenschaften<\/strong><\/td>\n<td style=\"padding: 12px; border: 1px solid #ddd;\">Korrosionsbest\u00e4ndigkeit, hohe und niedrige Temperaturbest\u00e4ndigkeit, hohe Druckbest\u00e4ndigkeit, weich<\/td>\n<\/tr>\n<\/tbody>\n<\/table>\n<h3>Strukturelle Verst\u00e4rkung: Edelstahl-ummantelter Teflon-Schlauch<\/h3>\n<p>W\u00e4hrend der PTFE-Kern die Chemikalien bew\u00e4ltigt, wird die mechanische Festigkeit durch die externe Verst\u00e4rkung gew\u00e4hrleistet. Dies ist ein <strong>geflochtener Teflonschlauch aus Edelstahl<\/strong>. Das Geflecht dient als Druckbeh\u00e4lter, der es dem Schlauch erm\u00f6glicht, bei hohen Dr\u00fccken (Hochdruckbest\u00e4ndigkeit) zu arbeiten, die ein unverst\u00e4rktes Rohr zum Bersten bringen w\u00fcrden.<\/p>\n<p>Trotz dieser robusten Armierung bleibt der Schlauch eine <strong>flexibler PTFE-Schlauch<\/strong> L\u00f6sung. Wie in den Spezifikationen angegeben, ist der Schlauch \u201eweich\u201c, was eine einfache Verlegung um Ecken und die Installation in engen R\u00e4umen innerhalb von Maschinen erm\u00f6glicht. Diese Kombination aus Flexibilit\u00e4t und Festigkeit macht ihn ideal f\u00fcr dynamische Anwendungen, bei denen Vibrationen und Bewegungen an der Tagesordnung sind.<\/p>\n<h3>Temperaturbest\u00e4ndigkeit f\u00fcr kritische Anwendungen<\/h3>\n<p>Industrielle Prozesse sind h\u00e4ufig mit extremen Temperaturschwankungen verbunden. Unser <strong>PTFE-Schlauch<\/strong> ist darauf ausgelegt, in diesen Umgebungen best\u00e4ndig zu sein. Mit einem Betriebstemperaturbereich von -70 \u00b0C bis +260 \u00b0C ist er in kryogenen K\u00fchlleitungen ebenso effektiv wie beim Hochtemperatur-Dampftransfer. Diese thermische Stabilit\u00e4t stellt sicher, dass der <strong>PTFE-Teflonschl\u00e4uche<\/strong> in der K\u00e4lte nicht spr\u00f6de wird oder bei Hitze schmilzt, was eine zuverl\u00e4ssige langfristige Leistung gew\u00e4hrleistet.<\/p>\n<h3>Warum eine Partnerschaft mit Teflon X?<\/h3>\n<p><strong>1. Exzellente Fertigung:<\/strong> Als spezialisierter <strong>PTFE-Rohrhersteller<\/strong>, nutzen wir mehrlagige Konstruktionsm\u00f6glichkeiten, um kritische Industriestandards zu erf\u00fcllen.<br \/>\n<strong>2. Vielseitigkeit:<\/strong> Mit einem Innendurchmesser-Bereich (ID) von 6,3 mm bis 25,4 mm haben wir die richtige Gr\u00f6\u00dfe f\u00fcr Ihr Labor oder Ihre Verarbeitungsanlage.<br \/>\n<strong>3. Langlebigkeit:<\/strong> Die \u00fcberlegene Korrosions- und Alterungsbest\u00e4ndigkeit unseres <strong>PTFE-ausgekleideter Schlauch<\/strong> bedeutet weniger Austauschzyklen und geringere Ausfallzeiten f\u00fcr Ihr Unternehmen.<\/p>\n<h3>Kontaktieren Sie uns f\u00fcr ma\u00dfgeschneiderte L\u00f6sungen<\/h3>\n<p>Sind Sie bereit, die Sicherheit und Effizienz Ihrer Fl\u00fcssigkeitstransfersysteme mit hochwertigen <strong>Teflonschl\u00e4uche<\/strong>zu verbessern? Kontaktieren Sie noch heute unser Technik-Team f\u00fcr Angebote und technische Unterst\u00fctzung.<\/p>\n<p><strong>E-Mail:<\/strong> <a href=\"mailto:allison.ye@teflonx.com\">allison.ye@teflonx.com<\/a><br \/>\n<strong>Webseite:<\/strong> <a href=\"https:\/\/teflonx.com\/de\/\" target=\"_blank\" rel=\"noopener\">https:\/\/teflonx.com\/<\/a><br \/>\n<strong>Kontaktseite:<\/strong> <a href=\"https:\/\/teflonx.com\/de\/kontaktieren-sie-uns\/\" target=\"_blank\" rel=\"noopener\">Hier ein Angebot anfordern<\/a><\/p>","protected":false},"excerpt":{"rendered":"<p>Polytetrafluorethylen-Schl\u00e4uche (PTFE) widerstehen aggressiven Chemikalien wie Schwefels\u00e4ure und organischen L\u00f6sungsmitteln und eignen sich ideal f\u00fcr chemische Reaktoren und Laborger\u00e4te. Die glatte Innenfl\u00e4che reduziert den Fl\u00fcssigkeitswiderstand um 30% und senkt so die Betriebskosten. Optionale mehrschichtige Ausf\u00fchrungen f\u00fcr kritische Industrieanwendungen.<\/p>","protected":false},"featured_media":536,"comment_status":"open","ping_status":"closed","template":"","meta":{"site-sidebar-layout":"default","site-content-layout":"","ast-site-content-layout":"default","site-content-style":"default","site-sidebar-style":"default","ast-global-header-display":"","ast-banner-title-visibility":"","ast-main-header-display":"","ast-hfb-above-header-display":"","ast-hfb-below-header-display":"","ast-hfb-mobile-header-display":"","site-post-title":"","ast-breadcrumbs-content":"","ast-featured-img":"","footer-sml-layout":"","ast-disable-related-posts":"","theme-transparent-header-meta":"default","adv-header-id-meta":"","stick-header-meta":"","header-above-stick-meta":"","header-main-stick-meta":"","header-below-stick-meta":"","astra-migrate-meta-layouts":"set","ast-page-background-enabled":"default","ast-page-background-meta":{"desktop":{"background-color":"var(--ast-global-color-5)","background-image":"","background-repeat":"repeat","background-position":"center center","background-size":"auto","background-attachment":"scroll","background-type":"","background-media":"","overlay-type":"","overlay-color":"","overlay-opacity":"","overlay-gradient":""},"tablet":{"background-color":"","background-image":"","background-repeat":"repeat","background-position":"center center","background-size":"auto","background-attachment":"scroll","background-type":"","background-media":"","overlay-type":"","overlay-color":"","overlay-opacity":"","overlay-gradient":""},"mobile":{"background-color":"","background-image":"","background-repeat":"repeat","background-position":"center center","background-size":"auto","background-attachment":"scroll","background-type":"","background-media":"","overlay-type":"","overlay-color":"","overlay-opacity":"","overlay-gradient":""}},"ast-content-background-meta":{"desktop":{"background-color":"var(--ast-global-color-4)","background-image":"","background-repeat":"repeat","background-position":"center center","background-size":"auto","background-attachment":"scroll","background-type":"","background-media":"","overlay-type":"","overlay-color":"","overlay-opacity":"","overlay-gradient":""},"tablet":{"background-color":"var(--ast-global-color-4)","background-image":"","background-repeat":"repeat","background-position":"center center","background-size":"auto","background-attachment":"scroll","background-type":"","background-media":"","overlay-type":"","overlay-color":"","overlay-opacity":"","overlay-gradient":""},"mobile":{"background-color":"var(--ast-global-color-4)","background-image":"","background-repeat":"repeat","background-position":"center center","background-size":"auto","background-attachment":"scroll","background-type":"","background-media":"","overlay-type":"","overlay-color":"","overlay-opacity":"","overlay-gradient":""}}},"product_brand":[290],"product_cat":[40],"product_tag":[179,174,177,176,173,178,169,175],"class_list":{"0":"post-552","1":"product","2":"type-product","3":"status-publish","4":"has-post-thumbnail","6":"product_brand-teflon-x","7":"product_cat-ptfe-tubes","8":"product_tag-flexible-ptfe-tubing","9":"product_tag-polytetrafluoroethylene-tubing","10":"product_tag-ptfe-lined-hose","11":"product_tag-ptfe-teflon-tubing","12":"product_tag-ptfe-tube","13":"product_tag-ptfe-tube-manufacturer","14":"product_tag-stainless-steel-braided-teflon-hose","15":"product_tag-teflon-tubing","16":"desktop-align-left","17":"tablet-align-left","18":"mobile-align-left","20":"first","21":"instock","22":"shipping-taxable","23":"product-type-simple"},"_links":{"self":[{"href":"https:\/\/teflonx.com\/de\/wp-json\/wp\/v2\/product\/552","targetHints":{"allow":["GET"]}}],"collection":[{"href":"https:\/\/teflonx.com\/de\/wp-json\/wp\/v2\/product"}],"about":[{"href":"https:\/\/teflonx.com\/de\/wp-json\/wp\/v2\/types\/product"}],"replies":[{"embeddable":true,"href":"https:\/\/teflonx.com\/de\/wp-json\/wp\/v2\/comments?post=552"}],"wp:featuredmedia":[{"embeddable":true,"href":"https:\/\/teflonx.com\/de\/wp-json\/wp\/v2\/media\/536"}],"wp:attachment":[{"href":"https:\/\/teflonx.com\/de\/wp-json\/wp\/v2\/media?parent=552"}],"wp:term":[{"taxonomy":"product_brand","embeddable":true,"href":"https:\/\/teflonx.com\/de\/wp-json\/wp\/v2\/product_brand?post=552"},{"taxonomy":"product_cat","embeddable":true,"href":"https:\/\/teflonx.com\/de\/wp-json\/wp\/v2\/product_cat?post=552"},{"taxonomy":"product_tag","embeddable":true,"href":"https:\/\/teflonx.com\/de\/wp-json\/wp\/v2\/product_tag?post=552"}],"curies":[{"name":"wp","href":"https:\/\/api.w.org\/{rel}","templated":true}]}}