{"id":553,"date":"2025-04-06T16:06:36","date_gmt":"2025-04-06T16:06:36","guid":{"rendered":"https:\/\/teflonx.com\/?post_type=product&#038;p=553"},"modified":"2025-12-29T01:00:15","modified_gmt":"2025-12-29T01:00:15","slug":"hochtemperatur-teflonschlauch","status":"publish","type":"product","link":"https:\/\/teflonx.com\/de\/product\/hochtemperatur-teflonschlauch\/","title":{"rendered":"Hochtemperatur-Teflonschlauch | PTFE-Isolierh\u00fclse f\u00fcr Elektronik"},"content":{"rendered":"<h2>Hochtemperatur-Teflonschlauch | PTFE-Isolierh\u00fclse f\u00fcr Elektronik<\/h2>\n<p>Willkommen bei <strong><a href=\"https:\/\/teflonx.com\/de\/\" target=\"_blank\" rel=\"noopener\">Teflon X<\/a><\/strong>, Ihr branchenf\u00fchrender Spezialist f\u00fcr <strong>PTFE-Rohrhersteller<\/strong> Hochleistungs-Isolierl\u00f6sungen. In den sich schnell entwickelnden Sektoren der globalen Elektronikfertigung, der Luft- und Raumfahrttechnik und der Halbleiterproduktion ist der Schutz empfindlicher Komponenten von entscheidender Bedeutung. Unser <strong>Hochtemperatur-Teflonschlauch<\/strong> dient als ultimative Barriere und bietet \u00fcberlegene dielektrische Eigenschaften kombiniert mit dem robusten mechanischen Schutz einer <strong>geflochtener Teflonschlauch aus Edelstahl<\/strong>.<\/p>\n<p>W\u00e4hrend herk\u00f6mmliche Kunststoffschl\u00e4uche unter elektrischer Belastung oder thermischem Stress oft schmelzen oder degradieren, bew\u00e4hrt sich unser Premium- <strong>Polytetrafluorethylen-Schl\u00e4uche<\/strong> in diesen Umgebungen. Er ist die bevorzugte Wahl f\u00fcr die Isolierung von Hochspannungskabeln, den Schutz von Kabelb\u00e4umen in Flugzeugen und die Abschirmung empfindlicher Halbleiterkomponenten vor Umweltgefahren.<\/p>\n<h3>\u00dcberlegene dielektrische Eigenschaften f\u00fcr die Elektronik<\/h3>\n<p>Der Hauptvorteil der Verwendung eines <strong>PTFE-Schlauch<\/strong> in elektronischen Anwendungen ist seine au\u00dfergew\u00f6hnliche elektrische Isolierf\u00e4higkeit. PTFE verf\u00fcgt \u00fcber eine niedrige Dielektrizit\u00e4tskonstante und eine hohe Durchschlagfestigkeit, was bedeutet, dass es Lichtb\u00f6gen und Signalst\u00f6rungen wirksam verhindert. Dies macht unseren <strong>PTFE-Teflonschl\u00e4uche<\/strong> zu einer wesentlichen Komponente f\u00fcr Koaxialkabel, Hochfrequenz-Signalleitungen und Hochspannungsverbindungen.<\/p>\n<p>Im Gegensatz zu minderwertigen Isolatoren beh\u00e4lt unser <strong>flexibler PTFE-Schlauch<\/strong> diese elektrischen Eigenschaften \u00fcber einen weiten Frequenz- und Temperaturbereich bei. Ob als einfacher Isolierschlauch oder als Kern einer <strong>PTFE-ausgekleideter Schlauch<\/strong> f\u00fcr Fl\u00fcssigkeitsk\u00fchlsysteme in Supercomputern \u2013 das Material gew\u00e4hrleistet eine stabile und zuverl\u00e4ssige Leistung.<\/p>\n<h3>Extreme thermische Stabilit\u00e4t<\/h3>\n<p>W\u00e4rmemanagement ist eine kritische Herausforderung in der modernen Elektronik. Unser <strong>Teflonschl\u00e4uche<\/strong> ist so konzipiert, dass er extremen thermischen Bedingungen standh\u00e4lt. Wie in unserer Produktbeschreibung hervorgehoben, h\u00e4lt das PTFE-Rohmaterial Temperaturen von -200 \u00b0C bis zu +260 \u00b0C stand. Dies macht ihn ideal f\u00fcr kryogene Anwendungen im Quantencomputing oder f\u00fcr Hochtemperaturumgebungen in der N\u00e4he von Verbrennungsmotoren.<\/p>\n<p>Bei unseren speziellen Geflechtbaugruppen, die eine erh\u00f6hte strukturelle Integrit\u00e4t bieten, bleibt der Einsatzbereich robust. Diese thermische Belastbarkeit stellt sicher, dass der <strong>Polytetrafluorethylen-Schl\u00e4uche<\/strong> nicht rei\u00dft, schmilzt oder sich verformt, selbst wenn er thermischen Zyklen in L\u00f6tprozessen oder Man\u00f6vern in der Luft- und Raumfahrt ausgesetzt ist.<\/p>\n<h3>Mechanischer Schutz: Der Vorteil der Geflechtstruktur<\/h3>\n<p>F\u00fcr Anwendungen, die mehr als nur elektrische Isolierung erfordern, bieten wir den <strong>geflochtener Teflonschlauch aus Edelstahl<\/strong>. In rauen Industrieumgebungen sind Kabel und Leitungen der Gefahr von Abrieb, Schnitten und Quetschungen ausgesetzt. Das Edelstahlgeflecht fungiert als flexible Armierung und sch\u00fctzt das Innere <strong>PTFE-Schlauch<\/strong> sowie die darin befindlichen Kabel vor physischen Sch\u00e4den.<\/p>\n<p>Trotz dieser Hochleistungsverst\u00e4rkung bleibt das Produkt eine <strong>flexibler PTFE-Schlauch<\/strong> L\u00f6sung. Es erm\u00f6glicht eine enge Verlegung in kompakten Elektronikgeh\u00e4usen, ohne die Isolationsbarriere oder den Fluss von K\u00fchlfl\u00fcssigkeiten zu beeintr\u00e4chtigen.<\/p>\n<h3>Produktspezifikationen<\/h3>\n<p>Bei <strong>Teflon X<\/strong>halten wir uns an strenge Fertigungsstandards. Nachfolgend finden Sie die technischen Parameter f\u00fcr unsere Hochtemperatur-Teflonschlauch-Serie:<\/p>\n<table style=\"border-collapse: collapse; width: 100%; border: 1px solid #ddd; margin-bottom: 25px;\">\n<tbody>\n<tr style=\"background-color: #f9f9f9;\">\n<td style=\"padding: 12px; border: 1px solid #ddd;\"><strong>Marke<\/strong><\/td>\n<td style=\"padding: 12px; border: 1px solid #ddd;\">Teflon X<\/td>\n<\/tr>\n<tr>\n<td style=\"padding: 12px; border: 1px solid #ddd;\"><strong>Material<\/strong><\/td>\n<td style=\"padding: 12px; border: 1px solid #ddd;\">Ptfe \/ Polytetrafluorethylen<\/td>\n<\/tr>\n<tr style=\"background-color: #f9f9f9;\">\n<td style=\"padding: 12px; border: 1px solid #ddd;\"><strong>ID des Rohrs (Innendurchmesser)<\/strong><\/td>\n<td style=\"padding: 12px; border: 1px solid #ddd;\">6,3 ~ 25,4mm<\/td>\n<\/tr>\n<tr>\n<td style=\"padding: 12px; border: 1px solid #ddd;\"><strong>Temperaturbereich<\/strong><\/td>\n<td style=\"padding: 12px; border: 1px solid #ddd;\">-70 ~ +260 \u00b0C<\/td>\n<\/tr>\n<tr style=\"background-color: #f9f9f9;\">\n<td style=\"padding: 12px; border: 1px solid #ddd;\"><strong>Eigenschaften<\/strong><\/td>\n<td style=\"padding: 12px; border: 1px solid #ddd;\">Korrosionsbest\u00e4ndigkeit, hohe und niedrige Temperaturbest\u00e4ndigkeit, hohe Druckbest\u00e4ndigkeit, weich<\/td>\n<\/tr>\n<\/tbody>\n<\/table>\n<h3>Globale Compliance und Sicherheit<\/h3>\n<p>Wir wissen, dass die Elektronikindustrie strengen Vorschriften unterliegt. Unser <strong>PTFE-Teflonschl\u00e4uche<\/strong> ist vollst\u00e4ndig RoHS-konform und stellt sicher, dass es keine gef\u00e4hrlichen Substanzen wie Blei oder Quecksilber enth\u00e4lt. Dar\u00fcber hinaus entsprechen unsere Fertigungsprozesse den UL-Zertifizierungsstandards f\u00fcr Entflammbarkeit und Sicherheit. Wenn Sie ein <strong>PTFE-ausgekleideter Schlauch<\/strong> von Teflon X spezifizieren, entscheiden Sie sich f\u00fcr ein Produkt, das die weltweiten Anforderungen an Sicherheit und Umweltverantwortung erf\u00fcllt.<\/p>\n<h3>Warum Teflon X w\u00e4hlen?<\/h3>\n<p><strong>1. Fachgerechte Fertigung:<\/strong> Als spezialisierter <strong>PTFE-Rohrhersteller<\/strong>verf\u00fcgen wir \u00fcber das Fachwissen, um Schl\u00e4uche mit gleichm\u00e4\u00dfiger Wandst\u00e4rke und Rundlaufgenauigkeit herzustellen, was f\u00fcr die Hochspannungsisolierung entscheidend ist.<br \/>\n<strong>2. Ma\u00dfgeschneiderte L\u00f6sungen:<\/strong> Ob Sie eine einfache Isolierh\u00fclle oder ein komplexes <strong>geflochtener Teflonschlauch aus Edelstahl<\/strong> f\u00fcr die Fl\u00fcssigkeitsk\u00fchlung ben\u00f6tigen, wir k\u00f6nnen L\u00e4ngen und Durchmesser (ID 6,3 mm \u2013 25,4 mm) individuell anpassen.<br \/>\n<strong>3. Zuverl\u00e4ssigkeit:<\/strong> Unser <strong>Teflonschl\u00e4uche<\/strong> wird getestet, um sicherzustellen, dass es \u201eweich\u201c und flexibel bleibt und gleichzeitig maximale Haltbarkeit bietet.<\/p>\n<h3>Kontaktieren Sie uns<\/h3>\n<p>Sichern Sie die Langlebigkeit und Sicherheit Ihrer elektronischen Systeme mit Hochleistungs- <strong>Polytetrafluorethylen-Schl\u00e4uche<\/strong>. Kontaktieren Sie noch heute die Experten von Teflon X.<\/p>\n<p><strong>E-Mail:<\/strong> <a href=\"mailto:allison.ye@teflonx.com\">allison.ye@teflonx.com<\/a><br \/>\n<strong>Webseite:<\/strong> <a href=\"https:\/\/teflonx.com\/de\/\" target=\"_blank\" rel=\"noopener\">https:\/\/teflonx.com\/<\/a><br \/>\n<strong>Kontaktseite:<\/strong> <a href=\"https:\/\/teflonx.com\/de\/kontaktieren-sie-uns\/\" target=\"_blank\" rel=\"noopener\">Heute ein Angebot einholen<\/a><\/p>","protected":false},"excerpt":{"rendered":"<p>Hochtemperatur-Teflonschlauch bietet hervorragende dielektrische Eigenschaften zur Isolierung von Hochspannungskabeln und Halbleiterkomponenten. H\u00e4lt extremen Temperaturen (-200 \u00b0C bis +260 \u00b0C) stand und bleibt dabei flexibel. UL-zertifiziert und RoHS-konform f\u00fcr die globale Elektronikfertigung.<\/p>","protected":false},"featured_media":538,"comment_status":"open","ping_status":"closed","template":"","meta":{"site-sidebar-layout":"default","site-content-layout":"","ast-site-content-layout":"default","site-content-style":"default","site-sidebar-style":"default","ast-global-header-display":"","ast-banner-title-visibility":"","ast-main-header-display":"","ast-hfb-above-header-display":"","ast-hfb-below-header-display":"","ast-hfb-mobile-header-display":"","site-post-title":"","ast-breadcrumbs-content":"","ast-featured-img":"","footer-sml-layout":"","ast-disable-related-posts":"","theme-transparent-header-meta":"default","adv-header-id-meta":"","stick-header-meta":"","header-above-stick-meta":"","header-main-stick-meta":"","header-below-stick-meta":"","astra-migrate-meta-layouts":"set","ast-page-background-enabled":"default","ast-page-background-meta":{"desktop":{"background-color":"var(--ast-global-color-5)","background-image":"","background-repeat":"repeat","background-position":"center center","background-size":"auto","background-attachment":"scroll","background-type":"","background-media":"","overlay-type":"","overlay-color":"","overlay-opacity":"","overlay-gradient":""},"tablet":{"background-color":"","background-image":"","background-repeat":"repeat","background-position":"center center","background-size":"auto","background-attachment":"scroll","background-type":"","background-media":"","overlay-type":"","overlay-color":"","overlay-opacity":"","overlay-gradient":""},"mobile":{"background-color":"","background-image":"","background-repeat":"repeat","background-position":"center center","background-size":"auto","background-attachment":"scroll","background-type":"","background-media":"","overlay-type":"","overlay-color":"","overlay-opacity":"","overlay-gradient":""}},"ast-content-background-meta":{"desktop":{"background-color":"var(--ast-global-color-4)","background-image":"","background-repeat":"repeat","background-position":"center center","background-size":"auto","background-attachment":"scroll","background-type":"","background-media":"","overlay-type":"","overlay-color":"","overlay-opacity":"","overlay-gradient":""},"tablet":{"background-color":"var(--ast-global-color-4)","background-image":"","background-repeat":"repeat","background-position":"center center","background-size":"auto","background-attachment":"scroll","background-type":"","background-media":"","overlay-type":"","overlay-color":"","overlay-opacity":"","overlay-gradient":""},"mobile":{"background-color":"var(--ast-global-color-4)","background-image":"","background-repeat":"repeat","background-position":"center center","background-size":"auto","background-attachment":"scroll","background-type":"","background-media":"","overlay-type":"","overlay-color":"","overlay-opacity":"","overlay-gradient":""}}},"product_brand":[290],"product_cat":[40],"product_tag":[179,174,177,176,173,178,169,175],"class_list":{"0":"post-553","1":"product","2":"type-product","3":"status-publish","4":"has-post-thumbnail","6":"product_brand-teflon-x","7":"product_cat-ptfe-tubes","8":"product_tag-flexible-ptfe-tubing","9":"product_tag-polytetrafluoroethylene-tubing","10":"product_tag-ptfe-lined-hose","11":"product_tag-ptfe-teflon-tubing","12":"product_tag-ptfe-tube","13":"product_tag-ptfe-tube-manufacturer","14":"product_tag-stainless-steel-braided-teflon-hose","15":"product_tag-teflon-tubing","16":"desktop-align-left","17":"tablet-align-left","18":"mobile-align-left","20":"first","21":"instock","22":"shipping-taxable","23":"product-type-simple"},"_links":{"self":[{"href":"https:\/\/teflonx.com\/de\/wp-json\/wp\/v2\/product\/553","targetHints":{"allow":["GET"]}}],"collection":[{"href":"https:\/\/teflonx.com\/de\/wp-json\/wp\/v2\/product"}],"about":[{"href":"https:\/\/teflonx.com\/de\/wp-json\/wp\/v2\/types\/product"}],"replies":[{"embeddable":true,"href":"https:\/\/teflonx.com\/de\/wp-json\/wp\/v2\/comments?post=553"}],"wp:featuredmedia":[{"embeddable":true,"href":"https:\/\/teflonx.com\/de\/wp-json\/wp\/v2\/media\/538"}],"wp:attachment":[{"href":"https:\/\/teflonx.com\/de\/wp-json\/wp\/v2\/media?parent=553"}],"wp:term":[{"taxonomy":"product_brand","embeddable":true,"href":"https:\/\/teflonx.com\/de\/wp-json\/wp\/v2\/product_brand?post=553"},{"taxonomy":"product_cat","embeddable":true,"href":"https:\/\/teflonx.com\/de\/wp-json\/wp\/v2\/product_cat?post=553"},{"taxonomy":"product_tag","embeddable":true,"href":"https:\/\/teflonx.com\/de\/wp-json\/wp\/v2\/product_tag?post=553"}],"curies":[{"name":"wp","href":"https:\/\/api.w.org\/{rel}","templated":true}]}}