{"id":592,"date":"2025-04-08T13:41:49","date_gmt":"2025-04-08T13:41:49","guid":{"rendered":"https:\/\/teflonx.com\/?post_type=product&#038;p=592"},"modified":"2025-12-29T01:05:49","modified_gmt":"2025-12-29T01:05:49","slug":"masgefertigte-ptfe-teflon-schlauche","status":"publish","type":"product","link":"https:\/\/teflonx.com\/de\/product\/masgefertigte-ptfe-teflon-schlauche\/","title":{"rendered":"Kundenspezifische PTFE-Teflonschl\u00e4uche | Korrosionsbest\u00e4ndiger Schlauch f\u00fcr die industrielle K\u00fchlung"},"content":{"rendered":"<h2>Kundenspezifische PTFE-Teflonschl\u00e4uche | Korrosionsbest\u00e4ndiger Schlauch f\u00fcr die industrielle K\u00fchlung<\/h2>\n<p>Willkommen bei <strong><a href=\"https:\/\/teflonx.com\/de\/\" target=\"_blank\" rel=\"noopener\">Teflon X<\/a><\/strong>, ein weltweit f\u00fchrender Anbieter von fortschrittlichen Technologien f\u00fcr den Fl\u00fcssigkeitstransfer. In der anspruchsvollen Welt der industriellen Fertigung und Leistungselektronik ist ein effizientes Thermomanagement der Schl\u00fcssel zu Langlebigkeit und Leistung. Unsere <strong>Ma\u00dfgeschneiderte PTFE-Teflon-Verschlauchung<\/strong> ist speziell darauf ausgelegt, als R\u00fcckgrat von Hochleistungs-Industriek\u00fchlsystemen zu dienen. Als spezialisierter <strong>PTFE-Rohrhersteller<\/strong>, kombinieren wir Materialwissenschaft mit Pr\u00e4zisionstechnik, um Schl\u00e4uche zu liefern, die den h\u00e4rtesten Einsatzbedingungen standhalten.<\/p>\n<p>Standard-Gummi- oder PVC-Schl\u00e4uche versagen h\u00e4ufig, wenn sie aggressiven K\u00fchlmitteln, extremer Hitze oder st\u00e4ndigen Vibrationen ausgesetzt sind. Unsere <strong>PTFE-ausgekleideter Schlauch<\/strong> L\u00f6sungen sind darauf ausgelegt, diese Schwachstellen zu eliminieren und eine wartungsfreie L\u00f6sung f\u00fcr den Maschinenbau, die chemische Verarbeitung und Halbleiter-K\u00fchlanwendungen zu bieten.<\/p>\n<h3>Der Polytetrafluorethylen-Vorteil<\/h3>\n<p>Das Herzst\u00fcck unserer Produktlinie ist hochwertiges <strong>Polytetrafluorethylen-Schl\u00e4uche<\/strong> (PTFE). Dieses Material ist bekannt f\u00fcr seine au\u00dfergew\u00f6hnliche chemische Tr\u00e4gheit. In industriellen K\u00fchlkreisl\u00e4ufen werden verschiedene K\u00fchlmittel \u2013 von deionisiertem Wasser und Glykolmischungen bis hin zu dielektrischen Fl\u00fcssigkeiten \u2013 zur Temperaturregelung eingesetzt. Unsere <strong>PTFE-Teflonschl\u00e4uche<\/strong> reagiert absolut nicht mit diesen Fl\u00fcssigkeiten, wodurch sichergestellt wird, dass Ihr K\u00fchlmittel rein bleibt und Ihre Verschlauchung niemals korrodiert oder an Qualit\u00e4t verliert.<\/p>\n<p>Dar\u00fcber hinaus sorgt die glatte Innenfl\u00e4che der <strong>PTFE-Schlauch<\/strong> f\u00fcr optimale Durchflussraten bei minimalem Reibungsverlust. Diese Effizienz ist entscheidend f\u00fcr die Fl\u00fcssigkeitsk\u00fchlung in der Leistungselektronik, wo die Aufrechterhaltung einer bestimmten Durchflussrate zur Vermeidung von \u00dcberhitzung unerl\u00e4sslich ist.<\/p>\n<h3>Verst\u00e4rkte Haltbarkeit: Edelstahlumflochtener Teflonschlauch<\/h3>\n<p>W\u00e4hrend die chemische Best\u00e4ndigkeit von PTFE unerreicht ist, erfordern industrielle Umgebungen oft zus\u00e4tzliche mechanische Festigkeit. Aus diesem Grund bieten wir den <strong>geflochtener Teflonschlauch aus Edelstahl<\/strong>. Durch das Umh\u00fcllen des inneren <strong>flexibler PTFE-Schlauch<\/strong> mit einem hochzugfesten Edelstahlgeflecht erh\u00f6hen wir die Druckbest\u00e4ndigkeit des Schlauches erheblich.<\/p>\n<p>Dieses Metallgeflecht erf\u00fcllt zwei kritische Funktionen:<\/p>\n<ul>\n<li><strong>Druckfestigkeit:<\/strong> Es erm\u00f6glicht dem Schlauch, die Zirkulation von Hochdruck-K\u00fchlmitteln zu bew\u00e4ltigen, ohne sich auszudehnen oder zu platzen.<\/li>\n<li><strong>Physischer Schutz:<\/strong> Es sch\u00fctzt das Innere <strong>Teflonschl\u00e4uche<\/strong> vor externem Abrieb, Schnitten und umweltbedingtem Verschlei\u00df, wie er in Fabrikumgebungen \u00fcblich ist.<\/li>\n<\/ul>\n<h3>Technische Spezifikationen<\/h3>\n<p>Bei <strong>Teflon X<\/strong>, setzen wir auf Transparenz und Pr\u00e4zision. Im Folgenden finden Sie die technischen Parameter f\u00fcr unsere Standard- und kundenspezifischen K\u00fchlschl\u00e4uche, damit Sie die perfekte L\u00f6sung f\u00fcr Ihr System ausw\u00e4hlen k\u00f6nnen.<\/p>\n<table style=\"border-collapse: collapse; width: 100%; border: 1px solid #ddd; margin-bottom: 25px;\">\n<tbody>\n<tr style=\"background-color: #f9f9f9;\">\n<td style=\"padding: 12px; border: 1px solid #ddd;\"><strong>Marke<\/strong><\/td>\n<td style=\"padding: 12px; border: 1px solid #ddd;\">Teflon X<\/td>\n<\/tr>\n<tr>\n<td style=\"padding: 12px; border: 1px solid #ddd;\"><strong>Material<\/strong><\/td>\n<td style=\"padding: 12px; border: 1px solid #ddd;\">Ptfe \/ Polytetrafluorethylen<\/td>\n<\/tr>\n<tr style=\"background-color: #f9f9f9;\">\n<td style=\"padding: 12px; border: 1px solid #ddd;\"><strong>ID des Rohrs (Innendurchmesser)<\/strong><\/td>\n<td style=\"padding: 12px; border: 1px solid #ddd;\">6,3 ~ 25,4mm<\/td>\n<\/tr>\n<tr>\n<td style=\"padding: 12px; border: 1px solid #ddd;\"><strong>Temperaturbereich<\/strong><\/td>\n<td style=\"padding: 12px; border: 1px solid #ddd;\">-70 ~ +260 \u00b0C<\/td>\n<\/tr>\n<tr style=\"background-color: #f9f9f9;\">\n<td style=\"padding: 12px; border: 1px solid #ddd;\"><strong>Eigenschaften<\/strong><\/td>\n<td style=\"padding: 12px; border: 1px solid #ddd;\">Korrosionsbest\u00e4ndigkeit, hohe und niedrige Temperaturbest\u00e4ndigkeit, hohe Druckbest\u00e4ndigkeit, weich<\/td>\n<\/tr>\n<\/tbody>\n<\/table>\n<h3>Un\u00fcbertroffene thermische Stabilit\u00e4t<\/h3>\n<p>Industriemaschinen arbeiten oft in extremen thermischen Zyklen. Ein wesentlicher Vorteil unserer <strong>Polytetrafluorethylen-Schl\u00e4uche<\/strong> ist ihr enormer Betriebstemperaturbereich. Wie in den Spezifikationen angegeben, funktionieren unsere Produkte effektiv von -70 \u00b0C bis zu +260 \u00b0C. Dies bedeutet, dass dasselbe <strong>PTFE-Schlauch<\/strong> sowohl f\u00fcr kryogene K\u00fchlungsanwendungen als auch f\u00fcr Hochtemperatur-W\u00e4rmeaustauschprozesse verwendet werden kann, ohne an Flexibilit\u00e4t zu verlieren oder Risse zu bilden.<\/p>\n<h3>Individualisierung und Konformit\u00e4t<\/h3>\n<p>Jeder Industrieaufbau ist einzigartig. Deshalb <strong>Teflon X<\/strong> umfangreiche Anpassungsoptionen bietet. Ganz gleich, ob Sie eine bestimmte L\u00e4nge, kundenspezifische Anschl\u00fcsse oder FDA-konforme Qualit\u00e4ten f\u00fcr Lebensmittel- und Pharmaverarbeitungsanlagen ben\u00f6tigen \u2013 wir k\u00f6nnen liefern.<\/p>\n<p>Unser <strong>flexibler PTFE-Schlauch<\/strong> wird in unseren Parametern als \u201eweich\u201c beschrieben, was seine Biegsamkeit unterstreicht. Diese Flexibilit\u00e4t erm\u00f6glicht eine einfache Installation in engen R\u00e4umen innerhalb komplexer Maschinen oder Schaltschr\u00e4nke, reduziert die Montagezeit und verhindert Spannungen an den Verbindungspunkten.<\/p>\n<h3>Warum eine Partnerschaft mit Teflon X?<\/h3>\n<p><strong>1. Materialreinheit:<\/strong> Wir verwenden ausschlie\u00dflich hochwertige Harze f\u00fcr die Herstellung unserer <strong>PTFE-Teflonschl\u00e4uche<\/strong>, was eine gleichbleibende Wandst\u00e4rke und Leistung gew\u00e4hrleistet.<br \/>\n<strong>2. Technische Unterst\u00fctzung:<\/strong> Unser Team versteht die Nuancen der Fluiddynamik und kann Ihnen helfen, das Richtige auszuw\u00e4hlen <strong>PTFE-ausgekleideter Schlauch<\/strong> f\u00fcr Ihre spezifischen Druck- und Temperaturanforderungen.<br \/>\n<strong>3. Globale Standards:<\/strong> Unsere Fertigungsprozesse unterliegen einer strengen Qualit\u00e4tskontrolle, die eine zuverl\u00e4ssige Leistung f\u00fcr verschiedene Sektoren von der Automobilindustrie bis hin zur chemischen Verarbeitung gew\u00e4hrleistet.<\/p>\n<h3>Kontaktieren Sie uns f\u00fcr ein Angebot<\/h3>\n<p>Optimieren Sie Ihre industriellen K\u00fchlsysteme mit der Langlebigkeit und Zuverl\u00e4ssigkeit von <strong>Teflon X<\/strong> Produkte. Kontaktieren Sie uns noch heute, um Ihre Projektanforderungen zu besprechen.<\/p>\n<p><strong>E-Mail:<\/strong> <a href=\"mailto:allison.ye@teflonx.com\">allison.ye@teflonx.com<\/a><br \/>\n<strong>Webseite:<\/strong> <a href=\"https:\/\/teflonx.com\/de\/\" target=\"_blank\" rel=\"noopener\">https:\/\/teflonx.com\/<\/a><br \/>\n<strong>Kontaktseite:<\/strong> <a href=\"https:\/\/teflonx.com\/de\/kontaktieren-sie-uns\/\" target=\"_blank\" rel=\"noopener\">Fordern Sie hier ein Angebot an<\/a><\/p>","protected":false},"excerpt":{"rendered":"<p>Ma\u00dfgefertigte PTFE-Teflonschl\u00e4uche wurden f\u00fcr industrielle K\u00fchlsysteme entwickelt und bieten chemische Inertheit und thermische Stabilit\u00e4t. Metallummantelte Varianten erh\u00f6hen die Druckbest\u00e4ndigkeit in Fl\u00fcssigkeitsk\u00fchlkreisl\u00e4ufen f\u00fcr Maschinen und Leistungselektronik. Erh\u00e4ltlich in FDA-konformen Ausf\u00fchrungen f\u00fcr verschiedene Branchen.<\/p>","protected":false},"featured_media":593,"comment_status":"open","ping_status":"closed","template":"","meta":{"site-sidebar-layout":"default","site-content-layout":"","ast-site-content-layout":"default","site-content-style":"default","site-sidebar-style":"default","ast-global-header-display":"","ast-banner-title-visibility":"","ast-main-header-display":"","ast-hfb-above-header-display":"","ast-hfb-below-header-display":"","ast-hfb-mobile-header-display":"","site-post-title":"","ast-breadcrumbs-content":"","ast-featured-img":"","footer-sml-layout":"","ast-disable-related-posts":"","theme-transparent-header-meta":"default","adv-header-id-meta":"","stick-header-meta":"","header-above-stick-meta":"","header-main-stick-meta":"","header-below-stick-meta":"","astra-migrate-meta-layouts":"set","ast-page-background-enabled":"default","ast-page-background-meta":{"desktop":{"background-color":"var(--ast-global-color-5)","background-image":"","background-repeat":"repeat","background-position":"center center","background-size":"auto","background-attachment":"scroll","background-type":"","background-media":"","overlay-type":"","overlay-color":"","overlay-opacity":"","overlay-gradient":""},"tablet":{"background-color":"","background-image":"","background-repeat":"repeat","background-position":"center center","background-size":"auto","background-attachment":"scroll","background-type":"","background-media":"","overlay-type":"","overlay-color":"","overlay-opacity":"","overlay-gradient":""},"mobile":{"background-color":"","background-image":"","background-repeat":"repeat","background-position":"center center","background-size":"auto","background-attachment":"scroll","background-type":"","background-media":"","overlay-type":"","overlay-color":"","overlay-opacity":"","overlay-gradient":""}},"ast-content-background-meta":{"desktop":{"background-color":"var(--ast-global-color-4)","background-image":"","background-repeat":"repeat","background-position":"center center","background-size":"auto","background-attachment":"scroll","background-type":"","background-media":"","overlay-type":"","overlay-color":"","overlay-opacity":"","overlay-gradient":""},"tablet":{"background-color":"var(--ast-global-color-4)","background-image":"","background-repeat":"repeat","background-position":"center center","background-size":"auto","background-attachment":"scroll","background-type":"","background-media":"","overlay-type":"","overlay-color":"","overlay-opacity":"","overlay-gradient":""},"mobile":{"background-color":"var(--ast-global-color-4)","background-image":"","background-repeat":"repeat","background-position":"center center","background-size":"auto","background-attachment":"scroll","background-type":"","background-media":"","overlay-type":"","overlay-color":"","overlay-opacity":"","overlay-gradient":""}}},"product_brand":[290],"product_cat":[40],"product_tag":[179,174,177,176,173,178,169,175],"class_list":{"0":"post-592","1":"product","2":"type-product","3":"status-publish","4":"has-post-thumbnail","6":"product_brand-teflon-x","7":"product_cat-ptfe-tubes","8":"product_tag-flexible-ptfe-tubing","9":"product_tag-polytetrafluoroethylene-tubing","10":"product_tag-ptfe-lined-hose","11":"product_tag-ptfe-teflon-tubing","12":"product_tag-ptfe-tube","13":"product_tag-ptfe-tube-manufacturer","14":"product_tag-stainless-steel-braided-teflon-hose","15":"product_tag-teflon-tubing","16":"desktop-align-left","17":"tablet-align-left","18":"mobile-align-left","20":"first","21":"instock","22":"shipping-taxable","23":"product-type-simple"},"_links":{"self":[{"href":"https:\/\/teflonx.com\/de\/wp-json\/wp\/v2\/product\/592","targetHints":{"allow":["GET"]}}],"collection":[{"href":"https:\/\/teflonx.com\/de\/wp-json\/wp\/v2\/product"}],"about":[{"href":"https:\/\/teflonx.com\/de\/wp-json\/wp\/v2\/types\/product"}],"replies":[{"embeddable":true,"href":"https:\/\/teflonx.com\/de\/wp-json\/wp\/v2\/comments?post=592"}],"wp:featuredmedia":[{"embeddable":true,"href":"https:\/\/teflonx.com\/de\/wp-json\/wp\/v2\/media\/593"}],"wp:attachment":[{"href":"https:\/\/teflonx.com\/de\/wp-json\/wp\/v2\/media?parent=592"}],"wp:term":[{"taxonomy":"product_brand","embeddable":true,"href":"https:\/\/teflonx.com\/de\/wp-json\/wp\/v2\/product_brand?post=592"},{"taxonomy":"product_cat","embeddable":true,"href":"https:\/\/teflonx.com\/de\/wp-json\/wp\/v2\/product_cat?post=592"},{"taxonomy":"product_tag","embeddable":true,"href":"https:\/\/teflonx.com\/de\/wp-json\/wp\/v2\/product_tag?post=592"}],"curies":[{"name":"wp","href":"https:\/\/api.w.org\/{rel}","templated":true}]}}