{"id":627,"date":"2025-04-13T05:48:15","date_gmt":"2025-04-13T05:48:15","guid":{"rendered":"https:\/\/teflonx.com\/?post_type=product&#038;p=627"},"modified":"2025-12-29T01:19:34","modified_gmt":"2025-12-29T01:19:34","slug":"leitfahiger-geflochtener-schlauch","status":"publish","type":"product","link":"https:\/\/teflonx.com\/de\/product\/leitfahiger-geflochtener-schlauch\/","title":{"rendered":"Leitf\u00e4higes geflochtenes Rohr \u2013 Edelstahl-geflochtener Teflonschlauch f\u00fcr ESD-Schutz"},"content":{"rendered":"<h1>Leitf\u00e4higes geflochtenes Rohr \u2013 Edelstahl-geflochtener Teflonschlauch f\u00fcr ESD-Schutz<\/h1>\n<p>Bei <strong>Teflon X<\/strong>bieten wir mit Stolz unsere Premium <strong>leitf\u00e4higer geflochtener Schlauch<\/strong>die speziell f\u00fcr einen hervorragenden Schutz vor elektrostatischen Entladungen (ESD) entwickelt wurde. Diese <strong>PTFE-Schlauch mit Edelstahlgeflecht<\/strong> ist mit einer glatten Innenfl\u00e4che ausgestattet, die das Anhaften von Partikeln verhindert und somit die ideale Wahl f\u00fcr empfindliche Anwendungen wie die Halbleiterherstellung und die chemische Verarbeitung ist. Unser <em>antistatischer geflochtener Schlauch<\/em> gew\u00e4hrleistet einen sicheren, zuverl\u00e4ssigen und effizienten Fl\u00fcssigkeitstransfer unter Einhaltung h\u00f6chster Sicherheits- und Lebensdauerstandards.<\/p>\n<h2>Produkt\u00fcbersicht<\/h2>\n<p>Der <strong>leitf\u00e4higer geflochtener Schlauch<\/strong> von Teflon X kombiniert die einzigartigen Vorteile von PTFE mit der Festigkeit und Leitf\u00e4higkeit eines 304er Edelstahlgeflechts. Diese Kombination bietet einen ausgezeichneten Schutz vor statischer Aufladung und elektrostatischer Entladung, was f\u00fcr die Vermeidung von Gefahren beim Fl\u00fcssigkeitstransfer entscheidend ist. Die Edelstahlumflechtung verbessert au\u00dferdem die mechanische Festigkeit, Flexibilit\u00e4t und Korrosionsbest\u00e4ndigkeit, so dass sich dieser Schlauch f\u00fcr eine Vielzahl von Industrie- und Fertigungsumgebungen eignet.<\/p>\n<h2>Produkt-Parameter<\/h2>\n<ul>\n<li><strong>Marke:<\/strong> Teflon X<\/li>\n<li><strong>Material:<\/strong> Leitf\u00e4higes antistatisches PTFE \/ 304 Edelstahl<\/li>\n<li><strong>ID (Innendurchmesser):<\/strong> 2~60mm<\/li>\n<li><strong>Temperaturbereich:<\/strong> -70 bis +260\u00b0C<\/li>\n<li><strong>Farbe:<\/strong> Schwarz<\/li>\n<li><strong>Merkmale:<\/strong> Antistatisch, korrosionsbest\u00e4ndig, best\u00e4ndig gegen hohe und niedrige Temperaturen, antihaftbeschichtet<\/li>\n<\/ul>\n<h2>Hauptmerkmale und Vorteile<\/h2>\n<ul>\n<li><strong>Au\u00dfergew\u00f6hnlicher ESD-Schutz:<\/strong> Unser leitf\u00e4higer, geflochtener Schlauch leitet elektrostatische Ladungen effizient ab und verringert so das Risiko statisch bedingter Sch\u00e4den oder Brandgefahren, was f\u00fcr Halbleiter- und Elektronikfertigungsanlagen unerl\u00e4sslich ist.<\/li>\n<li><strong>Glatte Innenfl\u00e4che:<\/strong> Die PTFE-Innenauskleidung ist so konzipiert, dass sie die Anhaftung und Ablagerung von Partikeln verhindert und so einen sauberen und unverschmutzten Fl\u00fcssigkeitsstrom gew\u00e4hrleistet. Diese Eigenschaft ist in Branchen, die einen extrem reinen Fl\u00fcssigkeitstransfer ben\u00f6tigen, von entscheidender Bedeutung.<\/li>\n<li><strong>Korrosions- und Chemikalienbest\u00e4ndigkeit:<\/strong> Die Kombination aus PTFE und 304er-Edelstahlgeflecht gew\u00e4hrleistet eine hervorragende Best\u00e4ndigkeit gegen eine Vielzahl von Chemikalien und korrosiven Substanzen und verl\u00e4ngert die Lebensdauer des Schlauchs in rauen Umgebungen.<\/li>\n<li><strong>Breite Temperaturtoleranz:<\/strong> Mit einem Temperaturbereich von -70\u00b0C bis +260\u00b0C ist der Schlauch sowohl f\u00fcr kryogene als auch f\u00fcr Hochtemperaturanwendungen geeignet, ohne dass die Leistung beeintr\u00e4chtigt wird.<\/li>\n<li><strong>Langlebigkeit und Flexibilit\u00e4t:<\/strong> Das Edelstahlgeflecht bietet eine \u00fcberragende mechanische Festigkeit, Knickbest\u00e4ndigkeit und Flexibilit\u00e4t und erm\u00f6glicht eine einfache Installation auch bei beengten Platzverh\u00e4ltnissen.<\/li>\n<li><strong>Antihaftbeschichtung und einfache Pflege:<\/strong> Die inh\u00e4renten Antihafteigenschaften von PTFE minimieren die Ablagerung von R\u00fcckst\u00e4nden und vereinfachen die Reinigungs- und Wartungsprozesse.<\/li>\n<\/ul>\n<h2>Typische Anwendungen<\/h2>\n<p>Der <strong>leitf\u00e4higer geflochtener Schlauch<\/strong> von Teflon X wird in verschiedenen anspruchsvollen Industriezweigen eingesetzt, unter anderem in folgenden Bereichen<\/p>\n<ul>\n<li>Halbleiterherstellung, bei der der Schutz vor elektrostatischen Entladungen entscheidend ist.<\/li>\n<li>Chemische Verarbeitungsbetriebe, die korrosionsbest\u00e4ndige und antistatische Schlauchl\u00f6sungen ben\u00f6tigen.<\/li>\n<li>Flexible K\u00fchlmittelschl\u00e4uche in Kraftfahrzeugen und Industriemaschinen.<\/li>\n<li>Kraftstoff- und Gas\u00fcbertragungsleitungen, die sichere und zuverl\u00e4ssige leitf\u00e4hige PTFE-Schl\u00e4uche ben\u00f6tigen.<\/li>\n<li>Pharmazeutische und lebensmittelverarbeitende Industrien, die einen kontaminationsfreien Fl\u00fcssigkeitstransfer ben\u00f6tigen.<\/li>\n<li>Laboratorien und Pr\u00fcfeinrichtungen, die Pr\u00e4zisionsrohre mit ausgezeichneter chemischer Vertr\u00e4glichkeit ben\u00f6tigen.<\/li>\n<\/ul>\n<h2>Warum Teflon X w\u00e4hlen?<\/h2>\n<p><strong>Teflon X<\/strong> ist bestrebt, leitf\u00e4hige PTFE-Schl\u00e4uche von h\u00f6chster Qualit\u00e4t zu liefern, die den strengen Industriestandards entsprechen. Unser <strong>leitf\u00e4higer geflochtener Schlauch<\/strong> wird einer gr\u00fcndlichen Qualit\u00e4tskontrolle und Pr\u00fcfung unterzogen, um optimale Leistung, Sicherheit und Langlebigkeit zu gew\u00e4hrleisten. Wir bieten fachkundige technische Unterst\u00fctzung und ma\u00dfgeschneiderte L\u00f6sungen, um sicherzustellen, dass Sie den perfekten Schlauch f\u00fcr Ihre Anwendung finden.<\/p>\n<h2>Bestellung und Kontakt<\/h2>\n<p>Entdecken Sie die Vorteile unserer <strong>leitf\u00e4higer geflochtener Schlauch<\/strong> besuchen Sie unsere offizielle Website unter <a href=\"https:\/\/teflonx.com\/de\/\" target=\"_blank\" rel=\"noopener noreferrer\">https:\/\/teflonx.com\/<\/a>. F\u00fcr Anfragen, Kostenvoranschl\u00e4ge oder technische Unterst\u00fctzung kontaktieren Sie uns bitte \u00fcber unsere Kontaktseite unter <a href=\"https:\/\/teflonx.com\/de\/kontaktieren-sie-uns\/\" target=\"_blank\" rel=\"noopener noreferrer\">https:\/\/teflonx.com\/contact-us\/<\/a> oder direkt per E-Mail an <a href=\"mailto:allison.ye@teflonx.com\">allison.ye@teflonx.com<\/a>. W\u00e4hlen Sie <strong>Teflon X<\/strong> f\u00fcr un\u00fcbertroffene Qualit\u00e4t und Zuverl\u00e4ssigkeit bei leitf\u00e4higen PTFE-Schl\u00e4uchen.<\/p>","protected":false},"excerpt":{"rendered":"<p>W\u00e4hlen Sie unser <strong>leitf\u00e4higer geflochtener Schlauch<\/strong> f\u00fcr hervorragenden ESD-Schutz. Die <strong>PTFE-Schlauch mit Edelstahlgeflecht<\/strong> ist mit einer glatten Innenfl\u00e4che ausgestattet, die Partikelanhaftung verhindert. Einsatz als zuverl\u00e4ssige <strong>antistatischer geflochtener Schlauch<\/strong> in der Halbleiterfertigung. Es ist auch ein gro\u00dfartiges <strong>K\u00fchlmittelschlauch aus Edelstahl<\/strong> L\u00f6sung.<\/p>","protected":false},"featured_media":615,"comment_status":"open","ping_status":"closed","template":"","meta":{"site-sidebar-layout":"default","site-content-layout":"","ast-site-content-layout":"default","site-content-style":"default","site-sidebar-style":"default","ast-global-header-display":"","ast-banner-title-visibility":"","ast-main-header-display":"","ast-hfb-above-header-display":"","ast-hfb-below-header-display":"","ast-hfb-mobile-header-display":"","site-post-title":"","ast-breadcrumbs-content":"","ast-featured-img":"","footer-sml-layout":"","theme-transparent-header-meta":"default","adv-header-id-meta":"","stick-header-meta":"","header-above-stick-meta":"","header-main-stick-meta":"","header-below-stick-meta":"","astra-migrate-meta-layouts":"set","ast-page-background-enabled":"default","ast-page-background-meta":{"desktop":{"background-color":"var(--ast-global-color-5)","background-image":"","background-repeat":"repeat","background-position":"center center","background-size":"auto","background-attachment":"scroll","background-type":"","background-media":"","overlay-type":"","overlay-color":"","overlay-opacity":"","overlay-gradient":""},"tablet":{"background-color":"","background-image":"","background-repeat":"repeat","background-position":"center center","background-size":"auto","background-attachment":"scroll","background-type":"","background-media":"","overlay-type":"","overlay-color":"","overlay-opacity":"","overlay-gradient":""},"mobile":{"background-color":"","background-image":"","background-repeat":"repeat","background-position":"center center","background-size":"auto","background-attachment":"scroll","background-type":"","background-media":"","overlay-type":"","overlay-color":"","overlay-opacity":"","overlay-gradient":""}},"ast-content-background-meta":{"desktop":{"background-color":"var(--ast-global-color-4)","background-image":"","background-repeat":"repeat","background-position":"center center","background-size":"auto","background-attachment":"scroll","background-type":"","background-media":"","overlay-type":"","overlay-color":"","overlay-opacity":"","overlay-gradient":""},"tablet":{"background-color":"var(--ast-global-color-4)","background-image":"","background-repeat":"repeat","background-position":"center center","background-size":"auto","background-attachment":"scroll","background-type":"","background-media":"","overlay-type":"","overlay-color":"","overlay-opacity":"","overlay-gradient":""},"mobile":{"background-color":"var(--ast-global-color-4)","background-image":"","background-repeat":"repeat","background-position":"center center","background-size":"auto","background-attachment":"scroll","background-type":"","background-media":"","overlay-type":"","overlay-color":"","overlay-opacity":"","overlay-gradient":""}}},"product_brand":[290],"product_cat":[40],"product_tag":[191,197,192,195,196,193,169,194],"class_list":{"0":"post-627","1":"product","2":"type-product","3":"status-publish","4":"has-post-thumbnail","6":"product_brand-teflon-x","7":"product_cat-ptfe-tubes","8":"product_tag-anti-static-braided-tube","9":"product_tag-braided-fuel-line","10":"product_tag-conductive-braided-tube","11":"product_tag-engine-coolant-line","12":"product_tag-flexible-gas-line","13":"product_tag-stainless-steel-braided-ptfe-hose","14":"product_tag-stainless-steel-braided-teflon-hose","15":"product_tag-stainless-steel-coolant-hose","16":"desktop-align-left","17":"tablet-align-left","18":"mobile-align-left","20":"first","21":"instock","22":"shipping-taxable","23":"product-type-simple"},"_links":{"self":[{"href":"https:\/\/teflonx.com\/de\/wp-json\/wp\/v2\/product\/627","targetHints":{"allow":["GET"]}}],"collection":[{"href":"https:\/\/teflonx.com\/de\/wp-json\/wp\/v2\/product"}],"about":[{"href":"https:\/\/teflonx.com\/de\/wp-json\/wp\/v2\/types\/product"}],"replies":[{"embeddable":true,"href":"https:\/\/teflonx.com\/de\/wp-json\/wp\/v2\/comments?post=627"}],"wp:featuredmedia":[{"embeddable":true,"href":"https:\/\/teflonx.com\/de\/wp-json\/wp\/v2\/media\/615"}],"wp:attachment":[{"href":"https:\/\/teflonx.com\/de\/wp-json\/wp\/v2\/media?parent=627"}],"wp:term":[{"taxonomy":"product_brand","embeddable":true,"href":"https:\/\/teflonx.com\/de\/wp-json\/wp\/v2\/product_brand?post=627"},{"taxonomy":"product_cat","embeddable":true,"href":"https:\/\/teflonx.com\/de\/wp-json\/wp\/v2\/product_cat?post=627"},{"taxonomy":"product_tag","embeddable":true,"href":"https:\/\/teflonx.com\/de\/wp-json\/wp\/v2\/product_tag?post=627"}],"curies":[{"name":"wp","href":"https:\/\/api.w.org\/{rel}","templated":true}]}}