{"id":629,"date":"2025-04-13T05:57:57","date_gmt":"2025-04-13T05:57:57","guid":{"rendered":"https:\/\/teflonx.com\/?post_type=product&#038;p=629"},"modified":"2025-12-29T01:23:44","modified_gmt":"2025-12-29T01:23:44","slug":"geflochtener-ptfe-schlauch-aus-edelstahl","status":"publish","type":"product","link":"https:\/\/teflonx.com\/de\/product\/geflochtener-ptfe-schlauch-aus-edelstahl\/","title":{"rendered":"PTFE-Schlauch mit Edelstahlgeflecht \u2013 Antistatischer Teflonschlauch f\u00fcr K\u00fchlmittel"},"content":{"rendered":"<h1>PTFE-Schlauch mit Edelstahlgeflecht \u2013 Antistatischer Teflonschlauch f\u00fcr K\u00fchlmittel<\/h1>\n<p><strong>Teflon X<\/strong> bietet eine Pr\u00e4mie <strong>PTFE-Schlauch mit Edelstahlgeflecht<\/strong> speziell f\u00fcr K\u00fchlmittelanwendungen entwickelt, die Langlebigkeit, Sicherheit und \u00fcberlegene Leistung erfordern. Diese <em>antistatischer geflochtener Schlauch<\/em> bietet eine hervorragende Ableitung statischer Elektrizit\u00e4t und h\u00e4lt extremen Temperaturen stand, was es zur idealen Wahl f\u00fcr den Einsatz als zuverl\u00e4ssiges <strong>K\u00fchlmittelschlauch aus Edelstahl<\/strong> oder Motork\u00fchlmittelleitung. Unser <strong>leitf\u00e4higer geflochtener Schlauch<\/strong> kombiniert die chemische Best\u00e4ndigkeit und die Antihafteigenschaften von PTFE mit der mechanischen Festigkeit und der Leitf\u00e4higkeit von Edelstahlgeflecht und gew\u00e4hrleistet so einen lang anhaltenden Einsatz in anspruchsvollen Umgebungen.<\/p>\n<h2>Produkt\u00fcbersicht<\/h2>\n<p>Der <strong>PTFE-Schlauch mit Edelstahlgeflecht<\/strong> von Teflon X erf\u00fcllt die strengen Anforderungen von K\u00fchlmittelsystemen in der Automobilindustrie, der Industrie und der chemischen Industrie. Die leitf\u00e4hige Beschaffenheit des geflochtenen Edelstahlmantels leitet statische Elektrizit\u00e4t effektiv ab und verhindert so gef\u00e4hrliche statische Aufladungen. Die glatte PTFE-Innenauskleidung verhindert das Anhaften von Partikeln und Verunreinigungen und gew\u00e4hrleistet so die Reinheit der \u00fcbertragenen Fl\u00fcssigkeiten. Diese Kombination von Eigenschaften sorgt f\u00fcr erh\u00f6hte Sicherheit, Zuverl\u00e4ssigkeit und Langlebigkeit.<\/p>\n<h2>Produkt-Parameter<\/h2>\n<ul>\n<li><strong>Marke:<\/strong> Teflon X<\/li>\n<li><strong>Material:<\/strong> Leitf\u00e4higes antistatisches PTFE \/ 304 Edelstahl<\/li>\n<li><strong>ID (Innendurchmesser):<\/strong> 2~60mm<\/li>\n<li><strong>Temperaturbereich:<\/strong> -70 bis +260\u00b0C<\/li>\n<li><strong>Farbe:<\/strong> Schwarz<\/li>\n<li><strong>Merkmale:<\/strong> Antistatisch, korrosionsbest\u00e4ndig, best\u00e4ndig gegen hohe und niedrige Temperaturen, antihaftbeschichtet<\/li>\n<\/ul>\n<h2>Hauptfunktionen und Vorteile<\/h2>\n<ul>\n<li><strong>Antistatische Leistung:<\/strong> Der leitf\u00e4hige, geflochtene Schlauch leitet statische Aufladungen effizient ab und eliminiert das Risiko statischer Entladungen in K\u00fchlsystemen.<\/li>\n<li><strong>Hohe Temperaturbest\u00e4ndigkeit:<\/strong> Dieser Schlauch funktioniert zuverl\u00e4ssig in einem weiten Temperaturbereich von -70\u00b0C bis +260\u00b0C und ist sowohl f\u00fcr kalte als auch f\u00fcr hei\u00dfe K\u00fchlmittel geeignet.<\/li>\n<li><strong>Korrosionsbest\u00e4ndigkeit:<\/strong> Die Kombination aus PTFE und Edelstahl 304 bietet eine hervorragende Best\u00e4ndigkeit gegen chemische Angriffe und Korrosion und gew\u00e4hrleistet eine lange Lebensdauer des Schlauchs.<\/li>\n<li><strong>Antihaftbeschichtete Innenfl\u00e4che:<\/strong> Die Antihafteigenschaften von PTFE minimieren die Verschmutzung und Ablagerung von Fl\u00fcssigkeiten und vereinfachen die Wartung und Reinigung.<\/li>\n<li><strong>Mechanische Festigkeit und Flexibilit\u00e4t:<\/strong> Die Edelstahlumflechtung verst\u00e4rkt den Schlauch und sorgt f\u00fcr Robustheit, Knickfestigkeit und Flexibilit\u00e4t f\u00fcr eine einfache Installation.<\/li>\n<li><strong>Langlebigkeit:<\/strong> Der Schlauch ist f\u00fcr den langfristigen Einsatz in anspruchsvollen Umgebungen konzipiert und h\u00e4lt Verschlei\u00df, Druckschwankungen und rauen Bedingungen stand.<\/li>\n<\/ul>\n<h2>Typische Anwendungen<\/h2>\n<p>Der <strong>antistatischer geflochtener Schlauch<\/strong> aus Teflon X wird in verschiedenen Branchen f\u00fcr K\u00fchlmittel- und Fl\u00fcssigkeits\u00fcbertragungsl\u00f6sungen eingesetzt, darunter<\/p>\n<ul>\n<li>Motork\u00fchlmittelleitungen in Kraftfahrzeugen und Schwermaschinen<\/li>\n<li>Industrielle K\u00fchlmittelsysteme, die eine zuverl\u00e4ssige statische Ableitung erfordern<\/li>\n<li>Chemische Verarbeitungsanlagen, bei denen die Korrosionsbest\u00e4ndigkeit entscheidend ist<\/li>\n<li>Flexible K\u00fchlmittelschl\u00e4uche f\u00fcr Anwendungen in Fertigungs- und Produktionsanlagen<\/li>\n<li>Andere Fl\u00fcssigkeitstransfersysteme, die haltbare und sichere leitf\u00e4hige PTFE-Schl\u00e4uche ben\u00f6tigen<\/li>\n<\/ul>\n<h2>Warum Teflon X w\u00e4hlen?<\/h2>\n<p><strong>Teflon X<\/strong> widmet sich der Bereitstellung erstklassiger Qualit\u00e4t <strong>leitf\u00e4hige geflochtene Schl\u00e4uche<\/strong> die den h\u00f6chsten Industriestandards entsprechen. Unser <strong>PTFE-Schlauch mit Edelstahlgeflecht<\/strong> wird strengen Qualit\u00e4tssicherungspr\u00fcfungen unterzogen, um Sicherheit, Leistung und Haltbarkeit zu gew\u00e4hrleisten. Wir bieten professionellen Kundensupport und ma\u00dfgeschneiderte L\u00f6sungen f\u00fcr Ihre spezifischen Anwendungsanforderungen.<\/p>\n<h2>Bestellung und Kontaktinformationen<\/h2>\n<p>Um mehr zu erfahren oder eine Bestellung f\u00fcr unser <strong>antistatischer geflochtener Schlauch<\/strong>besuchen Sie unsere offizielle Website unter <a href=\"https:\/\/teflonx.com\/de\/\" target=\"_blank\" rel=\"noopener noreferrer\">https:\/\/teflonx.com\/<\/a>. F\u00fcr Anfragen oder technische Unterst\u00fctzung kontaktieren Sie uns bitte \u00fcber unsere Kontaktseite unter <a href=\"https:\/\/teflonx.com\/de\/kontaktieren-sie-uns\/\" target=\"_blank\" rel=\"noopener noreferrer\">https:\/\/teflonx.com\/contact-us\/<\/a> oder direkt per E-Mail an <a href=\"mailto:allison.ye@teflonx.com\">allison.ye@teflonx.com<\/a>. W\u00e4hlen Sie <strong>Teflon X<\/strong> f\u00fcr zuverl\u00e4ssige, qualitativ hochwertige L\u00f6sungen f\u00fcr leitf\u00e4hige PTFE-Schl\u00e4uche.<\/p>","protected":false},"excerpt":{"rendered":"<p>Das <strong>PTFE-Schlauch mit Edelstahlgeflecht<\/strong> ist die perfekte L\u00f6sung f\u00fcr K\u00fchlmittelanwendungen. Als <strong>antistatischer geflochtener Schlauch<\/strong>, verhindert es statische Entladung und widersteht hohen Temperaturen. Verwenden Sie es als zuverl\u00e4ssige <strong>K\u00fchlmittelschlauch aus Edelstahl<\/strong> oder <strong>Motork\u00fchlmittelleitung<\/strong>. Das <strong>leitf\u00e4higer geflochtener Schlauch<\/strong> ist auf Langlebigkeit ausgelegt.<\/p>","protected":false},"featured_media":617,"comment_status":"open","ping_status":"closed","template":"","meta":{"site-sidebar-layout":"default","site-content-layout":"","ast-site-content-layout":"default","site-content-style":"default","site-sidebar-style":"default","ast-global-header-display":"","ast-banner-title-visibility":"","ast-main-header-display":"","ast-hfb-above-header-display":"","ast-hfb-below-header-display":"","ast-hfb-mobile-header-display":"","site-post-title":"","ast-breadcrumbs-content":"","ast-featured-img":"","footer-sml-layout":"","ast-disable-related-posts":"","theme-transparent-header-meta":"default","adv-header-id-meta":"","stick-header-meta":"","header-above-stick-meta":"","header-main-stick-meta":"","header-below-stick-meta":"","astra-migrate-meta-layouts":"set","ast-page-background-enabled":"default","ast-page-background-meta":{"desktop":{"background-color":"var(--ast-global-color-5)","background-image":"","background-repeat":"repeat","background-position":"center center","background-size":"auto","background-attachment":"scroll","background-type":"","background-media":"","overlay-type":"","overlay-color":"","overlay-opacity":"","overlay-gradient":""},"tablet":{"background-color":"","background-image":"","background-repeat":"repeat","background-position":"center center","background-size":"auto","background-attachment":"scroll","background-type":"","background-media":"","overlay-type":"","overlay-color":"","overlay-opacity":"","overlay-gradient":""},"mobile":{"background-color":"","background-image":"","background-repeat":"repeat","background-position":"center center","background-size":"auto","background-attachment":"scroll","background-type":"","background-media":"","overlay-type":"","overlay-color":"","overlay-opacity":"","overlay-gradient":""}},"ast-content-background-meta":{"desktop":{"background-color":"var(--ast-global-color-4)","background-image":"","background-repeat":"repeat","background-position":"center center","background-size":"auto","background-attachment":"scroll","background-type":"","background-media":"","overlay-type":"","overlay-color":"","overlay-opacity":"","overlay-gradient":""},"tablet":{"background-color":"var(--ast-global-color-4)","background-image":"","background-repeat":"repeat","background-position":"center center","background-size":"auto","background-attachment":"scroll","background-type":"","background-media":"","overlay-type":"","overlay-color":"","overlay-opacity":"","overlay-gradient":""},"mobile":{"background-color":"var(--ast-global-color-4)","background-image":"","background-repeat":"repeat","background-position":"center center","background-size":"auto","background-attachment":"scroll","background-type":"","background-media":"","overlay-type":"","overlay-color":"","overlay-opacity":"","overlay-gradient":""}}},"product_brand":[290],"product_cat":[40],"product_tag":[191,197,192,195,196,193,169,194],"class_list":{"0":"post-629","1":"product","2":"type-product","3":"status-publish","4":"has-post-thumbnail","6":"product_brand-teflon-x","7":"product_cat-ptfe-tubes","8":"product_tag-anti-static-braided-tube","9":"product_tag-braided-fuel-line","10":"product_tag-conductive-braided-tube","11":"product_tag-engine-coolant-line","12":"product_tag-flexible-gas-line","13":"product_tag-stainless-steel-braided-ptfe-hose","14":"product_tag-stainless-steel-braided-teflon-hose","15":"product_tag-stainless-steel-coolant-hose","16":"desktop-align-left","17":"tablet-align-left","18":"mobile-align-left","20":"first","21":"instock","22":"shipping-taxable","23":"product-type-simple"},"_links":{"self":[{"href":"https:\/\/teflonx.com\/de\/wp-json\/wp\/v2\/product\/629","targetHints":{"allow":["GET"]}}],"collection":[{"href":"https:\/\/teflonx.com\/de\/wp-json\/wp\/v2\/product"}],"about":[{"href":"https:\/\/teflonx.com\/de\/wp-json\/wp\/v2\/types\/product"}],"replies":[{"embeddable":true,"href":"https:\/\/teflonx.com\/de\/wp-json\/wp\/v2\/comments?post=629"}],"wp:featuredmedia":[{"embeddable":true,"href":"https:\/\/teflonx.com\/de\/wp-json\/wp\/v2\/media\/617"}],"wp:attachment":[{"href":"https:\/\/teflonx.com\/de\/wp-json\/wp\/v2\/media?parent=629"}],"wp:term":[{"taxonomy":"product_brand","embeddable":true,"href":"https:\/\/teflonx.com\/de\/wp-json\/wp\/v2\/product_brand?post=629"},{"taxonomy":"product_cat","embeddable":true,"href":"https:\/\/teflonx.com\/de\/wp-json\/wp\/v2\/product_cat?post=629"},{"taxonomy":"product_tag","embeddable":true,"href":"https:\/\/teflonx.com\/de\/wp-json\/wp\/v2\/product_tag?post=629"}],"curies":[{"name":"wp","href":"https:\/\/api.w.org\/{rel}","templated":true}]}}