{"id":802,"date":"2025-06-09T16:00:04","date_gmt":"2025-06-09T16:00:04","guid":{"rendered":"https:\/\/teflonx.com\/?post_type=product&#038;p=802"},"modified":"2026-01-01T15:35:11","modified_gmt":"2026-01-01T15:35:11","slug":"industrielles-ptfe-klempnerband","status":"publish","type":"product","link":"https:\/\/teflonx.com\/de\/product\/industrielles-ptfe-klempnerband\/","title":{"rendered":"Industrielles PTFE-Klempnerband | Hochleistungs-Teflon-Gewindeband"},"content":{"rendered":"<div class=\"product-description-wrapper\">\n<h1>Industrielles PTFE-Klempnerband | Hochleistungs-Teflon-Gewindeband<\/h1>\n<p>Willkommen bei <strong>Teflon X<\/strong>Ihr f\u00fchrender Partner f\u00fcr fortschrittliche industrielle Dichtungsl\u00f6sungen. Unser <strong>Industrielles PTFE-Klempnerband<\/strong> ist kein gew\u00f6hnliches Dichtungsmittel aus dem Baumarkt. Entwickelt f\u00fcr die strengen Anforderungen in den Bereichen Fertigung, chemische Verarbeitung und Hydraulik, ist dieses <strong>hochbelastbares Teflon-Gewindeband<\/strong> bietet eine ausfallsichere Barriere gegen Lecks in den widrigsten Umgebungen. Wenn Systemintegrit\u00e4t nicht verhandelbar ist, vertrauen Profis auf Teflon X.<\/p>\n<h2>Entwickelt f\u00fcr extreme Umgebungen<\/h2>\n<p>Standard-Dichtb\u00e4nder versagen oft unter hohem Druck oder wenn sie korrosiven Substanzen ausgesetzt sind. Unser <strong>industrietaugliches ptfe-dichtungsband<\/strong> wird aus unbehandeltem Polytetrafluorethylen (PTFE) 100% hergestellt, das eine maximale Reinheit und Dichte gew\u00e4hrleistet. Diese Zusammensetzung erm\u00f6glicht unseren <strong>Teflon-Rohrband<\/strong> um dem extremen Druck in Hydraulikleitungen und Dampfsystemen standzuhalten.<\/p>\n<p>Ob Sie Rohre abdichten, die \u00e4tzende S\u00e4uren, L\u00f6sungsmittel oder Hochtemperaturdampf transportieren, unsere <strong>Teflon-Gewindedichtband<\/strong> beh\u00e4lt seine strukturelle Integrit\u00e4t bei. Es f\u00fcllt effektiv die mikroskopisch kleinen Hohlr\u00e4ume in den Gewindewurzeln und schafft so eine dauerhafte, lecksichere Dichtung, die Vibrationen und Temperaturschwankungen standh\u00e4lt.<\/p>\n<h2>Ein komplettes Angebot an Dichtungsl\u00f6sungen<\/h2>\n<p>Wir bei Teflon X wissen, dass der Begriff \"Industrie\" eine Vielzahl von Anwendungen umfasst. Daher umfasst unsere Produktlinie spezialisierte Varianten, die allen Vorschriften und Anforderungen gerecht werden:<\/p>\n<ul>\n<li><strong>Standard-Industrieabdichtung:<\/strong> Unsere Pr\u00e4mie <strong>wei\u00dfes Teflonband<\/strong> ist wesentlich dichter als herk\u00f6mmliche Einzelhandelsangebote. Es dient als \u00fcberlegene <strong>wei\u00dfes Klempnerband<\/strong> f\u00fcr Wasser-, Luft- und nicht-korrosive Fl\u00fcssigkeitsleitungen, die eine bessere Abdeckung mit weniger Umwicklungen bieten.<\/li>\n<li><strong>Gas- und Dampflinien:<\/strong> F\u00fcr fl\u00fcchtige Anwendungen liefern wir High-Density <strong>gelbes PTFE-Band<\/strong>. Das <strong>PTFE-Band f\u00fcr Gas<\/strong> wurde entwickelt, um die strengen Sicherheitsstandards f\u00fcr Erdgas-, Propan- und Butanleitungen zu erf\u00fcllen. Die <strong>gelbes Fadendichtband<\/strong> ist dicker und speziell pigmentiert, um den Inspektoren anzuzeigen, dass es f\u00fcr die Gasversorgung zugelassen ist.<\/li>\n<\/ul>\n<h2>Wichtigste Leistungsmerkmale<\/h2>\n<p>Warum ist Teflon X die bevorzugte Wahl f\u00fcr Facility Manager und Industrieinstallateure? Unser <strong>Teflon-Fadenband<\/strong> bietet deutliche Vorteile:<\/p>\n<ul>\n<li><strong>Hervorragende Schmierf\u00e4higkeit:<\/strong> Die reibungsarme Beschaffenheit unserer <strong>PTFE-Klempnerband<\/strong> wirkt wie ein Gewindeschmiermittel. Dies verhindert das Festfressen und Festsetzen w\u00e4hrend der Montage, insbesondere bei Edelstahl- und Aluminiumverschraubungen, und erm\u00f6glicht ein geringeres Anzugsmoment.<\/li>\n<li><strong>Chemische Inertheit:<\/strong> Unser <strong>PTFE-Gewindeband<\/strong> ist undurchl\u00e4ssig f\u00fcr praktisch alle Chemikalien (pH 0-14), was es ideal f\u00fcr chemische Verarbeitungsanlagen macht.<\/li>\n<li><strong>Temperaturbest\u00e4ndigkeit:<\/strong> Von kryogenen Gefriertunneln bis zu Industrie\u00f6fen, unsere <strong>Teflonband f\u00fcr Sanit\u00e4rinstallationen<\/strong> funktioniert \u00fcber ein breites Temperaturspektrum ohne Rissbildung oder Verh\u00e4rtung.<\/li>\n<li><strong>Durchschlagsfestigkeit:<\/strong> Es wirkt als elektrischer Isolator und hilft, galvanische Korrosion zwischen unterschiedlichen Metallen in Rohrleitungssystemen zu verhindern.<\/li>\n<\/ul>\n<h2>Technische Spezifikationen<\/h2>\n<p>Zur Gew\u00e4hrleistung unserer <strong>Teflon-Gewindedichtband<\/strong> den technischen Anforderungen Ihres Projekts entspricht, sehen Sie sich bitte die nachstehenden technischen Standardparameter an. Kundenspezifische Spezifikationen f\u00fcr Gro\u00dfauftr\u00e4ge sind verf\u00fcgbar.<\/p>\n<table style=\"width: 100%; border-collapse: collapse; border: 1px solid #dcdcdc; margin-bottom: 25px;\" border=\"1\" cellspacing=\"0\" cellpadding=\"10\">\n<thead>\n<tr style=\"background-color: #f0f0f0;\">\n<th style=\"text-align: left; width: 30%;\">Parameter<\/th>\n<th style=\"text-align: left; width: 70%;\">Details zur Spezifikation<\/th>\n<\/tr>\n<\/thead>\n<tbody>\n<tr>\n<td><strong>Materialzusammensetzung<\/strong><\/td>\n<td>100% Reines PTFE (Polytetrafluorethylen)<\/td>\n<\/tr>\n<tr>\n<td><strong>Produkt-G\u00fcteklassen<\/strong><\/td>\n<td>Standard, hohe Dichte, Sauerstoffqualit\u00e4t, Gasleitung (gelb)<\/td>\n<\/tr>\n<tr>\n<td><strong>Dichte<\/strong><\/td>\n<td>0,35 g\/cm\u00b3 (Standard) bis 1,2+ g\/cm\u00b3 (Heavy Duty\/Gas)<\/td>\n<\/tr>\n<tr>\n<td><strong>Dicke<\/strong><\/td>\n<td>0,075 mm bis 0,25 mm (anpassbar)<\/td>\n<\/tr>\n<tr>\n<td><strong>Zugfestigkeit<\/strong><\/td>\n<td>\u226510 MPa (Industriequalit\u00e4t)<\/td>\n<\/tr>\n<tr>\n<td><strong>Temperaturbereich<\/strong><\/td>\n<td>-268\u00b0C bis +260\u00b0C (-450\u00b0F bis +500\u00b0F)<\/td>\n<\/tr>\n<tr>\n<td><strong>Chemische Best\u00e4ndigkeit<\/strong><\/td>\n<td>Ausgezeichnet (best\u00e4ndig gegen S\u00e4uren, Basen, L\u00f6sungsmittel, Kraftstoffe)<\/td>\n<\/tr>\n<tr>\n<td><strong>Standard-Farben<\/strong><\/td>\n<td><strong>Wei\u00df<\/strong> (Allgemein), <strong>Gelb<\/strong> (Gas), <strong>Rosa<\/strong> (Heavy Duty), <strong>Gr\u00fcn<\/strong> (Sauerstoff)<\/td>\n<\/tr>\n<tr>\n<td><strong>Druckbewertung<\/strong><\/td>\n<td>Widerstandsf\u00e4hig gegen hohe Dr\u00fccke (bis zu 10.000 PSI je nach Fittingtyp)<\/td>\n<\/tr>\n<\/tbody>\n<\/table>\n<h2>Installationsrichtlinien f\u00fcr industrielle Systeme<\/h2>\n<p>Um eine zuverl\u00e4ssige Abdichtung mit unserem <strong>Klempnerband<\/strong> in einer industriellen Umgebung:<\/p>\n<ol>\n<li>Reinigen Sie die Au\u00dfengewinde gr\u00fcndlich, um Schneid\u00f6l oder Metallsp\u00e4ne zu entfernen.<\/li>\n<li>W\u00e4hlen Sie die richtige Dichte. Verwenden Sie <strong>gelbes PTFE-Band<\/strong> f\u00fcr Gasleitungen und Leitungen mit hoher Dichte <strong>wei\u00dfes Klempnerband<\/strong> f\u00fcr Wasser- oder Hydraulikleitungen mit gro\u00dfem Durchmesser.<\/li>\n<li>Beginnen Sie mit dem Umwickeln am zweiten Faden, um zu verhindern, dass das Band in den Fl\u00fcssigkeitsstrom rei\u00dft.<\/li>\n<li>Wickeln Sie in Richtung der Fadenspirale (im Uhrzeigersinn). Ziehen Sie das Band unter Spannung in die Fadenwurzeln.<\/li>\n<li>F\u00fcr Industriearmaturen sind in der Regel 3-4 Umwicklungen mit hochdichtem Klebeband ausreichend.<\/li>\n<li>Ziehen Sie den Anschluss fest. Die <strong>PTFE-Dichtungsband<\/strong> verformt sich, um eine perfekte Dichtung zu schaffen.<\/li>\n<\/ol>\n<div style=\"background-color: #f7f9fc; border-left: 5px solid #004a80; padding: 25px; margin-top: 30px;\">\n<h3 style=\"color: #004a80; margin-top: 0;\">Kontakt zu Teflon X f\u00fcr die industrielle Versorgung<\/h3>\n<p>Sie ben\u00f6tigen einen zuverl\u00e4ssigen Lieferanten f\u00fcr industrielle Gro\u00dfprojekte? Teflon X ist spezialisiert auf den Gro\u00dfhandel mit <strong>PTFE-Gewindeband<\/strong>. Ob Sie nun Standard <strong>Teflonband f\u00fcr Sanit\u00e4rinstallationen<\/strong> oder spezialisiert <strong>PTFE-Band f\u00fcr Gas<\/strong> Anwendungen k\u00f6nnen wir gleichbleibende Qualit\u00e4t und wettbewerbsf\u00e4hige Preise bieten.<\/p>\n<p><strong>Angebot oder Muster anfordern:<\/strong><\/p>\n<p>F\u00fcr technische Datenbl\u00e4tter und Mengenpreise wenden Sie sich bitte an unsere Verkaufsabteilung.<\/p>\n<p><strong>E-Mail:<\/strong> <a href=\"mailto:allison.ye@teflonx.com\">allison.ye@teflonx.com<\/a><\/p>\n<p><strong>Webseite:<\/strong> <a href=\"https:\/\/teflonx.com\/de\/\" target=\"_blank\" rel=\"noopener noreferrer\">https:\/\/teflonx.com\/<\/a><\/p>\n<p style=\"margin-top: 20px;\"><a style=\"background-color: #004a80; color: #ffffff; padding: 12px 24px; text-decoration: none; border-radius: 4px; font-weight: bold;\" href=\"https:\/\/teflonx.com\/de\/kontaktieren-sie-uns\/\" target=\"_blank\" rel=\"noopener noreferrer\">Holen Sie sich Ihr Angebot noch heute<\/a><\/p>\n<\/div>\n<\/div>","protected":false},"excerpt":{"rendered":"<p>Unser PTFE-Klempnerband in Industriequalit\u00e4t ist f\u00fcr anspruchsvollste Anwendungen konzipiert. Dieses hochbelastbare Teflon-Gewindeband bietet hervorragende Chemikalien- und Temperaturbest\u00e4ndigkeit und eignet sich daher ideal f\u00fcr Hydrauliksysteme und die chemische Verarbeitung. Vertrauen Sie unserem PTFE-Dichtungsband \u2013 es gew\u00e4hrleistet auch in rauen Umgebungen h\u00f6chste Dichtheit.<\/p>","protected":false},"featured_media":796,"comment_status":"open","ping_status":"closed","template":"","meta":{"site-sidebar-layout":"default","site-content-layout":"","ast-site-content-layout":"default","site-content-style":"default","site-sidebar-style":"default","ast-global-header-display":"","ast-banner-title-visibility":"","ast-main-header-display":"","ast-hfb-above-header-display":"","ast-hfb-below-header-display":"","ast-hfb-mobile-header-display":"","site-post-title":"","ast-breadcrumbs-content":"","ast-featured-img":"","footer-sml-layout":"","ast-disable-related-posts":"","theme-transparent-header-meta":"default","adv-header-id-meta":"","stick-header-meta":"","header-above-stick-meta":"","header-main-stick-meta":"","header-below-stick-meta":"","astra-migrate-meta-layouts":"set","ast-page-background-enabled":"default","ast-page-background-meta":{"desktop":{"background-color":"var(--ast-global-color-5)","background-image":"","background-repeat":"repeat","background-position":"center center","background-size":"auto","background-attachment":"scroll","background-type":"","background-media":"","overlay-type":"","overlay-color":"","overlay-opacity":"","overlay-gradient":""},"tablet":{"background-color":"","background-image":"","background-repeat":"repeat","background-position":"center center","background-size":"auto","background-attachment":"scroll","background-type":"","background-media":"","overlay-type":"","overlay-color":"","overlay-opacity":"","overlay-gradient":""},"mobile":{"background-color":"","background-image":"","background-repeat":"repeat","background-position":"center center","background-size":"auto","background-attachment":"scroll","background-type":"","background-media":"","overlay-type":"","overlay-color":"","overlay-opacity":"","overlay-gradient":""}},"ast-content-background-meta":{"desktop":{"background-color":"var(--ast-global-color-4)","background-image":"","background-repeat":"repeat","background-position":"center center","background-size":"auto","background-attachment":"scroll","background-type":"","background-media":"","overlay-type":"","overlay-color":"","overlay-opacity":"","overlay-gradient":""},"tablet":{"background-color":"var(--ast-global-color-4)","background-image":"","background-repeat":"repeat","background-position":"center center","background-size":"auto","background-attachment":"scroll","background-type":"","background-media":"","overlay-type":"","overlay-color":"","overlay-opacity":"","overlay-gradient":""},"mobile":{"background-color":"var(--ast-global-color-4)","background-image":"","background-repeat":"repeat","background-position":"center center","background-size":"auto","background-attachment":"scroll","background-type":"","background-media":"","overlay-type":"","overlay-color":"","overlay-opacity":"","overlay-gradient":""}}},"product_brand":[290],"product_cat":[260],"product_tag":[261,267,263,271,262,264,270,266,265,269,268,272,273],"class_list":{"0":"post-802","1":"product","2":"type-product","3":"status-publish","4":"has-post-thumbnail","6":"product_brand-teflon-x","7":"product_cat-ptfe-tape","8":"product_tag-plumbers-tape","9":"product_tag-ptfe-plumbers-tape","10":"product_tag-ptfe-seal-tape","11":"product_tag-ptfe-tape-for-gas","12":"product_tag-ptfe-thread-tape","13":"product_tag-teflon-pipe-tape","14":"product_tag-teflon-tape-for-plumbing","15":"product_tag-teflon-thread-seal-tape","16":"product_tag-teflon-thread-tape","17":"product_tag-white-plumbers-tape","18":"product_tag-white-teflon-tape","19":"product_tag-yellow-ptfe-tape","20":"product_tag-yellow-thread-seal-tape","21":"desktop-align-left","22":"tablet-align-left","23":"mobile-align-left","25":"first","26":"instock","27":"shipping-taxable","28":"product-type-simple"},"_links":{"self":[{"href":"https:\/\/teflonx.com\/de\/wp-json\/wp\/v2\/product\/802","targetHints":{"allow":["GET"]}}],"collection":[{"href":"https:\/\/teflonx.com\/de\/wp-json\/wp\/v2\/product"}],"about":[{"href":"https:\/\/teflonx.com\/de\/wp-json\/wp\/v2\/types\/product"}],"replies":[{"embeddable":true,"href":"https:\/\/teflonx.com\/de\/wp-json\/wp\/v2\/comments?post=802"}],"wp:featuredmedia":[{"embeddable":true,"href":"https:\/\/teflonx.com\/de\/wp-json\/wp\/v2\/media\/796"}],"wp:attachment":[{"href":"https:\/\/teflonx.com\/de\/wp-json\/wp\/v2\/media?parent=802"}],"wp:term":[{"taxonomy":"product_brand","embeddable":true,"href":"https:\/\/teflonx.com\/de\/wp-json\/wp\/v2\/product_brand?post=802"},{"taxonomy":"product_cat","embeddable":true,"href":"https:\/\/teflonx.com\/de\/wp-json\/wp\/v2\/product_cat?post=802"},{"taxonomy":"product_tag","embeddable":true,"href":"https:\/\/teflonx.com\/de\/wp-json\/wp\/v2\/product_tag?post=802"}],"curies":[{"name":"wp","href":"https:\/\/api.w.org\/{rel}","templated":true}]}}