{"id":823,"date":"2025-07-15T05:45:56","date_gmt":"2025-07-15T05:45:56","guid":{"rendered":"https:\/\/teflonx.com\/?post_type=product&#038;p=823"},"modified":"2025-07-15T05:45:57","modified_gmt":"2025-07-15T05:45:57","slug":"hochleistungs-ptfe-innenrohr-mit-flachem-ausenwellrohr-fur-den-chemikalientransfer","status":"publish","type":"product","link":"https:\/\/teflonx.com\/de\/product\/hochleistungs-ptfe-innenrohr-mit-flachem-ausenwellrohr-fur-den-chemikalientransfer\/","title":{"rendered":"Hochleistungsf\u00e4higer PTFE-Schlauch mit flacher Innenseite und gewellter Au\u00dfenseite f\u00fcr den Chemikalientransfer"},"content":{"rendered":"<h1 id=\"high-performance-inner-flat-outer-corrugated-ptfe-tube-for-chemical-transfer\">Hochleistungsf\u00e4higer PTFE-Schlauch mit flacher Innenseite und gewellter Au\u00dfenseite f\u00fcr den Chemikalientransfer<\/h1>\n<p>Willkommen bei <strong>Teflon X<\/strong>, Ihre zuverl\u00e4ssige Quelle f\u00fcr hochwertige PTFE-Schlauchl\u00f6sungen. Unsere <strong>Innere glatte Bohrung, \u00e4u\u00dfere gewellte PTFE-R\u00f6hre<\/strong> ist f\u00fcr die hohen Anforderungen chemischer Transferanwendungen konzipiert. Weitere Informationen finden Sie auf unserer Website unter <a href=\"https:\/\/teflonx.com\/de\/\" target=\"_blank\" rel=\"noopener\">https:\/\/teflonx.com\/<\/a> oder kontaktieren Sie uns per <a href=\"https:\/\/teflonx.com\/de\/kontaktieren-sie-uns\/\" target=\"_blank\" rel=\"noopener\">https:\/\/teflonx.com\/contact-us\/<\/a>. Sie k\u00f6nnen sich auch direkt an unser Team unter Allison.Ye@teflonx.com wenden.<\/p>\n<h2 id=\"product-overview\">Produkt\u00fcbersicht<\/h2>\n<p>Der <strong>Innere glatte Bohrung, \u00e4u\u00dfere gewellte PTFE-R\u00f6hre<\/strong> von Teflon X ist eine Hochleistungsl\u00f6sung, die f\u00fcr \u00fcberragende Haltbarkeit, Flexibilit\u00e4t und Korrosionsbest\u00e4ndigkeit entwickelt wurde. Auch bekannt als <strong>Innen flach, au\u00dfen gewellt, gewelltes Rohr<\/strong> oder <strong>PTFE-Innenflach-Au\u00dfenwellschlauch<\/strong>Dieses Produkt verf\u00fcgt \u00fcber eine glatte Innenbohrung, die den Fl\u00fcssigkeitswiderstand minimiert und einen effizienten Durchfluss gew\u00e4hrleistet, w\u00e4hrend das gewellte Au\u00dfendesign die Flexibilit\u00e4t und Biegsamkeit verbessert, ohne die strukturelle Integrit\u00e4t zu beeintr\u00e4chtigen.<\/p>\n<p>Ideal f\u00fcr Branchen wie die chemische Verarbeitung, Pharmazie, Lebensmittel und Getr\u00e4nke sowie die Automobilindustrie. <strong>Innere glatte Bohrung, \u00e4u\u00dfere gewellte PTFE-R\u00f6hre<\/strong> eignet sich hervorragend f\u00fcr den Umgang mit aggressiven Chemikalien, hohen Temperaturen und Dr\u00fccken. Sein antihaftbeschichtetes PTFE-Material verhindert Verunreinigungen und Ablagerungen und eignet sich daher perfekt f\u00fcr hochreine Anwendungen. Ob Sie mit korrosiven Fl\u00fcssigkeiten arbeiten oder zuverl\u00e4ssige Fluid-Handling-Systeme ben\u00f6tigen, unsere <strong>PTFE-Innenflach-Au\u00dfenwellschlauch<\/strong> bietet un\u00fcbertroffene Leistung.<\/p>\n<h2 id=\"key-features-and-benefits\">Hauptfunktionen und Vorteile<\/h2>\n<ul>\n<li><strong>Au\u00dfergew\u00f6hnliche Korrosionsbest\u00e4ndigkeit<\/strong>: Hergestellt aus hochwertigem PTFE, <strong>Innen flach, au\u00dfen gewellt, gewelltes Rohr<\/strong> widersteht aggressiven Chemikalien ohne Zersetzung.<\/li>\n<li><strong>Glatte Innenbohrung<\/strong>: Die flache Innenfl\u00e4che des <strong>Innere glatte Bohrung, \u00e4u\u00dfere gewellte PTFE-R\u00f6hre<\/strong> reduziert Turbulenzen und Druckabf\u00e4lle und sorgt so f\u00fcr einen reibungslosen Fl\u00fcssigkeitstransfer.<\/li>\n<li><strong>Gewelltes Au\u00dfendesign<\/strong>: Bietet hervorragende Flexibilit\u00e4t und Knickfestigkeit und erm\u00f6glicht so die <strong>PTFE-Innenflach-Au\u00dfenwellschlauch<\/strong> um sich in engen R\u00e4umen leicht biegen zu k\u00f6nnen.<\/li>\n<li><strong>Hohe Druck- und Temperaturtoleranz<\/strong>: Geeignet f\u00fcr anspruchsvolle Umgebungen, h\u00e4lt extremen Bedingungen stand und beh\u00e4lt dabei die Integrit\u00e4t.<\/li>\n<li><strong>Antihaftbeschichtet und hochrein<\/strong>: Verhindert das Anhaften von Substanzen, ideal f\u00fcr hygienische und saubere Anwendungen.<\/li>\n<li><strong>Vielseitige Einsatzm\u00f6glichkeiten<\/strong>: Ideal f\u00fcr den Chemikalientransfer, Laborger\u00e4te, Industrierohrleitungen und mehr. Die <strong>Innere glatte Bohrung, \u00e4u\u00dfere gewellte PTFE-R\u00f6hre<\/strong> ist die erste Wahl f\u00fcr Ingenieure, die zuverl\u00e4ssige <strong>PTFE-Innenflach-Au\u00dfenwellschlauch<\/strong>.<\/li>\n<\/ul>\n<p>Unser <strong>Innen flach, au\u00dfen gewellt, gewelltes Rohr<\/strong> wird nach h\u00f6chsten Standards gefertigt und gew\u00e4hrleistet Langlebigkeit und Zuverl\u00e4ssigkeit in Ihrem Betrieb. Wiederholte Benutzer der <strong>Innere glatte Bohrung, \u00e4u\u00dfere gewellte PTFE-R\u00f6hre<\/strong> berichten von verbesserter Systemleistung und reduzierten Wartungskosten.<\/p>\n<h2 id=\"technical-specifications\">Technische Spezifikationen<\/h2>\n<p>Nachfolgend finden Sie eine detaillierte Parametertabelle f\u00fcr die <strong>Innere glatte Bohrung, \u00e4u\u00dfere gewellte PTFE-R\u00f6hre<\/strong>. Diese Spezifikationen basieren auf pr\u00e4ziser Technik, um eine optimale Leistung in verschiedenen Gr\u00f6\u00dfen sicherzustellen.<\/p>\n<table>\n<thead>\n<tr>\n<th>Gr\u00f6\u00dfe (Zoll)<\/th>\n<th>Innendurchmesser (mm)<\/th>\n<th>Au\u00dfendurchmesser (mm)<\/th>\n<th>Betriebsdruck (bar)<\/th>\n<th>Berstdruck (bar)<\/th>\n<th>Biegeradius (mm)<\/th>\n<\/tr>\n<\/thead>\n<tbody>\n<tr>\n<td>1\/4&#8243;<\/td>\n<td>6,1 \u00b1 0,3<\/td>\n<td>9,5 \u00b1 0,3<\/td>\n<td>183<\/td>\n<td>551<\/td>\n<td>45<\/td>\n<\/tr>\n<tr>\n<td>5\/16&#8243;<\/td>\n<td>7,8 \u00b1 0,3<\/td>\n<td>11,4 \u00b1 0,3<\/td>\n<td>155<\/td>\n<td>466<\/td>\n<td>50<\/td>\n<\/tr>\n<tr>\n<td>3\/8&#8243;<\/td>\n<td>9,6 \u00b1 0,3<\/td>\n<td>14,1 \u00b1 0,3<\/td>\n<td>138<\/td>\n<td>414<\/td>\n<td>55<\/td>\n<\/tr>\n<tr>\n<td>1\/2&#8243;<\/td>\n<td>12,7 \u00b1 0,3<\/td>\n<td>17,2 \u00b1 0,3<\/td>\n<td>110<\/td>\n<td>331<\/td>\n<td>60<\/td>\n<\/tr>\n<tr>\n<td>5\/8&#8243;<\/td>\n<td>15,7 \u00b1 0,3<\/td>\n<td>20,7 \u00b1 0,3<\/td>\n<td>95<\/td>\n<td>286<\/td>\n<td>70<\/td>\n<\/tr>\n<tr>\n<td>3\/4&#8243;<\/td>\n<td>18,8 \u00b1 0,3<\/td>\n<td>23,7 \u00b1 0,3<\/td>\n<td>81<\/td>\n<td>245<\/td>\n<td>80<\/td>\n<\/tr>\n<tr>\n<td>1&#8243;<\/td>\n<td>25,4 \u00b1 0,3<\/td>\n<td>29,0 \u00b1 0,3<\/td>\n<td>70<\/td>\n<td>211<\/td>\n<td>135<\/td>\n<\/tr>\n<\/tbody>\n<\/table>\n<p><em>Hinweis: Alle Ma\u00dfe sind in mm angegeben, sofern nicht anders angegeben. Toleranzen und Werte k\u00f6nnen je nach Fertigungscharge leicht variieren. F\u00fcr Sondergr\u00f6\u00dfen oder zus\u00e4tzliche Spezifikationen kontaktieren Sie uns bitte unter Allison.Ye@teflonx.com.<\/em><\/p>\n<h2 id=\"applications\">Anwendungen<\/h2>\n<p>Der <strong>PTFE-Innenflach-Au\u00dfenwellschlauch<\/strong> ist vielseitig und wird h\u00e4ufig verwendet in:<\/p>\n<ul>\n<li>Chemische Verarbeitungsanlagen zum Umf\u00fcllen von S\u00e4uren, Basen und L\u00f6sungsmitteln.<\/li>\n<li>Pharmazeutische Herstellung f\u00fcr die Handhabung steriler Fl\u00fcssigkeiten.<\/li>\n<li>Lebensmittel- und Getr\u00e4nkeindustrie, die nicht kontaminierende Leitungen ben\u00f6tigt.<\/li>\n<li>Automobil- und Luftfahrtindustrie f\u00fcr Kraftstoff- und Hydraulikleitungen.<\/li>\n<li>Laboreinstellungen f\u00fcr pr\u00e4zise Fl\u00fcssigkeitskontrolle.<\/li>\n<\/ul>\n<p>Durch Auswahl der <strong>Innere glatte Bohrung, \u00e4u\u00dfere gewellte PTFE-R\u00f6hre<\/strong> von Teflon X gew\u00e4hrleisten Sie die Einhaltung der Industriestandards f\u00fcr Sicherheit und Effizienz.<\/p>\n<h2 id=\"why-choose-teflon-x-\">Warum Teflon X w\u00e4hlen?<\/h2>\n<p>Bei <strong>Teflon X<\/strong>, wir sind spezialisiert auf innovative PTFE-L\u00f6sungen wie die <strong>Innen flach, au\u00dfen gewellt, gewelltes Rohr<\/strong>Unser Engagement f\u00fcr Qualit\u00e4t und Kundenzufriedenheit zeichnet uns aus. Entdecken Sie weitere Produkte auf unserer Website: <a href=\"https:\/\/teflonx.com\/de\/\" target=\"_blank\" rel=\"noopener\">https:\/\/teflonx.com\/<\/a>. F\u00fcr Anfragen, Anpassungsw\u00fcnsche oder Gro\u00dfbestellungen besuchen Sie unsere Kontaktseite unter <a href=\"https:\/\/teflonx.com\/de\/kontaktieren-sie-uns\/\" target=\"_blank\" rel=\"noopener\">https:\/\/teflonx.com\/contact-us\/<\/a> oder senden Sie eine E-Mail an Allison.Ye@teflonx.com.<\/p>\n<p>Wenn Sie Fragen zu den <strong>Innere glatte Bohrung, \u00e4u\u00dfere gewellte PTFE-R\u00f6hre<\/strong>, <strong>PTFE-Innenflach-Au\u00dfenwellschlauch<\/strong>, oder andere Produkte, unser Team ist hier, um Ihnen zu helfen!<\/p>","protected":false},"excerpt":{"rendered":"<p>Unser PTFE-Rohr mit glatter Innenbohrung und gewellter Au\u00dfenwand bietet au\u00dfergew\u00f6hnliche Haltbarkeit und Flexibilit\u00e4t f\u00fcr anspruchsvolle Anwendungen im Chemikalientransport. Dieses innen flache, au\u00dfen gewellte Wellrohr gew\u00e4hrleistet dank seiner flachen Innenschicht und der gewellten Au\u00dfenwand einen gleichm\u00e4\u00dfigen Fl\u00fcssigkeitsfluss mit minimalem Widerstand und bietet so h\u00f6chste Korrosionsbest\u00e4ndigkeit.<\/p>\n<p>Der PTFE-Innenflach-Au\u00dfenwellschlauch eignet sich ideal f\u00fcr raue Umgebungen und transportiert aggressive Chemikalien zuverl\u00e4ssig und ohne Qualit\u00e4tsverlust. Seine einzigartige Struktur verbessert die Biegsamkeit und gew\u00e4hrleistet gleichzeitig die Integrit\u00e4t unter hohem Druck.<\/p>\n<p>Dieses PTFE-Faltenbalgrohr mit flacher Innen- und gewellter Au\u00dfenwand ist auf Zuverl\u00e4ssigkeit ausgelegt und eignet sich ideal f\u00fcr Branchen, die antihaftbeschichtete, hochreine Leitungen ben\u00f6tigen. Die wiederholte Verwendung des PTFE-Schlauchs mit glatter Innenwand und gewellter Au\u00dfenwand gew\u00e4hrleistet optimale Leistung in Fl\u00fcssigkeitshandhabungssystemen.<\/p>","protected":false},"featured_media":824,"comment_status":"open","ping_status":"closed","template":"","meta":{"site-sidebar-layout":"default","site-content-layout":"","ast-site-content-layout":"default","site-content-style":"default","site-sidebar-style":"default","ast-global-header-display":"","ast-banner-title-visibility":"","ast-main-header-display":"","ast-hfb-above-header-display":"","ast-hfb-below-header-display":"","ast-hfb-mobile-header-display":"","site-post-title":"","ast-breadcrumbs-content":"","ast-featured-img":"","footer-sml-layout":"","ast-disable-related-posts":"","theme-transparent-header-meta":"default","adv-header-id-meta":"","stick-header-meta":"","header-above-stick-meta":"","header-main-stick-meta":"","header-below-stick-meta":"","astra-migrate-meta-layouts":"set","ast-page-background-enabled":"default","ast-page-background-meta":{"desktop":{"background-color":"var(--ast-global-color-5)","background-image":"","background-repeat":"repeat","background-position":"center center","background-size":"auto","background-attachment":"scroll","background-type":"","background-media":"","overlay-type":"","overlay-color":"","overlay-opacity":"","overlay-gradient":""},"tablet":{"background-color":"","background-image":"","background-repeat":"repeat","background-position":"center center","background-size":"auto","background-attachment":"scroll","background-type":"","background-media":"","overlay-type":"","overlay-color":"","overlay-opacity":"","overlay-gradient":""},"mobile":{"background-color":"","background-image":"","background-repeat":"repeat","background-position":"center center","background-size":"auto","background-attachment":"scroll","background-type":"","background-media":"","overlay-type":"","overlay-color":"","overlay-opacity":"","overlay-gradient":""}},"ast-content-background-meta":{"desktop":{"background-color":"var(--ast-global-color-4)","background-image":"","background-repeat":"repeat","background-position":"center center","background-size":"auto","background-attachment":"scroll","background-type":"","background-media":"","overlay-type":"","overlay-color":"","overlay-opacity":"","overlay-gradient":""},"tablet":{"background-color":"var(--ast-global-color-4)","background-image":"","background-repeat":"repeat","background-position":"center center","background-size":"auto","background-attachment":"scroll","background-type":"","background-media":"","overlay-type":"","overlay-color":"","overlay-opacity":"","overlay-gradient":""},"mobile":{"background-color":"var(--ast-global-color-4)","background-image":"","background-repeat":"repeat","background-position":"center center","background-size":"auto","background-attachment":"scroll","background-type":"","background-media":"","overlay-type":"","overlay-color":"","overlay-opacity":"","overlay-gradient":""}}},"product_brand":[290],"product_cat":[42],"product_tag":[291,292,293],"class_list":{"0":"post-823","1":"product","2":"type-product","3":"status-publish","4":"has-post-thumbnail","6":"product_brand-teflon-x","7":"product_cat-ptfe-corrugated-hoses","8":"product_tag-inner-smooth-bore-outer-corrugated-ptfe-tube","9":"product_tag-internal-flat-external-wave-corrugated-pipe","10":"product_tag-ptfe-inner-flat-outer-corrugated-tubing","11":"desktop-align-left","12":"tablet-align-left","13":"mobile-align-left","15":"first","16":"instock","17":"shipping-taxable","18":"product-type-simple"},"_links":{"self":[{"href":"https:\/\/teflonx.com\/de\/wp-json\/wp\/v2\/product\/823","targetHints":{"allow":["GET"]}}],"collection":[{"href":"https:\/\/teflonx.com\/de\/wp-json\/wp\/v2\/product"}],"about":[{"href":"https:\/\/teflonx.com\/de\/wp-json\/wp\/v2\/types\/product"}],"replies":[{"embeddable":true,"href":"https:\/\/teflonx.com\/de\/wp-json\/wp\/v2\/comments?post=823"}],"wp:featuredmedia":[{"embeddable":true,"href":"https:\/\/teflonx.com\/de\/wp-json\/wp\/v2\/media\/824"}],"wp:attachment":[{"href":"https:\/\/teflonx.com\/de\/wp-json\/wp\/v2\/media?parent=823"}],"wp:term":[{"taxonomy":"product_brand","embeddable":true,"href":"https:\/\/teflonx.com\/de\/wp-json\/wp\/v2\/product_brand?post=823"},{"taxonomy":"product_cat","embeddable":true,"href":"https:\/\/teflonx.com\/de\/wp-json\/wp\/v2\/product_cat?post=823"},{"taxonomy":"product_tag","embeddable":true,"href":"https:\/\/teflonx.com\/de\/wp-json\/wp\/v2\/product_tag?post=823"}],"curies":[{"name":"wp","href":"https:\/\/api.w.org\/{rel}","templated":true}]}}