{"id":826,"date":"2025-07-15T06:25:44","date_gmt":"2025-07-15T06:25:44","guid":{"rendered":"https:\/\/teflonx.com\/?post_type=product&#038;p=826"},"modified":"2025-07-15T07:17:09","modified_gmt":"2025-07-15T07:17:09","slug":"ptfe-wellrohre-mit-glatter-bohrung-fur-die-handhabung-industrieller-flussigkeiten","status":"publish","type":"product","link":"https:\/\/teflonx.com\/de\/product\/ptfe-wellrohre-mit-glatter-bohrung-fur-die-handhabung-industrieller-flussigkeiten\/","title":{"rendered":"Gewellte PTFE-Schl\u00e4uche mit glatter Bohrung f\u00fcr die Handhabung industrieller Fl\u00fcssigkeiten"},"content":{"rendered":"<h1 id=\"smooth-bore-corrugated-ptfe-tubing-for-industrial-fluid-handling\">Gewellte PTFE-Schl\u00e4uche mit glatter Bohrung f\u00fcr die Handhabung industrieller Fl\u00fcssigkeiten<\/h1>\n<p>Entdecken Sie die ultimative L\u00f6sung f\u00fcr komplexe Fl\u00fcssigkeitstransfersysteme mit dem <strong>PTFE-Wellrohr mit glatter Bohrung<\/strong> aus Teflon X. Dieses innovative Produkt kombiniert meisterhaft eine perfekt glatte Innenfl\u00e4che f\u00fcr optimalen Durchfluss mit einer gewundenen Au\u00dfenschicht f\u00fcr au\u00dfergew\u00f6hnliche Flexibilit\u00e4t. Entwickelt f\u00fcr anspruchsvolle Industrieumgebungen, <strong>PTFE-Innenflach-Au\u00dfenwellrohr<\/strong> bietet beispiellose chemische Best\u00e4ndigkeit, thermische Stabilit\u00e4t und langfristige Zuverl\u00e4ssigkeit.<\/p>\n<p>In kritischen Anwendungen wie der petrochemischen Verarbeitung, dem Transport von Lebensmitteln und Getr\u00e4nken oder der Herstellung von Arzneimitteln ist das einzigartige Design unserer <strong>Innen flach, au\u00dfen gewellt, gewellter Schlauch<\/strong> ist von gr\u00f6\u00dfter Bedeutung. Die glatte Bohrung minimiert Turbulenzen, reduziert den Druckabfall und verhindert die Bildung von R\u00fcckst\u00e4nden. So wird ein sauberes, effizientes und selbstentleerendes System gew\u00e4hrleistet. Die gewellte Au\u00dfenseite erm\u00f6glicht die einfache Verlegung des Schlauchs durch enge R\u00e4ume und komplexe Verl\u00e4ufe, ohne dass dieser knickt oder seine strukturelle Integrit\u00e4t beeintr\u00e4chtigt wird.<\/p>\n<p>Mit seiner reinen PTFE-Konstruktion ist diese fortschrittliche Variante des <strong>Innere glatte Bohrung, \u00e4u\u00dfere gewellte PTFE-R\u00f6hre<\/strong> garantiert Langlebigkeit und hervorragende Betriebsqualit\u00e4t. Es ist die beste Wahl f\u00fcr Ingenieure und Betreiber, die eine leistungsstarke, wartungsarme und einfach zu installierende L\u00f6sung f\u00fcr ihre Herausforderungen im Fl\u00fcssigkeitshandling suchen.<\/p>\n<h3 id=\"key-features\">Hauptmerkmale<\/h3>\n<ul>\n<li><strong>Hybriddesign:<\/strong> Verf\u00fcgt \u00fcber eine glatte, antihaftbeschichtete Innenbohrung f\u00fcr laminare Str\u00f6mung und eine flexible, gewellte Au\u00dfenwand f\u00fcr einfache Installation und Verlegung.<\/li>\n<li><strong>Hochwertiges Material:<\/strong> Hergestellt aus 100% reinem PTFE, bietet universelle chemische Best\u00e4ndigkeit gegen S\u00e4uren, Basen und L\u00f6sungsmittel.<\/li>\n<li><strong>Gro\u00dfer Temperaturbereich:<\/strong> Funktioniert zuverl\u00e4ssig bei extremen Temperaturen, typischerweise von -65 \u00b0C bis 260 \u00b0C (-85 \u00b0F bis 500 \u00b0F).<\/li>\n<li><strong>Verbesserte Durchflusseffizienz:<\/strong> Die spiegelglatte Innenseite verhindert das Einschlie\u00dfen von Partikeln und reduziert die Reibung, was zu h\u00f6heren Durchflussraten und einer vereinfachten Reinigung (CIP\/SIP) f\u00fchrt.<\/li>\n<li><strong>Au\u00dfergew\u00f6hnliche Flexibilit\u00e4t:<\/strong> Die gewundene Au\u00dfenseite bietet einen engen Biegeradius und ist daher ideal f\u00fcr dynamische Anwendungen und kompakte Systemdesigns.<\/li>\n<li><strong>Haltbarkeit und Langlebigkeit:<\/strong> Hohe Best\u00e4ndigkeit gegen Spannungsrisse, Alterung und UV-Strahlung, was eine lange und zuverl\u00e4ssige Lebensdauer gew\u00e4hrleistet.<\/li>\n<\/ul>\n<h3 id=\"technical-specifications\">Technische Spezifikationen<\/h3>\n<p>Nachfolgend finden Sie die Standardspezifikationen f\u00fcr unsere <strong>PTFE-Wellrohr mit glatter Bohrung<\/strong>. Auf Anfrage sind benutzerdefinierte Gr\u00f6\u00dfen und Konfigurationen erh\u00e4ltlich, um Ihren spezifischen Projektanforderungen gerecht zu werden.<\/p>\n<table>\n<thead>\n<tr>\n<th style=\"text-align: left;\">Gr\u00f6\u00dfe<\/th>\n<th style=\"text-align: left;\">Innendurchmesser (mm)<\/th>\n<th style=\"text-align: left;\">Au\u00dfendurchmesser (mm)<\/th>\n<th style=\"text-align: left;\">Betriebsdruck (bar)<\/th>\n<th style=\"text-align: left;\">Berstdruck (bar)<\/th>\n<th style=\"text-align: left;\">Min. Biegeradius (mm)<\/th>\n<\/tr>\n<\/thead>\n<tbody>\n<tr>\n<td style=\"text-align: left;\">1\/4&#8243;<\/td>\n<td style=\"text-align: left;\">6,1 \u00b1 0,3<\/td>\n<td style=\"text-align: left;\">9,9 \u00b1 0,3<\/td>\n<td style=\"text-align: left;\">183<\/td>\n<td style=\"text-align: left;\">551<\/td>\n<td style=\"text-align: left;\">45<\/td>\n<\/tr>\n<tr>\n<td style=\"text-align: left;\">5\/16&#8243;<\/td>\n<td style=\"text-align: left;\">7,8 \u00b1 0,3<\/td>\n<td style=\"text-align: left;\">11,4 \u00b1 0,3<\/td>\n<td style=\"text-align: left;\">155<\/td>\n<td style=\"text-align: left;\">466<\/td>\n<td style=\"text-align: left;\">50<\/td>\n<\/tr>\n<tr>\n<td style=\"text-align: left;\">3\/8&#8243;<\/td>\n<td style=\"text-align: left;\">9,6 \u00b1 0,3<\/td>\n<td style=\"text-align: left;\">14,1 \u00b1 0,3<\/td>\n<td style=\"text-align: left;\">138<\/td>\n<td style=\"text-align: left;\">414<\/td>\n<td style=\"text-align: left;\">55<\/td>\n<\/tr>\n<tr>\n<td style=\"text-align: left;\">1\/2&#8243;<\/td>\n<td style=\"text-align: left;\">12,7 \u00b1 0,3<\/td>\n<td style=\"text-align: left;\">17,2 \u00b1 0,3<\/td>\n<td style=\"text-align: left;\">110<\/td>\n<td style=\"text-align: left;\">331<\/td>\n<td style=\"text-align: left;\">60<\/td>\n<\/tr>\n<tr>\n<td style=\"text-align: left;\">5\/8&#8243;<\/td>\n<td style=\"text-align: left;\">15,7 \u00b1 0,3<\/td>\n<td style=\"text-align: left;\">20,7 \u00b1 0,3<\/td>\n<td style=\"text-align: left;\">95<\/td>\n<td style=\"text-align: left;\">286<\/td>\n<td style=\"text-align: left;\">70<\/td>\n<\/tr>\n<tr>\n<td style=\"text-align: left;\">3\/4&#8243;<\/td>\n<td style=\"text-align: left;\">18,8 \u00b1 0,3<\/td>\n<td style=\"text-align: left;\">23,7 \u00b1 0,3<\/td>\n<td style=\"text-align: left;\">81<\/td>\n<td style=\"text-align: left;\">245<\/td>\n<td style=\"text-align: left;\">80<\/td>\n<\/tr>\n<tr>\n<td style=\"text-align: left;\">1&#8243;<\/td>\n<td style=\"text-align: left;\">25,4 \u00b1 0,3<\/td>\n<td style=\"text-align: left;\">29 \u00b1 0,3<\/td>\n<td style=\"text-align: left;\">70<\/td>\n<td style=\"text-align: left;\">211<\/td>\n<td style=\"text-align: left;\">135<\/td>\n<\/tr>\n<\/tbody>\n<\/table>\n<h3 id=\"applications\">Anwendungen<\/h3>\n<p>Die Vielseitigkeit unserer <strong>PTFE-Innenflach-Au\u00dfenwellrohr<\/strong> macht es zur bevorzugten Wahl in zahlreichen Branchen:<\/p>\n<ul>\n<li><strong>Chemische Verarbeitung:<\/strong> Sicherer Transport von \u00e4tzenden Chemikalien, S\u00e4uren und L\u00f6sungsmitteln.<\/li>\n<li><strong>Pharmazeutik &amp; Biotechnologie:<\/strong> Hochreine Anwendungen, die nicht kontaminierende und sterilisierbare Schl\u00e4uche erfordern.<\/li>\n<li><strong>Essen und Trinken:<\/strong> Umgang mit Produkten in Lebensmittelqualit\u00e4t, bei denen Hygiene und die Vermeidung von Verunreinigungen von entscheidender Bedeutung sind.<\/li>\n<li><strong>Halbleiterfertigung:<\/strong> Transport von Reinstwasser und aggressiven Reinigungsmitteln.<\/li>\n<li><strong>Automobil- und Luft- und Raumfahrt:<\/strong> Wird in Fl\u00fcssigkeitsleitungen f\u00fcr Kraftstoff, K\u00fchlmittel und Hydrauliksysteme verwendet, die Flexibilit\u00e4t und Widerstandsf\u00e4higkeit erfordern.<\/li>\n<li><strong>Labor und Forschung:<\/strong> Ideal f\u00fcr vielseitige und anspruchsvolle Laboraufbauten.<\/li>\n<\/ul>\n<h3 id=\"why-choose-teflon-x-\">Warum Teflon X w\u00e4hlen?<\/h3>\n<p>Bei <a href=\"https:\/\/teflonx.com\/de\/\" target=\"_blank\" rel=\"noopener\">Teflon X<\/a>Wir sind der technischen Exzellenz und der Kundenzufriedenheit verpflichtet. Unsere <strong>Innen flach, au\u00dfen gewellt, gewellter Schlauch<\/strong> wird unter strengen Qualit\u00e4tskontrollen hergestellt, um eine gleichbleibende Leistung zu gew\u00e4hrleisten, auf die Sie sich verlassen k\u00f6nnen. Wir arbeiten eng mit unseren Kunden zusammen, um nicht nur ein Produkt, sondern eine auf ihre betrieblichen Anforderungen zugeschnittene Komplettl\u00f6sung bereitzustellen.<\/p>\n<h3 id=\"contact-us-for-a-custom-quote\">Kontaktieren Sie uns f\u00fcr ein individuelles Angebot<\/h3>\n<p>Sind Sie bereit, Ihr Fluid-Handling-System mit \u00fcberlegener Technologie zu verbessern? F\u00fcr detaillierte Anfragen, Sonderabmessungen oder um Ihre spezifische Anwendung zu besprechen, wenden Sie sich bitte an unser Expertenteam.<\/p>\n<p><strong>E-Mail:<\/strong> <a href=\"mailto:Allison.Ye@teflonx.com\" target=\"_blank\" rel=\"noopener\">Allison.Ye@teflonx.com<\/a><\/p>\n<p><strong>Besuchen Sie unsere Kontaktseite:<\/strong> <a href=\"https:\/\/teflonx.com\/de\/kontaktieren-sie-uns\/\" target=\"_blank\" rel=\"noopener\">https:\/\/teflonx.com\/contact-us\/<\/a><\/p>\n<p>Lassen <strong>Teflon X<\/strong> Seien Sie Ihr zuverl\u00e4ssiger Partner f\u00fcr Hochleistungs-PTFE-L\u00f6sungen.<\/p>","protected":false},"excerpt":{"rendered":"<p>Entdecken Sie den glatten PTFE-Wellschlauch mit glatter Innenfl\u00e4che f\u00fcr effizienten Durchfluss und gewellter Au\u00dfenschicht f\u00fcr mehr Flexibilit\u00e4t bei der Handhabung industrieller Fl\u00fcssigkeiten. Dieses PTFE-Wellrohr mit flacher Innenfl\u00e4che und Au\u00dfenfl\u00e4che bietet un\u00fcbertroffene chemische Best\u00e4ndigkeit und thermische Stabilit\u00e4t und ist somit die erste Wahl f\u00fcr zuverl\u00e4ssige Leistung.<\/p>\n<p>Bei Anwendungen wie der petrochemischen Verarbeitung minimiert der innen flache, au\u00dfen gewellte Wellschlauch Turbulenzen und Ablagerungen und sorgt so f\u00fcr einen sauberen Betrieb.<\/p>\n<p>Diese Schlauchvariante mit innerer glatter Bohrung und \u00e4u\u00dferer gewellter PTFE-R\u00f6hre zeichnet sich durch ihre PTFE-Konstruktion durch Langlebigkeit und einfache Installation in komplexen Systemen aus.<\/p>","protected":false},"featured_media":827,"comment_status":"open","ping_status":"closed","template":"","meta":{"site-sidebar-layout":"default","site-content-layout":"","ast-site-content-layout":"default","site-content-style":"default","site-sidebar-style":"default","ast-global-header-display":"","ast-banner-title-visibility":"","ast-main-header-display":"","ast-hfb-above-header-display":"","ast-hfb-below-header-display":"","ast-hfb-mobile-header-display":"","site-post-title":"","ast-breadcrumbs-content":"","ast-featured-img":"","footer-sml-layout":"","ast-disable-related-posts":"","theme-transparent-header-meta":"default","adv-header-id-meta":"","stick-header-meta":"","header-above-stick-meta":"","header-main-stick-meta":"","header-below-stick-meta":"","astra-migrate-meta-layouts":"set","ast-page-background-enabled":"default","ast-page-background-meta":{"desktop":{"background-color":"var(--ast-global-color-5)","background-image":"","background-repeat":"repeat","background-position":"center center","background-size":"auto","background-attachment":"scroll","background-type":"","background-media":"","overlay-type":"","overlay-color":"","overlay-opacity":"","overlay-gradient":""},"tablet":{"background-color":"","background-image":"","background-repeat":"repeat","background-position":"center center","background-size":"auto","background-attachment":"scroll","background-type":"","background-media":"","overlay-type":"","overlay-color":"","overlay-opacity":"","overlay-gradient":""},"mobile":{"background-color":"","background-image":"","background-repeat":"repeat","background-position":"center center","background-size":"auto","background-attachment":"scroll","background-type":"","background-media":"","overlay-type":"","overlay-color":"","overlay-opacity":"","overlay-gradient":""}},"ast-content-background-meta":{"desktop":{"background-color":"var(--ast-global-color-4)","background-image":"","background-repeat":"repeat","background-position":"center center","background-size":"auto","background-attachment":"scroll","background-type":"","background-media":"","overlay-type":"","overlay-color":"","overlay-opacity":"","overlay-gradient":""},"tablet":{"background-color":"var(--ast-global-color-4)","background-image":"","background-repeat":"repeat","background-position":"center center","background-size":"auto","background-attachment":"scroll","background-type":"","background-media":"","overlay-type":"","overlay-color":"","overlay-opacity":"","overlay-gradient":""},"mobile":{"background-color":"var(--ast-global-color-4)","background-image":"","background-repeat":"repeat","background-position":"center center","background-size":"auto","background-attachment":"scroll","background-type":"","background-media":"","overlay-type":"","overlay-color":"","overlay-opacity":"","overlay-gradient":""}}},"product_brand":[290],"product_cat":[42],"product_tag":[296,295,294],"class_list":{"0":"post-826","1":"product","2":"type-product","3":"status-publish","4":"has-post-thumbnail","6":"product_brand-teflon-x","7":"product_cat-ptfe-corrugated-hoses","8":"product_tag-internal-flat-external-wave-corrugated-hose","9":"product_tag-ptfe-inner-flat-outer-corrugated-pipe","10":"product_tag-smooth-bore-corrugated-ptfe-tubing","11":"desktop-align-left","12":"tablet-align-left","13":"mobile-align-left","15":"first","16":"instock","17":"shipping-taxable","18":"product-type-simple"},"_links":{"self":[{"href":"https:\/\/teflonx.com\/de\/wp-json\/wp\/v2\/product\/826","targetHints":{"allow":["GET"]}}],"collection":[{"href":"https:\/\/teflonx.com\/de\/wp-json\/wp\/v2\/product"}],"about":[{"href":"https:\/\/teflonx.com\/de\/wp-json\/wp\/v2\/types\/product"}],"replies":[{"embeddable":true,"href":"https:\/\/teflonx.com\/de\/wp-json\/wp\/v2\/comments?post=826"}],"wp:featuredmedia":[{"embeddable":true,"href":"https:\/\/teflonx.com\/de\/wp-json\/wp\/v2\/media\/827"}],"wp:attachment":[{"href":"https:\/\/teflonx.com\/de\/wp-json\/wp\/v2\/media?parent=826"}],"wp:term":[{"taxonomy":"product_brand","embeddable":true,"href":"https:\/\/teflonx.com\/de\/wp-json\/wp\/v2\/product_brand?post=826"},{"taxonomy":"product_cat","embeddable":true,"href":"https:\/\/teflonx.com\/de\/wp-json\/wp\/v2\/product_cat?post=826"},{"taxonomy":"product_tag","embeddable":true,"href":"https:\/\/teflonx.com\/de\/wp-json\/wp\/v2\/product_tag?post=826"}],"curies":[{"name":"wp","href":"https:\/\/api.w.org\/{rel}","templated":true}]}}