{"id":829,"date":"2025-07-15T07:21:31","date_gmt":"2025-07-15T07:21:31","guid":{"rendered":"https:\/\/teflonx.com\/?post_type=product&#038;p=829"},"modified":"2025-07-15T07:21:33","modified_gmt":"2025-07-15T07:21:33","slug":"ptfe-balgrohr-innen-flach-ausen-gewellt-fur-den-pharmabereich","status":"publish","type":"product","link":"https:\/\/teflonx.com\/de\/product\/ptfe-balgrohr-innen-flach-ausen-gewellt-fur-den-pharmabereich\/","title":{"rendered":"PTFE-Balgschlauch: Innen flach, au\u00dfen gewellt f\u00fcr den Einsatz in der Pharmaindustrie"},"content":{"rendered":"<h2><strong>PTFE-Balgschlauch: Innen flach, au\u00dfen gewellt f\u00fcr den Einsatz in der Pharmaindustrie<\/strong><\/h2>\n<p><strong>Der PTFE-Faltenbalgschlauch mit flacher Innen- und gewellter Au\u00dfenwand bietet hygienische, kontaminationsfreie Leistung f\u00fcr pharmazeutische Anwendungen. Dieser PTFE-Schlauch mit glatter Innenwand und gewellter Au\u00dfenwand erm\u00f6glicht einen reibungslosen Produkttransfer und ist best\u00e4ndig gegen aggressive Desinfektionsmittel.<\/strong><\/p>\n<p><strong>Das f\u00fcr sterile Umgebungen geeignete Wellrohr mit innen flacher, au\u00dfen gewellter Oberfl\u00e4che sorgt f\u00fcr Reinheit bei Arzneimittelherstellungsprozessen und bietet Flexibilit\u00e4t ohne Kompromisse bei der Festigkeit.<\/strong><\/p>\n<p><strong>Entscheiden Sie sich f\u00fcr dieses PTFE-Wellrohr mit Innen- und Au\u00dfenflachwellung, um die Effizienz zu steigern. Seine balgartige Struktur, \u00e4hnlich der von PTFE-Wellrohren mit Innen- und Au\u00dfenflachwellung, gew\u00e4hrleistet die Einhaltung strenger Industriestandards.<\/strong><\/p>\n<p>Bei Teflon X sind wir auf die Bereitstellung leistungsstarker L\u00f6sungen f\u00fcr den Fl\u00fcssigkeitstransfer spezialisiert. Unsere <strong>PTFE-Balgrohr<\/strong> wurde entwickelt, um die strengen Anforderungen der Pharma-, Biotech- sowie Lebensmittel- und Getr\u00e4nkeindustrie zu erf\u00fcllen. Die einzigartige Konstruktion zeichnet sich durch eine vollkommen glatte Innenfl\u00e4che f\u00fcr ungehinderten Durchfluss und eine gewellte Au\u00dfenfl\u00e4che f\u00fcr h\u00f6chste Flexibilit\u00e4t und Knickfestigkeit aus.<\/p>\n<hr \/>\n<h3 id=\"-key-features-benefits-\"><strong>Hauptmerkmale und Vorteile<\/strong><\/h3>\n<ul>\n<li><strong>Hygienisch und nicht kontaminierend:<\/strong> Die ultraglatte Innenbohrung unserer <strong>Innere glatte Bohrung, \u00e4u\u00dfere gewellte PTFE-R\u00f6hre<\/strong> Verhindert Partikelablagerungen und mikrobielle Kontamination und gew\u00e4hrleistet so die Produktreinheit. Es ist ideal f\u00fcr hygienische Anwendungen.<\/li>\n<li><strong>\u00dcberlegene Flexibilit\u00e4t:<\/strong> Das gewellte \u201eBalg\u201c-Design bietet einen hervorragenden Biegeradius und erleichtert so die Installation in komplexen und engen R\u00e4umen, ohne dass die Gefahr von Knicken oder Durchflussbeschr\u00e4nkungen besteht.<\/li>\n<li><strong>Au\u00dfergew\u00f6hnliche chemische Best\u00e4ndigkeit:<\/strong> Dieser Schlauch besteht aus reinem 100%-PTFE und ist praktisch inert gegen\u00fcber allen g\u00e4ngigen Chemikalien, L\u00f6sungsmitteln und aggressiven Reinigungsmitteln (CIP\/SIP), was eine lange Lebensdauer und Prozessintegrit\u00e4t gew\u00e4hrleistet.<\/li>\n<li><strong>Gro\u00dfer Temperaturbereich:<\/strong> Der <strong>PTFE-Balgrohr<\/strong> arbeitet zuverl\u00e4ssig \u00fcber ein breites Temperaturspektrum, von kryogenen bis hin zu hohen Temperaturen, und ist daher f\u00fcr verschiedene Verarbeitungsstufen geeignet.<\/li>\n<li><strong>Langlebige Konstruktion:<\/strong> Verst\u00e4rkt mit einem 304 Edelstahlgeflecht, dieses <strong>Innen flach, au\u00dfen gewellt, gewelltes Rohr<\/strong> bietet hervorragende Druckfestigkeit und physikalische Haltbarkeit und sch\u00fctzt den Kern vor Abrieb und \u00e4u\u00dferen Einfl\u00fcssen.<\/li>\n<li><strong>Antihaft-Oberfl\u00e4che:<\/strong> Die inh\u00e4renten reibungsarmen und nicht haftenden Eigenschaften von PTFE erleichtern die vollst\u00e4ndige Entleerung und vereinfachen Reinigungsvorg\u00e4nge, wodurch Ausfallzeiten und das Risiko einer Kreuzkontamination verringert werden.<\/li>\n<\/ul>\n<hr \/>\n<h3 id=\"-technical-specifications-\"><strong>Technische Spezifikationen<\/strong><\/h3>\n<p>Die folgende Tabelle zeigt die Standardspezifikationen f\u00fcr unsere geflochtenen Edelstahlkabel 304 <strong>PTFE-Balgrohr<\/strong>. Um Ihren spezifischen Anforderungen gerecht zu werden, sind kundenspezifische Abmessungen und Konfigurationen verf\u00fcgbar.<\/p>\n<table>\n<thead>\n<tr>\n<th style=\"text-align: left;\">Gr\u00f6\u00dfe<\/th>\n<th style=\"text-align: left;\">Innendurchmesser (mm)<\/th>\n<th style=\"text-align: left;\">Au\u00dfendurchmesser (mm)<\/th>\n<th style=\"text-align: left;\">Betriebsdruck (bar)<\/th>\n<th style=\"text-align: left;\">Berstdruck (bar)<\/th>\n<th style=\"text-align: left;\">Min. Biegeradius (mm)<\/th>\n<\/tr>\n<\/thead>\n<tbody>\n<tr>\n<td style=\"text-align: left;\">1\/4&#8243;<\/td>\n<td style=\"text-align: left;\">6,1 \u00b1 0,3<\/td>\n<td style=\"text-align: left;\">9,9 \u00b1 0,3<\/td>\n<td style=\"text-align: left;\">183<\/td>\n<td style=\"text-align: left;\">551<\/td>\n<td style=\"text-align: left;\">45<\/td>\n<\/tr>\n<tr>\n<td style=\"text-align: left;\">5\/16&#8243;<\/td>\n<td style=\"text-align: left;\">7,8 \u00b1 0,3<\/td>\n<td style=\"text-align: left;\">11,4 \u00b1 0,3<\/td>\n<td style=\"text-align: left;\">155<\/td>\n<td style=\"text-align: left;\">466<\/td>\n<td style=\"text-align: left;\">50<\/td>\n<\/tr>\n<tr>\n<td style=\"text-align: left;\">3\/8&#8243;<\/td>\n<td style=\"text-align: left;\">9,6 \u00b1 0,3<\/td>\n<td style=\"text-align: left;\">14,1 \u00b1 0,3<\/td>\n<td style=\"text-align: left;\">138<\/td>\n<td style=\"text-align: left;\">414<\/td>\n<td style=\"text-align: left;\">55<\/td>\n<\/tr>\n<tr>\n<td style=\"text-align: left;\">1\/2&#8243;<\/td>\n<td style=\"text-align: left;\">12,7 \u00b1 0,3<\/td>\n<td style=\"text-align: left;\">17,2 \u00b1 0,3<\/td>\n<td style=\"text-align: left;\">110<\/td>\n<td style=\"text-align: left;\">331<\/td>\n<td style=\"text-align: left;\">60<\/td>\n<\/tr>\n<tr>\n<td style=\"text-align: left;\">5\/8&#8243;<\/td>\n<td style=\"text-align: left;\">15,7 \u00b1 0,3<\/td>\n<td style=\"text-align: left;\">20,7 \u00b1 0,3<\/td>\n<td style=\"text-align: left;\">95<\/td>\n<td style=\"text-align: left;\">286<\/td>\n<td style=\"text-align: left;\">70<\/td>\n<\/tr>\n<tr>\n<td style=\"text-align: left;\">3\/4&#8243;<\/td>\n<td style=\"text-align: left;\">18,8 \u00b1 0,3<\/td>\n<td style=\"text-align: left;\">23,7 \u00b1 0,3<\/td>\n<td style=\"text-align: left;\">81<\/td>\n<td style=\"text-align: left;\">245<\/td>\n<td style=\"text-align: left;\">80<\/td>\n<\/tr>\n<tr>\n<td style=\"text-align: left;\">1&#8243;<\/td>\n<td style=\"text-align: left;\">25,4 \u00b1 0,3<\/td>\n<td style=\"text-align: left;\">29 \u00b1 0,3<\/td>\n<td style=\"text-align: left;\">70<\/td>\n<td style=\"text-align: left;\">211<\/td>\n<td style=\"text-align: left;\">135<\/td>\n<\/tr>\n<\/tbody>\n<\/table>\n<hr \/>\n<h3 id=\"-primary-applications-\"><strong>Prim\u00e4re Anwendungen<\/strong><\/h3>\n<p>Dieser vielseitige Schlauch ist die bevorzugte Wahl f\u00fcr kritische Anwendungen, einschlie\u00dflich:<\/p>\n<ul>\n<li><strong>Pharmazeutische und Bioverarbeitung:<\/strong> Transfer von pharmazeutischen Wirkstoffen (APIs), gereinigtem Wasser (WFI) und sterilen Medien.<\/li>\n<li><strong>Essen &amp; Trinken:<\/strong> Handhabung von viskosen Fl\u00fcssigkeiten, Milchprodukten und Getr\u00e4nken, bei denen Hygiene von gr\u00f6\u00dfter Bedeutung ist.<\/li>\n<li><strong>Chemische Verarbeitung:<\/strong> Sicherer Transfer von \u00e4tzenden S\u00e4uren, Basen und L\u00f6sungsmitteln.<\/li>\n<li><strong>Kosmetika:<\/strong> Produktionslinien f\u00fcr Lotionen, Cremes und andere empfindliche Formulierungen.<\/li>\n<li><strong>Labore &amp; Forschung:<\/strong> Hochreine Fl\u00fcssigkeitsleitungen f\u00fcr analytische und wissenschaftliche Ger\u00e4te.<\/li>\n<\/ul>\n<hr \/>\n<h3 id=\"-why-choose-teflon-x-\"><strong>Warum Teflon X w\u00e4hlen?<\/strong><\/h3>\n<p>Teflon X ist Ihr zuverl\u00e4ssiger Partner f\u00fcr fortschrittliche Schlauchl\u00f6sungen. Wir liefern Produkte h\u00f6chster Qualit\u00e4t und bieten Ihnen kompetenten technischen Support. Unsere <strong>Innere glatte Bohrung, \u00e4u\u00dfere gewellte PTFE-R\u00f6hre<\/strong> wird so hergestellt, dass es die Industriestandards \u00fcbertrifft und garantiert, dass Sie ein Produkt erhalten, das sowohl zuverl\u00e4ssig als auch effizient ist.<\/p>\n<h3 id=\"-request-a-quote-\"><strong>Angebot anfordern<\/strong><\/h3>\n<p>Bereit, Ihren Betrieb mit unserer Hochleistungstechnologie zu verbessern <strong>PTFE-Balgrohr<\/strong>? Kontaktieren Sie noch heute unser Expertenteam, um Ihre Anwendungsanforderungen zu besprechen, ein Muster anzufordern oder ein individuelles Angebot zu erhalten.<\/p>\n<p><strong>Besuchen Sie unsere Kontaktseite:<\/strong> <strong><a href=\"https:\/\/teflonx.com\/de\/kontaktieren-sie-uns\/\" target=\"_blank\" rel=\"noopener\">https:\/\/teflonx.com\/contact-us\/<\/a><\/strong><\/p>\n<p><strong>Senden Sie uns direkt eine E-Mail:<\/strong> <strong><a href=\"mailto:Allison.Ye@teflonx.com\" target=\"_blank\" rel=\"noopener\">Allison.Ye@teflonx.com<\/a><\/strong><\/p>\n<p>Wir freuen uns darauf, Ihnen bei der Suche nach der perfekten L\u00f6sung zu helfen. <strong><a href=\"https:\/\/teflonx.com\/de\/\" target=\"_blank\" rel=\"noopener\">https:\/\/teflonx.com\/<\/a><\/strong>.<\/p>","protected":false},"excerpt":{"rendered":"<p>Der PTFE-Faltenbalgschlauch mit flacher Innen- und gewellter Au\u00dfenwand bietet hygienische, kontaminationsfreie Leistung f\u00fcr pharmazeutische Anwendungen. Dieser PTFE-Schlauch mit glatter Innenwand und gewellter Au\u00dfenwand erm\u00f6glicht einen reibungslosen Produkttransfer und ist best\u00e4ndig gegen aggressive Desinfektionsmittel.<\/p>\n<p>Das f\u00fcr sterile Umgebungen geeignete Wellrohr mit innen flacher, au\u00dfen gewellter Oberfl\u00e4che sorgt f\u00fcr Reinheit bei Arzneimittelherstellungsprozessen und bietet Flexibilit\u00e4t ohne Kompromisse bei der Festigkeit.<\/p>\n<p>Entscheiden Sie sich f\u00fcr dieses PTFE-Wellrohr mit Innen- und Au\u00dfenflachwellung, um die Effizienz zu steigern. Seine balgartige Struktur, \u00e4hnlich der von PTFE-Wellrohren mit Innen- und Au\u00dfenflachwellung, gew\u00e4hrleistet die Einhaltung strenger Industriestandards.<\/p>","protected":false},"featured_media":830,"comment_status":"open","ping_status":"closed","template":"","meta":{"site-sidebar-layout":"default","site-content-layout":"","ast-site-content-layout":"default","site-content-style":"default","site-sidebar-style":"default","ast-global-header-display":"","ast-banner-title-visibility":"","ast-main-header-display":"","ast-hfb-above-header-display":"","ast-hfb-below-header-display":"","ast-hfb-mobile-header-display":"","site-post-title":"","ast-breadcrumbs-content":"","ast-featured-img":"","footer-sml-layout":"","ast-disable-related-posts":"","theme-transparent-header-meta":"default","adv-header-id-meta":"","stick-header-meta":"","header-above-stick-meta":"","header-main-stick-meta":"","header-below-stick-meta":"","astra-migrate-meta-layouts":"set","ast-page-background-enabled":"default","ast-page-background-meta":{"desktop":{"background-color":"var(--ast-global-color-5)","background-image":"","background-repeat":"repeat","background-position":"center center","background-size":"auto","background-attachment":"scroll","background-type":"","background-media":"","overlay-type":"","overlay-color":"","overlay-opacity":"","overlay-gradient":""},"tablet":{"background-color":"","background-image":"","background-repeat":"repeat","background-position":"center center","background-size":"auto","background-attachment":"scroll","background-type":"","background-media":"","overlay-type":"","overlay-color":"","overlay-opacity":"","overlay-gradient":""},"mobile":{"background-color":"","background-image":"","background-repeat":"repeat","background-position":"center center","background-size":"auto","background-attachment":"scroll","background-type":"","background-media":"","overlay-type":"","overlay-color":"","overlay-opacity":"","overlay-gradient":""}},"ast-content-background-meta":{"desktop":{"background-color":"var(--ast-global-color-4)","background-image":"","background-repeat":"repeat","background-position":"center center","background-size":"auto","background-attachment":"scroll","background-type":"","background-media":"","overlay-type":"","overlay-color":"","overlay-opacity":"","overlay-gradient":""},"tablet":{"background-color":"var(--ast-global-color-4)","background-image":"","background-repeat":"repeat","background-position":"center center","background-size":"auto","background-attachment":"scroll","background-type":"","background-media":"","overlay-type":"","overlay-color":"","overlay-opacity":"","overlay-gradient":""},"mobile":{"background-color":"var(--ast-global-color-4)","background-image":"","background-repeat":"repeat","background-position":"center center","background-size":"auto","background-attachment":"scroll","background-type":"","background-media":"","overlay-type":"","overlay-color":"","overlay-opacity":"","overlay-gradient":""}}},"product_brand":[290],"product_cat":[42],"product_tag":[291,292,297],"class_list":{"0":"post-829","1":"product","2":"type-product","3":"status-publish","4":"has-post-thumbnail","6":"product_brand-teflon-x","7":"product_cat-ptfe-corrugated-hoses","8":"product_tag-inner-smooth-bore-outer-corrugated-ptfe-tube","9":"product_tag-internal-flat-external-wave-corrugated-pipe","10":"product_tag-ptfe-bellows-tube","11":"desktop-align-left","12":"tablet-align-left","13":"mobile-align-left","15":"first","16":"instock","17":"shipping-taxable","18":"product-type-simple"},"_links":{"self":[{"href":"https:\/\/teflonx.com\/de\/wp-json\/wp\/v2\/product\/829","targetHints":{"allow":["GET"]}}],"collection":[{"href":"https:\/\/teflonx.com\/de\/wp-json\/wp\/v2\/product"}],"about":[{"href":"https:\/\/teflonx.com\/de\/wp-json\/wp\/v2\/types\/product"}],"replies":[{"embeddable":true,"href":"https:\/\/teflonx.com\/de\/wp-json\/wp\/v2\/comments?post=829"}],"wp:featuredmedia":[{"embeddable":true,"href":"https:\/\/teflonx.com\/de\/wp-json\/wp\/v2\/media\/830"}],"wp:attachment":[{"href":"https:\/\/teflonx.com\/de\/wp-json\/wp\/v2\/media?parent=829"}],"wp:term":[{"taxonomy":"product_brand","embeddable":true,"href":"https:\/\/teflonx.com\/de\/wp-json\/wp\/v2\/product_brand?post=829"},{"taxonomy":"product_cat","embeddable":true,"href":"https:\/\/teflonx.com\/de\/wp-json\/wp\/v2\/product_cat?post=829"},{"taxonomy":"product_tag","embeddable":true,"href":"https:\/\/teflonx.com\/de\/wp-json\/wp\/v2\/product_tag?post=829"}],"curies":[{"name":"wp","href":"https:\/\/api.w.org\/{rel}","templated":true}]}}