{"id":831,"date":"2025-07-15T07:31:35","date_gmt":"2025-07-15T07:31:35","guid":{"rendered":"https:\/\/teflonx.com\/?post_type=product&#038;p=831"},"modified":"2025-07-19T02:43:09","modified_gmt":"2025-07-19T02:43:09","slug":"innen-glatt-ausen-gewelltes-ptfe-rohr","status":"publish","type":"product","link":"https:\/\/teflonx.com\/de\/product\/innen-glatt-ausen-gewelltes-ptfe-rohr\/","title":{"rendered":"Langlebiges PTFE-Rohr mit glatter Innenseite und gewellter Au\u00dfenseite f\u00fcr Hochtemperaturfl\u00fcssigkeiten"},"content":{"rendered":"<h1 id=\"durable-inner-smooth-outer-corrugated-ptfe-pipe-for-high-temp-fluids\">Langlebiges PTFE-Rohr mit glatter Innenseite und gewellter Au\u00dfenseite f\u00fcr Hochtemperaturfl\u00fcssigkeiten<\/h1>\n<h2 id=\"product-overview\">Produkt\u00fcbersicht<\/h2>\n<p>Unsere f\u00fcr extreme Bedingungen konzipierten <strong>Langlebiges PTFE-Rohr mit glatter Innenseite und gewellter Au\u00dfenseite<\/strong> verf\u00fcgt \u00fcber eine flache Innenbohrung f\u00fcr den nahtlosen Transport von Hochtemperaturfl\u00fcssigkeiten und eine gewellte Au\u00dfenschicht f\u00fcr zus\u00e4tzliche Haltbarkeit. Dieses PTFE-Innen-Flach-Au\u00dfen-Wellrohr zeichnet sich durch seine Best\u00e4ndigkeit gegen thermische Zersetzung und chemische Angriffe aus und ist daher eine zuverl\u00e4ssige Wahl f\u00fcr verschiedene industrielle Anwendungen.<\/p>\n<p>In <strong>Automobilindustrie<\/strong> Und <strong>Luft- und Raumfahrt<\/strong> Sektoren, die <strong>Innen flach, au\u00dfen gewellt, gewellter Schlauch<\/strong> bietet au\u00dfergew\u00f6hnliche Leistung unter Druck. W\u00e4hlen Sie diese <strong>Innere glatte Bohrung, \u00e4u\u00dfere gewellte PTFE-R\u00f6hre<\/strong> Variante aufgrund ihrer Robustheit und Designeffizienz, die eine langfristige Zuverl\u00e4ssigkeit in Hei\u00dffl\u00fcssigkeitssystemen gew\u00e4hrleistet.<\/p>\n<h2 id=\"key-features\">Hauptmerkmale<\/h2>\n<ul>\n<li><strong>Hohe Temperaturbest\u00e4ndigkeit<\/strong>: Geeignet f\u00fcr extreme Betriebsbedingungen.<\/li>\n<li><strong>Chemische Best\u00e4ndigkeit<\/strong>: Entwickelt f\u00fcr den Umgang mit aggressiven Fl\u00fcssigkeiten ohne Qualit\u00e4tsverlust.<\/li>\n<li><strong>Robuste Konstruktion<\/strong>: Die gewellte Au\u00dfenseite verbessert die Haltbarkeit und Flexibilit\u00e4t.<\/li>\n<li><strong>Glatte Innenbohrung<\/strong>: Erm\u00f6glicht einen effizienten Fl\u00fcssigkeitsfluss und minimiert Turbulenzen.<\/li>\n<\/ul>\n<h2 id=\"technical-specifications\">Technische Spezifikationen<\/h2>\n<table>\n<thead>\n<tr>\n<th style=\"text-align: center;\"><strong>Gr\u00f6\u00dfe (Zoll)<\/strong><\/th>\n<th style=\"text-align: center;\"><strong>Innendurchmesser (mm)<\/strong><\/th>\n<th style=\"text-align: center;\"><strong>Au\u00dfendurchmesser (mm)<\/strong><\/th>\n<th style=\"text-align: center;\"><strong>Betriebsdruck (bar)<\/strong><\/th>\n<th style=\"text-align: center;\"><strong>Berstdruck (bar)<\/strong><\/th>\n<th style=\"text-align: center;\"><strong>Minimaler Biegeradius (mm)<\/strong><\/th>\n<\/tr>\n<\/thead>\n<tbody>\n<tr>\n<td style=\"text-align: center;\">1\/4&#8243;<\/td>\n<td style=\"text-align: center;\">6,1 \u00b1 0,3<\/td>\n<td style=\"text-align: center;\">9,9 \u00b1 0,3<\/td>\n<td style=\"text-align: center;\">183<\/td>\n<td style=\"text-align: center;\">551<\/td>\n<td style=\"text-align: center;\">45<\/td>\n<\/tr>\n<tr>\n<td style=\"text-align: center;\">5\/16&#8243;<\/td>\n<td style=\"text-align: center;\">7,8 \u00b1 0,3<\/td>\n<td style=\"text-align: center;\">11,4 \u00b1 0,3<\/td>\n<td style=\"text-align: center;\">155<\/td>\n<td style=\"text-align: center;\">466<\/td>\n<td style=\"text-align: center;\">50<\/td>\n<\/tr>\n<tr>\n<td style=\"text-align: center;\">3\/8&#8243;<\/td>\n<td style=\"text-align: center;\">9,6 \u00b1 0,3<\/td>\n<td style=\"text-align: center;\">14,1 \u00b1 0,3<\/td>\n<td style=\"text-align: center;\">138<\/td>\n<td style=\"text-align: center;\">414<\/td>\n<td style=\"text-align: center;\">55<\/td>\n<\/tr>\n<tr>\n<td style=\"text-align: center;\">1\/2&#8243;<\/td>\n<td style=\"text-align: center;\">12,7 \u00b1 0,3<\/td>\n<td style=\"text-align: center;\">17,2 \u00b1 0,3<\/td>\n<td style=\"text-align: center;\">110<\/td>\n<td style=\"text-align: center;\">331<\/td>\n<td style=\"text-align: center;\">60<\/td>\n<\/tr>\n<tr>\n<td style=\"text-align: center;\">5\/8&#8243;<\/td>\n<td style=\"text-align: center;\">15,7 \u00b1 0,3<\/td>\n<td style=\"text-align: center;\">20,7 \u00b1 0,3<\/td>\n<td style=\"text-align: center;\">95<\/td>\n<td style=\"text-align: center;\">286<\/td>\n<td style=\"text-align: center;\">70<\/td>\n<\/tr>\n<tr>\n<td style=\"text-align: center;\">3\/4&#8243;<\/td>\n<td style=\"text-align: center;\">18,8 \u00b1 0,3<\/td>\n<td style=\"text-align: center;\">23,7 \u00b1 0,3<\/td>\n<td style=\"text-align: center;\">81<\/td>\n<td style=\"text-align: center;\">245<\/td>\n<td style=\"text-align: center;\">80<\/td>\n<\/tr>\n<tr>\n<td style=\"text-align: center;\">1&#8243;<\/td>\n<td style=\"text-align: center;\">25,4 \u00b1 0,3<\/td>\n<td style=\"text-align: center;\">29 \u00b1 0,3<\/td>\n<td style=\"text-align: center;\">70<\/td>\n<td style=\"text-align: center;\">211<\/td>\n<td style=\"text-align: center;\">135<\/td>\n<\/tr>\n<\/tbody>\n<\/table>\n<p><em>Die oben genannten Spezifikationen stellen unser standardm\u00e4\u00dfiges PTFE-Rohr mit glatter Innenseite und gewellter Au\u00dfenseite dar. F\u00fcr gr\u00f6\u00dfere Durchmesser, h\u00f6here Arbeitsdr\u00fccke, bessere Widerstandsf\u00e4higkeit oder kleinere Biegeradien kontaktieren Sie uns bitte.<\/em><\/p>\n<h2 id=\"contact-us\">Kontaktieren Sie uns<\/h2>\n<p>F\u00fcr weitere Anfragen oder um eine Bestellung aufzugeben, besuchen Sie bitte unsere <a href=\"https:\/\/teflonx.com\/de\/kontaktieren-sie-uns\/\" target=\"_blank\" rel=\"noopener\">Kontaktseite<\/a> oder per E-Mail an <a href=\"mailto:Allison.Ye@teflonx.com\" target=\"_blank\" rel=\"noopener\">Allison.Ye@teflonx.com<\/a>.<\/p>\n<p>Erfahren Sie mehr \u00fcber unsere Produkte unter <a href=\"https:\/\/teflonx.com\/de\/\" target=\"_blank\" rel=\"noopener\">Teflon X<\/a>.<\/p>\n<hr \/>\n<p>Diese detaillierten Informationen sollen einen umfassenden \u00dcberblick \u00fcber die <strong>Inneres glattes \u00e4u\u00dferes gewelltes PTFE-Rohr<\/strong>, wobei die einzigartigen Funktionen und technischen Spezifikationen hervorgehoben werden und gleichzeitig die Keyword-Dichte f\u00fcr optimale Suchsichtbarkeit beibehalten wird.<\/p>","protected":false},"excerpt":{"rendered":"<p>Unser langlebiges, innen glattes und au\u00dfen gewelltes PTFE-Rohr wurde f\u00fcr extreme Bedingungen entwickelt und verf\u00fcgt \u00fcber eine flache Innenbohrung f\u00fcr den nahtlosen Transport von Hochtemperaturfl\u00fcssigkeiten und eine gewellte Au\u00dfenwand f\u00fcr zus\u00e4tzliche Haltbarkeit. Dieses PTFE-Rohr mit flacher Innen- und Au\u00dfenwellung ist besonders widerstandsf\u00e4hig gegen thermische Zersetzung und chemische Angriffe.<\/p>\n<p>In der Automobil- und Luftfahrtbranche bietet der innen flache, au\u00dfen gewellte Wellschlauch eine zuverl\u00e4ssige Leistung unter Druck.<\/p>\n<p>W\u00e4hlen Sie diese Variante des PTFE-Rohrs mit glatter Innenbohrung und gewellter Au\u00dfenwand aufgrund seiner Robustheit. Die Wiederholung des Designs des PTFE-Rohrs mit flacher Innenbohrung und gewellter Au\u00dfenwand gew\u00e4hrleistet langfristige Effizienz in Hei\u00dffl\u00fcssigkeitssystemen.<\/p>","protected":false},"featured_media":832,"comment_status":"open","ping_status":"closed","template":"","meta":{"site-sidebar-layout":"default","site-content-layout":"","ast-site-content-layout":"default","site-content-style":"default","site-sidebar-style":"default","ast-global-header-display":"","ast-banner-title-visibility":"","ast-main-header-display":"","ast-hfb-above-header-display":"","ast-hfb-below-header-display":"","ast-hfb-mobile-header-display":"","site-post-title":"","ast-breadcrumbs-content":"","ast-featured-img":"","footer-sml-layout":"","ast-disable-related-posts":"","theme-transparent-header-meta":"default","adv-header-id-meta":"","stick-header-meta":"","header-above-stick-meta":"","header-main-stick-meta":"","header-below-stick-meta":"","astra-migrate-meta-layouts":"set","ast-page-background-enabled":"default","ast-page-background-meta":{"desktop":{"background-color":"var(--ast-global-color-5)","background-image":"","background-repeat":"repeat","background-position":"center center","background-size":"auto","background-attachment":"scroll","background-type":"","background-media":"","overlay-type":"","overlay-color":"","overlay-opacity":"","overlay-gradient":""},"tablet":{"background-color":"","background-image":"","background-repeat":"repeat","background-position":"center center","background-size":"auto","background-attachment":"scroll","background-type":"","background-media":"","overlay-type":"","overlay-color":"","overlay-opacity":"","overlay-gradient":""},"mobile":{"background-color":"","background-image":"","background-repeat":"repeat","background-position":"center center","background-size":"auto","background-attachment":"scroll","background-type":"","background-media":"","overlay-type":"","overlay-color":"","overlay-opacity":"","overlay-gradient":""}},"ast-content-background-meta":{"desktop":{"background-color":"var(--ast-global-color-4)","background-image":"","background-repeat":"repeat","background-position":"center center","background-size":"auto","background-attachment":"scroll","background-type":"","background-media":"","overlay-type":"","overlay-color":"","overlay-opacity":"","overlay-gradient":""},"tablet":{"background-color":"var(--ast-global-color-4)","background-image":"","background-repeat":"repeat","background-position":"center center","background-size":"auto","background-attachment":"scroll","background-type":"","background-media":"","overlay-type":"","overlay-color":"","overlay-opacity":"","overlay-gradient":""},"mobile":{"background-color":"var(--ast-global-color-4)","background-image":"","background-repeat":"repeat","background-position":"center center","background-size":"auto","background-attachment":"scroll","background-type":"","background-media":"","overlay-type":"","overlay-color":"","overlay-opacity":"","overlay-gradient":""}}},"product_brand":[290],"product_cat":[42],"product_tag":[298,296,299],"class_list":{"0":"post-831","1":"product","2":"type-product","3":"status-publish","4":"has-post-thumbnail","6":"product_brand-teflon-x","7":"product_cat-ptfe-corrugated-hoses","8":"product_tag-inner-smooth-outer-corrugated-ptfe-pipe","9":"product_tag-internal-flat-external-wave-corrugated-hose","10":"product_tag-ptfe-inner-flat-outer-corrugated-tube","11":"desktop-align-left","12":"tablet-align-left","13":"mobile-align-left","15":"first","16":"instock","17":"shipping-taxable","18":"product-type-simple"},"_links":{"self":[{"href":"https:\/\/teflonx.com\/de\/wp-json\/wp\/v2\/product\/831","targetHints":{"allow":["GET"]}}],"collection":[{"href":"https:\/\/teflonx.com\/de\/wp-json\/wp\/v2\/product"}],"about":[{"href":"https:\/\/teflonx.com\/de\/wp-json\/wp\/v2\/types\/product"}],"replies":[{"embeddable":true,"href":"https:\/\/teflonx.com\/de\/wp-json\/wp\/v2\/comments?post=831"}],"wp:featuredmedia":[{"embeddable":true,"href":"https:\/\/teflonx.com\/de\/wp-json\/wp\/v2\/media\/832"}],"wp:attachment":[{"href":"https:\/\/teflonx.com\/de\/wp-json\/wp\/v2\/media?parent=831"}],"wp:term":[{"taxonomy":"product_brand","embeddable":true,"href":"https:\/\/teflonx.com\/de\/wp-json\/wp\/v2\/product_brand?post=831"},{"taxonomy":"product_cat","embeddable":true,"href":"https:\/\/teflonx.com\/de\/wp-json\/wp\/v2\/product_cat?post=831"},{"taxonomy":"product_tag","embeddable":true,"href":"https:\/\/teflonx.com\/de\/wp-json\/wp\/v2\/product_tag?post=831"}],"curies":[{"name":"wp","href":"https:\/\/api.w.org\/{rel}","templated":true}]}}