{"id":833,"date":"2025-07-15T08:01:37","date_gmt":"2025-07-15T08:01:37","guid":{"rendered":"https:\/\/teflonx.com\/?post_type=product&#038;p=833"},"modified":"2025-07-19T02:41:39","modified_gmt":"2025-07-19T02:41:39","slug":"ptfe-innenflach-ausenwellrohr","status":"publish","type":"product","link":"https:\/\/teflonx.com\/de\/product\/ptfe-innenflach-ausenwellrohr\/","title":{"rendered":"Flexibler PTFE-Innen- und Au\u00dfenwellschlauch f\u00fcr die Lebensmittelverarbeitung"},"content":{"rendered":"<h1 id=\"flexible-ptfe-inner-flat-outer-corrugated-tubing-for-food-processing\">Flexibler PTFE-Innen- und Au\u00dfenwellschlauch f\u00fcr die Lebensmittelverarbeitung<\/h1>\n<p><strong>Unternehmen:<\/strong> Teflon X<br \/>\n<strong>Webseite:<\/strong> <a href=\"https:\/\/teflonx.com\/de\/\" target=\"_blank\" rel=\"noopener\">https:\/\/teflonx.com\/<\/a><br \/>\n<strong>Kontaktseite:<\/strong> <a href=\"https:\/\/teflonx.com\/de\/kontaktieren-sie-uns\/\" target=\"_blank\" rel=\"noopener\">https:\/\/teflonx.com\/contact-us\/<\/a><br \/>\n<strong>E-Mail:<\/strong> Allison.Ye@teflonx.com<\/p>\n<hr \/>\n<h2 id=\"product-description\">Produktbeschreibung<\/h2>\n<p>Teflon X <strong>Flexibler PTFE-Innen-Flach-Au\u00dfen-Wellschlauch<\/strong> wurde speziell f\u00fcr die Lebensmittelverarbeitung entwickelt und bietet eine ideale L\u00f6sung f\u00fcr den hygienischen und flexiblen Fl\u00fcssigkeitstransfer. Dieser Schlauch verf\u00fcgt \u00fcber eine <strong>glatte Innenschicht<\/strong> (Inner Smooth Bore), das eine m\u00fchelose Reinigung erm\u00f6glicht und die Ansammlung von R\u00fcckst\u00e4nden reduziert, w\u00e4hrend die <strong>gewellte Au\u00dfenschicht<\/strong> maximiert die Flexibilit\u00e4t und Biegsamkeit und eignet sich daher f\u00fcr komplexe Rohrleitungsf\u00fchrungen und h\u00e4ufige Bewegungen in Lebensmittelverarbeitungslinien.<\/p>\n<p>Unser <strong>Flexibler PTFE-Innen-Flach-Au\u00dfen-Wellschlauch<\/strong> besteht aus hochwertigem PTFE und gew\u00e4hrleistet die Einhaltung der FDA-Vorschriften sowie die ungiftige, geschmacksneutrale \u00dcbertragung von Lebensmitteln, Getr\u00e4nken und anderen empfindlichen Materialien. Die <strong>PTFE-Balgrohr<\/strong> Das Design eignet sich perfekt f\u00fcr den Transport viskoser oder klebriger Materialien, verhindert Geschmacksverunreinigungen und h\u00e4lt h\u00e4ufigen Reinigungen stand. Die au\u00dfergew\u00f6hnliche chemische Best\u00e4ndigkeit und Haltbarkeit des Schlauchs machen ihn zu einer zuverl\u00e4ssigen Wahl f\u00fcr anspruchsvolle Umgebungen.<\/p>\n<p>Integrieren Sie die <strong>Innen flach, au\u00dfen gewellt, gewelltes Rohr<\/strong> Integrieren Sie es in Ihre Einrichtung f\u00fcr h\u00f6chste Hygienestandards und lang anhaltende Leistung. Seine einzigartige Konstruktion minimiert das Kontaminationsrisiko, unterst\u00fctzt wiederholte Sterilisation und bietet hervorragende mechanische und thermische Stabilit\u00e4t.<\/p>\n<hr \/>\n<h2 id=\"key-features\">Hauptmerkmale<\/h2>\n<ul>\n<li><strong>Material:<\/strong> Hochreines PTFE (Polytetrafluorethylen)<\/li>\n<li><strong>Innenfl\u00e4che:<\/strong> Flache, glatte Bohrung f\u00fcr einfache Reinigung und weniger R\u00fcckst\u00e4nde<\/li>\n<li><strong>\u00c4u\u00dfere Oberfl\u00e4che:<\/strong> Gewellt f\u00fcr maximale Flexibilit\u00e4t und Knickfestigkeit<\/li>\n<li><strong>Einhaltung:<\/strong> FDA-zugelassen, ungiftig und lebensmittelecht<\/li>\n<li><strong>Temperaturbest\u00e4ndigkeit:<\/strong> Geeignet f\u00fcr einen breiten Temperaturbereich<\/li>\n<li><strong>Chemische Best\u00e4ndigkeit:<\/strong> Inert gegen\u00fcber den meisten Chemikalien, L\u00f6sungsmitteln und Reinigungsmitteln<\/li>\n<li><strong>Anwendungen:<\/strong> Lebensmittelverarbeitung, Getr\u00e4nketransfer, Milchwirtschaft, Pharmazie, Kosmetik und Chemie<\/li>\n<\/ul>\n<hr \/>\n<h2 id=\"typical-applications\">Typische Anwendungen<\/h2>\n<ul>\n<li>Transferlinien f\u00fcr Lebensmittel und Getr\u00e4nke<\/li>\n<li>Abf\u00fcllanlagen f\u00fcr Milchprodukte und Fl\u00fcssigkeiten<\/li>\n<li>Pharmazeutische und kosmetische Herstellung<\/li>\n<li>Chemische Verarbeitung und Laborgebrauch<\/li>\n<li>Jedes System, das flexible, hygienische und korrosionsbest\u00e4ndige Schl\u00e4uche erfordert<\/li>\n<\/ul>\n<hr \/>\n<h2 id=\"technical-parameters\">Technische Parameter<\/h2>\n<table>\n<thead>\n<tr>\n<th>Gr\u00f6\u00dfe<\/th>\n<th>Innendurchmesser (mm)<\/th>\n<th>Au\u00dfendurchmesser (mm)<\/th>\n<th>Betriebsdruck (bar)<\/th>\n<th>Berstdruck (bar)<\/th>\n<th>Min. Biegeradius (mm)<\/th>\n<\/tr>\n<\/thead>\n<tbody>\n<tr>\n<td>1\/4&#8243;<\/td>\n<td>6,1 \u00b1 0,3<\/td>\n<td>9,9 \u00b1 0,3<\/td>\n<td>183<\/td>\n<td>551<\/td>\n<td>45<\/td>\n<\/tr>\n<tr>\n<td>5\/16&#8243;<\/td>\n<td>7,8 \u00b1 0,3<\/td>\n<td>11,4 \u00b1 0,3<\/td>\n<td>155<\/td>\n<td>466<\/td>\n<td>50<\/td>\n<\/tr>\n<tr>\n<td>3\/8&#8243;<\/td>\n<td>9,6 \u00b1 0,3<\/td>\n<td>14,1 \u00b1 0,3<\/td>\n<td>138<\/td>\n<td>414<\/td>\n<td>55<\/td>\n<\/tr>\n<tr>\n<td>1\/2&#8243;<\/td>\n<td>12,7 \u00b1 0,3<\/td>\n<td>17,2 \u00b1 0,3<\/td>\n<td>110<\/td>\n<td>331<\/td>\n<td>60<\/td>\n<\/tr>\n<tr>\n<td>5\/8&#8243;<\/td>\n<td>15,7 \u00b1 0,3<\/td>\n<td>20,7 \u00b1 0,3<\/td>\n<td>95<\/td>\n<td>286<\/td>\n<td>70<\/td>\n<\/tr>\n<tr>\n<td>3\/4&#8243;<\/td>\n<td>18,8 \u00b1 0,3<\/td>\n<td>23,7 \u00b1 0,3<\/td>\n<td>81<\/td>\n<td>245<\/td>\n<td>80<\/td>\n<\/tr>\n<tr>\n<td>1&#8243;<\/td>\n<td>25,4 \u00b1 0,3<\/td>\n<td>29 \u00b1 0,3<\/td>\n<td>70<\/td>\n<td>211<\/td>\n<td>135<\/td>\n<\/tr>\n<\/tbody>\n<\/table>\n<hr \/>\n<h2 id=\"why-choose-teflon-x-s-flexible-ptfe-inner-flat-outer-corrugated-tubing-\">Warum sollten Sie sich f\u00fcr die flexiblen PTFE-Innen- und Au\u00dfenwellschl\u00e4uche von Teflon X entscheiden?<\/h2>\n<ul>\n<li><strong>\u00dcberlegene Hygiene:<\/strong> Die glatte Innenbohrung verhindert Ablagerungen und erm\u00f6glicht eine schnelle, effektive Reinigung, die den Vorschriften zur Lebensmittelsicherheit entspricht.<\/li>\n<li><strong>Verbesserte Flexibilit\u00e4t:<\/strong> Das gewellte Design bietet hervorragende Flexibilit\u00e4t und erleichtert die Installation und Wartung in engen oder komplexen R\u00e4umen.<\/li>\n<li><strong>Haltbarkeit und Sicherheit:<\/strong> Eine hohe Best\u00e4ndigkeit gegen\u00fcber Chemikalien, hohen Temperaturen und wiederholten Sterilisationen gew\u00e4hrleistet einen langfristigen, sicheren Betrieb.<\/li>\n<li><strong>Vielseitige Anwendungen:<\/strong> Geeignet f\u00fcr die Lebensmittel-, Getr\u00e4nke-, Pharma- und Chemieindustrie sowie f\u00fcr alle Umgebungen, in denen flexible, hygienische Schl\u00e4uche erforderlich sind.<\/li>\n<\/ul>\n<hr \/>\n<h2 id=\"order-contact\">Bestellung &amp; Kontakt<\/h2>\n<p>Weitere Informationen zu unseren <strong>Flexibler PTFE-Innen-Flach-Au\u00dfen-Wellschlauch<\/strong>, <strong>Innere glatte Bohrung, \u00e4u\u00dfere gewellte PTFE-R\u00f6hre<\/strong>, oder <strong>PTFE-Balgrohr<\/strong> L\u00f6sungen finden Sie auf unserer <a href=\"https:\/\/teflonx.com\/de\/kontaktieren-sie-uns\/\" target=\"_blank\" rel=\"noopener\">Kontaktseite<\/a> oder senden Sie uns eine E-Mail an <strong>Allison.Ye@teflonx.com<\/strong>.<\/p>\n<hr \/>\n<blockquote><p>Stellen Sie sicher, dass Ihre Lebensmittelverarbeitungslinien mit dem Besten ausgestattet sind \u2013 w\u00e4hlen Sie die flexiblen PTFE-Innenflach-Au\u00dfenwellschl\u00e4uche von Teflon X f\u00fcr Zuverl\u00e4ssigkeit, Hygiene und Flexibilit\u00e4t.<\/p><\/blockquote>","protected":false},"excerpt":{"rendered":"<p>Unser flexibler PTFE-Schlauch mit flacher Innen- und Au\u00dfenwellung verf\u00fcgt \u00fcber eine glatte Innenschicht f\u00fcr einfache Reinigung und eine gewellte Au\u00dfenschicht f\u00fcr Flexibilit\u00e4t in Lebensmittelverarbeitungslinien. Dieser PTFE-Schlauch mit glatter Innen- und Au\u00dfenwellung gew\u00e4hrleistet den FDA-konformen, ungiftigen Transport von Lebensmitteln und Getr\u00e4nken.<\/p>\n<p>Die PTFE-Balgrohrvariante eignet sich perfekt f\u00fcr den Transport viskoser Materialien, verhindert Geschmacksverunreinigungen und h\u00e4lt h\u00e4ufigem Waschen stand.<\/p>\n<p>Integrieren Sie dieses innen flache, au\u00dfen gewellte Wellrohr in Ihre Anlage; seine PTFE-Struktur aus innen flachem, au\u00dfen gewelltem Rohr garantiert Hygiene und Haltbarkeit.<\/p>","protected":false},"featured_media":834,"comment_status":"open","ping_status":"closed","template":"","meta":{"site-sidebar-layout":"default","site-content-layout":"","ast-site-content-layout":"default","site-content-style":"default","site-sidebar-style":"default","ast-global-header-display":"","ast-banner-title-visibility":"","ast-main-header-display":"","ast-hfb-above-header-display":"","ast-hfb-below-header-display":"","ast-hfb-mobile-header-display":"","site-post-title":"","ast-breadcrumbs-content":"","ast-featured-img":"","footer-sml-layout":"","ast-disable-related-posts":"","theme-transparent-header-meta":"default","adv-header-id-meta":"","stick-header-meta":"","header-above-stick-meta":"","header-main-stick-meta":"","header-below-stick-meta":"","astra-migrate-meta-layouts":"set","ast-page-background-enabled":"default","ast-page-background-meta":{"desktop":{"background-color":"var(--ast-global-color-5)","background-image":"","background-repeat":"repeat","background-position":"center center","background-size":"auto","background-attachment":"scroll","background-type":"","background-media":"","overlay-type":"","overlay-color":"","overlay-opacity":"","overlay-gradient":""},"tablet":{"background-color":"","background-image":"","background-repeat":"repeat","background-position":"center center","background-size":"auto","background-attachment":"scroll","background-type":"","background-media":"","overlay-type":"","overlay-color":"","overlay-opacity":"","overlay-gradient":""},"mobile":{"background-color":"","background-image":"","background-repeat":"repeat","background-position":"center center","background-size":"auto","background-attachment":"scroll","background-type":"","background-media":"","overlay-type":"","overlay-color":"","overlay-opacity":"","overlay-gradient":""}},"ast-content-background-meta":{"desktop":{"background-color":"var(--ast-global-color-4)","background-image":"","background-repeat":"repeat","background-position":"center center","background-size":"auto","background-attachment":"scroll","background-type":"","background-media":"","overlay-type":"","overlay-color":"","overlay-opacity":"","overlay-gradient":""},"tablet":{"background-color":"var(--ast-global-color-4)","background-image":"","background-repeat":"repeat","background-position":"center center","background-size":"auto","background-attachment":"scroll","background-type":"","background-media":"","overlay-type":"","overlay-color":"","overlay-opacity":"","overlay-gradient":""},"mobile":{"background-color":"var(--ast-global-color-4)","background-image":"","background-repeat":"repeat","background-position":"center center","background-size":"auto","background-attachment":"scroll","background-type":"","background-media":"","overlay-type":"","overlay-color":"","overlay-opacity":"","overlay-gradient":""}}},"product_brand":[290],"product_cat":[42],"product_tag":[300,291,297],"class_list":{"0":"post-833","1":"product","2":"type-product","3":"status-publish","4":"has-post-thumbnail","6":"product_brand-teflon-x","7":"product_cat-ptfe-corrugated-hoses","8":"product_tag-flexible-ptfe-inner-flat-outer-corrugated-tubing","9":"product_tag-inner-smooth-bore-outer-corrugated-ptfe-tube","10":"product_tag-ptfe-bellows-tube","11":"desktop-align-left","12":"tablet-align-left","13":"mobile-align-left","15":"first","16":"instock","17":"shipping-taxable","18":"product-type-simple"},"_links":{"self":[{"href":"https:\/\/teflonx.com\/de\/wp-json\/wp\/v2\/product\/833","targetHints":{"allow":["GET"]}}],"collection":[{"href":"https:\/\/teflonx.com\/de\/wp-json\/wp\/v2\/product"}],"about":[{"href":"https:\/\/teflonx.com\/de\/wp-json\/wp\/v2\/types\/product"}],"replies":[{"embeddable":true,"href":"https:\/\/teflonx.com\/de\/wp-json\/wp\/v2\/comments?post=833"}],"wp:featuredmedia":[{"embeddable":true,"href":"https:\/\/teflonx.com\/de\/wp-json\/wp\/v2\/media\/834"}],"wp:attachment":[{"href":"https:\/\/teflonx.com\/de\/wp-json\/wp\/v2\/media?parent=833"}],"wp:term":[{"taxonomy":"product_brand","embeddable":true,"href":"https:\/\/teflonx.com\/de\/wp-json\/wp\/v2\/product_brand?post=833"},{"taxonomy":"product_cat","embeddable":true,"href":"https:\/\/teflonx.com\/de\/wp-json\/wp\/v2\/product_cat?post=833"},{"taxonomy":"product_tag","embeddable":true,"href":"https:\/\/teflonx.com\/de\/wp-json\/wp\/v2\/product_tag?post=833"}],"curies":[{"name":"wp","href":"https:\/\/api.w.org\/{rel}","templated":true}]}}