{"id":1026,"date":"2025-11-25T06:57:52","date_gmt":"2025-11-25T06:57:52","guid":{"rendered":"https:\/\/teflonx.com\/?post_type=product&#038;p=1026"},"modified":"2025-12-30T00:04:41","modified_gmt":"2025-12-30T00:04:41","slug":"manguera-de-ptfe-trenzada-de-acero-inoxidable-abocinada","status":"publish","type":"product","link":"https:\/\/teflonx.com\/es\/product\/manguera-de-ptfe-trenzada-de-acero-inoxidable-abocinada\/","title":{"rendered":"Manguera acampanada de PTFE trenzado de acero inoxidable - Alta temperatura y presi\u00f3n"},"content":{"rendered":"<p>Experimente una resistencia y versatilidad inigualables con el <strong>Tefl\u00f3n X Manguera de PTFE trenzada de acero inoxidable con extremos abocardados<\/strong>dise\u00f1ado con precisi\u00f3n para condiciones extremas de alta temperatura y alta presi\u00f3n en aplicaciones industriales. Este duradero <strong>Manguera acampanada de PTFE trenzado de acero inoxidable<\/strong> combina un revestimiento de PTFE de paso suave con un robusto trenzado de acero inoxidable, lo que proporciona una protecci\u00f3n superior contra la corrosi\u00f3n, la abrasi\u00f3n y el estr\u00e9s t\u00e9rmico, al tiempo que garantiza una transferencia de fluidos sin contaminaci\u00f3n.<\/p>\n<p>Dise\u00f1ados para entornos exigentes, nuestros <strong>Manguera acampanada de PTFE trenzado de acero inoxidable<\/strong> cuenta con accesorios de extremo abocinado que proporcionan un sellado seguro y a prueba de fugas, eliminando los espacios muertos y mejorando la fiabilidad de la conexi\u00f3n. El refuerzo trenzado de acero inoxidable de alta resistencia a la tracci\u00f3n ofrece una resistencia a la rotura y una flexibilidad excepcionales, lo que hace que esta <strong>Manguera acampanada de PTFE trenzado de acero inoxidable<\/strong> la elecci\u00f3n preferida para sistemas hidr\u00e1ulicos, procesos qu\u00edmicos y operaciones a altas temperaturas en las que la seguridad y la longevidad son fundamentales. Gracias a su inercia qu\u00edmica y sus propiedades antiadherentes, maneja medios agresivos sin esfuerzo, superando a las mangueras convencionales en durabilidad y rendimiento.<\/p>\n<h2 id=\"key-features-of-teflon-x-stainless-steel-braided-ptfe-hose-flared\">Caracter\u00edsticas principales de la manguera de PTFE trenzada de acero inoxidable Teflon X acampanada<\/h2>\n<ul>\n<li><strong>Robusto trenzado de acero inoxidable<\/strong>: La trenza de acero inoxidable 304\/316 de alta resistencia a la tracci\u00f3n proporciona una contenci\u00f3n de la presi\u00f3n y una resistencia a la torsi\u00f3n superiores para <strong>Manguera acampanada de PTFE trenzado de acero inoxidable<\/strong> en configuraciones din\u00e1micas.<\/li>\n<li><strong>Dise\u00f1o de extremos acampanados<\/strong>: La construcci\u00f3n abocardada garantiza una integraci\u00f3n perfecta entre el PTFE y el accesorio, evitando fugas y contaminaci\u00f3n en montajes de alta presi\u00f3n.<\/li>\n<li><strong>Resistencia a altas temperaturas<\/strong>: El revestimiento de PTFE mantiene la integridad de -54\u00b0C a 260\u00b0C (-65\u00b0F a 500\u00b0F), ideal para vapor, aceites calientes y fluidos criog\u00e9nicos.<\/li>\n<li><strong>Presi\u00f3n nominal elevada<\/strong>: Soporta hasta 5.000 PSI, con presiones de rotura que superan 4 veces los l\u00edmites de trabajo para ofrecer la m\u00e1xima seguridad en sistemas hidr\u00e1ulicos y neum\u00e1ticos.<\/li>\n<li><strong>Resistencia qu\u00edmica<\/strong>: El PTFE conforme a la FDA resiste \u00e1cidos, disolventes, combustibles y bases, garantizando la pureza en <strong>Manguera acampanada de PTFE trenzado de acero inoxidable<\/strong> para aplicaciones sanitarias.<\/li>\n<li><strong>Mayor flexibilidad<\/strong>: Las opciones de orificio liso o enroscado permiten radios de curvatura estrechos (4 veces el di\u00e1metro interior como m\u00ednimo), lo que facilita el trazado en espacios reducidos.<\/li>\n<li><strong>Variantes conductivas disponibles<\/strong>: N\u00facleo de PTFE disipador de est\u00e1tica para conexi\u00f3n a tierra en atm\u00f3sferas peligrosas o explosivas.<\/li>\n<li><strong>Configuraciones personalizables<\/strong>: Di\u00e1metros, longitudes y accesorios a medida para optimizar sus <strong>Manguera acampanada de PTFE trenzado de acero inoxidable<\/strong> para necesidades espec\u00edficas.<\/li>\n<\/ul>\n<p>El <strong>Manguera acampanada de PTFE trenzado de acero inoxidable<\/strong> de Teflon X establece el punto de referencia para la fiabilidad a alta temperatura y alta presi\u00f3n, reduciendo el mantenimiento y prolongando la vida \u00fatil en escenarios industriales rigurosos.<\/p>\n<h2 id=\"technical-specifications\">Especificaciones t\u00e9cnicas<\/h2>\n<p>En la tabla siguiente se indican los par\u00e1metros est\u00e1ndar para el <strong>Tefl\u00f3n X Acero inoxidable Manguera trenzada PTFE Acampanada<\/strong>. Estas especificaciones se basan en las normas l\u00edderes del sector para mangueras de PTFE trenzado, lo que garantiza la compatibilidad, la seguridad y el m\u00e1ximo rendimiento en entornos de alta temperatura y alta presi\u00f3n.<\/p>\n<table>\n<thead>\n<tr>\n<th>Par\u00e1metro<\/th>\n<th>Especificaci\u00f3n<\/th>\n<th>Detalles<\/th>\n<\/tr>\n<\/thead>\n<tbody>\n<tr>\n<td><strong>Material (Liner)<\/strong><\/td>\n<td>PTFE (politetrafluoroetileno)<\/td>\n<td>De paso liso o en espiral, conformes a la FDA, qu\u00edmicamente inertes para la manipulaci\u00f3n de fluidos puros; opciones conductoras para el control est\u00e1tico.<\/td>\n<\/tr>\n<tr>\n<td><strong>Refuerzo<\/strong><\/td>\n<td>Trenza de acero inoxidable 304\/316<\/td>\n<td>Trenzado simple o doble para mejorar la resistencia a la tracci\u00f3n y a la abrasi\u00f3n en aplicaciones exigentes.<\/td>\n<\/tr>\n<tr>\n<td><strong>Accesorios de extremo<\/strong><\/td>\n<td>Extremos abocardados (dise\u00f1o abocardado pasante)<\/td>\n<td>Conexiones abocardadas JIC de 37\u00b0; transici\u00f3n sin juntas para evitar atrapamientos y garantizar juntas higi\u00e9nicas.<\/td>\n<\/tr>\n<tr>\n<td><strong>Gama ID<\/strong><\/td>\n<td>De 1\/4\u2033 a 2\u2033 (de 6 mm a 50 mm)<\/td>\n<td>Tama\u00f1o vers\u00e1til para requisitos de caudal; extrusiones personalizadas disponibles.<\/td>\n<\/tr>\n<tr>\n<td><strong>Rango OD<\/strong><\/td>\n<td>De 0,5\u2033 a 3\u2033 (de 12 mm a 76 mm)<\/td>\n<td>Escalado con capas de trenzado para un equilibrio \u00f3ptimo de presi\u00f3n y flexibilidad.<\/td>\n<\/tr>\n<tr>\n<td><strong>Presi\u00f3n m\u00e1xima de trabajo<\/strong><\/td>\n<td>Hasta 5.000 PSI (345 bar)<\/td>\n<td>Tama\u00f1o espec\u00edfico; capacidad de vac\u00edo total y prueba de rotura a 4 veces la presi\u00f3n de trabajo.<\/td>\n<\/tr>\n<tr>\n<td><strong>Rango de temperatura<\/strong><\/td>\n<td>-54\u00b0C a 260\u00b0C (-65\u00b0F a 500\u00b0F)<\/td>\n<td>Sobresale en ciclos t\u00e9rmicos extremos, apto para vapor y servicio criog\u00e9nico.<\/td>\n<\/tr>\n<tr>\n<td><strong>Radio de curvatura<\/strong><\/td>\n<td>4x ID (m\u00ednimo)<\/td>\n<td>Mantiene la integridad estructural y la eficacia del flujo durante la flexi\u00f3n.<\/td>\n<\/tr>\n<tr>\n<td><strong>Longitud<\/strong><\/td>\n<td>Hasta 30 m por conjunto<\/td>\n<td>Fabricaci\u00f3n a medida para tramos largos o instalaciones compactas.<\/td>\n<\/tr>\n<tr>\n<td><strong>Cumplimiento de las normas<\/strong><\/td>\n<td>SAE 100R14, FDA, USP Clase VI, 3-A<\/td>\n<td>Cumple las normas hidr\u00e1ulicas, sanitarias y de calidad de las industrias mundiales.<\/td>\n<\/tr>\n<tr>\n<td><strong>Conductividad<\/strong><\/td>\n<td>PTFE disipador de est\u00e1tica opcional<\/td>\n<td>V\u00eda de conexi\u00f3n a tierra incorporada para el cumplimiento de ATEX\/IECEx en entornos vol\u00e1tiles.<\/td>\n<\/tr>\n<\/tbody>\n<\/table>\n<p><em>Nota: Las especificaciones pueden ajustarse para construcciones personalizadas. P\u00f3ngase en contacto con Teflon X para obtener certificaciones detalladas, presiones nominales y asistencia t\u00e9cnica adaptada a sus necesidades. <strong>Manguera acampanada de PTFE trenzado de acero inoxidable<\/strong> proyecto.<\/em><\/p>\n<h2 id=\"applications\">Aplicaciones<\/h2>\n<p>El <strong>Tefl\u00f3n X Acero inoxidable Manguera trenzada PTFE Acampanada<\/strong> prospera en sectores de alto riesgo que requieren una gesti\u00f3n de fluidos robusta, a alta temperatura y presi\u00f3n:<\/p>\n<ul>\n<li><strong>Sistemas hidr\u00e1ulicos y neum\u00e1ticos<\/strong>: Alimentaci\u00f3n de equipos pesados, prensas y actuadores con transferencia fiable de alta presi\u00f3n.<\/li>\n<li><strong>Procesado qu\u00edmico y petroqu\u00edmico<\/strong>: Transporte de fluidos corrosivos, disolventes y gases en refiner\u00edas y laboratorios.<\/li>\n<li><strong>Alimentaci\u00f3n, farmacia y biotecnolog\u00eda<\/strong>: Manipulaci\u00f3n sanitaria de comestibles, API y productos biol\u00f3gicos con v\u00edas libres de contaminaci\u00f3n.<\/li>\n<li><strong>Aeroespacial y automoci\u00f3n<\/strong>: Los conductos de combustible, refrigerante e hidr\u00e1ulicos soportan vibraciones y temperaturas extremas.<\/li>\n<li><strong>Transferencia de vapor y aceite caliente<\/strong>: Sistemas de calefacci\u00f3n industrial que se benefician de las propiedades antiadherentes y termorresistentes del PTFE.<\/li>\n<\/ul>\n<p>Este <strong>Manguera acampanada de PTFE trenzado de acero inoxidable<\/strong> mejora la eficiencia del sistema minimizando las ca\u00eddas de presi\u00f3n y garantizando un rendimiento constante bajo presi\u00f3n.<\/p>\n<h2 id=\"why-choose-teflon-x-\">\u00bfPor qu\u00e9 elegir Teflon X?<\/h2>\n<p>Teflon X destaca en el suministro de soluciones innovadoras de PTFE como el <strong>Manguera acampanada de PTFE trenzado de acero inoxidable<\/strong>respaldados por pruebas rigurosas y experiencia en personalizaci\u00f3n. Conf\u00ede en nosotros para obtener productos que protejan sus operaciones e impulsen la productividad. M\u00e1s informaci\u00f3n en <a href=\"https:\/\/teflonx.com\/es\/\" target=\"_blank\" rel=\"noopener\">Tefl\u00f3n X<\/a>.<\/p>\n<p>Para presupuestos, muestras o a medida <strong>Manguera acampanada de PTFE trenzado de acero inoxidable<\/strong> dise\u00f1os, visite nuestra <a href=\"https:\/\/teflonx.com\/es\/contactanos\/\" target=\"_blank\" rel=\"noopener\">P\u00e1gina de contacto<\/a> o por correo electr\u00f3nico <strong>Allison.Ye@teflonx.com<\/strong>. Nuestros especialistas est\u00e1n preparados para atender sus necesidades de alto rendimiento.<\/p>\n<hr \/>","protected":false},"excerpt":{"rendered":"<p>Consiga una robusta manguera de PTFE trenzado de acero inoxidable con extremos abocardados de Teflon X. Fabricada para altas temperaturas y presiones. Esta manguera de PTFE trenzado proporciona una durabilidad y seguridad superiores.<\/p>","protected":false},"featured_media":1027,"comment_status":"open","ping_status":"closed","template":"","meta":{"site-sidebar-layout":"default","site-content-layout":"","ast-site-content-layout":"default","site-content-style":"default","site-sidebar-style":"default","ast-global-header-display":"","ast-banner-title-visibility":"","ast-main-header-display":"","ast-hfb-above-header-display":"","ast-hfb-below-header-display":"","ast-hfb-mobile-header-display":"","site-post-title":"","ast-breadcrumbs-content":"","ast-featured-img":"","footer-sml-layout":"","ast-disable-related-posts":"","theme-transparent-header-meta":"default","adv-header-id-meta":"","stick-header-meta":"","header-above-stick-meta":"","header-main-stick-meta":"","header-below-stick-meta":"","astra-migrate-meta-layouts":"set","ast-page-background-enabled":"default","ast-page-background-meta":{"desktop":{"background-color":"var(--ast-global-color-5)","background-image":"","background-repeat":"repeat","background-position":"center center","background-size":"auto","background-attachment":"scroll","background-type":"","background-media":"","overlay-type":"","overlay-color":"","overlay-opacity":"","overlay-gradient":""},"tablet":{"background-color":"","background-image":"","background-repeat":"repeat","background-position":"center center","background-size":"auto","background-attachment":"scroll","background-type":"","background-media":"","overlay-type":"","overlay-color":"","overlay-opacity":"","overlay-gradient":""},"mobile":{"background-color":"","background-image":"","background-repeat":"repeat","background-position":"center center","background-size":"auto","background-attachment":"scroll","background-type":"","background-media":"","overlay-type":"","overlay-color":"","overlay-opacity":"","overlay-gradient":""}},"ast-content-background-meta":{"desktop":{"background-color":"var(--ast-global-color-4)","background-image":"","background-repeat":"repeat","background-position":"center center","background-size":"auto","background-attachment":"scroll","background-type":"","background-media":"","overlay-type":"","overlay-color":"","overlay-opacity":"","overlay-gradient":""},"tablet":{"background-color":"var(--ast-global-color-4)","background-image":"","background-repeat":"repeat","background-position":"center center","background-size":"auto","background-attachment":"scroll","background-type":"","background-media":"","overlay-type":"","overlay-color":"","overlay-opacity":"","overlay-gradient":""},"mobile":{"background-color":"var(--ast-global-color-4)","background-image":"","background-repeat":"repeat","background-position":"center center","background-size":"auto","background-attachment":"scroll","background-type":"","background-media":"","overlay-type":"","overlay-color":"","overlay-opacity":"","overlay-gradient":""}}},"product_brand":[290],"product_cat":[40],"product_tag":[455,453,454,456,446,457],"class_list":{"0":"post-1026","1":"product","2":"type-product","3":"status-publish","4":"has-post-thumbnail","6":"product_brand-teflon-x","7":"product_cat-ptfe-tubes","8":"product_tag-flexible-metal-hose","9":"product_tag-high-temperature-hose","10":"product_tag-metal-braided-hose","11":"product_tag-pressure-hose-assembly","12":"product_tag-ss-braided-hose","13":"product_tag-stainless-steel-braided-ptfe-hose-flared","14":"desktop-align-left","15":"tablet-align-left","16":"mobile-align-left","18":"first","19":"instock","20":"shipping-taxable","21":"product-type-simple"},"_links":{"self":[{"href":"https:\/\/teflonx.com\/es\/wp-json\/wp\/v2\/product\/1026","targetHints":{"allow":["GET"]}}],"collection":[{"href":"https:\/\/teflonx.com\/es\/wp-json\/wp\/v2\/product"}],"about":[{"href":"https:\/\/teflonx.com\/es\/wp-json\/wp\/v2\/types\/product"}],"replies":[{"embeddable":true,"href":"https:\/\/teflonx.com\/es\/wp-json\/wp\/v2\/comments?post=1026"}],"wp:featuredmedia":[{"embeddable":true,"href":"https:\/\/teflonx.com\/es\/wp-json\/wp\/v2\/media\/1027"}],"wp:attachment":[{"href":"https:\/\/teflonx.com\/es\/wp-json\/wp\/v2\/media?parent=1026"}],"wp:term":[{"taxonomy":"product_brand","embeddable":true,"href":"https:\/\/teflonx.com\/es\/wp-json\/wp\/v2\/product_brand?post=1026"},{"taxonomy":"product_cat","embeddable":true,"href":"https:\/\/teflonx.com\/es\/wp-json\/wp\/v2\/product_cat?post=1026"},{"taxonomy":"product_tag","embeddable":true,"href":"https:\/\/teflonx.com\/es\/wp-json\/wp\/v2\/product_tag?post=1026"}],"curies":[{"name":"wp","href":"https:\/\/api.w.org\/{rel}","templated":true}]}}