{"id":369,"date":"2025-03-25T15:14:37","date_gmt":"2025-03-25T15:14:37","guid":{"rendered":"https:\/\/teflonx.com\/?post_type=product&#038;p=369"},"modified":"2025-12-04T12:54:46","modified_gmt":"2025-12-04T12:54:46","slug":"termorretractil-transparente","status":"publish","type":"product","link":"https:\/\/teflonx.com\/es\/product\/termorretractil-transparente\/","title":{"rendered":"Manguito termorretr\u00e1ctil transparente para conectores: f\u00e1cil de limpiar y aislar"},"content":{"rendered":"<h2 id=\"product-overview\">Descripci\u00f3n general del producto<\/h2>\n<p>Mejore sus conexiones el\u00e9ctricas con el innovador Teflon X <strong>termorretr\u00e1ctil transparente<\/strong> fabricados con material PFA de primera calidad para un aislamiento \u00f3ptimo y un mantenimiento sencillo. Nuestro <strong>termorretr\u00e1ctil transparente<\/strong> ofrecen una transparencia excepcional, lo que permite una r\u00e1pida verificaci\u00f3n visual de las terminaciones, al tiempo que proporcionan una s\u00f3lida protecci\u00f3n contra aceites, \u00e1cidos y temperaturas extremas. La superficie lisa y antiadherente garantiza una limpieza f\u00e1cil y evita la acumulaci\u00f3n de residuos, lo que hace que este <strong>termorretr\u00e1ctil transparente<\/strong> soluci\u00f3n perfecta para aplicaciones marinas y de automoci\u00f3n en las que la fiabilidad es primordial. Dise\u00f1ado para una durabilidad superior, Teflon X's <strong>termorretr\u00e1ctil transparente<\/strong> combinan una gran claridad con prestaciones industriales, protegiendo cables y componentes en entornos dif\u00edciles.<\/p>\n<p>Teflon X destaca por su experiencia en fluoropol\u00edmeros, ofreciendo <strong>termorretr\u00e1ctil transparente<\/strong> productos que priorizan la seguridad, la longevidad y la facilidad de uso. Consulte nuestra selecci\u00f3n completa en <a href=\"https:\/\/teflonx.com\/es\/\" target=\"_blank\" rel=\"noopener\">https:\/\/teflonx.com\/<\/a>o a trav\u00e9s de <a href=\"https:\/\/teflonx.com\/es\/contactanos\/\" target=\"_blank\" rel=\"noopener\">P\u00e1gina de contacto<\/a> o por correo electr\u00f3nico <a href=\"mailto:Allison.Ye@teflonx.com\" target=\"_blank\" rel=\"noopener\"><strong>Allison.Ye@teflonx.com<\/strong><\/a> para personalizar <strong>termorretr\u00e1ctil transparente<\/strong> soluciones adaptadas a sus necesidades.<\/p>\n<h2 id=\"key-features\">Caracter\u00edsticas principales<\/h2>\n<ul>\n<li><strong>Transparencia sin igual<\/strong>: Dise\u00f1o cristalino en <strong>termorretr\u00e1ctil transparente<\/strong> manguitos para una inspecci\u00f3n visual y una verificaci\u00f3n de la terminaci\u00f3n sin fisuras.<\/li>\n<li><strong>Propiedades aislantes superiores<\/strong>: Su elevada rigidez diel\u00e9ctrica garantiza una protecci\u00f3n el\u00e9ctrica fiable con cada <strong>termorretr\u00e1ctil transparente<\/strong> aplicaci\u00f3n.<\/li>\n<li><strong>Superficie antiadherente de f\u00e1cil limpieza<\/strong>: El acabado liso resiste aceites, \u00e1cidos y suciedad, lo que simplifica el mantenimiento para <strong>termorretr\u00e1ctil transparente<\/strong> en entornos exigentes.<\/li>\n<li><strong>Resistencia a temperaturas extremas<\/strong>: Soporta de -200\u00b0C a +260\u00b0C de forma continua, ideal para aplicaciones marinas y de automoci\u00f3n. <strong>termorretr\u00e1ctil transparente<\/strong> exposiciones.<\/li>\n<li><strong>Resistencia qu\u00edmica y a la corrosi\u00f3n<\/strong>: Soporta sustancias agresivas sin degradarse, lo que prolonga la vida \u00fatil de <strong>termorretr\u00e1ctil transparente<\/strong> conexiones protegidas.<\/li>\n<li><strong>Baja fricci\u00f3n para facilitar la instalaci\u00f3n<\/strong>: Se desliza suavemente sobre los conectores, reduciendo el esfuerzo y el desgaste en <strong>termorretr\u00e1ctil transparente<\/strong> procesos de montaje.<\/li>\n<li><strong>Resistencia a los rayos UV y a la abrasi\u00f3n<\/strong>: Mantiene la claridad y la integridad en el exterior, apoyando la versatilidad <strong>termorretr\u00e1ctil transparente<\/strong> uso en entornos expuestos.<\/li>\n<li><strong>Relaci\u00f3n de contracci\u00f3n flexible 2:1<\/strong>: Se adapta perfectamente a las formas irregulares para ofrecer seguridad y profesionalidad. <strong>termorretr\u00e1ctil transparente<\/strong> encaja.<\/li>\n<li><strong>Alta pureza e ignifugaci\u00f3n<\/strong>: Cumple las normas UL de seguridad y ausencia de contaminaci\u00f3n <strong>termorretr\u00e1ctil transparente<\/strong> en aplicaciones sensibles.<\/li>\n<\/ul>\n<h2 id=\"technical-specifications\">Especificaciones t\u00e9cnicas<\/h2>\n<p>Tefl\u00f3n X <strong>termorretr\u00e1ctil transparente<\/strong> Los manguitos de los conectores est\u00e1n fabricados para superar los par\u00e1metros de referencia del sector. A continuaci\u00f3n se muestra una tabla detallada de los par\u00e1metros est\u00e1ndar:<\/p>\n<table>\n<thead>\n<tr>\n<th>Par\u00e1metro<\/th>\n<th>Especificaci\u00f3n<\/th>\n<th>Notas<\/th>\n<\/tr>\n<\/thead>\n<tbody>\n<tr>\n<td><strong>Material<\/strong><\/td>\n<td>Perfluoroalcoxi (PFA)<\/td>\n<td>Fluoropol\u00edmero para un rendimiento superior<\/td>\n<\/tr>\n<tr>\n<td><strong>Color<\/strong><\/td>\n<td>Claro\/Transparente<\/td>\n<td>Alta claridad \u00f3ptica para inspecci\u00f3n visual<\/td>\n<\/tr>\n<tr>\n<td><strong>Ratio de contracci\u00f3n<\/strong><\/td>\n<td>2:1<\/td>\n<td>Se expande para encajar sobre los componentes, se encoge a 50% del di\u00e1metro original<\/td>\n<\/tr>\n<tr>\n<td><strong>Temperatura de funcionamiento<\/strong><\/td>\n<td>-200\u00b0C a +260\u00b0C (continuo)<\/td>\n<td>Corto plazo hasta +300\u00b0C; apto para usos criog\u00e9nicos a altas temperaturas<\/td>\n<\/tr>\n<tr>\n<td><strong>Temperatura de retracci\u00f3n<\/strong><\/td>\n<td>150\u00b0C - 200\u00b0C<\/td>\n<td>R\u00e1pida recuperaci\u00f3n con fuentes de calor est\u00e1ndar como pistolas de aire caliente<\/td>\n<\/tr>\n<tr>\n<td><strong>Rigidez diel\u00e9ctrica<\/strong><\/td>\n<td>&gt;15 kV\/mm<\/td>\n<td>Excelente aislamiento para aplicaciones de alta tensi\u00f3n<\/td>\n<\/tr>\n<tr>\n<td><strong>Resistencia a la tracci\u00f3n<\/strong><\/td>\n<td>\u226525 MPa<\/td>\n<td>Gran durabilidad mec\u00e1nica<\/td>\n<\/tr>\n<tr>\n<td><strong>Alargamiento a la rotura<\/strong><\/td>\n<td>\u2265300%<\/td>\n<td>Flexible y resistente al agrietamiento<\/td>\n<\/tr>\n<tr>\n<td><strong>Dureza (Shore D)<\/strong><\/td>\n<td>55 &#8211; 65<\/td>\n<td>Equilibra la flexibilidad con la rigidez<\/td>\n<\/tr>\n<tr>\n<td><strong>Peso espec\u00edfico<\/strong><\/td>\n<td>2,15 g\/cm\u00b3<\/td>\n<td>Ligero pero robusto<\/td>\n<\/tr>\n<tr>\n<td><strong>Inflamabilidad<\/strong><\/td>\n<td>UL 224 VW-1<\/td>\n<td>Autoextinguible, baja generaci\u00f3n de humos<\/td>\n<\/tr>\n<tr>\n<td><strong>Tama\u00f1os est\u00e1ndar (ID)<\/strong><\/td>\n<td>1,0 mm - 50 mm<\/td>\n<td>Tama\u00f1os personalizados disponibles bajo pedido<\/td>\n<\/tr>\n<tr>\n<td><strong>Espesor de pared (recuperado)<\/strong><\/td>\n<td>0,2 mm - 2,0 mm<\/td>\n<td>Paredes finas para espacios reducidos<\/td>\n<\/tr>\n<\/tbody>\n<\/table>\n<p><em>Nota: Las especificaciones se basan en m\u00e9todos de ensayo est\u00e1ndar (por ejemplo, ASTM D2671). Para obtener valores exactos adaptados a su aplicaci\u00f3n, p\u00f3ngase en contacto con Teflon X.<\/em><\/p>\n<h2 id=\"applications\">Aplicaciones<\/h2>\n<p>Tefl\u00f3n X <strong>termorretr\u00e1ctil transparente<\/strong> Los manguitos conectores destacan en entornos de alto riesgo:<\/p>\n<ul>\n<li><strong>Marina y automoci\u00f3n<\/strong>: Protege las terminaciones del agua salada, los aceites y las vibraciones gracias a su durabilidad <strong>termorretr\u00e1ctil transparente<\/strong> aislamiento.<\/li>\n<li><strong>Conexiones el\u00e9ctricas<\/strong>: A\u00edsla los empalmes y los mazos de cables, lo que permite una f\u00e1cil comprobaci\u00f3n visual mediante <strong>termorretr\u00e1ctil transparente<\/strong> transparencia.<\/li>\n<li><strong>Maquinaria industrial<\/strong>: Protege contra los \u00e1cidos y las temperaturas extremas en los equipos de procesado gracias a su fiabilidad. <strong>termorretr\u00e1ctil transparente<\/strong>.<\/li>\n<li><strong>HVAC y fontaner\u00eda<\/strong>: Antiadherente <strong>termorretr\u00e1ctil transparente<\/strong> evita la acumulaci\u00f3n para una gesti\u00f3n limpia y eficaz del cableado.<\/li>\n<li><strong>Electr\u00f3nica y sensores<\/strong>: Alta pureza <strong>termorretr\u00e1ctil transparente<\/strong> admite montajes sin contaminaci\u00f3n en entornos m\u00e9dicos y de laboratorio.<\/li>\n<\/ul>\n<p>Nuestro <strong>termorretr\u00e1ctil transparente<\/strong> se ajustan a las normas UL, RoHS y otras espec\u00edficas del sector para cumplirlas sin fisuras.<\/p>\n<h2 id=\"why-choose-teflon-x-s-clear-heat-shrink-connectors-sleeves-\">\u00bfPor qu\u00e9 elegir los manguitos termorretr\u00e1ctiles transparentes de Teflon X?<\/h2>\n<p>Con un legado de innovaci\u00f3n en fluoropol\u00edmeros, Teflon X <strong>termorretr\u00e1ctil transparente<\/strong> ofrecen una claridad incomparable, una funcionalidad de f\u00e1cil limpieza y una excelencia de aislamiento que superan a las opciones est\u00e1ndar. La calidad certificada por la ISO y el tama\u00f1o personalizable garantizan que sus proyectos se beneficien de un rendimiento probado en los sectores marino y automovil\u00edstico, entre otros. Asegure sus conexiones hoy mismo: p\u00f3ngase en contacto con nosotros en <a href=\"mailto:Allison.Ye@teflonx.com\" target=\"_blank\" rel=\"noopener\"><strong>Allison.Ye@teflonx.com<\/strong><\/a> o <a href=\"https:\/\/teflonx.com\/es\/contactanos\/\" target=\"_blank\" rel=\"noopener\">https:\/\/teflonx.com\/contact-us\/<\/a> para muestras, presupuestos o asesoramiento experto sobre <strong>termorretr\u00e1ctil transparente<\/strong> integraci\u00f3n.<\/p>\n<hr \/>","protected":false},"excerpt":{"rendered":"<p>Optimice las conexiones el\u00e9ctricas con fundas termorretr\u00e1ctiles transparentes para conectores. Estas fundas ofrecen un aislamiento excepcional y una superficie lisa para una limpieza sin esfuerzo. Resistentes a aceites, \u00e1cidos y temperaturas extremas, son perfectas para aplicaciones marinas y automotrices. Su dise\u00f1o transparente garantiza una r\u00e1pida verificaci\u00f3n visual de las terminaciones.<\/p>","protected":false},"featured_media":341,"comment_status":"open","ping_status":"closed","template":"","meta":{"site-sidebar-layout":"default","site-content-layout":"","ast-site-content-layout":"default","site-content-style":"default","site-sidebar-style":"default","ast-global-header-display":"","ast-banner-title-visibility":"","ast-main-header-display":"","ast-hfb-above-header-display":"","ast-hfb-below-header-display":"","ast-hfb-mobile-header-display":"","site-post-title":"","ast-breadcrumbs-content":"","ast-featured-img":"","footer-sml-layout":"","ast-disable-related-posts":"","theme-transparent-header-meta":"default","adv-header-id-meta":"","stick-header-meta":"","header-above-stick-meta":"","header-main-stick-meta":"","header-below-stick-meta":"","astra-migrate-meta-layouts":"set","ast-page-background-enabled":"default","ast-page-background-meta":{"desktop":{"background-color":"var(--ast-global-color-5)","background-image":"","background-repeat":"repeat","background-position":"center center","background-size":"auto","background-attachment":"scroll","background-type":"","background-media":"","overlay-type":"","overlay-color":"","overlay-opacity":"","overlay-gradient":""},"tablet":{"background-color":"","background-image":"","background-repeat":"repeat","background-position":"center center","background-size":"auto","background-attachment":"scroll","background-type":"","background-media":"","overlay-type":"","overlay-color":"","overlay-opacity":"","overlay-gradient":""},"mobile":{"background-color":"","background-image":"","background-repeat":"repeat","background-position":"center center","background-size":"auto","background-attachment":"scroll","background-type":"","background-media":"","overlay-type":"","overlay-color":"","overlay-opacity":"","overlay-gradient":""}},"ast-content-background-meta":{"desktop":{"background-color":"var(--ast-global-color-4)","background-image":"","background-repeat":"repeat","background-position":"center center","background-size":"auto","background-attachment":"scroll","background-type":"","background-media":"","overlay-type":"","overlay-color":"","overlay-opacity":"","overlay-gradient":""},"tablet":{"background-color":"var(--ast-global-color-4)","background-image":"","background-repeat":"repeat","background-position":"center center","background-size":"auto","background-attachment":"scroll","background-type":"","background-media":"","overlay-type":"","overlay-color":"","overlay-opacity":"","overlay-gradient":""},"mobile":{"background-color":"var(--ast-global-color-4)","background-image":"","background-repeat":"repeat","background-position":"center center","background-size":"auto","background-attachment":"scroll","background-type":"","background-media":"","overlay-type":"","overlay-color":"","overlay-opacity":"","overlay-gradient":""}}},"product_brand":[290],"product_cat":[488],"product_tag":[65,64,67,66],"class_list":{"0":"post-369","1":"product","2":"type-product","3":"status-publish","4":"has-post-thumbnail","6":"product_brand-teflon-x","7":"product_cat-pfa-heat-shrink-tubing","8":"product_tag-clear-heat-shrink","9":"product_tag-clear-heat-shrink-tubing","10":"product_tag-heat-shrink-connectors","11":"product_tag-transparent-shrink-tube","12":"desktop-align-left","13":"tablet-align-left","14":"mobile-align-left","16":"first","17":"instock","18":"shipping-taxable","19":"product-type-simple"},"_links":{"self":[{"href":"https:\/\/teflonx.com\/es\/wp-json\/wp\/v2\/product\/369","targetHints":{"allow":["GET"]}}],"collection":[{"href":"https:\/\/teflonx.com\/es\/wp-json\/wp\/v2\/product"}],"about":[{"href":"https:\/\/teflonx.com\/es\/wp-json\/wp\/v2\/types\/product"}],"replies":[{"embeddable":true,"href":"https:\/\/teflonx.com\/es\/wp-json\/wp\/v2\/comments?post=369"}],"wp:featuredmedia":[{"embeddable":true,"href":"https:\/\/teflonx.com\/es\/wp-json\/wp\/v2\/media\/341"}],"wp:attachment":[{"href":"https:\/\/teflonx.com\/es\/wp-json\/wp\/v2\/media?parent=369"}],"wp:term":[{"taxonomy":"product_brand","embeddable":true,"href":"https:\/\/teflonx.com\/es\/wp-json\/wp\/v2\/product_brand?post=369"},{"taxonomy":"product_cat","embeddable":true,"href":"https:\/\/teflonx.com\/es\/wp-json\/wp\/v2\/product_cat?post=369"},{"taxonomy":"product_tag","embeddable":true,"href":"https:\/\/teflonx.com\/es\/wp-json\/wp\/v2\/product_tag?post=369"}],"curies":[{"name":"wp","href":"https:\/\/api.w.org\/{rel}","templated":true}]}}