{"id":371,"date":"2025-03-25T15:16:16","date_gmt":"2025-03-25T15:16:16","guid":{"rendered":"https:\/\/teflonx.com\/?post_type=product&#038;p=371"},"modified":"2025-12-04T13:18:29","modified_gmt":"2025-12-04T13:18:29","slug":"tubo-termorretractil-pfa","status":"publish","type":"product","link":"https:\/\/teflonx.com\/es\/product\/tubo-termorretractil-pfa\/","title":{"rendered":"Tubo termorretr\u00e1ctil de PFA ultratransparente: resistente a qu\u00edmicos y al calor"},"content":{"rendered":"<h2 id=\"product-overview\">Descripci\u00f3n general del producto<\/h2>\n<p>Desbloquea una protecci\u00f3n sin igual con Teflon X's <strong>Tubo termorretr\u00e1ctil PFA<\/strong>con construcci\u00f3n de PFA ultratransparente para una excepcional resistencia qu\u00edmica y t\u00e9rmica en las aplicaciones m\u00e1s cr\u00edticas. Nuestro <strong>Tubo termorretr\u00e1ctil PFA<\/strong> ofrece una resistencia diel\u00e9ctrica inigualable para proteger los componentes electr\u00f3nicos sensibles en laboratorios y centrales el\u00e9ctricas, mientras que su flexibilidad inherente se adapta a formas irregulares para un ajuste perfecto. La superficie antiadherente de esta <strong>Tubo termorretr\u00e1ctil PFA<\/strong> resiste a los contaminantes industriales, garantizando longevidad y facilidad de mantenimiento en entornos exigentes. Con un s\u00f3lido rango de temperaturas de -200\u00b0C a 260\u00b0C, las juntas de Teflon X <strong>Tubo termorretr\u00e1ctil PFA<\/strong> es de confianza para la fabricaci\u00f3n aeroespacial y de semiconductores, donde la alta claridad y fiabilidad no son negociables.<\/p>\n<p>Teflon X es l\u00edder en soluciones de fluoropol\u00edmeros, proporcionando <strong>Tubo termorretr\u00e1ctil PFA<\/strong> que combina transparencia, durabilidad y rendimiento. Explore nuestra oferta en <a href=\"https:\/\/teflonx.com\/es\/\" target=\"_blank\" rel=\"noopener\">https:\/\/teflonx.com\/<\/a>o p\u00f3ngase en contacto con nosotros a trav\u00e9s del <a href=\"https:\/\/teflonx.com\/es\/contactanos\/\" target=\"_blank\" rel=\"noopener\">P\u00e1gina de contacto<\/a> o por correo electr\u00f3nico <a href=\"mailto:Allison.Ye@teflonx.com\" target=\"_blank\" rel=\"noopener\"><strong>Allison.Ye@teflonx.com<\/strong><\/a> para obtener la ayuda de expertos en <strong>Tubo termorretr\u00e1ctil PFA<\/strong> integraci\u00f3n.<\/p>\n<h2 id=\"key-features\">Caracter\u00edsticas principales<\/h2>\n<ul>\n<li><strong>Claridad ultratransparente<\/strong>: Transparencia \u00f3ptica superior en <strong>Tubo termorretr\u00e1ctil PFA<\/strong> permite una inspecci\u00f3n visual precisa de los componentes cerrados sin necesidad de desmontarlos.<\/li>\n<li><strong>Resistencia qu\u00edmica excepcional<\/strong>: Pr\u00e1cticamente impermeable a \u00e1cidos, bases, disolventes y productos qu\u00edmicos agresivos, lo que hace que <strong>Tubo termorretr\u00e1ctil PFA<\/strong> ideal para entornos industriales corrosivos.<\/li>\n<li><strong>Alta resistencia al calor<\/strong>: Funcionamiento continuo de -200\u00b0C a +260\u00b0C, con exposici\u00f3n a corto plazo de hasta 300\u00b0C, para un funcionamiento fiable. <strong>Tubo termorretr\u00e1ctil PFA<\/strong> rendimiento en condiciones t\u00e9rmicas extremas.<\/li>\n<li><strong>Alta rigidez diel\u00e9ctrica<\/strong>: Proporciona un excelente aislamiento el\u00e9ctrico para proteger los componentes electr\u00f3nicos sensibles del interior. <strong>Tubo termorretr\u00e1ctil PFA<\/strong> aplicaciones.<\/li>\n<li><strong>Dise\u00f1o flexible y conforme<\/strong>: Se adapta f\u00e1cilmente a formas irregulares con un ratio de retracci\u00f3n de 2:1, garantizando un sellado herm\u00e9tico en vers\u00e1tiles <strong>Tubo termorretr\u00e1ctil PFA<\/strong> usos.<\/li>\n<li><strong>Superficie antiadherente de baja fricci\u00f3n<\/strong>: Evita la adherencia de contaminantes y simplifica la limpieza, una ventaja clave de nuestros <strong>Tubo termorretr\u00e1ctil PFA<\/strong>.<\/li>\n<li><strong>Resistencia a los rayos UV y a la abrasi\u00f3n<\/strong>: Mantiene la integridad estructural y la claridad en entornos exteriores o de alto desgaste para una mayor durabilidad. <strong>Tubo termorretr\u00e1ctil PFA<\/strong> instalaciones.<\/li>\n<li><strong>Ign\u00edfugo y de gran pureza<\/strong>: Cumple las normas UL con baja filtraci\u00f3n, adecuado para salas limpias y de alta pureza. <strong>Tubo termorretr\u00e1ctil PFA<\/strong> requisitos.<\/li>\n<li><strong>Durabilidad mec\u00e1nica<\/strong>: Alta resistencia a la tracci\u00f3n y alargamiento garantizan <strong>Tubo termorretr\u00e1ctil PFA<\/strong> soporta las tensiones mec\u00e1nicas sin agrietarse.<\/li>\n<\/ul>\n<h2 id=\"technical-specifications\">Especificaciones t\u00e9cnicas<\/h2>\n<p>Tefl\u00f3n X <strong>Tubo termorretr\u00e1ctil PFA<\/strong> ha sido dise\u00f1ado con los m\u00e1s altos niveles de precisi\u00f3n y fiabilidad. A continuaci\u00f3n se muestra una tabla detallada de los par\u00e1metros clave:<\/p>\n<table>\n<thead>\n<tr>\n<th>Par\u00e1metro<\/th>\n<th>Especificaci\u00f3n<\/th>\n<th>Notas<\/th>\n<\/tr>\n<\/thead>\n<tbody>\n<tr>\n<td><strong>Material<\/strong><\/td>\n<td>Perfluoroalcoxi (PFA)<\/td>\n<td>Fluoropol\u00edmero para un rendimiento superior<\/td>\n<\/tr>\n<tr>\n<td><strong>Color<\/strong><\/td>\n<td>Claro\/Transparente<\/td>\n<td>Alta claridad \u00f3ptica para inspecci\u00f3n visual<\/td>\n<\/tr>\n<tr>\n<td><strong>Ratio de contracci\u00f3n<\/strong><\/td>\n<td>2:1<\/td>\n<td>Se expande para encajar sobre los componentes, se encoge a 50% del di\u00e1metro original<\/td>\n<\/tr>\n<tr>\n<td><strong>Temperatura de funcionamiento<\/strong><\/td>\n<td>-200\u00b0C a +260\u00b0C (continuo)<\/td>\n<td>Corto plazo hasta +300\u00b0C; apto para usos criog\u00e9nicos a altas temperaturas<\/td>\n<\/tr>\n<tr>\n<td><strong>Temperatura de retracci\u00f3n<\/strong><\/td>\n<td>150\u00b0C - 200\u00b0C<\/td>\n<td>R\u00e1pida recuperaci\u00f3n con fuentes de calor est\u00e1ndar como pistolas de aire caliente<\/td>\n<\/tr>\n<tr>\n<td><strong>Rigidez diel\u00e9ctrica<\/strong><\/td>\n<td>&gt;15 kV\/mm<\/td>\n<td>Excelente aislamiento para aplicaciones de alta tensi\u00f3n<\/td>\n<\/tr>\n<tr>\n<td><strong>Resistencia a la tracci\u00f3n<\/strong><\/td>\n<td>\u226525 MPa<\/td>\n<td>Gran durabilidad mec\u00e1nica<\/td>\n<\/tr>\n<tr>\n<td><strong>Alargamiento a la rotura<\/strong><\/td>\n<td>\u2265300%<\/td>\n<td>Flexible y resistente al agrietamiento<\/td>\n<\/tr>\n<tr>\n<td><strong>Dureza (Shore D)<\/strong><\/td>\n<td>55 &#8211; 65<\/td>\n<td>Equilibra la flexibilidad con la rigidez<\/td>\n<\/tr>\n<tr>\n<td><strong>Peso espec\u00edfico<\/strong><\/td>\n<td>2,15 g\/cm\u00b3<\/td>\n<td>Ligero pero robusto<\/td>\n<\/tr>\n<tr>\n<td><strong>Inflamabilidad<\/strong><\/td>\n<td>UL 224 VW-1<\/td>\n<td>Autoextinguible, baja generaci\u00f3n de humos<\/td>\n<\/tr>\n<tr>\n<td><strong>Tama\u00f1os est\u00e1ndar (ID)<\/strong><\/td>\n<td>1,0 mm - 50 mm<\/td>\n<td>Tama\u00f1os personalizados disponibles bajo pedido<\/td>\n<\/tr>\n<tr>\n<td><strong>Espesor de pared (recuperado)<\/strong><\/td>\n<td>0,2 mm - 2,0 mm<\/td>\n<td>Paredes finas para espacios reducidos<\/td>\n<\/tr>\n<\/tbody>\n<\/table>\n<p><em>Nota: Las especificaciones se basan en m\u00e9todos de ensayo est\u00e1ndar (por ejemplo, ASTM D2671). Para obtener valores exactos adaptados a su aplicaci\u00f3n, p\u00f3ngase en contacto con Teflon X.<\/em><\/p>\n<h2 id=\"applications\">Aplicaciones<\/h2>\n<p>Tefl\u00f3n X <strong>Tubo termorretr\u00e1ctil PFA<\/strong> destaca en sectores industriales y de alta tecnolog\u00eda que requieren precisi\u00f3n y resistencia:<\/p>\n<ul>\n<li><strong>Fabricaci\u00f3n aeroespacial y de semiconductores<\/strong>: A\u00edsla el cableado y los componentes con una capa ultratransparente. <strong>Tubo termorretr\u00e1ctil PFA<\/strong> para una protecci\u00f3n sin contaminaci\u00f3n y resistente al calor.<\/li>\n<li><strong>Laboratorios y centrales el\u00e9ctricas<\/strong>: Protege los componentes electr\u00f3nicos sensibles de las sustancias qu\u00edmicas y los extremos t\u00e9rmicos mediante <strong>Tubo termorretr\u00e1ctil PFA<\/strong>.<\/li>\n<li><strong>Procesamiento qu\u00edmico<\/strong>: Tuber\u00edas y v\u00e1lvulas con materiales qu\u00edmicamente inertes <strong>Tubo termorretr\u00e1ctil PFA<\/strong> para manejar medios agresivos sin degradaci\u00f3n.<\/li>\n<li><strong>Electr\u00f3nica y dispositivos m\u00e9dicos<\/strong>: Alta pureza <strong>Tubo termorretr\u00e1ctil PFA<\/strong> garantiza la seguridad el\u00e9ctrica y una f\u00e1cil inspecci\u00f3n en entornos est\u00e9riles.<\/li>\n<li><strong>HVAC y Maquinaria Industrial<\/strong>: Flexible <strong>Tubo termorretr\u00e1ctil PFA<\/strong> se adapta a formas irregulares a la vez que resiste a los contaminantes en los sistemas operativos.<\/li>\n<\/ul>\n<p>Nuestro <strong>Tubo termorretr\u00e1ctil PFA<\/strong> cumple las normas UL, RoHS y SEMI F-57, lo que facilita su integraci\u00f3n en industrias reguladas.<\/p>\n<h2 id=\"why-choose-teflon-x-s-pfa-shrink-tube-\">\u00bfPor qu\u00e9 elegir el tubo retr\u00e1ctil de PFA de Teflon X?<\/h2>\n<p>Tefl\u00f3n X <strong>Tubo termorretr\u00e1ctil PFA<\/strong> marca la pauta gracias a su dise\u00f1o ultratransparente, su resistencia qu\u00edmica y t\u00e9rmica superior y su versatilidad antiadherente, fruto de d\u00e9cadas de innovaci\u00f3n en fluoropol\u00edmeros. La fabricaci\u00f3n con certificaci\u00f3n ISO garantiza una calidad constante para la industria aeroespacial, los laboratorios y otros sectores. Elija <strong>Tubo termorretr\u00e1ctil PFA<\/strong> que supera el contacto <a href=\"mailto:Allison.Ye@teflonx.com\" target=\"_blank\" rel=\"noopener\"><strong>Allison.Ye@teflonx.com<\/strong><\/a> o visite <a href=\"https:\/\/teflonx.com\/es\/contactanos\/\" target=\"_blank\" rel=\"noopener\">https:\/\/teflonx.com\/contact-us\/<\/a> para muestras, tama\u00f1os personalizados o consultas t\u00e9cnicas.<\/p>\n<hr \/>","protected":false},"excerpt":{"rendered":"<p>El tubo retr\u00e1ctil de PFA ultratransparente ofrece una resistencia qu\u00edmica y t\u00e9rmica inigualable (de -40 \u00b0C a 260 \u00b0C). Su alta rigidez diel\u00e9ctrica protege los componentes electr\u00f3nicos sensibles en laboratorios y centrales el\u00e9ctricas. La flexibilidad del material se adapta a formas irregulares, mientras que su superficie antiadherente resiste a los contaminantes industriales. De confianza para la industria aeroespacial y la fabricaci\u00f3n de semiconductores.<\/p>","protected":false},"featured_media":342,"comment_status":"open","ping_status":"closed","template":"","meta":{"site-sidebar-layout":"default","site-content-layout":"","ast-site-content-layout":"default","site-content-style":"default","site-sidebar-style":"default","ast-global-header-display":"","ast-banner-title-visibility":"","ast-main-header-display":"","ast-hfb-above-header-display":"","ast-hfb-below-header-display":"","ast-hfb-mobile-header-display":"","site-post-title":"","ast-breadcrumbs-content":"","ast-featured-img":"","footer-sml-layout":"","ast-disable-related-posts":"","theme-transparent-header-meta":"default","adv-header-id-meta":"","stick-header-meta":"","header-above-stick-meta":"","header-main-stick-meta":"","header-below-stick-meta":"","astra-migrate-meta-layouts":"set","ast-page-background-enabled":"default","ast-page-background-meta":{"desktop":{"background-color":"var(--ast-global-color-5)","background-image":"","background-repeat":"repeat","background-position":"center center","background-size":"auto","background-attachment":"scroll","background-type":"","background-media":"","overlay-type":"","overlay-color":"","overlay-opacity":"","overlay-gradient":""},"tablet":{"background-color":"","background-image":"","background-repeat":"repeat","background-position":"center center","background-size":"auto","background-attachment":"scroll","background-type":"","background-media":"","overlay-type":"","overlay-color":"","overlay-opacity":"","overlay-gradient":""},"mobile":{"background-color":"","background-image":"","background-repeat":"repeat","background-position":"center center","background-size":"auto","background-attachment":"scroll","background-type":"","background-media":"","overlay-type":"","overlay-color":"","overlay-opacity":"","overlay-gradient":""}},"ast-content-background-meta":{"desktop":{"background-color":"var(--ast-global-color-4)","background-image":"","background-repeat":"repeat","background-position":"center center","background-size":"auto","background-attachment":"scroll","background-type":"","background-media":"","overlay-type":"","overlay-color":"","overlay-opacity":"","overlay-gradient":""},"tablet":{"background-color":"var(--ast-global-color-4)","background-image":"","background-repeat":"repeat","background-position":"center center","background-size":"auto","background-attachment":"scroll","background-type":"","background-media":"","overlay-type":"","overlay-color":"","overlay-opacity":"","overlay-gradient":""},"mobile":{"background-color":"var(--ast-global-color-4)","background-image":"","background-repeat":"repeat","background-position":"center center","background-size":"auto","background-attachment":"scroll","background-type":"","background-media":"","overlay-type":"","overlay-color":"","overlay-opacity":"","overlay-gradient":""}}},"product_brand":[290],"product_cat":[488],"product_tag":[65,64,67,73],"class_list":{"0":"post-371","1":"product","2":"type-product","3":"status-publish","4":"has-post-thumbnail","6":"product_brand-teflon-x","7":"product_cat-pfa-heat-shrink-tubing","8":"product_tag-clear-heat-shrink","9":"product_tag-clear-heat-shrink-tubing","10":"product_tag-heat-shrink-connectors","11":"product_tag-transparent-shrink-tube-","12":"desktop-align-left","13":"tablet-align-left","14":"mobile-align-left","16":"first","17":"instock","18":"shipping-taxable","19":"product-type-simple"},"_links":{"self":[{"href":"https:\/\/teflonx.com\/es\/wp-json\/wp\/v2\/product\/371","targetHints":{"allow":["GET"]}}],"collection":[{"href":"https:\/\/teflonx.com\/es\/wp-json\/wp\/v2\/product"}],"about":[{"href":"https:\/\/teflonx.com\/es\/wp-json\/wp\/v2\/types\/product"}],"replies":[{"embeddable":true,"href":"https:\/\/teflonx.com\/es\/wp-json\/wp\/v2\/comments?post=371"}],"wp:featuredmedia":[{"embeddable":true,"href":"https:\/\/teflonx.com\/es\/wp-json\/wp\/v2\/media\/342"}],"wp:attachment":[{"href":"https:\/\/teflonx.com\/es\/wp-json\/wp\/v2\/media?parent=371"}],"wp:term":[{"taxonomy":"product_brand","embeddable":true,"href":"https:\/\/teflonx.com\/es\/wp-json\/wp\/v2\/product_brand?post=371"},{"taxonomy":"product_cat","embeddable":true,"href":"https:\/\/teflonx.com\/es\/wp-json\/wp\/v2\/product_cat?post=371"},{"taxonomy":"product_tag","embeddable":true,"href":"https:\/\/teflonx.com\/es\/wp-json\/wp\/v2\/product_tag?post=371"}],"curies":[{"name":"wp","href":"https:\/\/api.w.org\/{rel}","templated":true}]}}