{"id":446,"date":"2025-03-31T15:49:31","date_gmt":"2025-03-31T15:49:31","guid":{"rendered":"https:\/\/teflonx.com\/?post_type=product&#038;p=446"},"modified":"2026-01-01T14:14:53","modified_gmt":"2026-01-01T14:14:53","slug":"plancha-de-junta-de-ptfe-resistente-a-productos-quimicos","status":"publish","type":"product","link":"https:\/\/teflonx.com\/es\/product\/plancha-de-junta-de-ptfe-resistente-a-productos-quimicos\/","title":{"rendered":"L\u00e1mina de junta de PTFE resistente a productos qu\u00edmicos para sistemas cicl\u00f3nicos y v\u00e1lvulas"},"content":{"rendered":"<p><!-- Main Product Title --><\/p>\n<h2>Plancha de juntas de PTFE resistente a productos qu\u00edmicos para sistemas de ciclones y v\u00e1lvulas<\/h2>\n<p><!-- Introduction Section --><\/p>\n<p>Bienvenido a <strong>Tefl\u00f3n X<\/strong>l\u00edder del sector en ingenier\u00eda de materiales de alto rendimiento. Nos enorgullece presentar nuestra <strong>Plancha de junta de PTFE resistente a productos qu\u00edmicos<\/strong>una soluci\u00f3n de primera clase dise\u00f1ada para hacer frente a los entornos m\u00e1s exigentes de las plantas de procesamiento. Tanto si gestiona complejos separadores cicl\u00f3nicos como si se encarga del mantenimiento a alta presi\u00f3n. <strong>v\u00e1lvulas de bola<\/strong>nuestras soluciones de estanquidad proporcionan la fiabilidad que exige su infraestructura.<\/p>\n<p>En el \u00e1mbito de <strong>Sellado industrial<\/strong>un fallo no es una opci\u00f3n. Una junta con fugas o corro\u00edda puede provocar tiempos de inactividad catastr\u00f3ficos y riesgos para la seguridad. Nuestro <strong>Junta de PTFE<\/strong> se fabrican a partir de politetrafluoroetileno virgen, lo que garantiza que sus sistemas permanezcan sin fugas, limpios y eficientes, incluso al manipular \u00e1cidos, \u00e1lcalis y disolventes agresivos.<\/p>\n<hr \/>\n<p><!-- Technical Excellence Section --><\/p>\n<h3>Inercia qu\u00edmica y durabilidad inigualables<\/h3>\n<p>La principal ventaja de un <strong>Junta de tefl\u00f3n<\/strong> radica en su estructura molecular. Los fuertes enlaces carbono-fl\u00faor proporcionan una resistencia excepcional a los ataques qu\u00edmicos. A diferencia de los elast\u00f3meros tradicionales, que se hinchan o degradan, nuestras l\u00e1minas de PTFE permanecen inertes. Esto es especialmente crucial para los sistemas de ciclones, en los que la separaci\u00f3n de part\u00edculas a menudo implica corrientes de gases o l\u00edquidos corrosivos.<\/p>\n<p>Adem\u00e1s, la superficie antiadherente de nuestro material PTFE cambia las reglas del juego para el mantenimiento. En los separadores cicl\u00f3nicos, la acumulaci\u00f3n de material en las juntas puede alterar la din\u00e1mica del flujo y reducir la eficacia. Nuestras juntas evitan esta adherencia, garantizando un funcionamiento constante y ampliando significativamente los intervalos entre paradas de mantenimiento. Esta propiedad de autolimpieza tambi\u00e9n las convierte en la opci\u00f3n ideal para los separadores sanitarios. <strong>v\u00e1lvulas de bola<\/strong> utilizados en las industrias alimentaria y farmac\u00e9utica.<\/p>\n<hr \/>\n<p><!-- Application Focus: Valves and Cyclones --><\/p>\n<h3>Optimizado para v\u00e1lvulas de bola y estanquidad industrial<\/h3>\n<p>Aunque se dise\u00f1\u00f3 pensando en los sistemas de ciclones, la versatilidad de este producto lo convierte en un elemento b\u00e1sico para la fabricaci\u00f3n y reparaci\u00f3n de v\u00e1lvulas. <strong>v\u00e1lvulas de bola<\/strong> requieren juntas que ofrezcan un bajo coeficiente de fricci\u00f3n para garantizar un funcionamiento suave del par. Nuestro <strong>Junta de PTFE<\/strong> proporcionan esa lubricidad necesaria, reduciendo el desgaste de la bola y el v\u00e1stago de la v\u00e1lvula.<\/p>\n<p>Si elige Teflon X para su <strong>Sellado industrial<\/strong> necesidades, est\u00e1 invirtiendo:<\/p>\n<ul>\n<li><strong>Estabilidad t\u00e9rmica:<\/strong> Capaz de soportar fluctuaciones extremas de temperatura sin perder resistencia mec\u00e1nica.<\/li>\n<li><strong>Manejo de la presi\u00f3n:<\/strong> Dise\u00f1ado para mantener la integridad de la junta bajo las presiones variables que se encuentran en las redes de tuber\u00edas industriales.<\/li>\n<li><strong>Versatilidad:<\/strong> Adecuado para su uso como juntas de brida, asientos de v\u00e1lvula y juntas de revestimiento en reactores qu\u00edmicos.<\/li>\n<\/ul>\n<hr \/>\n<p><!-- Detailed Size Specifications --><\/p>\n<h3>Dimensiones y especificaciones est\u00e1ndar<\/h3>\n<p>En <strong>Tefl\u00f3n X<\/strong>Disponemos de una amplia gama de tama\u00f1os para garantizar un r\u00e1pido despliegue en sus proyectos. A continuaci\u00f3n se muestra la tabla detallada de especificaciones de nuestros productos est\u00e1ndar <strong>Junta de PTFE<\/strong> dimensiones (Di\u00e1metro interior x Di\u00e1metro exterior). Estos tama\u00f1os est\u00e1n cortados con precisi\u00f3n para garantizar la compatibilidad con los puertos de bridas y equipos est\u00e1ndar.<\/p>\n<table style=\"width: 100%; border-collapse: collapse; border: 1px solid #cccccc;\" border=\"1\">\n<thead>\n<tr style=\"background-color: #e6e6e6;\">\n<th style=\"padding: 15px; text-align: center; border: 1px solid #cccccc;\">Tama\u00f1o del producto (mm)<br \/>\n(Interior x Exterior)<\/th>\n<th style=\"padding: 15px; text-align: center; border: 1px solid #cccccc;\">Tama\u00f1o del producto (mm)<br \/>\n(Interior x Exterior)<\/th>\n<\/tr>\n<\/thead>\n<tbody>\n<tr>\n<td style=\"padding: 10px; text-align: center; border: 1px solid #cccccc;\">18 * 46 mm<\/td>\n<td style=\"padding: 10px; text-align: center; border: 1px solid #cccccc;\">90 * 142 mm<\/td>\n<\/tr>\n<tr>\n<td style=\"padding: 10px; text-align: center; border: 1px solid #cccccc;\">22 * 51 mm<\/td>\n<td style=\"padding: 10px; text-align: center; border: 1px solid #cccccc;\">116 * 162 mm<\/td>\n<\/tr>\n<tr>\n<td style=\"padding: 10px; text-align: center; border: 1px solid #cccccc;\">27 * 61 mm<\/td>\n<td style=\"padding: 10px; text-align: center; border: 1px solid #cccccc;\">141 * 162 mm<\/td>\n<\/tr>\n<tr>\n<td style=\"padding: 10px; text-align: center; border: 1px solid #cccccc;\">34 * 71 mm<\/td>\n<td style=\"padding: 10px; text-align: center; border: 1px solid #cccccc;\">169 * 218 mm<\/td>\n<\/tr>\n<tr>\n<td style=\"padding: 10px; text-align: center; border: 1px solid #cccccc;\">43 * 82 mm<\/td>\n<td style=\"padding: 10px; text-align: center; border: 1px solid #cccccc;\">222 * 273,1 mm<\/td>\n<\/tr>\n<tr>\n<td style=\"padding: 10px; text-align: center; border: 1px solid #cccccc;\">49 * 92 mm<\/td>\n<td style=\"padding: 10px; text-align: center; border: 1px solid #cccccc;\">274,6 * 328 mm<\/td>\n<\/tr>\n<tr>\n<td style=\"padding: 10px; text-align: center; border: 1px solid #cccccc;\">61 * 107 mm<\/td>\n<td style=\"padding: 10px; text-align: center; border: 1px solid #cccccc;\">323 * 374,7 mm<\/td>\n<\/tr>\n<tr>\n<td style=\"padding: 10px; text-align: center; border: 1px solid #cccccc;\">77 * 127 mm<\/td>\n<td style=\"padding: 10px; text-align: center; border: 1px solid #cccccc;\"><strong>Tama\u00f1os personalizados disponibles<\/strong><\/td>\n<\/tr>\n<\/tbody>\n<\/table>\n<p><em>Nota: Si sus requisitos dimensionales espec\u00edficos para <strong>v\u00e1lvulas de bola<\/strong> u otra maquinaria no figuran en la lista anterior, p\u00f3ngase en contacto con nuestro departamento de ingenier\u00eda para conocer las opciones de fabricaci\u00f3n a medida.<\/em><\/p>\n<hr \/>\n<p><!-- Customization and Engineering --><\/p>\n<h3>Soluciones a medida para estructuras complejas<\/h3>\n<p>Cada instalaci\u00f3n industrial presenta retos \u00fanicos. Aunque ofrecemos planchas de juntas est\u00e1ndar, Teflon X est\u00e1 especializado en dise\u00f1os a medida. Tanto si necesita una junta envolvente espec\u00edfica, como un anillo segmentado para un cicl\u00f3n de gran di\u00e1metro o una junta especial de <strong>Junta de tefl\u00f3n<\/strong> con materiales de relleno (como vidrio o carbono) para aumentar la resistencia a la fluencia.<\/p>\n<p>Nuestro objetivo es lograr una integraci\u00f3n perfecta. Al proporcionar juntas cortadas con precisi\u00f3n, reducimos el tiempo de instalaci\u00f3n y minimizamos el riesgo de error del operario durante el montaje. Nuestra atenci\u00f3n a la calidad garantiza que su <strong>Sellado industrial<\/strong> s\u00f3lida y preparada para el futuro.<\/p>\n<hr \/>\n<p><!-- Call to Action Section --><\/p>\n<h3>P\u00f3ngase en contacto con Teflon X<\/h3>\n<p>Aumente hoy mismo la longevidad de su equipo con la protecci\u00f3n superior de un Teflon X <strong>Junta de PTFE<\/strong>. Nuestro equipo de expertos est\u00e1 preparado para ayudarle a seleccionar el material y el tama\u00f1o perfectos para su aplicaci\u00f3n espec\u00edfica.<\/p>\n<p>Si desea m\u00e1s informaci\u00f3n sobre nuestra l\u00ednea completa de productos, visite nuestra p\u00e1gina de inicio: <a href=\"https:\/\/teflonx.com\/es\/\" target=\"_blank\" rel=\"noopener noreferrer\">https:\/\/teflonx.com\/<\/a><\/p>\n<p><strong>\u00bfQuiere hacer un pedido o necesita asesoramiento t\u00e9cnico?<\/strong><\/p>\n<p>Puede ponerse en contacto con nosotros a trav\u00e9s de nuestra p\u00e1gina de contacto para obtener una respuesta r\u00e1pida:<\/p>\n<p style=\"text-align: center; margin: 20px 0;\"><a style=\"background-color: #d32f2f; color: #ffffff; padding: 12px 24px; text-decoration: none; font-weight: bold; border-radius: 4px; font-size: 16px;\" href=\"https:\/\/teflonx.com\/es\/contactanos\/\" target=\"_blank\" rel=\"noopener noreferrer\">P\u00f3ngase en contacto con nosotros<\/a><\/p>\n<p>Tambi\u00e9n puede enviar sus consultas y dibujos t\u00e9cnicos directamente a nuestro representante de ventas por correo electr\u00f3nico:<\/p>\n<p style=\"font-weight: bold; font-size: 1.1em;\">Correo electr\u00f3nico: <a href=\"mailto:allison.ye@teflonx.com\">allison.ye@teflonx.com<\/a><\/p>","protected":false},"excerpt":{"rendered":"<p>Dise\u00f1adas para separadores cicl\u00f3nicos y sistemas de v\u00e1lvulas industriales, las l\u00e1minas de juntas de PTFE ofrecen una resistencia inigualable a \u00e1cidos, \u00e1lcalis y disolventes. Su superficie antiadherente evita la acumulaci\u00f3n de material, lo que prolonga la vida \u00fatil del equipo. Disponibles en l\u00e1minas est\u00e1ndar o dise\u00f1os personalizados para una integraci\u00f3n perfecta.<\/p>","protected":false},"featured_media":440,"comment_status":"open","ping_status":"closed","template":"","meta":{"site-sidebar-layout":"default","site-content-layout":"","ast-site-content-layout":"default","site-content-style":"default","site-sidebar-style":"default","ast-global-header-display":"","ast-banner-title-visibility":"","ast-main-header-display":"","ast-hfb-above-header-display":"","ast-hfb-below-header-display":"","ast-hfb-mobile-header-display":"","site-post-title":"","ast-breadcrumbs-content":"","ast-featured-img":"","footer-sml-layout":"","ast-disable-related-posts":"","theme-transparent-header-meta":"default","adv-header-id-meta":"","stick-header-meta":"","header-above-stick-meta":"","header-main-stick-meta":"","header-below-stick-meta":"","astra-migrate-meta-layouts":"set","ast-page-background-enabled":"default","ast-page-background-meta":{"desktop":{"background-color":"var(--ast-global-color-5)","background-image":"","background-repeat":"repeat","background-position":"center center","background-size":"auto","background-attachment":"scroll","background-type":"","background-media":"","overlay-type":"","overlay-color":"","overlay-opacity":"","overlay-gradient":""},"tablet":{"background-color":"","background-image":"","background-repeat":"repeat","background-position":"center center","background-size":"auto","background-attachment":"scroll","background-type":"","background-media":"","overlay-type":"","overlay-color":"","overlay-opacity":"","overlay-gradient":""},"mobile":{"background-color":"","background-image":"","background-repeat":"repeat","background-position":"center center","background-size":"auto","background-attachment":"scroll","background-type":"","background-media":"","overlay-type":"","overlay-color":"","overlay-opacity":"","overlay-gradient":""}},"ast-content-background-meta":{"desktop":{"background-color":"var(--ast-global-color-4)","background-image":"","background-repeat":"repeat","background-position":"center center","background-size":"auto","background-attachment":"scroll","background-type":"","background-media":"","overlay-type":"","overlay-color":"","overlay-opacity":"","overlay-gradient":""},"tablet":{"background-color":"var(--ast-global-color-4)","background-image":"","background-repeat":"repeat","background-position":"center center","background-size":"auto","background-attachment":"scroll","background-type":"","background-media":"","overlay-type":"","overlay-color":"","overlay-opacity":"","overlay-gradient":""},"mobile":{"background-color":"var(--ast-global-color-4)","background-image":"","background-repeat":"repeat","background-position":"center center","background-size":"auto","background-attachment":"scroll","background-type":"","background-media":"","overlay-type":"","overlay-color":"","overlay-opacity":"","overlay-gradient":""}}},"product_brand":[290],"product_cat":[43],"product_tag":[113,112,111],"class_list":{"0":"post-446","1":"product","2":"type-product","3":"status-publish","4":"has-post-thumbnail","6":"product_brand-teflon-x","7":"product_cat-ptfe-gaskets","8":"product_tag-chemical-resistant","9":"product_tag-cyclone-systems","10":"product_tag-ptfe-gasket-sheet","11":"desktop-align-left","12":"tablet-align-left","13":"mobile-align-left","15":"first","16":"instock","17":"shipping-taxable","18":"product-type-simple"},"_links":{"self":[{"href":"https:\/\/teflonx.com\/es\/wp-json\/wp\/v2\/product\/446","targetHints":{"allow":["GET"]}}],"collection":[{"href":"https:\/\/teflonx.com\/es\/wp-json\/wp\/v2\/product"}],"about":[{"href":"https:\/\/teflonx.com\/es\/wp-json\/wp\/v2\/types\/product"}],"replies":[{"embeddable":true,"href":"https:\/\/teflonx.com\/es\/wp-json\/wp\/v2\/comments?post=446"}],"wp:featuredmedia":[{"embeddable":true,"href":"https:\/\/teflonx.com\/es\/wp-json\/wp\/v2\/media\/440"}],"wp:attachment":[{"href":"https:\/\/teflonx.com\/es\/wp-json\/wp\/v2\/media?parent=446"}],"wp:term":[{"taxonomy":"product_brand","embeddable":true,"href":"https:\/\/teflonx.com\/es\/wp-json\/wp\/v2\/product_brand?post=446"},{"taxonomy":"product_cat","embeddable":true,"href":"https:\/\/teflonx.com\/es\/wp-json\/wp\/v2\/product_cat?post=446"},{"taxonomy":"product_tag","embeddable":true,"href":"https:\/\/teflonx.com\/es\/wp-json\/wp\/v2\/product_tag?post=446"}],"curies":[{"name":"wp","href":"https:\/\/api.w.org\/{rel}","templated":true}]}}