{"id":529,"date":"2025-04-05T14:33:40","date_gmt":"2025-04-05T14:33:40","guid":{"rendered":"https:\/\/teflonx.com\/?post_type=product&#038;p=529"},"modified":"2026-01-01T14:40:37","modified_gmt":"2026-01-01T14:40:37","slug":"manguera-trenzada-de-acero-inoxidable-ptfe","status":"publish","type":"product","link":"https:\/\/teflonx.com\/es\/product\/manguera-trenzada-de-acero-inoxidable-ptfe\/","title":{"rendered":"Manguera trenzada de acero inoxidable con PTFE: flexible y resistente a la corrosi\u00f3n"},"content":{"rendered":"<div class=\"product-description\">\n<h2>Introducci\u00f3n a la manguera trenzada de acero inoxidable PTFE Premium<\/h2>\n<p>Bienvenido a <strong>Tefl\u00f3n X<\/strong>su principal destino para soluciones de transferencia de fluidos industriales de alto rendimiento. Nuestro producto estrella, el <strong>Manguera trenzada de acero inoxidable PTFE<\/strong>, representa el pin\u00e1culo de la ingenier\u00eda para aplicaciones cr\u00edticas que implican medios agresivos, altas temperaturas y alta presi\u00f3n. Tanto si gestiona complejas tuber\u00edas de procesamiento qu\u00edmico como exigentes operaciones mineras, nuestras mangueras proporcionan la fiabilidad y seguridad que requiere su infraestructura.<\/p>\n<p>La principal ventaja de nuestro <strong>manguera de PTFE trenzada<\/strong> radica en su construcci\u00f3n \u00fanica. Combina un revestimiento de PTFE (politetrafluoroetileno) qu\u00edmicamente inerte con una robusta cubierta exterior de acero inoxidable corrugado. Este dise\u00f1o de doble capa garantiza que la manguera siga siendo impermeable a casi todos los productos qu\u00edmicos industriales, al tiempo que mantiene la integridad estructural bajo tensi\u00f3n. Como proveedor l\u00edder, Teflon X se dedica a proporcionar un <strong>manguera flexible de tefl\u00f3n<\/strong> que supera las normas del sector.<\/p>\n<h3>\u00bfPor qu\u00e9 elegir nuestra manguera de tefl\u00f3n trenzada de acero inoxidable?<\/h3>\n<p>En el mundo de las mangueras industriales, la versatilidad y la durabilidad son primordiales. Nuestra <strong>manguera de tefl\u00f3n trenzada de acero inoxidable<\/strong> est\u00e1 dise\u00f1ado espec\u00edficamente para afrontar los retos m\u00e1s dif\u00edciles. A diferencia de las mangueras est\u00e1ndar de goma o metal, el revestimiento de PTFE ofrece una superficie antiadherente con un coeficiente de fricci\u00f3n extremadamente bajo. Esto significa caudales m\u00e1s r\u00e1pidos y cero acumulaci\u00f3n de residuos, lo que es crucial para mantener la pureza en aplicaciones farmac\u00e9uticas y de procesamiento de alimentos.<\/p>\n<p>Adem\u00e1s, la flexibilidad de nuestro <strong>mangueras enroscadas<\/strong> les permite absorber importantes desplazamientos axiales y laterales. Esto las convierte en la soluci\u00f3n ideal para sistemas de tuber\u00edas que experimentan vibraciones, dilataciones t\u00e9rmicas o desalineaciones. Si su sistema requiere un <strong>Manguera flexible revestida de PTFE<\/strong> que puedan soportar movimientos continuos sin fatigarse, Teflon X tiene la soluci\u00f3n.<\/p>\n<h3>Principales caracter\u00edsticas y aplicaciones<\/h3>\n<p>Nuestro <strong>Manguera corrugada de PTFE<\/strong> est\u00e1 dise\u00f1ado para resistir algunas de las sustancias m\u00e1s corrosivas conocidas por el hombre. Soporta eficazmente el \u00e1cido sulf\u00farico concentrado, el cloro gaseoso, el hidr\u00f3xido de sodio e incluso el agua regia. Esta resistencia qu\u00edmica hace que nuestro <strong>manguera trenzada de tefl\u00f3n<\/strong> un componente indispensable en las industrias qu\u00edmica, petroqu\u00edmica y de semiconductores.<\/p>\n<ul>\n<li><strong>Resistencia qu\u00edmica extrema:<\/strong> La naturaleza inerte del n\u00facleo de PTFE garantiza la compatibilidad con pr\u00e1cticamente todos los productos qu\u00edmicos.<\/li>\n<li><strong>Rendimiento a altas temperaturas:<\/strong> Funciona eficazmente a temperaturas extremas, desde las m\u00e1s bajas hasta las m\u00e1s altas.<\/li>\n<li><strong>Flexibilidad superior:<\/strong> El enrevesado dise\u00f1o de nuestro <strong>manguera flexible de tefl\u00f3n<\/strong> garantiza una f\u00e1cil instalaci\u00f3n en espacios reducidos.<\/li>\n<li><strong>Resistencia a la abrasi\u00f3n:<\/strong> Existen modelos especializados para aplicaciones mineras en las que el desgaste externo es un problema.<\/li>\n<\/ul>\n<h3>Especificaciones t\u00e9cnicas<\/h3>\n<p>Para ayudarle a elegir el <strong>Manguera trenzada de acero inoxidable PTFE<\/strong> para sus necesidades espec\u00edficas, consulte las especificaciones generales que figuran a continuaci\u00f3n. Para tama\u00f1os personalizados o presiones nominales espec\u00edficas, p\u00f3ngase en contacto con nuestro equipo de ingenier\u00eda.<\/p>\n<table style=\"width: 100%; border-collapse: collapse; margin-bottom: 20px;\" border=\"1\" cellspacing=\"0\" cellpadding=\"10\">\n<thead>\n<tr style=\"background-color: #f2f2f2;\">\n<th>Par\u00e1metro<\/th>\n<th>Especificaciones<\/th>\n<\/tr>\n<\/thead>\n<tbody>\n<tr>\n<td><strong>Material del n\u00facleo interno<\/strong><\/td>\n<td>PTFE virgen o PTFE conductor (antiest\u00e1tico)<\/td>\n<\/tr>\n<tr>\n<td><strong>Refuerzo exterior<\/strong><\/td>\n<td>Trenzado simple o doble de acero inoxidable (SS304 \/ SS316)<\/td>\n<\/tr>\n<tr>\n<td><strong>Rango de temperatura<\/strong><\/td>\n<td>-70\u00b0C a +260\u00b0C (-94\u00b0F a +500\u00b0F)<\/td>\n<\/tr>\n<tr>\n<td><strong>Clasificaci\u00f3n de presi\u00f3n<\/strong><\/td>\n<td>Hasta 250 bares (seg\u00fan el di\u00e1metro y las capas de trenzado)<\/td>\n<\/tr>\n<tr>\n<td><strong>Di\u00e1metros est\u00e1ndar<\/strong><\/td>\n<td>1\/4\u2033 (DN6) a 4\u2033 (DN100)<\/td>\n<\/tr>\n<tr>\n<td><strong>Racores\/Conexiones<\/strong><\/td>\n<td>Bridas, Camlocks, Roscados (NPT\/BSP), Triclamp, JIC<\/td>\n<\/tr>\n<tr>\n<td><strong>Factor de seguridad<\/strong><\/td>\n<td>4:1 (presi\u00f3n de rotura\/presi\u00f3n de trabajo)<\/td>\n<\/tr>\n<\/tbody>\n<\/table>\n<h3>Durabilidad en entornos dif\u00edciles<\/h3>\n<p>En industrias como la miner\u00eda o los sistemas de desulfuraci\u00f3n de gases de combusti\u00f3n, las mangueras est\u00e1ndar suelen fallar debido a la abrasi\u00f3n o a los ataques qu\u00edmicos. Nuestras mangueras resistentes a la abrasi\u00f3n <strong>manguera de PTFE trenzada<\/strong> Los modelos incorporan capas de protecci\u00f3n externa a\u00f1adidas para resistir el desgaste f\u00edsico. La integraci\u00f3n de una trenza de acero inoxidable no solo proporciona resistencia a la presi\u00f3n, sino que tambi\u00e9n act\u00faa como escudo contra da\u00f1os mec\u00e1nicos externos.<\/p>\n<p>Cuando se trabaja con \"medios agresivos\", la seguridad no puede verse comprometida. Una fuga en una tuber\u00eda que transporta cloro gaseoso o \u00e1cido concentrado puede ser catastr\u00f3fica. Por eso, cada <strong>Manguera flexible revestida de PTFE<\/strong> fabricados por Teflon X se someten a rigurosas pruebas, incluidas pruebas de presi\u00f3n hidrost\u00e1tica y comprobaciones de continuidad, lo que garantiza que usted reciba un producto sin defectos.<\/p>\n<h3>P\u00f3ngase en contacto con Teflon X para obtener soluciones personalizadas<\/h3>\n<p>En Teflon X, sabemos que cada proyecto es \u00fanico. Tanto si necesita un <strong>manguera enrollada<\/strong> o un conjunto dise\u00f1ado a medida <strong>Manguera corrugada de PTFE<\/strong> con accesorios finales espec\u00edficos, nuestro equipo est\u00e1 preparado para ayudarle. Nos enorgullecemos de ofrecer plazos de entrega r\u00e1pidos y una atenci\u00f3n al cliente excepcional.<\/p>\n<p>No se conforme con componentes de transferencia de fluidos de calidad inferior. P\u00e1sese a la fiabilidad de un <strong>manguera trenzada de tefl\u00f3n<\/strong> hoy.<\/p>\n<p style=\"text-align: center; font-size: 1.2em; margin-top: 30px;\"><strong>\u00bfQuiere hacer un pedido o necesita asesoramiento t\u00e9cnico?<\/strong><br \/>\n<a style=\"color: #0073aa; text-decoration: underline;\" href=\"https:\/\/teflonx.com\/es\/contactanos\/\" target=\"_blank\" rel=\"noopener noreferrer\"><strong>Haga clic aqu\u00ed para visitar nuestra p\u00e1gina de contacto<\/strong><\/a><\/p>\n<p style=\"text-align: center;\">O env\u00ede un correo electr\u00f3nico directamente a nuestro especialista en ventas a<br \/>\n<a style=\"color: #0073aa;\" href=\"mailto:allison.ye@teflonx.com\"><strong>allison.ye@teflonx.com<\/strong><\/a><\/p>\n<p style=\"text-align: center; font-size: 0.9em; margin-top: 20px;\"><em>M\u00e1s informaci\u00f3n en <a style=\"color: #0073aa;\" href=\"https:\/\/teflonx.com\/es\/\" target=\"_blank\" rel=\"noopener noreferrer\">Sitio web oficial de Teflon X<\/a>.<\/em><\/p>\n<\/div>","protected":false},"excerpt":{"rendered":"<p>Dise\u00f1ado para medios agresivos, este <strong>Manguera trenzada de acero inoxidable PTFE<\/strong> Combina un n\u00facleo de PTFE qu\u00edmicamente inerte con una carcasa de acero inoxidable corrugado. <strong>manguera flexible de tefl\u00f3n<\/strong>\u00a0Su estructura soporta desplazamientos axiales y laterales, ideal para tuber\u00edas en miner\u00eda (modelos resistentes a la abrasi\u00f3n) o sistemas de gases de combusti\u00f3n. Resiste \u00e1cido sulf\u00farico concentrado, cloro gaseoso y agua regia.<\/p>","protected":false},"featured_media":519,"comment_status":"open","ping_status":"closed","template":"","meta":{"site-sidebar-layout":"default","site-content-layout":"","ast-site-content-layout":"default","site-content-style":"default","site-sidebar-style":"default","ast-global-header-display":"","ast-banner-title-visibility":"","ast-main-header-display":"","ast-hfb-above-header-display":"","ast-hfb-below-header-display":"","ast-hfb-mobile-header-display":"","site-post-title":"","ast-breadcrumbs-content":"","ast-featured-img":"","footer-sml-layout":"","ast-disable-related-posts":"","theme-transparent-header-meta":"default","adv-header-id-meta":"","stick-header-meta":"","header-above-stick-meta":"","header-main-stick-meta":"","header-below-stick-meta":"","astra-migrate-meta-layouts":"set","ast-page-background-enabled":"default","ast-page-background-meta":{"desktop":{"background-color":"var(--ast-global-color-5)","background-image":"","background-repeat":"repeat","background-position":"center center","background-size":"auto","background-attachment":"scroll","background-type":"","background-media":"","overlay-type":"","overlay-color":"","overlay-opacity":"","overlay-gradient":""},"tablet":{"background-color":"","background-image":"","background-repeat":"repeat","background-position":"center center","background-size":"auto","background-attachment":"scroll","background-type":"","background-media":"","overlay-type":"","overlay-color":"","overlay-opacity":"","overlay-gradient":""},"mobile":{"background-color":"","background-image":"","background-repeat":"repeat","background-position":"center center","background-size":"auto","background-attachment":"scroll","background-type":"","background-media":"","overlay-type":"","overlay-color":"","overlay-opacity":"","overlay-gradient":""}},"ast-content-background-meta":{"desktop":{"background-color":"var(--ast-global-color-4)","background-image":"","background-repeat":"repeat","background-position":"center center","background-size":"auto","background-attachment":"scroll","background-type":"","background-media":"","overlay-type":"","overlay-color":"","overlay-opacity":"","overlay-gradient":""},"tablet":{"background-color":"var(--ast-global-color-4)","background-image":"","background-repeat":"repeat","background-position":"center center","background-size":"auto","background-attachment":"scroll","background-type":"","background-media":"","overlay-type":"","overlay-color":"","overlay-opacity":"","overlay-gradient":""},"mobile":{"background-color":"var(--ast-global-color-4)","background-image":"","background-repeat":"repeat","background-position":"center center","background-size":"auto","background-attachment":"scroll","background-type":"","background-media":"","overlay-type":"","overlay-color":"","overlay-opacity":"","overlay-gradient":""}}},"product_brand":[290],"product_cat":[42],"product_tag":[165,167,171,170,172,168,169,166],"class_list":{"0":"post-529","1":"product","2":"type-product","3":"status-publish","4":"has-post-thumbnail","6":"product_brand-teflon-x","7":"product_cat-ptfe-corrugated-hoses","8":"product_tag-braided-ptfe-hose","9":"product_tag-convoluted-hoses","10":"product_tag-flexible-teflon-hose","11":"product_tag-ptfe-corrugated-hose","12":"product_tag-ptfe-lined-flexible-hose","13":"product_tag-ptfe-stainless-steel-braided-hose","14":"product_tag-stainless-steel-braided-teflon-hose","15":"product_tag-teflon-braided-hose","16":"desktop-align-left","17":"tablet-align-left","18":"mobile-align-left","20":"first","21":"instock","22":"shipping-taxable","23":"product-type-simple"},"_links":{"self":[{"href":"https:\/\/teflonx.com\/es\/wp-json\/wp\/v2\/product\/529","targetHints":{"allow":["GET"]}}],"collection":[{"href":"https:\/\/teflonx.com\/es\/wp-json\/wp\/v2\/product"}],"about":[{"href":"https:\/\/teflonx.com\/es\/wp-json\/wp\/v2\/types\/product"}],"replies":[{"embeddable":true,"href":"https:\/\/teflonx.com\/es\/wp-json\/wp\/v2\/comments?post=529"}],"wp:featuredmedia":[{"embeddable":true,"href":"https:\/\/teflonx.com\/es\/wp-json\/wp\/v2\/media\/519"}],"wp:attachment":[{"href":"https:\/\/teflonx.com\/es\/wp-json\/wp\/v2\/media?parent=529"}],"wp:term":[{"taxonomy":"product_brand","embeddable":true,"href":"https:\/\/teflonx.com\/es\/wp-json\/wp\/v2\/product_brand?post=529"},{"taxonomy":"product_cat","embeddable":true,"href":"https:\/\/teflonx.com\/es\/wp-json\/wp\/v2\/product_cat?post=529"},{"taxonomy":"product_tag","embeddable":true,"href":"https:\/\/teflonx.com\/es\/wp-json\/wp\/v2\/product_tag?post=529"}],"curies":[{"name":"wp","href":"https:\/\/api.w.org\/{rel}","templated":true}]}}