{"id":553,"date":"2025-04-06T16:06:36","date_gmt":"2025-04-06T16:06:36","guid":{"rendered":"https:\/\/teflonx.com\/?post_type=product&#038;p=553"},"modified":"2025-12-29T01:00:15","modified_gmt":"2025-12-29T01:00:15","slug":"tubo-de-teflon-de-alta-temperatura","status":"publish","type":"product","link":"https:\/\/teflonx.com\/es\/product\/tubo-de-teflon-de-alta-temperatura\/","title":{"rendered":"Tubo de tefl\u00f3n de alta temperatura | Manguito aislante de PTFE para electr\u00f3nica"},"content":{"rendered":"<h2>Tubo de tefl\u00f3n de alta temperatura | Manguito aislante de PTFE para electr\u00f3nica<\/h2>\n<p>Bienvenido a <strong><a href=\"https:\/\/teflonx.com\/es\/\" target=\"_blank\" rel=\"noopener\">Tefl\u00f3n X<\/a><\/strong>, su l\u00edder en la industria <strong>fabricante de tubos de PTFE<\/strong> especializada en soluciones de aislamiento de alto rendimiento. En los sectores en r\u00e1pida evoluci\u00f3n de la fabricaci\u00f3n electr\u00f3nica global, la ingenier\u00eda aeroespacial y la producci\u00f3n de semiconductores, la protecci\u00f3n de componentes sensibles es primordial. Nuestro <strong>Tubo de tefl\u00f3n para altas temperaturas<\/strong> act\u00faa como la barrera definitiva, ofreciendo propiedades diel\u00e9ctricas superiores combinadas con la robusta protecci\u00f3n mec\u00e1nica de un <strong>manguera de tefl\u00f3n trenzada de acero inoxidable<\/strong>.<\/p>\n<p>Mientras que los tubos de pl\u00e1stico est\u00e1ndar a menudo se funden o degradan bajo carga el\u00e9ctrica o estr\u00e9s t\u00e9rmico, nuestro producto de calidad superior <strong>tubos de politetrafluoroetileno<\/strong> sobresale en estos entornos. Es la opci\u00f3n preferida para el aislamiento de cables de alta tensi\u00f3n, la protecci\u00f3n de mazos de cables en aeronaves y el blindaje de componentes de semiconductores delicados frente a riesgos ambientales.<\/p>\n<h3>Propiedades diel\u00e9ctricas superiores para la electr\u00f3nica<\/h3>\n<p>La principal ventaja de utilizar un <strong>tubo de PTFE<\/strong> en aplicaciones electr\u00f3nicas es su excepcional capacidad de aislamiento el\u00e9ctrico. El PTFE tiene una constante diel\u00e9ctrica baja y una alta rigidez diel\u00e9ctrica, lo que significa que previene eficazmente el arco el\u00e9ctrico y la interferencia de se\u00f1ales. Esto convierte a nuestro <strong>tubo de tefl\u00f3n PTFE<\/strong> un componente esencial para cables coaxiales, l\u00edneas de se\u00f1al de alta frecuencia e interconexiones de alta tensi\u00f3n.<\/p>\n<p>A diferencia de los aislantes de menor calidad, nuestro <strong>tubo flexible de PTFE<\/strong> mantiene estas propiedades el\u00e9ctricas en una amplia gama de frecuencias y temperaturas. Ya sea que se utilice como una simple funda aislante o como el n\u00facleo de un <strong>manguera revestida de PTFE<\/strong> para sistemas de refrigeraci\u00f3n l\u00edquida en supercomputadoras, el material garantiza un rendimiento estable y fiable.<\/p>\n<h3>Estabilidad t\u00e9rmica extrema<\/h3>\n<p>La gesti\u00f3n del calor es un desaf\u00edo cr\u00edtico en la electr\u00f3nica moderna. Nuestro <strong>tubo de tefl\u00f3n<\/strong> est\u00e1 dise\u00f1ado para soportar condiciones t\u00e9rmicas extremas. Como se destaca en nuestra descripci\u00f3n del producto, el material de PTFE virgen puede soportar temperaturas tan bajas como -200 \u00b0C y tan altas como +260 \u00b0C. Esto lo hace perfecto para aplicaciones criog\u00e9nicas en computaci\u00f3n cu\u00e1ntica o entornos de alto calor cerca de motores de combusti\u00f3n.<\/p>\n<p>Para nuestros ensamblajes trenzados espec\u00edficos, que ofrecen una integridad estructural mejorada, el rango operativo se mantiene robusto. Esta resiliencia t\u00e9rmica asegura que el <strong>tubos de politetrafluoroetileno<\/strong> no se agrietar\u00e1, fundir\u00e1 ni deformar\u00e1, incluso cuando se someta a ciclos t\u00e9rmicos en procesos de soldadura o maniobras aeroespaciales.<\/p>\n<h3>Protecci\u00f3n mec\u00e1nica: la ventaja del trenzado<\/h3>\n<p>Para aplicaciones que requieren m\u00e1s que un simple aislamiento el\u00e9ctrico, ofrecemos el <strong>manguera de tefl\u00f3n trenzada de acero inoxidable<\/strong>. En entornos industriales exigentes, los cables y conductores corren el riesgo de sufrir abrasi\u00f3n, cortes y aplastamientos. El trenzado de acero inoxidable act\u00faa como una armadura flexible, protegiendo el interior <strong>tubo de PTFE<\/strong> y los cables de su interior frente a da\u00f1os f\u00edsicos.<\/p>\n<p>A pesar de este refuerzo de alta resistencia, el producto sigue siendo una <strong>tubo flexible de PTFE<\/strong> soluci\u00f3n. Permite un enrutamiento ajustado dentro de recintos electr\u00f3nicos compactos sin comprometer la barrera de aislamiento ni el flujo de l\u00edquidos refrigerantes.<\/p>\n<h3>Especificaciones del producto<\/h3>\n<p>En <strong>Tefl\u00f3n X<\/strong>, cumplimos con estrictos est\u00e1ndares de fabricaci\u00f3n. A continuaci\u00f3n se detallan los par\u00e1metros t\u00e9cnicos de nuestra serie de tubos de tefl\u00f3n para altas temperaturas:<\/p>\n<table style=\"border-collapse: collapse; width: 100%; border: 1px solid #ddd; margin-bottom: 25px;\">\n<tbody>\n<tr style=\"background-color: #f9f9f9;\">\n<td style=\"padding: 12px; border: 1px solid #ddd;\"><strong>Marca<\/strong><\/td>\n<td style=\"padding: 12px; border: 1px solid #ddd;\">Tefl\u00f3n X<\/td>\n<\/tr>\n<tr>\n<td style=\"padding: 12px; border: 1px solid #ddd;\"><strong>Material<\/strong><\/td>\n<td style=\"padding: 12px; border: 1px solid #ddd;\">Ptfe \/ politetrafluoroetileno<\/td>\n<\/tr>\n<tr style=\"background-color: #f9f9f9;\">\n<td style=\"padding: 12px; border: 1px solid #ddd;\"><strong>ID del tubo (di\u00e1metro interior)<\/strong><\/td>\n<td style=\"padding: 12px; border: 1px solid #ddd;\">6,3 ~ 25,4 mm<\/td>\n<\/tr>\n<tr>\n<td style=\"padding: 12px; border: 1px solid #ddd;\"><strong>Rango de temperatura<\/strong><\/td>\n<td style=\"padding: 12px; border: 1px solid #ddd;\">-70 a +260 \u00b0C<\/td>\n<\/tr>\n<tr style=\"background-color: #f9f9f9;\">\n<td style=\"padding: 12px; border: 1px solid #ddd;\"><strong>Caracter\u00edsticas<\/strong><\/td>\n<td style=\"padding: 12px; border: 1px solid #ddd;\">Resistencia a la corrosi\u00f3n, resistencia a altas y bajas temperaturas, resistencia a altas presiones, blando<\/td>\n<\/tr>\n<\/tbody>\n<\/table>\n<h3>Cumplimiento Global y Seguridad<\/h3>\n<p>Entendemos que la industria electr\u00f3nica se rige por normativas estrictas. Nuestro <strong>tubo de tefl\u00f3n PTFE<\/strong> cumple totalmente con la normativa RoHS, lo que garantiza que no contiene sustancias peligrosas como plomo o mercurio. Adem\u00e1s, nuestros procesos de fabricaci\u00f3n se alinean con los est\u00e1ndares de certificaci\u00f3n UL de inflamabilidad y seguridad. Cuando especifica un <strong>manguera revestida de PTFE<\/strong> de Teflon X, est\u00e1 eligiendo un producto que cumple con los requisitos globales de seguridad y responsabilidad medioambiental.<\/p>\n<h3>\u00bfPor qu\u00e9 elegir Teflon X?<\/h3>\n<p><strong>1. Fabricaci\u00f3n Experta:<\/strong> Como fabricante dedicado <strong>fabricante de tubos de PTFE<\/strong>, contamos con la experiencia para producir tuber\u00edas con un espesor de pared y concentricidad constantes, vitales para el aislamiento de alta tensi\u00f3n.<br \/>\n<strong>2. Soluciones Personalizadas:<\/strong> Ya sea que necesite una simple funda aislante o un complejo sistema <strong>manguera de tefl\u00f3n trenzada de acero inoxidable<\/strong> para refrigeraci\u00f3n l\u00edquida, podemos personalizar longitudes y di\u00e1metros (DI 6,3 mm \u2013 25,4 mm).<br \/>\n<strong>3. Fiabilidad:<\/strong> Nuestro <strong>tubo de tefl\u00f3n<\/strong> se somete a pruebas para garantizar que permanezca \u00absuave\u00bb y flexible, proporcionando al mismo tiempo la m\u00e1xima durabilidad.<\/p>\n<h3>Cont\u00e1ctenos<\/h3>\n<p>Garantice la longevidad y seguridad de sus sistemas electr\u00f3nicos con productos de alto rendimiento <strong>tubos de politetrafluoroetileno<\/strong>. P\u00f3ngase en contacto con los expertos de Teflon X hoy mismo.<\/p>\n<p><strong>Correo electr\u00f3nico:<\/strong> <a href=\"mailto:allison.ye@teflonx.com\">allison.ye@teflonx.com<\/a><br \/>\n<strong>Sitio web:<\/strong> <a href=\"https:\/\/teflonx.com\/es\/\" target=\"_blank\" rel=\"noopener\">https:\/\/teflonx.com\/<\/a><br \/>\n<strong>P\u00e1gina de contacto:<\/strong> <a href=\"https:\/\/teflonx.com\/es\/contactanos\/\" target=\"_blank\" rel=\"noopener\">Obtenga una cotizaci\u00f3n hoy<\/a><\/p>","protected":false},"excerpt":{"rendered":"<p>El tubo de tefl\u00f3n de alta temperatura ofrece propiedades diel\u00e9ctricas superiores para aislar cables de alta tensi\u00f3n y componentes semiconductores. Soporta temperaturas extremas (de -200 \u00b0C a +260 \u00b0C) manteniendo su flexibilidad. Con certificaci\u00f3n UL y cumplimiento con RoHS para la fabricaci\u00f3n global de productos electr\u00f3nicos.<\/p>","protected":false},"featured_media":538,"comment_status":"open","ping_status":"closed","template":"","meta":{"site-sidebar-layout":"default","site-content-layout":"","ast-site-content-layout":"default","site-content-style":"default","site-sidebar-style":"default","ast-global-header-display":"","ast-banner-title-visibility":"","ast-main-header-display":"","ast-hfb-above-header-display":"","ast-hfb-below-header-display":"","ast-hfb-mobile-header-display":"","site-post-title":"","ast-breadcrumbs-content":"","ast-featured-img":"","footer-sml-layout":"","ast-disable-related-posts":"","theme-transparent-header-meta":"default","adv-header-id-meta":"","stick-header-meta":"","header-above-stick-meta":"","header-main-stick-meta":"","header-below-stick-meta":"","astra-migrate-meta-layouts":"set","ast-page-background-enabled":"default","ast-page-background-meta":{"desktop":{"background-color":"var(--ast-global-color-5)","background-image":"","background-repeat":"repeat","background-position":"center center","background-size":"auto","background-attachment":"scroll","background-type":"","background-media":"","overlay-type":"","overlay-color":"","overlay-opacity":"","overlay-gradient":""},"tablet":{"background-color":"","background-image":"","background-repeat":"repeat","background-position":"center center","background-size":"auto","background-attachment":"scroll","background-type":"","background-media":"","overlay-type":"","overlay-color":"","overlay-opacity":"","overlay-gradient":""},"mobile":{"background-color":"","background-image":"","background-repeat":"repeat","background-position":"center center","background-size":"auto","background-attachment":"scroll","background-type":"","background-media":"","overlay-type":"","overlay-color":"","overlay-opacity":"","overlay-gradient":""}},"ast-content-background-meta":{"desktop":{"background-color":"var(--ast-global-color-4)","background-image":"","background-repeat":"repeat","background-position":"center center","background-size":"auto","background-attachment":"scroll","background-type":"","background-media":"","overlay-type":"","overlay-color":"","overlay-opacity":"","overlay-gradient":""},"tablet":{"background-color":"var(--ast-global-color-4)","background-image":"","background-repeat":"repeat","background-position":"center center","background-size":"auto","background-attachment":"scroll","background-type":"","background-media":"","overlay-type":"","overlay-color":"","overlay-opacity":"","overlay-gradient":""},"mobile":{"background-color":"var(--ast-global-color-4)","background-image":"","background-repeat":"repeat","background-position":"center center","background-size":"auto","background-attachment":"scroll","background-type":"","background-media":"","overlay-type":"","overlay-color":"","overlay-opacity":"","overlay-gradient":""}}},"product_brand":[290],"product_cat":[40],"product_tag":[179,174,177,176,173,178,169,175],"class_list":{"0":"post-553","1":"product","2":"type-product","3":"status-publish","4":"has-post-thumbnail","6":"product_brand-teflon-x","7":"product_cat-ptfe-tubes","8":"product_tag-flexible-ptfe-tubing","9":"product_tag-polytetrafluoroethylene-tubing","10":"product_tag-ptfe-lined-hose","11":"product_tag-ptfe-teflon-tubing","12":"product_tag-ptfe-tube","13":"product_tag-ptfe-tube-manufacturer","14":"product_tag-stainless-steel-braided-teflon-hose","15":"product_tag-teflon-tubing","16":"desktop-align-left","17":"tablet-align-left","18":"mobile-align-left","20":"first","21":"instock","22":"shipping-taxable","23":"product-type-simple"},"_links":{"self":[{"href":"https:\/\/teflonx.com\/es\/wp-json\/wp\/v2\/product\/553","targetHints":{"allow":["GET"]}}],"collection":[{"href":"https:\/\/teflonx.com\/es\/wp-json\/wp\/v2\/product"}],"about":[{"href":"https:\/\/teflonx.com\/es\/wp-json\/wp\/v2\/types\/product"}],"replies":[{"embeddable":true,"href":"https:\/\/teflonx.com\/es\/wp-json\/wp\/v2\/comments?post=553"}],"wp:featuredmedia":[{"embeddable":true,"href":"https:\/\/teflonx.com\/es\/wp-json\/wp\/v2\/media\/538"}],"wp:attachment":[{"href":"https:\/\/teflonx.com\/es\/wp-json\/wp\/v2\/media?parent=553"}],"wp:term":[{"taxonomy":"product_brand","embeddable":true,"href":"https:\/\/teflonx.com\/es\/wp-json\/wp\/v2\/product_brand?post=553"},{"taxonomy":"product_cat","embeddable":true,"href":"https:\/\/teflonx.com\/es\/wp-json\/wp\/v2\/product_cat?post=553"},{"taxonomy":"product_tag","embeddable":true,"href":"https:\/\/teflonx.com\/es\/wp-json\/wp\/v2\/product_tag?post=553"}],"curies":[{"name":"WP","href":"https:\/\/api.w.org\/{rel}","templated":true}]}}