{"id":630,"date":"2025-04-13T05:59:47","date_gmt":"2025-04-13T05:59:47","guid":{"rendered":"https:\/\/teflonx.com\/?post_type=product&#038;p=630"},"modified":"2025-12-29T01:25:25","modified_gmt":"2025-12-29T01:25:25","slug":"linea-de-combustible-trenzada","status":"publish","type":"product","link":"https:\/\/teflonx.com\/es\/product\/linea-de-combustible-trenzada\/","title":{"rendered":"Manguera de combustible trenzada: manguera de PTFE antiest\u00e1tica con refuerzo de acero inoxidable"},"content":{"rendered":"<h1>Manguera de combustible trenzada: manguera de PTFE antiest\u00e1tica con refuerzo de acero inoxidable<\/h1>\n<p><strong>Tefl\u00f3n X<\/strong> presenta con orgullo el <strong>L\u00ednea de combustible trenzada<\/strong>de alto rendimiento <strong>manguera de PTFE antiest\u00e1tica<\/strong> dise\u00f1ado para satisfacer las exigentes necesidades de los modernos sistemas de transferencia de combustible y gas. Este <em>tubo trenzado conductor<\/em> disipa eficazmente la acumulaci\u00f3n de electricidad est\u00e1tica, reduciendo significativamente el riesgo de explosiones peligrosas. Reforzada con acero inoxidable de primera calidad, esta manguera ofrece una resistencia mec\u00e1nica y una flexibilidad excepcionales, lo que la convierte en la opci\u00f3n ideal para una gran variedad de aplicaciones industriales y de automoci\u00f3n.<\/p>\n<h2>Descripci\u00f3n general del producto<\/h2>\n<p>El <strong>l\u00ednea de combustible trenzada<\/strong> de Teflon X est\u00e1 dise\u00f1ado con un n\u00facleo conductor de PTFE combinado con una robusta capa de refuerzo de acero inoxidable. Esta construcci\u00f3n \u00fanica garantiza una excelente disipaci\u00f3n electrost\u00e1tica al tiempo que proporciona una resistencia superior a la abrasi\u00f3n, la corrosi\u00f3n y la alta presi\u00f3n. La superficie interior lisa del tubo de PTFE evita la adhesi\u00f3n de part\u00edculas y la contaminaci\u00f3n, manteniendo la pureza del fluido y la integridad del sistema. Tanto si se utiliza como tuber\u00eda flexible de gas o como tuber\u00eda trenzada de combustible, esta manguera ofrece un rendimiento fiable y una mayor seguridad en entornos cr\u00edticos.<\/p>\n<h2>Par\u00e1metros del producto<\/h2>\n<ul>\n<li><strong>Marca:<\/strong> Tefl\u00f3n X<\/li>\n<li><strong>Material:<\/strong> PTFE conductor antiest\u00e1tico \/ Acero inoxidable 304<\/li>\n<li><strong>ID (di\u00e1metro interior):<\/strong> 2~60mm<\/li>\n<li><strong>Rango de temperatura:<\/strong> -70 a +260\u00b0C<\/li>\n<li><strong>Color:<\/strong> Negro<\/li>\n<li><strong>Caracter\u00edsticas:<\/strong> Antiest\u00e1tico, resistente a la corrosi\u00f3n, resistente a altas y bajas temperaturas, antiadherente<\/li>\n<\/ul>\n<h2>Caracter\u00edsticas y beneficios clave<\/h2>\n<ul>\n<li><strong>Protecci\u00f3n antiest\u00e1tica:<\/strong> El tubo trenzado conductor disipa eficazmente la electricidad est\u00e1tica, eliminando el riesgo de ignici\u00f3n relacionada con la est\u00e1tica y garantizando la seguridad en las operaciones de manipulaci\u00f3n de combustible y transferencia de gas.<\/li>\n<li><strong>Refuerzo de acero inoxidable:<\/strong> El trenzado de acero inoxidable 304 a\u00f1ade resistencia mec\u00e1nica, flexibilidad y resistencia a la abrasi\u00f3n, prolongando la vida \u00fatil de la manguera incluso en condiciones dif\u00edciles.<\/li>\n<li><strong>Amplio rango de temperatura:<\/strong> Capaz de funcionar entre -70\u00b0C y +260\u00b0C, esta manguera es adecuada para su uso en entornos de fr\u00edo extremo y altas temperaturas sin comprometer su rendimiento.<\/li>\n<li><strong>Resistencia a la corrosi\u00f3n y a los productos qu\u00edmicos:<\/strong> La combinaci\u00f3n de trenzado de PTFE y acero inoxidable garantiza una resistencia excepcional frente a productos qu\u00edmicos, combustibles y sustancias corrosivas.<\/li>\n<li><strong>Superficie interior antiadherente:<\/strong> La superficie lisa del PTFE evita los dep\u00f3sitos y la contaminaci\u00f3n, lo que facilita la limpieza y mantiene la pureza de los fluidos transferidos.<\/li>\n<li><strong>Instalaci\u00f3n flexible y sencilla:<\/strong> A pesar de su construcci\u00f3n reforzada, la manguera sigue siendo muy flexible para facilitar su instalaci\u00f3n en trazados confinados o complejos.<\/li>\n<\/ul>\n<h2>Aplicaciones<\/h2>\n<p>Este <strong>manguera de PTFE antiest\u00e1tica<\/strong> se utiliza ampliamente en diversas industrias y aplicaciones, entre otras:<\/p>\n<ul>\n<li>L\u00edneas de transferencia de combustible en maquinaria de automoci\u00f3n, aeroespacial e industrial<\/li>\n<li>L\u00edneas de gas flexibles que requieren tubos conductores seguros<\/li>\n<li>Plantas de procesamiento qu\u00edmico en las que la prevenci\u00f3n de descargas est\u00e1ticas es fundamental<\/li>\n<li>Sistemas hidr\u00e1ulicos y neum\u00e1ticos que requieren mangueras resistentes a la corrosi\u00f3n<\/li>\n<li>Laboratorios e industrias farmac\u00e9uticas que requieren tubos sin contaminaci\u00f3n<\/li>\n<\/ul>\n<h2>\u00bfPor qu\u00e9 elegir Teflon X?<\/h2>\n<p><strong>Tefl\u00f3n X<\/strong> se dedica a proporcionar soluciones de tuber\u00edas de PTFE conductoras de alta calidad que cumplen las rigurosas normas del sector. Nuestra <strong>l\u00ednea de combustible trenzada<\/strong> se somete a estrictos controles de calidad para garantizar su seguridad, durabilidad y rendimiento \u00f3ptimo. Tambi\u00e9n ofrecemos asistencia t\u00e9cnica especializada y opciones de fabricaci\u00f3n a medida para satisfacer los requisitos espec\u00edficos de su proyecto.<\/p>\n<h2>Informaci\u00f3n de contacto y pedidos<\/h2>\n<p>Para obtener m\u00e1s informaci\u00f3n o realizar un pedido del <strong>manguera PTFE trenzada antiest\u00e1tica<\/strong>visite nuestro sitio web oficial <a href=\"https:\/\/teflonx.com\/es\/\" target=\"_blank\" rel=\"noopener noreferrer\">https:\/\/teflonx.com\/<\/a>. Para consultas, asistencia t\u00e9cnica o solicitudes personalizadas, p\u00f3ngase en contacto con nosotros a trav\u00e9s de nuestra p\u00e1gina de contacto en <a href=\"https:\/\/teflonx.com\/es\/contactanos\/\" target=\"_blank\" rel=\"noopener noreferrer\">https:\/\/teflonx.com\/contact-us\/<\/a> o env\u00ede un correo electr\u00f3nico directamente a <a href=\"mailto:allison.ye@teflonx.com\">allison.ye@teflonx.com<\/a>. Conf\u00ede en <strong>Tefl\u00f3n X<\/strong> para sus necesidades de tubos conductores de PTFE.<\/p>","protected":false},"excerpt":{"rendered":"<p>Actualice a nuestro <strong>l\u00ednea de combustible trenzada<\/strong> para mayor seguridad y rendimiento. El <strong>manguera de PTFE antiest\u00e1tica<\/strong> Disipa la acumulaci\u00f3n de est\u00e1tica, previniendo explosiones. Esto <strong>tubo trenzado conductor<\/strong> Cuenta con un refuerzo de acero inoxidable para mayor resistencia. Tambi\u00e9n es una excelente opci\u00f3n como... <strong>l\u00ednea de gas flexible<\/strong>.<\/p>","protected":false},"featured_media":618,"comment_status":"open","ping_status":"closed","template":"","meta":{"site-sidebar-layout":"default","site-content-layout":"","ast-site-content-layout":"default","site-content-style":"default","site-sidebar-style":"default","ast-global-header-display":"","ast-banner-title-visibility":"","ast-main-header-display":"","ast-hfb-above-header-display":"","ast-hfb-below-header-display":"","ast-hfb-mobile-header-display":"","site-post-title":"","ast-breadcrumbs-content":"","ast-featured-img":"","footer-sml-layout":"","ast-disable-related-posts":"","theme-transparent-header-meta":"default","adv-header-id-meta":"","stick-header-meta":"","header-above-stick-meta":"","header-main-stick-meta":"","header-below-stick-meta":"","astra-migrate-meta-layouts":"set","ast-page-background-enabled":"default","ast-page-background-meta":{"desktop":{"background-color":"var(--ast-global-color-5)","background-image":"","background-repeat":"repeat","background-position":"center center","background-size":"auto","background-attachment":"scroll","background-type":"","background-media":"","overlay-type":"","overlay-color":"","overlay-opacity":"","overlay-gradient":""},"tablet":{"background-color":"","background-image":"","background-repeat":"repeat","background-position":"center center","background-size":"auto","background-attachment":"scroll","background-type":"","background-media":"","overlay-type":"","overlay-color":"","overlay-opacity":"","overlay-gradient":""},"mobile":{"background-color":"","background-image":"","background-repeat":"repeat","background-position":"center center","background-size":"auto","background-attachment":"scroll","background-type":"","background-media":"","overlay-type":"","overlay-color":"","overlay-opacity":"","overlay-gradient":""}},"ast-content-background-meta":{"desktop":{"background-color":"var(--ast-global-color-4)","background-image":"","background-repeat":"repeat","background-position":"center center","background-size":"auto","background-attachment":"scroll","background-type":"","background-media":"","overlay-type":"","overlay-color":"","overlay-opacity":"","overlay-gradient":""},"tablet":{"background-color":"var(--ast-global-color-4)","background-image":"","background-repeat":"repeat","background-position":"center center","background-size":"auto","background-attachment":"scroll","background-type":"","background-media":"","overlay-type":"","overlay-color":"","overlay-opacity":"","overlay-gradient":""},"mobile":{"background-color":"var(--ast-global-color-4)","background-image":"","background-repeat":"repeat","background-position":"center center","background-size":"auto","background-attachment":"scroll","background-type":"","background-media":"","overlay-type":"","overlay-color":"","overlay-opacity":"","overlay-gradient":""}}},"product_brand":[290],"product_cat":[40],"product_tag":[191,197,192,195,196,193,169,194],"class_list":{"0":"post-630","1":"product","2":"type-product","3":"status-publish","4":"has-post-thumbnail","6":"product_brand-teflon-x","7":"product_cat-ptfe-tubes","8":"product_tag-anti-static-braided-tube","9":"product_tag-braided-fuel-line","10":"product_tag-conductive-braided-tube","11":"product_tag-engine-coolant-line","12":"product_tag-flexible-gas-line","13":"product_tag-stainless-steel-braided-ptfe-hose","14":"product_tag-stainless-steel-braided-teflon-hose","15":"product_tag-stainless-steel-coolant-hose","16":"desktop-align-left","17":"tablet-align-left","18":"mobile-align-left","20":"first","21":"instock","22":"shipping-taxable","23":"product-type-simple"},"_links":{"self":[{"href":"https:\/\/teflonx.com\/es\/wp-json\/wp\/v2\/product\/630","targetHints":{"allow":["GET"]}}],"collection":[{"href":"https:\/\/teflonx.com\/es\/wp-json\/wp\/v2\/product"}],"about":[{"href":"https:\/\/teflonx.com\/es\/wp-json\/wp\/v2\/types\/product"}],"replies":[{"embeddable":true,"href":"https:\/\/teflonx.com\/es\/wp-json\/wp\/v2\/comments?post=630"}],"wp:featuredmedia":[{"embeddable":true,"href":"https:\/\/teflonx.com\/es\/wp-json\/wp\/v2\/media\/618"}],"wp:attachment":[{"href":"https:\/\/teflonx.com\/es\/wp-json\/wp\/v2\/media?parent=630"}],"wp:term":[{"taxonomy":"product_brand","embeddable":true,"href":"https:\/\/teflonx.com\/es\/wp-json\/wp\/v2\/product_brand?post=630"},{"taxonomy":"product_cat","embeddable":true,"href":"https:\/\/teflonx.com\/es\/wp-json\/wp\/v2\/product_cat?post=630"},{"taxonomy":"product_tag","embeddable":true,"href":"https:\/\/teflonx.com\/es\/wp-json\/wp\/v2\/product_tag?post=630"}],"curies":[{"name":"wp","href":"https:\/\/api.w.org\/{rel}","templated":true}]}}