{"id":658,"date":"2025-04-19T15:40:37","date_gmt":"2025-04-19T15:40:37","guid":{"rendered":"https:\/\/teflonx.com\/?post_type=product&#038;p=658"},"modified":"2026-01-01T14:57:35","modified_gmt":"2026-01-01T14:57:35","slug":"tubo-de-combustible-corrugado","status":"publish","type":"product","link":"https:\/\/teflonx.com\/es\/product\/tubo-de-combustible-corrugado\/","title":{"rendered":"Tubo de combustible corrugado para maquinaria industrial"},"content":{"rendered":"<h2>Tubo ondulado de combustible avanzado para maquinaria industrial y equipos pesados<\/h2>\n<p>En el implacable entorno de la fabricaci\u00f3n industrial y la maquinaria pesada, el fallo de un componente se traduce directamente en una p\u00e9rdida de ingresos. En <strong>Tefl\u00f3n X<\/strong>Entendemos que las l\u00edneas de vida de su maquinaria -las mangueras que transfieren combustible, aceite y fluidos hidr\u00e1ulicos- deben ser pr\u00e1cticamente indestructibles. Nuestra <strong>Tubo de combustible corrugado para maquinaria industrial<\/strong> est\u00e1 dise\u00f1ado para cumplir estas exigentes normas, combinando una flexibilidad superior con una protecci\u00f3n avanzada contra los riesgos medioambientales.<\/p>\n<p>Este producto representa el pin\u00e1culo de la tecnolog\u00eda de transferencia de fluidos, utilizando un <strong>manguera de combustible corrugada de PTFE<\/strong> que resuelve los problemas habituales asociados a las tuber\u00edas r\u00edgidas y las mangueras de goma est\u00e1ndar. Tanto si trabaja con generadores di\u00e9sel a gran escala como con m\u00e1quinas de moldeo por inyecci\u00f3n o l\u00edneas de montaje robotizadas, nuestras soluciones garantizan un funcionamiento ininterrumpido.<\/p>\n<h3>Soluci\u00f3n de problemas de desalineaci\u00f3n y vibraci\u00f3n<\/h3>\n<p>Una de las principales causas de fugas en la maquinaria industrial es la vibraci\u00f3n y el movimiento inherentes al funcionamiento de los motores. Las tuber\u00edas r\u00edgidas suelen agrietarse bajo esta tensi\u00f3n, y las mangueras de goma pueden fatigarse con el tiempo. En <strong>tubo de combustible corrugado<\/strong> de Teflon X es la soluci\u00f3n definitiva. Las circunvoluciones helicoidales del tubo interior proporcionan una flexibilidad excepcional, actuando como una junta de dilataci\u00f3n din\u00e1mica.<\/p>\n<p>Este dise\u00f1o compensa eficazmente los desajustes entre los puntos de conexi\u00f3n y absorbe las vibraciones de alta frecuencia generadas por los motores industriales. Al instalar nuestros <strong>l\u00ednea de combustible de PTFE<\/strong>De este modo, se a\u00edslan los sistemas de combustible del estr\u00e9s mec\u00e1nico, lo que reduce dr\u00e1sticamente el riesgo de fallos relacionados con la fatiga.<\/p>\n<h3>Blindaje EMI y estabilidad t\u00e9rmica<\/h3>\n<p>La maquinaria industrial moderna depende cada vez m\u00e1s de una electr\u00f3nica sofisticada. Una caracter\u00edstica \u00fanica de nuestra <strong>manguera de combustible de tefl\u00f3n<\/strong> es su capacidad de apantallamiento EMI (Interferencia Electromagn\u00e9tica). Cuando el combustible o el fluido hidr\u00e1ulico circulan a altas velocidades, pueden generar electricidad est\u00e1tica. Nuestras mangueras est\u00e1n disponibles con un revestimiento interior conductor (impregnado de carbono).<\/p>\n<p>Cuando se combina con nuestro trenzado de acero inoxidable de alta resistencia a la tracci\u00f3n, se crea una v\u00eda conductora que disipa de forma segura la carga est\u00e1tica a la toma de tierra del chasis, evitando la formaci\u00f3n de arcos est\u00e1ticos que podr\u00edan da\u00f1ar las unidades de control electr\u00f3nico (ECU) o los sensores sensibles. Adem\u00e1s, el <strong>manguera de combustible corrugada de PTFE<\/strong> ofrece una estabilidad t\u00e9rmica inigualable, manteniendo la integridad estructural a temperaturas ambiente que oscilan entre -70\u00b0C y +260\u00b0C, lo que lo hace ideal para maquinaria que funciona en fundiciones o cerca de hornos.<\/p>\n<h3>Resistencia qu\u00edmica y mantenimiento<\/h3>\n<p>Los entornos industriales suelen estar contaminados con productos qu\u00edmicos agresivos. El sitio <strong>l\u00ednea de combustible de PTFE<\/strong> core es qu\u00edmicamente inerte, lo que significa que es impermeable a los combustibles, aceites sint\u00e9ticos, disolventes y agentes de limpieza. A diferencia del caucho, que puede hincharse o degradarse cuando se expone a los aditivos de los combustibles modernos, nuestro <strong>manguera de combustible de tefl\u00f3n<\/strong> mantiene indefinidamente su forma y sus caracter\u00edsticas de flujo.<\/p>\n<p>Esta durabilidad se traduce en un bajo mantenimiento. La naturaleza de \"ajuste y olv\u00eddese\" de un PTFE <strong>tubo de combustible corrugado<\/strong> significa intervalos de servicio m\u00e1s largos, menos piezas de repuesto en su inventario y una reducci\u00f3n significativa del coste total de propiedad a lo largo de la vida \u00fatil de la m\u00e1quina.<\/p>\n<h3>Caracter\u00edsticas y beneficios clave<\/h3>\n<ul>\n<li><strong>Flexibilidad extrema:<\/strong> El autodrenaje <strong>tubo de combustible corrugado<\/strong> permite un enrutamiento ajustado alrededor de componentes de maquinaria complejos sin dobleces.<\/li>\n<li><strong>Protecci\u00f3n EMI y est\u00e1tica:<\/strong> Los revestimientos conductores opcionales evitan la acumulaci\u00f3n de electricidad est\u00e1tica, protegiendo tanto el sistema de combustible como la electr\u00f3nica de a bordo.<\/li>\n<li><strong>Presi\u00f3n nominal alta:<\/strong> Reforzado con trenza de acero inoxidable SS304 o SS316 para soportar la inyecci\u00f3n de combustible a alta presi\u00f3n y los impulsos hidr\u00e1ulicos.<\/li>\n<li><strong>Compatibilidad universal:<\/strong> Puede utilizarse con gas\u00f3leo, biodi\u00e9sel, gasolina, etanol, metanol, aceites hidr\u00e1ulicos y refrigerantes.<\/li>\n<li><strong>Resistencia al envejecimiento:<\/strong> El PTFE no envejece, no se agrieta ni se endurece debido a la exposici\u00f3n a los rayos UV o al ozono, lo que garantiza una larga vida \u00fatil incluso en equipos de exterior.<\/li>\n<\/ul>\n<h3>Especificaciones t\u00e9cnicas<\/h3>\n<p><strong>Tefl\u00f3n X<\/strong> fabrica mangueras que cumplen estrictas normas industriales. A continuaci\u00f3n se indican las especificaciones t\u00edpicas de nuestras series para maquinaria industrial. Tambi\u00e9n podemos fabricar conjuntos a medida seg\u00fan sus requisitos exactos de longitud y ajuste.<\/p>\n<table style=\"border-collapse: collapse; width: 100%; border: 1px solid #dddddd;\" border=\"1\">\n<thead>\n<tr style=\"background-color: #f2f2f2;\">\n<th style=\"padding: 12px; text-align: left; border: 1px solid #dddddd;\">Especificaci\u00f3n<\/th>\n<th style=\"padding: 12px; text-align: left; border: 1px solid #dddddd;\">Detalles<\/th>\n<\/tr>\n<\/thead>\n<tbody>\n<tr>\n<td style=\"padding: 10px; border: 1px solid #dddddd;\"><strong>N\u00facleo interior<\/strong><\/td>\n<td style=\"padding: 10px; border: 1px solid #dddddd;\">PTFE virgen o conductor convoluto helicoidal<\/td>\n<\/tr>\n<tr>\n<td style=\"padding: 10px; border: 1px solid #dddddd;\"><strong>Trenza exterior<\/strong><\/td>\n<td style=\"padding: 10px; border: 1px solid #dddddd;\">Alambre de acero inoxidable (AISI 304 est\u00e1ndar, 316 opcional)<\/td>\n<\/tr>\n<tr>\n<td style=\"padding: 10px; border: 1px solid #dddddd;\"><strong>Rango de temperatura<\/strong><\/td>\n<td style=\"padding: 10px; border: 1px solid #dddddd;\">-70\u00b0C a +260\u00b0C (-94\u00b0F a +500\u00b0F)<\/td>\n<\/tr>\n<tr>\n<td style=\"padding: 10px; border: 1px solid #dddddd;\"><strong>Presi\u00f3n de trabajo<\/strong><\/td>\n<td style=\"padding: 10px; border: 1px solid #dddddd;\">Hasta 180 bares (seg\u00fan el di\u00e1metro)<\/td>\n<\/tr>\n<tr>\n<td style=\"padding: 10px; border: 1px solid #dddddd;\"><strong>Factor de seguridad<\/strong><\/td>\n<td style=\"padding: 10px; border: 1px solid #dddddd;\">4:1 (la presi\u00f3n de rotura es 4 veces la presi\u00f3n de trabajo)<\/td>\n<\/tr>\n<tr>\n<td style=\"padding: 10px; border: 1px solid #dddddd;\"><strong>Tama\u00f1os disponibles (ID)<\/strong><\/td>\n<td style=\"padding: 10px; border: 1px solid #dddddd;\">1\/4\u2033 (DN6) a 4\u2033 (DN100)<\/td>\n<\/tr>\n<tr>\n<td style=\"padding: 10px; border: 1px solid #dddddd;\"><strong>Accesorios comunes<\/strong><\/td>\n<td style=\"padding: 10px; border: 1px solid #dddddd;\">JIC 37\u00b0, BSPP, NPT, m\u00e9trico o bridas<\/td>\n<\/tr>\n<\/tbody>\n<\/table>\n<h3>Aplicaciones industriales comunes<\/h3>\n<p>Nuestro <strong>manguera de combustible corrugada de PTFE<\/strong> es la opci\u00f3n preferida de los ingenieros de dise\u00f1o y mantenimiento:<\/p>\n<ul>\n<li>Grupos electr\u00f3genos<\/li>\n<li>Maquinaria de construcci\u00f3n y movimiento de tierras<\/li>\n<li>Centros de mecanizado CNC<\/li>\n<li>M\u00e1quinas de moldeo por inyecci\u00f3n de pl\u00e1stico<\/li>\n<li>Sistemas de propulsi\u00f3n marina<\/li>\n<\/ul>\n<h3>Asociarse con Teflon X<\/h3>\n<p>Garantice la longevidad y fiabilidad de sus activos industriales con <strong>Tefl\u00f3n X<\/strong>. Nuestro equipo de ingenieros est\u00e1 a su disposici\u00f3n para ayudarle a elegir el producto perfecto. <strong>manguera de combustible de tefl\u00f3n<\/strong> configuraci\u00f3n para sus requisitos espec\u00edficos de maquinaria.<\/p>\n<p>Para obtener cat\u00e1logos de productos detallados e informaci\u00f3n sobre la empresa, visite nuestro sitio web principal en <a href=\"https:\/\/teflonx.com\/es\/\" target=\"_blank\" rel=\"noopener\">teflonx.com<\/a>. Para discutir un pedido personalizado o solicitar un presupuesto, por favor navegue a nuestro <a href=\"https:\/\/teflonx.com\/es\/contactanos\/\" target=\"_blank\" rel=\"noopener\">P\u00e1gina de contacto<\/a> o env\u00edenos un correo electr\u00f3nico directamente a <a href=\"mailto:allison.ye@teflonx.com\">allison.ye@teflonx.com<\/a>.<\/p>","protected":false},"excerpt":{"rendered":"<p>El tubo de combustible corrugado, fabricado con manguera de combustible corrugada de PTFE, soporta maquinaria industrial con protecci\u00f3n EMI y estabilidad t\u00e9rmica. Su estructura de tefl\u00f3n resiste temperaturas extremas y productos qu\u00edmicos. Su dise\u00f1o flexible compensa las desalineaciones, ofreciendo un bajo mantenimiento y una larga vida \u00fatil.<\/p>","protected":false},"featured_media":646,"comment_status":"open","ping_status":"closed","template":"","meta":{"site-sidebar-layout":"default","site-content-layout":"","ast-site-content-layout":"default","site-content-style":"default","site-sidebar-style":"default","ast-global-header-display":"","ast-banner-title-visibility":"","ast-main-header-display":"","ast-hfb-above-header-display":"","ast-hfb-below-header-display":"","ast-hfb-mobile-header-display":"","site-post-title":"","ast-breadcrumbs-content":"","ast-featured-img":"","footer-sml-layout":"","ast-disable-related-posts":"","theme-transparent-header-meta":"default","adv-header-id-meta":"","stick-header-meta":"","header-above-stick-meta":"","header-main-stick-meta":"","header-below-stick-meta":"","astra-migrate-meta-layouts":"set","ast-page-background-enabled":"default","ast-page-background-meta":{"desktop":{"background-color":"var(--ast-global-color-5)","background-image":"","background-repeat":"repeat","background-position":"center center","background-size":"auto","background-attachment":"scroll","background-type":"","background-media":"","overlay-type":"","overlay-color":"","overlay-opacity":"","overlay-gradient":""},"tablet":{"background-color":"","background-image":"","background-repeat":"repeat","background-position":"center center","background-size":"auto","background-attachment":"scroll","background-type":"","background-media":"","overlay-type":"","overlay-color":"","overlay-opacity":"","overlay-gradient":""},"mobile":{"background-color":"","background-image":"","background-repeat":"repeat","background-position":"center center","background-size":"auto","background-attachment":"scroll","background-type":"","background-media":"","overlay-type":"","overlay-color":"","overlay-opacity":"","overlay-gradient":""}},"ast-content-background-meta":{"desktop":{"background-color":"var(--ast-global-color-4)","background-image":"","background-repeat":"repeat","background-position":"center center","background-size":"auto","background-attachment":"scroll","background-type":"","background-media":"","overlay-type":"","overlay-color":"","overlay-opacity":"","overlay-gradient":""},"tablet":{"background-color":"var(--ast-global-color-4)","background-image":"","background-repeat":"repeat","background-position":"center center","background-size":"auto","background-attachment":"scroll","background-type":"","background-media":"","overlay-type":"","overlay-color":"","overlay-opacity":"","overlay-gradient":""},"mobile":{"background-color":"var(--ast-global-color-4)","background-image":"","background-repeat":"repeat","background-position":"center center","background-size":"auto","background-attachment":"scroll","background-type":"","background-media":"","overlay-type":"","overlay-color":"","overlay-opacity":"","overlay-gradient":""}}},"product_brand":[290],"product_cat":[42],"product_tag":[221,219,220,49],"class_list":{"0":"post-658","1":"product","2":"type-product","3":"status-publish","4":"has-post-thumbnail","6":"product_brand-teflon-x","7":"product_cat-ptfe-corrugated-hoses","8":"product_tag-corrugated-fuel-tube","9":"product_tag-ptfe-corrugated-fuel-hose","10":"product_tag-ptfe-fuel-line","11":"product_tag-teflon-fuel-hose","12":"desktop-align-left","13":"tablet-align-left","14":"mobile-align-left","16":"first","17":"instock","18":"shipping-taxable","19":"product-type-simple"},"_links":{"self":[{"href":"https:\/\/teflonx.com\/es\/wp-json\/wp\/v2\/product\/658","targetHints":{"allow":["GET"]}}],"collection":[{"href":"https:\/\/teflonx.com\/es\/wp-json\/wp\/v2\/product"}],"about":[{"href":"https:\/\/teflonx.com\/es\/wp-json\/wp\/v2\/types\/product"}],"replies":[{"embeddable":true,"href":"https:\/\/teflonx.com\/es\/wp-json\/wp\/v2\/comments?post=658"}],"wp:featuredmedia":[{"embeddable":true,"href":"https:\/\/teflonx.com\/es\/wp-json\/wp\/v2\/media\/646"}],"wp:attachment":[{"href":"https:\/\/teflonx.com\/es\/wp-json\/wp\/v2\/media?parent=658"}],"wp:term":[{"taxonomy":"product_brand","embeddable":true,"href":"https:\/\/teflonx.com\/es\/wp-json\/wp\/v2\/product_brand?post=658"},{"taxonomy":"product_cat","embeddable":true,"href":"https:\/\/teflonx.com\/es\/wp-json\/wp\/v2\/product_cat?post=658"},{"taxonomy":"product_tag","embeddable":true,"href":"https:\/\/teflonx.com\/es\/wp-json\/wp\/v2\/product_tag?post=658"}],"curies":[{"name":"wp","href":"https:\/\/api.w.org\/{rel}","templated":true}]}}