{"id":823,"date":"2025-07-15T05:45:56","date_gmt":"2025-07-15T05:45:56","guid":{"rendered":"https:\/\/teflonx.com\/?post_type=product&#038;p=823"},"modified":"2025-07-15T05:45:57","modified_gmt":"2025-07-15T05:45:57","slug":"tubo-de-ptfe-corrugado-plano-interior-y-exterior-de-alto-rendimiento-para-transferencia-de-productos-quimicos","status":"publish","type":"product","link":"https:\/\/teflonx.com\/es\/product\/tubo-de-ptfe-corrugado-plano-interior-y-exterior-de-alto-rendimiento-para-transferencia-de-productos-quimicos\/","title":{"rendered":"Tubo de PTFE corrugado de alto rendimiento, interior plano y exterior, para transferencia de productos qu\u00edmicos"},"content":{"rendered":"<h1 id=\"high-performance-inner-flat-outer-corrugated-ptfe-tube-for-chemical-transfer\">Tubo de PTFE corrugado de alto rendimiento, interior plano y exterior, para transferencia de productos qu\u00edmicos<\/h1>\n<p>Bienvenido a <strong>Tefl\u00f3n X<\/strong>, su fuente confiable de soluciones premium de tubos de PTFE. Nuestras <strong>Tubo de PTFE corrugado exterior con orificio interior liso<\/strong> Est\u00e1 dise\u00f1ado para satisfacer las rigurosas exigencias de las aplicaciones de transferencia qu\u00edmica. Para m\u00e1s informaci\u00f3n, visite nuestro sitio web. <a href=\"https:\/\/teflonx.com\/es\/\" target=\"_blank\" rel=\"noopener\">https:\/\/teflonx.com\/<\/a> o cont\u00e1ctenos a trav\u00e9s de <a href=\"https:\/\/teflonx.com\/es\/contactanos\/\" target=\"_blank\" rel=\"noopener\">https:\/\/teflonx.com\/contact-us\/<\/a>Tambi\u00e9n puede contactar directamente con nuestro equipo en Allison.Ye@teflonx.com.<\/p>\n<h2 id=\"product-overview\">Descripci\u00f3n general del producto<\/h2>\n<p>El <strong>Tubo de PTFE corrugado exterior con orificio interior liso<\/strong> de Teflon X es una soluci\u00f3n de alto rendimiento dise\u00f1ada para una durabilidad, flexibilidad y resistencia a la corrosi\u00f3n superiores. Tambi\u00e9n conocida como <strong>Tubo corrugado plano interno con onda externa<\/strong> o <strong>Tubo corrugado plano interior y exterior de PTFE<\/strong>Este producto presenta un orificio interior liso que minimiza la resistencia del fluido y garantiza un flujo eficiente, mientras que el dise\u00f1o corrugado exterior mejora la flexibilidad y la capacidad de flexi\u00f3n sin comprometer la integridad estructural.<\/p>\n<p>Ideal para industrias como procesamiento qu\u00edmico, farmac\u00e9utico, alimentos y bebidas y automotriz, el <strong>Tubo de PTFE corrugado exterior con orificio interior liso<\/strong> Destaca en el manejo de productos qu\u00edmicos agresivos, altas temperaturas y presiones. Su material de PTFE antiadherente previene la contaminaci\u00f3n y la acumulaci\u00f3n, lo que lo hace perfecto para aplicaciones de alta pureza. Ya sea que trabaje con fluidos corrosivos o requiera sistemas confiables de manejo de fluidos, nuestros... <strong>Tubo corrugado plano interior y exterior de PTFE<\/strong> Ofrece un rendimiento inigualable.<\/p>\n<h2 id=\"key-features-and-benefits\">Caracter\u00edsticas y beneficios clave<\/h2>\n<ul>\n<li><strong>Resistencia excepcional a la corrosi\u00f3n<\/strong>:Fabricado con PTFE de alta calidad, el <strong>Tubo corrugado plano interno con onda externa<\/strong> Resiste productos qu\u00edmicos agresivos sin degradarse.<\/li>\n<li><strong>Calibre interior liso<\/strong>:La superficie interna plana de la <strong>Tubo de PTFE corrugado exterior con orificio interior liso<\/strong> Reduce la turbulencia y las ca\u00eddas de presi\u00f3n, garantizando una transferencia suave del fluido.<\/li>\n<li><strong>Dise\u00f1o exterior corrugado<\/strong>:Proporciona una excelente flexibilidad y resistencia a las torceduras, lo que permite <strong>Tubo corrugado plano interior y exterior de PTFE<\/strong> doblarse f\u00e1cilmente en espacios reducidos.<\/li>\n<li><strong>Tolerancia a altas presiones y temperaturas<\/strong>:Adecuado para entornos exigentes, soportando condiciones extremas manteniendo la integridad.<\/li>\n<li><strong>Antiadherente y de alta pureza<\/strong>:Evita la adhesi\u00f3n de sustancias, ideal para aplicaciones sanitarias y limpias.<\/li>\n<li><strong>Aplicaciones vers\u00e1tiles<\/strong>:Perfecto para transferencia de productos qu\u00edmicos, equipos de laboratorio, tuber\u00edas industriales y m\u00e1s. El <strong>Tubo de PTFE corrugado exterior con orificio interior liso<\/strong> es una opci\u00f3n ideal para los ingenieros que buscan confiabilidad <strong>Tubo corrugado plano interior y exterior de PTFE<\/strong>.<\/li>\n<\/ul>\n<p>Nuestro <strong>Tubo corrugado plano interno con onda externa<\/strong> Se fabrica con los m\u00e1s altos est\u00e1ndares, lo que garantiza la longevidad y la confiabilidad en sus operaciones. Los usuarios habituales de <strong>Tubo de PTFE corrugado exterior con orificio interior liso<\/strong> El informe muestra una mayor eficiencia del sistema y una reducci\u00f3n de los costes de mantenimiento.<\/p>\n<h2 id=\"technical-specifications\">Especificaciones t\u00e9cnicas<\/h2>\n<p>A continuaci\u00f3n se muestra una tabla de par\u00e1metros detallada para el <strong>Tubo de PTFE corrugado exterior con orificio interior liso<\/strong>Estas especificaciones se basan en ingenier\u00eda precisa para garantizar un rendimiento \u00f3ptimo en distintos tama\u00f1os.<\/p>\n<table>\n<thead>\n<tr>\n<th>Tama\u00f1o (pulgadas)<\/th>\n<th>Di\u00e1metro interior (mm)<\/th>\n<th>Di\u00e1metro exterior (mm)<\/th>\n<th>Presi\u00f3n de trabajo (bar)<\/th>\n<th>Presi\u00f3n de ruptura (bar)<\/th>\n<th>Radio de curvatura (mm)<\/th>\n<\/tr>\n<\/thead>\n<tbody>\n<tr>\n<td>1\/4&#8243;<\/td>\n<td>6,1 \u00b1 0,3<\/td>\n<td>9,5 \u00b1 0,3<\/td>\n<td>183<\/td>\n<td>551<\/td>\n<td>45<\/td>\n<\/tr>\n<tr>\n<td>5\/16&#8243;<\/td>\n<td>7,8 \u00b1 0,3<\/td>\n<td>11,4 \u00b1 0,3<\/td>\n<td>155<\/td>\n<td>466<\/td>\n<td>50<\/td>\n<\/tr>\n<tr>\n<td>3\/8&#8243;<\/td>\n<td>9,6 \u00b1 0,3<\/td>\n<td>14,1 \u00b1 0,3<\/td>\n<td>138<\/td>\n<td>414<\/td>\n<td>55<\/td>\n<\/tr>\n<tr>\n<td>1\/2&#8243;<\/td>\n<td>12,7 \u00b1 0,3<\/td>\n<td>17,2 \u00b1 0,3<\/td>\n<td>110<\/td>\n<td>331<\/td>\n<td>60<\/td>\n<\/tr>\n<tr>\n<td>5\/8&#8243;<\/td>\n<td>15,7 \u00b1 0,3<\/td>\n<td>20,7 \u00b1 0,3<\/td>\n<td>95<\/td>\n<td>286<\/td>\n<td>70<\/td>\n<\/tr>\n<tr>\n<td>3\/4&#8243;<\/td>\n<td>18,8 \u00b1 0,3<\/td>\n<td>23,7 \u00b1 0,3<\/td>\n<td>81<\/td>\n<td>245<\/td>\n<td>80<\/td>\n<\/tr>\n<tr>\n<td>1&#8243;<\/td>\n<td>25,4 \u00b1 0,3<\/td>\n<td>29,0 \u00b1 0,3<\/td>\n<td>70<\/td>\n<td>211<\/td>\n<td>135<\/td>\n<\/tr>\n<\/tbody>\n<\/table>\n<p><em>Nota: Todas las medidas se expresan en mm, salvo que se especifique lo contrario. Las tolerancias y los valores pueden variar ligeramente seg\u00fan el lote de fabricaci\u00f3n. Para tama\u00f1os personalizados o especificaciones adicionales, cont\u00e1ctenos en Allison.Ye@teflonx.com.<\/em><\/p>\n<h2 id=\"applications\">Aplicaciones<\/h2>\n<p>El <strong>Tubo corrugado plano interior y exterior de PTFE<\/strong> Es vers\u00e1til y ampliamente utilizado en:<\/p>\n<ul>\n<li>Plantas de procesamiento qu\u00edmico para transferir \u00e1cidos, bases y disolventes.<\/li>\n<li>Fabricaci\u00f3n farmac\u00e9utica para el manejo de fluidos est\u00e9riles.<\/li>\n<li>Industrias de alimentos y bebidas que requieren conductos no contaminantes.<\/li>\n<li>Automotriz y aeroespacial para l\u00edneas de combustible e hidr\u00e1ulicas.<\/li>\n<li>Configuraciones de laboratorio para un control preciso de fluidos.<\/li>\n<\/ul>\n<p>Al elegir el <strong>Tubo de PTFE corrugado exterior con orificio interior liso<\/strong> Con Teflon X, garantiza el cumplimiento de los est\u00e1ndares de la industria en seguridad y eficiencia.<\/p>\n<h2 id=\"why-choose-teflon-x-\">\u00bfPor qu\u00e9 elegir Teflon X?<\/h2>\n<p>En <strong>Tefl\u00f3n X<\/strong>Nos especializamos en soluciones innovadoras de PTFE como el <strong>Tubo corrugado plano interno con onda externa<\/strong>Nuestro compromiso con la calidad y la satisfacci\u00f3n del cliente nos distingue. Explore m\u00e1s productos en nuestro sitio web: <a href=\"https:\/\/teflonx.com\/es\/\" target=\"_blank\" rel=\"noopener\">https:\/\/teflonx.com\/<\/a>Para consultas, solicitudes de personalizaci\u00f3n o pedidos al por mayor, visite nuestra p\u00e1gina de contacto en <a href=\"https:\/\/teflonx.com\/es\/contactanos\/\" target=\"_blank\" rel=\"noopener\">https:\/\/teflonx.com\/contact-us\/<\/a> o env\u00ede un correo electr\u00f3nico a Allison.Ye@teflonx.com.<\/p>\n<p>Si tienes alguna pregunta sobre el <strong>Tubo de PTFE corrugado exterior con orificio interior liso<\/strong>, <strong>Tubo corrugado plano interior y exterior de PTFE<\/strong>, u otros productos, \u00a1nuestro equipo est\u00e1 aqu\u00ed para ayudarle!<\/p>","protected":false},"excerpt":{"rendered":"<p>Nuestro tubo de PTFE corrugado con interior liso y exterior ofrece una durabilidad y flexibilidad excepcionales para aplicaciones exigentes de transferencia de productos qu\u00edmicos. Este tubo corrugado plano con interior ondulado y exterior garantiza un flujo de fluido uniforme con m\u00ednima resistencia, gracias a su capa interior plana y su dise\u00f1o exterior corrugado, que proporciona una resistencia superior a la corrosi\u00f3n.<\/p>\n<p>Ideal para entornos hostiles, el tubo corrugado de PTFE con interior plano y exterior destaca por su excelente capacidad para transportar productos qu\u00edmicos agresivos sin degradarse. Su estructura \u00fanica mejora la flexibilidad y mantiene la integridad a alta presi\u00f3n.<\/p>\n<p>Dise\u00f1ado para ofrecer fiabilidad, este tubo de fuelle de PTFE con interior plano y exterior corrugado es perfecto para industrias que requieren conductos antiadherentes de alta pureza. El uso repetido del tubo de PTFE con interior liso y exterior corrugado garantiza un rendimiento \u00f3ptimo en sistemas de manejo de fluidos.<\/p>","protected":false},"featured_media":824,"comment_status":"open","ping_status":"closed","template":"","meta":{"site-sidebar-layout":"default","site-content-layout":"","ast-site-content-layout":"default","site-content-style":"default","site-sidebar-style":"default","ast-global-header-display":"","ast-banner-title-visibility":"","ast-main-header-display":"","ast-hfb-above-header-display":"","ast-hfb-below-header-display":"","ast-hfb-mobile-header-display":"","site-post-title":"","ast-breadcrumbs-content":"","ast-featured-img":"","footer-sml-layout":"","ast-disable-related-posts":"","theme-transparent-header-meta":"default","adv-header-id-meta":"","stick-header-meta":"","header-above-stick-meta":"","header-main-stick-meta":"","header-below-stick-meta":"","astra-migrate-meta-layouts":"set","ast-page-background-enabled":"default","ast-page-background-meta":{"desktop":{"background-color":"var(--ast-global-color-5)","background-image":"","background-repeat":"repeat","background-position":"center center","background-size":"auto","background-attachment":"scroll","background-type":"","background-media":"","overlay-type":"","overlay-color":"","overlay-opacity":"","overlay-gradient":""},"tablet":{"background-color":"","background-image":"","background-repeat":"repeat","background-position":"center center","background-size":"auto","background-attachment":"scroll","background-type":"","background-media":"","overlay-type":"","overlay-color":"","overlay-opacity":"","overlay-gradient":""},"mobile":{"background-color":"","background-image":"","background-repeat":"repeat","background-position":"center center","background-size":"auto","background-attachment":"scroll","background-type":"","background-media":"","overlay-type":"","overlay-color":"","overlay-opacity":"","overlay-gradient":""}},"ast-content-background-meta":{"desktop":{"background-color":"var(--ast-global-color-4)","background-image":"","background-repeat":"repeat","background-position":"center center","background-size":"auto","background-attachment":"scroll","background-type":"","background-media":"","overlay-type":"","overlay-color":"","overlay-opacity":"","overlay-gradient":""},"tablet":{"background-color":"var(--ast-global-color-4)","background-image":"","background-repeat":"repeat","background-position":"center center","background-size":"auto","background-attachment":"scroll","background-type":"","background-media":"","overlay-type":"","overlay-color":"","overlay-opacity":"","overlay-gradient":""},"mobile":{"background-color":"var(--ast-global-color-4)","background-image":"","background-repeat":"repeat","background-position":"center center","background-size":"auto","background-attachment":"scroll","background-type":"","background-media":"","overlay-type":"","overlay-color":"","overlay-opacity":"","overlay-gradient":""}}},"product_brand":[290],"product_cat":[42],"product_tag":[291,292,293],"class_list":{"0":"post-823","1":"product","2":"type-product","3":"status-publish","4":"has-post-thumbnail","6":"product_brand-teflon-x","7":"product_cat-ptfe-corrugated-hoses","8":"product_tag-inner-smooth-bore-outer-corrugated-ptfe-tube","9":"product_tag-internal-flat-external-wave-corrugated-pipe","10":"product_tag-ptfe-inner-flat-outer-corrugated-tubing","11":"desktop-align-left","12":"tablet-align-left","13":"mobile-align-left","15":"first","16":"instock","17":"shipping-taxable","18":"product-type-simple"},"_links":{"self":[{"href":"https:\/\/teflonx.com\/es\/wp-json\/wp\/v2\/product\/823","targetHints":{"allow":["GET"]}}],"collection":[{"href":"https:\/\/teflonx.com\/es\/wp-json\/wp\/v2\/product"}],"about":[{"href":"https:\/\/teflonx.com\/es\/wp-json\/wp\/v2\/types\/product"}],"replies":[{"embeddable":true,"href":"https:\/\/teflonx.com\/es\/wp-json\/wp\/v2\/comments?post=823"}],"wp:featuredmedia":[{"embeddable":true,"href":"https:\/\/teflonx.com\/es\/wp-json\/wp\/v2\/media\/824"}],"wp:attachment":[{"href":"https:\/\/teflonx.com\/es\/wp-json\/wp\/v2\/media?parent=823"}],"wp:term":[{"taxonomy":"product_brand","embeddable":true,"href":"https:\/\/teflonx.com\/es\/wp-json\/wp\/v2\/product_brand?post=823"},{"taxonomy":"product_cat","embeddable":true,"href":"https:\/\/teflonx.com\/es\/wp-json\/wp\/v2\/product_cat?post=823"},{"taxonomy":"product_tag","embeddable":true,"href":"https:\/\/teflonx.com\/es\/wp-json\/wp\/v2\/product_tag?post=823"}],"curies":[{"name":"wp","href":"https:\/\/api.w.org\/{rel}","templated":true}]}}