{"id":826,"date":"2025-07-15T06:25:44","date_gmt":"2025-07-15T06:25:44","guid":{"rendered":"https:\/\/teflonx.com\/?post_type=product&#038;p=826"},"modified":"2025-07-15T07:17:09","modified_gmt":"2025-07-15T07:17:09","slug":"tubo-corrugado-de-ptfe-con-orificio-liso-para-la-manipulacion-de-fluidos-industriales","status":"publish","type":"product","link":"https:\/\/teflonx.com\/es\/product\/tubo-corrugado-de-ptfe-con-orificio-liso-para-la-manipulacion-de-fluidos-industriales\/","title":{"rendered":"Tubos de PTFE corrugados de di\u00e1metro interior liso para la manipulaci\u00f3n de fluidos industriales"},"content":{"rendered":"<h1 id=\"smooth-bore-corrugated-ptfe-tubing-for-industrial-fluid-handling\">Tubos de PTFE corrugados de di\u00e1metro interior liso para la manipulaci\u00f3n de fluidos industriales<\/h1>\n<p>Descubra la soluci\u00f3n definitiva para sistemas complejos de transferencia de fluidos con <strong>Tubo de PTFE corrugado de di\u00e1metro interior liso<\/strong> De Teflon X. Este innovador producto combina magistralmente una superficie interior perfectamente lisa para un flujo \u00f3ptimo con una capa exterior ondulada para una flexibilidad excepcional. Dise\u00f1ado para entornos industriales exigentes, nuestro <strong>Tubo corrugado plano interior y exterior de PTFE<\/strong> Ofrece resistencia qu\u00edmica incomparable, estabilidad t\u00e9rmica y confiabilidad a largo plazo.<\/p>\n<p>En aplicaciones cr\u00edticas como el procesamiento petroqu\u00edmico, la transferencia de alimentos y bebidas o la fabricaci\u00f3n farmac\u00e9utica, el dise\u00f1o \u00fanico de nuestro <strong>Manguera corrugada con onda externa plana interna<\/strong> Es fundamental. El orificio liso minimiza la turbulencia, reduce la ca\u00edda de presi\u00f3n y previene la acumulaci\u00f3n de residuos, garantizando un sistema limpio, eficiente y autodrenable. Adem\u00e1s, el exterior corrugado permite que la tuber\u00eda se gu\u00ede f\u00e1cilmente por espacios reducidos y dise\u00f1os complejos sin doblarse ni comprometer su integridad estructural.<\/p>\n<p>Con su construcci\u00f3n de PTFE puro, esta variante avanzada del <strong>Tubo de PTFE corrugado exterior con orificio interior liso<\/strong> Garantiza longevidad y excelencia operativa. Se erige como la mejor opci\u00f3n para ingenieros y operadores que buscan una soluci\u00f3n de alto rendimiento, bajo mantenimiento y f\u00e1cil instalaci\u00f3n para sus desaf\u00edos de manejo de fluidos.<\/p>\n<h3 id=\"key-features\">Caracter\u00edsticas principales<\/h3>\n<ul>\n<li><strong>Dise\u00f1o h\u00edbrido:<\/strong> Cuenta con un orificio interior liso y antiadherente para flujo laminar y una pared exterior corrugada flexible para una f\u00e1cil instalaci\u00f3n y enrutamiento.<\/li>\n<li><strong>Material superior:<\/strong> Construido a partir de PTFE virgen 100%, que ofrece resistencia qu\u00edmica universal contra \u00e1cidos, bases y solventes.<\/li>\n<li><strong>Amplio rango de temperatura:<\/strong> Funciona de manera confiable en temperaturas extremas, generalmente de -65 \u00b0C a 260 \u00b0C (-85 \u00b0F a 500 \u00b0F).<\/li>\n<li><strong>Eficiencia de flujo mejorada:<\/strong> El interior liso como un espejo evita que queden part\u00edculas atrapadas y reduce la fricci\u00f3n, lo que genera mayores caudales y una limpieza simplificada (CIP\/SIP).<\/li>\n<li><strong>Flexibilidad excepcional:<\/strong> El exterior enrevesado proporciona un radio de curvatura estrecho, lo que lo hace ideal para aplicaciones din\u00e1micas y dise\u00f1os de sistemas compactos.<\/li>\n<li><strong>Durabilidad y longevidad:<\/strong> Altamente resistente al agrietamiento por tensi\u00f3n, al envejecimiento y a la radiaci\u00f3n UV, lo que garantiza una vida \u00fatil larga y confiable.<\/li>\n<\/ul>\n<h3 id=\"technical-specifications\">Especificaciones t\u00e9cnicas<\/h3>\n<p>A continuaci\u00f3n se muestran las especificaciones est\u00e1ndar para nuestros <strong>Tubo de PTFE corrugado de di\u00e1metro interior liso<\/strong>. Tama\u00f1os y configuraciones personalizados est\u00e1n disponibles a pedido para satisfacer las necesidades espec\u00edficas de su proyecto.<\/p>\n<table>\n<thead>\n<tr>\n<th style=\"text-align: left;\">Tama\u00f1o<\/th>\n<th style=\"text-align: left;\">Di\u00e1metro interior (mm)<\/th>\n<th style=\"text-align: left;\">Di\u00e1metro exterior (mm)<\/th>\n<th style=\"text-align: left;\">Presi\u00f3n de trabajo (bar)<\/th>\n<th style=\"text-align: left;\">Presi\u00f3n de ruptura (bar)<\/th>\n<th style=\"text-align: left;\">Radio de curvatura m\u00ednimo (mm)<\/th>\n<\/tr>\n<\/thead>\n<tbody>\n<tr>\n<td style=\"text-align: left;\">1\/4&#8243;<\/td>\n<td style=\"text-align: left;\">6,1 \u00b1 0,3<\/td>\n<td style=\"text-align: left;\">9,9 \u00b1 0,3<\/td>\n<td style=\"text-align: left;\">183<\/td>\n<td style=\"text-align: left;\">551<\/td>\n<td style=\"text-align: left;\">45<\/td>\n<\/tr>\n<tr>\n<td style=\"text-align: left;\">5\/16&#8243;<\/td>\n<td style=\"text-align: left;\">7,8 \u00b1 0,3<\/td>\n<td style=\"text-align: left;\">11,4 \u00b1 0,3<\/td>\n<td style=\"text-align: left;\">155<\/td>\n<td style=\"text-align: left;\">466<\/td>\n<td style=\"text-align: left;\">50<\/td>\n<\/tr>\n<tr>\n<td style=\"text-align: left;\">3\/8&#8243;<\/td>\n<td style=\"text-align: left;\">9,6 \u00b1 0,3<\/td>\n<td style=\"text-align: left;\">14,1 \u00b1 0,3<\/td>\n<td style=\"text-align: left;\">138<\/td>\n<td style=\"text-align: left;\">414<\/td>\n<td style=\"text-align: left;\">55<\/td>\n<\/tr>\n<tr>\n<td style=\"text-align: left;\">1\/2&#8243;<\/td>\n<td style=\"text-align: left;\">12,7 \u00b1 0,3<\/td>\n<td style=\"text-align: left;\">17,2 \u00b1 0,3<\/td>\n<td style=\"text-align: left;\">110<\/td>\n<td style=\"text-align: left;\">331<\/td>\n<td style=\"text-align: left;\">60<\/td>\n<\/tr>\n<tr>\n<td style=\"text-align: left;\">5\/8&#8243;<\/td>\n<td style=\"text-align: left;\">15,7 \u00b1 0,3<\/td>\n<td style=\"text-align: left;\">20,7 \u00b1 0,3<\/td>\n<td style=\"text-align: left;\">95<\/td>\n<td style=\"text-align: left;\">286<\/td>\n<td style=\"text-align: left;\">70<\/td>\n<\/tr>\n<tr>\n<td style=\"text-align: left;\">3\/4&#8243;<\/td>\n<td style=\"text-align: left;\">18,8 \u00b1 0,3<\/td>\n<td style=\"text-align: left;\">23,7 \u00b1 0,3<\/td>\n<td style=\"text-align: left;\">81<\/td>\n<td style=\"text-align: left;\">245<\/td>\n<td style=\"text-align: left;\">80<\/td>\n<\/tr>\n<tr>\n<td style=\"text-align: left;\">1&#8243;<\/td>\n<td style=\"text-align: left;\">25,4 \u00b1 0,3<\/td>\n<td style=\"text-align: left;\">29\u00b10,3<\/td>\n<td style=\"text-align: left;\">70<\/td>\n<td style=\"text-align: left;\">211<\/td>\n<td style=\"text-align: left;\">135<\/td>\n<\/tr>\n<\/tbody>\n<\/table>\n<h3 id=\"applications\">Aplicaciones<\/h3>\n<p>La versatilidad de nuestra <strong>Tubo corrugado plano interior y exterior de PTFE<\/strong> lo convierte en la opci\u00f3n preferida en numerosas industrias:<\/p>\n<ul>\n<li><strong>Procesamiento qu\u00edmico:<\/strong> Transferencia segura de productos qu\u00edmicos corrosivos, \u00e1cidos y solventes.<\/li>\n<li><strong>Farmac\u00e9utica y biotecnolog\u00eda:<\/strong> Aplicaciones de alta pureza que requieren tubos no contaminantes y esterilizables.<\/li>\n<li><strong>Alimentos y bebidas:<\/strong> Manipulaci\u00f3n de productos de grado alimenticio donde la higiene y las propiedades no contaminantes son esenciales.<\/li>\n<li><strong>Fabricaci\u00f3n de semiconductores:<\/strong> Transporte de agua ultrapura y agentes de limpieza agresivos.<\/li>\n<li><strong>Automotriz y aeroespacial:<\/strong> Se utiliza en l\u00edneas de fluidos para combustible, refrigerantes y sistemas hidr\u00e1ulicos que requieren flexibilidad y resistencia.<\/li>\n<li><strong>Laboratorio e Investigaci\u00f3n:<\/strong> Ideal para configuraciones de laboratorio vers\u00e1tiles y exigentes.<\/li>\n<\/ul>\n<h3 id=\"why-choose-teflon-x-\">\u00bfPor qu\u00e9 elegir Teflon X?<\/h3>\n<p>En <a href=\"https:\/\/teflonx.com\/es\/\" target=\"_blank\" rel=\"noopener\">Tefl\u00f3n X<\/a>Nos dedicamos a la excelencia en ingenier\u00eda y la satisfacci\u00f3n del cliente. Nuestra <strong>Manguera corrugada con onda externa plana interna<\/strong> Se fabrica bajo estrictos controles de calidad para ofrecer un rendimiento constante y confiable. Colaboramos con nuestros clientes para ofrecer no solo un producto, sino una soluci\u00f3n integral adaptada a sus necesidades operativas.<\/p>\n<h3 id=\"contact-us-for-a-custom-quote\">Cont\u00e1ctenos para una cotizaci\u00f3n personalizada<\/h3>\n<p>\u00bfListo para mejorar su sistema de manejo de fluidos con tecnolog\u00eda superior? Para consultas detalladas, solicitudes de dimensiones personalizadas o para hablar sobre su aplicaci\u00f3n espec\u00edfica, comun\u00edquese con nuestro equipo de expertos.<\/p>\n<p><strong>Correo electr\u00f3nico:<\/strong> <a href=\"mailto:Allison.Ye@teflonx.com\" target=\"_blank\" rel=\"noopener\">Allison.Ye@teflonx.com<\/a><\/p>\n<p><strong>Visita nuestra p\u00e1gina de contacto:<\/strong> <a href=\"https:\/\/teflonx.com\/es\/contactanos\/\" target=\"_blank\" rel=\"noopener\">https:\/\/teflonx.com\/contact-us\/<\/a><\/p>\n<p>Dejar <strong>Tefl\u00f3n X<\/strong> Sea su socio de confianza para soluciones de PTFE de alto rendimiento.<\/p>","protected":false},"excerpt":{"rendered":"<p>Descubra el tubo corrugado de PTFE con di\u00e1metro interior liso, con una superficie interior plana para un flujo eficiente y una capa exterior corrugada para una mayor flexibilidad en el manejo de fluidos industriales. Este tubo de PTFE con interior plano y exterior corrugado ofrece una resistencia qu\u00edmica y una estabilidad t\u00e9rmica inigualables, lo que lo convierte en la mejor opci\u00f3n para un rendimiento confiable.<\/p>\n<p>En aplicaciones como el procesamiento petroqu\u00edmico, la manguera corrugada interna plana y externa minimiza la turbulencia y la acumulaci\u00f3n, lo que garantiza operaciones limpias.<\/p>\n<p>Con su construcci\u00f3n de PTFE, esta variante de tubo de PTFE corrugado exterior con orificio interior liso se destaca por su longevidad y facilidad de instalaci\u00f3n en sistemas complejos.<\/p>","protected":false},"featured_media":827,"comment_status":"open","ping_status":"closed","template":"","meta":{"site-sidebar-layout":"default","site-content-layout":"","ast-site-content-layout":"default","site-content-style":"default","site-sidebar-style":"default","ast-global-header-display":"","ast-banner-title-visibility":"","ast-main-header-display":"","ast-hfb-above-header-display":"","ast-hfb-below-header-display":"","ast-hfb-mobile-header-display":"","site-post-title":"","ast-breadcrumbs-content":"","ast-featured-img":"","footer-sml-layout":"","ast-disable-related-posts":"","theme-transparent-header-meta":"default","adv-header-id-meta":"","stick-header-meta":"","header-above-stick-meta":"","header-main-stick-meta":"","header-below-stick-meta":"","astra-migrate-meta-layouts":"set","ast-page-background-enabled":"default","ast-page-background-meta":{"desktop":{"background-color":"var(--ast-global-color-5)","background-image":"","background-repeat":"repeat","background-position":"center center","background-size":"auto","background-attachment":"scroll","background-type":"","background-media":"","overlay-type":"","overlay-color":"","overlay-opacity":"","overlay-gradient":""},"tablet":{"background-color":"","background-image":"","background-repeat":"repeat","background-position":"center center","background-size":"auto","background-attachment":"scroll","background-type":"","background-media":"","overlay-type":"","overlay-color":"","overlay-opacity":"","overlay-gradient":""},"mobile":{"background-color":"","background-image":"","background-repeat":"repeat","background-position":"center center","background-size":"auto","background-attachment":"scroll","background-type":"","background-media":"","overlay-type":"","overlay-color":"","overlay-opacity":"","overlay-gradient":""}},"ast-content-background-meta":{"desktop":{"background-color":"var(--ast-global-color-4)","background-image":"","background-repeat":"repeat","background-position":"center center","background-size":"auto","background-attachment":"scroll","background-type":"","background-media":"","overlay-type":"","overlay-color":"","overlay-opacity":"","overlay-gradient":""},"tablet":{"background-color":"var(--ast-global-color-4)","background-image":"","background-repeat":"repeat","background-position":"center center","background-size":"auto","background-attachment":"scroll","background-type":"","background-media":"","overlay-type":"","overlay-color":"","overlay-opacity":"","overlay-gradient":""},"mobile":{"background-color":"var(--ast-global-color-4)","background-image":"","background-repeat":"repeat","background-position":"center center","background-size":"auto","background-attachment":"scroll","background-type":"","background-media":"","overlay-type":"","overlay-color":"","overlay-opacity":"","overlay-gradient":""}}},"product_brand":[290],"product_cat":[42],"product_tag":[296,295,294],"class_list":{"0":"post-826","1":"product","2":"type-product","3":"status-publish","4":"has-post-thumbnail","6":"product_brand-teflon-x","7":"product_cat-ptfe-corrugated-hoses","8":"product_tag-internal-flat-external-wave-corrugated-hose","9":"product_tag-ptfe-inner-flat-outer-corrugated-pipe","10":"product_tag-smooth-bore-corrugated-ptfe-tubing","11":"desktop-align-left","12":"tablet-align-left","13":"mobile-align-left","15":"first","16":"instock","17":"shipping-taxable","18":"product-type-simple"},"_links":{"self":[{"href":"https:\/\/teflonx.com\/es\/wp-json\/wp\/v2\/product\/826","targetHints":{"allow":["GET"]}}],"collection":[{"href":"https:\/\/teflonx.com\/es\/wp-json\/wp\/v2\/product"}],"about":[{"href":"https:\/\/teflonx.com\/es\/wp-json\/wp\/v2\/types\/product"}],"replies":[{"embeddable":true,"href":"https:\/\/teflonx.com\/es\/wp-json\/wp\/v2\/comments?post=826"}],"wp:featuredmedia":[{"embeddable":true,"href":"https:\/\/teflonx.com\/es\/wp-json\/wp\/v2\/media\/827"}],"wp:attachment":[{"href":"https:\/\/teflonx.com\/es\/wp-json\/wp\/v2\/media?parent=826"}],"wp:term":[{"taxonomy":"product_brand","embeddable":true,"href":"https:\/\/teflonx.com\/es\/wp-json\/wp\/v2\/product_brand?post=826"},{"taxonomy":"product_cat","embeddable":true,"href":"https:\/\/teflonx.com\/es\/wp-json\/wp\/v2\/product_cat?post=826"},{"taxonomy":"product_tag","embeddable":true,"href":"https:\/\/teflonx.com\/es\/wp-json\/wp\/v2\/product_tag?post=826"}],"curies":[{"name":"wp","href":"https:\/\/api.w.org\/{rel}","templated":true}]}}