{"id":831,"date":"2025-07-15T07:31:35","date_gmt":"2025-07-15T07:31:35","guid":{"rendered":"https:\/\/teflonx.com\/?post_type=product&#038;p=831"},"modified":"2025-07-19T02:43:09","modified_gmt":"2025-07-19T02:43:09","slug":"tubo-de-ptfe-corrugado-interior-liso-exterior","status":"publish","type":"product","link":"https:\/\/teflonx.com\/es\/product\/tubo-de-ptfe-corrugado-interior-liso-exterior\/","title":{"rendered":"Tubo corrugado de PTFE duradero, interior liso y exterior para fluidos de alta temperatura"},"content":{"rendered":"<h1 id=\"durable-inner-smooth-outer-corrugated-ptfe-pipe-for-high-temp-fluids\">Tubo corrugado de PTFE duradero, interior liso y exterior para fluidos de alta temperatura<\/h1>\n<h2 id=\"product-overview\">Descripci\u00f3n general del producto<\/h2>\n<p>Dise\u00f1ado para condiciones extremas, nuestro <strong>Tubo de PTFE corrugado duradero con interior liso y exterior<\/strong> Presenta un orificio interior plano para el transporte continuo de fluidos a alta temperatura y una capa exterior corrugada para mayor durabilidad. Este tubo corrugado de PTFE con interior plano y exterior plano destaca por su resistencia a la degradaci\u00f3n t\u00e9rmica y a los ataques qu\u00edmicos, lo que lo convierte en una opci\u00f3n confiable para diversas aplicaciones industriales.<\/p>\n<p>En <strong>automotor<\/strong> y <strong>aeroespacial<\/strong> sectores, el <strong>Manguera corrugada con onda externa plana interna<\/strong> Ofrece un rendimiento excepcional bajo presi\u00f3n. Elija esta opci\u00f3n. <strong>Tubo de PTFE corrugado exterior con orificio interior liso<\/strong> variante por su robustez y eficiencia de dise\u00f1o, asegurando confiabilidad a largo plazo en sistemas de fluidos calientes.<\/p>\n<h2 id=\"key-features\">Caracter\u00edsticas principales<\/h2>\n<ul>\n<li><strong>Resistencia a altas temperaturas<\/strong>:Adecuado para condiciones operativas extremas.<\/li>\n<li><strong>Resiliencia qu\u00edmica<\/strong>:Dise\u00f1ado para manejar fluidos agresivos sin degradaci\u00f3n.<\/li>\n<li><strong>Construcci\u00f3n robusta<\/strong>:El exterior corrugado mejora la durabilidad y la flexibilidad.<\/li>\n<li><strong>Orificio interior liso<\/strong>:Facilita el flujo eficiente de fluido y minimiza la turbulencia.<\/li>\n<\/ul>\n<h2 id=\"technical-specifications\">Especificaciones t\u00e9cnicas<\/h2>\n<table>\n<thead>\n<tr>\n<th style=\"text-align: center;\"><strong>Tama\u00f1o (pulgadas)<\/strong><\/th>\n<th style=\"text-align: center;\"><strong>Di\u00e1metro interior (mm)<\/strong><\/th>\n<th style=\"text-align: center;\"><strong>Di\u00e1metro exterior (mm)<\/strong><\/th>\n<th style=\"text-align: center;\"><strong>Presi\u00f3n de trabajo (bar)<\/strong><\/th>\n<th style=\"text-align: center;\"><strong>Presi\u00f3n de ruptura (bar)<\/strong><\/th>\n<th style=\"text-align: center;\"><strong>Radio de curvatura m\u00ednimo (mm)<\/strong><\/th>\n<\/tr>\n<\/thead>\n<tbody>\n<tr>\n<td style=\"text-align: center;\">1\/4&#8243;<\/td>\n<td style=\"text-align: center;\">6,1 \u00b1 0,3<\/td>\n<td style=\"text-align: center;\">9,9 \u00b1 0,3<\/td>\n<td style=\"text-align: center;\">183<\/td>\n<td style=\"text-align: center;\">551<\/td>\n<td style=\"text-align: center;\">45<\/td>\n<\/tr>\n<tr>\n<td style=\"text-align: center;\">5\/16&#8243;<\/td>\n<td style=\"text-align: center;\">7,8 \u00b1 0,3<\/td>\n<td style=\"text-align: center;\">11,4 \u00b1 0,3<\/td>\n<td style=\"text-align: center;\">155<\/td>\n<td style=\"text-align: center;\">466<\/td>\n<td style=\"text-align: center;\">50<\/td>\n<\/tr>\n<tr>\n<td style=\"text-align: center;\">3\/8&#8243;<\/td>\n<td style=\"text-align: center;\">9,6 \u00b1 0,3<\/td>\n<td style=\"text-align: center;\">14,1 \u00b1 0,3<\/td>\n<td style=\"text-align: center;\">138<\/td>\n<td style=\"text-align: center;\">414<\/td>\n<td style=\"text-align: center;\">55<\/td>\n<\/tr>\n<tr>\n<td style=\"text-align: center;\">1\/2&#8243;<\/td>\n<td style=\"text-align: center;\">12,7 \u00b1 0,3<\/td>\n<td style=\"text-align: center;\">17,2 \u00b1 0,3<\/td>\n<td style=\"text-align: center;\">110<\/td>\n<td style=\"text-align: center;\">331<\/td>\n<td style=\"text-align: center;\">60<\/td>\n<\/tr>\n<tr>\n<td style=\"text-align: center;\">5\/8&#8243;<\/td>\n<td style=\"text-align: center;\">15,7 \u00b1 0,3<\/td>\n<td style=\"text-align: center;\">20,7 \u00b1 0,3<\/td>\n<td style=\"text-align: center;\">95<\/td>\n<td style=\"text-align: center;\">286<\/td>\n<td style=\"text-align: center;\">70<\/td>\n<\/tr>\n<tr>\n<td style=\"text-align: center;\">3\/4&#8243;<\/td>\n<td style=\"text-align: center;\">18,8 \u00b1 0,3<\/td>\n<td style=\"text-align: center;\">23,7 \u00b1 0,3<\/td>\n<td style=\"text-align: center;\">81<\/td>\n<td style=\"text-align: center;\">245<\/td>\n<td style=\"text-align: center;\">80<\/td>\n<\/tr>\n<tr>\n<td style=\"text-align: center;\">1&#8243;<\/td>\n<td style=\"text-align: center;\">25,4 \u00b1 0,3<\/td>\n<td style=\"text-align: center;\">29 \u00b1 0,3<\/td>\n<td style=\"text-align: center;\">70<\/td>\n<td style=\"text-align: center;\">211<\/td>\n<td style=\"text-align: center;\">135<\/td>\n<\/tr>\n<\/tbody>\n<\/table>\n<p><em>Las especificaciones anteriores corresponden a nuestra tuber\u00eda de PTFE corrugada interior lisa y exterior est\u00e1ndar. Para di\u00e1metros mayores, presiones de trabajo m\u00e1s altas, mayor resistencia o radios de curvatura m\u00e1s peque\u00f1os, cont\u00e1ctenos.<\/em><\/p>\n<h2 id=\"contact-us\">Cont\u00e1ctenos<\/h2>\n<p>Para m\u00e1s consultas o para realizar un pedido, visite nuestro <a href=\"https:\/\/teflonx.com\/es\/contactanos\/\" target=\"_blank\" rel=\"noopener\">P\u00e1gina de contacto<\/a> o cont\u00e1ctenos por correo electr\u00f3nico a <a href=\"mailto:Allison.Ye@teflonx.com\" target=\"_blank\" rel=\"noopener\">Allison.Ye@teflonx.com<\/a>.<\/p>\n<p>Explora m\u00e1s sobre nuestros productos en <a href=\"https:\/\/teflonx.com\/es\/\" target=\"_blank\" rel=\"noopener\">Tefl\u00f3n X<\/a>.<\/p>\n<hr \/>\n<p>Esta informaci\u00f3n detallada tiene como objetivo proporcionar una descripci\u00f3n general completa de la <strong>Tubo de PTFE corrugado con interior liso y exterior<\/strong>, destacando sus caracter\u00edsticas \u00fanicas y especificaciones t\u00e9cnicas mientras mantiene la densidad de palabras clave para una visibilidad de b\u00fasqueda \u00f3ptima.<\/p>","protected":false},"excerpt":{"rendered":"<p>Dise\u00f1ado para condiciones extremas, nuestro duradero tubo de PTFE corrugado con interior liso y exterior cuenta con un orificio interior plano para el transporte sin costuras de fluidos a alta temperatura y un exterior corrugado para mayor durabilidad. Este tubo de PTFE corrugado con interior plano y exterior plano destaca por su resistencia a la degradaci\u00f3n t\u00e9rmica y a los ataques qu\u00edmicos.<\/p>\n<p>En los sectores automotriz y aeroespacial, la manguera corrugada con onda externa y plana interna proporciona un rendimiento confiable bajo presi\u00f3n.<\/p>\n<p>Elija esta variante de tubo de PTFE corrugado exterior con interior liso por su robustez; repetir el dise\u00f1o del tubo corrugado exterior plano interior de PTFE garantiza una eficiencia a largo plazo en sistemas de fluidos calientes.<\/p>","protected":false},"featured_media":832,"comment_status":"open","ping_status":"closed","template":"","meta":{"site-sidebar-layout":"default","site-content-layout":"","ast-site-content-layout":"default","site-content-style":"default","site-sidebar-style":"default","ast-global-header-display":"","ast-banner-title-visibility":"","ast-main-header-display":"","ast-hfb-above-header-display":"","ast-hfb-below-header-display":"","ast-hfb-mobile-header-display":"","site-post-title":"","ast-breadcrumbs-content":"","ast-featured-img":"","footer-sml-layout":"","ast-disable-related-posts":"","theme-transparent-header-meta":"default","adv-header-id-meta":"","stick-header-meta":"","header-above-stick-meta":"","header-main-stick-meta":"","header-below-stick-meta":"","astra-migrate-meta-layouts":"set","ast-page-background-enabled":"default","ast-page-background-meta":{"desktop":{"background-color":"var(--ast-global-color-5)","background-image":"","background-repeat":"repeat","background-position":"center center","background-size":"auto","background-attachment":"scroll","background-type":"","background-media":"","overlay-type":"","overlay-color":"","overlay-opacity":"","overlay-gradient":""},"tablet":{"background-color":"","background-image":"","background-repeat":"repeat","background-position":"center center","background-size":"auto","background-attachment":"scroll","background-type":"","background-media":"","overlay-type":"","overlay-color":"","overlay-opacity":"","overlay-gradient":""},"mobile":{"background-color":"","background-image":"","background-repeat":"repeat","background-position":"center center","background-size":"auto","background-attachment":"scroll","background-type":"","background-media":"","overlay-type":"","overlay-color":"","overlay-opacity":"","overlay-gradient":""}},"ast-content-background-meta":{"desktop":{"background-color":"var(--ast-global-color-4)","background-image":"","background-repeat":"repeat","background-position":"center center","background-size":"auto","background-attachment":"scroll","background-type":"","background-media":"","overlay-type":"","overlay-color":"","overlay-opacity":"","overlay-gradient":""},"tablet":{"background-color":"var(--ast-global-color-4)","background-image":"","background-repeat":"repeat","background-position":"center center","background-size":"auto","background-attachment":"scroll","background-type":"","background-media":"","overlay-type":"","overlay-color":"","overlay-opacity":"","overlay-gradient":""},"mobile":{"background-color":"var(--ast-global-color-4)","background-image":"","background-repeat":"repeat","background-position":"center center","background-size":"auto","background-attachment":"scroll","background-type":"","background-media":"","overlay-type":"","overlay-color":"","overlay-opacity":"","overlay-gradient":""}}},"product_brand":[290],"product_cat":[42],"product_tag":[298,296,299],"class_list":{"0":"post-831","1":"product","2":"type-product","3":"status-publish","4":"has-post-thumbnail","6":"product_brand-teflon-x","7":"product_cat-ptfe-corrugated-hoses","8":"product_tag-inner-smooth-outer-corrugated-ptfe-pipe","9":"product_tag-internal-flat-external-wave-corrugated-hose","10":"product_tag-ptfe-inner-flat-outer-corrugated-tube","11":"desktop-align-left","12":"tablet-align-left","13":"mobile-align-left","15":"first","16":"instock","17":"shipping-taxable","18":"product-type-simple"},"_links":{"self":[{"href":"https:\/\/teflonx.com\/es\/wp-json\/wp\/v2\/product\/831","targetHints":{"allow":["GET"]}}],"collection":[{"href":"https:\/\/teflonx.com\/es\/wp-json\/wp\/v2\/product"}],"about":[{"href":"https:\/\/teflonx.com\/es\/wp-json\/wp\/v2\/types\/product"}],"replies":[{"embeddable":true,"href":"https:\/\/teflonx.com\/es\/wp-json\/wp\/v2\/comments?post=831"}],"wp:featuredmedia":[{"embeddable":true,"href":"https:\/\/teflonx.com\/es\/wp-json\/wp\/v2\/media\/832"}],"wp:attachment":[{"href":"https:\/\/teflonx.com\/es\/wp-json\/wp\/v2\/media?parent=831"}],"wp:term":[{"taxonomy":"product_brand","embeddable":true,"href":"https:\/\/teflonx.com\/es\/wp-json\/wp\/v2\/product_brand?post=831"},{"taxonomy":"product_cat","embeddable":true,"href":"https:\/\/teflonx.com\/es\/wp-json\/wp\/v2\/product_cat?post=831"},{"taxonomy":"product_tag","embeddable":true,"href":"https:\/\/teflonx.com\/es\/wp-json\/wp\/v2\/product_tag?post=831"}],"curies":[{"name":"wp","href":"https:\/\/api.w.org\/{rel}","templated":true}]}}