{"id":833,"date":"2025-07-15T08:01:37","date_gmt":"2025-07-15T08:01:37","guid":{"rendered":"https:\/\/teflonx.com\/?post_type=product&#038;p=833"},"modified":"2025-07-19T02:41:39","modified_gmt":"2025-07-19T02:41:39","slug":"tubo-corrugado-plano-interior-y-exterior-de-ptfe-3","status":"publish","type":"product","link":"https:\/\/teflonx.com\/es\/product\/tubo-corrugado-plano-interior-y-exterior-de-ptfe-3\/","title":{"rendered":"Tubo corrugado flexible de PTFE con interior plano y exterior para procesamiento de alimentos"},"content":{"rendered":"<h1 id=\"flexible-ptfe-inner-flat-outer-corrugated-tubing-for-food-processing\">Tubo corrugado flexible de PTFE con interior plano y exterior para procesamiento de alimentos<\/h1>\n<p><strong>Compa\u00f1\u00eda:<\/strong> Tefl\u00f3n X<br \/>\n<strong>Sitio web:<\/strong> <a href=\"https:\/\/teflonx.com\/es\/\" target=\"_blank\" rel=\"noopener\">https:\/\/teflonx.com\/<\/a><br \/>\n<strong>P\u00e1gina de contacto:<\/strong> <a href=\"https:\/\/teflonx.com\/es\/contactanos\/\" target=\"_blank\" rel=\"noopener\">https:\/\/teflonx.com\/contact-us\/<\/a><br \/>\n<strong>Correo electr\u00f3nico:<\/strong> Allison.Ye@teflonx.com<\/p>\n<hr \/>\n<h2 id=\"product-description\">Descripci\u00f3n del Producto<\/h2>\n<p>Tefl\u00f3n X <strong>Tubo corrugado plano interior y exterior flexible de PTFE<\/strong> Est\u00e1 dise\u00f1ado espec\u00edficamente para aplicaciones de procesamiento de alimentos y ofrece una soluci\u00f3n ideal para la transferencia de fluidos higi\u00e9nica y flexible. Este tubo cuenta con... <strong>capa interior lisa<\/strong> (Interior liso) que facilita la limpieza sin esfuerzo y reduce la acumulaci\u00f3n de residuos, mientras que el <strong>capa exterior corrugada<\/strong> Maximiza la flexibilidad y capacidad de curvatura, lo que lo hace adecuado para dise\u00f1os de tuber\u00edas complejos y movimientos frecuentes en l\u00edneas de procesamiento de alimentos.<\/p>\n<p>Nuestro <strong>Tubo corrugado plano interior y exterior flexible de PTFE<\/strong> Est\u00e1 hecho de PTFE de alta calidad, lo que garantiza el cumplimiento de la FDA y una transferencia no t\u00f3xica y sin sabor de alimentos, bebidas y otros materiales sensibles. <strong>Tubo de fuelle de PTFE<\/strong> Su dise\u00f1o es perfecto para transportar materiales viscosos o pegajosos, evitando la contaminaci\u00f3n por sabor y soportando lavados frecuentes. Su excepcional resistencia qu\u00edmica y durabilidad lo convierten en una opci\u00f3n confiable para entornos exigentes.<\/p>\n<p>Incorporar el <strong>Tubo corrugado plano interno con onda externa<\/strong> En su configuraci\u00f3n, obtendr\u00e1 est\u00e1ndares de higiene superiores y un rendimiento duradero. Su dise\u00f1o \u00fanico minimiza el riesgo de contaminaci\u00f3n, admite esterilizaciones repetidas y ofrece una estabilidad mec\u00e1nica y t\u00e9rmica excepcional.<\/p>\n<hr \/>\n<h2 id=\"key-features\">Caracter\u00edsticas principales<\/h2>\n<ul>\n<li><strong>Material:<\/strong> PTFE (politetrafluoroetileno) de alta pureza<\/li>\n<li><strong>Superficie interior:<\/strong> Orificio plano y liso para una f\u00e1cil limpieza y reducci\u00f3n de residuos.<\/li>\n<li><strong>Superficie exterior:<\/strong> Corrugado para m\u00e1xima flexibilidad y resistencia a las torceduras.<\/li>\n<li><strong>Cumplimiento:<\/strong> Aprobado por la FDA, no t\u00f3xico y seguro para los alimentos.<\/li>\n<li><strong>Resistencia a la temperatura:<\/strong> Adecuado para una amplia gama de temperaturas.<\/li>\n<li><strong>Resistencia qu\u00edmica:<\/strong> Inerte a la mayor\u00eda de productos qu\u00edmicos, disolventes y agentes de limpieza.<\/li>\n<li><strong>Aplicaciones:<\/strong> Industrias de procesamiento de alimentos, transferencia de bebidas, l\u00e1cteas, farmac\u00e9uticas, cosm\u00e9ticas y qu\u00edmicas.<\/li>\n<\/ul>\n<hr \/>\n<h2 id=\"typical-applications\">Aplicaciones t\u00edpicas<\/h2>\n<ul>\n<li>L\u00edneas de transferencia de alimentos y bebidas<\/li>\n<li>Equipos de llenado de l\u00e1cteos y l\u00edquidos<\/li>\n<li>Fabricaci\u00f3n de productos farmac\u00e9uticos y cosm\u00e9ticos<\/li>\n<li>Procesamiento qu\u00edmico y uso en laboratorio<\/li>\n<li>Cualquier sistema que requiera tuber\u00edas flexibles, higi\u00e9nicas y resistentes a la corrosi\u00f3n.<\/li>\n<\/ul>\n<hr \/>\n<h2 id=\"technical-parameters\">Par\u00e1metros t\u00e9cnicos<\/h2>\n<table>\n<thead>\n<tr>\n<th>Tama\u00f1o<\/th>\n<th>Di\u00e1metro interior (mm)<\/th>\n<th>Di\u00e1metro exterior (mm)<\/th>\n<th>Presi\u00f3n de trabajo (bar)<\/th>\n<th>Presi\u00f3n de ruptura (bar)<\/th>\n<th>Radio de curvatura m\u00ednimo (mm)<\/th>\n<\/tr>\n<\/thead>\n<tbody>\n<tr>\n<td>1\/4&#8243;<\/td>\n<td>6,1 \u00b1 0,3<\/td>\n<td>9,9 \u00b1 0,3<\/td>\n<td>183<\/td>\n<td>551<\/td>\n<td>45<\/td>\n<\/tr>\n<tr>\n<td>5\/16&#8243;<\/td>\n<td>7,8 \u00b1 0,3<\/td>\n<td>11,4 \u00b1 0,3<\/td>\n<td>155<\/td>\n<td>466<\/td>\n<td>50<\/td>\n<\/tr>\n<tr>\n<td>3\/8&#8243;<\/td>\n<td>9,6 \u00b1 0,3<\/td>\n<td>14,1 \u00b1 0,3<\/td>\n<td>138<\/td>\n<td>414<\/td>\n<td>55<\/td>\n<\/tr>\n<tr>\n<td>1\/2&#8243;<\/td>\n<td>12,7 \u00b1 0,3<\/td>\n<td>17,2 \u00b1 0,3<\/td>\n<td>110<\/td>\n<td>331<\/td>\n<td>60<\/td>\n<\/tr>\n<tr>\n<td>5\/8&#8243;<\/td>\n<td>15,7 \u00b1 0,3<\/td>\n<td>20,7 \u00b1 0,3<\/td>\n<td>95<\/td>\n<td>286<\/td>\n<td>70<\/td>\n<\/tr>\n<tr>\n<td>3\/4&#8243;<\/td>\n<td>18,8 \u00b1 0,3<\/td>\n<td>23,7 \u00b1 0,3<\/td>\n<td>81<\/td>\n<td>245<\/td>\n<td>80<\/td>\n<\/tr>\n<tr>\n<td>1&#8243;<\/td>\n<td>25,4 \u00b1 0,3<\/td>\n<td>29\u00b10,3<\/td>\n<td>70<\/td>\n<td>211<\/td>\n<td>135<\/td>\n<\/tr>\n<\/tbody>\n<\/table>\n<hr \/>\n<h2 id=\"why-choose-teflon-x-s-flexible-ptfe-inner-flat-outer-corrugated-tubing-\">\u00bfPor qu\u00e9 elegir el tubo corrugado plano interior y exterior flexible de PTFE de Teflon X?<\/h2>\n<ul>\n<li><strong>Higiene superior:<\/strong> El orificio interior liso evita la acumulaci\u00f3n y permite una limpieza r\u00e1pida y eficaz, cumpliendo con las normas de seguridad alimentaria.<\/li>\n<li><strong>Mayor flexibilidad:<\/strong> El dise\u00f1o corrugado proporciona una flexibilidad excepcional, lo que facilita la instalaci\u00f3n y el mantenimiento en espacios reducidos o complejos.<\/li>\n<li><strong>Durabilidad y seguridad:<\/strong> La alta resistencia a los productos qu\u00edmicos, a las altas temperaturas y a las esterilizaciones repetidas garantiza un funcionamiento seguro a largo plazo.<\/li>\n<li><strong>Aplicaciones vers\u00e1tiles:<\/strong> Adecuado para las industrias de alimentos, bebidas, farmac\u00e9utica y qu\u00edmica, as\u00ed como para cualquier entorno que requiera tubos flexibles e higi\u00e9nicos.<\/li>\n<\/ul>\n<hr \/>\n<h2 id=\"order-contact\">Pedidos y contacto<\/h2>\n<p>Para obtener m\u00e1s informaci\u00f3n sobre nuestros <strong>Tubo corrugado plano interior y exterior flexible de PTFE<\/strong>, <strong>Tubo de PTFE corrugado exterior con orificio interior liso<\/strong>, o <strong>Tubo de fuelle de PTFE<\/strong> soluciones, visite nuestra <a href=\"https:\/\/teflonx.com\/es\/contactanos\/\" target=\"_blank\" rel=\"noopener\">P\u00e1gina de contacto<\/a> o env\u00edenos un correo electr\u00f3nico directamente a <strong>Allison.Ye@teflonx.com<\/strong>.<\/p>\n<hr \/>\n<blockquote><p>Aseg\u00farese de que sus l\u00edneas de procesamiento de alimentos est\u00e9n equipadas con lo mejor: elija los tubos corrugados planos interiores y exteriores flexibles de PTFE de Teflon X por su confiabilidad, higiene y flexibilidad.<\/p><\/blockquote>","protected":false},"excerpt":{"rendered":"<p>Nuestro tubo corrugado flexible de PTFE con interior plano y exterior est\u00e1 dise\u00f1ado con una capa interior lisa para facilitar la limpieza y una capa exterior corrugada para mayor flexibilidad en las l\u00edneas de procesamiento de alimentos. Este tubo de PTFE con interior liso y exterior corrugado garantiza la transferencia de comestibles y bebidas sin sustancias t\u00f3xicas, conforme a la FDA.<\/p>\n<p>Perfecta para transportar materiales viscosos, la variante de tubo con fuelle de PTFE evita la contaminaci\u00f3n por sabor y soporta lavados frecuentes.<\/p>\n<p>Incorpore este tubo corrugado de onda externa plana interna a su configuraci\u00f3n; su estructura de tubo corrugado de PTFE interior y exterior plano garantiza higiene y durabilidad.<\/p>","protected":false},"featured_media":834,"comment_status":"open","ping_status":"closed","template":"","meta":{"site-sidebar-layout":"default","site-content-layout":"","ast-site-content-layout":"default","site-content-style":"default","site-sidebar-style":"default","ast-global-header-display":"","ast-banner-title-visibility":"","ast-main-header-display":"","ast-hfb-above-header-display":"","ast-hfb-below-header-display":"","ast-hfb-mobile-header-display":"","site-post-title":"","ast-breadcrumbs-content":"","ast-featured-img":"","footer-sml-layout":"","ast-disable-related-posts":"","theme-transparent-header-meta":"default","adv-header-id-meta":"","stick-header-meta":"","header-above-stick-meta":"","header-main-stick-meta":"","header-below-stick-meta":"","astra-migrate-meta-layouts":"set","ast-page-background-enabled":"default","ast-page-background-meta":{"desktop":{"background-color":"var(--ast-global-color-5)","background-image":"","background-repeat":"repeat","background-position":"center center","background-size":"auto","background-attachment":"scroll","background-type":"","background-media":"","overlay-type":"","overlay-color":"","overlay-opacity":"","overlay-gradient":""},"tablet":{"background-color":"","background-image":"","background-repeat":"repeat","background-position":"center center","background-size":"auto","background-attachment":"scroll","background-type":"","background-media":"","overlay-type":"","overlay-color":"","overlay-opacity":"","overlay-gradient":""},"mobile":{"background-color":"","background-image":"","background-repeat":"repeat","background-position":"center center","background-size":"auto","background-attachment":"scroll","background-type":"","background-media":"","overlay-type":"","overlay-color":"","overlay-opacity":"","overlay-gradient":""}},"ast-content-background-meta":{"desktop":{"background-color":"var(--ast-global-color-4)","background-image":"","background-repeat":"repeat","background-position":"center center","background-size":"auto","background-attachment":"scroll","background-type":"","background-media":"","overlay-type":"","overlay-color":"","overlay-opacity":"","overlay-gradient":""},"tablet":{"background-color":"var(--ast-global-color-4)","background-image":"","background-repeat":"repeat","background-position":"center center","background-size":"auto","background-attachment":"scroll","background-type":"","background-media":"","overlay-type":"","overlay-color":"","overlay-opacity":"","overlay-gradient":""},"mobile":{"background-color":"var(--ast-global-color-4)","background-image":"","background-repeat":"repeat","background-position":"center center","background-size":"auto","background-attachment":"scroll","background-type":"","background-media":"","overlay-type":"","overlay-color":"","overlay-opacity":"","overlay-gradient":""}}},"product_brand":[290],"product_cat":[42],"product_tag":[300,291,297],"class_list":{"0":"post-833","1":"product","2":"type-product","3":"status-publish","4":"has-post-thumbnail","6":"product_brand-teflon-x","7":"product_cat-ptfe-corrugated-hoses","8":"product_tag-flexible-ptfe-inner-flat-outer-corrugated-tubing","9":"product_tag-inner-smooth-bore-outer-corrugated-ptfe-tube","10":"product_tag-ptfe-bellows-tube","11":"desktop-align-left","12":"tablet-align-left","13":"mobile-align-left","15":"first","16":"instock","17":"shipping-taxable","18":"product-type-simple"},"_links":{"self":[{"href":"https:\/\/teflonx.com\/es\/wp-json\/wp\/v2\/product\/833","targetHints":{"allow":["GET"]}}],"collection":[{"href":"https:\/\/teflonx.com\/es\/wp-json\/wp\/v2\/product"}],"about":[{"href":"https:\/\/teflonx.com\/es\/wp-json\/wp\/v2\/types\/product"}],"replies":[{"embeddable":true,"href":"https:\/\/teflonx.com\/es\/wp-json\/wp\/v2\/comments?post=833"}],"wp:featuredmedia":[{"embeddable":true,"href":"https:\/\/teflonx.com\/es\/wp-json\/wp\/v2\/media\/834"}],"wp:attachment":[{"href":"https:\/\/teflonx.com\/es\/wp-json\/wp\/v2\/media?parent=833"}],"wp:term":[{"taxonomy":"product_brand","embeddable":true,"href":"https:\/\/teflonx.com\/es\/wp-json\/wp\/v2\/product_brand?post=833"},{"taxonomy":"product_cat","embeddable":true,"href":"https:\/\/teflonx.com\/es\/wp-json\/wp\/v2\/product_cat?post=833"},{"taxonomy":"product_tag","embeddable":true,"href":"https:\/\/teflonx.com\/es\/wp-json\/wp\/v2\/product_tag?post=833"}],"curies":[{"name":"wp","href":"https:\/\/api.w.org\/{rel}","templated":true}]}}