{"id":1020,"date":"2025-11-24T05:51:04","date_gmt":"2025-11-24T05:51:04","guid":{"rendered":"https:\/\/teflonx.com\/?post_type=product&#038;p=1020"},"modified":"2025-11-24T05:51:05","modified_gmt":"2025-11-24T05:51:05","slug":"tuyau-ptfe-haute-pression-evase","status":"publish","type":"product","link":"https:\/\/teflonx.com\/fr\/product\/tuyau-ptfe-haute-pression-evase\/","title":{"rendered":"Extr\u00e9mit\u00e9s \u00e9vas\u00e9es de tuyaux PTFE haute pression - Pour les travaux hydrauliques exigeants"},"content":{"rendered":"<h1 id=\"high-pressure-ptfe-hose-flared-ends-for-demanding-hydraulic-jobs\">Extr\u00e9mit\u00e9s \u00e9vas\u00e9es de tuyaux PTFE haute pression - Pour les travaux hydrauliques exigeants<\/h1>\n<p>Am\u00e9liorez vos syst\u00e8mes hydrauliques et pneumatiques avec le <strong>Teflon X Tuyau haute pression en PTFE avec extr\u00e9mit\u00e9s \u00e9vas\u00e9es<\/strong>Le syst\u00e8me est con\u00e7u pour offrir une r\u00e9sistance et une fiabilit\u00e9 sup\u00e9rieures dans les environnements les plus difficiles. Ce robuste <strong>Tuyau PTFE haute pression avec extr\u00e9mit\u00e9s \u00e9vas\u00e9es<\/strong> offre une s\u00e9curit\u00e9, une durabilit\u00e9 et des performances in\u00e9gal\u00e9es, ce qui en fait la solution id\u00e9ale pour les applications exigeantes impliquant des pressions \u00e9lev\u00e9es et des fluides corrosifs.<\/p>\n<p>Con\u00e7us avec un rev\u00eatement en PTFE (polyt\u00e9trafluoro\u00e9thyl\u00e8ne) de premi\u00e8re qualit\u00e9 et un renfort en tresse d'acier inoxydable, nos <strong>Tuyau PTFE haute pression avec extr\u00e9mit\u00e9s \u00e9vas\u00e9es<\/strong> offre une r\u00e9sistance exceptionnelle aux produits chimiques, aux temp\u00e9ratures extr\u00eames et aux pressions intenses. La conception innovante des extr\u00e9mit\u00e9s \u00e9vas\u00e9es garantit une connexion s\u00fbre et \u00e9tanche, minimisant les temps d'arr\u00eat et am\u00e9liorant l'int\u00e9grit\u00e9 du syst\u00e8me. Id\u00e9ale pour les travaux hydrauliques qui exigent pr\u00e9cision et r\u00e9sistance, cette vanne est id\u00e9ale pour les travaux de maintenance. <strong>Tuyau PTFE haute pression avec extr\u00e9mit\u00e9s \u00e9vas\u00e9es<\/strong> surpasse les tuyaux standard en assurant une circulation fluide et non contaminante, m\u00eame en cas de contraintes maximales.<\/p>\n<h2 id=\"key-features-of-teflon-x-high-pressure-ptfe-hose-with-flared-ends\">Caract\u00e9ristiques principales du tuyau PTFE haute pression Teflon X avec extr\u00e9mit\u00e9s \u00e9vas\u00e9es<\/h2>\n<ul>\n<li><strong>Capacit\u00e9 de haute pression<\/strong>: Les pompes sont con\u00e7ues pour r\u00e9sister \u00e0 des pressions allant jusqu'\u00e0 3 000 PSI ou plus, ce qui les rend id\u00e9ales pour les syst\u00e8mes hydrauliques qui doivent supporter des charges extr\u00eames sans compromis.<\/li>\n<li><strong>Extr\u00e9mit\u00e9s \u00e9vas\u00e9es Int\u00e9gration<\/strong>: La construction \u00e0 \u00e9vasement permet une fixation sans soudure du raccord, r\u00e9duisant ainsi les points de d\u00e9faillance potentiels dans les syst\u00e8mes d'alimentation en eau. <strong>Tuyau PTFE haute pression avec extr\u00e9mit\u00e9s \u00e9vas\u00e9es<\/strong> configurations.<\/li>\n<li><strong>R\u00e9sistance aux produits chimiques et \u00e0 la corrosion<\/strong>: Le rev\u00eatement en PTFE r\u00e9siste aux acides, aux solvants et aux fluides agressifs, garantissant une long\u00e9vit\u00e9 dans les environnements industriels agressifs.<\/li>\n<li><strong>Stabilit\u00e9 thermique<\/strong>: Fonctionne de mani\u00e8re fiable de -65\u00b0F \u00e0 500\u00b0F (-54\u00b0C \u00e0 260\u00b0C), convient aux applications cryog\u00e9niques et \u00e0 haute temp\u00e9rature.<\/li>\n<li><strong>Flexibilit\u00e9 et r\u00e9sistance aux plis<\/strong>: La tresse en acier inoxydable offre un rayon de courbure et une durabilit\u00e9 sup\u00e9rieurs, id\u00e9al pour le routage dynamique dans les espaces restreints.<\/li>\n<li><strong>Option de dissipation statique<\/strong>: Des variantes de PTFE conducteur sont disponibles pour la mise \u00e0 la terre dans des environnements explosifs ou sensibles \u00e0 l'\u00e9lectricit\u00e9 statique.<\/li>\n<li><strong>Fabrication sur mesure<\/strong>: Des longueurs, des diam\u00e8tres et des embouts sur mesure pour r\u00e9pondre \u00e0 vos besoins sp\u00e9cifiques. <strong>Tuyau PTFE haute pression avec extr\u00e9mit\u00e9s \u00e9vas\u00e9es<\/strong> exigences.<\/li>\n<\/ul>\n<p>Le <strong>Tuyau PTFE haute pression avec extr\u00e9mit\u00e9s \u00e9vas\u00e9es<\/strong> de Teflon X associe une construction robuste \u00e0 une installation conviviale, \u00e9tablissant ainsi une nouvelle norme en mati\u00e8re de performance hydraulique.<\/p>\n<h2 id=\"technical-specifications\">Sp\u00e9cifications techniques<\/h2>\n<p>Le tableau suivant d\u00e9taille les param\u00e8tres standard pour le <strong>Teflon X Tuyau haute pression en PTFE avec extr\u00e9mit\u00e9s \u00e9vas\u00e9es<\/strong>. Ces sp\u00e9cifications sont d\u00e9riv\u00e9es des r\u00e9f\u00e9rences industrielles pour les tuyaux PTFE haute pression, garantissant une compatibilit\u00e9 et une s\u00e9curit\u00e9 optimales dans les applications hydrauliques.<\/p>\n<table>\n<thead>\n<tr>\n<th>Param\u00e8tre<\/th>\n<th>Sp\u00e9cifications<\/th>\n<th>D\u00e9tails<\/th>\n<\/tr>\n<\/thead>\n<tbody>\n<tr>\n<td><strong>Mat\u00e9riau (doublure)<\/strong><\/td>\n<td>PTFE (Polytetrafluoroethylene)<\/td>\n<td>Al\u00e9sage lisse, rev\u00eatement chimiquement inerte pour un transfert sans contamination ; noyau conducteur en option pour la dissipation de l'\u00e9lectricit\u00e9 statique.<\/td>\n<\/tr>\n<tr>\n<td><strong>Renforcement<\/strong><\/td>\n<td>Tresse en acier inoxydable 304\/316<\/td>\n<td>Am\u00e9liore la r\u00e9sistance \u00e0 la pression et la flexibilit\u00e9 ; r\u00e9sistant \u00e0 la corrosion pour une utilisation \u00e0 long terme.<\/td>\n<\/tr>\n<tr>\n<td><strong>Raccords d&#039;extr\u00e9mit\u00e9<\/strong><\/td>\n<td>Extr\u00e9mit\u00e9s \u00e9vas\u00e9es (conception Flare-Thru)<\/td>\n<td>L'\u00e9tanch\u00e9it\u00e9 directe entre le PTFE et le raccord emp\u00eache les fuites et la contamination m\u00e9tallique ; compatible avec les raccords JIC 37\u00b0 flare.<\/td>\n<\/tr>\n<tr>\n<td><strong>Gamme ID<\/strong><\/td>\n<td>1\/4\u2033 \u00e0 2\u2033 (6mm \u00e0 50mm)<\/td>\n<td>Adaptable \u00e0 diff\u00e9rents d\u00e9bits hydrauliques ; ID personnalis\u00e9s disponibles.<\/td>\n<\/tr>\n<tr>\n<td><strong>Gamme OD<\/strong><\/td>\n<td>0,5\u2033 \u00e0 2,75\u2033 (12mm \u00e0 70mm)<\/td>\n<td>Ajust\u00e9 en fonction des couches de tresse pour une r\u00e9sistance accrue dans les sc\u00e9narios \u00e0 haute pression.<\/td>\n<\/tr>\n<tr>\n<td><strong>Pression de service maximale<\/strong><\/td>\n<td>Jusqu'\u00e0 276 bar (4 000 PSI)<\/td>\n<td>En fonction de la taille ; pression d'\u00e9clatement test\u00e9e \u00e0 4x la pression de service pour la s\u00e9curit\u00e9.<\/td>\n<\/tr>\n<tr>\n<td><strong>Plage de temp\u00e9rature<\/strong><\/td>\n<td>De -65\u00b0F \u00e0 500\u00b0F (de -54\u00b0C \u00e0 260\u00b0C)<\/td>\n<td>Performance totale dans des conditions thermiques extr\u00eames, y compris dans le vide.<\/td>\n<\/tr>\n<tr>\n<td><strong>Rayon de courbure<\/strong><\/td>\n<td>4x ID (minimum)<\/td>\n<td>Maintient l'int\u00e9grit\u00e9 de l'\u00e9coulement et r\u00e9siste \u00e0 l'entortillement dans les \u00e9quipements mobiles.<\/td>\n<\/tr>\n<tr>\n<td><strong>Longueur<\/strong><\/td>\n<td>Jusqu'\u00e0 30 m par assemblage<\/td>\n<td>Options \u00e9tendues pour un routage complexe ; coupes personnalis\u00e9es pour des ajustements de pr\u00e9cision.<\/td>\n<\/tr>\n<tr>\n<td><strong>Respect des normes<\/strong><\/td>\n<td>SAE 100R14, FDA (pour les supports compatibles), ISO 9001<\/td>\n<td>R\u00e9pond aux normes hydrauliques, sanitaires et de qualit\u00e9 pour une utilisation industrielle.<\/td>\n<\/tr>\n<tr>\n<td><strong>Conductivit\u00e9<\/strong><\/td>\n<td>PTFE dissipateur d'\u00e9lectricit\u00e9 statique en option<\/td>\n<td>Assure une dissipation s\u00fbre dans les endroits dangereux.<\/td>\n<\/tr>\n<\/tbody>\n<\/table>\n<p><em>Remarque : les valeurs nominales exactes peuvent varier en fonction des besoins du client. Consultez Teflon X pour obtenir les courbes de pression, les certifications des mat\u00e9riaux et des conseils sp\u00e9cifiques \u00e0 votre application. <strong>Tuyau PTFE haute pression avec extr\u00e9mit\u00e9s \u00e9vas\u00e9es<\/strong>.<\/em><\/p>\n<h2 id=\"applications\">Applications<\/h2>\n<p>Le <strong>Teflon X Tuyau haute pression en PTFE avec extr\u00e9mit\u00e9s \u00e9vas\u00e9es<\/strong> est con\u00e7u pour les environnements \u00e0 fort enjeu o\u00f9 la fiabilit\u00e9 n'est pas n\u00e9gociable :<\/p>\n<ul>\n<li><strong>Syst\u00e8mes hydrauliques<\/strong>: Alimentation de machines lourdes, de presses et d'\u00e9quipements de construction par transfert de fluides \u00e0 haute pression.<\/li>\n<li><strong>Op\u00e9rations pneumatiques<\/strong>: Fournir de l'air ou des gaz comprim\u00e9s dans les cha\u00eenes de fabrication automatis\u00e9es.<\/li>\n<li><strong>Chimie et p\u00e9trochimie<\/strong>: Transport de fluides corrosifs dans les raffineries et les usines de traitement.<\/li>\n<li><strong>A\u00e9rospatiale et automobile<\/strong>: Connexions de pr\u00e9cision pour les syst\u00e8mes de carburant, hydrauliques et de refroidissement dans des conditions extr\u00eames.<\/li>\n<li><strong>Marine et offshore<\/strong>: R\u00e9sistant \u00e0 l'exposition \u00e0 l'eau sal\u00e9e et aux pressions \u00e9lev\u00e9es dans les environnements difficiles.<\/li>\n<\/ul>\n<p>Ce <strong>Tuyau PTFE haute pression avec extr\u00e9mit\u00e9s \u00e9vas\u00e9es<\/strong> optimise l'efficacit\u00e9 des flux, r\u00e9duit la maintenance et renforce la s\u00e9curit\u00e9 op\u00e9rationnelle dans tous ces secteurs.<\/p>\n<h2 id=\"why-choose-teflon-x-\">Pourquoi choisir Teflon X ?<\/h2>\n<p>Teflon X est \u00e0 la pointe de l'innovation dans le domaine du PTFE, offrant le meilleur rapport qualit\u00e9-prix du march\u00e9. <strong>Tuyau PTFE haute pression avec extr\u00e9mit\u00e9s \u00e9vas\u00e9es<\/strong> avec des tests rigoureux et une assistance experte. Notre engagement en faveur de la qualit\u00e9 garantit un fonctionnement plus fluide et plus s\u00fbr de vos syst\u00e8mes. Parcourez notre collection sur <a href=\"https:\/\/teflonx.com\/fr\/\" target=\"_blank\" rel=\"noopener\">T\u00e9flon X<\/a>.<\/p>\n<p>Pr\u00eat \u00e0 passer \u00e0 la vitesse sup\u00e9rieure ? Contactez-nous par l'interm\u00e9diaire de notre <a href=\"https:\/\/teflonx.com\/fr\/contactez-nous\/\" target=\"_blank\" rel=\"noopener\">Page Contactez-nous<\/a> ou par courriel <strong>Allison.Ye@teflonx.com<\/strong> pour des devis, des \u00e9chantillons ou des demandes personnalis\u00e9es <strong>Tuyau PTFE haute pression avec extr\u00e9mit\u00e9s \u00e9vas\u00e9es<\/strong> solutions. Nous sommes l\u00e0 pour vous aider \u00e0 r\u00e9ussir !<\/p>\n<hr \/>","protected":false},"excerpt":{"rendered":"<p>Vous avez besoin d'un tuyau PTFE haute pression \u00e0 extr\u00e9mit\u00e9s \u00e9vas\u00e9es ? Nos tuyaux excellent dans les syst\u00e8mes hydrauliques et pneumatiques exigeants. Ce tuyau PTFE haute pression robuste offre une s\u00e9curit\u00e9 et une durabilit\u00e9 in\u00e9gal\u00e9es.<\/p>","protected":false},"featured_media":1021,"comment_status":"open","ping_status":"closed","template":"","meta":{"site-sidebar-layout":"default","site-content-layout":"","ast-site-content-layout":"default","site-content-style":"default","site-sidebar-style":"default","ast-global-header-display":"","ast-banner-title-visibility":"","ast-main-header-display":"","ast-hfb-above-header-display":"","ast-hfb-below-header-display":"","ast-hfb-mobile-header-display":"","site-post-title":"","ast-breadcrumbs-content":"","ast-featured-img":"","footer-sml-layout":"","ast-disable-related-posts":"","theme-transparent-header-meta":"default","adv-header-id-meta":"","stick-header-meta":"","header-above-stick-meta":"","header-main-stick-meta":"","header-below-stick-meta":"","astra-migrate-meta-layouts":"set","ast-page-background-enabled":"default","ast-page-background-meta":{"desktop":{"background-color":"var(--ast-global-color-5)","background-image":"","background-repeat":"repeat","background-position":"center center","background-size":"auto","background-attachment":"scroll","background-type":"","background-media":"","overlay-type":"","overlay-color":"","overlay-opacity":"","overlay-gradient":""},"tablet":{"background-color":"","background-image":"","background-repeat":"repeat","background-position":"center center","background-size":"auto","background-attachment":"scroll","background-type":"","background-media":"","overlay-type":"","overlay-color":"","overlay-opacity":"","overlay-gradient":""},"mobile":{"background-color":"","background-image":"","background-repeat":"repeat","background-position":"center center","background-size":"auto","background-attachment":"scroll","background-type":"","background-media":"","overlay-type":"","overlay-color":"","overlay-opacity":"","overlay-gradient":""}},"ast-content-background-meta":{"desktop":{"background-color":"var(--ast-global-color-4)","background-image":"","background-repeat":"repeat","background-position":"center center","background-size":"auto","background-attachment":"scroll","background-type":"","background-media":"","overlay-type":"","overlay-color":"","overlay-opacity":"","overlay-gradient":""},"tablet":{"background-color":"var(--ast-global-color-4)","background-image":"","background-repeat":"repeat","background-position":"center center","background-size":"auto","background-attachment":"scroll","background-type":"","background-media":"","overlay-type":"","overlay-color":"","overlay-opacity":"","overlay-gradient":""},"mobile":{"background-color":"var(--ast-global-color-4)","background-image":"","background-repeat":"repeat","background-position":"center center","background-size":"auto","background-attachment":"scroll","background-type":"","background-media":"","overlay-type":"","overlay-color":"","overlay-opacity":"","overlay-gradient":""}}},"product_brand":[290],"product_cat":[40],"product_tag":[444,443,448,447,445,446],"class_list":{"0":"post-1020","1":"product","2":"type-product","3":"status-publish","4":"has-post-thumbnail","6":"product_brand-teflon-x","7":"product_cat-ptfe-tubes","8":"product_tag-flared-hydraulic-hose","9":"product_tag-high-pressure-hose","10":"product_tag-high-pressure-ptfe-hose-flared","11":"product_tag-industrial-hydraulics","12":"product_tag-ptfe-pressure-tubing","13":"product_tag-ss-braided-hose","14":"desktop-align-left","15":"tablet-align-left","16":"mobile-align-left","18":"first","19":"instock","20":"shipping-taxable","21":"product-type-simple"},"_links":{"self":[{"href":"https:\/\/teflonx.com\/fr\/wp-json\/wp\/v2\/product\/1020","targetHints":{"allow":["GET"]}}],"collection":[{"href":"https:\/\/teflonx.com\/fr\/wp-json\/wp\/v2\/product"}],"about":[{"href":"https:\/\/teflonx.com\/fr\/wp-json\/wp\/v2\/types\/product"}],"replies":[{"embeddable":true,"href":"https:\/\/teflonx.com\/fr\/wp-json\/wp\/v2\/comments?post=1020"}],"wp:featuredmedia":[{"embeddable":true,"href":"https:\/\/teflonx.com\/fr\/wp-json\/wp\/v2\/media\/1021"}],"wp:attachment":[{"href":"https:\/\/teflonx.com\/fr\/wp-json\/wp\/v2\/media?parent=1020"}],"wp:term":[{"taxonomy":"product_brand","embeddable":true,"href":"https:\/\/teflonx.com\/fr\/wp-json\/wp\/v2\/product_brand?post=1020"},{"taxonomy":"product_cat","embeddable":true,"href":"https:\/\/teflonx.com\/fr\/wp-json\/wp\/v2\/product_cat?post=1020"},{"taxonomy":"product_tag","embeddable":true,"href":"https:\/\/teflonx.com\/fr\/wp-json\/wp\/v2\/product_tag?post=1020"}],"curies":[{"name":"wp","href":"https:\/\/api.w.org\/{rel}","templated":true}]}}