{"id":314,"date":"2025-03-22T13:35:44","date_gmt":"2025-03-22T13:35:44","guid":{"rendered":"https:\/\/teflonx.com\/?post_type=product&#038;p=314"},"modified":"2026-01-01T13:04:17","modified_gmt":"2026-01-01T13:04:17","slug":"tuyau-annele-en-ptfe-transparent","status":"publish","type":"product","link":"https:\/\/teflonx.com\/fr\/product\/tuyau-annele-en-ptfe-transparent\/","title":{"rendered":"Tuyau ondul\u00e9 en PTFE transparent sur mesure pour haute pression et chaleur"},"content":{"rendered":"<h1>Tuyau annel\u00e9 en PTFE transparent sur mesure pour haute pression et haute temp\u00e9rature<\/h1>\n<p>Bienvenue \u00e0 <strong>T\u00e9flon X<\/strong>, votre source privil\u00e9gi\u00e9e pour des solutions avanc\u00e9es en fluoropolym\u00e8res. Nous sommes fiers de pr\u00e9senter notre produit phare <strong>Tuyau ondul\u00e9 en PTFE transparent de dimensions personnalis\u00e9es<\/strong>, un produit r\u00e9volutionnaire con\u00e7u pour r\u00e9pondre aux exigences rigoureuses de l'industrie moderne. Que vous soyez confront\u00e9 \u00e0 des produits chimiques agressifs, \u00e0 des temp\u00e9ratures extr\u00eames ou \u00e0 des environnements \u00e0 haute pression, nos <strong>tuyau en PTFE<\/strong> solutions sont con\u00e7ues pour offrir des performances et une s\u00e9curit\u00e9 in\u00e9gal\u00e9es.<\/p>\n<h2>Pr\u00e9sentation du produit<\/h2>\n<p>Notre <strong>Tuyau ondul\u00e9 en PTFE transparent de dimensions personnalis\u00e9es<\/strong> n'est pas seulement une solution de tubage standard ; c'est un composant essentiel pour les syst\u00e8mes o\u00f9 la d\u00e9faillance n'est pas une option. Fabriqu\u00e9 \u00e0 partir de polyt\u00e9trafluoro\u00e9thyl\u00e8ne (PTFE) de haute qualit\u00e9, ce <strong>tuyau en t\u00e9flon<\/strong> combine la flexibilit\u00e9 avec l'inertie chimique l\u00e9gendaire du PTFE. Sa conception ondul\u00e9e unique permet un rayon de courbure serr\u00e9 sans pliage, ce qui en fait un choix id\u00e9al pour des trac\u00e9s complexes dans des espaces restreints.<\/p>\n<p>L'une des caract\u00e9ristiques les plus remarquables de cette <strong>tuyau flexible en PTFE<\/strong> est sa transparence. Contrairement aux tuyaux opaques standards, notre conception transparente permet aux op\u00e9rateurs d'effectuer une surveillance visuelle en temps r\u00e9el du d\u00e9bit, des obstructions ou des bulles d'air, am\u00e9liorant consid\u00e9rablement la s\u00e9curit\u00e9 et l'efficacit\u00e9 op\u00e9rationnelle.<\/p>\n<h3>Principales caract\u00e9ristiques et avantages<\/h3>\n<ul>\n<li><strong>R\u00e9sistance aux temp\u00e9ratures extr\u00eames :<\/strong> Capable de fonctionner dans des environnements allant des froids cryog\u00e9niques de -200 \u00b0C aux chaleurs extr\u00eames de 260 \u00b0C.<\/li>\n<li><strong>Inertie chimique sup\u00e9rieure :<\/strong> R\u00e9sistant \u00e0 presque tous les produits chimiques industriels, solvants et agents corrosifs, ce qui en fait une solution fiable <strong>tuyau en PTFE<\/strong> pour les traitements rigoureux.<\/li>\n<li><strong>Capacit\u00e9 Haute Pression :<\/strong> Con\u00e7u pour fonctionner comme un composant robuste <strong>tuyau en t\u00e9flon haute pression<\/strong>, garantissant la stabilit\u00e9 sous contrainte.<\/li>\n<li><strong>Surface antiadh\u00e9sive :<\/strong> Le faible coefficient de friction assure un \u00e9coulement fluide et emp\u00eache l'accumulation de r\u00e9sidus, simplifiant ainsi le nettoyage et la maintenance.<\/li>\n<li><strong>Flexibilit\u00e9 et durabilit\u00e9 :<\/strong> La conception \u00e0 spires h\u00e9lico\u00efdales offre une excellente flexibilit\u00e9 et une absorption des vibrations.<\/li>\n<\/ul>\n<h2>Sp\u00e9cifications techniques d\u00e9taill\u00e9es<\/h2>\n<p>\u00c0 <strong>T\u00e9flon X<\/strong>, nous comprenons que la pr\u00e9cision est primordiale. Vous trouverez ci-dessous les param\u00e8tres sp\u00e9cifiques de notre <strong>Tuyau ondul\u00e9 en PTFE transparent de dimensions personnalis\u00e9es<\/strong>. Veuillez les consulter afin de vous assurer de la compatibilit\u00e9 avec votre syst\u00e8me.<\/p>\n<table style=\"width: 100%; border-collapse: collapse; border: 1px solid #ddd;\" border=\"1\" cellspacing=\"0\" cellpadding=\"10\">\n<thead style=\"background-color: #f2f2f2;\">\n<tr>\n<th>Param\u00e8tre<\/th>\n<th>Sp\u00e9cifications<\/th>\n<\/tr>\n<\/thead>\n<tbody>\n<tr>\n<td><strong>Nom du produit<\/strong><\/td>\n<td>Tuyau ondul\u00e9 en PTFE transparent de dimensions personnalis\u00e9es<\/td>\n<\/tr>\n<tr>\n<td><strong>Mat\u00e9riel<\/strong><\/td>\n<td>100% PTFE vierge (polyt\u00e9trafluoro\u00e9thyl\u00e8ne)<\/td>\n<\/tr>\n<tr>\n<td><strong>Plage de temp\u00e9rature<\/strong><\/td>\n<td>-200\u00b0C \u00e0 +260\u00b0C (-328\u00b0F \u00e0 +500\u00b0F)<\/td>\n<\/tr>\n<tr>\n<td><strong>Pression nominale<\/strong><\/td>\n<td>Con\u00e7u pour des applications \u00e0 haute pression (la valeur sp\u00e9cifique d\u00e9pend de l'\u00e9paisseur de la paroi et du diam\u00e8tre)<\/td>\n<\/tr>\n<tr>\n<td><strong>Apparence<\/strong><\/td>\n<td>Transparent \/ Translucide pour la surveillance visuelle du d\u00e9bit<\/td>\n<\/tr>\n<tr>\n<td><strong>Structure<\/strong><\/td>\n<td>Ondul\u00e9 (Convolut\u00e9) pour une Flexibilit\u00e9 Accrue<\/td>\n<\/tr>\n<tr>\n<td><strong>Personnalisation<\/strong><\/td>\n<td>Disponible en divers diam\u00e8tres, longueurs et \u00e9paisseurs de paroi<\/td>\n<\/tr>\n<\/tbody>\n<\/table>\n<h2>Applications de notre tuyau en T\u00e9flon haute pression<\/h2>\n<p>La polyvalence de notre <strong>tuyau flexible en PTFE<\/strong> en fait un \u00e9l\u00e9ment incontournable dans divers secteurs. Les industries qui comptent sur la puret\u00e9 et la durabilit\u00e9 d'une haute qualit\u00e9 <strong>tuyau en t\u00e9flon<\/strong> comprennent :<\/p>\n<ol>\n<li><strong>Traitement chimique :<\/strong> Transfert s\u00e9curis\u00e9 d'acides, de bases et de solvants l\u00e0 o\u00f9 les tuyaux en caoutchouc standards \u00e9choueraient.<\/li>\n<li><strong>Oil &amp; Gas:<\/strong> utilis\u00e9 comme un \u00e9l\u00e9ment fiable <strong>tuyau en t\u00e9flon haute pression<\/strong> dans les \u00e9quipements d'exploration et de raffinage.<\/li>\n<li><strong>Fabrication de semi-conducteurs :<\/strong> La haute puret\u00e9 de notre <strong>tuyau en PTFE<\/strong> garantit l'absence de contamination dans les processus de production de puces sensibles.<\/li>\n<li><strong>Pharmaceutique et Alimentaire :<\/strong> Conforme aux normes d'hygi\u00e8ne, garantissant que le milieu transf\u00e9r\u00e9 reste pur et inalt\u00e9r\u00e9.<\/li>\n<li><strong>Automobile et A\u00e9rospatiale :<\/strong> Utilis\u00e9 pour les conduites de carburant et les syst\u00e8mes de freinage o\u00f9 la r\u00e9sistance \u00e0 la chaleur et \u00e0 la pression est critique.<\/li>\n<\/ol>\n<h2>Pourquoi choisir Teflon X ?<\/h2>\n<p>Lors de la recherche d'un \u00ab<strong>tuyau en t\u00e9flon<\/strong>\u00bb ou \u00ab<strong>tuyau flexible en PTFE<\/strong>\u00bb, l'assurance qualit\u00e9 est primordiale. <strong>T\u00e9flon X<\/strong> utilise une technologie d'extrusion et d'ondulation de pointe pour produire des tuyaux conformes aux normes internationales strictes. Notre engagement envers la personnalisation signifie que nous ne vendons pas seulement des produits standard ; nous adaptons notre <strong>tuyau en t\u00e9flon haute pression<\/strong> \u00e0 vos exigences exactes de longueur et de diam\u00e8tre.<\/p>\n<p>Ce <strong>Tuyau ondul\u00e9 en PTFE transparent de dimensions personnalis\u00e9es<\/strong> offre une r\u00e9sistance chimique exceptionnelle et une stabilit\u00e9 thermique (-200\u00b0C \u00e0 260\u00b0C), id\u00e9al pour les applications industrielles \u00e0 haute pression. Sa conception transparente permet une surveillance en temps r\u00e9el, tandis que les tailles personnalis\u00e9es garantissent une compatibilit\u00e9 pr\u00e9cise. Parfait pour le traitement chimique, le secteur p\u00e9trolier et gazier, et les environnements \u00e0 temp\u00e9ratures extr\u00eames.<\/p>\n<h2>Contactez-nous pour des solutions personnalis\u00e9es<\/h2>\n<p>\u00cates-vous pr\u00eat \u00e0 mettre \u00e0 niveau vos syst\u00e8mes de transfert de fluides avec le meilleur <strong>tuyau en PTFE<\/strong> sur le march\u00e9 ? Que vous ayez besoin d'une taille standard ou d'une solution enti\u00e8rement personnalis\u00e9e, <strong>tuyau en t\u00e9flon haute pression<\/strong> notre \u00e9quipe d'ing\u00e9nierie est l\u00e0 pour vous assister.<\/p>\n<p>Pour toute demande de renseignements, devis ou support technique concernant nos <strong>tuyau flexible en PTFE<\/strong> produits, n'h\u00e9sitez pas \u00e0 nous contacter :<\/p>\n<ul>\n<li><strong>Visitez notre site web :<\/strong> <a href=\"https:\/\/teflonx.com\/fr\/\" target=\"_blank\" rel=\"noopener\">https:\/\/teflonx.com\/<\/a><\/li>\n<li><strong>Page de contact :<\/strong> <a href=\"https:\/\/teflonx.com\/fr\/contactez-nous\/\" target=\"_blank\" rel=\"noopener\">Obtenir un devis<\/a><\/li>\n<li><strong>Contacter le service commercial par e-mail :<\/strong> <a href=\"mailto:allison.ye@teflonx.com\">allison.ye@teflonx.com<\/a><\/li>\n<\/ul>\n<p>Choisissez <strong>T\u00e9flon X<\/strong> pour la fiabilit\u00e9, la transparence et la performance dans chaque m\u00e8tre de tuyau que nous livrons.<\/p>","protected":false},"excerpt":{"rendered":"<p>Ce <strong>Tube ondul\u00e9 en PTFE<\/strong> offre des prestations exceptionnelles <strong>r\u00e9sistance chimique<\/strong> et <strong>stabilit\u00e9 \u00e0 la chaleur<\/strong> (-200\u00b0C \u00e0 260\u00b0C), id\u00e9al pour les applications industrielles \u00e0 haute pression. <strong>conception transparente<\/strong> permet une surveillance en temps r\u00e9el, tandis que <strong>tailles personnalis\u00e9es<\/strong>\u00a0Assurer une compatibilit\u00e9 pr\u00e9cise. Id\u00e9al pour le traitement chimique, le p\u00e9trole et le gaz, ainsi que pour les environnements \u00e0 temp\u00e9ratures extr\u00eames.<\/p>","protected":false},"featured_media":326,"comment_status":"open","ping_status":"closed","template":"","meta":{"site-sidebar-layout":"default","site-content-layout":"","ast-site-content-layout":"default","site-content-style":"default","site-sidebar-style":"default","ast-global-header-display":"","ast-banner-title-visibility":"","ast-main-header-display":"","ast-hfb-above-header-display":"","ast-hfb-below-header-display":"","ast-hfb-mobile-header-display":"","site-post-title":"","ast-breadcrumbs-content":"","ast-featured-img":"","footer-sml-layout":"","ast-disable-related-posts":"","theme-transparent-header-meta":"default","adv-header-id-meta":"","stick-header-meta":"","header-above-stick-meta":"","header-main-stick-meta":"","header-below-stick-meta":"","astra-migrate-meta-layouts":"set","ast-page-background-enabled":"default","ast-page-background-meta":{"desktop":{"background-color":"var(--ast-global-color-5)","background-image":"","background-repeat":"repeat","background-position":"center center","background-size":"auto","background-attachment":"scroll","background-type":"","background-media":"","overlay-type":"","overlay-color":"","overlay-opacity":"","overlay-gradient":""},"tablet":{"background-color":"","background-image":"","background-repeat":"repeat","background-position":"center center","background-size":"auto","background-attachment":"scroll","background-type":"","background-media":"","overlay-type":"","overlay-color":"","overlay-opacity":"","overlay-gradient":""},"mobile":{"background-color":"","background-image":"","background-repeat":"repeat","background-position":"center center","background-size":"auto","background-attachment":"scroll","background-type":"","background-media":"","overlay-type":"","overlay-color":"","overlay-opacity":"","overlay-gradient":""}},"ast-content-background-meta":{"desktop":{"background-color":"var(--ast-global-color-4)","background-image":"","background-repeat":"repeat","background-position":"center center","background-size":"auto","background-attachment":"scroll","background-type":"","background-media":"","overlay-type":"","overlay-color":"","overlay-opacity":"","overlay-gradient":""},"tablet":{"background-color":"var(--ast-global-color-4)","background-image":"","background-repeat":"repeat","background-position":"center center","background-size":"auto","background-attachment":"scroll","background-type":"","background-media":"","overlay-type":"","overlay-color":"","overlay-opacity":"","overlay-gradient":""},"mobile":{"background-color":"var(--ast-global-color-4)","background-image":"","background-repeat":"repeat","background-position":"center center","background-size":"auto","background-attachment":"scroll","background-type":"","background-media":"","overlay-type":"","overlay-color":"","overlay-opacity":"","overlay-gradient":""}}},"product_brand":[290],"product_cat":[42],"product_tag":[63,62,60,61],"class_list":{"0":"post-314","1":"product","2":"type-product","3":"status-publish","4":"has-post-thumbnail","6":"product_brand-teflon-x","7":"product_cat-ptfe-corrugated-hoses","8":"product_tag-high-pressure-teflon-hose","9":"product_tag-ptfe-hose-pipe","10":"product_tag-ptfe-pipe","11":"product_tag-teflon-pipe","12":"desktop-align-left","13":"tablet-align-left","14":"mobile-align-left","16":"first","17":"instock","18":"shipping-taxable","19":"product-type-simple"},"_links":{"self":[{"href":"https:\/\/teflonx.com\/fr\/wp-json\/wp\/v2\/product\/314","targetHints":{"allow":["GET"]}}],"collection":[{"href":"https:\/\/teflonx.com\/fr\/wp-json\/wp\/v2\/product"}],"about":[{"href":"https:\/\/teflonx.com\/fr\/wp-json\/wp\/v2\/types\/product"}],"replies":[{"embeddable":true,"href":"https:\/\/teflonx.com\/fr\/wp-json\/wp\/v2\/comments?post=314"}],"wp:featuredmedia":[{"embeddable":true,"href":"https:\/\/teflonx.com\/fr\/wp-json\/wp\/v2\/media\/326"}],"wp:attachment":[{"href":"https:\/\/teflonx.com\/fr\/wp-json\/wp\/v2\/media?parent=314"}],"wp:term":[{"taxonomy":"product_brand","embeddable":true,"href":"https:\/\/teflonx.com\/fr\/wp-json\/wp\/v2\/product_brand?post=314"},{"taxonomy":"product_cat","embeddable":true,"href":"https:\/\/teflonx.com\/fr\/wp-json\/wp\/v2\/product_cat?post=314"},{"taxonomy":"product_tag","embeddable":true,"href":"https:\/\/teflonx.com\/fr\/wp-json\/wp\/v2\/product_tag?post=314"}],"curies":[{"name":"WordPress","href":"https:\/\/api.w.org\/{rel}","templated":true}]}}