{"id":331,"date":"2025-03-22T13:40:19","date_gmt":"2025-03-22T13:40:19","guid":{"rendered":"https:\/\/teflonx.com\/?post_type=product&#038;p=331"},"modified":"2026-01-01T13:07:16","modified_gmt":"2026-01-01T13:07:16","slug":"tuyau-flexible-ondule-en-teflon","status":"publish","type":"product","link":"https:\/\/teflonx.com\/fr\/product\/tuyau-flexible-ondule-en-teflon\/","title":{"rendered":"Tuyau flexible ondul\u00e9 en t\u00e9flon ignifuge et r\u00e9sistant aux intemp\u00e9ries"},"content":{"rendered":"<h1>Tuyau ondul\u00e9 en t\u00e9flon avec retardateur de flamme et r\u00e9sistant aux intemp\u00e9ries<\/h1>\n<p>Bienvenue \u00e0 <strong>T\u00e9flon X<\/strong>, le leader du secteur des solutions de tubes en fluoropolym\u00e8re haute performance. Nous sommes ravis de pr\u00e9senter notre gamme sp\u00e9cialis\u00e9e <strong>Tuyau ondul\u00e9 en t\u00e9flon avec retardateur de flamme et r\u00e9sistant aux intemp\u00e9ries<\/strong> propri\u00e9t\u00e9s. Ce produit repr\u00e9sente le summum de la s\u00e9curit\u00e9 et de la durabilit\u00e9, con\u00e7u sp\u00e9cifiquement pour les industries o\u00f9 l'\u00e9chec n'est pas une option. Que vous op\u00e9riez dans le secteur a\u00e9rospatial ou que vous g\u00e9riez des syst\u00e8mes de fluides automobiles complexes, ce **tube en ptfe** offre une fiabilit\u00e9 dans les conditions les plus exigeantes.<\/p>\n<h2>Pr\u00e9sentation du produit<\/h2>\n<p>Le <strong>Tuyau ondul\u00e9 en t\u00e9flon<\/strong> est plus qu'un simple conduit standard ; c'est une solution d'ing\u00e9nierie sophistiqu\u00e9e con\u00e7ue pour lutter contre le stress environnemental. Con\u00e7u pour la durabilit\u00e9, ce tuyau ondul\u00e9 en t\u00e9flon combine ignifugation et r\u00e9sistance aux intemp\u00e9ries pour supporter des conditions ext\u00e9rieures difficiles. Dans de nombreuses applications industrielles, l'exposition aux \u00e9l\u00e9ments et les risques d'incendie potentiels sont des dangers constants. Notre **tuyau en t\u00e9flon** att\u00e9nue ces risques gr\u00e2ce \u00e0 une science des mat\u00e9riaux avanc\u00e9e, garantissant long\u00e9vit\u00e9 et s\u00e9curit\u00e9 op\u00e9rationnelle.<\/p>\n<p>L'une des caract\u00e9ristiques phares de ce **tuyau en ptfe** est sa surface anti-adh\u00e9rente inh\u00e9rente. Cette fonction emp\u00eache l'accumulation d'huile et de d\u00e9bris, ce qui le rend adapt\u00e9 aux syst\u00e8mes de transfert de fluides automobiles, a\u00e9rospatiaux et \u00e0 haute temp\u00e9rature o\u00f9 le maintien de la puret\u00e9 du flux est critique. Contrairement aux tuyaux traditionnels en caoutchouc ou en m\u00e9tal qui peuvent se d\u00e9grader ou se corroder avec le temps, notre **tuyau en t\u00e9flon haute pression** conserve son int\u00e9grit\u00e9 ann\u00e9e apr\u00e8s ann\u00e9e.<\/p>\n<h2>Principales caract\u00e9ristiques et avantages<\/h2>\n<p>Choisir le bon **tube en ptfe** est essentiel pour l'efficacit\u00e9 du syst\u00e8me. Voici pourquoi notre mod\u00e8le ignifuge et r\u00e9sistant aux intemp\u00e9ries se distingue :<\/p>\n<ul>\n<li><strong>Ignifugation exceptionnelle :<\/strong> La s\u00e9curit\u00e9 est primordiale. Notre **tuyau en t\u00e9flon** est fabriqu\u00e9 pour s'auto-\u00e9teindre et r\u00e9sister \u00e0 la combustion, ce qui en fait le choix id\u00e9al pour les moteurs, la protection des conduits \u00e9lectriques et les environnements \u00e0 haute chaleur.<\/li>\n<li><strong>Excellente r\u00e9sistance aux intemp\u00e9ries :<\/strong> Con\u00e7u pour l'ext\u00e9rieur, ce **tuyau en ptfe** est insensible aux rayons UV, \u00e0 l'ozone et \u00e0 l'oxydation. Il ne se fissurera pas, ne durcira pas et ne se d\u00e9gradera pas, m\u00eame apr\u00e8s des ann\u00e9es d'exposition directe au soleil et \u00e0 la pluie.<\/li>\n<li><strong>Anti-adh\u00e9sif et auto-nettoyant :<\/strong> Le faible coefficient de friction garantit que les fluides visqueux, les huiles et les particules passent en douceur sans s'obstruer.<\/li>\n<li><strong>Haute flexibilit\u00e9 :<\/strong> La structure ondul\u00e9e (annel\u00e9e) permet au **tube en ptfe** de se courber dans des angles serr\u00e9s et d'amortir les vibrations sans se pincer ni r\u00e9duire les d\u00e9bits.<\/li>\n<li><strong>R\u00e9sistance chimique :<\/strong> Comme tous les produits de **tuyauterie en t\u00e9flon** de qualit\u00e9 sup\u00e9rieure, il r\u00e9siste \u00e0 pratiquement tous les produits chimiques corrosifs, acides et solvants.<\/li>\n<\/ul>\n<h2>Sp\u00e9cifications techniques<\/h2>\n<p>\u00c0 <strong>T\u00e9flon X<\/strong>, nous croyons en la transparence et la pr\u00e9cision. Vous trouverez ci-dessous les sp\u00e9cifications d\u00e9taill\u00e9es de ce **tuyau en t\u00e9flon haute pression** sp\u00e9cifique.<\/p>\n<table style=\"width: 100%; border-collapse: collapse; border: 1px solid #ddd; margin-bottom: 20px;\" border=\"1\" cellspacing=\"0\" cellpadding=\"10\">\n<thead style=\"background-color: #f8f9fa;\">\n<tr>\n<th style=\"text-align: left;\">Param\u00e8tre<\/th>\n<th style=\"text-align: left;\">D\u00e9tails<\/th>\n<\/tr>\n<\/thead>\n<tbody>\n<tr>\n<td><strong>Nom du produit<\/strong><\/td>\n<td>Tuyau ondul\u00e9 en t\u00e9flon avec retardateur de flamme et r\u00e9sistant aux intemp\u00e9ries<\/td>\n<\/tr>\n<tr>\n<td><strong>Composition du mat\u00e9riau<\/strong><\/td>\n<td>PTFE modifi\u00e9 de haute qualit\u00e9 (Polyt\u00e9trafluoro\u00e9thyl\u00e8ne)<\/td>\n<\/tr>\n<tr>\n<td><strong>Plage de temp\u00e9rature<\/strong><\/td>\n<td>-70 \u00b0C \u00e0 +260 \u00b0C (Stable dans la chaleur et le froid extr\u00eames)<\/td>\n<\/tr>\n<tr>\n<td><strong>Classement au feu<\/strong><\/td>\n<td>UL94 V-0 (Auto-extinguible)<\/td>\n<\/tr>\n<tr>\n<td><strong>R\u00e9sistance aux intemp\u00e9ries<\/strong><\/td>\n<td>Excellente r\u00e9sistance aux UV et \u00e0 l'ozone (adapt\u00e9 \u00e0 une utilisation en ext\u00e9rieur)<\/td>\n<\/tr>\n<tr>\n<td><strong>Propri\u00e9t\u00e9s de Surface<\/strong><\/td>\n<td>Antiadh\u00e9sif, hydrophobe, ol\u00e9ophobe<\/td>\n<\/tr>\n<tr>\n<td><strong>Conception<\/strong><\/td>\n<td>Ondulation h\u00e9lico\u00efdale pour une flexibilit\u00e9 maximale<\/td>\n<\/tr>\n<tr>\n<td><strong>Capacit\u00e9s de pression<\/strong><\/td>\n<td>Con\u00e7u comme un <strong>tuyau en t\u00e9flon haute pression<\/strong> (La pression d'\u00e9clatement varie selon le diam\u00e8tre)<\/td>\n<\/tr>\n<\/tbody>\n<\/table>\n<h2>Applications dans les industries critiques<\/h2>\n<p>La combinaison unique de s\u00e9curit\u00e9 incendie et de r\u00e9sistance aux intemp\u00e9ries fait de ce **tuyau flexible en PTFE** un atout polyvalent dans de multiples secteurs :<\/p>\n<h3>Industrie automobile<\/h3>\n<p>Les moteurs modernes g\u00e9n\u00e8rent une chaleur immense et n\u00e9cessitent un transfert de fluide fiable. Notre **tuyau en t\u00e9flon** est utilis\u00e9 pour les conduites de carburant, les conduites d'alimentation en huile du turbocompresseur et les flexibles de frein. La surface antiadh\u00e9sive emp\u00eache l'accumulation de boues d'huile, garantissant des performances moteur optimales.<\/p>\n<h3>A\u00e9rospatiale et aviation<\/h3>\n<p>Dans l'a\u00e9rospatiale, la r\u00e9duction de poids et la s\u00e9curit\u00e9 incendie sont cruciales. Ce **tuyau en PTFE** l\u00e9ger sert d'excellente gaine de protection pour le c\u00e2blage \u00e9lectrique et les syst\u00e8mes hydrauliques, offrant une protection contre les risques d'incendie et les temp\u00e9ratures extr\u00eames en altitude.<\/p>\n<h3>\u00c9quipement industriel ext\u00e9rieur<\/h3>\n<p>Pour les machines expos\u00e9es aux \u00e9l\u00e9ments, telles que les g\u00e9n\u00e9rateurs, les \u00e9quipements de construction et les machines agricoles, notre **tuyau flexible en PTFE** r\u00e9sistant aux intemp\u00e9ries garantit que les tuyaux ne deviennent pas le maillon faible du syst\u00e8me. Il r\u00e9siste au vieillissement caus\u00e9 par le soleil et la pluie, r\u00e9duisant ainsi les co\u00fbts de maintenance.<\/p>\n<h2>Pourquoi s'associer \u00e0 Teflon X ?<\/h2>\n<p>Lorsque vous vous approvisionnez en **tuyau t\u00e9flon haute pression** chez **Teflon X**, vous investissez dans l'assurance qualit\u00e9. Nous utilisons une technologie d'extrusion de pointe pour garantir une \u00e9paisseur de paroi uniforme et des profils d'ondulation constants. Notre engagement envers l'excellence garantit que chaque m\u00e8tre de **tuyau t\u00e9flon** que nous exp\u00e9dions r\u00e9pond aux normes internationales rigoureuses.<\/p>\n<p>Nous comprenons que chaque projet a des exigences uniques. Que vous ayez besoin d'un diam\u00e8tre sp\u00e9cifique, d'une longueur coup\u00e9e sur mesure ou d'un **tuyau PTFE** pr\u00e9-assembl\u00e9 avec raccords, notre \u00e9quipe d'ing\u00e9nierie est pr\u00eate \u00e0 vous satisfaire.<\/p>\n<h2>Contactez-nous pour vos solutions PTFE<\/h2>\n<p>Ne faites aucun compromis sur la s\u00e9curit\u00e9 ou la durabilit\u00e9. Am\u00e9liorez vos syst\u00e8mes avec le <strong>Tuyau ondul\u00e9 en t\u00e9flon avec retardateur de flamme et r\u00e9sistant aux intemp\u00e9ries<\/strong> d\u00e8s aujourd'hui.<\/p>\n<p>Pour toute demande technique, dimensionnement sur mesure ou pour demander un devis pour notre **tuyau flexible en PTFE**, veuillez contacter notre \u00e9quipe commerciale d\u00e9di\u00e9e :<\/p>\n<ul>\n<li><strong>Visitez notre site officiel :<\/strong> <a href=\"https:\/\/teflonx.com\/fr\/\" target=\"_blank\" rel=\"noopener\">https:\/\/teflonx.com\/<\/a><\/li>\n<li><strong>Page de contact :<\/strong> <a href=\"https:\/\/teflonx.com\/fr\/contactez-nous\/\" target=\"_blank\" rel=\"noopener\">Contactez-nous<\/a><\/li>\n<li><strong>Envoyez-nous un e-mail directement :<\/strong> <a href=\"mailto:allison.ye@teflonx.com\">allison.ye@teflonx.com<\/a><\/li>\n<\/ul>\n<p><strong>T\u00e9flon X<\/strong> \u2014 Votre partenaire de confiance pour des solutions de **tuyaux en t\u00e9flon** de haute performance.<\/p>","protected":false},"excerpt":{"rendered":"<p>Con\u00e7u pour la durabilit\u00e9, ce <strong>Tuyau ondul\u00e9 en t\u00e9flon<\/strong> combine <strong>ignifugation<\/strong> et <strong>r\u00e9sistance aux intemp\u00e9ries<\/strong> pour r\u00e9sister aux conditions ext\u00e9rieures difficiles. <strong>surface antiadh\u00e9sive<\/strong>\u00a0emp\u00eache l&#039;accumulation d&#039;huile et de d\u00e9bris, ce qui le rend adapt\u00e9 aux syst\u00e8mes de transfert de fluides automobiles, a\u00e9rospatiaux et \u00e0 haute temp\u00e9rature.<\/p>","protected":false},"featured_media":325,"comment_status":"open","ping_status":"closed","template":"","meta":{"site-sidebar-layout":"default","site-content-layout":"","ast-site-content-layout":"default","site-content-style":"default","site-sidebar-style":"default","ast-global-header-display":"","ast-banner-title-visibility":"","ast-main-header-display":"","ast-hfb-above-header-display":"","ast-hfb-below-header-display":"","ast-hfb-mobile-header-display":"","site-post-title":"","ast-breadcrumbs-content":"","ast-featured-img":"","footer-sml-layout":"","ast-disable-related-posts":"","theme-transparent-header-meta":"default","adv-header-id-meta":"","stick-header-meta":"","header-above-stick-meta":"","header-main-stick-meta":"","header-below-stick-meta":"","astra-migrate-meta-layouts":"set","ast-page-background-enabled":"default","ast-page-background-meta":{"desktop":{"background-color":"var(--ast-global-color-5)","background-image":"","background-repeat":"repeat","background-position":"center center","background-size":"auto","background-attachment":"scroll","background-type":"","background-media":"","overlay-type":"","overlay-color":"","overlay-opacity":"","overlay-gradient":""},"tablet":{"background-color":"","background-image":"","background-repeat":"repeat","background-position":"center center","background-size":"auto","background-attachment":"scroll","background-type":"","background-media":"","overlay-type":"","overlay-color":"","overlay-opacity":"","overlay-gradient":""},"mobile":{"background-color":"","background-image":"","background-repeat":"repeat","background-position":"center center","background-size":"auto","background-attachment":"scroll","background-type":"","background-media":"","overlay-type":"","overlay-color":"","overlay-opacity":"","overlay-gradient":""}},"ast-content-background-meta":{"desktop":{"background-color":"var(--ast-global-color-4)","background-image":"","background-repeat":"repeat","background-position":"center center","background-size":"auto","background-attachment":"scroll","background-type":"","background-media":"","overlay-type":"","overlay-color":"","overlay-opacity":"","overlay-gradient":""},"tablet":{"background-color":"var(--ast-global-color-4)","background-image":"","background-repeat":"repeat","background-position":"center center","background-size":"auto","background-attachment":"scroll","background-type":"","background-media":"","overlay-type":"","overlay-color":"","overlay-opacity":"","overlay-gradient":""},"mobile":{"background-color":"var(--ast-global-color-4)","background-image":"","background-repeat":"repeat","background-position":"center center","background-size":"auto","background-attachment":"scroll","background-type":"","background-media":"","overlay-type":"","overlay-color":"","overlay-opacity":"","overlay-gradient":""}}},"product_brand":[290],"product_cat":[42],"product_tag":[63,62,60,61],"class_list":{"0":"post-331","1":"product","2":"type-product","3":"status-publish","4":"has-post-thumbnail","6":"product_brand-teflon-x","7":"product_cat-ptfe-corrugated-hoses","8":"product_tag-high-pressure-teflon-hose","9":"product_tag-ptfe-hose-pipe","10":"product_tag-ptfe-pipe","11":"product_tag-teflon-pipe","12":"desktop-align-left","13":"tablet-align-left","14":"mobile-align-left","16":"first","17":"instock","18":"shipping-taxable","19":"product-type-simple"},"_links":{"self":[{"href":"https:\/\/teflonx.com\/fr\/wp-json\/wp\/v2\/product\/331","targetHints":{"allow":["GET"]}}],"collection":[{"href":"https:\/\/teflonx.com\/fr\/wp-json\/wp\/v2\/product"}],"about":[{"href":"https:\/\/teflonx.com\/fr\/wp-json\/wp\/v2\/types\/product"}],"replies":[{"embeddable":true,"href":"https:\/\/teflonx.com\/fr\/wp-json\/wp\/v2\/comments?post=331"}],"wp:featuredmedia":[{"embeddable":true,"href":"https:\/\/teflonx.com\/fr\/wp-json\/wp\/v2\/media\/325"}],"wp:attachment":[{"href":"https:\/\/teflonx.com\/fr\/wp-json\/wp\/v2\/media?parent=331"}],"wp:term":[{"taxonomy":"product_brand","embeddable":true,"href":"https:\/\/teflonx.com\/fr\/wp-json\/wp\/v2\/product_brand?post=331"},{"taxonomy":"product_cat","embeddable":true,"href":"https:\/\/teflonx.com\/fr\/wp-json\/wp\/v2\/product_cat?post=331"},{"taxonomy":"product_tag","embeddable":true,"href":"https:\/\/teflonx.com\/fr\/wp-json\/wp\/v2\/product_tag?post=331"}],"curies":[{"name":"WordPress","href":"https:\/\/api.w.org\/{rel}","templated":true}]}}