{"id":371,"date":"2025-03-25T15:16:16","date_gmt":"2025-03-25T15:16:16","guid":{"rendered":"https:\/\/teflonx.com\/?post_type=product&#038;p=371"},"modified":"2025-12-04T13:18:29","modified_gmt":"2025-12-04T13:18:29","slug":"tube-retractable-pfa","status":"publish","type":"product","link":"https:\/\/teflonx.com\/fr\/product\/tube-retractable-pfa\/","title":{"rendered":"Tube r\u00e9tractable en PFA ultra-transparent \u2013 R\u00e9sistant aux produits chimiques et \u00e0 la chaleur"},"content":{"rendered":"<h2 id=\"product-overview\">Pr\u00e9sentation du produit<\/h2>\n<p>D\u00e9verrouillez une protection in\u00e9gal\u00e9e gr\u00e2ce \u00e0 Teflon X <strong>Tube r\u00e9tractable en PFA<\/strong>La construction en PFA ultra-transparent offre une r\u00e9sistance exceptionnelle aux produits chimiques et \u00e0 la chaleur dans les applications les plus critiques. Nos <strong>Tube r\u00e9tractable en PFA<\/strong> offre une r\u00e9sistance di\u00e9lectrique in\u00e9gal\u00e9e pour prot\u00e9ger les composants \u00e9lectroniques sensibles dans les laboratoires et les centrales \u00e9lectriques, tandis que sa flexibilit\u00e9 inh\u00e9rente s'adapte aux formes irr\u00e9guli\u00e8res pour un ajustement sans faille. La surface antiadh\u00e9sive de ce <strong>Tube r\u00e9tractable en PFA<\/strong> r\u00e9siste aux contaminants industriels, ce qui garantit sa long\u00e9vit\u00e9 et sa facilit\u00e9 d'entretien dans les environnements exigeants. Avec une plage de temp\u00e9rature robuste allant de -200\u00b0C \u00e0 260\u00b0C, le Teflon X est un produit de haute qualit\u00e9. <strong>Tube r\u00e9tractable en PFA<\/strong> est utilis\u00e9 dans l'a\u00e9rospatiale et la fabrication de semi-conducteurs, o\u00f9 la clart\u00e9 et la fiabilit\u00e9 ne sont pas n\u00e9gociables.<\/p>\n<p>Teflon X est le chef de file des solutions fluoropolym\u00e8res, fournissant <strong>Tube r\u00e9tractable en PFA<\/strong> qui allie transparence, durabilit\u00e9 et performance. D\u00e9couvrez nos offres sur <a href=\"https:\/\/teflonx.com\/fr\/\" target=\"_blank\" rel=\"noopener\">https:\/\/teflonx.com\/<\/a>ou nous contacter par l'interm\u00e9diaire du site <a href=\"https:\/\/teflonx.com\/fr\/contactez-nous\/\" target=\"_blank\" rel=\"noopener\">Page Contactez-nous<\/a> ou par courriel <a href=\"mailto:Allison.Ye@teflonx.com\" target=\"_blank\" rel=\"noopener\"><strong>Allison.Ye@teflonx.com<\/strong><\/a> pour obtenir l'aide d'un expert sur <strong>Tube r\u00e9tractable en PFA<\/strong> l'int\u00e9gration.<\/p>\n<h2 id=\"key-features\">Caract\u00e9ristiques principales<\/h2>\n<ul>\n<li><strong>Clart\u00e9 ultra-transparente<\/strong>: Transparence optique sup\u00e9rieure en <strong>Tube r\u00e9tractable en PFA<\/strong> permet une inspection visuelle pr\u00e9cise des composants ferm\u00e9s sans d\u00e9montage.<\/li>\n<li><strong>R\u00e9sistance chimique exceptionnelle<\/strong>: Pratiquement imperm\u00e9able aux acides, aux bases, aux solvants et aux produits chimiques agressifs. <strong>Tube r\u00e9tractable en PFA<\/strong> id\u00e9al pour les environnements industriels corrosifs.<\/li>\n<li><strong>Haute r\u00e9sistance \u00e0 la chaleur<\/strong>: Fonctionnement continu de -200\u00b0C \u00e0 +260\u00b0C, avec exposition \u00e0 court terme jusqu'\u00e0 300\u00b0C, pour un fonctionnement fiable. <strong>Tube r\u00e9tractable en PFA<\/strong> dans des conditions thermiques extr\u00eames.<\/li>\n<li><strong>Haute rigidit\u00e9 di\u00e9lectrique<\/strong>: Fournit une isolation \u00e9lectrique exceptionnelle pour prot\u00e9ger les composants \u00e9lectroniques sensibles \u00e0 l'int\u00e9rieur des b\u00e2timents. <strong>Tube r\u00e9tractable en PFA<\/strong> candidatures.<\/li>\n<li><strong>Conception flexible et conforme<\/strong>: S'adapte facilement aux formes irr\u00e9guli\u00e8res gr\u00e2ce \u00e0 un taux de r\u00e9traction de 2:1, garantissant l'\u00e9tanch\u00e9it\u00e9 des produits polyvalents. <strong>Tube r\u00e9tractable en PFA<\/strong> utilise.<\/li>\n<li><strong>Surface antiadh\u00e9sive \u00e0 faible friction<\/strong>: Emp\u00eache l'adh\u00e9sion des contaminants et simplifie le nettoyage, un avantage cl\u00e9 de nos produits. <strong>Tube r\u00e9tractable en PFA<\/strong>.<\/li>\n<li><strong>R\u00e9sistance aux UV et \u00e0 l'abrasion<\/strong>: Maintient l'int\u00e9grit\u00e9 structurelle et la clart\u00e9 dans les environnements ext\u00e9rieurs ou \u00e0 forte usure pour une utilisation durable. <strong>Tube r\u00e9tractable en PFA<\/strong> installations.<\/li>\n<li><strong>Retardateur de flamme et haute puret\u00e9<\/strong>: R\u00e9pond aux normes UL avec un faible taux de fuite, convient aux salles blanches et aux salles de haute s\u00e9curit\u00e9. <strong>Tube r\u00e9tractable en PFA<\/strong> exigences.<\/li>\n<li><strong>Durabilit\u00e9 m\u00e9canique<\/strong>: La r\u00e9sistance \u00e0 la traction et l'\u00e9longation \u00e9lev\u00e9es garantissent <strong>Tube r\u00e9tractable en PFA<\/strong> r\u00e9siste aux contraintes m\u00e9caniques sans se fissurer.<\/li>\n<\/ul>\n<h2 id=\"technical-specifications\">Sp\u00e9cifications techniques<\/h2>\n<p>T\u00e9flon X <strong>Tube r\u00e9tractable en PFA<\/strong> est con\u00e7u selon les normes les plus strictes en mati\u00e8re de pr\u00e9cision et de fiabilit\u00e9. Vous trouverez ci-dessous un tableau d\u00e9taill\u00e9 des principaux param\u00e8tres :<\/p>\n<table>\n<thead>\n<tr>\n<th>Param\u00e8tre<\/th>\n<th>Sp\u00e9cifications<\/th>\n<th>Remarques<\/th>\n<\/tr>\n<\/thead>\n<tbody>\n<tr>\n<td><strong>Mat\u00e9riel<\/strong><\/td>\n<td>Perfluoroalcoxy (PFA)<\/td>\n<td>Fluoropolym\u00e8re pour des performances sup\u00e9rieures<\/td>\n<\/tr>\n<tr>\n<td><strong>Couleur<\/strong><\/td>\n<td>Clair\/Transparent<\/td>\n<td>Grande clart\u00e9 optique pour l'inspection visuelle<\/td>\n<\/tr>\n<tr>\n<td><strong>Taux de r\u00e9traction<\/strong><\/td>\n<td>2:1<\/td>\n<td>Se dilate pour s'adapter aux composants, se r\u00e9tr\u00e9cit pour atteindre 50% du diam\u00e8tre d'origine<\/td>\n<\/tr>\n<tr>\n<td><strong>Temp\u00e9rature de fonctionnement<\/strong><\/td>\n<td>-200\u00b0C \u00e0 +260\u00b0C (en continu)<\/td>\n<td>Court terme jusqu'\u00e0 +300\u00b0C ; convient aux utilisations cryog\u00e9niques et \u00e0 haute temp\u00e9rature<\/td>\n<\/tr>\n<tr>\n<td><strong>Temp\u00e9rature de r\u00e9traction<\/strong><\/td>\n<td>150\u00b0C - 200\u00b0C<\/td>\n<td>R\u00e9cup\u00e9ration rapide avec des sources de chaleur standard comme les pistolets \u00e0 air chaud<\/td>\n<\/tr>\n<tr>\n<td><strong>Rigidit\u00e9 di\u00e9lectrique<\/strong><\/td>\n<td>&gt;15 kV\/mm<\/td>\n<td>Excellente isolation pour les applications \u00e0 haute tension<\/td>\n<\/tr>\n<tr>\n<td><strong>R\u00e9sistance \u00e0 la traction<\/strong><\/td>\n<td>\u226525 MPa<\/td>\n<td>Durabilit\u00e9 m\u00e9canique \u00e9lev\u00e9e<\/td>\n<\/tr>\n<tr>\n<td><strong>Allongement \u00e0 la rupture<\/strong><\/td>\n<td>\u2265300%<\/td>\n<td>Flexible et r\u00e9sistant \u00e0 la fissuration<\/td>\n<\/tr>\n<tr>\n<td><strong>Duret\u00e9 (Shore D)<\/strong><\/td>\n<td>55 &#8211; 65<\/td>\n<td>\u00c9quilibre entre flexibilit\u00e9 et rigidit\u00e9<\/td>\n<\/tr>\n<tr>\n<td><strong>Gravit\u00e9 sp\u00e9cifique<\/strong><\/td>\n<td>2,15 g\/cm\u00b3<\/td>\n<td>L\u00e9ger mais robuste<\/td>\n<\/tr>\n<tr>\n<td><strong>Inflammabilit\u00e9<\/strong><\/td>\n<td>UL 224 VW-1<\/td>\n<td>Auto-extinguible, faible d\u00e9gagement de fum\u00e9e<\/td>\n<\/tr>\n<tr>\n<td><strong>Dimensions standard (ID)<\/strong><\/td>\n<td>1,0 mm - 50 mm<\/td>\n<td>Dimensions personnalis\u00e9es disponibles sur demande<\/td>\n<\/tr>\n<tr>\n<td><strong>\u00c9paisseur de la paroi (r\u00e9cup\u00e9r\u00e9e)<\/strong><\/td>\n<td>0,2 mm - 2,0 mm<\/td>\n<td>Parois minces pour les conceptions \u00e0 espace limit\u00e9<\/td>\n<\/tr>\n<\/tbody>\n<\/table>\n<p><em>Remarque : les sp\u00e9cifications sont bas\u00e9es sur des m\u00e9thodes d'essai standard (par exemple, ASTM D2671). Pour obtenir des valeurs exactes adapt\u00e9es \u00e0 votre application, contactez Teflon X.<\/em><\/p>\n<h2 id=\"applications\">Applications<\/h2>\n<p>T\u00e9flon X <strong>Tube r\u00e9tractable en PFA<\/strong> excelle dans les secteurs de la haute technologie et de l'industrie qui requi\u00e8rent pr\u00e9cision et r\u00e9silience :<\/p>\n<ul>\n<li><strong>A\u00e9rospatiale et fabrication de semi-conducteurs<\/strong>: Isolation du c\u00e2blage et des composants gr\u00e2ce \u00e0 un rev\u00eatement ultra-transparent. <strong>Tube r\u00e9tractable en PFA<\/strong> pour une protection sans contamination et r\u00e9sistante \u00e0 la chaleur.<\/li>\n<li><strong>Laboratoires et centrales \u00e9lectriques<\/strong>: Prot\u00e8ge les composants \u00e9lectroniques sensibles contre les produits chimiques et les temp\u00e9ratures extr\u00eames gr\u00e2ce \u00e0 un syst\u00e8me de protection fiable. <strong>Tube r\u00e9tractable en PFA<\/strong>.<\/li>\n<li><strong>Traitement chimique<\/strong>: Conduites et vannes avec des mat\u00e9riaux chimiquement inertes <strong>Tube r\u00e9tractable en PFA<\/strong> pour traiter les milieux agressifs sans d\u00e9gradation.<\/li>\n<li><strong>\u00c9lectronique et dispositifs m\u00e9dicaux<\/strong>: Haute puret\u00e9 <strong>Tube r\u00e9tractable en PFA<\/strong> garantit la s\u00e9curit\u00e9 \u00e9lectrique et une inspection facile dans les environnements st\u00e9riles.<\/li>\n<li><strong>Machines industrielles et de chauffage, de ventilation et de climatisation<\/strong>: Flexible <strong>Tube r\u00e9tractable en PFA<\/strong> s'adapte aux formes irr\u00e9guli\u00e8res tout en r\u00e9sistant aux contaminants dans les syst\u00e8mes op\u00e9rationnels.<\/li>\n<\/ul>\n<p>Notre <strong>Tube r\u00e9tractable en PFA<\/strong> est conforme aux normes UL, RoHS et SEMI F-57, ce qui facilite son int\u00e9gration dans les industries r\u00e9glement\u00e9es.<\/p>\n<h2 id=\"why-choose-teflon-x-s-pfa-shrink-tube-\">Pourquoi choisir la gaine thermor\u00e9tractable en PFA de Teflon X ?<\/h2>\n<p>T\u00e9flon X <strong>Tube r\u00e9tractable en PFA<\/strong> \u00e9tablit la r\u00e9f\u00e9rence avec son design ultra-transparent, sa r\u00e9sistance sup\u00e9rieure aux produits chimiques et \u00e0 la chaleur, et sa polyvalence antiadh\u00e9sive, en s'appuyant sur des d\u00e9cennies d'innovation dans le domaine des fluoropolym\u00e8res. La fabrication certifi\u00e9e ISO garantit une qualit\u00e9 constante pour l'a\u00e9rospatiale, les laboratoires et au-del\u00e0. Choisissez <strong>Tube r\u00e9tractable en PFA<\/strong> qui surpasse le contact <a href=\"mailto:Allison.Ye@teflonx.com\" target=\"_blank\" rel=\"noopener\"><strong>Allison.Ye@teflonx.com<\/strong><\/a> ou visiter <a href=\"https:\/\/teflonx.com\/fr\/contactez-nous\/\" target=\"_blank\" rel=\"noopener\">https:\/\/teflonx.com\/contact-us\/<\/a> pour des \u00e9chantillons, des tailles personnalis\u00e9es ou des consultations techniques.<\/p>\n<hr \/>","protected":false},"excerpt":{"rendered":"<p>La gaine thermor\u00e9tractable en PFA ultra-transparente offre une r\u00e9sistance in\u00e9gal\u00e9e aux produits chimiques et \u00e0 la chaleur (de -40 \u00b0C \u00e0 260 \u00b0C). Sa rigidit\u00e9 di\u00e9lectrique \u00e9lev\u00e9e prot\u00e8ge les composants \u00e9lectroniques sensibles des laboratoires et des centrales \u00e9lectriques. Sa flexibilit\u00e9 s&#039;adapte aux formes irr\u00e9guli\u00e8res, tandis que sa surface antiadh\u00e9sive r\u00e9siste aux contaminants industriels. Une r\u00e9f\u00e9rence pour l&#039;a\u00e9rospatiale et la fabrication de semi-conducteurs.<\/p>","protected":false},"featured_media":342,"comment_status":"open","ping_status":"closed","template":"","meta":{"site-sidebar-layout":"default","site-content-layout":"","ast-site-content-layout":"default","site-content-style":"default","site-sidebar-style":"default","ast-global-header-display":"","ast-banner-title-visibility":"","ast-main-header-display":"","ast-hfb-above-header-display":"","ast-hfb-below-header-display":"","ast-hfb-mobile-header-display":"","site-post-title":"","ast-breadcrumbs-content":"","ast-featured-img":"","footer-sml-layout":"","ast-disable-related-posts":"","theme-transparent-header-meta":"default","adv-header-id-meta":"","stick-header-meta":"","header-above-stick-meta":"","header-main-stick-meta":"","header-below-stick-meta":"","astra-migrate-meta-layouts":"set","ast-page-background-enabled":"default","ast-page-background-meta":{"desktop":{"background-color":"var(--ast-global-color-5)","background-image":"","background-repeat":"repeat","background-position":"center center","background-size":"auto","background-attachment":"scroll","background-type":"","background-media":"","overlay-type":"","overlay-color":"","overlay-opacity":"","overlay-gradient":""},"tablet":{"background-color":"","background-image":"","background-repeat":"repeat","background-position":"center center","background-size":"auto","background-attachment":"scroll","background-type":"","background-media":"","overlay-type":"","overlay-color":"","overlay-opacity":"","overlay-gradient":""},"mobile":{"background-color":"","background-image":"","background-repeat":"repeat","background-position":"center center","background-size":"auto","background-attachment":"scroll","background-type":"","background-media":"","overlay-type":"","overlay-color":"","overlay-opacity":"","overlay-gradient":""}},"ast-content-background-meta":{"desktop":{"background-color":"var(--ast-global-color-4)","background-image":"","background-repeat":"repeat","background-position":"center center","background-size":"auto","background-attachment":"scroll","background-type":"","background-media":"","overlay-type":"","overlay-color":"","overlay-opacity":"","overlay-gradient":""},"tablet":{"background-color":"var(--ast-global-color-4)","background-image":"","background-repeat":"repeat","background-position":"center center","background-size":"auto","background-attachment":"scroll","background-type":"","background-media":"","overlay-type":"","overlay-color":"","overlay-opacity":"","overlay-gradient":""},"mobile":{"background-color":"var(--ast-global-color-4)","background-image":"","background-repeat":"repeat","background-position":"center center","background-size":"auto","background-attachment":"scroll","background-type":"","background-media":"","overlay-type":"","overlay-color":"","overlay-opacity":"","overlay-gradient":""}}},"product_brand":[290],"product_cat":[488],"product_tag":[65,64,67,73],"class_list":{"0":"post-371","1":"product","2":"type-product","3":"status-publish","4":"has-post-thumbnail","6":"product_brand-teflon-x","7":"product_cat-pfa-heat-shrink-tubing","8":"product_tag-clear-heat-shrink","9":"product_tag-clear-heat-shrink-tubing","10":"product_tag-heat-shrink-connectors","11":"product_tag-transparent-shrink-tube-","12":"desktop-align-left","13":"tablet-align-left","14":"mobile-align-left","16":"first","17":"instock","18":"shipping-taxable","19":"product-type-simple"},"_links":{"self":[{"href":"https:\/\/teflonx.com\/fr\/wp-json\/wp\/v2\/product\/371","targetHints":{"allow":["GET"]}}],"collection":[{"href":"https:\/\/teflonx.com\/fr\/wp-json\/wp\/v2\/product"}],"about":[{"href":"https:\/\/teflonx.com\/fr\/wp-json\/wp\/v2\/types\/product"}],"replies":[{"embeddable":true,"href":"https:\/\/teflonx.com\/fr\/wp-json\/wp\/v2\/comments?post=371"}],"wp:featuredmedia":[{"embeddable":true,"href":"https:\/\/teflonx.com\/fr\/wp-json\/wp\/v2\/media\/342"}],"wp:attachment":[{"href":"https:\/\/teflonx.com\/fr\/wp-json\/wp\/v2\/media?parent=371"}],"wp:term":[{"taxonomy":"product_brand","embeddable":true,"href":"https:\/\/teflonx.com\/fr\/wp-json\/wp\/v2\/product_brand?post=371"},{"taxonomy":"product_cat","embeddable":true,"href":"https:\/\/teflonx.com\/fr\/wp-json\/wp\/v2\/product_cat?post=371"},{"taxonomy":"product_tag","embeddable":true,"href":"https:\/\/teflonx.com\/fr\/wp-json\/wp\/v2\/product_tag?post=371"}],"curies":[{"name":"wp","href":"https:\/\/api.w.org\/{rel}","templated":true}]}}