{"id":372,"date":"2025-03-25T16:04:03","date_gmt":"2025-03-25T16:04:03","guid":{"rendered":"https:\/\/teflonx.com\/?post_type=product&#038;p=372"},"modified":"2026-01-01T13:26:06","modified_gmt":"2026-01-01T13:26:06","slug":"tige-en-ptfe","status":"publish","type":"product","link":"https:\/\/teflonx.com\/fr\/product\/tige-en-ptfe\/","title":{"rendered":"Tige en PTFE \u2013 Barre ronde en T\u00e9flon r\u00e9sistant aux hautes temp\u00e9ratures"},"content":{"rendered":"<div class=\"product-description-container\">\n<h2>Tige en PTFE \u2013 Haute performance et r\u00e9sistance aux temp\u00e9ratures \u00e9lev\u00e9es<\/h2>\n<p>Bienvenue \u00e0 <strong>T\u00e9flon X<\/strong>, votre destination de premier choix pour des solutions de fluoropolym\u00e8res de haute performance. En tant que l'un des leaders du secteur <strong>fabricants de tiges en PTFE<\/strong>, nous nous sp\u00e9cialisons dans la production de produits de premier plan <strong>barres rondes en PTFE haute densit\u00e9 et sans vide<\/strong> stock con\u00e7u pour r\u00e9pondre aux exigences rigoureuses de l'ing\u00e9nierie moderne et des applications industrielles. Nos <strong>tige de T\u00e9flon<\/strong> produits sont con\u00e7us pour l'excellence, offrant une r\u00e9sistance chimique in\u00e9gal\u00e9e, un faible frottement et une stabilit\u00e9 aux temp\u00e9ratures extr\u00eames.<\/p>\n<h3>Pourquoi choisir Teflon X pour vos besoins en tiges de PTFE ?<\/h3>\n<p>Lors de l'approvisionnement en plastiques industriels, la qualit\u00e9 et la constance sont primordiales. Chez Teflon X, nous nous distinguons des autres <strong>fournisseurs de tiges en PTFE<\/strong> en contr\u00f4lant strictement notre processus de fabrication, de la r\u00e9sine brute \u00e0 la tige extrud\u00e9e ou moul\u00e9e finie. Que vous ayez besoin d'un diam\u00e8tre standard ou d'une sp\u00e9cification personnalis\u00e9e, notre <strong>tige en PTFE<\/strong> inventaire est con\u00e7u pour soutenir divers projets d'usinage.<\/p>\n<p>Notre <strong>barres rondes en PTFE haute densit\u00e9 et sans vide<\/strong> est largement reconnu pour sa polyvalence. C'est un mat\u00e9riau essentiel pour la fabrication de joints, de bagues d'\u00e9tanch\u00e9it\u00e9, de paliers et d'isolants \u00e9lectriques. Parce que le PTFE (polyt\u00e9trafluoro\u00e9thyl\u00e8ne) est chimiquement inerte, nos tiges sont id\u00e9ales pour une utilisation dans le traitement chimique, la fabrication pharmaceutique et les secteurs du p\u00e9trole et du gaz o\u00f9 les substances agressives sont courantes.<\/p>\n<h3>Principales caract\u00e9ristiques et avantages<\/h3>\n<ul>\n<li><strong>R\u00e9sistance chimique sup\u00e9rieure :<\/strong> Notre <strong>tige de T\u00e9flon<\/strong> est virtuellement insensible \u00e0 tous les produits chimiques, acides et solvants connus, ce qui le rend parfait pour les environnements corrosifs.<\/li>\n<li><strong>Tol\u00e9rance aux temp\u00e9ratures extr\u00eames :<\/strong> Capable de fonctionner \u00e0 des temp\u00e9ratures allant de -180\u00b0C \u00e0 +260\u00b0C, tout en conservant ses propri\u00e9t\u00e9s m\u00e9caniques dans des conditions de gel comme de forte chaleur.<\/li>\n<li><strong>Plus bas coefficient de frottement :<\/strong> Le PTFE poss\u00e8de le plus bas coefficient de frottement de tous les mat\u00e9riaux solides, assurant un fonctionnement fluide pour les pi\u00e8ces coulissantes et r\u00e9duisant l'usure sur les surfaces de contact.<\/li>\n<li><strong>Excellente isolation \u00e9lectrique :<\/strong> Une rigidit\u00e9 di\u00e9lectrique \u00e9lev\u00e9e fait de notre <strong>barres rondes en PTFE haute densit\u00e9 et sans vide<\/strong> un choix privil\u00e9gi\u00e9 pour les composants \u00e9lectroniques et \u00e9lectriques.<\/li>\n<li><strong>Conformit\u00e9 de qualit\u00e9 alimentaire :<\/strong> Non toxique et adapt\u00e9 aux applications impliquant un contact alimentaire (d\u00e9tails de conformit\u00e9 FDA disponibles sur demande).<\/li>\n<\/ul>\n<h3>Sp\u00e9cifications du produit<\/h3>\n<p>Nous proposons une large gamme de dimensions pour r\u00e9pondre \u00e0 vos besoins d'usinage sp\u00e9cifiques. En tant que <strong>fabricants de tiges en PTFE<\/strong>, nous garantissons des tol\u00e9rances serr\u00e9es et des finitions de surface lisses.<\/p>\n<table style=\"width: 100%; border-collapse: collapse; margin-bottom: 20px;\" border=\"1\">\n<thead>\n<tr style=\"background-color: #f2f2f2;\">\n<th style=\"padding: 10px; text-align: left;\">Propri\u00e9t\u00e9<\/th>\n<th style=\"padding: 10px; text-align: left;\">Valeur \/ Description<\/th>\n<\/tr>\n<\/thead>\n<tbody>\n<tr>\n<td style=\"padding: 10px;\"><strong>Mat\u00e9riel<\/strong><\/td>\n<td style=\"padding: 10px;\">PTFE vierge 100% \/ PTFE charg\u00e9 (verre, carbone, bronze en option)<\/td>\n<\/tr>\n<tr>\n<td style=\"padding: 10px;\"><strong>Masse volumique apparente<\/strong><\/td>\n<td style=\"padding: 10px;\">2,10 \u2013 2,30 g\/cm\u00b3<\/td>\n<\/tr>\n<tr>\n<td style=\"padding: 10px;\"><strong>R\u00e9sistance \u00e0 la traction<\/strong><\/td>\n<td style=\"padding: 10px;\">\u2265 20 MPa<\/td>\n<\/tr>\n<tr>\n<td style=\"padding: 10px;\"><strong>Allongement \u00e0 la rupture<\/strong><\/td>\n<td style=\"padding: 10px;\">\u2265 200%<\/td>\n<\/tr>\n<tr>\n<td style=\"padding: 10px;\"><strong>Temp\u00e9rature de service<\/strong><\/td>\n<td style=\"padding: 10px;\">-180 \u00b0C \u00e0 +260 \u00b0C<\/td>\n<\/tr>\n<tr>\n<td style=\"padding: 10px;\"><strong>Diam\u00e8tres standards (extrud\u00e9s)<\/strong><\/td>\n<td style=\"padding: 10px;\">4 mm \u00e0 200 mm<\/td>\n<\/tr>\n<tr>\n<td style=\"padding: 10px;\"><strong>Diam\u00e8tres standards (moul\u00e9s)<\/strong><\/td>\n<td style=\"padding: 10px;\">Jusqu'\u00e0 600 mm+<\/td>\n<\/tr>\n<tr>\n<td style=\"padding: 10px;\"><strong>Longueurs standard<\/strong><\/td>\n<td style=\"padding: 10px;\">1 000 mm, 2 000 mm ou coupe personnalis\u00e9e<\/td>\n<\/tr>\n<tr>\n<td style=\"padding: 10px;\"><strong>Couleur<\/strong><\/td>\n<td style=\"padding: 10px;\">Blanc (naturel), noir (charg\u00e9 carbone\/graphite), couleurs personnalis\u00e9es disponibles<\/td>\n<\/tr>\n<\/tbody>\n<\/table>\n<h3>Applications des tiges de T\u00e9flon<\/h3>\n<p>En raison de ses propri\u00e9t\u00e9s uniques, le <strong>tige en PTFE<\/strong> de Teflon X est utilis\u00e9 dans un vaste \u00e9ventail d'industries. Les usineurs appr\u00e9cient travailler avec notre mat\u00e9riau car il se d\u00e9coupe proprement et conserve sa stabilit\u00e9 dimensionnelle. Les applications courantes incluent :<\/p>\n<ul>\n<li><strong>A\u00e9ronautique et Automobile :<\/strong> Tuyaux de carburant, bagues et composants de direction assist\u00e9e.<\/li>\n<li><strong>Industrie chimique :<\/strong> Si\u00e8ges de soupapes, rev\u00eatements de pompes et tubes plongeurs r\u00e9sistants \u00e0 la corrosion.<\/li>\n<li><strong>\u00c9lectronique:<\/strong> Isolants haute fr\u00e9quence, connecteurs et gaines de c\u00e2bles.<\/li>\n<li><strong>Ing\u00e9nierie g\u00e9n\u00e9rale :<\/strong> Plaques de glissement, rails de guidage et rouleaux anti-friction.<\/li>\n<\/ul>\n<h3>Contactez-nous pour des commandes personnalis\u00e9es<\/h3>\n<p>Recherchez-vous un fournisseur fiable <strong>fournisseurs de tiges en PTFE<\/strong> capable de g\u00e9rer des commandes group\u00e9es et des sp\u00e9cifications personnalis\u00e9es ? Ne cherchez plus. Teflon X s'engage \u00e0 fournir des produits de haute qualit\u00e9 avec des d\u00e9lais d'ex\u00e9cution rapides. Que vous ayez besoin de blanc vierge standard <strong>barres rondes en PTFE haute densit\u00e9 et sans vide<\/strong> ou d'un grade renforc\u00e9 pour une capacit\u00e9 de charge plus \u00e9lev\u00e9e, nous avons la solution.<\/p>\n<p>Pour conna\u00eetre les tarifs, consulter les fiches techniques ou discuter de votre application sp\u00e9cifique, veuillez visiter notre site Web ou contacter directement notre \u00e9quipe commerciale.<\/p>\n<p style=\"text-align: center; margin-top: 30px;\"><a style=\"background-color: #0073aa; color: #ffffff; padding: 15px 25px; text-decoration: none; font-weight: bold; border-radius: 5px;\" href=\"https:\/\/teflonx.com\/fr\/contactez-nous\/\" target=\"_blank\" rel=\"noopener noreferrer\">Obtenez un devis d\u00e8s maintenant<\/a><\/p>\n<p style=\"text-align: center; margin-top: 20px;\"><strong>E-mail:<\/strong> <a href=\"mailto:allison.ye@teflonx.com\" target=\"_blank\" rel=\"noopener noreferrer\">allison.ye@teflonx.com<\/a><br \/>\n<strong>Site web:<\/strong> <a href=\"https:\/\/teflonx.com\/fr\/\" target=\"_blank\" rel=\"noopener noreferrer\">www.teflonx.com<\/a><\/p>\n<\/div>","protected":false},"excerpt":{"rendered":"<p>Les tiges en PTFE offrent une excellente r\u00e9sistance aux hautes et basses temp\u00e9ratures, id\u00e9ales pour les pi\u00e8ces de machines et les rev\u00eatements. Gr\u00e2ce \u00e0 sa r\u00e9sistance sup\u00e9rieure \u00e0 la corrosion, cette tige en t\u00e9flon assure une durabilit\u00e9 optimale dans les environnements difficiles comme l&#039;industrie p\u00e9troli\u00e8re et gazi\u00e8re. Dimensions personnalisables disponibles.<\/p>","protected":false},"featured_media":374,"comment_status":"open","ping_status":"closed","template":"","meta":{"site-sidebar-layout":"default","site-content-layout":"","ast-site-content-layout":"default","site-content-style":"default","site-sidebar-style":"default","ast-global-header-display":"","ast-banner-title-visibility":"","ast-main-header-display":"","ast-hfb-above-header-display":"","ast-hfb-below-header-display":"","ast-hfb-mobile-header-display":"","site-post-title":"","ast-breadcrumbs-content":"","ast-featured-img":"","footer-sml-layout":"","ast-disable-related-posts":"","theme-transparent-header-meta":"default","adv-header-id-meta":"","stick-header-meta":"","header-above-stick-meta":"","header-main-stick-meta":"","header-below-stick-meta":"","astra-migrate-meta-layouts":"set","ast-page-background-enabled":"default","ast-page-background-meta":{"desktop":{"background-color":"var(--ast-global-color-5)","background-image":"","background-repeat":"repeat","background-position":"center center","background-size":"auto","background-attachment":"scroll","background-type":"","background-media":"","overlay-type":"","overlay-color":"","overlay-opacity":"","overlay-gradient":""},"tablet":{"background-color":"","background-image":"","background-repeat":"repeat","background-position":"center center","background-size":"auto","background-attachment":"scroll","background-type":"","background-media":"","overlay-type":"","overlay-color":"","overlay-opacity":"","overlay-gradient":""},"mobile":{"background-color":"","background-image":"","background-repeat":"repeat","background-position":"center center","background-size":"auto","background-attachment":"scroll","background-type":"","background-media":"","overlay-type":"","overlay-color":"","overlay-opacity":"","overlay-gradient":""}},"ast-content-background-meta":{"desktop":{"background-color":"var(--ast-global-color-4)","background-image":"","background-repeat":"repeat","background-position":"center center","background-size":"auto","background-attachment":"scroll","background-type":"","background-media":"","overlay-type":"","overlay-color":"","overlay-opacity":"","overlay-gradient":""},"tablet":{"background-color":"var(--ast-global-color-4)","background-image":"","background-repeat":"repeat","background-position":"center center","background-size":"auto","background-attachment":"scroll","background-type":"","background-media":"","overlay-type":"","overlay-color":"","overlay-opacity":"","overlay-gradient":""},"mobile":{"background-color":"var(--ast-global-color-4)","background-image":"","background-repeat":"repeat","background-position":"center center","background-size":"auto","background-attachment":"scroll","background-type":"","background-media":"","overlay-type":"","overlay-color":"","overlay-opacity":"","overlay-gradient":""}}},"product_brand":[290],"product_cat":[41],"product_tag":[76,77,75,74],"class_list":{"0":"post-372","1":"product","2":"type-product","3":"status-publish","4":"has-post-thumbnail","6":"product_brand-teflon-x","7":"product_cat-ptfe-rods","8":"product_tag-ptfe-rod-manufacturers","9":"product_tag-ptfe-rod-suppliers","10":"product_tag-ptfe-round-bar","11":"product_tag-teflon-rod","12":"desktop-align-left","13":"tablet-align-left","14":"mobile-align-left","16":"first","17":"instock","18":"shipping-taxable","19":"product-type-simple"},"_links":{"self":[{"href":"https:\/\/teflonx.com\/fr\/wp-json\/wp\/v2\/product\/372","targetHints":{"allow":["GET"]}}],"collection":[{"href":"https:\/\/teflonx.com\/fr\/wp-json\/wp\/v2\/product"}],"about":[{"href":"https:\/\/teflonx.com\/fr\/wp-json\/wp\/v2\/types\/product"}],"replies":[{"embeddable":true,"href":"https:\/\/teflonx.com\/fr\/wp-json\/wp\/v2\/comments?post=372"}],"wp:featuredmedia":[{"embeddable":true,"href":"https:\/\/teflonx.com\/fr\/wp-json\/wp\/v2\/media\/374"}],"wp:attachment":[{"href":"https:\/\/teflonx.com\/fr\/wp-json\/wp\/v2\/media?parent=372"}],"wp:term":[{"taxonomy":"product_brand","embeddable":true,"href":"https:\/\/teflonx.com\/fr\/wp-json\/wp\/v2\/product_brand?post=372"},{"taxonomy":"product_cat","embeddable":true,"href":"https:\/\/teflonx.com\/fr\/wp-json\/wp\/v2\/product_cat?post=372"},{"taxonomy":"product_tag","embeddable":true,"href":"https:\/\/teflonx.com\/fr\/wp-json\/wp\/v2\/product_tag?post=372"}],"curies":[{"name":"WordPress","href":"https:\/\/api.w.org\/{rel}","templated":true}]}}