{"id":384,"date":"2025-03-25T16:05:57","date_gmt":"2025-03-25T16:05:57","guid":{"rendered":"https:\/\/teflonx.com\/?post_type=product&#038;p=384"},"modified":"2026-01-01T13:29:18","modified_gmt":"2026-01-01T13:29:18","slug":"tige-en-teflon-pour-pieces-de-machines","status":"publish","type":"product","link":"https:\/\/teflonx.com\/fr\/product\/tige-en-teflon-pour-pieces-de-machines\/","title":{"rendered":"Tige en t\u00e9flon pour pi\u00e8ces de machines \u2013 Fournisseur de barres rondes en PTFE"},"content":{"rendered":"<div class=\"product-detail-container\">\n<h2>Tige de T\u00e9flon pour pi\u00e8ces de machines \u2013 Fournisseurs de barres rondes en PTFE de qualit\u00e9 sup\u00e9rieure<\/h2>\n<p>Bienvenue \u00e0 <strong>T\u00e9flon X<\/strong>, votre partenaire de confiance en solutions de fluoropolym\u00e8res de haute performance. Si vous cherchez \u00e0 fabriquer des pi\u00e8ces de machines durables capables de r\u00e9sister aux environnements industriels les plus rudes, notre <strong>tige de T\u00e9flon<\/strong> stock est la solution ultime. En tant que l'un des fournisseurs les plus exp\u00e9riment\u00e9s <strong>fabricants de tiges en PTFE<\/strong> sur le march\u00e9, nous nous sp\u00e9cialisons dans la fourniture de <strong>barres rondes en PTFE haute densit\u00e9 et sans vide<\/strong> sp\u00e9cialement con\u00e7ues pour l'usinage de pr\u00e9cision.<\/p>\n<h3>Le mat\u00e9riau id\u00e9al pour les machines industrielles<\/h3>\n<p>Dans le monde de l'ing\u00e9nierie m\u00e9canique, le choix du bon mat\u00e9riau est essentiel pour la long\u00e9vit\u00e9 de votre \u00e9quipement. Le <strong>tige en t\u00e9flon<\/strong> (Polyt\u00e9trafluoro\u00e9thyl\u00e8ne) offre une combinaison unique de propri\u00e9t\u00e9s que les m\u00e9taux et les plastiques standards ne peuvent \u00e9galer. Nos tiges sont largement utilis\u00e9es pour fabriquer des composants tels que des engrenages, des plaques de glissement, des bagues et des segments de piston.<\/p>\n<p>Pourquoi les usineurs pr\u00e9f\u00e8rent-ils notre stock ? C'est une question de r\u00e9gularit\u00e9. Contrairement \u00e0 d'autres <strong>fournisseurs de tiges en PTFE<\/strong> qui peuvent fournir des mat\u00e9riaux pr\u00e9sentant une porosit\u00e9 interne, Teflon X garantit une structure solide et homog\u00e8ne. Cette r\u00e9gularit\u00e9 permet d'obtenir des finitions de surface plus lisses lors du tournage ou du fraisage de la <strong>barres rondes en PTFE haute densit\u00e9 et sans vide<\/strong>, ce qui donne des pi\u00e8ces ayant des coefficients de friction plus faibles et des dur\u00e9es de vie plus longues.<\/p>\n<h3>Principaux avantages de l'utilisation de tiges en PTFE<\/h3>\n<p>Notre produit n'est pas seulement une barre de plastique ; c'est un r\u00e9solveur de probl\u00e8mes pour les d\u00e9fis d'ing\u00e9nierie complexes. Voici pourquoi notre <strong>tige en t\u00e9flon<\/strong> est le choix privil\u00e9gi\u00e9 pour les pi\u00e8ces de machines :<\/p>\n<ul>\n<li><strong>Auto-lubrification exceptionnelle :<\/strong> Le PTFE poss\u00e8de l'un des coefficients de friction les plus bas de tous les mat\u00e9riaux solides. Les pi\u00e8ces usin\u00e9es \u00e0 partir de notre <strong>barres rondes en PTFE haute densit\u00e9 et sans vide<\/strong> ne n\u00e9cessitent souvent aucun lubrifiant externe, ce qui les rend parfaites pour les applications de \u00ab fonctionnement \u00e0 sec \u00bb o\u00f9 l'huile et la graisse ne peuvent \u00eatre utilis\u00e9es.<\/li>\n<li><strong>R\u00e9sistance sup\u00e9rieure aux produits chimiques et aux acides :<\/strong> Que vos machines fonctionnent dans une usine de traitement chimique ou dans un environnement acide, nos tiges restent chimiquement inertes. Elles r\u00e9sistent \u00e0 l'attaque de la quasi-totalit\u00e9 des produits chimiques industriels, garantissant l'int\u00e9grit\u00e9 structurelle de vos pi\u00e8ces.<\/li>\n<li><strong>Large plage de temp\u00e9ratures :<\/strong> De la cong\u00e9lation cryog\u00e9nique \u00e0 la chaleur extr\u00eame, nos tiges conservent leurs propri\u00e9t\u00e9s m\u00e9caniques. Elles restent flexibles \u00e0 basse temp\u00e9rature et stables \u00e0 haute temp\u00e9rature, emp\u00eachant la d\u00e9faillance des composants lors des cycles thermiques.<\/li>\n<li><strong>Isolation \u00e9lectrique :<\/strong> Au-del\u00e0 des pi\u00e8ces m\u00e9caniques, nos tiges sont d'excellents isolants, ce qui les rend adapt\u00e9es aux entretoises \u00e9lectriques et aux connecteurs au sein des syst\u00e8mes de commande des machines.<\/li>\n<\/ul>\n<h3>Sp\u00e9cifications techniques et param\u00e8tres<\/h3>\n<p>Pour vous assurer d'obtenir le mat\u00e9riau exact requis pour votre projet, veuillez consulter les param\u00e8tres techniques de notre PTFE vierge standard. En tant que partenaire d\u00e9vou\u00e9 <strong>fabricants de tiges en PTFE<\/strong>, nous respectons des normes de contr\u00f4le de qualit\u00e9 strictes pour r\u00e9pondre \u00e0 ces sp\u00e9cifications.<\/p>\n<table style=\"width: 100%; border-collapse: collapse; margin-top: 20px; margin-bottom: 30px;\" border=\"1\">\n<thead>\n<tr style=\"background-color: #f0f0f0;\">\n<th style=\"padding: 12px; text-align: left;\">Param\u00e8tre<\/th>\n<th style=\"padding: 12px; text-align: left;\">Sp\u00e9cification \/ Valeur<\/th>\n<\/tr>\n<\/thead>\n<tbody>\n<tr>\n<td style=\"padding: 10px;\"><strong>Composition du mat\u00e9riau<\/strong><\/td>\n<td style=\"padding: 10px;\">100% PTFE vierge (polyt\u00e9trafluoro\u00e9thyl\u00e8ne)<\/td>\n<\/tr>\n<tr>\n<td style=\"padding: 10px;\"><strong>Masse volumique apparente<\/strong><\/td>\n<td style=\"padding: 10px;\">2,10 ~ 2,30 g\/cm\u00b3<\/td>\n<\/tr>\n<tr>\n<td style=\"padding: 10px;\"><strong>R\u00e9sistance \u00e0 la traction<\/strong><\/td>\n<td style=\"padding: 10px;\">\u2265 20 MPa<\/td>\n<\/tr>\n<tr>\n<td style=\"padding: 10px;\"><strong>Allongement \u00e0 la rupture<\/strong><\/td>\n<td style=\"padding: 10px;\">\u2265 200%<\/td>\n<\/tr>\n<tr>\n<td style=\"padding: 10px;\"><strong>Temp\u00e9rature de fonctionnement<\/strong><\/td>\n<td style=\"padding: 10px;\">-180 \u00b0C \u00e0 +260 \u00b0C<\/td>\n<\/tr>\n<tr>\n<td style=\"padding: 10px;\"><strong>Absorption d&#039;eau<\/strong><\/td>\n<td style=\"padding: 10px;\">&lt; 0,01% (Pratiquement nulle)<\/td>\n<\/tr>\n<tr>\n<td style=\"padding: 10px;\"><strong>Rigidit\u00e9 di\u00e9lectrique<\/strong><\/td>\n<td style=\"padding: 10px;\">&gt; 10 KV\/mm<\/td>\n<\/tr>\n<tr>\n<td style=\"padding: 10px;\"><strong>Diam\u00e8tres disponibles<\/strong><\/td>\n<td style=\"padding: 10px;\">Extrud\u00e9 : 4 mm \u2013 200 mm \/ Moul\u00e9 : jusqu'\u00e0 600 mm<\/td>\n<\/tr>\n<tr>\n<td style=\"padding: 10px;\"><strong>Longueurs standard<\/strong><\/td>\n<td style=\"padding: 10px;\">1000 mm, 2000 mm, ou coup\u00e9 \u00e0 dimension<\/td>\n<\/tr>\n<\/tbody>\n<\/table>\n<h3>Fabrication et personnalisation<\/h3>\n<p>Chez Teflon X, nous comprenons qu'une solution unique ne convient pas \u00e0 tous. Bien que nous stockions des tailles standard, nous nous distinguons des fournisseurs g\u00e9n\u00e9ralistes <strong>fournisseurs de tiges en PTFE<\/strong> en proposant une personnalisation \u00e9tendue. Selon le diam\u00e8tre requis, nous utilisons deux processus de fabrication distincts :<\/p>\n<ol>\n<li><strong>Extrusion \u00e0 piston :<\/strong> Utilis\u00e9e pour les diam\u00e8tres plus petits <strong>tige en t\u00e9flon<\/strong> la production (g\u00e9n\u00e9ralement inf\u00e9rieure \u00e0 200 mm). Ce processus continu garantit de grandes longueurs et une productivit\u00e9 \u00e9lev\u00e9e.<\/li>\n<li><strong>Moulage par compression :<\/strong> Utilis\u00e9 pour les grands diam\u00e8tres <strong>barres rondes en PTFE haute densit\u00e9 et sans vide<\/strong>. Cela nous permet de cr\u00e9er des billettes massives pour l'usinage de grands joints ou de composants structurels.<\/li>\n<\/ol>\n<p>De plus, si votre application n\u00e9cessite une r\u00e9sistance \u00e0 l'usure accrue ou des capacit\u00e9s de charge plus \u00e9lev\u00e9es, nous pouvons fournir des compos\u00e9s de PTFE charg\u00e9s, notamment des tiges charg\u00e9es de fibre de verre, de carbone, de bronze ou de graphite.<\/p>\n<h3>Pourquoi s'associer \u00e0 Teflon X ?<\/h3>\n<p>Choisir le bon partenaire est tout aussi important que de choisir le bon mat\u00e9riau. Teflon X s'engage \u00e0 offrir l'excellence. Notre r\u00e9seau logistique garantit que, que vous soyez local ou international, votre commande arrive \u00e0 temps. Nous fournissons une certification compl\u00e8te des mat\u00e9riaux et une tra\u00e7abilit\u00e9, vous offrant la tranquillit\u00e9 d'esprit que vous achetez aupr\u00e8s de sources r\u00e9put\u00e9es <strong>fabricants de tiges en PTFE<\/strong>.<\/p>\n<p>Ne faites pas de compromis sur la qualit\u00e9 de vos pi\u00e8ces de machines. Am\u00e9liorez votre cha\u00eene d'approvisionnement avec Teflon X d\u00e8s aujourd'hui.<\/p>\n<div style=\"background-color: #f9f9f9; padding: 20px; border: 1px solid #ddd; border-radius: 5px; text-align: center; margin-top: 30px;\">\n<h3 style=\"margin-top: 0;\">Pr\u00eat \u00e0 commander ou besoin d'un conseil technique ?<\/h3>\n<p>Notre \u00e9quipe d'ing\u00e9nieurs est pr\u00eate \u00e0 vous aider dans la s\u00e9lection des mat\u00e9riaux et \u00e0 \u00e9tablir des devis personnalis\u00e9s.<\/p>\n<p style=\"margin: 20px 0;\"><a style=\"background-color: #d32f2f; color: #fff; padding: 15px 30px; text-decoration: none; font-weight: bold; border-radius: 4px; font-size: 16px;\" href=\"https:\/\/teflonx.com\/fr\/contactez-nous\/\" target=\"_blank\" rel=\"noopener noreferrer\">Contactez-nous d\u00e8s maintenant<\/a><\/p>\n<p style=\"font-size: 14px; margin-top: 15px;\">Pour toute demande directe, veuillez nous envoyer un e-mail \u00e0 :<br \/>\n<a style=\"color: #0066cc; font-weight: bold;\" href=\"mailto:allison.ye@teflonx.com\" target=\"_blank\" rel=\"noopener noreferrer\">allison.ye@teflonx.com<\/a><\/p>\n<p style=\"font-size: 14px;\">Visitez notre site web : <a style=\"color: #0066cc;\" href=\"https:\/\/teflonx.com\/fr\/\" target=\"_blank\" rel=\"noopener noreferrer\">https:\/\/teflonx.com\/<\/a><\/p>\n<\/div>\n<\/div>","protected":false},"excerpt":{"rendered":"<p>Les tiges en T\u00e9flon, \u00e9galement appel\u00e9es barres rondes en PTFE, sont id\u00e9ales pour les composants de machines gr\u00e2ce \u00e0 leur excellente lubrification et leur r\u00e9sistance aux acides. Ces tiges durables am\u00e9liorent les performances dans les applications exigeantes. Contactez d\u00e8s aujourd&#039;hui des fournisseurs fiables de tiges en PTFE.<\/p>","protected":false},"featured_media":375,"comment_status":"open","ping_status":"closed","template":"","meta":{"site-sidebar-layout":"default","site-content-layout":"","ast-site-content-layout":"default","site-content-style":"default","site-sidebar-style":"default","ast-global-header-display":"","ast-banner-title-visibility":"","ast-main-header-display":"","ast-hfb-above-header-display":"","ast-hfb-below-header-display":"","ast-hfb-mobile-header-display":"","site-post-title":"","ast-breadcrumbs-content":"","ast-featured-img":"","footer-sml-layout":"","ast-disable-related-posts":"","theme-transparent-header-meta":"default","adv-header-id-meta":"","stick-header-meta":"","header-above-stick-meta":"","header-main-stick-meta":"","header-below-stick-meta":"","astra-migrate-meta-layouts":"set","ast-page-background-enabled":"default","ast-page-background-meta":{"desktop":{"background-color":"var(--ast-global-color-5)","background-image":"","background-repeat":"repeat","background-position":"center center","background-size":"auto","background-attachment":"scroll","background-type":"","background-media":"","overlay-type":"","overlay-color":"","overlay-opacity":"","overlay-gradient":""},"tablet":{"background-color":"","background-image":"","background-repeat":"repeat","background-position":"center center","background-size":"auto","background-attachment":"scroll","background-type":"","background-media":"","overlay-type":"","overlay-color":"","overlay-opacity":"","overlay-gradient":""},"mobile":{"background-color":"","background-image":"","background-repeat":"repeat","background-position":"center center","background-size":"auto","background-attachment":"scroll","background-type":"","background-media":"","overlay-type":"","overlay-color":"","overlay-opacity":"","overlay-gradient":""}},"ast-content-background-meta":{"desktop":{"background-color":"var(--ast-global-color-4)","background-image":"","background-repeat":"repeat","background-position":"center center","background-size":"auto","background-attachment":"scroll","background-type":"","background-media":"","overlay-type":"","overlay-color":"","overlay-opacity":"","overlay-gradient":""},"tablet":{"background-color":"var(--ast-global-color-4)","background-image":"","background-repeat":"repeat","background-position":"center center","background-size":"auto","background-attachment":"scroll","background-type":"","background-media":"","overlay-type":"","overlay-color":"","overlay-opacity":"","overlay-gradient":""},"mobile":{"background-color":"var(--ast-global-color-4)","background-image":"","background-repeat":"repeat","background-position":"center center","background-size":"auto","background-attachment":"scroll","background-type":"","background-media":"","overlay-type":"","overlay-color":"","overlay-opacity":"","overlay-gradient":""}}},"product_brand":[290],"product_cat":[41],"product_tag":[76,77,75,74],"class_list":{"0":"post-384","1":"product","2":"type-product","3":"status-publish","4":"has-post-thumbnail","6":"product_brand-teflon-x","7":"product_cat-ptfe-rods","8":"product_tag-ptfe-rod-manufacturers","9":"product_tag-ptfe-rod-suppliers","10":"product_tag-ptfe-round-bar","11":"product_tag-teflon-rod","12":"desktop-align-left","13":"tablet-align-left","14":"mobile-align-left","16":"first","17":"instock","18":"shipping-taxable","19":"product-type-simple"},"_links":{"self":[{"href":"https:\/\/teflonx.com\/fr\/wp-json\/wp\/v2\/product\/384","targetHints":{"allow":["GET"]}}],"collection":[{"href":"https:\/\/teflonx.com\/fr\/wp-json\/wp\/v2\/product"}],"about":[{"href":"https:\/\/teflonx.com\/fr\/wp-json\/wp\/v2\/types\/product"}],"replies":[{"embeddable":true,"href":"https:\/\/teflonx.com\/fr\/wp-json\/wp\/v2\/comments?post=384"}],"wp:featuredmedia":[{"embeddable":true,"href":"https:\/\/teflonx.com\/fr\/wp-json\/wp\/v2\/media\/375"}],"wp:attachment":[{"href":"https:\/\/teflonx.com\/fr\/wp-json\/wp\/v2\/media?parent=384"}],"wp:term":[{"taxonomy":"product_brand","embeddable":true,"href":"https:\/\/teflonx.com\/fr\/wp-json\/wp\/v2\/product_brand?post=384"},{"taxonomy":"product_cat","embeddable":true,"href":"https:\/\/teflonx.com\/fr\/wp-json\/wp\/v2\/product_cat?post=384"},{"taxonomy":"product_tag","embeddable":true,"href":"https:\/\/teflonx.com\/fr\/wp-json\/wp\/v2\/product_tag?post=384"}],"curies":[{"name":"WordPress","href":"https:\/\/api.w.org\/{rel}","templated":true}]}}