{"id":552,"date":"2025-04-06T16:04:37","date_gmt":"2025-04-06T16:04:37","guid":{"rendered":"https:\/\/teflonx.com\/?post_type=product&#038;p=552"},"modified":"2025-12-29T00:54:34","modified_gmt":"2025-12-29T00:54:34","slug":"tube-en-polytetrafluoroethylene-resistant-aux-produits-chimiques","status":"publish","type":"product","link":"https:\/\/teflonx.com\/fr\/product\/tube-en-polytetrafluoroethylene-resistant-aux-produits-chimiques\/","title":{"rendered":"Tubes en polyt\u00e9trafluoro\u00e9thyl\u00e8ne r\u00e9sistants aux produits chimiques | Fournisseur de tuyaux rev\u00eatus de PTFE"},"content":{"rendered":"<h2>Tubes en polyt\u00e9trafluoro\u00e9thyl\u00e8ne r\u00e9sistants aux produits chimiques | Fournisseur de tuyaux rev\u00eatus de PTFE<\/h2>\n<p>Bienvenue \u00e0 <strong><a href=\"https:\/\/teflonx.com\/fr\/\" target=\"_blank\" rel=\"noopener\">T\u00e9flon X<\/a><\/strong>, votre partenaire privil\u00e9gi\u00e9 pour des solutions avanc\u00e9es de transfert de fluides. Dans le monde complexe du traitement chimique et de la fabrication industrielle, l'int\u00e9grit\u00e9 de vos syst\u00e8mes de tuyauterie peut d\u00e9terminer le succ\u00e8s de votre exploitation. Notre <strong>Tube en polyt\u00e9trafluoro\u00e9thyl\u00e8ne r\u00e9sistant aux produits chimiques<\/strong> est con\u00e7u sp\u00e9cifiquement pour manipuler les fluides les plus agressifs de la plan\u00e8te, offrant un niveau de s\u00e9curit\u00e9 et de durabilit\u00e9 que les tuyaux standard ne peuvent \u00e9galer. En tant que <strong>fabricant de tubes en PTFE<\/strong>, nous comprenons que la compatibilit\u00e9 chimique n'est pas seulement une caract\u00e9ristique, c'est une n\u00e9cessit\u00e9.<\/p>\n<h3>D\u00e9fense chimique ultime avec le tube en polyt\u00e9trafluoro\u00e9thyl\u00e8ne<\/h3>\n<p>La caract\u00e9ristique d\u00e9terminante de notre <strong>tube en t\u00e9flon PTFE<\/strong> est son inertie chimique quasi universelle. Le noyau interne est fabriqu\u00e9 \u00e0 partir de Ptfe\/polyt\u00e9trafluoro\u00e9thyl\u00e8ne de haute puret\u00e9. Ce mat\u00e9riau poss\u00e8de une structure mol\u00e9culaire unique qui le rend imperm\u00e9able \u00e0 pratiquement tous les produits chimiques corrosifs, y compris l'acide sulfurique concentr\u00e9, l'acide nitrique, les solvants organiques et les alcalis caustiques.<\/p>\n<p>Qu'il soit utilis\u00e9 dans des r\u00e9acteurs chimiques, des \u00e9quipements d'analyse de laboratoire ou des conduites de d\u00e9chets dangereux, notre <strong>tuyau doubl\u00e9 de PTFE<\/strong> agit comme une barri\u00e8re imp\u00e9n\u00e9trable. Contrairement au caoutchouc ou au PVC, qui peuvent gonfler, se fissurer ou se dissoudre lorsqu'ils sont expos\u00e9s \u00e0 des milieux agressifs, notre <strong>tube en PTFE<\/strong> maintient son int\u00e9grit\u00e9 structurelle, emp\u00eachant les fuites dangereuses et la contamination environnementale co\u00fbteuse.<\/p>\n<h3>Efficacit\u00e9 et dynamique des fluides<\/h3>\n<p>Au-del\u00e0 de la protection, notre <strong>tube en t\u00e9flon<\/strong> offre des avantages op\u00e9rationnels significatifs. La surface interne du <strong>tubes en polyt\u00e9trafluoro\u00e9thyl\u00e8ne<\/strong> est exceptionnellement lisse, affichant un coefficient de friction extr\u00eamement bas. Cette qualit\u00e9 \u00ab antiadh\u00e9sive \u00bb n'est pas r\u00e9serv\u00e9e aux ustensiles de cuisine ; dans la tuyauterie industrielle, elle r\u00e9duit la r\u00e9sistance aux fluides jusqu'\u00e0 30 % par rapport aux tuyaux conventionnels en m\u00e9tal ou en caoutchouc.<\/p>\n<p>Cette r\u00e9duction de la friction signifie que vos pompes n'ont pas \u00e0 travailler aussi dur pour d\u00e9placer les fluides, ce qui entra\u00eene une consommation d'\u00e9nergie r\u00e9duite et une diminution des co\u00fbts op\u00e9rationnels. De plus, la nature autonettoyante du <strong>tube flexible en PTFE<\/strong> emp\u00eache l'accumulation de d\u00e9p\u00f4ts et de tartre, assurant des d\u00e9bits constants et simplifiant les protocoles de nettoyage.<\/p>\n<h3>Sp\u00e9cifications du produit<\/h3>\n<p>Notre tuyau tress\u00e9 en T\u00e9flon est con\u00e7u pour fonctionner dans des conditions rigoureuses. Voici les param\u00e8tres techniques sp\u00e9cifiques de cette gamme de produits :<\/p>\n<table style=\"border-collapse: collapse; width: 100%; border: 1px solid #ddd; margin-bottom: 25px;\">\n<tbody>\n<tr style=\"background-color: #f9f9f9;\">\n<td style=\"padding: 12px; border: 1px solid #ddd;\"><strong>Marque<\/strong><\/td>\n<td style=\"padding: 12px; border: 1px solid #ddd;\">T\u00e9flon X<\/td>\n<\/tr>\n<tr>\n<td style=\"padding: 12px; border: 1px solid #ddd;\"><strong>Mat\u00e9riel<\/strong><\/td>\n<td style=\"padding: 12px; border: 1px solid #ddd;\">PTFE \/ polyt\u00e9trafluoro\u00e9thyl\u00e8ne<\/td>\n<\/tr>\n<tr style=\"background-color: #f9f9f9;\">\n<td style=\"padding: 12px; border: 1px solid #ddd;\"><strong>DI du tube (Diam\u00e8tre Int\u00e9rieur)<\/strong><\/td>\n<td style=\"padding: 12px; border: 1px solid #ddd;\">6,3 ~ 25,4 mm<\/td>\n<\/tr>\n<tr>\n<td style=\"padding: 12px; border: 1px solid #ddd;\"><strong>Plage de temp\u00e9rature<\/strong><\/td>\n<td style=\"padding: 12px; border: 1px solid #ddd;\">-70 ~ +260 \u00b0C<\/td>\n<\/tr>\n<tr style=\"background-color: #f9f9f9;\">\n<td style=\"padding: 12px; border: 1px solid #ddd;\"><strong>Caract\u00e9ristiques<\/strong><\/td>\n<td style=\"padding: 12px; border: 1px solid #ddd;\">R\u00e9sistance \u00e0 la corrosion, r\u00e9sistance aux hautes et basses temp\u00e9ratures, r\u00e9sistance \u00e0 la haute pression, souple<\/td>\n<\/tr>\n<\/tbody>\n<\/table>\n<h3>Renforcement structurel : Tuyau en T\u00e9flon tress\u00e9 en acier inoxydable<\/h3>\n<p>Alors que le noyau en PTFE g\u00e8re les produits chimiques, la r\u00e9sistance m\u00e9canique est assur\u00e9e par le renforcement externe. Il s'agit d'un <strong>tuyau tress\u00e9 en t\u00e9flon en acier inoxydable<\/strong>. Le tressage sert d'enveloppe de pression, permettant au tuyau de fonctionner \u00e0 des pressions \u00e9lev\u00e9es (r\u00e9sistance \u00e0 la haute pression) qui feraient \u00e9clater un tube non renforc\u00e9.<\/p>\n<p>Malgr\u00e9 ce blindage robuste, le tuyau reste une <strong>tube flexible en PTFE<\/strong> solution. Comme indiqu\u00e9 dans les sp\u00e9cifications, le tuyau est \u00ab souple \u00bb, ce qui permet un acheminement facile dans les coins et une installation dans des espaces restreints au sein des machines. Cette combinaison de flexibilit\u00e9 et de robustesse le rend id\u00e9al pour les applications dynamiques o\u00f9 les vibrations et les mouvements sont constants.<\/p>\n<h3>R\u00e9silience thermique pour les applications critiques<\/h3>\n<p>Les processus industriels impliquent souvent des fluctuations de temp\u00e9rature extr\u00eames. Notre <strong>tube en PTFE<\/strong> est con\u00e7u pour s'adapter \u00e0 ces environnements. Avec une plage de temp\u00e9rature de service allant de -70 \u00b0C \u00e0 +260 \u00b0C, il est tout aussi efficace dans les lignes de refroidissement cryog\u00e9nique que dans le transfert de vapeur \u00e0 haute temp\u00e9rature. Cette stabilit\u00e9 thermique garantit que le <strong>tube en t\u00e9flon PTFE<\/strong> ne deviendra pas cassant sous l'effet du froid et ne fondra pas sous l'effet de la chaleur, offrant ainsi des performances fiables \u00e0 long terme.<\/p>\n<h3>Pourquoi s'associer \u00e0 Teflon X ?<\/h3>\n<p><strong>1. Excellence de fabrication :<\/strong> En tant que sp\u00e9cialiste <strong>fabricant de tubes en PTFE<\/strong>, nous utilisons des capacit\u00e9s de conception multicouches pour r\u00e9pondre aux normes industrielles critiques.<br \/>\n<strong>2. Polyvalence :<\/strong> Avec une plage de diam\u00e8tre int\u00e9rieur (DI) de 6,3 mm \u00e0 25,4 mm, nous avons la taille adapt\u00e9e \u00e0 votre laboratoire ou \u00e0 votre usine de transformation.<br \/>\n<strong>3. Long\u00e9vit\u00e9 :<\/strong> La r\u00e9sistance sup\u00e9rieure \u00e0 la corrosion et au vieillissement de notre <strong>tuyau doubl\u00e9 de PTFE<\/strong> signifie moins de remplacements et moins de temps d'arr\u00eat pour votre entreprise.<\/p>\n<h3>Contactez-nous pour des solutions personnalis\u00e9es<\/h3>\n<p>Pr\u00eat \u00e0 am\u00e9liorer la s\u00e9curit\u00e9 et l'efficacit\u00e9 de vos syst\u00e8mes de transfert de fluides avec des produits de haute qualit\u00e9 <strong>tube en t\u00e9flon<\/strong>? Contactez notre \u00e9quipe d'ing\u00e9nierie d\u00e8s aujourd'hui pour obtenir des devis et une assistance technique.<\/p>\n<p><strong>E-mail:<\/strong> <a href=\"mailto:allison.ye@teflonx.com\">allison.ye@teflonx.com<\/a><br \/>\n<strong>Site web:<\/strong> <a href=\"https:\/\/teflonx.com\/fr\/\" target=\"_blank\" rel=\"noopener\">https:\/\/teflonx.com\/<\/a><br \/>\n<strong>Page de contact :<\/strong> <a href=\"https:\/\/teflonx.com\/fr\/contactez-nous\/\" target=\"_blank\" rel=\"noopener\">Obtenir un devis ici<\/a><\/p>","protected":false},"excerpt":{"rendered":"<p>Les tubes en polyt\u00e9trafluoro\u00e9thyl\u00e8ne (PTFE) r\u00e9sistent aux produits chimiques agressifs comme l&#039;acide sulfurique et les solvants organiques, ce qui les rend parfaits pour les r\u00e9acteurs chimiques et les \u00e9quipements de laboratoire. Leur surface int\u00e9rieure lisse r\u00e9duit la r\u00e9sistance aux fluides de 30%, diminuant ainsi les co\u00fbts d&#039;exploitation. Des conceptions multicouches sont disponibles en option pour les applications industrielles critiques.<\/p>","protected":false},"featured_media":536,"comment_status":"open","ping_status":"closed","template":"","meta":{"site-sidebar-layout":"default","site-content-layout":"","ast-site-content-layout":"default","site-content-style":"default","site-sidebar-style":"default","ast-global-header-display":"","ast-banner-title-visibility":"","ast-main-header-display":"","ast-hfb-above-header-display":"","ast-hfb-below-header-display":"","ast-hfb-mobile-header-display":"","site-post-title":"","ast-breadcrumbs-content":"","ast-featured-img":"","footer-sml-layout":"","ast-disable-related-posts":"","theme-transparent-header-meta":"default","adv-header-id-meta":"","stick-header-meta":"","header-above-stick-meta":"","header-main-stick-meta":"","header-below-stick-meta":"","astra-migrate-meta-layouts":"set","ast-page-background-enabled":"default","ast-page-background-meta":{"desktop":{"background-color":"var(--ast-global-color-5)","background-image":"","background-repeat":"repeat","background-position":"center center","background-size":"auto","background-attachment":"scroll","background-type":"","background-media":"","overlay-type":"","overlay-color":"","overlay-opacity":"","overlay-gradient":""},"tablet":{"background-color":"","background-image":"","background-repeat":"repeat","background-position":"center center","background-size":"auto","background-attachment":"scroll","background-type":"","background-media":"","overlay-type":"","overlay-color":"","overlay-opacity":"","overlay-gradient":""},"mobile":{"background-color":"","background-image":"","background-repeat":"repeat","background-position":"center center","background-size":"auto","background-attachment":"scroll","background-type":"","background-media":"","overlay-type":"","overlay-color":"","overlay-opacity":"","overlay-gradient":""}},"ast-content-background-meta":{"desktop":{"background-color":"var(--ast-global-color-4)","background-image":"","background-repeat":"repeat","background-position":"center center","background-size":"auto","background-attachment":"scroll","background-type":"","background-media":"","overlay-type":"","overlay-color":"","overlay-opacity":"","overlay-gradient":""},"tablet":{"background-color":"var(--ast-global-color-4)","background-image":"","background-repeat":"repeat","background-position":"center center","background-size":"auto","background-attachment":"scroll","background-type":"","background-media":"","overlay-type":"","overlay-color":"","overlay-opacity":"","overlay-gradient":""},"mobile":{"background-color":"var(--ast-global-color-4)","background-image":"","background-repeat":"repeat","background-position":"center center","background-size":"auto","background-attachment":"scroll","background-type":"","background-media":"","overlay-type":"","overlay-color":"","overlay-opacity":"","overlay-gradient":""}}},"product_brand":[290],"product_cat":[40],"product_tag":[179,174,177,176,173,178,169,175],"class_list":{"0":"post-552","1":"product","2":"type-product","3":"status-publish","4":"has-post-thumbnail","6":"product_brand-teflon-x","7":"product_cat-ptfe-tubes","8":"product_tag-flexible-ptfe-tubing","9":"product_tag-polytetrafluoroethylene-tubing","10":"product_tag-ptfe-lined-hose","11":"product_tag-ptfe-teflon-tubing","12":"product_tag-ptfe-tube","13":"product_tag-ptfe-tube-manufacturer","14":"product_tag-stainless-steel-braided-teflon-hose","15":"product_tag-teflon-tubing","16":"desktop-align-left","17":"tablet-align-left","18":"mobile-align-left","20":"first","21":"instock","22":"shipping-taxable","23":"product-type-simple"},"_links":{"self":[{"href":"https:\/\/teflonx.com\/fr\/wp-json\/wp\/v2\/product\/552","targetHints":{"allow":["GET"]}}],"collection":[{"href":"https:\/\/teflonx.com\/fr\/wp-json\/wp\/v2\/product"}],"about":[{"href":"https:\/\/teflonx.com\/fr\/wp-json\/wp\/v2\/types\/product"}],"replies":[{"embeddable":true,"href":"https:\/\/teflonx.com\/fr\/wp-json\/wp\/v2\/comments?post=552"}],"wp:featuredmedia":[{"embeddable":true,"href":"https:\/\/teflonx.com\/fr\/wp-json\/wp\/v2\/media\/536"}],"wp:attachment":[{"href":"https:\/\/teflonx.com\/fr\/wp-json\/wp\/v2\/media?parent=552"}],"wp:term":[{"taxonomy":"product_brand","embeddable":true,"href":"https:\/\/teflonx.com\/fr\/wp-json\/wp\/v2\/product_brand?post=552"},{"taxonomy":"product_cat","embeddable":true,"href":"https:\/\/teflonx.com\/fr\/wp-json\/wp\/v2\/product_cat?post=552"},{"taxonomy":"product_tag","embeddable":true,"href":"https:\/\/teflonx.com\/fr\/wp-json\/wp\/v2\/product_tag?post=552"}],"curies":[{"name":"WordPress","href":"https:\/\/api.w.org\/{rel}","templated":true}]}}