{"id":656,"date":"2025-04-19T15:37:09","date_gmt":"2025-04-19T15:37:09","guid":{"rendered":"https:\/\/teflonx.com\/?post_type=product&#038;p=656"},"modified":"2026-01-01T14:53:27","modified_gmt":"2026-01-01T14:53:27","slug":"tuyau-de-carburant-en-teflon-2","status":"publish","type":"product","link":"https:\/\/teflonx.com\/fr\/product\/tuyau-de-carburant-en-teflon-2\/","title":{"rendered":"Tuyau de carburant en t\u00e9flon ondul\u00e9 pour automobile"},"content":{"rendered":"<h2>Tuyau de carburant en t\u00e9flon haute performance avec conception ondul\u00e9e pour les syst\u00e8mes automobiles<\/h2>\n<p>Bienvenue \u00e0 <strong>T\u00e9flon X<\/strong>Le syst\u00e8me d'alimentation en carburant est le premier \u00e0 offrir des solutions avanc\u00e9es pour le transfert de fluides. L'ing\u00e9nierie automobile moderne repoussant les limites de la puissance et de l'efficacit\u00e9, la demande de syst\u00e8mes d'alimentation en carburant robustes n'a jamais \u00e9t\u00e9 aussi forte. Nos <strong>Tuyau de carburant en t\u00e9flon ondul\u00e9 pour automobile<\/strong> est sp\u00e9cialement con\u00e7u pour relever ces d\u00e9fis. En combinant la sup\u00e9riorit\u00e9 chimique du polyt\u00e9trafluoro\u00e9thyl\u00e8ne (PTFE) avec une structure m\u00e9canique flexible, nous fournissons un produit de haute qualit\u00e9. <strong>tuyau de carburant ondul\u00e9 en PTFE<\/strong> qui surpasse les lignes traditionnelles en caoutchouc dans tous les domaines.<\/p>\n<h3>L'\u00e9volution des conduites de carburant : Pourquoi choisir un tuyau de carburant ondul\u00e9 en PTFE ?<\/h3>\n<p>Les tuyaux de carburant traditionnels en caoutchouc ont tendance \u00e0 se d\u00e9grader avec le temps. Ils se dess\u00e8chent, se fissurent et, pire encore, ils sont sensibles \u00e0 la \"perm\u00e9ation du carburant\", o\u00f9 les vapeurs de carburant s'infiltrent lentement \u00e0 travers la paroi du tuyau, ce qui provoque des odeurs de carburant dans le garage et nuit \u00e0 l'environnement. En outre, les carburants modernes contenant de l'\u00e9thanol (comme E10, E85) ou du m\u00e9thanol peuvent attaquer agressivement les compos\u00e9s en caoutchouc.<\/p>\n<p>Notre solution est le <strong>conduite de carburant en PTFE<\/strong>. Le PTFE est chimiquement inerte, ce qui signifie qu'il ne r\u00e9agit pas avec l'essence, le diesel, l'\u00e9thanol, le m\u00e9thanol ou les carburants de course. Cependant, le PTFE standard \u00e0 al\u00e9sage lisse peut \u00eatre rigide et susceptible de se tordre dans les virages serr\u00e9s. C'est l\u00e0 que notre conception unique se distingue. Le <strong>tube de carburant ondul\u00e9<\/strong> offre une flexibilit\u00e9 exceptionnelle. Cette conception alambiqu\u00e9e permet au tuyau d'\u00eatre achemin\u00e9 dans les baies moteur complexes et les espaces restreints du ch\u00e2ssis sans s'affaisser ni restreindre le d\u00e9bit, ce qui permet de maintenir une alimentation continue en carburant dans toutes les conditions.<\/p>\n<h3>Durabilit\u00e9 et performance in\u00e9gal\u00e9es<\/h3>\n<p>Le <strong>Tuyau de carburant en t\u00e9flon ondul\u00e9 pour automobile<\/strong> est con\u00e7u pour l'environnement difficile sous le capot. Le c\u0153ur du tuyau est constitu\u00e9 d'un <strong>tube de carburant ondul\u00e9<\/strong> qui absorbe naturellement les vibrations du moteur et les mouvements du ch\u00e2ssis. Cette caract\u00e9ristique est essentielle dans les applications automobiles \u00e0 hautes performances o\u00f9 les conduites rigides risquent de se fatiguer et de se rompre.<\/p>\n<p>Afin de garantir l'int\u00e9grit\u00e9 structurelle sous haute pression, l'int\u00e9rieur de l'enveloppe de l'appareil est en acier inoxydable. <strong>tuyau de carburant en t\u00e9flon<\/strong> est renforc\u00e9 par une tresse ext\u00e9rieure en acier inoxydable \u00e0 haute r\u00e9sistance (disponible en SS304 ou SS316). Cette tresse emp\u00eache non seulement la dilatation sous pression (qui entra\u00eene une sensation de spongiosit\u00e9 de la p\u00e9dale dans les applications hydrauliques ou des chutes de pression du carburant), mais agit \u00e9galement comme un bouclier contre l'abrasion, les d\u00e9bris de la route et les sources de chaleur.<\/p>\n<p>En parlant de chaleur, cette <strong>tuyau de carburant ondul\u00e9 en PTFE<\/strong> offre une plage de temp\u00e9ratures impressionnante. Il reste flexible et op\u00e9rationnel dans des conditions de d\u00e9marrage extr\u00eamement froides (-70\u00b0C) jusqu'\u00e0 des temp\u00e9ratures de moteur br\u00fblantes de +250\u00b0C. Que votre v\u00e9hicule soit une voiture de tous les jours ou un engin de piste, ce tuyau garantit la s\u00e9curit\u00e9 et la fiabilit\u00e9.<\/p>\n<h3>Principales caract\u00e9ristiques et avantages<\/h3>\n<ul>\n<li><strong>Compatibilit\u00e9 chimique universelle :<\/strong> Le <strong>conduite de carburant en PTFE<\/strong> liner traite tous les fluides automobiles, y compris le liquide de frein, le liquide de transmission, le liquide de direction assist\u00e9e, l'oxyde nitreux et tous les carburants \u00e0 base d'hydrocarbures et d'alcool.<\/li>\n<li><strong>Perm\u00e9ation z\u00e9ro :<\/strong> \u00c9limine l'odeur de gaz dans votre garage en emp\u00eachant la vapeur de s'\u00e9chapper, un probl\u00e8me courant avec les anciennes conduites en caoutchouc.<\/li>\n<li><strong>Flexibilit\u00e9 am\u00e9lior\u00e9e :<\/strong> L'h\u00e9lico\u00efde <strong>tube de carburant ondul\u00e9<\/strong> permet d'obtenir des rayons de courbure nettement plus serr\u00e9s que les autres solutions \u00e0 al\u00e9sage lisse.<\/li>\n<li><strong>D\u00e9bits \u00e9lev\u00e9s :<\/strong> Malgr\u00e9 les ondulations, la conception interne est optimis\u00e9e pour minimiser les turbulences et maintenir une vitesse d'\u00e9coulement \u00e9lev\u00e9e, essentielle pour les syst\u00e8mes d'injection de carburant.<\/li>\n<li><strong>Long\u00e9vit\u00e9 :<\/strong> UN <strong>tuyau de carburant en t\u00e9flon<\/strong> a essentiellement une dur\u00e9e de conservation infinie. Il ne vieillit pas et ne se d\u00e9grade pas, ce qui en fait une solution \"pr\u00eate \u00e0 l'emploi\".<\/li>\n<\/ul>\n<h3>Sp\u00e9cifications techniques<\/h3>\n<p>\u00c0 <strong>T\u00e9flon X<\/strong>Nous veillons \u00e0 ce que nos produits r\u00e9pondent \u00e0 des normes de qualit\u00e9 rigoureuses. Voici les param\u00e8tres techniques de nos s\u00e9ries automobiles <strong>tuyau de carburant ondul\u00e9 en PTFE<\/strong>.<\/p>\n<table style=\"border-collapse: collapse; width: 100%; border: 1px solid #dddddd;\" border=\"1\">\n<tbody>\n<tr style=\"background-color: #f9f9f9;\">\n<td style=\"padding: 10px; border: 1px solid #dddddd;\"><strong>S\u00e9rie de produits<\/strong><\/td>\n<td style=\"padding: 10px; border: 1px solid #dddddd;\">S\u00e9rie Auto-Flex PTFE<\/td>\n<\/tr>\n<tr>\n<td style=\"padding: 10px; border: 1px solid #dddddd;\"><strong>Mat\u00e9riau du tube int\u00e9rieur<\/strong><\/td>\n<td style=\"padding: 10px; border: 1px solid #dddddd;\">PTFE vierge ou PTFE conducteur (antistatique) noir<\/td>\n<\/tr>\n<tr style=\"background-color: #f9f9f9;\">\n<td style=\"padding: 10px; border: 1px solid #dddddd;\"><strong>Structure<\/strong><\/td>\n<td style=\"padding: 10px; border: 1px solid #dddddd;\">H\u00e9lico\u00efdale <strong>tube de carburant ondul\u00e9<\/strong> conception<\/td>\n<\/tr>\n<tr>\n<td style=\"padding: 10px; border: 1px solid #dddddd;\"><strong>Renforcement<\/strong><\/td>\n<td style=\"padding: 10px; border: 1px solid #dddddd;\">Tresse en acier inoxydable \u00e0 haute r\u00e9sistance (SS304 standard, SS316 en option)<\/td>\n<\/tr>\n<tr style=\"background-color: #f9f9f9;\">\n<td style=\"padding: 10px; border: 1px solid #dddddd;\"><strong>Plage de temp\u00e9rature<\/strong><\/td>\n<td style=\"padding: 10px; border: 1px solid #dddddd;\">De -70\u00b0C \u00e0 +250\u00b0C (de -94\u00b0F \u00e0 +482\u00b0F)<\/td>\n<\/tr>\n<tr>\n<td style=\"padding: 10px; border: 1px solid #dddddd;\"><strong>Tailles courantes (classement AN)<\/strong><\/td>\n<td style=\"padding: 10px; border: 1px solid #dddddd;\">AN4, AN6, AN8, AN10, AN12, AN16<\/td>\n<\/tr>\n<tr style=\"background-color: #f9f9f9;\">\n<td style=\"padding: 10px; border: 1px solid #dddddd;\"><strong>Pression de service<\/strong><\/td>\n<td style=\"padding: 10px; border: 1px solid #dddddd;\">1 000 PSI \u00e0 3 000 PSI (selon le diam\u00e8tre)<\/td>\n<\/tr>\n<tr>\n<td style=\"padding: 10px; border: 1px solid #dddddd;\"><strong>Rapport de pression d'\u00e9clatement<\/strong><\/td>\n<td style=\"padding: 10px; border: 1px solid #dddddd;\">Facteur de s\u00e9curit\u00e9 4:1<\/td>\n<\/tr>\n<tr style=\"background-color: #f9f9f9;\">\n<td style=\"padding: 10px; border: 1px solid #dddddd;\"><strong>Raccords recommand\u00e9s<\/strong><\/td>\n<td style=\"padding: 10px; border: 1px solid #dddddd;\">Raccords tournants ou raccords \u00e0 sertir r\u00e9utilisables en PTFE<\/td>\n<\/tr>\n<\/tbody>\n<\/table>\n<h3>Doublures conductrices ou non conductrices<\/h3>\n<p>Dans le cas d'un transfert de carburant \u00e0 grande vitesse, de l'\u00e9lectricit\u00e9 statique peut s'accumuler dans le tuyau. <strong>T\u00e9flon X<\/strong> recommande nos produits conducteurs impr\u00e9gn\u00e9s de carbone (noir) <strong>conduite de carburant en PTFE<\/strong> pour toutes les applications de carburant. Ce rev\u00eatement conducteur permet \u00e0 la charge statique de se dissiper \u00e0 travers les raccords jusqu'au ch\u00e2ssis, \u00e9vitant ainsi les dangereux arcs statiques qui peuvent se produire avec le PTFE non conducteur standard dans les syst\u00e8mes d'alimentation en carburant.<\/p>\n<h3>Contactez Teflon X pour des solutions sur mesure<\/h3>\n<p>Choisir le bon <strong>tuyau de carburant en t\u00e9flon<\/strong> est essentiel pour la s\u00e9curit\u00e9 et les performances de votre v\u00e9hicule. Que vous construisiez un syst\u00e8me d'injection de carburant personnalis\u00e9, une ligne d'alimentation d'huile de turbo ou une boucle de refroidissement de transmission \u00e0 usage intensif, <strong>T\u00e9flon X<\/strong> dispose de l'expertise n\u00e9cessaire pour vous guider.<\/p>\n<p>Pour plus d'informations sur notre gamme compl\u00e8te de produits, veuillez consulter notre site web \u00e0 l'adresse suivante <a href=\"https:\/\/teflonx.com\/fr\/\" target=\"_blank\" rel=\"noopener\">teflonx.com<\/a>. Si vous avez des questions techniques sp\u00e9cifiques concernant le rayon de courbure, les diagrammes de flux ou les commandes en gros, n'h\u00e9sitez pas \u00e0 nous contacter.<\/p>\n<p>Vous pouvez contacter notre \u00e9quipe de vente et d'assistance technique par l'interm\u00e9diaire de notre site web. <a href=\"https:\/\/teflonx.com\/fr\/contactez-nous\/\" target=\"_blank\" rel=\"noopener\">Page de contact<\/a> ou envoyer un courriel directement \u00e0 <a href=\"mailto:allison.ye@teflonx.com\">allison.ye@teflonx.com<\/a>. Am\u00e9liorez d\u00e8s aujourd'hui vos syst\u00e8mes de fluides automobiles gr\u00e2ce \u00e0 la fiabilit\u00e9 du Teflon X.<\/p>","protected":false},"excerpt":{"rendered":"<p>Le tuyau de carburant en T\u00e9flon, con\u00e7u comme un tuyau ondul\u00e9 en PTFE, offre des performances sup\u00e9rieures dans les syst\u00e8mes de carburant automobiles. Il r\u00e9siste aux produits chimiques agressifs et \u00e0 des temp\u00e9ratures allant jusqu&#039;\u00e0 +250 \u00b0C. Sa flexibilit\u00e9 absorbe les vibrations, tandis que sa surface int\u00e9rieure lisse r\u00e9duit la r\u00e9sistance \u00e0 l&#039;\u00e9coulement, garantissant ainsi une efficacit\u00e9 durable.<\/p>","protected":false},"featured_media":644,"comment_status":"open","ping_status":"closed","template":"","meta":{"site-sidebar-layout":"default","site-content-layout":"","ast-site-content-layout":"default","site-content-style":"default","site-sidebar-style":"default","ast-global-header-display":"","ast-banner-title-visibility":"","ast-main-header-display":"","ast-hfb-above-header-display":"","ast-hfb-below-header-display":"","ast-hfb-mobile-header-display":"","site-post-title":"","ast-breadcrumbs-content":"","ast-featured-img":"","footer-sml-layout":"","ast-disable-related-posts":"","theme-transparent-header-meta":"default","adv-header-id-meta":"","stick-header-meta":"","header-above-stick-meta":"","header-main-stick-meta":"","header-below-stick-meta":"","astra-migrate-meta-layouts":"set","ast-page-background-enabled":"default","ast-page-background-meta":{"desktop":{"background-color":"var(--ast-global-color-5)","background-image":"","background-repeat":"repeat","background-position":"center center","background-size":"auto","background-attachment":"scroll","background-type":"","background-media":"","overlay-type":"","overlay-color":"","overlay-opacity":"","overlay-gradient":""},"tablet":{"background-color":"","background-image":"","background-repeat":"repeat","background-position":"center center","background-size":"auto","background-attachment":"scroll","background-type":"","background-media":"","overlay-type":"","overlay-color":"","overlay-opacity":"","overlay-gradient":""},"mobile":{"background-color":"","background-image":"","background-repeat":"repeat","background-position":"center center","background-size":"auto","background-attachment":"scroll","background-type":"","background-media":"","overlay-type":"","overlay-color":"","overlay-opacity":"","overlay-gradient":""}},"ast-content-background-meta":{"desktop":{"background-color":"var(--ast-global-color-4)","background-image":"","background-repeat":"repeat","background-position":"center center","background-size":"auto","background-attachment":"scroll","background-type":"","background-media":"","overlay-type":"","overlay-color":"","overlay-opacity":"","overlay-gradient":""},"tablet":{"background-color":"var(--ast-global-color-4)","background-image":"","background-repeat":"repeat","background-position":"center center","background-size":"auto","background-attachment":"scroll","background-type":"","background-media":"","overlay-type":"","overlay-color":"","overlay-opacity":"","overlay-gradient":""},"mobile":{"background-color":"var(--ast-global-color-4)","background-image":"","background-repeat":"repeat","background-position":"center center","background-size":"auto","background-attachment":"scroll","background-type":"","background-media":"","overlay-type":"","overlay-color":"","overlay-opacity":"","overlay-gradient":""}}},"product_brand":[290],"product_cat":[42],"product_tag":[221,219,220,49],"class_list":{"0":"post-656","1":"product","2":"type-product","3":"status-publish","4":"has-post-thumbnail","6":"product_brand-teflon-x","7":"product_cat-ptfe-corrugated-hoses","8":"product_tag-corrugated-fuel-tube","9":"product_tag-ptfe-corrugated-fuel-hose","10":"product_tag-ptfe-fuel-line","11":"product_tag-teflon-fuel-hose","12":"desktop-align-left","13":"tablet-align-left","14":"mobile-align-left","16":"first","17":"instock","18":"shipping-taxable","19":"product-type-simple"},"_links":{"self":[{"href":"https:\/\/teflonx.com\/fr\/wp-json\/wp\/v2\/product\/656","targetHints":{"allow":["GET"]}}],"collection":[{"href":"https:\/\/teflonx.com\/fr\/wp-json\/wp\/v2\/product"}],"about":[{"href":"https:\/\/teflonx.com\/fr\/wp-json\/wp\/v2\/types\/product"}],"replies":[{"embeddable":true,"href":"https:\/\/teflonx.com\/fr\/wp-json\/wp\/v2\/comments?post=656"}],"wp:featuredmedia":[{"embeddable":true,"href":"https:\/\/teflonx.com\/fr\/wp-json\/wp\/v2\/media\/644"}],"wp:attachment":[{"href":"https:\/\/teflonx.com\/fr\/wp-json\/wp\/v2\/media?parent=656"}],"wp:term":[{"taxonomy":"product_brand","embeddable":true,"href":"https:\/\/teflonx.com\/fr\/wp-json\/wp\/v2\/product_brand?post=656"},{"taxonomy":"product_cat","embeddable":true,"href":"https:\/\/teflonx.com\/fr\/wp-json\/wp\/v2\/product_cat?post=656"},{"taxonomy":"product_tag","embeddable":true,"href":"https:\/\/teflonx.com\/fr\/wp-json\/wp\/v2\/product_tag?post=656"}],"curies":[{"name":"wp","href":"https:\/\/api.w.org\/{rel}","templated":true}]}}