{"id":798,"date":"2025-06-09T15:52:43","date_gmt":"2025-06-09T15:52:43","guid":{"rendered":"https:\/\/teflonx.com\/?post_type=product&#038;p=798"},"modified":"2026-01-01T15:32:19","modified_gmt":"2026-01-01T15:32:19","slug":"ruban-de-plombier-en-gros","status":"publish","type":"product","link":"https:\/\/teflonx.com\/fr\/product\/ruban-de-plombier-en-gros\/","title":{"rendered":"Ruban de plombier en gros | Ruban d&#039;\u00e9tanch\u00e9it\u00e9 pour filetage en T\u00e9flon de qualit\u00e9 sup\u00e9rieure"},"content":{"rendered":"<div class=\"product-description-container\">\n<h1>Ruban de plombier en gros | Ruban d&#039;\u00e9tanch\u00e9it\u00e9 pour filetage en T\u00e9flon de qualit\u00e9 sup\u00e9rieure<\/h1>\n<p>Bienvenue \u00e0 <strong>T\u00e9flon X<\/strong>Nous sommes un fabricant et un partenaire de confiance pour les solutions d'\u00e9tanch\u00e9it\u00e9 industrielle. Nous sommes sp\u00e9cialis\u00e9s dans la fourniture de produits de haute qualit\u00e9 en grands volumes. <strong>Ruban de plombier en gros<\/strong> aux distributeurs, aux cha\u00eenes d'approvisionnement en quincaillerie et aux grands entrepreneurs de construction. Nos services <strong>ruban d&#039;\u00e9tanch\u00e9it\u00e9 pour filetage en t\u00e9flon<\/strong> est con\u00e7u pour r\u00e9pondre aux normes rigoureuses de l'industrie, garantissant que chaque rouleau offre des performances constantes, que ce soit pour des r\u00e9parations de plomberie r\u00e9sidentielle ou des syst\u00e8mes de tuyauterie industrielle complexes.<\/p>\n<h2>La norme industrielle pour les connexions \u00e9tanches<\/h2>\n<p>Dans le monde de la dynamique des fluides et de la tuyauterie, l'int\u00e9grit\u00e9 d'un joint est primordiale. Nos <strong>ruban de tuyau en t\u00e9flon<\/strong> est fabriqu\u00e9 \u00e0 partir de polyt\u00e9trafluoro\u00e9thyl\u00e8ne (PTFE) vierge 100%, un mat\u00e9riau r\u00e9put\u00e9 pour son inertie chimique et son faible coefficient de frottement. Lorsqu'il est appliqu\u00e9, notre <strong>ruban d&#039;\u00e9tanch\u00e9it\u00e9 en PTFE<\/strong> agit \u00e0 la fois comme lubrifiant et comme agent d'\u00e9tanch\u00e9it\u00e9. Il permet aux tuyaux filet\u00e9s de se loger plus profond\u00e9ment sans se gripper, tout en comblant les imperfections microscopiques des filets pour cr\u00e9er une barri\u00e8re herm\u00e9tique et \u00e9tanche.<\/p>\n<p>Pour les distributeurs qui souhaitent stocker des produits fiables, nos <strong>ruban de plombier en PTFE<\/strong> offre la constance que vos clients exigent. Contrairement aux produits de qualit\u00e9 inf\u00e9rieure qui se d\u00e9chirent ou s'agglutinent lors de l'application, le ruban Teflon X conserve son int\u00e9grit\u00e9 structurelle, ce qui permet d'obtenir un emballage lisse et professionnel \u00e0 chaque fois.<\/p>\n<h2>Variations de produits : Solutions de rubans PTFE blancs et jaunes<\/h2>\n<p>Nous comprenons que des projets diff\u00e9rents n\u00e9cessitent des sp\u00e9cifications particuli\u00e8res. Teflon X propose un portefeuille diversifi\u00e9 de <strong>ruban de filetage en t\u00e9flon<\/strong> pour s'adapter \u00e0 diverses applications :<\/p>\n<ul>\n<li><strong>Ruban adh\u00e9sif blanc standard pour plombiers :<\/strong> Il s'agit de la norme universelle pour les conduites d'eau, les \u00e9gouts et les syst\u00e8mes hydrauliques. Notre <strong>ruban t\u00e9flon blanc<\/strong> est compatible avec les tuyaux en fer, en laiton, en cuivre, en aluminium, en acier inoxydable et en plastique. C'est l'\u00e9l\u00e9ment essentiel <strong>ruban de plombier blanc<\/strong> que l'on trouve dans toutes les trousses \u00e0 outils professionnelles.<\/li>\n<li><strong>Ruban d'\u00e9tanch\u00e9it\u00e9 jaune pour gaz :<\/strong> La s\u00e9curit\u00e9 n'est pas n\u00e9gociable lorsqu'il s'agit de substances volatiles. Nos <strong>ruban PTFE jaune<\/strong> est un ruban double \u00e9paisseur \u00e0 haute densit\u00e9 sp\u00e9cialement con\u00e7u pour les conduites de gaz. Certifi\u00e9 comme <strong>ruban PTFE pour gaz<\/strong>Il est approuv\u00e9 pour une utilisation avec le gaz naturel, le propane, le butane et les huiles de p\u00e9trole, garantissant une \u00e9tanch\u00e9it\u00e9 s\u00fbre qui r\u00e9siste aux vibrations et \u00e0 la pression.<\/li>\n<\/ul>\n<h2>Principales caract\u00e9ristiques de performance<\/h2>\n<p>Notre <strong>ruban t\u00e9flon pour plomberie<\/strong> est con\u00e7u pour fonctionner sous pression. Ses principaux avantages sont les suivants :<\/p>\n<ul>\n<li><strong>R\u00e9sistance chimique :<\/strong> Notre <strong>ruban filet\u00e9 en PTFE<\/strong> est chimiquement inerte et r\u00e9siste aux attaques des acides, des solvants et des produits chimiques agressifs.<\/li>\n<li><strong>Extr\u00eames de temp\u00e9rature :<\/strong> De la cong\u00e9lation cryog\u00e9nique aux conduites de vapeur \u00e0 haute temp\u00e9rature, notre ruban reste flexible et efficace.<\/li>\n<li><strong>Non durcissant :<\/strong> Le ruban ne s\u00e8che pas et ne durcit pas, ce qui signifie que les joints peuvent \u00eatre facilement d\u00e9mont\u00e9s, m\u00eame des ann\u00e9es apr\u00e8s leur installation, sans endommager les filets.<\/li>\n<li><strong>Lubrification:<\/strong> Pr\u00e9vient le grippage et la corrosion des filetages m\u00e9talliques, prolongeant ainsi la dur\u00e9e de vie des raccords de tuyauterie.<\/li>\n<\/ul>\n<h2>Sp\u00e9cifications techniques<\/h2>\n<p>Pour les responsables des achats et les ing\u00e9nieurs qui ont besoin de donn\u00e9es techniques, le tableau suivant pr\u00e9sente les param\u00e8tres standard de nos produits en vrac. <strong>ruban d&#039;\u00e9tanch\u00e9it\u00e9 pour filetage en t\u00e9flon<\/strong>. Des sp\u00e9cifications personnalis\u00e9es sont \u00e9galement disponibles sur demande.<\/p>\n<table style=\"width: 100%; border-collapse: collapse; border: 1px solid #dddddd; margin-bottom: 25px;\" border=\"1\" cellspacing=\"0\" cellpadding=\"10\">\n<thead>\n<tr style=\"background-color: #f5f5f5;\">\n<th style=\"text-align: left;\">Param\u00e8tre<\/th>\n<th style=\"text-align: left;\">D\u00e9tails de la sp\u00e9cification<\/th>\n<\/tr>\n<\/thead>\n<tbody>\n<tr>\n<td><strong>Mat\u00e9riel<\/strong><\/td>\n<td>100% PTFE vierge (polyt\u00e9trafluoro\u00e9thyl\u00e8ne)<\/td>\n<\/tr>\n<tr>\n<td><strong>Code couleur<\/strong><\/td>\n<td>Blanc (standard), jaune (conduite de gaz), rose (usage intensif), vert (oxyg\u00e8ne)<\/td>\n<\/tr>\n<tr>\n<td><strong>Options de densit\u00e9<\/strong><\/td>\n<td>Standard (0,25-0,35 g\/cm\u00b3), Haute densit\u00e9 (0,4-0,8 g\/cm\u00b3), Premium (1,0+ g\/cm\u00b3)<\/td>\n<\/tr>\n<tr>\n<td><strong>Largeur<\/strong><\/td>\n<td>1\/2\u2033 (12mm), 3\/4\u2033 (19mm), 1\u2033 (25mm), 2\u2033 (50mm)<\/td>\n<\/tr>\n<tr>\n<td><strong>Longueur<\/strong><\/td>\n<td>260\u2033 (6.6m), 520\u2033 (13.2m), 1000\u2033 (25.4m), ou longueurs personnalis\u00e9es<\/td>\n<\/tr>\n<tr>\n<td><strong>\u00c9paisseur<\/strong><\/td>\n<td>0,075 mm \u00e0 0,2 mm (personnalisable)<\/td>\n<\/tr>\n<tr>\n<td><strong>Plage de temp\u00e9rature<\/strong><\/td>\n<td>-190\u00b0C \u00e0 +370\u00b0C (-310\u00b0F \u00e0 +698\u00b0F)<\/td>\n<\/tr>\n<tr>\n<td><strong>Pression nominale<\/strong><\/td>\n<td>Jusqu'\u00e0 10 000 PSI (en fonction de l'application et de la densit\u00e9)<\/td>\n<\/tr>\n<tr>\n<td><strong>R\u00e9sistance \u00e0 la traction<\/strong><\/td>\n<td>\u22658 Mpa<\/td>\n<\/tr>\n<\/tbody>\n<\/table>\n<h2>Avantages de la vente en gros et de la commande group\u00e9e<\/h2>\n<p>Choisir Teflon X comme fournisseur pour <strong>ruban de plombier en gros<\/strong> vous garantit que vous recevrez plus qu'un simple produit, vous recevrez un partenariat. Nous r\u00e9pondons sp\u00e9cifiquement aux commandes en gros, en offrant :<\/p>\n<ul>\n<li><strong>Emballage personnalis\u00e9 :<\/strong> Nous pouvons fournir des services de bobinage, d'\u00e9tiquetage et d'emballage sous blister personnalis\u00e9s pour r\u00e9pondre aux exigences de votre marque.<\/li>\n<li><strong>Remises sur volume :<\/strong> Des structures de prix comp\u00e9titives con\u00e7ues pour les distributeurs et les acheteurs industriels \u00e0 grande \u00e9chelle.<\/li>\n<li><strong>Logistique fiable :<\/strong> Des calendriers de production et d'exp\u00e9dition efficaces pour garantir le maintien de vos niveaux de stock.<\/li>\n<\/ul>\n<h2>Comment appliquer le ruban adh\u00e9sif PTFE<\/h2>\n<p>Afin d'assurer une efficacit\u00e9 maximale de la <strong>ruban d&#039;\u00e9tanch\u00e9it\u00e9 pour filetage en t\u00e9flon<\/strong>:<\/p>\n<ol>\n<li>Nettoyez soigneusement les filetages m\u00e2les pour \u00e9liminer la salet\u00e9 ou l'huile.<\/li>\n<li>Commencez \u00e0 enrouler le ruban \u00e0 partir du deuxi\u00e8me fil \u00e0 l'extr\u00e9mit\u00e9 du tuyau pour \u00e9viter que des morceaux de ruban ne p\u00e9n\u00e8trent dans le circuit d'\u00e9coulement.<\/li>\n<li>Enrouler dans le sens de la spirale du fil (sens des aiguilles d'une montre).<\/li>\n<li>Appliquer une tension pour tirer le ruban dans les fils. Utiliser 3 \u00e0 4 tours pour les <strong>ruban t\u00e9flon blanc<\/strong>ou 2 ou 3 enveloppes pour les plus \u00e9paisses <strong>ruban d&#039;\u00e9tanch\u00e9it\u00e9 pour filetage jaune<\/strong>.<\/li>\n<\/ol>\n<div style=\"background-color: #f9f9f9; border-left: 5px solid #0056b3; padding: 20px; margin-top: 30px;\">\n<h3 style=\"color: #0056b3; margin-top: 0;\">Contactez-nous pour les demandes de renseignements en vrac<\/h3>\n<p>\u00cates-vous pr\u00eat \u00e0 stocker des primes ? <strong>ruban d&#039;\u00e9tanch\u00e9it\u00e9 en PTFE<\/strong>? Que vous ayez besoin d'une <strong>ruban de plombier<\/strong> ou sp\u00e9cialis\u00e9s <strong>ruban PTFE pour gaz<\/strong>Teflon X a la capacit\u00e9 de production n\u00e9cessaire pour r\u00e9pondre \u00e0 vos besoins.<\/p>\n<p>Contactez notre \u00e9quipe commerciale d\u00e8s aujourd'hui pour discuter de vos sp\u00e9cifications, demander des \u00e9chantillons ou obtenir un devis personnalis\u00e9 pour votre commande en gros.<\/p>\n<p><strong>E-mail:<\/strong> <a href=\"mailto:allison.ye@teflonx.com\">allison.ye@teflonx.com<\/a><\/p>\n<p><strong>Visitez notre site web :<\/strong> <a href=\"https:\/\/teflonx.com\/fr\/\" target=\"_blank\" rel=\"noopener noreferrer\">https:\/\/teflonx.com\/<\/a><\/p>\n<p style=\"margin-top: 20px;\"><a style=\"display: inline-block; padding: 10px 20px; background-color: #0056b3; color: #ffffff; text-decoration: none; border-radius: 4px; font-weight: bold;\" href=\"https:\/\/teflonx.com\/fr\/contactez-nous\/\" target=\"_blank\" rel=\"noopener noreferrer\">Obtenir un devis de vente en gros<\/a><\/p>\n<\/div>\n<\/div>","protected":false},"excerpt":{"rendered":"<p>Achetez du ruban de plomberie en gros directement aupr\u00e8s d&#039;un fabricant leader. Notre ruban d&#039;\u00e9tanch\u00e9it\u00e9 pour filetage en T\u00e9flon est con\u00e7u pour une fiabilit\u00e9 optimale lors d&#039;applications en vrac, offrant une qualit\u00e9 constante aux distributeurs et aux grands projets. Ce ruban PTFE de haute qualit\u00e9 garantit une excellente \u00e9tanch\u00e9it\u00e9 \u00e0 un prix comp\u00e9titif. Contactez-nous pour obtenir un devis en gros.<\/p>","protected":false},"featured_media":795,"comment_status":"open","ping_status":"closed","template":"","meta":{"site-sidebar-layout":"default","site-content-layout":"","ast-site-content-layout":"default","site-content-style":"default","site-sidebar-style":"default","ast-global-header-display":"","ast-banner-title-visibility":"","ast-main-header-display":"","ast-hfb-above-header-display":"","ast-hfb-below-header-display":"","ast-hfb-mobile-header-display":"","site-post-title":"","ast-breadcrumbs-content":"","ast-featured-img":"","footer-sml-layout":"","ast-disable-related-posts":"","theme-transparent-header-meta":"default","adv-header-id-meta":"","stick-header-meta":"","header-above-stick-meta":"","header-main-stick-meta":"","header-below-stick-meta":"","astra-migrate-meta-layouts":"set","ast-page-background-enabled":"default","ast-page-background-meta":{"desktop":{"background-color":"var(--ast-global-color-5)","background-image":"","background-repeat":"repeat","background-position":"center center","background-size":"auto","background-attachment":"scroll","background-type":"","background-media":"","overlay-type":"","overlay-color":"","overlay-opacity":"","overlay-gradient":""},"tablet":{"background-color":"","background-image":"","background-repeat":"repeat","background-position":"center center","background-size":"auto","background-attachment":"scroll","background-type":"","background-media":"","overlay-type":"","overlay-color":"","overlay-opacity":"","overlay-gradient":""},"mobile":{"background-color":"","background-image":"","background-repeat":"repeat","background-position":"center center","background-size":"auto","background-attachment":"scroll","background-type":"","background-media":"","overlay-type":"","overlay-color":"","overlay-opacity":"","overlay-gradient":""}},"ast-content-background-meta":{"desktop":{"background-color":"var(--ast-global-color-4)","background-image":"","background-repeat":"repeat","background-position":"center center","background-size":"auto","background-attachment":"scroll","background-type":"","background-media":"","overlay-type":"","overlay-color":"","overlay-opacity":"","overlay-gradient":""},"tablet":{"background-color":"var(--ast-global-color-4)","background-image":"","background-repeat":"repeat","background-position":"center center","background-size":"auto","background-attachment":"scroll","background-type":"","background-media":"","overlay-type":"","overlay-color":"","overlay-opacity":"","overlay-gradient":""},"mobile":{"background-color":"var(--ast-global-color-4)","background-image":"","background-repeat":"repeat","background-position":"center center","background-size":"auto","background-attachment":"scroll","background-type":"","background-media":"","overlay-type":"","overlay-color":"","overlay-opacity":"","overlay-gradient":""}}},"product_brand":[290],"product_cat":[260],"product_tag":[261,267,263,271,262,264,270,266,265,269,268,272,273],"class_list":{"0":"post-798","1":"product","2":"type-product","3":"status-publish","4":"has-post-thumbnail","6":"product_brand-teflon-x","7":"product_cat-ptfe-tape","8":"product_tag-plumbers-tape","9":"product_tag-ptfe-plumbers-tape","10":"product_tag-ptfe-seal-tape","11":"product_tag-ptfe-tape-for-gas","12":"product_tag-ptfe-thread-tape","13":"product_tag-teflon-pipe-tape","14":"product_tag-teflon-tape-for-plumbing","15":"product_tag-teflon-thread-seal-tape","16":"product_tag-teflon-thread-tape","17":"product_tag-white-plumbers-tape","18":"product_tag-white-teflon-tape","19":"product_tag-yellow-ptfe-tape","20":"product_tag-yellow-thread-seal-tape","21":"desktop-align-left","22":"tablet-align-left","23":"mobile-align-left","25":"first","26":"instock","27":"shipping-taxable","28":"product-type-simple"},"_links":{"self":[{"href":"https:\/\/teflonx.com\/fr\/wp-json\/wp\/v2\/product\/798","targetHints":{"allow":["GET"]}}],"collection":[{"href":"https:\/\/teflonx.com\/fr\/wp-json\/wp\/v2\/product"}],"about":[{"href":"https:\/\/teflonx.com\/fr\/wp-json\/wp\/v2\/types\/product"}],"replies":[{"embeddable":true,"href":"https:\/\/teflonx.com\/fr\/wp-json\/wp\/v2\/comments?post=798"}],"wp:featuredmedia":[{"embeddable":true,"href":"https:\/\/teflonx.com\/fr\/wp-json\/wp\/v2\/media\/795"}],"wp:attachment":[{"href":"https:\/\/teflonx.com\/fr\/wp-json\/wp\/v2\/media?parent=798"}],"wp:term":[{"taxonomy":"product_brand","embeddable":true,"href":"https:\/\/teflonx.com\/fr\/wp-json\/wp\/v2\/product_brand?post=798"},{"taxonomy":"product_cat","embeddable":true,"href":"https:\/\/teflonx.com\/fr\/wp-json\/wp\/v2\/product_cat?post=798"},{"taxonomy":"product_tag","embeddable":true,"href":"https:\/\/teflonx.com\/fr\/wp-json\/wp\/v2\/product_tag?post=798"}],"curies":[{"name":"wp","href":"https:\/\/api.w.org\/{rel}","templated":true}]}}