{"id":829,"date":"2025-07-15T07:21:31","date_gmt":"2025-07-15T07:21:31","guid":{"rendered":"https:\/\/teflonx.com\/?post_type=product&#038;p=829"},"modified":"2025-07-15T07:21:33","modified_gmt":"2025-07-15T07:21:33","slug":"tube-a-soufflet-en-ptfe-interieur-plat-exterieur-ondule-pour-usage-pharmaceutique","status":"publish","type":"product","link":"https:\/\/teflonx.com\/fr\/product\/tube-a-soufflet-en-ptfe-interieur-plat-exterieur-ondule-pour-usage-pharmaceutique\/","title":{"rendered":"Tube \u00e0 soufflet en PTFE\u00a0: int\u00e9rieur plat, ext\u00e9rieur ondul\u00e9 pour usage pharmaceutique"},"content":{"rendered":"<h2><strong>Tube \u00e0 soufflet en PTFE\u00a0: int\u00e9rieur plat, ext\u00e9rieur ondul\u00e9 pour usage pharmaceutique<\/strong><\/h2>\n<p><strong>Le tube \u00e0 soufflet en PTFE, avec son int\u00e9rieur plat et son ext\u00e9rieur ondul\u00e9, offre des performances hygi\u00e9niques et non contaminantes pour les applications pharmaceutiques. Ce tube en PTFE \u00e0 int\u00e9rieur lisse et ext\u00e9rieur ondul\u00e9 facilite le transfert fluide des produits tout en r\u00e9sistant aux agents d\u00e9sinfectants agressifs.<\/strong><\/p>\n<p><strong>Adapt\u00e9 aux environnements st\u00e9riles, le tuyau ondul\u00e9 plat interne et externe ondul\u00e9 maintient la puret\u00e9 dans les processus de fabrication de m\u00e9dicaments, offrant une flexibilit\u00e9 sans compromettre la r\u00e9sistance.<\/strong><\/p>\n<p><strong>Optez pour ce tube ondul\u00e9 plat int\u00e9rieur\/ext\u00e9rieur en PTFE pour am\u00e9liorer l&#039;efficacit\u00e9 ; sa structure en forme de soufflet, semblable au tube ondul\u00e9 plat int\u00e9rieur\/ext\u00e9rieur en PTFE, garantit la conformit\u00e9 aux normes strictes de l&#039;industrie.<\/strong><\/p>\n<p>Chez Teflon X, nous sommes sp\u00e9cialis\u00e9s dans la fourniture de solutions de transfert de fluides hautes performances. <strong>Tube \u00e0 soufflet en PTFE<\/strong> Con\u00e7u pour r\u00e9pondre aux exigences strictes des industries pharmaceutique, biotechnologique et agroalimentaire. Sa construction unique pr\u00e9sente une surface int\u00e9rieure parfaitement lisse pour un \u00e9coulement sans entrave et une surface ext\u00e9rieure alv\u00e9ol\u00e9e pour une flexibilit\u00e9 et une r\u00e9sistance \u00e0 la torsion sup\u00e9rieures.<\/p>\n<hr \/>\n<h3 id=\"-key-features-benefits-\"><strong>Principales caract\u00e9ristiques et avantages<\/strong><\/h3>\n<ul>\n<li><strong>Hygi\u00e9nique et non contaminant :<\/strong> L&#039;al\u00e9sage int\u00e9rieur ultra-lisse de notre <strong>Tube int\u00e9rieur lisse et ext\u00e9rieur ondul\u00e9 en PTFE<\/strong> Emp\u00eache l&#039;accumulation de particules et la contamination microbienne, garantissant ainsi la puret\u00e9 du produit. Id\u00e9al pour les applications sanitaires.<\/li>\n<li><strong>Flexibilit\u00e9 sup\u00e9rieure :<\/strong> La conception \u00e0 \u00ab soufflet \u00bb ondul\u00e9 offre un excellent rayon de courbure, ce qui facilite l&#039;installation dans des espaces complexes et restreints sans risque de pliage ou de restriction de d\u00e9bit.<\/li>\n<li><strong>R\u00e9sistance chimique exceptionnelle :<\/strong> Fabriqu\u00e9 \u00e0 partir de PTFE vierge 100%, ce tube est pratiquement inerte \u00e0 tous les produits chimiques, solvants et agents de nettoyage agressifs courants (CIP\/SIP), garantissant une longue dur\u00e9e de vie et l&#039;int\u00e9grit\u00e9 du processus.<\/li>\n<li><strong>Large plage de temp\u00e9ratures :<\/strong> Le <strong>Tube \u00e0 soufflet en PTFE<\/strong> fonctionne de mani\u00e8re fiable sur un large spectre de temp\u00e9ratures, des niveaux cryog\u00e9niques jusqu&#039;aux temp\u00e9ratures \u00e9lev\u00e9es, ce qui le rend adapt\u00e9 \u00e0 diff\u00e9rentes \u00e9tapes de traitement.<\/li>\n<li><strong>Construction durable :<\/strong> Renforc\u00e9 avec une tresse en acier inoxydable 304, ce <strong>Tube ondul\u00e9 plat interne et externe ondul\u00e9<\/strong> offre une excellente r\u00e9sistance \u00e0 la pression et une durabilit\u00e9 physique, prot\u00e9geant le noyau de l&#039;abrasion et des impacts externes.<\/li>\n<li><strong>Surface antiadh\u00e9sive :<\/strong> Les propri\u00e9t\u00e9s inh\u00e9rentes de faible frottement et d&#039;antiadh\u00e9rence du PTFE facilitent le drainage complet et simplifient les processus de nettoyage, r\u00e9duisant ainsi les temps d&#039;arr\u00eat et les risques de contamination crois\u00e9e.<\/li>\n<\/ul>\n<hr \/>\n<h3 id=\"-technical-specifications-\"><strong>Sp\u00e9cifications techniques<\/strong><\/h3>\n<p>Le tableau ci-dessous d\u00e9crit les sp\u00e9cifications standard de notre tresse en acier inoxydable 304 <strong>Tube \u00e0 soufflet en PTFE<\/strong>Des dimensions et configurations personnalis\u00e9es sont disponibles pour r\u00e9pondre \u00e0 vos besoins sp\u00e9cifiques.<\/p>\n<table>\n<thead>\n<tr>\n<th style=\"text-align: left;\">Taille<\/th>\n<th style=\"text-align: left;\">Diam\u00e8tre int\u00e9rieur (mm)<\/th>\n<th style=\"text-align: left;\">Diam\u00e8tre ext\u00e9rieur (mm)<\/th>\n<th style=\"text-align: left;\">Pression de service (bar)<\/th>\n<th style=\"text-align: left;\">Pression d&#039;\u00e9clatement (bar)<\/th>\n<th style=\"text-align: left;\">Rayon de courbure minimal (mm)<\/th>\n<\/tr>\n<\/thead>\n<tbody>\n<tr>\n<td style=\"text-align: left;\">1\/4&#8243;<\/td>\n<td style=\"text-align: left;\">6,1 \u00b1 0,3<\/td>\n<td style=\"text-align: left;\">9,9 \u00b1 0,3<\/td>\n<td style=\"text-align: left;\">183<\/td>\n<td style=\"text-align: left;\">551<\/td>\n<td style=\"text-align: left;\">45<\/td>\n<\/tr>\n<tr>\n<td style=\"text-align: left;\">5\/16&#8243;<\/td>\n<td style=\"text-align: left;\">7,8 \u00b1 0,3<\/td>\n<td style=\"text-align: left;\">11,4 \u00b1 0,3<\/td>\n<td style=\"text-align: left;\">155<\/td>\n<td style=\"text-align: left;\">466<\/td>\n<td style=\"text-align: left;\">50<\/td>\n<\/tr>\n<tr>\n<td style=\"text-align: left;\">3\/8&#8243;<\/td>\n<td style=\"text-align: left;\">9,6 \u00b1 0,3<\/td>\n<td style=\"text-align: left;\">14,1 \u00b1 0,3<\/td>\n<td style=\"text-align: left;\">138<\/td>\n<td style=\"text-align: left;\">414<\/td>\n<td style=\"text-align: left;\">55<\/td>\n<\/tr>\n<tr>\n<td style=\"text-align: left;\">1\/2&#8243;<\/td>\n<td style=\"text-align: left;\">12,7 \u00b1 0,3<\/td>\n<td style=\"text-align: left;\">17,2 \u00b1 0,3<\/td>\n<td style=\"text-align: left;\">110<\/td>\n<td style=\"text-align: left;\">331<\/td>\n<td style=\"text-align: left;\">60<\/td>\n<\/tr>\n<tr>\n<td style=\"text-align: left;\">5\/8&#8243;<\/td>\n<td style=\"text-align: left;\">15,7 \u00b1 0,3<\/td>\n<td style=\"text-align: left;\">20,7 \u00b1 0,3<\/td>\n<td style=\"text-align: left;\">95<\/td>\n<td style=\"text-align: left;\">286<\/td>\n<td style=\"text-align: left;\">70<\/td>\n<\/tr>\n<tr>\n<td style=\"text-align: left;\">3\/4&#8243;<\/td>\n<td style=\"text-align: left;\">18,8 \u00b1 0,3<\/td>\n<td style=\"text-align: left;\">23,7 \u00b1 0,3<\/td>\n<td style=\"text-align: left;\">81<\/td>\n<td style=\"text-align: left;\">245<\/td>\n<td style=\"text-align: left;\">80<\/td>\n<\/tr>\n<tr>\n<td style=\"text-align: left;\">1&#8243;<\/td>\n<td style=\"text-align: left;\">25,4 \u00b1 0,3<\/td>\n<td style=\"text-align: left;\">29\u00b10,3<\/td>\n<td style=\"text-align: left;\">70<\/td>\n<td style=\"text-align: left;\">211<\/td>\n<td style=\"text-align: left;\">135<\/td>\n<\/tr>\n<\/tbody>\n<\/table>\n<hr \/>\n<h3 id=\"-primary-applications-\"><strong>Applications principales<\/strong><\/h3>\n<p>Ce tube polyvalent est le choix privil\u00e9gi\u00e9 pour les applications critiques, notamment\u00a0:<\/p>\n<ul>\n<li><strong>Pharmaceutique et bioproc\u00e9d\u00e9s :<\/strong> Transfert d&#039;ingr\u00e9dients pharmaceutiques actifs (API), d&#039;eau purifi\u00e9e (WFI) et de milieux st\u00e9riles.<\/li>\n<li><strong>Alimentation et boissons :<\/strong> Manipulation de fluides visqueux, de produits laitiers et de boissons o\u00f9 l&#039;hygi\u00e8ne est primordiale.<\/li>\n<li><strong>Traitement chimique :<\/strong> Transfert s\u00fbr d\u2019acides, de bases et de solvants corrosifs.<\/li>\n<li><strong>Produits de beaut\u00e9:<\/strong> Lignes de production pour lotions, cr\u00e8mes et autres formulations sensibles.<\/li>\n<li><strong>Laboratoires et Recherche :<\/strong> Lignes de fluides de haute puret\u00e9 pour \u00e9quipements analytiques et scientifiques.<\/li>\n<\/ul>\n<hr \/>\n<h3 id=\"-why-choose-teflon-x-\"><strong>Pourquoi choisir Teflon X ?<\/strong><\/h3>\n<p>Teflon X est votre partenaire de confiance pour vos solutions de tubes avanc\u00e9es. Nous nous engageons \u00e0 fournir des produits de la plus haute qualit\u00e9, soutenus par un support technique expert. <strong>Tube int\u00e9rieur lisse et ext\u00e9rieur ondul\u00e9 en PTFE<\/strong> est fabriqu\u00e9 pour d\u00e9passer les normes de l&#039;industrie, vous garantissant ainsi de recevoir un produit \u00e0 la fois fiable et efficace.<\/p>\n<h3 id=\"-request-a-quote-\"><strong>Demander un devis<\/strong><\/h3>\n<p>Pr\u00eat \u00e0 am\u00e9liorer vos op\u00e9rations avec nos solutions hautes performances <strong>Tube \u00e0 soufflet en PTFE<\/strong>? Contactez notre \u00e9quipe d&#039;experts d\u00e8s aujourd&#039;hui pour discuter de vos besoins d&#039;application, demander un \u00e9chantillon ou obtenir un devis personnalis\u00e9.<\/p>\n<p><strong>Visitez notre page de contact :<\/strong> <strong><a href=\"https:\/\/teflonx.com\/fr\/contactez-nous\/\" target=\"_blank\" rel=\"noopener\">https:\/\/teflonx.com\/contact-us\/<\/a><\/strong><\/p>\n<p><strong>Envoyez-nous un e-mail directement :<\/strong> <strong><a href=\"mailto:Allison.Ye@teflonx.com\" target=\"_blank\" rel=\"noopener\">Allison.Ye@teflonx.com<\/a><\/strong><\/p>\n<p>Nous sommes impatients de vous aider \u00e0 trouver la solution parfaite \u00e0 <strong><a href=\"https:\/\/teflonx.com\/fr\/\" target=\"_blank\" rel=\"noopener\">https:\/\/teflonx.com\/<\/a><\/strong>.<\/p>","protected":false},"excerpt":{"rendered":"<p>Le tube \u00e0 soufflet en PTFE, avec son int\u00e9rieur plat et son ext\u00e9rieur ondul\u00e9, offre des performances hygi\u00e9niques et non contaminantes pour les applications pharmaceutiques. Ce tube en PTFE, \u00e0 int\u00e9rieur lisse et ext\u00e9rieur ondul\u00e9, facilite le transfert des produits tout en r\u00e9sistant aux agents d\u00e9sinfectants agressifs.<\/p>\n<p>Adapt\u00e9 aux environnements st\u00e9riles, le tuyau ondul\u00e9 plat interne et externe ondul\u00e9 maintient la puret\u00e9 dans les processus de fabrication de m\u00e9dicaments, offrant une flexibilit\u00e9 sans compromettre la r\u00e9sistance.<\/p>\n<p>Optez pour ce tube ondul\u00e9 plat int\u00e9rieur\/ext\u00e9rieur en PTFE pour am\u00e9liorer l&#039;efficacit\u00e9 ; sa structure en forme de soufflet, semblable au tube ondul\u00e9 plat int\u00e9rieur\/ext\u00e9rieur en PTFE, garantit la conformit\u00e9 aux normes strictes de l&#039;industrie.<\/p>","protected":false},"featured_media":830,"comment_status":"open","ping_status":"closed","template":"","meta":{"site-sidebar-layout":"default","site-content-layout":"","ast-site-content-layout":"default","site-content-style":"default","site-sidebar-style":"default","ast-global-header-display":"","ast-banner-title-visibility":"","ast-main-header-display":"","ast-hfb-above-header-display":"","ast-hfb-below-header-display":"","ast-hfb-mobile-header-display":"","site-post-title":"","ast-breadcrumbs-content":"","ast-featured-img":"","footer-sml-layout":"","ast-disable-related-posts":"","theme-transparent-header-meta":"default","adv-header-id-meta":"","stick-header-meta":"","header-above-stick-meta":"","header-main-stick-meta":"","header-below-stick-meta":"","astra-migrate-meta-layouts":"set","ast-page-background-enabled":"default","ast-page-background-meta":{"desktop":{"background-color":"var(--ast-global-color-5)","background-image":"","background-repeat":"repeat","background-position":"center center","background-size":"auto","background-attachment":"scroll","background-type":"","background-media":"","overlay-type":"","overlay-color":"","overlay-opacity":"","overlay-gradient":""},"tablet":{"background-color":"","background-image":"","background-repeat":"repeat","background-position":"center center","background-size":"auto","background-attachment":"scroll","background-type":"","background-media":"","overlay-type":"","overlay-color":"","overlay-opacity":"","overlay-gradient":""},"mobile":{"background-color":"","background-image":"","background-repeat":"repeat","background-position":"center center","background-size":"auto","background-attachment":"scroll","background-type":"","background-media":"","overlay-type":"","overlay-color":"","overlay-opacity":"","overlay-gradient":""}},"ast-content-background-meta":{"desktop":{"background-color":"var(--ast-global-color-4)","background-image":"","background-repeat":"repeat","background-position":"center center","background-size":"auto","background-attachment":"scroll","background-type":"","background-media":"","overlay-type":"","overlay-color":"","overlay-opacity":"","overlay-gradient":""},"tablet":{"background-color":"var(--ast-global-color-4)","background-image":"","background-repeat":"repeat","background-position":"center center","background-size":"auto","background-attachment":"scroll","background-type":"","background-media":"","overlay-type":"","overlay-color":"","overlay-opacity":"","overlay-gradient":""},"mobile":{"background-color":"var(--ast-global-color-4)","background-image":"","background-repeat":"repeat","background-position":"center center","background-size":"auto","background-attachment":"scroll","background-type":"","background-media":"","overlay-type":"","overlay-color":"","overlay-opacity":"","overlay-gradient":""}}},"product_brand":[290],"product_cat":[42],"product_tag":[291,292,297],"class_list":{"0":"post-829","1":"product","2":"type-product","3":"status-publish","4":"has-post-thumbnail","6":"product_brand-teflon-x","7":"product_cat-ptfe-corrugated-hoses","8":"product_tag-inner-smooth-bore-outer-corrugated-ptfe-tube","9":"product_tag-internal-flat-external-wave-corrugated-pipe","10":"product_tag-ptfe-bellows-tube","11":"desktop-align-left","12":"tablet-align-left","13":"mobile-align-left","15":"first","16":"instock","17":"shipping-taxable","18":"product-type-simple"},"_links":{"self":[{"href":"https:\/\/teflonx.com\/fr\/wp-json\/wp\/v2\/product\/829","targetHints":{"allow":["GET"]}}],"collection":[{"href":"https:\/\/teflonx.com\/fr\/wp-json\/wp\/v2\/product"}],"about":[{"href":"https:\/\/teflonx.com\/fr\/wp-json\/wp\/v2\/types\/product"}],"replies":[{"embeddable":true,"href":"https:\/\/teflonx.com\/fr\/wp-json\/wp\/v2\/comments?post=829"}],"wp:featuredmedia":[{"embeddable":true,"href":"https:\/\/teflonx.com\/fr\/wp-json\/wp\/v2\/media\/830"}],"wp:attachment":[{"href":"https:\/\/teflonx.com\/fr\/wp-json\/wp\/v2\/media?parent=829"}],"wp:term":[{"taxonomy":"product_brand","embeddable":true,"href":"https:\/\/teflonx.com\/fr\/wp-json\/wp\/v2\/product_brand?post=829"},{"taxonomy":"product_cat","embeddable":true,"href":"https:\/\/teflonx.com\/fr\/wp-json\/wp\/v2\/product_cat?post=829"},{"taxonomy":"product_tag","embeddable":true,"href":"https:\/\/teflonx.com\/fr\/wp-json\/wp\/v2\/product_tag?post=829"}],"curies":[{"name":"wp","href":"https:\/\/api.w.org\/{rel}","templated":true}]}}