{"id":831,"date":"2025-07-15T07:31:35","date_gmt":"2025-07-15T07:31:35","guid":{"rendered":"https:\/\/teflonx.com\/?post_type=product&#038;p=831"},"modified":"2025-07-19T02:43:09","modified_gmt":"2025-07-19T02:43:09","slug":"tube-interieur-lisse-exterieur-ondule-en-ptfe","status":"publish","type":"product","link":"https:\/\/teflonx.com\/fr\/product\/tube-interieur-lisse-exterieur-ondule-en-ptfe\/","title":{"rendered":"Tuyau ondul\u00e9 en PTFE durable, int\u00e9rieur lisse et ext\u00e9rieur, pour fluides \u00e0 haute temp\u00e9rature"},"content":{"rendered":"<h1 id=\"durable-inner-smooth-outer-corrugated-ptfe-pipe-for-high-temp-fluids\">Tuyau ondul\u00e9 en PTFE durable, int\u00e9rieur lisse et ext\u00e9rieur, pour fluides \u00e0 haute temp\u00e9rature<\/h1>\n<h2 id=\"product-overview\">Pr\u00e9sentation du produit<\/h2>\n<p>Con\u00e7us pour des conditions extr\u00eames, nos <strong>Tuyau en PTFE ondul\u00e9 durable, int\u00e9rieur lisse et ext\u00e9rieur<\/strong> Dot\u00e9 d&#039;un al\u00e9sage int\u00e9rieur plat pour un transport fluide des fluides \u00e0 haute temp\u00e9rature, et d&#039;une couche ext\u00e9rieure ondul\u00e9e pour une durabilit\u00e9 accrue, ce tube ondul\u00e9 int\u00e9rieur plat ext\u00e9rieur en PTFE offre une excellente r\u00e9sistance \u00e0 la d\u00e9gradation thermique et aux attaques chimiques, ce qui en fait un choix fiable pour diverses applications industrielles.<\/p>\n<p>Dans <strong>automobile<\/strong> et <strong>a\u00e9rospatial<\/strong> secteurs, les <strong>Tuyau ondul\u00e9 int\u00e9rieur plat ext\u00e9rieur ondul\u00e9<\/strong> Offre des performances exceptionnelles sous pression. Choisissez ceci <strong>Tube int\u00e9rieur lisse et ext\u00e9rieur ondul\u00e9 en PTFE<\/strong> variante pour sa robustesse et son efficacit\u00e9 de conception, garantissant une fiabilit\u00e9 \u00e0 long terme dans les syst\u00e8mes \u00e0 fluides chauds.<\/p>\n<h2 id=\"key-features\">Caract\u00e9ristiques principales<\/h2>\n<ul>\n<li><strong>R\u00e9sistance aux hautes temp\u00e9ratures<\/strong>:Adapt\u00e9 aux conditions op\u00e9rationnelles extr\u00eames.<\/li>\n<li><strong>R\u00e9silience chimique<\/strong>:Con\u00e7u pour g\u00e9rer les fluides agressifs sans d\u00e9gradation.<\/li>\n<li><strong>Construction robuste<\/strong>:L&#039;ext\u00e9rieur ondul\u00e9 am\u00e9liore la durabilit\u00e9 et la flexibilit\u00e9.<\/li>\n<li><strong>Al\u00e9sage int\u00e9rieur lisse<\/strong>: Facilite l&#039;\u00e9coulement efficace des fluides et minimise les turbulences.<\/li>\n<\/ul>\n<h2 id=\"technical-specifications\">Sp\u00e9cifications techniques<\/h2>\n<table>\n<thead>\n<tr>\n<th style=\"text-align: center;\"><strong>Taille (pouces)<\/strong><\/th>\n<th style=\"text-align: center;\"><strong>Diam\u00e8tre int\u00e9rieur (mm)<\/strong><\/th>\n<th style=\"text-align: center;\"><strong>Diam\u00e8tre ext\u00e9rieur (mm)<\/strong><\/th>\n<th style=\"text-align: center;\"><strong>Pression de service (bar)<\/strong><\/th>\n<th style=\"text-align: center;\"><strong>Pression d&#039;\u00e9clatement (bar)<\/strong><\/th>\n<th style=\"text-align: center;\"><strong>Rayon de courbure minimal (mm)<\/strong><\/th>\n<\/tr>\n<\/thead>\n<tbody>\n<tr>\n<td style=\"text-align: center;\">1\/4&#8243;<\/td>\n<td style=\"text-align: center;\">6,1 \u00b1 0,3<\/td>\n<td style=\"text-align: center;\">9,9 \u00b1 0,3<\/td>\n<td style=\"text-align: center;\">183<\/td>\n<td style=\"text-align: center;\">551<\/td>\n<td style=\"text-align: center;\">45<\/td>\n<\/tr>\n<tr>\n<td style=\"text-align: center;\">5\/16&#8243;<\/td>\n<td style=\"text-align: center;\">7,8 \u00b1 0,3<\/td>\n<td style=\"text-align: center;\">11,4 \u00b1 0,3<\/td>\n<td style=\"text-align: center;\">155<\/td>\n<td style=\"text-align: center;\">466<\/td>\n<td style=\"text-align: center;\">50<\/td>\n<\/tr>\n<tr>\n<td style=\"text-align: center;\">3\/8&#8243;<\/td>\n<td style=\"text-align: center;\">9,6 \u00b1 0,3<\/td>\n<td style=\"text-align: center;\">14,1 \u00b1 0,3<\/td>\n<td style=\"text-align: center;\">138<\/td>\n<td style=\"text-align: center;\">414<\/td>\n<td style=\"text-align: center;\">55<\/td>\n<\/tr>\n<tr>\n<td style=\"text-align: center;\">1\/2&#8243;<\/td>\n<td style=\"text-align: center;\">12,7 \u00b1 0,3<\/td>\n<td style=\"text-align: center;\">17,2 \u00b1 0,3<\/td>\n<td style=\"text-align: center;\">110<\/td>\n<td style=\"text-align: center;\">331<\/td>\n<td style=\"text-align: center;\">60<\/td>\n<\/tr>\n<tr>\n<td style=\"text-align: center;\">5\/8&#8243;<\/td>\n<td style=\"text-align: center;\">15,7 \u00b1 0,3<\/td>\n<td style=\"text-align: center;\">20,7 \u00b1 0,3<\/td>\n<td style=\"text-align: center;\">95<\/td>\n<td style=\"text-align: center;\">286<\/td>\n<td style=\"text-align: center;\">70<\/td>\n<\/tr>\n<tr>\n<td style=\"text-align: center;\">3\/4&#8243;<\/td>\n<td style=\"text-align: center;\">18,8 \u00b1 0,3<\/td>\n<td style=\"text-align: center;\">23,7 \u00b1 0,3<\/td>\n<td style=\"text-align: center;\">81<\/td>\n<td style=\"text-align: center;\">245<\/td>\n<td style=\"text-align: center;\">80<\/td>\n<\/tr>\n<tr>\n<td style=\"text-align: center;\">1&#8243;<\/td>\n<td style=\"text-align: center;\">25,4 \u00b1 0,3<\/td>\n<td style=\"text-align: center;\">29 \u00b1 0,3<\/td>\n<td style=\"text-align: center;\">70<\/td>\n<td style=\"text-align: center;\">211<\/td>\n<td style=\"text-align: center;\">135<\/td>\n<\/tr>\n<\/tbody>\n<\/table>\n<p><em>Les sp\u00e9cifications ci-dessus correspondent \u00e0 notre tube PTFE ondul\u00e9 int\u00e9rieur lisse ext\u00e9rieur standard. Pour des diam\u00e8tres plus grands, des pressions de service plus \u00e9lev\u00e9es, une meilleure r\u00e9sistance ou des rayons de courbure plus petits, veuillez nous contacter.<\/em><\/p>\n<h2 id=\"contact-us\">Contactez-nous<\/h2>\n<p>Pour plus d&#039;informations ou pour passer une commande, veuillez visiter notre <a href=\"https:\/\/teflonx.com\/fr\/contactez-nous\/\" target=\"_blank\" rel=\"noopener\">Page de contact<\/a> ou contactez-nous par e-mail \u00e0 <a href=\"mailto:Allison.Ye@teflonx.com\" target=\"_blank\" rel=\"noopener\">Allison.Ye@teflonx.com<\/a>.<\/p>\n<p>D\u00e9couvrez-en plus sur nos produits sur <a href=\"https:\/\/teflonx.com\/fr\/\" target=\"_blank\" rel=\"noopener\">T\u00e9flon X<\/a>.<\/p>\n<hr \/>\n<p>Ces informations d\u00e9taill\u00e9es visent \u00e0 fournir un aper\u00e7u complet de la <strong>Tuyau en PTFE ondul\u00e9 int\u00e9rieur lisse ext\u00e9rieur<\/strong>, mettant en valeur ses caract\u00e9ristiques uniques et ses sp\u00e9cifications techniques tout en maintenant la densit\u00e9 des mots cl\u00e9s pour une visibilit\u00e9 de recherche optimale.<\/p>","protected":false},"excerpt":{"rendered":"<p>Con\u00e7u pour les conditions extr\u00eames, notre tube PTFE ondul\u00e9 int\u00e9rieur lisse et ext\u00e9rieur durable pr\u00e9sente un al\u00e9sage int\u00e9rieur plat pour un transport fluide des fluides \u00e0 haute temp\u00e9rature et un ext\u00e9rieur ondul\u00e9 pour une durabilit\u00e9 accrue. Ce tube PTFE ondul\u00e9 int\u00e9rieur plat et ext\u00e9rieur offre une excellente r\u00e9sistance \u00e0 la d\u00e9gradation thermique et aux agressions chimiques.<\/p>\n<p>Dans les secteurs de l&#039;automobile et de l&#039;a\u00e9rospatiale, le tuyau ondul\u00e9 plat interne et externe ondul\u00e9 offre des performances fiables sous pression.<\/p>\n<p>Choisissez cette variante de tube PTFE ondul\u00e9 ext\u00e9rieur lisse int\u00e9rieur pour sa robustesse ; la r\u00e9p\u00e9tition de la conception du tube PTFE ondul\u00e9 ext\u00e9rieur plat int\u00e9rieur garantit une efficacit\u00e9 \u00e0 long terme dans les syst\u00e8mes de fluides chauds.<\/p>","protected":false},"featured_media":832,"comment_status":"open","ping_status":"closed","template":"","meta":{"site-sidebar-layout":"default","site-content-layout":"","ast-site-content-layout":"default","site-content-style":"default","site-sidebar-style":"default","ast-global-header-display":"","ast-banner-title-visibility":"","ast-main-header-display":"","ast-hfb-above-header-display":"","ast-hfb-below-header-display":"","ast-hfb-mobile-header-display":"","site-post-title":"","ast-breadcrumbs-content":"","ast-featured-img":"","footer-sml-layout":"","ast-disable-related-posts":"","theme-transparent-header-meta":"default","adv-header-id-meta":"","stick-header-meta":"","header-above-stick-meta":"","header-main-stick-meta":"","header-below-stick-meta":"","astra-migrate-meta-layouts":"set","ast-page-background-enabled":"default","ast-page-background-meta":{"desktop":{"background-color":"var(--ast-global-color-5)","background-image":"","background-repeat":"repeat","background-position":"center center","background-size":"auto","background-attachment":"scroll","background-type":"","background-media":"","overlay-type":"","overlay-color":"","overlay-opacity":"","overlay-gradient":""},"tablet":{"background-color":"","background-image":"","background-repeat":"repeat","background-position":"center center","background-size":"auto","background-attachment":"scroll","background-type":"","background-media":"","overlay-type":"","overlay-color":"","overlay-opacity":"","overlay-gradient":""},"mobile":{"background-color":"","background-image":"","background-repeat":"repeat","background-position":"center center","background-size":"auto","background-attachment":"scroll","background-type":"","background-media":"","overlay-type":"","overlay-color":"","overlay-opacity":"","overlay-gradient":""}},"ast-content-background-meta":{"desktop":{"background-color":"var(--ast-global-color-4)","background-image":"","background-repeat":"repeat","background-position":"center center","background-size":"auto","background-attachment":"scroll","background-type":"","background-media":"","overlay-type":"","overlay-color":"","overlay-opacity":"","overlay-gradient":""},"tablet":{"background-color":"var(--ast-global-color-4)","background-image":"","background-repeat":"repeat","background-position":"center center","background-size":"auto","background-attachment":"scroll","background-type":"","background-media":"","overlay-type":"","overlay-color":"","overlay-opacity":"","overlay-gradient":""},"mobile":{"background-color":"var(--ast-global-color-4)","background-image":"","background-repeat":"repeat","background-position":"center center","background-size":"auto","background-attachment":"scroll","background-type":"","background-media":"","overlay-type":"","overlay-color":"","overlay-opacity":"","overlay-gradient":""}}},"product_brand":[290],"product_cat":[42],"product_tag":[298,296,299],"class_list":{"0":"post-831","1":"product","2":"type-product","3":"status-publish","4":"has-post-thumbnail","6":"product_brand-teflon-x","7":"product_cat-ptfe-corrugated-hoses","8":"product_tag-inner-smooth-outer-corrugated-ptfe-pipe","9":"product_tag-internal-flat-external-wave-corrugated-hose","10":"product_tag-ptfe-inner-flat-outer-corrugated-tube","11":"desktop-align-left","12":"tablet-align-left","13":"mobile-align-left","15":"first","16":"instock","17":"shipping-taxable","18":"product-type-simple"},"_links":{"self":[{"href":"https:\/\/teflonx.com\/fr\/wp-json\/wp\/v2\/product\/831","targetHints":{"allow":["GET"]}}],"collection":[{"href":"https:\/\/teflonx.com\/fr\/wp-json\/wp\/v2\/product"}],"about":[{"href":"https:\/\/teflonx.com\/fr\/wp-json\/wp\/v2\/types\/product"}],"replies":[{"embeddable":true,"href":"https:\/\/teflonx.com\/fr\/wp-json\/wp\/v2\/comments?post=831"}],"wp:featuredmedia":[{"embeddable":true,"href":"https:\/\/teflonx.com\/fr\/wp-json\/wp\/v2\/media\/832"}],"wp:attachment":[{"href":"https:\/\/teflonx.com\/fr\/wp-json\/wp\/v2\/media?parent=831"}],"wp:term":[{"taxonomy":"product_brand","embeddable":true,"href":"https:\/\/teflonx.com\/fr\/wp-json\/wp\/v2\/product_brand?post=831"},{"taxonomy":"product_cat","embeddable":true,"href":"https:\/\/teflonx.com\/fr\/wp-json\/wp\/v2\/product_cat?post=831"},{"taxonomy":"product_tag","embeddable":true,"href":"https:\/\/teflonx.com\/fr\/wp-json\/wp\/v2\/product_tag?post=831"}],"curies":[{"name":"wp","href":"https:\/\/api.w.org\/{rel}","templated":true}]}}