{"id":1020,"date":"2025-11-24T05:51:04","date_gmt":"2025-11-24T05:51:04","guid":{"rendered":"https:\/\/teflonx.com\/?post_type=product&#038;p=1020"},"modified":"2025-11-24T05:51:05","modified_gmt":"2025-11-24T05:51:05","slug":"tubo-in-ptfe-ad-alta-pressione-svasato","status":"publish","type":"product","link":"https:\/\/teflonx.com\/it\/product\/tubo-in-ptfe-ad-alta-pressione-svasato\/","title":{"rendered":"Estremit\u00e0 svasate dei tubi PTFE ad alta pressione: per lavori idraulici impegnativi"},"content":{"rendered":"<h1 id=\"high-pressure-ptfe-hose-flared-ends-for-demanding-hydraulic-jobs\">Estremit\u00e0 svasate dei tubi PTFE ad alta pressione: per lavori idraulici impegnativi<\/h1>\n<p>Elevate i vostri sistemi idraulici e pneumatici con il sistema <strong>Tubo in PTFE ad alta pressione Teflon X con estremit\u00e0 svasate<\/strong>progettato per garantire resistenza e affidabilit\u00e0 superiori negli ambienti pi\u00f9 difficili. Questo robusto <strong>Tubo in PTFE ad alta pressione con estremit\u00e0 svasate<\/strong> offre sicurezza, durata e prestazioni ineguagliabili, che ne fanno la soluzione ideale per le applicazioni pi\u00f9 impegnative in cui sono coinvolte pressioni elevate e sostanze corrosive.<\/p>\n<p>Progettati con un pregiato rivestimento in PTFE (politetrafluoroetilene) e un rinforzo in treccia di acciaio inossidabile, i nostri <strong>Tubo in PTFE ad alta pressione con estremit\u00e0 svasate<\/strong> offre un'eccezionale resistenza agli agenti chimici, alle temperature estreme e alle pressioni intense. L'innovativo design delle estremit\u00e0 svasate garantisce un collegamento sicuro e a prova di perdite, riducendo al minimo i tempi di fermo e migliorando l'integrit\u00e0 del sistema. Ideale per i lavori idraulici che richiedono precisione e resistenza, questo <strong>Tubo in PTFE ad alta pressione con estremit\u00e0 svasate<\/strong> supera le prestazioni dei tubi standard, garantendo un percorso di flusso regolare e non contaminante anche in condizioni di massima sollecitazione.<\/p>\n<h2 id=\"key-features-of-teflon-x-high-pressure-ptfe-hose-with-flared-ends\">Caratteristiche principali del tubo in PTFE ad alta pressione Teflon X con estremit\u00e0 svasate<\/h2>\n<ul>\n<li><strong>Capacit\u00e0 di alta pressione<\/strong>: Con una resistenza fino a 3.000 PSI e oltre, sono perfetti per i sistemi idraulici che gestiscono carichi estremi senza compromessi.<\/li>\n<li><strong>Integrazione delle estremit\u00e0 svasate<\/strong>: La struttura Flare-thru consente di fissare i raccordi senza soluzione di continuit\u00e0, riducendo i potenziali punti di guasto in <strong>Tubo in PTFE ad alta pressione con estremit\u00e0 svasate<\/strong> configurazioni.<\/li>\n<li><strong>Resistenza agli agenti chimici e alla corrosione<\/strong>: Il rivestimento in PTFE resiste ad acidi, solventi e fluidi aggressivi, garantendo una lunga durata in ambienti industriali aggressivi.<\/li>\n<li><strong>Stabilit\u00e0 termica<\/strong>: Funziona in modo affidabile da -65\u00b0F a 500\u00b0F (da -54\u00b0C a 260\u00b0C), adatto per applicazioni criogeniche e ad alto calore.<\/li>\n<li><strong>Flessibilit\u00e0 e resistenza alle pieghe<\/strong>: La treccia in acciaio inox offre un raggio di curvatura e una durata superiori, ideale per l'instradamento dinamico in spazi ristretti.<\/li>\n<li><strong>Opzione di dissipazione statica<\/strong>: Sono disponibili varianti in PTFE conduttivo per la messa a terra in ambienti esplosivi o sensibili alle cariche elettrostatiche.<\/li>\n<li><strong>Fabbricazione su misura<\/strong>: Lunghezze, diametri e raccordi terminali su misura per adattarsi alle vostre specifiche esigenze. <strong>Tubo in PTFE ad alta pressione con estremit\u00e0 svasate<\/strong> requisiti.<\/li>\n<\/ul>\n<p>IL <strong>Tubo in PTFE ad alta pressione con estremit\u00e0 svasate<\/strong> di Teflon X combina una costruzione robusta con un'installazione semplice, stabilendo un nuovo standard per le prestazioni idrauliche.<\/p>\n<h2 id=\"technical-specifications\">Specifiche tecniche<\/h2>\n<p>La tabella seguente illustra i parametri standard per l'opzione <strong>Tubo in PTFE ad alta pressione Teflon X con estremit\u00e0 svasate<\/strong>. Queste specifiche derivano dai parametri di riferimento del settore per i tubi in PTFE per alte pressioni, garantendo una compatibilit\u00e0 e una sicurezza ottimali nelle applicazioni idrauliche.<\/p>\n<table>\n<thead>\n<tr>\n<th>Parametro<\/th>\n<th>Specifiche<\/th>\n<th>Dettagli<\/th>\n<\/tr>\n<\/thead>\n<tbody>\n<tr>\n<td><strong>Materiale (Liner)<\/strong><\/td>\n<td>PTFE (politetrafluoroetilene)<\/td>\n<td>Foro liscio, rivestimento chimicamente inerte per un trasferimento senza contaminazioni; nucleo conduttivo opzionale per la dissipazione statica.<\/td>\n<\/tr>\n<tr>\n<td><strong>Rinforzo<\/strong><\/td>\n<td>Treccia in acciaio inox 304\/316<\/td>\n<td>Migliora la gestione della pressione e la flessibilit\u00e0; resistente alla corrosione per un uso prolungato.<\/td>\n<\/tr>\n<tr>\n<td><strong>Raccordi terminali<\/strong><\/td>\n<td>Estremit\u00e0 svasate (design Flare-Thru)<\/td>\n<td>La tenuta diretta del PTFE sul raccordo impedisce perdite e contaminazioni metalliche; compatibile con gli attacchi flare JIC 37\u00b0.<\/td>\n<\/tr>\n<tr>\n<td><strong>Gamma ID<\/strong><\/td>\n<td>Da 1\/4\u2033 a 2\u2033 (da 6 mm a 50 mm)<\/td>\n<td>Scalabile per diverse portate idrauliche; sono disponibili ID personalizzati.<\/td>\n<\/tr>\n<tr>\n<td><strong>Gamma OD<\/strong><\/td>\n<td>Da 0,5\u2033 a 2,75\u2033 (da 12 mm a 70 mm)<\/td>\n<td>Regolato in base agli strati di treccia per una maggiore resistenza in situazioni di alta pressione.<\/td>\n<\/tr>\n<tr>\n<td><strong>Pressione massima di esercizio<\/strong><\/td>\n<td>Fino a 4.000 PSI (276 bar)<\/td>\n<td>Dipende dalle dimensioni; pressione di scoppio testata a 4 volte la pressione di esercizio per sicurezza.<\/td>\n<\/tr>\n<tr>\n<td><strong>Intervallo di temperatura<\/strong><\/td>\n<td>Da -65\u00b0F a 500\u00b0F (da -54\u00b0C a 260\u00b0C)<\/td>\n<td>Prestazioni complete in condizioni termiche estreme, compresi i valori di vuoto.<\/td>\n<\/tr>\n<tr>\n<td><strong>Raggio di curvatura<\/strong><\/td>\n<td>4x ID (minimo)<\/td>\n<td>Mantiene l'integrit\u00e0 del flusso e resiste alle piegature nelle apparecchiature mobili.<\/td>\n<\/tr>\n<tr>\n<td><strong>Lunghezza<\/strong><\/td>\n<td>Fino a 30 m (100 ft) per gruppo<\/td>\n<td>Opzioni estese per una fresatura complessa; tagli personalizzati per un montaggio di precisione.<\/td>\n<\/tr>\n<tr>\n<td><strong>Conformit\u00e0 agli standard<\/strong><\/td>\n<td>SAE 100R14, FDA (per supporti compatibili), ISO 9001<\/td>\n<td>Soddisfa gli standard idraulici, sanitari e di qualit\u00e0 per uso industriale.<\/td>\n<\/tr>\n<tr>\n<td><strong>Conducibilit\u00e0<\/strong><\/td>\n<td>Opzionale PTFE a dissipazione statica<\/td>\n<td>Garantisce una dissipazione sicura in luoghi pericolosi.<\/td>\n<\/tr>\n<\/tbody>\n<\/table>\n<p><em>Nota: i valori nominali esatti possono variare con la personalizzazione. Consultare Teflon X per le curve di pressione, le certificazioni dei materiali e i consigli specifici per le applicazioni. <strong>Tubo in PTFE ad alta pressione con estremit\u00e0 svasate<\/strong>.<\/em><\/p>\n<h2 id=\"applications\">Applicazioni<\/h2>\n<p>IL <strong>Tubo in PTFE ad alta pressione Teflon X con estremit\u00e0 svasate<\/strong> \u00e8 stato progettato per ambienti ad alto rischio in cui l'affidabilit\u00e0 non \u00e8 negoziabile:<\/p>\n<ul>\n<li><strong>Sistemi idraulici<\/strong>: Alimentazione di macchinari pesanti, presse e attrezzature edili con trasferimento di fluidi ad alta pressione.<\/li>\n<li><strong>Operazioni pneumatiche<\/strong>: Erogazione di aria o gas compressi in linee di produzione automatizzate.<\/li>\n<li><strong>Chimico e petrolchimico<\/strong>: Trasporto di fluidi corrosivi in raffinerie e impianti di lavorazione.<\/li>\n<li><strong>Aerospaziale e automobilistico<\/strong>: Collegamenti di precisione per sistemi di alimentazione, idraulici e di raffreddamento in condizioni estreme.<\/li>\n<li><strong>Marine e Offshore<\/strong>: Resistenza all'esposizione all'acqua salata e alle alte pressioni in ambienti difficili.<\/li>\n<\/ul>\n<p>Questo <strong>Tubo in PTFE ad alta pressione con estremit\u00e0 svasate<\/strong> ottimizza l'efficienza del flusso, riduce la manutenzione e aumenta la sicurezza operativa in questi settori.<\/p>\n<h2 id=\"why-choose-teflon-x-\">Perch\u00e9 scegliere Teflon X?<\/h2>\n<p>Teflon X \u00e8 all'avanguardia nelle innovazioni del PTFE, offrendo il <strong>Tubo in PTFE ad alta pressione con estremit\u00e0 svasate<\/strong> con test rigorosi e supporto di esperti. Il nostro impegno per la qualit\u00e0 garantisce un funzionamento pi\u00f9 fluido e sicuro dei vostri sistemi. Sfogliate la nostra collezione su <a href=\"https:\/\/teflonx.com\/it\/\" target=\"_blank\" rel=\"noopener\">Teflon X<\/a>.<\/p>\n<p>Pronti per l'aggiornamento? Contattateci attraverso il nostro <a href=\"https:\/\/teflonx.com\/it\/contattaci\/\" target=\"_blank\" rel=\"noopener\">Pagina Contattaci<\/a> o e-mail <strong>Allison.Ye@teflonx.com<\/strong> per preventivi, campioni o per un'offerta personalizzata <strong>Tubo in PTFE ad alta pressione con estremit\u00e0 svasate<\/strong> soluzioni. Siamo qui per alimentare il vostro successo!<\/p>\n<hr \/>","protected":false},"excerpt":{"rendered":"<p>Avete bisogno di un tubo in PTFE per alte pressioni con estremit\u00e0 svasate? I nostri tubi flessibili eccellono nei sistemi idraulici e pneumatici pi\u00f9 esigenti. Questo robusto tubo in PTFE ad alta pressione offre sicurezza e durata senza pari.<\/p>","protected":false},"featured_media":1021,"comment_status":"open","ping_status":"closed","template":"","meta":{"site-sidebar-layout":"default","site-content-layout":"","ast-site-content-layout":"default","site-content-style":"default","site-sidebar-style":"default","ast-global-header-display":"","ast-banner-title-visibility":"","ast-main-header-display":"","ast-hfb-above-header-display":"","ast-hfb-below-header-display":"","ast-hfb-mobile-header-display":"","site-post-title":"","ast-breadcrumbs-content":"","ast-featured-img":"","footer-sml-layout":"","ast-disable-related-posts":"","theme-transparent-header-meta":"default","adv-header-id-meta":"","stick-header-meta":"","header-above-stick-meta":"","header-main-stick-meta":"","header-below-stick-meta":"","astra-migrate-meta-layouts":"set","ast-page-background-enabled":"default","ast-page-background-meta":{"desktop":{"background-color":"var(--ast-global-color-5)","background-image":"","background-repeat":"repeat","background-position":"center center","background-size":"auto","background-attachment":"scroll","background-type":"","background-media":"","overlay-type":"","overlay-color":"","overlay-opacity":"","overlay-gradient":""},"tablet":{"background-color":"","background-image":"","background-repeat":"repeat","background-position":"center center","background-size":"auto","background-attachment":"scroll","background-type":"","background-media":"","overlay-type":"","overlay-color":"","overlay-opacity":"","overlay-gradient":""},"mobile":{"background-color":"","background-image":"","background-repeat":"repeat","background-position":"center center","background-size":"auto","background-attachment":"scroll","background-type":"","background-media":"","overlay-type":"","overlay-color":"","overlay-opacity":"","overlay-gradient":""}},"ast-content-background-meta":{"desktop":{"background-color":"var(--ast-global-color-4)","background-image":"","background-repeat":"repeat","background-position":"center center","background-size":"auto","background-attachment":"scroll","background-type":"","background-media":"","overlay-type":"","overlay-color":"","overlay-opacity":"","overlay-gradient":""},"tablet":{"background-color":"var(--ast-global-color-4)","background-image":"","background-repeat":"repeat","background-position":"center center","background-size":"auto","background-attachment":"scroll","background-type":"","background-media":"","overlay-type":"","overlay-color":"","overlay-opacity":"","overlay-gradient":""},"mobile":{"background-color":"var(--ast-global-color-4)","background-image":"","background-repeat":"repeat","background-position":"center center","background-size":"auto","background-attachment":"scroll","background-type":"","background-media":"","overlay-type":"","overlay-color":"","overlay-opacity":"","overlay-gradient":""}}},"product_brand":[290],"product_cat":[40],"product_tag":[444,443,448,447,445,446],"class_list":{"0":"post-1020","1":"product","2":"type-product","3":"status-publish","4":"has-post-thumbnail","6":"product_brand-teflon-x","7":"product_cat-ptfe-tubes","8":"product_tag-flared-hydraulic-hose","9":"product_tag-high-pressure-hose","10":"product_tag-high-pressure-ptfe-hose-flared","11":"product_tag-industrial-hydraulics","12":"product_tag-ptfe-pressure-tubing","13":"product_tag-ss-braided-hose","14":"desktop-align-left","15":"tablet-align-left","16":"mobile-align-left","18":"first","19":"instock","20":"shipping-taxable","21":"product-type-simple"},"_links":{"self":[{"href":"https:\/\/teflonx.com\/it\/wp-json\/wp\/v2\/product\/1020","targetHints":{"allow":["GET"]}}],"collection":[{"href":"https:\/\/teflonx.com\/it\/wp-json\/wp\/v2\/product"}],"about":[{"href":"https:\/\/teflonx.com\/it\/wp-json\/wp\/v2\/types\/product"}],"replies":[{"embeddable":true,"href":"https:\/\/teflonx.com\/it\/wp-json\/wp\/v2\/comments?post=1020"}],"wp:featuredmedia":[{"embeddable":true,"href":"https:\/\/teflonx.com\/it\/wp-json\/wp\/v2\/media\/1021"}],"wp:attachment":[{"href":"https:\/\/teflonx.com\/it\/wp-json\/wp\/v2\/media?parent=1020"}],"wp:term":[{"taxonomy":"product_brand","embeddable":true,"href":"https:\/\/teflonx.com\/it\/wp-json\/wp\/v2\/product_brand?post=1020"},{"taxonomy":"product_cat","embeddable":true,"href":"https:\/\/teflonx.com\/it\/wp-json\/wp\/v2\/product_cat?post=1020"},{"taxonomy":"product_tag","embeddable":true,"href":"https:\/\/teflonx.com\/it\/wp-json\/wp\/v2\/product_tag?post=1020"}],"curies":[{"name":"wp","href":"https:\/\/api.w.org\/{rel}","templated":true}]}}