{"id":372,"date":"2025-03-25T16:04:03","date_gmt":"2025-03-25T16:04:03","guid":{"rendered":"https:\/\/teflonx.com\/?post_type=product&#038;p=372"},"modified":"2026-01-01T13:26:06","modified_gmt":"2026-01-01T13:26:06","slug":"barra-in-ptfe","status":"publish","type":"product","link":"https:\/\/teflonx.com\/it\/product\/barra-in-ptfe\/","title":{"rendered":"Barra tonda in PTFE \u2013 Barra tonda in Teflon resistente alle alte temperature"},"content":{"rendered":"<div class=\"product-description-container\">\n<h2>Asta in PTFE \u2013 Alte prestazioni e resistenza alle alte temperature<\/h2>\n<p>Benvenuti a <strong>Teflon X<\/strong>, la vostra destinazione principale per soluzioni in fluoropolimeri ad alte prestazioni. In qualit\u00e0 di uno dei leader del settore <strong>produttori di barre in PTFE<\/strong>, siamo specializzati nella produzione di semilavorati di altissimo livello <strong>barra tonda in PTFE<\/strong> progettati per soddisfare le rigorose esigenze dell'ingegneria moderna e delle applicazioni industriali. I nostri <strong>barra di Teflon<\/strong> prodotti sono progettati per l'eccellenza, offrendo un'impareggiabile resistenza chimica, basso attrito e stabilit\u00e0 a temperature estreme.<\/p>\n<h3>Perch\u00e9 scegliere Teflon X per le vostre esigenze di aste in PTFE?<\/h3>\n<p>Nell'approvvigionamento di materie plastiche industriali, la qualit\u00e0 e la costanza sono fondamentali. In Teflon X, ci distinguiamo dagli altri <strong>fornitori di barre in PTFE<\/strong> controllando rigorosamente il nostro processo di produzione dalla resina grezza all'asta estrusa o stampata finita. Sia che abbiate bisogno di un diametro standard o di una specifica personalizzata, il nostro <strong>magazzino di aste in PTFE<\/strong> \u00e8 progettato per supportare diversi progetti di lavorazione.<\/p>\n<p>Nostro <strong>barra tonda in PTFE<\/strong> \u00e8 ampiamente riconosciuto per la sua versatilit\u00e0. \u00c8 un materiale essenziale per la fabbricazione di guarnizioni, tenute, cuscinetti e isolanti elettrici. Poich\u00e9 il PTFE (Politetrafluoroetilene) \u00e8 chimicamente inerte, le nostre aste sono ideali per l'uso nella lavorazione chimica, nella produzione farmaceutica e nei settori del petrolio e del gas dove le sostanze aggressive sono comuni.<\/p>\n<h3>Caratteristiche e vantaggi principali<\/h3>\n<ul>\n<li><strong>Resistenza chimica superiore:<\/strong> Nostro <strong>barra di Teflon<\/strong> \u00e8 virtualmente inalterato da tutti i prodotti chimici, acidi e solventi noti, il che lo rende perfetto per gli ambienti corrosivi.<\/li>\n<li><strong>Tolleranza alle temperature estreme:<\/strong> In grado di operare a temperature comprese tra -180\u00b0C e +260\u00b0C, mantenendo le propriet\u00e0 meccaniche sia in condizioni di gelo che di calore torrido.<\/li>\n<li><strong>Il pi\u00f9 basso coefficiente di attrito:<\/strong> Il PTFE ha il coefficiente di attrito pi\u00f9 basso tra i materiali solidi, garantendo un funzionamento fluido per le parti scorrevoli e riducendo l'usura sulle superfici di contatto.<\/li>\n<li><strong>Eccellente isolamento elettrico:<\/strong> L'elevata rigidit\u00e0 dielettrica rende la nostra <strong>barra tonda in PTFE<\/strong> una scelta preferita per i componenti elettronici ed elettrici.<\/li>\n<li><strong>Conformit\u00e0 per uso alimentare:<\/strong> Atossico e idoneo per applicazioni a contatto con alimenti (dettagli sulla conformit\u00e0 FDA disponibili su richiesta).<\/li>\n<\/ul>\n<h3>Specifiche del prodotto<\/h3>\n<p>Offriamo una vasta gamma di dimensioni per soddisfare le vostre specifiche esigenze di lavorazione. In qualit\u00e0 di fornitori specializzati, <strong>produttori di barre in PTFE<\/strong>, garantiamo tolleranze strette e finiture superficiali lisce.<\/p>\n<table style=\"width: 100%; border-collapse: collapse; margin-bottom: 20px;\" border=\"1\">\n<thead>\n<tr style=\"background-color: #f2f2f2;\">\n<th style=\"padding: 10px; text-align: left;\">Propriet\u00e0<\/th>\n<th style=\"padding: 10px; text-align: left;\">Valore \/ Descrizione<\/th>\n<\/tr>\n<\/thead>\n<tbody>\n<tr>\n<td style=\"padding: 10px;\"><strong>Materiale<\/strong><\/td>\n<td style=\"padding: 10px;\">PTFE vergine 100% \/ PTFE caricato (vetro, carbonio, bronzo opzionali)<\/td>\n<\/tr>\n<tr>\n<td style=\"padding: 10px;\"><strong>Densit\u00e0 Apparente<\/strong><\/td>\n<td style=\"padding: 10px;\">2,10 \u2013 2,30 g\/cm\u00b3<\/td>\n<\/tr>\n<tr>\n<td style=\"padding: 10px;\"><strong>Resistenza alla trazione<\/strong><\/td>\n<td style=\"padding: 10px;\">\u2265 20 MPa<\/td>\n<\/tr>\n<tr>\n<td style=\"padding: 10px;\"><strong>Allungamento a Rottura<\/strong><\/td>\n<td style=\"padding: 10px;\">\u2265 200%<\/td>\n<\/tr>\n<tr>\n<td style=\"padding: 10px;\"><strong>Temperatura di esercizio<\/strong><\/td>\n<td style=\"padding: 10px;\">Da -180\u00b0C a +260\u00b0C<\/td>\n<\/tr>\n<tr>\n<td style=\"padding: 10px;\"><strong>Diametri standard (estrusi)<\/strong><\/td>\n<td style=\"padding: 10px;\">Da 4 mm a 200 mm<\/td>\n<\/tr>\n<tr>\n<td style=\"padding: 10px;\"><strong>Diametri standard (stampati)<\/strong><\/td>\n<td style=\"padding: 10px;\">Fino a oltre 600 mm<\/td>\n<\/tr>\n<tr>\n<td style=\"padding: 10px;\"><strong>Lunghezze Standard<\/strong><\/td>\n<td style=\"padding: 10px;\">1000 mm, 2000 mm o taglio personalizzato<\/td>\n<\/tr>\n<tr>\n<td style=\"padding: 10px;\"><strong>Colore<\/strong><\/td>\n<td style=\"padding: 10px;\">Bianco (naturale), nero (caricato a carbonio\/grafite), colori personalizzati disponibili<\/td>\n<\/tr>\n<\/tbody>\n<\/table>\n<h3>Applicazioni delle barre in Teflon<\/h3>\n<p>Grazie alle sue propriet\u00e0 uniche, il <strong>magazzino di aste in PTFE<\/strong> di Teflon X viene utilizzato in una vasta gamma di settori. I tecnici apprezzano lavorare con il nostro materiale perch\u00e9 si taglia in modo netto e mantiene la stabilit\u00e0 dimensionale. Le applicazioni comuni includono:<\/p>\n<ul>\n<li><strong>Settore aerospaziale e automobilistico:<\/strong> Tubi del carburante, boccole e componenti del servosterzo.<\/li>\n<li><strong>Industria chimica:<\/strong> Sedi di valvole, rivestimenti di pompe e tubi pescanti resistenti alla corrosione.<\/li>\n<li><strong>Elettronica:<\/strong> Isolatori ad alta frequenza, connettori e guaine per cavi.<\/li>\n<li><strong>Ingegneria generale:<\/strong> Piastre di scorrimento, guide e rulli anti-attrito.<\/li>\n<\/ul>\n<h3>Contattaci per ordini personalizzati<\/h3>\n<p>Siete alla ricerca di un fornitore affidabile <strong>fornitori di barre in PTFE<\/strong> in grado di gestire ordini all'ingrosso e specifiche personalizzate? Non cercate oltre. Teflon X si impegna a fornire prodotti di alta qualit\u00e0 con tempi di consegna rapidi. Sia che abbiate bisogno del tipo vergine bianco standard <strong>barra tonda in PTFE<\/strong> o di una versione rinforzata per una maggiore capacit\u00e0 di carico, abbiamo la soluzione.<\/p>\n<p>Per listini prezzi, schede tecniche o per discutere della vostra applicazione specifica, visitate il nostro sito web o contattate direttamente il nostro ufficio commerciale.<\/p>\n<p style=\"text-align: center; margin-top: 30px;\"><a style=\"background-color: #0073aa; color: #ffffff; padding: 15px 25px; text-decoration: none; font-weight: bold; border-radius: 5px;\" href=\"https:\/\/teflonx.com\/it\/contattaci\/\" target=\"_blank\" rel=\"noopener noreferrer\">Richiedi un preventivo ora<\/a><\/p>\n<p style=\"text-align: center; margin-top: 20px;\"><strong>E-mail:<\/strong> <a href=\"mailto:allison.ye@teflonx.com\" target=\"_blank\" rel=\"noopener noreferrer\">allison.ye@teflonx.com<\/a><br \/>\n<strong>Sito web:<\/strong> <a href=\"https:\/\/teflonx.com\/it\/\" target=\"_blank\" rel=\"noopener noreferrer\">www.teflonx.com<\/a><\/p>\n<\/div>","protected":false},"excerpt":{"rendered":"<p>Le barre in PTFE offrono un&#039;eccellente resistenza alle alte e basse temperature, ideali per componenti di macchinari e rivestimenti. Grazie all&#039;eccellente resistenza alla corrosione, queste barre in teflon garantiscono la massima durata in ambienti difficili come quelli dell&#039;industria petrolifera e del gas. Disponibili dimensioni personalizzabili.<\/p>","protected":false},"featured_media":374,"comment_status":"open","ping_status":"closed","template":"","meta":{"site-sidebar-layout":"default","site-content-layout":"","ast-site-content-layout":"default","site-content-style":"default","site-sidebar-style":"default","ast-global-header-display":"","ast-banner-title-visibility":"","ast-main-header-display":"","ast-hfb-above-header-display":"","ast-hfb-below-header-display":"","ast-hfb-mobile-header-display":"","site-post-title":"","ast-breadcrumbs-content":"","ast-featured-img":"","footer-sml-layout":"","ast-disable-related-posts":"","theme-transparent-header-meta":"default","adv-header-id-meta":"","stick-header-meta":"","header-above-stick-meta":"","header-main-stick-meta":"","header-below-stick-meta":"","astra-migrate-meta-layouts":"set","ast-page-background-enabled":"default","ast-page-background-meta":{"desktop":{"background-color":"var(--ast-global-color-5)","background-image":"","background-repeat":"repeat","background-position":"center center","background-size":"auto","background-attachment":"scroll","background-type":"","background-media":"","overlay-type":"","overlay-color":"","overlay-opacity":"","overlay-gradient":""},"tablet":{"background-color":"","background-image":"","background-repeat":"repeat","background-position":"center center","background-size":"auto","background-attachment":"scroll","background-type":"","background-media":"","overlay-type":"","overlay-color":"","overlay-opacity":"","overlay-gradient":""},"mobile":{"background-color":"","background-image":"","background-repeat":"repeat","background-position":"center center","background-size":"auto","background-attachment":"scroll","background-type":"","background-media":"","overlay-type":"","overlay-color":"","overlay-opacity":"","overlay-gradient":""}},"ast-content-background-meta":{"desktop":{"background-color":"var(--ast-global-color-4)","background-image":"","background-repeat":"repeat","background-position":"center center","background-size":"auto","background-attachment":"scroll","background-type":"","background-media":"","overlay-type":"","overlay-color":"","overlay-opacity":"","overlay-gradient":""},"tablet":{"background-color":"var(--ast-global-color-4)","background-image":"","background-repeat":"repeat","background-position":"center center","background-size":"auto","background-attachment":"scroll","background-type":"","background-media":"","overlay-type":"","overlay-color":"","overlay-opacity":"","overlay-gradient":""},"mobile":{"background-color":"var(--ast-global-color-4)","background-image":"","background-repeat":"repeat","background-position":"center center","background-size":"auto","background-attachment":"scroll","background-type":"","background-media":"","overlay-type":"","overlay-color":"","overlay-opacity":"","overlay-gradient":""}}},"product_brand":[290],"product_cat":[41],"product_tag":[76,77,75,74],"class_list":{"0":"post-372","1":"product","2":"type-product","3":"status-publish","4":"has-post-thumbnail","6":"product_brand-teflon-x","7":"product_cat-ptfe-rods","8":"product_tag-ptfe-rod-manufacturers","9":"product_tag-ptfe-rod-suppliers","10":"product_tag-ptfe-round-bar","11":"product_tag-teflon-rod","12":"desktop-align-left","13":"tablet-align-left","14":"mobile-align-left","16":"first","17":"instock","18":"shipping-taxable","19":"product-type-simple"},"_links":{"self":[{"href":"https:\/\/teflonx.com\/it\/wp-json\/wp\/v2\/product\/372","targetHints":{"allow":["GET"]}}],"collection":[{"href":"https:\/\/teflonx.com\/it\/wp-json\/wp\/v2\/product"}],"about":[{"href":"https:\/\/teflonx.com\/it\/wp-json\/wp\/v2\/types\/product"}],"replies":[{"embeddable":true,"href":"https:\/\/teflonx.com\/it\/wp-json\/wp\/v2\/comments?post=372"}],"wp:featuredmedia":[{"embeddable":true,"href":"https:\/\/teflonx.com\/it\/wp-json\/wp\/v2\/media\/374"}],"wp:attachment":[{"href":"https:\/\/teflonx.com\/it\/wp-json\/wp\/v2\/media?parent=372"}],"wp:term":[{"taxonomy":"product_brand","embeddable":true,"href":"https:\/\/teflonx.com\/it\/wp-json\/wp\/v2\/product_brand?post=372"},{"taxonomy":"product_cat","embeddable":true,"href":"https:\/\/teflonx.com\/it\/wp-json\/wp\/v2\/product_cat?post=372"},{"taxonomy":"product_tag","embeddable":true,"href":"https:\/\/teflonx.com\/it\/wp-json\/wp\/v2\/product_tag?post=372"}],"curies":[{"name":"Libro bianco","href":"https:\/\/api.w.org\/{rel}","templated":true}]}}