{"id":823,"date":"2025-07-15T05:45:56","date_gmt":"2025-07-15T05:45:56","guid":{"rendered":"https:\/\/teflonx.com\/?post_type=product&#038;p=823"},"modified":"2025-07-15T05:45:57","modified_gmt":"2025-07-15T05:45:57","slug":"tubo-in-ptfe-ondulato-esterno-piatto-interno-ad-alte-prestazioni-per-il-trasferimento-chimico","status":"publish","type":"product","link":"https:\/\/teflonx.com\/it\/product\/tubo-in-ptfe-ondulato-esterno-piatto-interno-ad-alte-prestazioni-per-il-trasferimento-chimico\/","title":{"rendered":"Tubo in PTFE ondulato interno piatto esterno ad alte prestazioni per il trasferimento chimico"},"content":{"rendered":"<h1 id=\"high-performance-inner-flat-outer-corrugated-ptfe-tube-for-chemical-transfer\">Tubo in PTFE ondulato interno piatto esterno ad alte prestazioni per il trasferimento chimico<\/h1>\n<p>Benvenuti a <strong>Teflon X<\/strong>, la tua fonte di fiducia per soluzioni di tubi in PTFE di alta qualit\u00e0. Il nostro <strong>Tubo in PTFE ondulato esterno con foro liscio interno<\/strong> \u00e8 progettato per soddisfare i rigorosi requisiti delle applicazioni di trasferimento chimico. Per maggiori dettagli, visita il nostro sito web all&#039;indirizzo <a href=\"https:\/\/teflonx.com\/it\/\" target=\"_blank\" rel=\"noopener\">https:\/\/teflonx.com\/<\/a> oppure contattaci tramite <a href=\"https:\/\/teflonx.com\/it\/contattaci\/\" target=\"_blank\" rel=\"noopener\">https:\/\/teflonx.com\/contact-us\/<\/a>Puoi anche contattare direttamente il nostro team scrivendo a Allison.Ye@teflonx.com.<\/p>\n<h2 id=\"product-overview\">Panoramica del prodotto<\/h2>\n<p>IL <strong>Tubo in PTFE ondulato esterno con foro liscio interno<\/strong> di Teflon X \u00e8 una soluzione ad alte prestazioni progettata per garantire durata, flessibilit\u00e0 e resistenza alla corrosione superiori. Noto anche come <strong>Tubo ondulato interno piatto esterno ondulato<\/strong> O <strong>Tubo ondulato interno piatto esterno in PTFE<\/strong>, questo prodotto \u00e8 caratterizzato da un foro interno liscio che riduce al minimo la resistenza del fluido e garantisce un flusso efficiente, mentre il design esterno ondulato aumenta la flessibilit\u00e0 e la piegabilit\u00e0 senza compromettere l&#039;integrit\u00e0 strutturale.<\/p>\n<p>Ideale per settori quali l&#039;industria chimica, farmaceutica, alimentare e delle bevande e automobilistica, <strong>Tubo in PTFE ondulato esterno con foro liscio interno<\/strong> Eccelle nella gestione di sostanze chimiche aggressive, alte temperature e pressioni. Il suo materiale antiaderente in PTFE previene la contaminazione e l&#039;accumulo, rendendolo perfetto per applicazioni ad elevata purezza. Che abbiate a che fare con fluidi corrosivi o che necessitiate di sistemi di gestione dei fluidi affidabili, il nostro <strong>Tubo ondulato interno piatto esterno in PTFE<\/strong> offre prestazioni ineguagliabili.<\/p>\n<h2 id=\"key-features-and-benefits\">Caratteristiche e vantaggi principali<\/h2>\n<ul>\n<li><strong>Eccezionale resistenza alla corrosione<\/strong>: Realizzato in PTFE di alta qualit\u00e0, il <strong>Tubo ondulato interno piatto esterno ondulato<\/strong> resiste agli agenti chimici aggressivi senza degradarsi.<\/li>\n<li><strong>Foro interno liscio<\/strong>: La superficie interna piana del <strong>Tubo in PTFE ondulato esterno con foro liscio interno<\/strong> riduce la turbolenza e le cadute di pressione, garantendo un trasferimento fluido e uniforme.<\/li>\n<li><strong>Design esterno ondulato<\/strong>: Offre un&#039;eccellente flessibilit\u00e0 e resistenza alle pieghe, consentendo l&#039; <strong>Tubo ondulato interno piatto esterno in PTFE<\/strong> per piegarsi facilmente in spazi ristretti.<\/li>\n<li><strong>Tolleranza ad alta pressione e temperatura<\/strong>: Adatto ad ambienti difficili, resiste a condizioni estreme mantenendo l&#039;integrit\u00e0.<\/li>\n<li><strong>Antiaderente e ad alta purezza<\/strong>: Impedisce l&#039;adesione di sostanze, ideale per applicazioni igieniche e pulite.<\/li>\n<li><strong>Applicazioni versatili<\/strong>: Perfetto per il trasferimento di prodotti chimici, apparecchiature di laboratorio, tubazioni industriali e altro ancora. <strong>Tubo in PTFE ondulato esterno con foro liscio interno<\/strong> \u00e8 la scelta ideale per gli ingegneri che cercano affidabilit\u00e0 <strong>Tubo ondulato interno piatto esterno in PTFE<\/strong>.<\/li>\n<\/ul>\n<p>Nostro <strong>Tubo ondulato interno piatto esterno ondulato<\/strong> \u00e8 prodotto secondo i pi\u00f9 alti standard, garantendo longevit\u00e0 e affidabilit\u00e0 nelle vostre operazioni. Gli utenti abituali del <strong>Tubo in PTFE ondulato esterno con foro liscio interno<\/strong> segnalano una maggiore efficienza del sistema e costi di manutenzione ridotti.<\/p>\n<h2 id=\"technical-specifications\">Specifiche tecniche<\/h2>\n<p>Di seguito \u00e8 riportata una tabella dettagliata dei parametri per il <strong>Tubo in PTFE ondulato esterno con foro liscio interno<\/strong>Queste specifiche si basano su un&#039;ingegneria precisa per garantire prestazioni ottimali in diverse dimensioni.<\/p>\n<table>\n<thead>\n<tr>\n<th>Dimensioni (pollici)<\/th>\n<th>Diametro interno (mm)<\/th>\n<th>Diametro esterno (mm)<\/th>\n<th>Pressione di esercizio (bar)<\/th>\n<th>Pressione di scoppio (bar)<\/th>\n<th>Raggio di curvatura (mm)<\/th>\n<\/tr>\n<\/thead>\n<tbody>\n<tr>\n<td>1\/4&#8243;<\/td>\n<td>6,1\u00b10,3<\/td>\n<td>9,5\u00b10,3<\/td>\n<td>183<\/td>\n<td>551<\/td>\n<td>45<\/td>\n<\/tr>\n<tr>\n<td>5\/16&#8243;<\/td>\n<td>7,8\u00b10,3<\/td>\n<td>11,4\u00b10,3<\/td>\n<td>155<\/td>\n<td>466<\/td>\n<td>50<\/td>\n<\/tr>\n<tr>\n<td>3\/8&#8243;<\/td>\n<td>9,6\u00b10,3<\/td>\n<td>14,1\u00b10,3<\/td>\n<td>138<\/td>\n<td>414<\/td>\n<td>55<\/td>\n<\/tr>\n<tr>\n<td>1\/2&#8243;<\/td>\n<td>12,7\u00b10,3<\/td>\n<td>17,2\u00b10,3<\/td>\n<td>110<\/td>\n<td>331<\/td>\n<td>60<\/td>\n<\/tr>\n<tr>\n<td>5\/8&#8243;<\/td>\n<td>15,7\u00b10,3<\/td>\n<td>20,7\u00b10,3<\/td>\n<td>95<\/td>\n<td>286<\/td>\n<td>70<\/td>\n<\/tr>\n<tr>\n<td>3\/4&#8243;<\/td>\n<td>18,8\u00b10,3<\/td>\n<td>23,7\u00b10,3<\/td>\n<td>81<\/td>\n<td>245<\/td>\n<td>80<\/td>\n<\/tr>\n<tr>\n<td>1&#8243;<\/td>\n<td>25,4\u00b10,3<\/td>\n<td>29,0\u00b10,3<\/td>\n<td>70<\/td>\n<td>211<\/td>\n<td>135<\/td>\n<\/tr>\n<\/tbody>\n<\/table>\n<p><em>Nota: tutte le misure sono in mm, salvo diversa indicazione. Tolleranze e valori possono variare leggermente in base ai lotti di produzione. Per misure personalizzate o specifiche aggiuntive, contattateci all&#039;indirizzo Allison.Ye@teflonx.com.<\/em><\/p>\n<h2 id=\"applications\">Applicazioni<\/h2>\n<p>IL <strong>Tubo ondulato interno piatto esterno in PTFE<\/strong> \u00e8 versatile e ampiamente utilizzato in:<\/p>\n<ul>\n<li>Impianti di lavorazione chimica per il trasferimento di acidi, basi e solventi.<\/li>\n<li>Produzione farmaceutica per la manipolazione di fluidi sterili.<\/li>\n<li>Industrie alimentari e delle bevande che necessitano di condotte non contaminanti.<\/li>\n<li>Per linee idrauliche e di carburante nel settore automobilistico e aerospaziale.<\/li>\n<li>Impostazioni di laboratorio per un controllo preciso dei fluidi.<\/li>\n<\/ul>\n<p>Scegliendo il <strong>Tubo in PTFE ondulato esterno con foro liscio interno<\/strong> Con Teflon X garantiamo la conformit\u00e0 agli standard di settore in termini di sicurezza ed efficienza.<\/p>\n<h2 id=\"why-choose-teflon-x-\">Perch\u00e9 scegliere Teflon X?<\/h2>\n<p>A <strong>Teflon X<\/strong>, siamo specializzati in soluzioni innovative in PTFE come la <strong>Tubo ondulato interno piatto esterno ondulato<\/strong>Il nostro impegno per la qualit\u00e0 e la soddisfazione del cliente ci contraddistingue. Scopri altri prodotti sul nostro sito web: <a href=\"https:\/\/teflonx.com\/it\/\" target=\"_blank\" rel=\"noopener\">https:\/\/teflonx.com\/<\/a>Per richieste di informazioni, richieste di personalizzazione o ordini all&#039;ingrosso, visita la nostra pagina dei contatti all&#039;indirizzo <a href=\"https:\/\/teflonx.com\/it\/contattaci\/\" target=\"_blank\" rel=\"noopener\">https:\/\/teflonx.com\/contact-us\/<\/a> oppure invia un&#039;e-mail a Allison.Ye@teflonx.com.<\/p>\n<p>Se hai domande sul <strong>Tubo in PTFE ondulato esterno con foro liscio interno<\/strong>, <strong>Tubo ondulato interno piatto esterno in PTFE<\/strong>o altri prodotti, il nostro team \u00e8 qui per aiutarti!<\/p>","protected":false},"excerpt":{"rendered":"<p>Il nostro tubo in PTFE corrugato con foro interno liscio ed esterno offre durata e flessibilit\u00e0 eccezionali per applicazioni di trasferimento chimico complesse. Questo tubo corrugato con onda esterna piatta interna garantisce un flusso fluido uniforme con una resistenza minima, grazie al suo strato interno piatto e al design esterno corrugato, che offre un&#039;eccellente resistenza alla corrosione.<\/p>\n<p>Ideale per ambienti difficili, il tubo corrugato interno piatto ed esterno in PTFE eccelle nel trasporto di sostanze chimiche aggressive senza degradarsi. La sua struttura unica ne migliora la piegabilit\u00e0, mantenendone l&#039;integrit\u00e0 anche ad alta pressione.<\/p>\n<p>Progettato per garantire la massima affidabilit\u00e0, questo tubo a soffietto in PTFE con interno piatto e esterno corrugato \u00e8 perfetto per i settori che richiedono condotti antiaderenti ad alta purezza. L&#039;utilizzo ripetuto del tubo in PTFE con interno liscio e esterno corrugato garantisce prestazioni ottimali nei sistemi di movimentazione dei fluidi.<\/p>","protected":false},"featured_media":824,"comment_status":"open","ping_status":"closed","template":"","meta":{"site-sidebar-layout":"default","site-content-layout":"","ast-site-content-layout":"default","site-content-style":"default","site-sidebar-style":"default","ast-global-header-display":"","ast-banner-title-visibility":"","ast-main-header-display":"","ast-hfb-above-header-display":"","ast-hfb-below-header-display":"","ast-hfb-mobile-header-display":"","site-post-title":"","ast-breadcrumbs-content":"","ast-featured-img":"","footer-sml-layout":"","ast-disable-related-posts":"","theme-transparent-header-meta":"default","adv-header-id-meta":"","stick-header-meta":"","header-above-stick-meta":"","header-main-stick-meta":"","header-below-stick-meta":"","astra-migrate-meta-layouts":"set","ast-page-background-enabled":"default","ast-page-background-meta":{"desktop":{"background-color":"var(--ast-global-color-5)","background-image":"","background-repeat":"repeat","background-position":"center center","background-size":"auto","background-attachment":"scroll","background-type":"","background-media":"","overlay-type":"","overlay-color":"","overlay-opacity":"","overlay-gradient":""},"tablet":{"background-color":"","background-image":"","background-repeat":"repeat","background-position":"center center","background-size":"auto","background-attachment":"scroll","background-type":"","background-media":"","overlay-type":"","overlay-color":"","overlay-opacity":"","overlay-gradient":""},"mobile":{"background-color":"","background-image":"","background-repeat":"repeat","background-position":"center center","background-size":"auto","background-attachment":"scroll","background-type":"","background-media":"","overlay-type":"","overlay-color":"","overlay-opacity":"","overlay-gradient":""}},"ast-content-background-meta":{"desktop":{"background-color":"var(--ast-global-color-4)","background-image":"","background-repeat":"repeat","background-position":"center center","background-size":"auto","background-attachment":"scroll","background-type":"","background-media":"","overlay-type":"","overlay-color":"","overlay-opacity":"","overlay-gradient":""},"tablet":{"background-color":"var(--ast-global-color-4)","background-image":"","background-repeat":"repeat","background-position":"center center","background-size":"auto","background-attachment":"scroll","background-type":"","background-media":"","overlay-type":"","overlay-color":"","overlay-opacity":"","overlay-gradient":""},"mobile":{"background-color":"var(--ast-global-color-4)","background-image":"","background-repeat":"repeat","background-position":"center center","background-size":"auto","background-attachment":"scroll","background-type":"","background-media":"","overlay-type":"","overlay-color":"","overlay-opacity":"","overlay-gradient":""}}},"product_brand":[290],"product_cat":[42],"product_tag":[291,292,293],"class_list":{"0":"post-823","1":"product","2":"type-product","3":"status-publish","4":"has-post-thumbnail","6":"product_brand-teflon-x","7":"product_cat-ptfe-corrugated-hoses","8":"product_tag-inner-smooth-bore-outer-corrugated-ptfe-tube","9":"product_tag-internal-flat-external-wave-corrugated-pipe","10":"product_tag-ptfe-inner-flat-outer-corrugated-tubing","11":"desktop-align-left","12":"tablet-align-left","13":"mobile-align-left","15":"first","16":"instock","17":"shipping-taxable","18":"product-type-simple"},"_links":{"self":[{"href":"https:\/\/teflonx.com\/it\/wp-json\/wp\/v2\/product\/823","targetHints":{"allow":["GET"]}}],"collection":[{"href":"https:\/\/teflonx.com\/it\/wp-json\/wp\/v2\/product"}],"about":[{"href":"https:\/\/teflonx.com\/it\/wp-json\/wp\/v2\/types\/product"}],"replies":[{"embeddable":true,"href":"https:\/\/teflonx.com\/it\/wp-json\/wp\/v2\/comments?post=823"}],"wp:featuredmedia":[{"embeddable":true,"href":"https:\/\/teflonx.com\/it\/wp-json\/wp\/v2\/media\/824"}],"wp:attachment":[{"href":"https:\/\/teflonx.com\/it\/wp-json\/wp\/v2\/media?parent=823"}],"wp:term":[{"taxonomy":"product_brand","embeddable":true,"href":"https:\/\/teflonx.com\/it\/wp-json\/wp\/v2\/product_brand?post=823"},{"taxonomy":"product_cat","embeddable":true,"href":"https:\/\/teflonx.com\/it\/wp-json\/wp\/v2\/product_cat?post=823"},{"taxonomy":"product_tag","embeddable":true,"href":"https:\/\/teflonx.com\/it\/wp-json\/wp\/v2\/product_tag?post=823"}],"curies":[{"name":"Libro bianco","href":"https:\/\/api.w.org\/{rel}","templated":true}]}}