{"id":489,"date":"2025-04-01T16:07:34","date_gmt":"2025-04-01T16:07:34","guid":{"rendered":"https:\/\/teflonx.com\/?post_type=product&#038;p=489"},"modified":"2026-01-01T14:24:03","modified_gmt":"2026-01-01T14:24:03","slug":"ptfe-geschilde-film","status":"publish","type":"product","link":"https:\/\/teflonx.com\/nl\/product\/ptfe-geschilde-film\/","title":{"rendered":"Hittebestendige PTFE-folie voor industri\u00eble afdichtingen en pakkingen"},"content":{"rendered":"<div class=\"product-description\">\n<h2>Bestand PTFE Film op hoge temperatuur voor Industri\u00eble Verbindingen &amp; Pakkingen<\/h2>\n<p>Welkom bij <strong>Teflon-X<\/strong>, uw belangrijkste bron voor hoogwaardige fluorpolymeeroplossingen. Onze <a href=\"https:\/\/teflonx.com\/nl\/\" target=\"_blank\" rel=\"noopener\"><strong>PTFE-afgeschaafde film<\/strong><\/a> is ontworpen om aan de strengste eisen van de moderne industrie te voldoen. Of u nu superieure chemische weerstand, uitzonderlijke thermische stabiliteit of een lage wrijvingsco\u00ebffici\u00ebnt nodig hebt, onze PTFE-materialen met skived materiaal leveren onge\u00ebvenaarde betrouwbaarheid.<\/p>\n<h3>Wat is PTFE-afgeschaafde folie?<\/h3>\n<p><strong>PTFE-geschilde film<\/strong> wordt vervaardigd via een gespecialiseerd proces waarbij een grote staaf polytetrafluorethyleen (PTFE) wordt gesponnen en geschaafd (skived) tot een doorlopend dun vel. Deze unieke productiemethode zorgt voor een uniforme dikte en consistente materiaaleigenschappen op de hele rol. Het resultaat is, <strong>afgescheurde film<\/strong> biedt een veelzijdige oplossing voor toepassingen vari\u00ebrend van elektrische isolatie tot industri\u00eble afdichtingen met hoge integriteit.<\/p>\n<p>Bij Teflon X zijn onze <strong>geschaafd PTFE<\/strong> producten worden geroemd om hun aanpassingsvermogen. De folie behoudt zijn structurele integriteit bij extreme temperatuurschommelingen, waardoor het een essentieel onderdeel is in de ruimtevaart, chemische verwerking en de medische sector.<\/p>\n<h3>Belangrijkste kenmerken en voordelen<\/h3>\n<p>Ons <strong>geslepen teflon<\/strong> (PTFE) films zijn ontworpen om beter te presteren dan standaard afdichtingsmaterialen. De belangrijkste voordelen zijn:<\/p>\n<ul>\n<li><strong>Extreme thermische weerstand:<\/strong> Werkt effici\u00ebnt bij temperaturen van -200 \u00b0C tot +260 \u00b0C en garandeert stabiliteit in cryogene omgevingen en omgevingen met hoge temperaturen.<\/li>\n<li><strong>Superieure chemische stabiliteit:<\/strong> Vrijwel inert voor bijna alle industri\u00eble chemicali\u00ebn en oplosmiddelen, waardoor het ideaal is voor corrosiebestendige pakkingen.<\/li>\n<li><strong>Lage wrijvingsco\u00ebffici\u00ebnt:<\/strong> Met een wrijvingsco\u00ebffici\u00ebnt van slechts 0,04 is dit <strong>PTFE-geschilde film<\/strong> vermindert slijtage in dynamische toepassingen zoals pompen en kleppen.<\/li>\n<li><strong>Microporeuze structuur:<\/strong> Met een poreusheid tot 85% in bepaalde kwaliteiten, waardoor het uitstekend bestand is tegen vloeistoffen en deeltjes voor filtratietoepassingen.<\/li>\n<li><strong>Elektrische isolatie:<\/strong> Biedt uitstekende di\u00eblektrische sterkte, geschikt voor condensator di\u00eblektrica en draadisolatie.<\/li>\n<\/ul>\n<h3>Toepassingen van gevild PTFE<\/h3>\n<p>De veelzijdigheid van <strong>PTFE afgeschaafd<\/strong> materialen kunnen ze worden gebruikt in een breed spectrum van industrie\u00ebn:<\/p>\n<ul>\n<li><strong>Industri\u00eble afdichting:<\/strong> Ideaal voor pakkingen en pakkingen in chemische verwerkingsapparatuur, kleppen en pompen waar agressieve chemicali\u00ebn aanwezig zijn.<\/li>\n<li><strong>Ruimtevaart en auto-industrie:<\/strong> Wordt gebruikt in motorcoatings en brandstofslangen vanwege de hittebestendigheid en antikleefeigenschappen.<\/li>\n<li><strong>Medische industrie:<\/strong> gebruikt in filtratiemembranen van medische kwaliteit en onderdelen van biocompatibele apparaten.<\/li>\n<li><strong>Elektronica:<\/strong> Dient als hoogfrequente isolatie voor kabels en printplaten.<\/li>\n<\/ul>\n<h3>Technische specificaties<\/h3>\n<p>Hieronder vindt u de standaardparameters voor onze Bestand hoge temperatuur <strong>PTFE-afgeschaafde film<\/strong>. Aangepaste afmetingen zijn beschikbaar op aanvraag.<\/p>\n<table style=\"width: 100%; border-collapse: collapse; margin-bottom: 20px;\" border=\"1\">\n<thead>\n<tr style=\"background-color: #f2f2f2;\">\n<th style=\"padding: 10px; text-align: left;\">Eigendom<\/th>\n<th style=\"padding: 10px; text-align: left;\">Waarde \/ Beschrijving<\/th>\n<\/tr>\n<\/thead>\n<tbody>\n<tr>\n<td style=\"padding: 10px;\">Materiaalsamenstelling<\/td>\n<td style=\"padding: 10px;\">100% Virgin PTFE \/ Gewijzigd PTFE<\/td>\n<\/tr>\n<tr>\n<td style=\"padding: 10px;\">Temperatuurbereik<\/td>\n<td style=\"padding: 10px;\">-200\u00b0C tot +260\u00b0C (-328\u00b0F tot +500\u00b0F)<\/td>\n<\/tr>\n<tr>\n<td style=\"padding: 10px;\">Diktebereik<\/td>\n<td style=\"padding: 10px;\">0,025 mm - 5,0 mm (aanpasbaar)<\/td>\n<\/tr>\n<tr>\n<td style=\"padding: 10px;\">Standaard breedte<\/td>\n<td style=\"padding: 10px;\">300 mm, 600 mm, 1000 mm, 1200 mm (tot 2700 mm)<\/td>\n<\/tr>\n<tr>\n<td style=\"padding: 10px;\">Treksterkte<\/td>\n<td style=\"padding: 10px;\">\u2265 20 MPa<\/td>\n<\/tr>\n<tr>\n<td style=\"padding: 10px;\">Rek bij breuk<\/td>\n<td style=\"padding: 10px;\">\u2265 200%<\/td>\n<\/tr>\n<tr>\n<td style=\"padding: 10px;\">Di\u00eblektrische sterkte<\/td>\n<td style=\"padding: 10px;\">\u2265 40 kV\/mm<\/td>\n<\/tr>\n<tr>\n<td style=\"padding: 10px;\">Wrijvingsco\u00ebffici\u00ebnt<\/td>\n<td style=\"padding: 10px;\">0,04 (dynamisch)<\/td>\n<\/tr>\n<tr>\n<td style=\"padding: 10px;\">Kleur<\/td>\n<td style=\"padding: 10px;\">Natuurlijk wit (standaard), gepigmenteerd beschikbaar<\/td>\n<\/tr>\n<\/tbody>\n<\/table>\n<h3>Waarom Teflon X kiezen voor uw foliebehoeften?<\/h3>\n<p>Bij <strong>Teflon-X<\/strong>We zijn gespecialiseerd in precisiefabricage. Onze <strong>afgescheurde film<\/strong> productielijn maakt gebruik van geavanceerde technologie om strakke toleranties en onberispelijke oppervlakteafwerkingen te garanderen. We begrijpen dat of je het nu <strong>afgeschaafde teflon<\/strong> of <strong>PTFE afgeschaafd<\/strong> tape heeft de kwaliteit van het materiaal een directe invloed op het succes van je project.<\/p>\n<p>We bieden oplossingen op maat, inclusief etsen van het oppervlak voor hechting, snijden tot specifieke breedtes en verschillende diktes om te voldoen aan uw specifieke technische vereisten.<\/p>\n<h3>Neem contact met ons op<\/h3>\n<p>Klaar om uw industri\u00eble afdichtingen of filtratiesystemen te upgraden met hoogwaardige <strong>PTFE-geschilde film<\/strong>? Neem vandaag nog contact op met ons technisch team voor een offerte of advies.<\/p>\n<p><strong>E-mailadres:<\/strong> <a href=\"mailto:allison.ye@teflonx.com\">allison.ye@teflonx.com<\/a><br \/>\n<strong>Contactpagina:<\/strong> <a href=\"https:\/\/teflonx.com\/nl\/neem-contact-met-ons-op\/\" target=\"_blank\" rel=\"noopener\">Neem contact op met Teflon X<\/a><br \/>\n<strong>Website:<\/strong> <a href=\"https:\/\/teflonx.com\/nl\/\" target=\"_blank\" rel=\"noopener\">https:\/\/teflonx.com\/<\/a><\/p>\n<\/div>","protected":false},"excerpt":{"rendered":"<p>PTFE Skived Film biedt uitzonderlijke chemische stabiliteit en thermische bestendigheid (-200 \u00b0C tot +260 \u00b0C), ideaal voor industri\u00eble afdichtingen in pompen, kleppen en chemische verwerkingsapparatuur [4]. De lage wrijvingsco\u00ebffici\u00ebnt (0,04) zorgt voor duurzaamheid in dynamische toepassingen, terwijl de microporeuze structuur (porositeit 85%) vloeistof- en deeltjesbestendigheid biedt.<br \/>\n<strong>Toepassingen<\/strong>: Corrosiewerende pakkingen, coatings voor lucht- en ruimtevaartmotoren en medische filtermembranen.<\/p>","protected":false},"featured_media":494,"comment_status":"open","ping_status":"closed","template":"","meta":{"site-sidebar-layout":"default","site-content-layout":"","ast-site-content-layout":"default","site-content-style":"default","site-sidebar-style":"default","ast-global-header-display":"","ast-banner-title-visibility":"","ast-main-header-display":"","ast-hfb-above-header-display":"","ast-hfb-below-header-display":"","ast-hfb-mobile-header-display":"","site-post-title":"","ast-breadcrumbs-content":"","ast-featured-img":"","footer-sml-layout":"","ast-disable-related-posts":"","theme-transparent-header-meta":"default","adv-header-id-meta":"","stick-header-meta":"","header-above-stick-meta":"","header-main-stick-meta":"","header-below-stick-meta":"","astra-migrate-meta-layouts":"set","ast-page-background-enabled":"default","ast-page-background-meta":{"desktop":{"background-color":"var(--ast-global-color-5)","background-image":"","background-repeat":"repeat","background-position":"center center","background-size":"auto","background-attachment":"scroll","background-type":"","background-media":"","overlay-type":"","overlay-color":"","overlay-opacity":"","overlay-gradient":""},"tablet":{"background-color":"","background-image":"","background-repeat":"repeat","background-position":"center center","background-size":"auto","background-attachment":"scroll","background-type":"","background-media":"","overlay-type":"","overlay-color":"","overlay-opacity":"","overlay-gradient":""},"mobile":{"background-color":"","background-image":"","background-repeat":"repeat","background-position":"center center","background-size":"auto","background-attachment":"scroll","background-type":"","background-media":"","overlay-type":"","overlay-color":"","overlay-opacity":"","overlay-gradient":""}},"ast-content-background-meta":{"desktop":{"background-color":"var(--ast-global-color-4)","background-image":"","background-repeat":"repeat","background-position":"center center","background-size":"auto","background-attachment":"scroll","background-type":"","background-media":"","overlay-type":"","overlay-color":"","overlay-opacity":"","overlay-gradient":""},"tablet":{"background-color":"var(--ast-global-color-4)","background-image":"","background-repeat":"repeat","background-position":"center center","background-size":"auto","background-attachment":"scroll","background-type":"","background-media":"","overlay-type":"","overlay-color":"","overlay-opacity":"","overlay-gradient":""},"mobile":{"background-color":"var(--ast-global-color-4)","background-image":"","background-repeat":"repeat","background-position":"center center","background-size":"auto","background-attachment":"scroll","background-type":"","background-media":"","overlay-type":"","overlay-color":"","overlay-opacity":"","overlay-gradient":""}}},"product_brand":[290],"product_cat":[44],"product_tag":[152,148,151,149,150],"class_list":{"0":"post-489","1":"product","2":"type-product","3":"status-publish","4":"has-post-thumbnail","6":"product_brand-teflon-x","7":"product_cat-ptfe-film","8":"product_tag-ptfe-skived","9":"product_tag-ptfe-skived-film","10":"product_tag-skived-film","11":"product_tag-skived-ptfe","12":"product_tag-skived-teflon","13":"desktop-align-left","14":"tablet-align-left","15":"mobile-align-left","17":"first","18":"instock","19":"shipping-taxable","20":"product-type-simple"},"_links":{"self":[{"href":"https:\/\/teflonx.com\/nl\/wp-json\/wp\/v2\/product\/489","targetHints":{"allow":["GET"]}}],"collection":[{"href":"https:\/\/teflonx.com\/nl\/wp-json\/wp\/v2\/product"}],"about":[{"href":"https:\/\/teflonx.com\/nl\/wp-json\/wp\/v2\/types\/product"}],"replies":[{"embeddable":true,"href":"https:\/\/teflonx.com\/nl\/wp-json\/wp\/v2\/comments?post=489"}],"wp:featuredmedia":[{"embeddable":true,"href":"https:\/\/teflonx.com\/nl\/wp-json\/wp\/v2\/media\/494"}],"wp:attachment":[{"href":"https:\/\/teflonx.com\/nl\/wp-json\/wp\/v2\/media?parent=489"}],"wp:term":[{"taxonomy":"product_brand","embeddable":true,"href":"https:\/\/teflonx.com\/nl\/wp-json\/wp\/v2\/product_brand?post=489"},{"taxonomy":"product_cat","embeddable":true,"href":"https:\/\/teflonx.com\/nl\/wp-json\/wp\/v2\/product_cat?post=489"},{"taxonomy":"product_tag","embeddable":true,"href":"https:\/\/teflonx.com\/nl\/wp-json\/wp\/v2\/product_tag?post=489"}],"curies":[{"name":"wp","href":"https:\/\/api.w.org\/{rel}","templated":true}]}}