{"id":826,"date":"2025-07-15T06:25:44","date_gmt":"2025-07-15T06:25:44","guid":{"rendered":"https:\/\/teflonx.com\/?post_type=product&#038;p=826"},"modified":"2025-07-15T07:17:09","modified_gmt":"2025-07-15T07:17:09","slug":"gegolfde-ptfe-slang-met-gladde-boring-voor-industriele-vloeistofbehandeling","status":"publish","type":"product","link":"https:\/\/teflonx.com\/nl\/product\/gegolfde-ptfe-slang-met-gladde-boring-voor-industriele-vloeistofbehandeling\/","title":{"rendered":"Gladde gegolfde PTFE-slang voor industri\u00eble vloeistofbehandeling"},"content":{"rendered":"<h1 id=\"smooth-bore-corrugated-ptfe-tubing-for-industrial-fluid-handling\">Gladde gegolfde PTFE-slang voor industri\u00eble vloeistofbehandeling<\/h1>\n<p>Ontdek de ultieme oplossing voor complexe vloeistofoverdrachtsystemen met de <strong>Gegolfde PTFE-slang met gladde boring<\/strong> van Teflon X. Dit innovatieve product combineert op meesterlijke wijze een perfect glad binnenoppervlak voor optimale stroming met een gegolfde buitenlaag voor uitzonderlijke flexibiliteit. Onze <strong>PTFE binnenvlakke buitengegolfde buis<\/strong> biedt onge\u00ebvenaarde chemische bestendigheid, thermische stabiliteit en betrouwbaarheid op lange termijn.<\/p>\n<p>Bij kritische toepassingen zoals petrochemische verwerking, voedsel- en dranktransport of farmaceutische productie, is het unieke ontwerp van onze <strong>Interne vlakke externe gegolfde gegolfde slang<\/strong> is van het grootste belang. De gladde boring minimaliseert turbulentie, vermindert drukverlies en voorkomt residuvorming, wat zorgt voor een schoon, effici\u00ebnt en zelflozend systeem. De gegolfde buitenkant zorgt er bovendien voor dat de slangen gemakkelijk door krappe ruimtes en complexe lay-outs kunnen worden geleid, zonder te knikken of de structurele integriteit ervan in gevaar te brengen.<\/p>\n<p>Met zijn zuivere PTFE-constructie is deze geavanceerde variant van de <strong>Binnenzijde gladde boring buitenste gegolfde PTFE-buis<\/strong> Garandeert een lange levensduur en operationele uitmuntendheid. Het is de superieure keuze voor ingenieurs en operators die op zoek zijn naar een hoogwaardige, onderhoudsarme en eenvoudig te installeren oplossing voor hun vloeistofbehandelingsuitdagingen.<\/p>\n<h3 id=\"key-features\">Belangrijkste kenmerken<\/h3>\n<ul>\n<li><strong>Hybride ontwerp:<\/strong> Heeft een gladde, antiaanbaklaag aan de binnenkant voor laminaire stroming en een flexibele, geribbelde buitenwand voor eenvoudige installatie en geleiding.<\/li>\n<li><strong>Superieur materiaal:<\/strong> Gemaakt van 100% zuiver PTFE en biedt universele chemische bestendigheid tegen zuren, basen en oplosmiddelen.<\/li>\n<li><strong>Breed temperatuurbereik:<\/strong> Werkt betrouwbaar bij extreme temperaturen, doorgaans van -65\u00b0C tot 260\u00b0C (-85\u00b0F tot 500\u00b0F).<\/li>\n<li><strong>Verbeterde stroomeffici\u00ebntie:<\/strong> Het spiegelgladde interieur voorkomt dat deeltjes zich vastzetten en vermindert de wrijving, wat leidt tot hogere stroomsnelheden en vereenvoudigde reiniging (CIP\/SIP).<\/li>\n<li><strong>Uitzonderlijke flexibiliteit:<\/strong> De gegolfde buitenkant zorgt voor een kleine buigradius, waardoor deze ideaal is voor dynamische toepassingen en compacte systeemontwerpen.<\/li>\n<li><strong>Duurzaamheid en levensduur:<\/strong> Zeer goed bestand tegen spanningsscheuren, veroudering en UV-straling, waardoor een lange en betrouwbare levensduur wordt gegarandeerd.<\/li>\n<\/ul>\n<h3 id=\"technical-specifications\">Technische specificaties<\/h3>\n<p>Hieronder vindt u de standaardspecificaties voor onze <strong>Gegolfde PTFE-slang met gladde boring<\/strong>Aangepaste formaten en configuraties zijn op aanvraag beschikbaar om aan uw specifieke projectbehoeften te voldoen.<\/p>\n<table>\n<thead>\n<tr>\n<th style=\"text-align: left;\">Maat<\/th>\n<th style=\"text-align: left;\">Binnendiameter (mm)<\/th>\n<th style=\"text-align: left;\">buitendiameter (mm)<\/th>\n<th style=\"text-align: left;\">Werkdruk (bar)<\/th>\n<th style=\"text-align: left;\">Barstdruk (bar)<\/th>\n<th style=\"text-align: left;\">Minimale buigradius (mm)<\/th>\n<\/tr>\n<\/thead>\n<tbody>\n<tr>\n<td style=\"text-align: left;\">1\/4&#8243;<\/td>\n<td style=\"text-align: left;\">6,1\u00b10,3<\/td>\n<td style=\"text-align: left;\">9,9\u00b10,3<\/td>\n<td style=\"text-align: left;\">183<\/td>\n<td style=\"text-align: left;\">551<\/td>\n<td style=\"text-align: left;\">45<\/td>\n<\/tr>\n<tr>\n<td style=\"text-align: left;\">5\/16&#8243;<\/td>\n<td style=\"text-align: left;\">7,8\u00b10,3<\/td>\n<td style=\"text-align: left;\">11,4\u00b10,3<\/td>\n<td style=\"text-align: left;\">155<\/td>\n<td style=\"text-align: left;\">466<\/td>\n<td style=\"text-align: left;\">50<\/td>\n<\/tr>\n<tr>\n<td style=\"text-align: left;\">3\/8&#8243;<\/td>\n<td style=\"text-align: left;\">9,6\u00b10,3<\/td>\n<td style=\"text-align: left;\">14,1\u00b10,3<\/td>\n<td style=\"text-align: left;\">138<\/td>\n<td style=\"text-align: left;\">414<\/td>\n<td style=\"text-align: left;\">55<\/td>\n<\/tr>\n<tr>\n<td style=\"text-align: left;\">1\/2&#8243;<\/td>\n<td style=\"text-align: left;\">12,7\u00b10,3<\/td>\n<td style=\"text-align: left;\">17,2\u00b10,3<\/td>\n<td style=\"text-align: left;\">110<\/td>\n<td style=\"text-align: left;\">331<\/td>\n<td style=\"text-align: left;\">60<\/td>\n<\/tr>\n<tr>\n<td style=\"text-align: left;\">5\/8&#8243;<\/td>\n<td style=\"text-align: left;\">15,7\u00b10,3<\/td>\n<td style=\"text-align: left;\">20,7\u00b10,3<\/td>\n<td style=\"text-align: left;\">95<\/td>\n<td style=\"text-align: left;\">286<\/td>\n<td style=\"text-align: left;\">70<\/td>\n<\/tr>\n<tr>\n<td style=\"text-align: left;\">3\/4&#8243;<\/td>\n<td style=\"text-align: left;\">18,8\u00b10,3<\/td>\n<td style=\"text-align: left;\">23,7\u00b10,3<\/td>\n<td style=\"text-align: left;\">81<\/td>\n<td style=\"text-align: left;\">245<\/td>\n<td style=\"text-align: left;\">80<\/td>\n<\/tr>\n<tr>\n<td style=\"text-align: left;\">1&#8243;<\/td>\n<td style=\"text-align: left;\">25,4\u00b10,3<\/td>\n<td style=\"text-align: left;\">29\u00b10,3<\/td>\n<td style=\"text-align: left;\">70<\/td>\n<td style=\"text-align: left;\">211<\/td>\n<td style=\"text-align: left;\">135<\/td>\n<\/tr>\n<\/tbody>\n<\/table>\n<h3 id=\"applications\">Toepassingen<\/h3>\n<p>De veelzijdigheid van onze <strong>PTFE binnenvlakke buitengegolfde buis<\/strong> maakt het de voorkeurskeuze in tal van sectoren:<\/p>\n<ul>\n<li><strong>Chemische verwerking:<\/strong> Veilig transporteren van bijtende chemicali\u00ebn, zuren en oplosmiddelen.<\/li>\n<li><strong>Farmaceutisch &amp; Biotech:<\/strong> Toepassingen met een hoge zuiverheidsgraad waarbij niet-verontreinigende en steriliseerbare slangen vereist zijn.<\/li>\n<li><strong>Eten en drinken:<\/strong> Het verwerken van producten van levensmiddelenkwaliteit waarbij hygi\u00ebne en niet-besmettende eigenschappen essentieel zijn.<\/li>\n<li><strong>Halfgeleiderproductie:<\/strong> Transport van ultrazuiver water en agressieve reinigingsmiddelen.<\/li>\n<li><strong>Automobiel- en lucht- en ruimtevaart:<\/strong> Wordt gebruikt in vloeistofleidingen voor brandstof-, koelmiddelen- en hydraulische systemen die flexibiliteit en weerstand vereisen.<\/li>\n<li><strong>Laboratorium en onderzoek:<\/strong> Ideaal voor veelzijdige en veeleisende laboratoriumopstellingen.<\/li>\n<\/ul>\n<h3 id=\"why-choose-teflon-x-\">Waarom Teflon X kiezen?<\/h3>\n<p>Bij <a href=\"https:\/\/teflonx.com\/nl\/\" target=\"_blank\" rel=\"noopener\">Teflon-X<\/a>, wij streven naar technische uitmuntendheid en klanttevredenheid. Onze <strong>Interne vlakke externe gegolfde gegolfde slang<\/strong> wordt geproduceerd onder strenge kwaliteitscontroles om consistente prestaties te leveren waarop u kunt vertrouwen. We werken samen met onze klanten om niet alleen een product te leveren, maar een complete oplossing die is afgestemd op hun operationele behoeften.<\/p>\n<h3 id=\"contact-us-for-a-custom-quote\">Neem contact met ons op voor een offerte op maat<\/h3>\n<p>Klaar om uw vloeistofbehandelingssysteem te verbeteren met superieure technologie? Neem contact op met ons deskundige team voor gedetailleerde vragen, verzoeken voor aangepaste afmetingen of om uw specifieke toepassing te bespreken.<\/p>\n<p><strong>E-mailadres:<\/strong> <a href=\"mailto:Allison.Ye@teflonx.com\" target=\"_blank\" rel=\"noopener\">Allison.Ye@teflonx.com<\/a><\/p>\n<p><strong>Bezoek onze contactpagina:<\/strong> <a href=\"https:\/\/teflonx.com\/nl\/neem-contact-met-ons-op\/\" target=\"_blank\" rel=\"noopener\">https:\/\/teflonx.com\/contact-us\/<\/a><\/p>\n<p>Laten <strong>Teflon-X<\/strong> uw vertrouwde partner zijn voor hoogwaardige PTFE-oplossingen.<\/p>","protected":false},"excerpt":{"rendered":"<p>Ontdek de gladde, gegolfde PTFE-slang met binnendiameter, voorzien van een vlak binnenoppervlak voor een effici\u00ebnte stroming en een gegolfde buitenlaag voor verbeterde flexibiliteit bij industri\u00eble vloeistofverwerking. Deze PTFE binnenvlakke en buitengegolfde buis biedt onge\u00ebvenaarde chemische bestendigheid en thermische stabiliteit, waardoor het een uitstekende keuze is voor betrouwbare prestaties.<\/p>\n<p>Bij toepassingen als petrochemische verwerking minimaliseert de Internal Flat External Wave Corrugated Hose turbulentie en ophoping, waardoor schone processen worden gegarandeerd.<\/p>\n<p>Dankzij de PTFE-constructie onderscheidt deze slangvariant van Inner Smooth Bore Outer Corrugated PTFE Tube zich door zijn duurzaamheid en eenvoudige installatie in complexe systemen.<\/p>","protected":false},"featured_media":827,"comment_status":"open","ping_status":"closed","template":"","meta":{"site-sidebar-layout":"default","site-content-layout":"","ast-site-content-layout":"default","site-content-style":"default","site-sidebar-style":"default","ast-global-header-display":"","ast-banner-title-visibility":"","ast-main-header-display":"","ast-hfb-above-header-display":"","ast-hfb-below-header-display":"","ast-hfb-mobile-header-display":"","site-post-title":"","ast-breadcrumbs-content":"","ast-featured-img":"","footer-sml-layout":"","ast-disable-related-posts":"","theme-transparent-header-meta":"default","adv-header-id-meta":"","stick-header-meta":"","header-above-stick-meta":"","header-main-stick-meta":"","header-below-stick-meta":"","astra-migrate-meta-layouts":"set","ast-page-background-enabled":"default","ast-page-background-meta":{"desktop":{"background-color":"var(--ast-global-color-5)","background-image":"","background-repeat":"repeat","background-position":"center center","background-size":"auto","background-attachment":"scroll","background-type":"","background-media":"","overlay-type":"","overlay-color":"","overlay-opacity":"","overlay-gradient":""},"tablet":{"background-color":"","background-image":"","background-repeat":"repeat","background-position":"center center","background-size":"auto","background-attachment":"scroll","background-type":"","background-media":"","overlay-type":"","overlay-color":"","overlay-opacity":"","overlay-gradient":""},"mobile":{"background-color":"","background-image":"","background-repeat":"repeat","background-position":"center center","background-size":"auto","background-attachment":"scroll","background-type":"","background-media":"","overlay-type":"","overlay-color":"","overlay-opacity":"","overlay-gradient":""}},"ast-content-background-meta":{"desktop":{"background-color":"var(--ast-global-color-4)","background-image":"","background-repeat":"repeat","background-position":"center center","background-size":"auto","background-attachment":"scroll","background-type":"","background-media":"","overlay-type":"","overlay-color":"","overlay-opacity":"","overlay-gradient":""},"tablet":{"background-color":"var(--ast-global-color-4)","background-image":"","background-repeat":"repeat","background-position":"center center","background-size":"auto","background-attachment":"scroll","background-type":"","background-media":"","overlay-type":"","overlay-color":"","overlay-opacity":"","overlay-gradient":""},"mobile":{"background-color":"var(--ast-global-color-4)","background-image":"","background-repeat":"repeat","background-position":"center center","background-size":"auto","background-attachment":"scroll","background-type":"","background-media":"","overlay-type":"","overlay-color":"","overlay-opacity":"","overlay-gradient":""}}},"product_brand":[290],"product_cat":[42],"product_tag":[296,295,294],"class_list":{"0":"post-826","1":"product","2":"type-product","3":"status-publish","4":"has-post-thumbnail","6":"product_brand-teflon-x","7":"product_cat-ptfe-corrugated-hoses","8":"product_tag-internal-flat-external-wave-corrugated-hose","9":"product_tag-ptfe-inner-flat-outer-corrugated-pipe","10":"product_tag-smooth-bore-corrugated-ptfe-tubing","11":"desktop-align-left","12":"tablet-align-left","13":"mobile-align-left","15":"first","16":"instock","17":"shipping-taxable","18":"product-type-simple"},"_links":{"self":[{"href":"https:\/\/teflonx.com\/nl\/wp-json\/wp\/v2\/product\/826","targetHints":{"allow":["GET"]}}],"collection":[{"href":"https:\/\/teflonx.com\/nl\/wp-json\/wp\/v2\/product"}],"about":[{"href":"https:\/\/teflonx.com\/nl\/wp-json\/wp\/v2\/types\/product"}],"replies":[{"embeddable":true,"href":"https:\/\/teflonx.com\/nl\/wp-json\/wp\/v2\/comments?post=826"}],"wp:featuredmedia":[{"embeddable":true,"href":"https:\/\/teflonx.com\/nl\/wp-json\/wp\/v2\/media\/827"}],"wp:attachment":[{"href":"https:\/\/teflonx.com\/nl\/wp-json\/wp\/v2\/media?parent=826"}],"wp:term":[{"taxonomy":"product_brand","embeddable":true,"href":"https:\/\/teflonx.com\/nl\/wp-json\/wp\/v2\/product_brand?post=826"},{"taxonomy":"product_cat","embeddable":true,"href":"https:\/\/teflonx.com\/nl\/wp-json\/wp\/v2\/product_cat?post=826"},{"taxonomy":"product_tag","embeddable":true,"href":"https:\/\/teflonx.com\/nl\/wp-json\/wp\/v2\/product_tag?post=826"}],"curies":[{"name":"wp","href":"https:\/\/api.w.org\/{rel}","templated":true}]}}