{"id":1026,"date":"2025-11-25T06:57:52","date_gmt":"2025-11-25T06:57:52","guid":{"rendered":"https:\/\/teflonx.com\/?post_type=product&#038;p=1026"},"modified":"2025-12-30T00:04:41","modified_gmt":"2025-12-30T00:04:41","slug":"waz-w-oplocie-ze-stali-nierdzewnej-ptfe-z-rozszerzeniem","status":"publish","type":"product","link":"https:\/\/teflonx.com\/pl\/product\/waz-w-oplocie-ze-stali-nierdzewnej-ptfe-z-rozszerzeniem\/","title":{"rendered":"W\u0105\u017c PTFE w oplocie ze stali nierdzewnej - wysoka temperatura i ci\u015bnienie"},"content":{"rendered":"<p>Do\u015bwiadcz niezr\u00f3wnanej odporno\u015bci i wszechstronno\u015bci dzi\u0119ki <strong>W\u0105\u017c PTFE w oplocie ze stali nierdzewnej Teflon X z rozszerzanymi ko\u0144c\u00f3wkami<\/strong>precyzyjnie zaprojektowany do pracy w ekstremalnych warunkach wysokiej temperatury i wysokiego ci\u015bnienia w zastosowaniach przemys\u0142owych. Ten trwa\u0142y <strong>W\u0105\u017c PTFE w oplocie ze stali nierdzewnej z rozszerzeniem<\/strong> \u0142\u0105czy w sobie g\u0142adk\u0105 wk\u0142adk\u0119 PTFE z wytrzyma\u0142ym oplotem ze stali nierdzewnej, zapewniaj\u0105c doskona\u0142\u0105 ochron\u0119 przed korozj\u0105, \u015bcieraniem i napr\u0119\u017ceniami termicznymi, zapewniaj\u0105c jednocze\u015bnie wolny od zanieczyszcze\u0144 transfer p\u0142ynu.<\/p>\n<p>Stworzone dla wymagaj\u0105cych \u015brodowisk, nasze <strong>W\u0105\u017c PTFE w oplocie ze stali nierdzewnej z rozszerzeniem<\/strong> posiada rozszerzane ko\u0144c\u00f3wki, kt\u00f3re zapewniaj\u0105 bezpieczne, szczelne uszczelnienie, eliminuj\u0105c martwe przestrzenie i zwi\u0119kszaj\u0105c niezawodno\u015b\u0107 po\u0142\u0105czenia. Wzmocnienie oplotem ze stali nierdzewnej o wysokiej wytrzyma\u0142o\u015bci na rozci\u0105ganie zapewnia wyj\u0105tkow\u0105 wytrzyma\u0142o\u015b\u0107 na rozerwanie i elastyczno\u015b\u0107, dzi\u0119ki czemu ten <strong>W\u0105\u017c PTFE w oplocie ze stali nierdzewnej z rozszerzeniem<\/strong> jest preferowanym wyborem do system\u00f3w hydraulicznych, przetwarzania chemicznego i pracy w wysokich temperaturach, gdzie bezpiecze\u0144stwo i trwa\u0142o\u015b\u0107 maj\u0105 kluczowe znaczenie. Dzi\u0119ki oboj\u0119tno\u015bci chemicznej i w\u0142a\u015bciwo\u015bciom antyadhezyjnym bez trudu radzi sobie z agresywnymi mediami, przewy\u017cszaj\u0105c konwencjonalne w\u0119\u017ce pod wzgl\u0119dem trwa\u0142o\u015bci i wydajno\u015bci.<\/p>\n<h2 id=\"key-features-of-teflon-x-stainless-steel-braided-ptfe-hose-flared\">Kluczowe cechy w\u0119\u017ca PTFE w oplocie ze stali nierdzewnej Teflon X Flared<\/h2>\n<ul>\n<li><strong>Wytrzyma\u0142y oplot ze stali nierdzewnej<\/strong>: Oplot ze stali nierdzewnej 304\/316 o wysokiej wytrzyma\u0142o\u015bci na rozci\u0105ganie zapewnia doskona\u0142\u0105 izolacj\u0119 ci\u015bnieniow\u0105 i odporno\u015b\u0107 na za\u0142amania. <strong>W\u0105\u017c PTFE w oplocie ze stali nierdzewnej z rozszerzeniem<\/strong> w dynamicznych konfiguracjach.<\/li>\n<li><strong>Konstrukcja z rozszerzanymi ko\u0144cami<\/strong>: Konstrukcja Flare-thru zapewnia p\u0142ynn\u0105 integracj\u0119 PTFE ze z\u0142\u0105czk\u0105, zapobiegaj\u0105c wyciekom i zanieczyszczeniom w zespo\u0142ach wysokoci\u015bnieniowych.<\/li>\n<li><strong>Wytrzyma\u0142o\u015b\u0107 na wysokie temperatury<\/strong>: Wk\u0142adka PTFE zachowuje integralno\u015b\u0107 od -65\u00b0F do 500\u00b0F (-54\u00b0C do 260\u00b0C), idealna do pary, gor\u0105cych olej\u00f3w i p\u0142yn\u00f3w kriogenicznych.<\/li>\n<li><strong>Podwy\u017cszone ci\u015bnienie znamionowe<\/strong>: Obs\u0142uguje ci\u015bnienia do 5000 PSI, z ci\u015bnieniem rozrywaj\u0105cym przekraczaj\u0105cym 4-krotno\u015b\u0107 limit\u00f3w roboczych, zapewniaj\u0105c najwy\u017csze bezpiecze\u0144stwo w systemach hydraulicznych i pneumatycznych.<\/li>\n<li><strong>Odporno\u015b\u0107 chemiczna<\/strong>: Zgodny z FDA PTFE jest odporny na kwasy, rozpuszczalniki, paliwa i zasady, zapewniaj\u0105c czysto\u015b\u0107 w ka\u017cdym \u015brodowisku. <strong>W\u0105\u017c PTFE w oplocie ze stali nierdzewnej z rozszerzeniem<\/strong> do zastosowa\u0144 sanitarnych.<\/li>\n<li><strong>Zwi\u0119kszona elastyczno\u015b\u0107<\/strong>: G\u0142adkie lub karbowane otwory umo\u017cliwiaj\u0105 w\u0105skie promienie gi\u0119cia (minimum 4x ID), u\u0142atwiaj\u0105c prowadzenie przewod\u00f3w w ograniczonych przestrzeniach.<\/li>\n<li><strong>Dost\u0119pne warianty przewodz\u0105ce<\/strong>: Statycznie rozpraszaj\u0105cy rdze\u0144 PTFE do uziemienia w atmosferze niebezpiecznej lub wybuchowej.<\/li>\n<li><strong>Konfiguracje z mo\u017cliwo\u015bci\u0105 dostosowania<\/strong>: Dostosowane \u015brednice, d\u0142ugo\u015bci i z\u0142\u0105cza w celu optymalizacji wydajno\u015bci. <strong>W\u0105\u017c PTFE w oplocie ze stali nierdzewnej z rozszerzeniem<\/strong> dla konkretnych potrzeb.<\/li>\n<\/ul>\n<p>Ten <strong>W\u0105\u017c PTFE w oplocie ze stali nierdzewnej z rozszerzeniem<\/strong> z Teflonu X wyznacza standardy niezawodno\u015bci w wysokich temperaturach i pod wysokim ci\u015bnieniem, ograniczaj\u0105c konserwacj\u0119 i wyd\u0142u\u017caj\u0105c \u017cywotno\u015b\u0107 w rygorystycznych warunkach przemys\u0142owych.<\/p>\n<h2 id=\"technical-specifications\">Dane techniczne<\/h2>\n<p>Poni\u017csza tabela przedstawia standardowe parametry dla <strong>W\u0105\u017c PTFE w oplocie ze stali nierdzewnej Teflon X Rozszerzany<\/strong>. Specyfikacje te opieraj\u0105 si\u0119 na wiod\u0105cych w bran\u017cy standardach dla oplatanych w\u0119\u017cy PTFE, gwarantuj\u0105c kompatybilno\u015b\u0107, bezpiecze\u0144stwo i najwy\u017csz\u0105 wydajno\u015b\u0107 w \u015brodowiskach o wysokiej temperaturze i wysokim ci\u015bnieniu.<\/p>\n<table>\n<thead>\n<tr>\n<th>Parametr<\/th>\n<th>Specyfikacja<\/th>\n<th>Szczeg\u00f3\u0142y<\/th>\n<\/tr>\n<\/thead>\n<tbody>\n<tr>\n<td><strong>Materia\u0142 (Liner)<\/strong><\/td>\n<td>PTFE (politetrafluoroetylen)<\/td>\n<td>G\u0142adkie lub karbowane, zgodne z FDA, chemicznie oboj\u0119tne do obs\u0142ugi czystych p\u0142yn\u00f3w; opcje przewodz\u0105ce do kontroli statycznej.<\/td>\n<\/tr>\n<tr>\n<td><strong>Wzmocnienie<\/strong><\/td>\n<td>Oplot ze stali nierdzewnej 304\/316<\/td>\n<td>Pojedynczy lub podw\u00f3jny oplot zwi\u0119kszaj\u0105cy wytrzyma\u0142o\u015b\u0107 na rozci\u0105ganie i odporno\u015b\u0107 na \u015bcieranie w wymagaj\u0105cych zastosowaniach.<\/td>\n<\/tr>\n<tr>\n<td><strong>Okucia ko\u0144cowe<\/strong><\/td>\n<td>Rozszerzone ko\u0144ce (konstrukcja Flare-Thru)<\/td>\n<td>Z\u0142\u0105cza kielichowe JIC 37\u00b0; bezszwowe przej\u015bcie zapobiegaj\u0105ce uwi\u0119zieniu i zapewniaj\u0105ce higieniczne uszczelnienia.<\/td>\n<\/tr>\n<tr>\n<td><strong>Zakres ID<\/strong><\/td>\n<td>1\/4\u2033 do 2\u2033 (6 mm do 50 mm)<\/td>\n<td>Wszechstronny rozmiar dostosowany do wymaga\u0144 przep\u0142ywu; dost\u0119pne niestandardowe wyt\u0142oczenia.<\/td>\n<\/tr>\n<tr>\n<td><strong>Zakres OD<\/strong><\/td>\n<td>0,5\u2033 do 3\u2033 (12 mm do 76 mm)<\/td>\n<td>Skalowane z warstwami oplotu dla optymalnej r\u00f3wnowagi ci\u015bnienia i elastyczno\u015bci.<\/td>\n<\/tr>\n<tr>\n<td><strong>Maksymalne ci\u015bnienie robocze<\/strong><\/td>\n<td>Do 5000 PSI (345 bar\u00f3w)<\/td>\n<td>Dostosowany do rozmiaru; pe\u0142na zdolno\u015b\u0107 pr\u00f3\u017cniowa i test na rozerwanie do 4x ci\u015bnienia roboczego.<\/td>\n<\/tr>\n<tr>\n<td><strong>Zakres temperatur<\/strong><\/td>\n<td>-65\u00b0F do 500\u00b0F (-54\u00b0C do 260\u00b0C)<\/td>\n<td>Doskonale sprawdza si\u0119 w ekstremalnych cyklach termicznych, nadaje si\u0119 do pracy w parze i kriogenice.<\/td>\n<\/tr>\n<tr>\n<td><strong>Promie\u0144 gi\u0119cia<\/strong><\/td>\n<td>4x ID (minimum)<\/td>\n<td>Utrzymuje integralno\u015b\u0107 strukturaln\u0105 i wydajno\u015b\u0107 przep\u0142ywu podczas zginania.<\/td>\n<\/tr>\n<tr>\n<td><strong>D\u0142ugo\u015b\u0107<\/strong><\/td>\n<td>Do 100 st\u00f3p (30 m) na zesp\u00f3\u0142<\/td>\n<td>Niestandardowa produkcja dla d\u0142u\u017cszych przebieg\u00f3w lub kompaktowych instalacji.<\/td>\n<\/tr>\n<tr>\n<td><strong>Zgodno\u015b\u0107 z normami<\/strong><\/td>\n<td>SAE 100R14, FDA, USP klasa VI, 3-A<\/td>\n<td>Zgodno\u015b\u0107 z normami hydraulicznymi, sanitarnymi i jako\u015bciowymi dla \u015bwiatowych bran\u017c.<\/td>\n<\/tr>\n<tr>\n<td><strong>Przewodno\u015b\u0107<\/strong><\/td>\n<td>Opcjonalny rozpraszaj\u0105cy \u0142adunki elektrostatyczne PTFE<\/td>\n<td>Wbudowana \u015bcie\u017cka uziemienia zapewnia zgodno\u015b\u0107 z normami ATEX\/IECEx w \u015brodowiskach niestabilnych.<\/td>\n<\/tr>\n<\/tbody>\n<\/table>\n<p><em>Uwaga: Specyfikacje mog\u0105 by\u0107 dostosowane do niestandardowych konstrukcji. Skontaktuj si\u0119 z Teflon X, aby uzyska\u0107 szczeg\u00f3\u0142owe certyfikaty, warto\u015bci znamionowe ci\u015bnienia i wsparcie in\u017cynieryjne dostosowane do Twoich potrzeb. <strong>W\u0105\u017c PTFE w oplocie ze stali nierdzewnej z rozszerzeniem<\/strong> projekt.<\/em><\/p>\n<h2 id=\"applications\">Aplikacje<\/h2>\n<p>Ten <strong>W\u0105\u017c PTFE w oplocie ze stali nierdzewnej Teflon X Rozszerzany<\/strong> rozwija si\u0119 w sektorach o wysokiej stawce, wymagaj\u0105cych solidnego, wysokotemperaturowego i wysokoci\u015bnieniowego zarz\u0105dzania p\u0142ynami:<\/p>\n<ul>\n<li><strong>Systemy hydrauliczne i pneumatyczne<\/strong>: Zasilanie ci\u0119\u017ckiego sprz\u0119tu, pras i si\u0142ownik\u00f3w za pomoc\u0105 niezawodnego przenoszenia wysokiego ci\u015bnienia.<\/li>\n<li><strong>Przetwarzanie chemiczne i petrochemiczne<\/strong>: Transport p\u0142yn\u00f3w korozyjnych, rozpuszczalnik\u00f3w i gaz\u00f3w w rafineriach i laboratoriach.<\/li>\n<li><strong>\u017bywno\u015b\u0107, farmacja i biotechnologia<\/strong>: Higieniczna obs\u0142uga produkt\u00f3w spo\u017cywczych, substancji czynnych (API) i lek\u00f3w biologicznych z wolnymi od zanieczyszcze\u0144 \u015bcie\u017ckami.<\/li>\n<li><strong>Przemys\u0142 lotniczy i motoryzacyjny<\/strong>: Przewody paliwa, ch\u0142odziwa i hydrauliczne odporne na wibracje i ekstremalne temperatury.<\/li>\n<li><strong>Transfer pary i gor\u0105cego oleju<\/strong>: Przemys\u0142owe systemy grzewcze korzystaj\u0105ce z nieprzywieraj\u0105cych i odpornych na ciep\u0142o w\u0142a\u015bciwo\u015bci PTFE.<\/li>\n<\/ul>\n<p>Ten <strong>W\u0105\u017c PTFE w oplocie ze stali nierdzewnej z rozszerzeniem<\/strong> zwi\u0119ksza wydajno\u015b\u0107 systemu, minimalizuj\u0105c spadki ci\u015bnienia i zapewniaj\u0105c sta\u0142\u0105 wydajno\u015b\u0107 pod presj\u0105.<\/p>\n<h2 id=\"why-choose-teflon-x-\">Dlaczego warto wybra\u0107 Teflon X?<\/h2>\n<p>Teflon X wyr\u00f3\u017cnia si\u0119 w dostarczaniu innowacyjnych rozwi\u0105za\u0144 PTFE, takich jak <strong>W\u0105\u017c PTFE w oplocie ze stali nierdzewnej z rozszerzeniem<\/strong>poparte rygorystycznymi testami i specjalistyczn\u0105 wiedz\u0105 w zakresie dostosowywania. Zaufaj nam w zakresie produkt\u00f3w, kt\u00f3re zabezpieczaj\u0105 Twoje operacje i zwi\u0119kszaj\u0105 produktywno\u015b\u0107. Dowiedz si\u0119 wi\u0119cej na stronie <a href=\"https:\/\/teflonx.com\/pl\/\" target=\"_blank\" rel=\"noopener\">Teflon X<\/a>.<\/p>\n<p>Wyceny, pr\u00f3bki lub indywidualne zam\u00f3wienia <strong>W\u0105\u017c PTFE w oplocie ze stali nierdzewnej z rozszerzeniem<\/strong> projekty, odwied\u017a nasz\u0105 stron\u0119 <a href=\"https:\/\/teflonx.com\/pl\/skontaktuj-sie-z-nami\/\" target=\"_blank\" rel=\"noopener\">Strona kontaktowa<\/a> lub e-mail <strong>Allison.Ye@teflonx.com<\/strong>. Nasi specjali\u015bci s\u0105 przygotowani, aby zaspokoi\u0107 Twoje potrzeby w zakresie wysokiej wydajno\u015bci!<\/p>\n<hr \/>","protected":false},"excerpt":{"rendered":"<p>Wytrzyma\u0142y w\u0105\u017c PTFE w oplocie ze stali nierdzewnej z rozszerzanymi ko\u0144c\u00f3wkami Teflon X. Zbudowany do pracy w wysokich temperaturach i pod wysokim ci\u015bnieniem. Ten w\u0105\u017c PTFE w oplocie zapewnia doskona\u0142\u0105 trwa\u0142o\u015b\u0107 i bezpiecze\u0144stwo.<\/p>","protected":false},"featured_media":1027,"comment_status":"open","ping_status":"closed","template":"","meta":{"site-sidebar-layout":"default","site-content-layout":"","ast-site-content-layout":"default","site-content-style":"default","site-sidebar-style":"default","ast-global-header-display":"","ast-banner-title-visibility":"","ast-main-header-display":"","ast-hfb-above-header-display":"","ast-hfb-below-header-display":"","ast-hfb-mobile-header-display":"","site-post-title":"","ast-breadcrumbs-content":"","ast-featured-img":"","footer-sml-layout":"","theme-transparent-header-meta":"default","adv-header-id-meta":"","stick-header-meta":"","header-above-stick-meta":"","header-main-stick-meta":"","header-below-stick-meta":"","astra-migrate-meta-layouts":"set","ast-page-background-enabled":"default","ast-page-background-meta":{"desktop":{"background-color":"var(--ast-global-color-5)","background-image":"","background-repeat":"repeat","background-position":"center center","background-size":"auto","background-attachment":"scroll","background-type":"","background-media":"","overlay-type":"","overlay-color":"","overlay-opacity":"","overlay-gradient":""},"tablet":{"background-color":"","background-image":"","background-repeat":"repeat","background-position":"center center","background-size":"auto","background-attachment":"scroll","background-type":"","background-media":"","overlay-type":"","overlay-color":"","overlay-opacity":"","overlay-gradient":""},"mobile":{"background-color":"","background-image":"","background-repeat":"repeat","background-position":"center center","background-size":"auto","background-attachment":"scroll","background-type":"","background-media":"","overlay-type":"","overlay-color":"","overlay-opacity":"","overlay-gradient":""}},"ast-content-background-meta":{"desktop":{"background-color":"var(--ast-global-color-4)","background-image":"","background-repeat":"repeat","background-position":"center center","background-size":"auto","background-attachment":"scroll","background-type":"","background-media":"","overlay-type":"","overlay-color":"","overlay-opacity":"","overlay-gradient":""},"tablet":{"background-color":"var(--ast-global-color-4)","background-image":"","background-repeat":"repeat","background-position":"center center","background-size":"auto","background-attachment":"scroll","background-type":"","background-media":"","overlay-type":"","overlay-color":"","overlay-opacity":"","overlay-gradient":""},"mobile":{"background-color":"var(--ast-global-color-4)","background-image":"","background-repeat":"repeat","background-position":"center center","background-size":"auto","background-attachment":"scroll","background-type":"","background-media":"","overlay-type":"","overlay-color":"","overlay-opacity":"","overlay-gradient":""}}},"product_brand":[290],"product_cat":[40],"product_tag":[455,453,454,456,446,457],"class_list":{"0":"post-1026","1":"product","2":"type-product","3":"status-publish","4":"has-post-thumbnail","6":"product_brand-teflon-x","7":"product_cat-ptfe-tubes","8":"product_tag-flexible-metal-hose","9":"product_tag-high-temperature-hose","10":"product_tag-metal-braided-hose","11":"product_tag-pressure-hose-assembly","12":"product_tag-ss-braided-hose","13":"product_tag-stainless-steel-braided-ptfe-hose-flared","14":"desktop-align-left","15":"tablet-align-left","16":"mobile-align-left","18":"first","19":"instock","20":"shipping-taxable","21":"product-type-simple"},"_links":{"self":[{"href":"https:\/\/teflonx.com\/pl\/wp-json\/wp\/v2\/product\/1026","targetHints":{"allow":["GET"]}}],"collection":[{"href":"https:\/\/teflonx.com\/pl\/wp-json\/wp\/v2\/product"}],"about":[{"href":"https:\/\/teflonx.com\/pl\/wp-json\/wp\/v2\/types\/product"}],"replies":[{"embeddable":true,"href":"https:\/\/teflonx.com\/pl\/wp-json\/wp\/v2\/comments?post=1026"}],"wp:featuredmedia":[{"embeddable":true,"href":"https:\/\/teflonx.com\/pl\/wp-json\/wp\/v2\/media\/1027"}],"wp:attachment":[{"href":"https:\/\/teflonx.com\/pl\/wp-json\/wp\/v2\/media?parent=1026"}],"wp:term":[{"taxonomy":"product_brand","embeddable":true,"href":"https:\/\/teflonx.com\/pl\/wp-json\/wp\/v2\/product_brand?post=1026"},{"taxonomy":"product_cat","embeddable":true,"href":"https:\/\/teflonx.com\/pl\/wp-json\/wp\/v2\/product_cat?post=1026"},{"taxonomy":"product_tag","embeddable":true,"href":"https:\/\/teflonx.com\/pl\/wp-json\/wp\/v2\/product_tag?post=1026"}],"curies":[{"name":"wp","href":"https:\/\/api.w.org\/{rel}","templated":true}]}}